{"id":2845,"date":"2023-10-30T14:12:29","date_gmt":"2023-10-30T14:12:29","guid":{"rendered":"https:\/\/skinglam.si\/?post_type=product&#038;p=2845"},"modified":"2026-04-18T17:55:27","modified_gmt":"2026-04-18T17:55:27","slug":"beauty-of-joseon-ginseng-cleansing-oil-210ml","status":"publish","type":"product","link":"https:\/\/skinglam.eu\/es\/producto\/beauty-of-joseon-ginseng-cleansing-oil-210ml\/","title":{"rendered":"Beauty of Joseon Ginseng Cleansing Oil 210ml"},"content":{"rendered":"<p>En Beauty of Joseon valoran la limpieza como el paso m\u00e1s importante en el cuidado de la piel. Si se descuida, las impurezas de la piel y el sebo pueden acumularse en los poros, lo que podr\u00eda causar inflamaci\u00f3n de la piel. Este aceite limpiador emulsiona y elimina suavemente estas impurezas, asegurando un cutis limpio y fresco.<\/p>\n<p>Con el tiempo, el equipo del BOJ ha probado numerosos productos para encontrar el aceite base perfecto para su soluci\u00f3n limpiadora. Seleccionaron aceite de glicina de soja como base por sus propiedades limpiadoras ligeras pero potentes, que eliminan eficazmente la suciedad, el sebo y los residuos de maquillaje. Enriquecido con aceite de semilla de ginseng, este aceite limpiador imparte un aroma sutil y calmante, transformando tu rutina de cuidado de la piel en un ritual pac\u00edfico.<\/p>\n<p>Limpieza profunda<br \/>\nEl aceite de soja se utiliza como ingrediente base para disolver suavemente la suciedad, los desechos y los residuos de maquillaje que se acumulan en la piel.<\/p>\n<p>Tecnolog\u00eda de limpieza micelar<br \/>\nLa micelar es una part\u00edcula compuesta de agua y aceite. Cuando entra en contacto con la piel, las mol\u00e9culas de aceite atraen y absorben los desechos y los residuos de maquillaje como un im\u00e1n, mientras suministran humedad en lo profundo de la piel.<\/p>\n<p>Ingredientes principales<\/p>\n<p>Aceite de soja 50%<br \/>\nEste es un aceite agradable para la piel extra\u00eddo de la glicina de soja que consta de \u00e1cido oleico, \u00e1cido linoleico y \u00e1cido linol\u00e9nico. Disuelve suavemente los desechos sin obstruir los poros de la piel y, al mismo tiempo, act\u00faa como agente acondicionador para suavizar la piel.<\/p>\n<p>Aceite de semilla de ginseng 0.1%<br \/>\nEl aceite de semilla de ginseng ayuda a proteger la piel de est\u00edmulos externos. Adem\u00e1s, su exclusivo aroma a hierba, saludable y acogedor, te ayuda a disfrutar de la limpieza con mayor comodidad.<\/p>\n<p>*Las descripciones de ingredientes anteriores se limitan a las caracter\u00edsticas de las materias primas.<\/p>","protected":false},"excerpt":{"rendered":"<p>At Beauty of Joseon, they value cleansing as the most important step in skincare. If neglected, skin impurities and sebum can build up in your&#8230;<\/p>","protected":false},"featured_media":4373,"comment_status":"open","ping_status":"closed","template":"","meta":{"_monsterinsights_skip_tracking":false,"_monsterinsights_sitenote_active":false,"_monsterinsights_sitenote_note":"","_monsterinsights_sitenote_category":0,"_uf_show_specific_survey":0,"_uf_disable_surveys":false},"etheme_brands":[],"product_cat":[137,141,142,143,63],"product_tag":[],"class_list":{"0":"post-2845","1":"product","2":"type-product","3":"status-publish","4":"has-post-thumbnail","6":"product_cat-combination","7":"product_cat-normal","8":"product_cat-oil-pore-control","9":"product_cat-oily","10":"product_cat-cleansing-balmsoils","12":"first","13":"outofstock","14":"shipping-taxable","15":"purchasable","16":"product-type-simple"},"yoast_head":"<!-- This site is optimized with the Yoast SEO plugin v24.3 - https:\/\/yoast.com\/wordpress\/plugins\/seo\/ -->\n<title>Beauty of Joseon Ginseng Cleansing Oil 210ml - Skin Glam<\/title>\n<meta name=\"robots\" content=\"index, follow, max-snippet:-1, max-image-preview:large, max-video-preview:-1\" \/>\n<link rel=\"canonical\" href=\"https:\/\/skinglam.eu\/es\/producto\/beauty-of-joseon-ginseng-cleansing-oil-210ml\/\" \/>\n<meta property=\"og:locale\" content=\"es_ES\" \/>\n<meta property=\"og:type\" content=\"article\" \/>\n<meta property=\"og:title\" content=\"Beauty of Joseon Ginseng Cleansing Oil 210ml - Skin Glam\" \/>\n<meta property=\"og:description\" content=\"At Beauty of Joseon, they value cleansing as the most important step in skincare. If neglected, skin impurities and sebum can build up in your...\" \/>\n<meta property=\"og:url\" content=\"https:\/\/skinglam.eu\/es\/producto\/beauty-of-joseon-ginseng-cleansing-oil-210ml\/\" \/>\n<meta property=\"og:site_name\" content=\"Skin Glam\" \/>\n<meta property=\"article:publisher\" content=\"https:\/\/www.instagram.com\/skinglam.si\" \/>\n<meta property=\"article:modified_time\" content=\"2026-04-18T17:55:27+00:00\" \/>\n<meta property=\"og:image\" content=\"https:\/\/skinglam.eu\/wp-content\/uploads\/2023\/10\/boj_ginseng_cleansing_oil.jpg\" \/>\n\t<meta property=\"og:image:width\" content=\"971\" \/>\n\t<meta property=\"og:image:height\" content=\"972\" \/>\n\t<meta property=\"og:image:type\" content=\"image\/jpeg\" \/>\n<meta name=\"twitter:card\" content=\"summary_large_image\" \/>\n<meta name=\"twitter:label1\" content=\"Tiempo de lectura\" \/>\n\t<meta name=\"twitter:data1\" content=\"1 minuto\" \/>\n<script type=\"application\/ld+json\" class=\"yoast-schema-graph\">{\"@context\":\"https:\/\/schema.org\",\"@graph\":[{\"@type\":\"WebPage\",\"@id\":\"https:\/\/skinglam.eu\/en\/product\/beauty-of-joseon-ginseng-cleansing-oil-210ml\/\",\"url\":\"https:\/\/skinglam.eu\/en\/product\/beauty-of-joseon-ginseng-cleansing-oil-210ml\/\",\"name\":\"Beauty of Joseon Ginseng Cleansing Oil 210ml - Skin Glam\",\"isPartOf\":{\"@id\":\"https:\/\/skinglam.eu\/hr\/#website\"},\"primaryImageOfPage\":{\"@id\":\"https:\/\/skinglam.eu\/en\/product\/beauty-of-joseon-ginseng-cleansing-oil-210ml\/#primaryimage\"},\"image\":{\"@id\":\"https:\/\/skinglam.eu\/en\/product\/beauty-of-joseon-ginseng-cleansing-oil-210ml\/#primaryimage\"},\"thumbnailUrl\":\"https:\/\/skinglam.eu\/wp-content\/uploads\/2023\/10\/boj_ginseng_cleansing_oil.jpg\",\"datePublished\":\"2023-10-30T14:12:29+00:00\",\"dateModified\":\"2026-04-18T17:55:27+00:00\",\"breadcrumb\":{\"@id\":\"https:\/\/skinglam.eu\/en\/product\/beauty-of-joseon-ginseng-cleansing-oil-210ml\/#breadcrumb\"},\"inLanguage\":\"es\",\"potentialAction\":[{\"@type\":\"ReadAction\",\"target\":[\"https:\/\/skinglam.eu\/en\/product\/beauty-of-joseon-ginseng-cleansing-oil-210ml\/\"]}]},{\"@type\":\"ImageObject\",\"inLanguage\":\"es\",\"@id\":\"https:\/\/skinglam.eu\/en\/product\/beauty-of-joseon-ginseng-cleansing-oil-210ml\/#primaryimage\",\"url\":\"https:\/\/skinglam.eu\/wp-content\/uploads\/2023\/10\/boj_ginseng_cleansing_oil.jpg\",\"contentUrl\":\"https:\/\/skinglam.eu\/wp-content\/uploads\/2023\/10\/boj_ginseng_cleansing_oil.jpg\",\"width\":971,\"height\":972},{\"@type\":\"BreadcrumbList\",\"@id\":\"https:\/\/skinglam.eu\/en\/product\/beauty-of-joseon-ginseng-cleansing-oil-210ml\/#breadcrumb\",\"itemListElement\":[{\"@type\":\"ListItem\",\"position\":1,\"name\":\"Home\",\"item\":\"https:\/\/skinglam.eu\/\"},{\"@type\":\"ListItem\",\"position\":2,\"name\":\"Shop\",\"item\":\"https:\/\/skinglam.eu\/hr\/shop\/\"},{\"@type\":\"ListItem\",\"position\":3,\"name\":\"Beauty of Joseon Ginseng Cleansing Oil 210ml\"}]},{\"@type\":\"WebSite\",\"@id\":\"https:\/\/skinglam.eu\/hr\/#website\",\"url\":\"https:\/\/skinglam.eu\/hr\/\",\"name\":\"Skin Glam\",\"description\":\"K-beauty Shop\",\"publisher\":{\"@id\":\"https:\/\/skinglam.eu\/hr\/#organization\"},\"potentialAction\":[{\"@type\":\"SearchAction\",\"target\":{\"@type\":\"EntryPoint\",\"urlTemplate\":\"https:\/\/skinglam.eu\/hr\/?s={search_term_string}\"},\"query-input\":{\"@type\":\"PropertyValueSpecification\",\"valueRequired\":true,\"valueName\":\"search_term_string\"}}],\"inLanguage\":\"es\"},{\"@type\":\"Organization\",\"@id\":\"https:\/\/skinglam.eu\/hr\/#organization\",\"name\":\"SkinGlam d.o.o.\",\"url\":\"https:\/\/skinglam.eu\/hr\/\",\"logo\":{\"@type\":\"ImageObject\",\"inLanguage\":\"es\",\"@id\":\"https:\/\/skinglam.eu\/hr\/#\/schema\/logo\/image\/\",\"url\":\"https:\/\/skinglam.eu\/wp-content\/uploads\/2024\/09\/logo.jpg\",\"contentUrl\":\"https:\/\/skinglam.eu\/wp-content\/uploads\/2024\/09\/logo.jpg\",\"width\":883,\"height\":833,\"caption\":\"SkinGlam d.o.o.\"},\"image\":{\"@id\":\"https:\/\/skinglam.eu\/hr\/#\/schema\/logo\/image\/\"},\"sameAs\":[\"https:\/\/www.instagram.com\/skinglam.si\"]}]}<\/script>\n<!-- \/ Yoast SEO plugin. -->","yoast_head_json":{"title":"Beauty of Joseon Ginseng Cleansing Oil 210ml - Skin Glam","robots":{"index":"index","follow":"follow","max-snippet":"max-snippet:-1","max-image-preview":"max-image-preview:large","max-video-preview":"max-video-preview:-1"},"canonical":"https:\/\/skinglam.eu\/es\/producto\/beauty-of-joseon-ginseng-cleansing-oil-210ml\/","og_locale":"es_ES","og_type":"article","og_title":"Beauty of Joseon Ginseng Cleansing Oil 210ml - Skin Glam","og_description":"At Beauty of Joseon, they value cleansing as the most important step in skincare. If neglected, skin impurities and sebum can build up in your...","og_url":"https:\/\/skinglam.eu\/es\/producto\/beauty-of-joseon-ginseng-cleansing-oil-210ml\/","og_site_name":"Skin Glam","article_publisher":"https:\/\/www.instagram.com\/skinglam.si","article_modified_time":"2026-04-18T17:55:27+00:00","og_image":[{"width":971,"height":972,"url":"https:\/\/skinglam.eu\/wp-content\/uploads\/2023\/10\/boj_ginseng_cleansing_oil.jpg","type":"image\/jpeg"}],"twitter_card":"summary_large_image","twitter_misc":{"Tiempo de lectura":"1 minuto"},"schema":{"@context":"https:\/\/schema.org","@graph":[{"@type":"WebPage","@id":"https:\/\/skinglam.eu\/en\/product\/beauty-of-joseon-ginseng-cleansing-oil-210ml\/","url":"https:\/\/skinglam.eu\/en\/product\/beauty-of-joseon-ginseng-cleansing-oil-210ml\/","name":"Beauty of Joseon Ginseng Cleansing Oil 210ml - Skin Glam","isPartOf":{"@id":"https:\/\/skinglam.eu\/hr\/#website"},"primaryImageOfPage":{"@id":"https:\/\/skinglam.eu\/en\/product\/beauty-of-joseon-ginseng-cleansing-oil-210ml\/#primaryimage"},"image":{"@id":"https:\/\/skinglam.eu\/en\/product\/beauty-of-joseon-ginseng-cleansing-oil-210ml\/#primaryimage"},"thumbnailUrl":"https:\/\/skinglam.eu\/wp-content\/uploads\/2023\/10\/boj_ginseng_cleansing_oil.jpg","datePublished":"2023-10-30T14:12:29+00:00","dateModified":"2026-04-18T17:55:27+00:00","breadcrumb":{"@id":"https:\/\/skinglam.eu\/en\/product\/beauty-of-joseon-ginseng-cleansing-oil-210ml\/#breadcrumb"},"inLanguage":"es","potentialAction":[{"@type":"ReadAction","target":["https:\/\/skinglam.eu\/en\/product\/beauty-of-joseon-ginseng-cleansing-oil-210ml\/"]}]},{"@type":"ImageObject","inLanguage":"es","@id":"https:\/\/skinglam.eu\/en\/product\/beauty-of-joseon-ginseng-cleansing-oil-210ml\/#primaryimage","url":"https:\/\/skinglam.eu\/wp-content\/uploads\/2023\/10\/boj_ginseng_cleansing_oil.jpg","contentUrl":"https:\/\/skinglam.eu\/wp-content\/uploads\/2023\/10\/boj_ginseng_cleansing_oil.jpg","width":971,"height":972},{"@type":"BreadcrumbList","@id":"https:\/\/skinglam.eu\/en\/product\/beauty-of-joseon-ginseng-cleansing-oil-210ml\/#breadcrumb","itemListElement":[{"@type":"ListItem","position":1,"name":"Home","item":"https:\/\/skinglam.eu\/"},{"@type":"ListItem","position":2,"name":"Shop","item":"https:\/\/skinglam.eu\/hr\/shop\/"},{"@type":"ListItem","position":3,"name":"Beauty of Joseon Ginseng Cleansing Oil 210ml"}]},{"@type":"WebSite","@id":"https:\/\/skinglam.eu\/hr\/#website","url":"https:\/\/skinglam.eu\/hr\/","name":"Skin Glam","description":"K-beauty Shop","publisher":{"@id":"https:\/\/skinglam.eu\/hr\/#organization"},"potentialAction":[{"@type":"SearchAction","target":{"@type":"EntryPoint","urlTemplate":"https:\/\/skinglam.eu\/hr\/?s={search_term_string}"},"query-input":{"@type":"PropertyValueSpecification","valueRequired":true,"valueName":"search_term_string"}}],"inLanguage":"es"},{"@type":"Organization","@id":"https:\/\/skinglam.eu\/hr\/#organization","name":"SkinGlam d.o.o.","url":"https:\/\/skinglam.eu\/hr\/","logo":{"@type":"ImageObject","inLanguage":"es","@id":"https:\/\/skinglam.eu\/hr\/#\/schema\/logo\/image\/","url":"https:\/\/skinglam.eu\/wp-content\/uploads\/2024\/09\/logo.jpg","contentUrl":"https:\/\/skinglam.eu\/wp-content\/uploads\/2024\/09\/logo.jpg","width":883,"height":833,"caption":"SkinGlam d.o.o."},"image":{"@id":"https:\/\/skinglam.eu\/hr\/#\/schema\/logo\/image\/"},"sameAs":["https:\/\/www.instagram.com\/skinglam.si"]}]}},"_links":{"self":[{"href":"https:\/\/skinglam.eu\/es\/wp-json\/wp\/v2\/product\/2845","targetHints":{"allow":["GET"]}}],"collection":[{"href":"https:\/\/skinglam.eu\/es\/wp-json\/wp\/v2\/product"}],"about":[{"href":"https:\/\/skinglam.eu\/es\/wp-json\/wp\/v2\/types\/product"}],"replies":[{"embeddable":true,"href":"https:\/\/skinglam.eu\/es\/wp-json\/wp\/v2\/comments?post=2845"}],"version-history":[{"count":2,"href":"https:\/\/skinglam.eu\/es\/wp-json\/wp\/v2\/product\/2845\/revisions"}],"predecessor-version":[{"id":4299,"href":"https:\/\/skinglam.eu\/es\/wp-json\/wp\/v2\/product\/2845\/revisions\/4299"}],"wp:featuredmedia":[{"embeddable":true,"href":"https:\/\/skinglam.eu\/es\/wp-json\/wp\/v2\/media\/4373"}],"wp:attachment":[{"href":"https:\/\/skinglam.eu\/es\/wp-json\/wp\/v2\/media?parent=2845"}],"wp:term":[{"taxonomy":"brand","embeddable":true,"href":"https:\/\/skinglam.eu\/es\/wp-json\/wp\/v2\/etheme_brands?post=2845"},{"taxonomy":"product_cat","embeddable":true,"href":"https:\/\/skinglam.eu\/es\/wp-json\/wp\/v2\/product_cat?post=2845"},{"taxonomy":"product_tag","embeddable":true,"href":"https:\/\/skinglam.eu\/es\/wp-json\/wp\/v2\/product_tag?post=2845"}],"curies":[{"name":"wp","href":"https:\/\/api.w.org\/{rel}","templated":true}]}}