{"id":2927,"date":"2023-10-31T12:55:07","date_gmt":"2023-10-31T12:55:07","guid":{"rendered":"https:\/\/skinglam.si\/?post_type=product&#038;p=2927"},"modified":"2026-04-20T12:27:29","modified_gmt":"2026-04-20T12:27:29","slug":"dear-klairs-all-day-airy-sunscreen-spf50-pa-50ml","status":"publish","type":"product","link":"https:\/\/skinglam.eu\/es\/producto\/dear-klairs-all-day-airy-sunscreen-spf50-pa-50ml\/","title":{"rendered":"Dear, Klairs All-day Airy Sunscreen SPF50+ PA++++ 50ml"},"content":{"rendered":"<p>La K-beauty contin\u00faa liderando la innovaci\u00f3n en el cuidado de la piel, y el nuevo FPS vegano de Klair es un excelente ejemplo de este progreso. Este protector solar de \u00faltima generaci\u00f3n combina una textura excepcional, f\u00e1cil aplicaci\u00f3n y una protecci\u00f3n UV superior.<br \/>\nEl protector solar All-Day Airy no es solo protector solar; es hidratante y protector solar en uno, con una textura en gel a base de agua que se desliza f\u00e1cilmente sobre la piel, absorbi\u00e9ndose sin formar bolitas ni dejar residuos blancos y pegajosos. Es una f\u00f3rmula ideal para usar a diario debajo del maquillaje.<br \/>\nCon una f\u00f3rmula \u00fanica en gel a base de agua, este FPS humectante ayuda a proteger tu piel de los da\u00f1inos rayos UV.<br \/>\nAdem\u00e1s, esta f\u00f3rmula es adecuada para todo tipo de piel, por lo que es una opci\u00f3n segura incluso para aquellas personas con piel sensible o reactiva.<\/p>\n<p>Ingredientes principales:<br \/>\n\u2022 Extracto de hoja de Aloe Barbadensis: conocido por sus propiedades calmantes e hidratantes, este ingrediente ayuda a mantener la piel hidratada y calmada.<br \/>\n\u2022 Verdolaga: ofrece propiedades calmantes, relajantes e hidratantes.<br \/>\n\u2022 Extracto de jengibre: ayuda a mantener los niveles de col\u00e1geno de la piel y act\u00faa para prevenir la formaci\u00f3n de manchas oscuras e imperfecciones.<\/p>\n<p>*Las descripciones de ingredientes anteriores se limitan a las caracter\u00edsticas de las materias primas.<\/p>","protected":false},"excerpt":{"rendered":"<p>K-beauty continues to lead the way in skincare innovation, and Klairs new vegan SPF is a prime example of this progress. This next-generation sunscreen combines&#8230;<\/p>","protected":false},"featured_media":2928,"comment_status":"open","ping_status":"closed","template":"","meta":{"_monsterinsights_skip_tracking":false,"_monsterinsights_sitenote_active":false,"_monsterinsights_sitenote_note":"","_monsterinsights_sitenote_category":0,"_uf_show_specific_survey":0,"_uf_disable_surveys":false},"etheme_brands":[],"product_cat":[137,141,68],"product_tag":[],"class_list":{"0":"post-2927","1":"product","2":"type-product","3":"status-publish","4":"has-post-thumbnail","6":"product_cat-combination","7":"product_cat-normal","8":"product_cat-sun-care","10":"first","11":"outofstock","12":"sale","13":"shipping-taxable","14":"purchasable","15":"product-type-simple"},"yoast_head":"<!-- This site is optimized with the Yoast SEO plugin v24.3 - https:\/\/yoast.com\/wordpress\/plugins\/seo\/ -->\n<title>Dear, Klairs All-day Airy Sunscreen SPF50+ PA++++ 50ml - Skin Glam<\/title>\n<meta name=\"robots\" content=\"index, follow, max-snippet:-1, max-image-preview:large, max-video-preview:-1\" \/>\n<link rel=\"canonical\" href=\"https:\/\/skinglam.eu\/es\/izdelek\/dear-klairs-all-day-airy-sunscreen-spf50-pa-50ml\/\" \/>\n<meta property=\"og:locale\" content=\"es_ES\" \/>\n<meta property=\"og:type\" content=\"article\" \/>\n<meta property=\"og:title\" content=\"Dear, Klairs All-day Airy Sunscreen SPF50+ PA++++ 50ml - Skin Glam\" \/>\n<meta property=\"og:description\" content=\"K-beauty continues to lead the way in skincare innovation, and Klairs new vegan SPF is a prime example of this progress. This next-generation sunscreen combines...\" \/>\n<meta property=\"og:url\" content=\"https:\/\/skinglam.eu\/es\/izdelek\/dear-klairs-all-day-airy-sunscreen-spf50-pa-50ml\/\" \/>\n<meta property=\"og:site_name\" content=\"Skin Glam\" \/>\n<meta property=\"article:publisher\" content=\"https:\/\/www.instagram.com\/skinglam.si\" \/>\n<meta property=\"article:modified_time\" content=\"2026-04-20T12:27:29+00:00\" \/>\n<meta property=\"og:image\" content=\"https:\/\/skinglam.eu\/wp-content\/uploads\/2023\/10\/Dear-Klairs-SPF.webp\" \/>\n\t<meta property=\"og:image:width\" content=\"640\" \/>\n\t<meta property=\"og:image:height\" content=\"640\" \/>\n\t<meta property=\"og:image:type\" content=\"image\/webp\" \/>\n<meta name=\"twitter:card\" content=\"summary_large_image\" \/>\n<meta name=\"twitter:label1\" content=\"Tiempo de lectura\" \/>\n\t<meta name=\"twitter:data1\" content=\"1 minuto\" \/>\n<script type=\"application\/ld+json\" class=\"yoast-schema-graph\">{\"@context\":\"https:\/\/schema.org\",\"@graph\":[{\"@type\":\"WebPage\",\"@id\":\"https:\/\/skinglam.eu\/sl\/izdelek\/dear-klairs-all-day-airy-sunscreen-spf50-pa-50ml\/\",\"url\":\"https:\/\/skinglam.eu\/sl\/izdelek\/dear-klairs-all-day-airy-sunscreen-spf50-pa-50ml\/\",\"name\":\"Dear, Klairs All-day Airy Sunscreen SPF50+ PA++++ 50ml - Skin Glam\",\"isPartOf\":{\"@id\":\"https:\/\/skinglam.eu\/hr\/#website\"},\"primaryImageOfPage\":{\"@id\":\"https:\/\/skinglam.eu\/sl\/izdelek\/dear-klairs-all-day-airy-sunscreen-spf50-pa-50ml\/#primaryimage\"},\"image\":{\"@id\":\"https:\/\/skinglam.eu\/sl\/izdelek\/dear-klairs-all-day-airy-sunscreen-spf50-pa-50ml\/#primaryimage\"},\"thumbnailUrl\":\"https:\/\/skinglam.eu\/wp-content\/uploads\/2023\/10\/Dear-Klairs-SPF.webp\",\"datePublished\":\"2023-10-31T12:55:07+00:00\",\"dateModified\":\"2026-04-20T12:27:29+00:00\",\"breadcrumb\":{\"@id\":\"https:\/\/skinglam.eu\/sl\/izdelek\/dear-klairs-all-day-airy-sunscreen-spf50-pa-50ml\/#breadcrumb\"},\"inLanguage\":\"es\",\"potentialAction\":[{\"@type\":\"ReadAction\",\"target\":[\"https:\/\/skinglam.eu\/sl\/izdelek\/dear-klairs-all-day-airy-sunscreen-spf50-pa-50ml\/\"]}]},{\"@type\":\"ImageObject\",\"inLanguage\":\"es\",\"@id\":\"https:\/\/skinglam.eu\/sl\/izdelek\/dear-klairs-all-day-airy-sunscreen-spf50-pa-50ml\/#primaryimage\",\"url\":\"https:\/\/skinglam.eu\/wp-content\/uploads\/2023\/10\/Dear-Klairs-SPF.webp\",\"contentUrl\":\"https:\/\/skinglam.eu\/wp-content\/uploads\/2023\/10\/Dear-Klairs-SPF.webp\",\"width\":640,\"height\":640},{\"@type\":\"BreadcrumbList\",\"@id\":\"https:\/\/skinglam.eu\/sl\/izdelek\/dear-klairs-all-day-airy-sunscreen-spf50-pa-50ml\/#breadcrumb\",\"itemListElement\":[{\"@type\":\"ListItem\",\"position\":1,\"name\":\"Home\",\"item\":\"https:\/\/skinglam.eu\/\"},{\"@type\":\"ListItem\",\"position\":2,\"name\":\"Shop\",\"item\":\"https:\/\/skinglam.eu\/hr\/shop\/\"},{\"@type\":\"ListItem\",\"position\":3,\"name\":\"Dear, Klairs All-day Airy Sunscreen SPF50+ PA++++ 50ml\"}]},{\"@type\":\"WebSite\",\"@id\":\"https:\/\/skinglam.eu\/hr\/#website\",\"url\":\"https:\/\/skinglam.eu\/hr\/\",\"name\":\"Skin Glam\",\"description\":\"K-beauty Shop\",\"publisher\":{\"@id\":\"https:\/\/skinglam.eu\/hr\/#organization\"},\"potentialAction\":[{\"@type\":\"SearchAction\",\"target\":{\"@type\":\"EntryPoint\",\"urlTemplate\":\"https:\/\/skinglam.eu\/hr\/?s={search_term_string}\"},\"query-input\":{\"@type\":\"PropertyValueSpecification\",\"valueRequired\":true,\"valueName\":\"search_term_string\"}}],\"inLanguage\":\"es\"},{\"@type\":\"Organization\",\"@id\":\"https:\/\/skinglam.eu\/hr\/#organization\",\"name\":\"SkinGlam d.o.o.\",\"url\":\"https:\/\/skinglam.eu\/hr\/\",\"logo\":{\"@type\":\"ImageObject\",\"inLanguage\":\"es\",\"@id\":\"https:\/\/skinglam.eu\/hr\/#\/schema\/logo\/image\/\",\"url\":\"https:\/\/skinglam.eu\/wp-content\/uploads\/2024\/09\/logo.jpg\",\"contentUrl\":\"https:\/\/skinglam.eu\/wp-content\/uploads\/2024\/09\/logo.jpg\",\"width\":883,\"height\":833,\"caption\":\"SkinGlam d.o.o.\"},\"image\":{\"@id\":\"https:\/\/skinglam.eu\/hr\/#\/schema\/logo\/image\/\"},\"sameAs\":[\"https:\/\/www.instagram.com\/skinglam.si\"]}]}<\/script>\n<!-- \/ Yoast SEO plugin. -->","yoast_head_json":{"title":"Dear, Klairs All-day Airy Sunscreen SPF50+ PA++++ 50ml - Skin Glam","robots":{"index":"index","follow":"follow","max-snippet":"max-snippet:-1","max-image-preview":"max-image-preview:large","max-video-preview":"max-video-preview:-1"},"canonical":"https:\/\/skinglam.eu\/es\/izdelek\/dear-klairs-all-day-airy-sunscreen-spf50-pa-50ml\/","og_locale":"es_ES","og_type":"article","og_title":"Dear, Klairs All-day Airy Sunscreen SPF50+ PA++++ 50ml - Skin Glam","og_description":"K-beauty continues to lead the way in skincare innovation, and Klairs new vegan SPF is a prime example of this progress. This next-generation sunscreen combines...","og_url":"https:\/\/skinglam.eu\/es\/izdelek\/dear-klairs-all-day-airy-sunscreen-spf50-pa-50ml\/","og_site_name":"Skin Glam","article_publisher":"https:\/\/www.instagram.com\/skinglam.si","article_modified_time":"2026-04-20T12:27:29+00:00","og_image":[{"width":640,"height":640,"url":"https:\/\/skinglam.eu\/wp-content\/uploads\/2023\/10\/Dear-Klairs-SPF.webp","type":"image\/webp"}],"twitter_card":"summary_large_image","twitter_misc":{"Tiempo de lectura":"1 minuto"},"schema":{"@context":"https:\/\/schema.org","@graph":[{"@type":"WebPage","@id":"https:\/\/skinglam.eu\/sl\/izdelek\/dear-klairs-all-day-airy-sunscreen-spf50-pa-50ml\/","url":"https:\/\/skinglam.eu\/sl\/izdelek\/dear-klairs-all-day-airy-sunscreen-spf50-pa-50ml\/","name":"Dear, Klairs All-day Airy Sunscreen SPF50+ PA++++ 50ml - Skin Glam","isPartOf":{"@id":"https:\/\/skinglam.eu\/hr\/#website"},"primaryImageOfPage":{"@id":"https:\/\/skinglam.eu\/sl\/izdelek\/dear-klairs-all-day-airy-sunscreen-spf50-pa-50ml\/#primaryimage"},"image":{"@id":"https:\/\/skinglam.eu\/sl\/izdelek\/dear-klairs-all-day-airy-sunscreen-spf50-pa-50ml\/#primaryimage"},"thumbnailUrl":"https:\/\/skinglam.eu\/wp-content\/uploads\/2023\/10\/Dear-Klairs-SPF.webp","datePublished":"2023-10-31T12:55:07+00:00","dateModified":"2026-04-20T12:27:29+00:00","breadcrumb":{"@id":"https:\/\/skinglam.eu\/sl\/izdelek\/dear-klairs-all-day-airy-sunscreen-spf50-pa-50ml\/#breadcrumb"},"inLanguage":"es","potentialAction":[{"@type":"ReadAction","target":["https:\/\/skinglam.eu\/sl\/izdelek\/dear-klairs-all-day-airy-sunscreen-spf50-pa-50ml\/"]}]},{"@type":"ImageObject","inLanguage":"es","@id":"https:\/\/skinglam.eu\/sl\/izdelek\/dear-klairs-all-day-airy-sunscreen-spf50-pa-50ml\/#primaryimage","url":"https:\/\/skinglam.eu\/wp-content\/uploads\/2023\/10\/Dear-Klairs-SPF.webp","contentUrl":"https:\/\/skinglam.eu\/wp-content\/uploads\/2023\/10\/Dear-Klairs-SPF.webp","width":640,"height":640},{"@type":"BreadcrumbList","@id":"https:\/\/skinglam.eu\/sl\/izdelek\/dear-klairs-all-day-airy-sunscreen-spf50-pa-50ml\/#breadcrumb","itemListElement":[{"@type":"ListItem","position":1,"name":"Home","item":"https:\/\/skinglam.eu\/"},{"@type":"ListItem","position":2,"name":"Shop","item":"https:\/\/skinglam.eu\/hr\/shop\/"},{"@type":"ListItem","position":3,"name":"Dear, Klairs All-day Airy Sunscreen SPF50+ PA++++ 50ml"}]},{"@type":"WebSite","@id":"https:\/\/skinglam.eu\/hr\/#website","url":"https:\/\/skinglam.eu\/hr\/","name":"Skin Glam","description":"K-beauty Shop","publisher":{"@id":"https:\/\/skinglam.eu\/hr\/#organization"},"potentialAction":[{"@type":"SearchAction","target":{"@type":"EntryPoint","urlTemplate":"https:\/\/skinglam.eu\/hr\/?s={search_term_string}"},"query-input":{"@type":"PropertyValueSpecification","valueRequired":true,"valueName":"search_term_string"}}],"inLanguage":"es"},{"@type":"Organization","@id":"https:\/\/skinglam.eu\/hr\/#organization","name":"SkinGlam d.o.o.","url":"https:\/\/skinglam.eu\/hr\/","logo":{"@type":"ImageObject","inLanguage":"es","@id":"https:\/\/skinglam.eu\/hr\/#\/schema\/logo\/image\/","url":"https:\/\/skinglam.eu\/wp-content\/uploads\/2024\/09\/logo.jpg","contentUrl":"https:\/\/skinglam.eu\/wp-content\/uploads\/2024\/09\/logo.jpg","width":883,"height":833,"caption":"SkinGlam d.o.o."},"image":{"@id":"https:\/\/skinglam.eu\/hr\/#\/schema\/logo\/image\/"},"sameAs":["https:\/\/www.instagram.com\/skinglam.si"]}]}},"_links":{"self":[{"href":"https:\/\/skinglam.eu\/es\/wp-json\/wp\/v2\/product\/2927","targetHints":{"allow":["GET"]}}],"collection":[{"href":"https:\/\/skinglam.eu\/es\/wp-json\/wp\/v2\/product"}],"about":[{"href":"https:\/\/skinglam.eu\/es\/wp-json\/wp\/v2\/types\/product"}],"replies":[{"embeddable":true,"href":"https:\/\/skinglam.eu\/es\/wp-json\/wp\/v2\/comments?post=2927"}],"version-history":[{"count":1,"href":"https:\/\/skinglam.eu\/es\/wp-json\/wp\/v2\/product\/2927\/revisions"}],"predecessor-version":[{"id":2929,"href":"https:\/\/skinglam.eu\/es\/wp-json\/wp\/v2\/product\/2927\/revisions\/2929"}],"wp:featuredmedia":[{"embeddable":true,"href":"https:\/\/skinglam.eu\/es\/wp-json\/wp\/v2\/media\/2928"}],"wp:attachment":[{"href":"https:\/\/skinglam.eu\/es\/wp-json\/wp\/v2\/media?parent=2927"}],"wp:term":[{"taxonomy":"brand","embeddable":true,"href":"https:\/\/skinglam.eu\/es\/wp-json\/wp\/v2\/etheme_brands?post=2927"},{"taxonomy":"product_cat","embeddable":true,"href":"https:\/\/skinglam.eu\/es\/wp-json\/wp\/v2\/product_cat?post=2927"},{"taxonomy":"product_tag","embeddable":true,"href":"https:\/\/skinglam.eu\/es\/wp-json\/wp\/v2\/product_tag?post=2927"}],"curies":[{"name":"wp","href":"https:\/\/api.w.org\/{rel}","templated":true}]}}