{"id":2949,"date":"2023-10-31T13:14:38","date_gmt":"2023-10-31T13:14:38","guid":{"rendered":"https:\/\/skinglam.si\/?post_type=product&#038;p=2949"},"modified":"2026-04-18T10:25:45","modified_gmt":"2026-04-18T10:25:45","slug":"goodal-heartleaf-calming-cleansing-foam-150ml","status":"publish","type":"product","link":"https:\/\/skinglam.eu\/es\/producto\/goodal-heartleaf-calming-cleansing-foam-150ml\/","title":{"rendered":"GOODAL Heartleaf Calming Cleansing Foam 150ml"},"content":{"rendered":"<p>Heartleaf Calming Cleansing Foam es una espuma limpiadora suave con un pH bajo que elimina eficazmente los residuos de maquillaje y protector solar, las impurezas y los restos diarios acumulados sin causar sequedad en la piel. El bajo nivel de pH asegura que la barrera protectora de la piel permanezca intacta y evita que se seque e irrite.<br \/>\nEste limpiador contiene extracto de Jeju Houttuynia Cordata (tambi\u00e9n conocido como Heartleaf), que calma eficazmente la piel sensible y elimina completamente las impurezas. Tambi\u00e9n contiene diferentes tipos de \u00e1cidos hialur\u00f3nicos y ceramidas, aporta hidrataci\u00f3n durante el proceso de limpieza, evitando que la piel se reseque o se sienta tirante.<br \/>\nEsta espuma limpiadora limpia profundamente los poros, dejando tu piel con una sensaci\u00f3n de frescura y limpieza.<\/p>\n<p>*Las descripciones de ingredientes anteriores se limitan a las caracter\u00edsticas de las materias primas.<\/p>","protected":false},"excerpt":{"rendered":"<p>Heartleaf Calming Cleansing Foam is a mild cleansing foam with a low pH that effectively removes makeup and sunscreen residues, impurities, and accumulated daily debris&#8230;<\/p>","protected":false},"featured_media":4324,"comment_status":"open","ping_status":"closed","template":"","meta":{"_monsterinsights_skip_tracking":false,"_monsterinsights_sitenote_active":false,"_monsterinsights_sitenote_note":"","_monsterinsights_sitenote_category":0,"_uf_show_specific_survey":0,"_uf_disable_surveys":false},"etheme_brands":[],"product_cat":[137,142,143,145,64],"product_tag":[],"class_list":{"0":"post-2949","1":"product","2":"type-product","3":"status-publish","4":"has-post-thumbnail","6":"product_cat-combination","7":"product_cat-oil-pore-control","8":"product_cat-oily","9":"product_cat-sensitive","10":"product_cat-water-cleansers","12":"first","13":"instock","14":"sale","15":"shipping-taxable","16":"purchasable","17":"product-type-simple"},"yoast_head":"<!-- This site is optimized with the Yoast SEO plugin v24.3 - https:\/\/yoast.com\/wordpress\/plugins\/seo\/ -->\n<title>GOODAL Heartleaf Calming Cleansing Foam 150ml - Skin Glam<\/title>\n<meta name=\"robots\" content=\"index, follow, max-snippet:-1, max-image-preview:large, max-video-preview:-1\" \/>\n<link rel=\"canonical\" href=\"https:\/\/skinglam.eu\/es\/producto\/goodal-heartleaf-calming-cleansing-foam-150ml\/\" \/>\n<meta property=\"og:locale\" content=\"es_ES\" \/>\n<meta property=\"og:type\" content=\"article\" \/>\n<meta property=\"og:title\" content=\"GOODAL Heartleaf Calming Cleansing Foam 150ml - Skin Glam\" \/>\n<meta property=\"og:description\" content=\"Heartleaf Calming Cleansing Foam is a mild cleansing foam with a low pH that effectively removes makeup and sunscreen residues, impurities, and accumulated daily debris...\" \/>\n<meta property=\"og:url\" content=\"https:\/\/skinglam.eu\/es\/producto\/goodal-heartleaf-calming-cleansing-foam-150ml\/\" \/>\n<meta property=\"og:site_name\" content=\"Skin Glam\" \/>\n<meta property=\"article:publisher\" content=\"https:\/\/www.instagram.com\/skinglam.si\" \/>\n<meta property=\"article:modified_time\" content=\"2026-04-18T10:25:45+00:00\" \/>\n<meta property=\"og:image\" content=\"https:\/\/skinglam.eu\/wp-content\/uploads\/2023\/10\/goodal_heartleaf_calming_cleansing_foam-Small.png\" \/>\n\t<meta property=\"og:image:width\" content=\"480\" \/>\n\t<meta property=\"og:image:height\" content=\"481\" \/>\n\t<meta property=\"og:image:type\" content=\"image\/png\" \/>\n<meta name=\"twitter:card\" content=\"summary_large_image\" \/>\n<meta name=\"twitter:label1\" content=\"Tiempo de lectura\" \/>\n\t<meta name=\"twitter:data1\" content=\"1 minuto\" \/>\n<script type=\"application\/ld+json\" class=\"yoast-schema-graph\">{\"@context\":\"https:\/\/schema.org\",\"@graph\":[{\"@type\":\"WebPage\",\"@id\":\"https:\/\/skinglam.eu\/product\/goodal-heartleaf-calming-cleansing-foam-150ml\/\",\"url\":\"https:\/\/skinglam.eu\/product\/goodal-heartleaf-calming-cleansing-foam-150ml\/\",\"name\":\"GOODAL Heartleaf Calming Cleansing Foam 150ml - Skin Glam\",\"isPartOf\":{\"@id\":\"https:\/\/skinglam.eu\/hr\/#website\"},\"primaryImageOfPage\":{\"@id\":\"https:\/\/skinglam.eu\/product\/goodal-heartleaf-calming-cleansing-foam-150ml\/#primaryimage\"},\"image\":{\"@id\":\"https:\/\/skinglam.eu\/product\/goodal-heartleaf-calming-cleansing-foam-150ml\/#primaryimage\"},\"thumbnailUrl\":\"https:\/\/skinglam.eu\/wp-content\/uploads\/2023\/10\/goodal_heartleaf_calming_cleansing_foam-Small.png\",\"datePublished\":\"2023-10-31T13:14:38+00:00\",\"dateModified\":\"2026-04-18T10:25:45+00:00\",\"breadcrumb\":{\"@id\":\"https:\/\/skinglam.eu\/product\/goodal-heartleaf-calming-cleansing-foam-150ml\/#breadcrumb\"},\"inLanguage\":\"es\",\"potentialAction\":[{\"@type\":\"ReadAction\",\"target\":[\"https:\/\/skinglam.eu\/product\/goodal-heartleaf-calming-cleansing-foam-150ml\/\"]}]},{\"@type\":\"ImageObject\",\"inLanguage\":\"es\",\"@id\":\"https:\/\/skinglam.eu\/product\/goodal-heartleaf-calming-cleansing-foam-150ml\/#primaryimage\",\"url\":\"https:\/\/skinglam.eu\/wp-content\/uploads\/2023\/10\/goodal_heartleaf_calming_cleansing_foam-Small.png\",\"contentUrl\":\"https:\/\/skinglam.eu\/wp-content\/uploads\/2023\/10\/goodal_heartleaf_calming_cleansing_foam-Small.png\",\"width\":480,\"height\":481},{\"@type\":\"BreadcrumbList\",\"@id\":\"https:\/\/skinglam.eu\/product\/goodal-heartleaf-calming-cleansing-foam-150ml\/#breadcrumb\",\"itemListElement\":[{\"@type\":\"ListItem\",\"position\":1,\"name\":\"Home\",\"item\":\"https:\/\/skinglam.eu\/\"},{\"@type\":\"ListItem\",\"position\":2,\"name\":\"Shop\",\"item\":\"https:\/\/skinglam.eu\/hr\/shop\/\"},{\"@type\":\"ListItem\",\"position\":3,\"name\":\"GOODAL Heartleaf Calming Cleansing Foam 150ml\"}]},{\"@type\":\"WebSite\",\"@id\":\"https:\/\/skinglam.eu\/hr\/#website\",\"url\":\"https:\/\/skinglam.eu\/hr\/\",\"name\":\"Skin Glam\",\"description\":\"K-beauty Shop\",\"publisher\":{\"@id\":\"https:\/\/skinglam.eu\/hr\/#organization\"},\"potentialAction\":[{\"@type\":\"SearchAction\",\"target\":{\"@type\":\"EntryPoint\",\"urlTemplate\":\"https:\/\/skinglam.eu\/hr\/?s={search_term_string}\"},\"query-input\":{\"@type\":\"PropertyValueSpecification\",\"valueRequired\":true,\"valueName\":\"search_term_string\"}}],\"inLanguage\":\"es\"},{\"@type\":\"Organization\",\"@id\":\"https:\/\/skinglam.eu\/hr\/#organization\",\"name\":\"SkinGlam d.o.o.\",\"url\":\"https:\/\/skinglam.eu\/hr\/\",\"logo\":{\"@type\":\"ImageObject\",\"inLanguage\":\"es\",\"@id\":\"https:\/\/skinglam.eu\/hr\/#\/schema\/logo\/image\/\",\"url\":\"https:\/\/skinglam.eu\/wp-content\/uploads\/2024\/09\/logo.jpg\",\"contentUrl\":\"https:\/\/skinglam.eu\/wp-content\/uploads\/2024\/09\/logo.jpg\",\"width\":883,\"height\":833,\"caption\":\"SkinGlam d.o.o.\"},\"image\":{\"@id\":\"https:\/\/skinglam.eu\/hr\/#\/schema\/logo\/image\/\"},\"sameAs\":[\"https:\/\/www.instagram.com\/skinglam.si\"]}]}<\/script>\n<!-- \/ Yoast SEO plugin. -->","yoast_head_json":{"title":"GOODAL Heartleaf Calming Cleansing Foam 150ml - Skin Glam","robots":{"index":"index","follow":"follow","max-snippet":"max-snippet:-1","max-image-preview":"max-image-preview:large","max-video-preview":"max-video-preview:-1"},"canonical":"https:\/\/skinglam.eu\/es\/producto\/goodal-heartleaf-calming-cleansing-foam-150ml\/","og_locale":"es_ES","og_type":"article","og_title":"GOODAL Heartleaf Calming Cleansing Foam 150ml - Skin Glam","og_description":"Heartleaf Calming Cleansing Foam is a mild cleansing foam with a low pH that effectively removes makeup and sunscreen residues, impurities, and accumulated daily debris...","og_url":"https:\/\/skinglam.eu\/es\/producto\/goodal-heartleaf-calming-cleansing-foam-150ml\/","og_site_name":"Skin Glam","article_publisher":"https:\/\/www.instagram.com\/skinglam.si","article_modified_time":"2026-04-18T10:25:45+00:00","og_image":[{"width":480,"height":481,"url":"https:\/\/skinglam.eu\/wp-content\/uploads\/2023\/10\/goodal_heartleaf_calming_cleansing_foam-Small.png","type":"image\/png"}],"twitter_card":"summary_large_image","twitter_misc":{"Tiempo de lectura":"1 minuto"},"schema":{"@context":"https:\/\/schema.org","@graph":[{"@type":"WebPage","@id":"https:\/\/skinglam.eu\/product\/goodal-heartleaf-calming-cleansing-foam-150ml\/","url":"https:\/\/skinglam.eu\/product\/goodal-heartleaf-calming-cleansing-foam-150ml\/","name":"GOODAL Heartleaf Calming Cleansing Foam 150ml - Skin Glam","isPartOf":{"@id":"https:\/\/skinglam.eu\/hr\/#website"},"primaryImageOfPage":{"@id":"https:\/\/skinglam.eu\/product\/goodal-heartleaf-calming-cleansing-foam-150ml\/#primaryimage"},"image":{"@id":"https:\/\/skinglam.eu\/product\/goodal-heartleaf-calming-cleansing-foam-150ml\/#primaryimage"},"thumbnailUrl":"https:\/\/skinglam.eu\/wp-content\/uploads\/2023\/10\/goodal_heartleaf_calming_cleansing_foam-Small.png","datePublished":"2023-10-31T13:14:38+00:00","dateModified":"2026-04-18T10:25:45+00:00","breadcrumb":{"@id":"https:\/\/skinglam.eu\/product\/goodal-heartleaf-calming-cleansing-foam-150ml\/#breadcrumb"},"inLanguage":"es","potentialAction":[{"@type":"ReadAction","target":["https:\/\/skinglam.eu\/product\/goodal-heartleaf-calming-cleansing-foam-150ml\/"]}]},{"@type":"ImageObject","inLanguage":"es","@id":"https:\/\/skinglam.eu\/product\/goodal-heartleaf-calming-cleansing-foam-150ml\/#primaryimage","url":"https:\/\/skinglam.eu\/wp-content\/uploads\/2023\/10\/goodal_heartleaf_calming_cleansing_foam-Small.png","contentUrl":"https:\/\/skinglam.eu\/wp-content\/uploads\/2023\/10\/goodal_heartleaf_calming_cleansing_foam-Small.png","width":480,"height":481},{"@type":"BreadcrumbList","@id":"https:\/\/skinglam.eu\/product\/goodal-heartleaf-calming-cleansing-foam-150ml\/#breadcrumb","itemListElement":[{"@type":"ListItem","position":1,"name":"Home","item":"https:\/\/skinglam.eu\/"},{"@type":"ListItem","position":2,"name":"Shop","item":"https:\/\/skinglam.eu\/hr\/shop\/"},{"@type":"ListItem","position":3,"name":"GOODAL Heartleaf Calming Cleansing Foam 150ml"}]},{"@type":"WebSite","@id":"https:\/\/skinglam.eu\/hr\/#website","url":"https:\/\/skinglam.eu\/hr\/","name":"Skin Glam","description":"K-beauty Shop","publisher":{"@id":"https:\/\/skinglam.eu\/hr\/#organization"},"potentialAction":[{"@type":"SearchAction","target":{"@type":"EntryPoint","urlTemplate":"https:\/\/skinglam.eu\/hr\/?s={search_term_string}"},"query-input":{"@type":"PropertyValueSpecification","valueRequired":true,"valueName":"search_term_string"}}],"inLanguage":"es"},{"@type":"Organization","@id":"https:\/\/skinglam.eu\/hr\/#organization","name":"SkinGlam d.o.o.","url":"https:\/\/skinglam.eu\/hr\/","logo":{"@type":"ImageObject","inLanguage":"es","@id":"https:\/\/skinglam.eu\/hr\/#\/schema\/logo\/image\/","url":"https:\/\/skinglam.eu\/wp-content\/uploads\/2024\/09\/logo.jpg","contentUrl":"https:\/\/skinglam.eu\/wp-content\/uploads\/2024\/09\/logo.jpg","width":883,"height":833,"caption":"SkinGlam d.o.o."},"image":{"@id":"https:\/\/skinglam.eu\/hr\/#\/schema\/logo\/image\/"},"sameAs":["https:\/\/www.instagram.com\/skinglam.si"]}]}},"_links":{"self":[{"href":"https:\/\/skinglam.eu\/es\/wp-json\/wp\/v2\/product\/2949","targetHints":{"allow":["GET"]}}],"collection":[{"href":"https:\/\/skinglam.eu\/es\/wp-json\/wp\/v2\/product"}],"about":[{"href":"https:\/\/skinglam.eu\/es\/wp-json\/wp\/v2\/types\/product"}],"replies":[{"embeddable":true,"href":"https:\/\/skinglam.eu\/es\/wp-json\/wp\/v2\/comments?post=2949"}],"version-history":[{"count":2,"href":"https:\/\/skinglam.eu\/es\/wp-json\/wp\/v2\/product\/2949\/revisions"}],"predecessor-version":[{"id":5551,"href":"https:\/\/skinglam.eu\/es\/wp-json\/wp\/v2\/product\/2949\/revisions\/5551"}],"wp:featuredmedia":[{"embeddable":true,"href":"https:\/\/skinglam.eu\/es\/wp-json\/wp\/v2\/media\/4324"}],"wp:attachment":[{"href":"https:\/\/skinglam.eu\/es\/wp-json\/wp\/v2\/media?parent=2949"}],"wp:term":[{"taxonomy":"brand","embeddable":true,"href":"https:\/\/skinglam.eu\/es\/wp-json\/wp\/v2\/etheme_brands?post=2949"},{"taxonomy":"product_cat","embeddable":true,"href":"https:\/\/skinglam.eu\/es\/wp-json\/wp\/v2\/product_cat?post=2949"},{"taxonomy":"product_tag","embeddable":true,"href":"https:\/\/skinglam.eu\/es\/wp-json\/wp\/v2\/product_tag?post=2949"}],"curies":[{"name":"wp","href":"https:\/\/api.w.org\/{rel}","templated":true}]}}