{"id":3064,"date":"2023-10-31T15:21:05","date_gmt":"2023-10-31T15:21:05","guid":{"rendered":"https:\/\/skinglam.si\/?post_type=product&#038;p=3064"},"modified":"2026-04-20T11:56:23","modified_gmt":"2026-04-20T11:56:23","slug":"some-by-mi-aha-bha-pha-30-days-miracle-cream-60gr","status":"publish","type":"product","link":"https:\/\/skinglam.eu\/es\/producto\/some-by-mi-aha-bha-pha-30-days-miracle-cream-60gr\/","title":{"rendered":"SOME BY MI AHA-BHA-PHA 30 DAYS Miracle Cream 60gr"},"content":{"rendered":"<p>La crema milagrosa de 30 d\u00edas AHA-BHA-PHA, creada por los expertos coreanos en cuidado de la piel SOME BY MI, es una crema hidratante galardonada. Es especialmente apreciado por aquellas personas con piel propensa al acn\u00e9. Esta crema combina extractos de plantas calmantes, aceites humectantes y exfoliantes esenciales para brindarte una piel m\u00e1s suave en solo 30 d\u00edas.<\/p>\n<p>Perfecta para abordar problemas como el enrojecimiento y los poros obstruidos, esta suave crema incluye tres exfoliantes qu\u00edmicos principales:<\/p>\n<p>\u2022 AHA: Elimina las c\u00e9lulas muertas de la piel y ayuda con las manchas oscuras y los puntos blancos.<br \/>\n\u2022 BHA: penetra profundamente en los poros para eliminar el exceso de sebo y reducir los brotes.<br \/>\n\u2022 PHA: Un exfoliante s\u00faper suave que previene la p\u00e9rdida de humedad y estimula la piel fresca.<\/p>\n<p>El agua de centella, una conocida hierba coreana para calmar la piel, es el ingrediente estrella de esta crema. Se acompa\u00f1a de t\u00e9 verde, \u00e1rbol de t\u00e9 y extracto de aloe vera, que ayudan a reducir el enrojecimiento y brindan una sensaci\u00f3n refrescante y refrescante.<\/p>\n<p>&nbsp;<\/p>\n<p>*Las descripciones de ingredientes anteriores se limitan a las caracter\u00edsticas de las materias primas.<\/p>","protected":false},"excerpt":{"rendered":"<p>The AHA-BHA-PHA 30 Days Miracle Cream, created by Korean skincare experts SOME BY MI, is an award-winning moisturizer. It&#8217;s especially beloved by those with acne-prone&#8230;<\/p>","protected":false},"featured_media":3065,"comment_status":"open","ping_status":"closed","template":"","meta":{"_monsterinsights_skip_tracking":false,"_monsterinsights_sitenote_active":false,"_monsterinsights_sitenote_note":"","_monsterinsights_sitenote_category":0,"_uf_show_specific_survey":0,"_uf_disable_surveys":false},"etheme_brands":[],"product_cat":[134,137,138,142,143,67],"product_tag":[],"class_list":{"0":"post-3064","1":"product","2":"type-product","3":"status-publish","4":"has-post-thumbnail","6":"product_cat-acne","7":"product_cat-combination","8":"product_cat-dark-spots-pigmentation","9":"product_cat-oil-pore-control","10":"product_cat-oily","11":"product_cat-moisturizers","13":"first","14":"outofstock","15":"shipping-taxable","16":"purchasable","17":"product-type-simple"},"yoast_head":"<!-- This site is optimized with the Yoast SEO plugin v24.3 - https:\/\/yoast.com\/wordpress\/plugins\/seo\/ -->\n<title>SOME BY MI AHA-BHA-PHA 30 DAYS Miracle Cream 60gr - Skin Glam<\/title>\n<meta name=\"robots\" content=\"index, follow, max-snippet:-1, max-image-preview:large, max-video-preview:-1\" \/>\n<link rel=\"canonical\" href=\"https:\/\/skinglam.eu\/es\/producto\/some-by-mi-aha-bha-pha-30-days-miracle-cream-60gr\/\" \/>\n<meta property=\"og:locale\" content=\"es_ES\" \/>\n<meta property=\"og:type\" content=\"article\" \/>\n<meta property=\"og:title\" content=\"SOME BY MI AHA-BHA-PHA 30 DAYS Miracle Cream 60gr - Skin Glam\" \/>\n<meta property=\"og:description\" content=\"The AHA-BHA-PHA 30 Days Miracle Cream, created by Korean skincare experts SOME BY MI, is an award-winning moisturizer. It&#8217;s especially beloved by those with acne-prone...\" \/>\n<meta property=\"og:url\" content=\"https:\/\/skinglam.eu\/es\/producto\/some-by-mi-aha-bha-pha-30-days-miracle-cream-60gr\/\" \/>\n<meta property=\"og:site_name\" content=\"Skin Glam\" \/>\n<meta property=\"article:publisher\" content=\"https:\/\/www.instagram.com\/skinglam.si\" \/>\n<meta property=\"article:modified_time\" content=\"2026-04-20T11:56:23+00:00\" \/>\n<meta property=\"og:image\" content=\"https:\/\/skinglam.eu\/wp-content\/uploads\/2023\/10\/miracle-crream.jpg\" \/>\n\t<meta property=\"og:image:width\" content=\"1000\" \/>\n\t<meta property=\"og:image:height\" content=\"1000\" \/>\n\t<meta property=\"og:image:type\" content=\"image\/jpeg\" \/>\n<meta name=\"twitter:card\" content=\"summary_large_image\" \/>\n<meta name=\"twitter:label1\" content=\"Tiempo de lectura\" \/>\n\t<meta name=\"twitter:data1\" content=\"1 minuto\" \/>\n<script type=\"application\/ld+json\" class=\"yoast-schema-graph\">{\"@context\":\"https:\/\/schema.org\",\"@graph\":[{\"@type\":\"WebPage\",\"@id\":\"https:\/\/skinglam.eu\/product\/some-by-mi-aha-bha-pha-30-days-miracle-cream-60gr\/\",\"url\":\"https:\/\/skinglam.eu\/product\/some-by-mi-aha-bha-pha-30-days-miracle-cream-60gr\/\",\"name\":\"SOME BY MI AHA-BHA-PHA 30 DAYS Miracle Cream 60gr - Skin Glam\",\"isPartOf\":{\"@id\":\"https:\/\/skinglam.eu\/hr\/#website\"},\"primaryImageOfPage\":{\"@id\":\"https:\/\/skinglam.eu\/product\/some-by-mi-aha-bha-pha-30-days-miracle-cream-60gr\/#primaryimage\"},\"image\":{\"@id\":\"https:\/\/skinglam.eu\/product\/some-by-mi-aha-bha-pha-30-days-miracle-cream-60gr\/#primaryimage\"},\"thumbnailUrl\":\"https:\/\/skinglam.eu\/wp-content\/uploads\/2023\/10\/miracle-crream.jpg\",\"datePublished\":\"2023-10-31T15:21:05+00:00\",\"dateModified\":\"2026-04-20T11:56:23+00:00\",\"breadcrumb\":{\"@id\":\"https:\/\/skinglam.eu\/product\/some-by-mi-aha-bha-pha-30-days-miracle-cream-60gr\/#breadcrumb\"},\"inLanguage\":\"es\",\"potentialAction\":[{\"@type\":\"ReadAction\",\"target\":[\"https:\/\/skinglam.eu\/product\/some-by-mi-aha-bha-pha-30-days-miracle-cream-60gr\/\"]}]},{\"@type\":\"ImageObject\",\"inLanguage\":\"es\",\"@id\":\"https:\/\/skinglam.eu\/product\/some-by-mi-aha-bha-pha-30-days-miracle-cream-60gr\/#primaryimage\",\"url\":\"https:\/\/skinglam.eu\/wp-content\/uploads\/2023\/10\/miracle-crream.jpg\",\"contentUrl\":\"https:\/\/skinglam.eu\/wp-content\/uploads\/2023\/10\/miracle-crream.jpg\",\"width\":1000,\"height\":1000},{\"@type\":\"BreadcrumbList\",\"@id\":\"https:\/\/skinglam.eu\/product\/some-by-mi-aha-bha-pha-30-days-miracle-cream-60gr\/#breadcrumb\",\"itemListElement\":[{\"@type\":\"ListItem\",\"position\":1,\"name\":\"Home\",\"item\":\"https:\/\/skinglam.eu\/\"},{\"@type\":\"ListItem\",\"position\":2,\"name\":\"Shop\",\"item\":\"https:\/\/skinglam.eu\/hr\/shop\/\"},{\"@type\":\"ListItem\",\"position\":3,\"name\":\"SOME BY MI AHA-BHA-PHA 30 DAYS Miracle Cream 60gr\"}]},{\"@type\":\"WebSite\",\"@id\":\"https:\/\/skinglam.eu\/hr\/#website\",\"url\":\"https:\/\/skinglam.eu\/hr\/\",\"name\":\"Skin Glam\",\"description\":\"K-beauty Shop\",\"publisher\":{\"@id\":\"https:\/\/skinglam.eu\/hr\/#organization\"},\"potentialAction\":[{\"@type\":\"SearchAction\",\"target\":{\"@type\":\"EntryPoint\",\"urlTemplate\":\"https:\/\/skinglam.eu\/hr\/?s={search_term_string}\"},\"query-input\":{\"@type\":\"PropertyValueSpecification\",\"valueRequired\":true,\"valueName\":\"search_term_string\"}}],\"inLanguage\":\"es\"},{\"@type\":\"Organization\",\"@id\":\"https:\/\/skinglam.eu\/hr\/#organization\",\"name\":\"SkinGlam d.o.o.\",\"url\":\"https:\/\/skinglam.eu\/hr\/\",\"logo\":{\"@type\":\"ImageObject\",\"inLanguage\":\"es\",\"@id\":\"https:\/\/skinglam.eu\/hr\/#\/schema\/logo\/image\/\",\"url\":\"https:\/\/skinglam.eu\/wp-content\/uploads\/2024\/09\/logo.jpg\",\"contentUrl\":\"https:\/\/skinglam.eu\/wp-content\/uploads\/2024\/09\/logo.jpg\",\"width\":883,\"height\":833,\"caption\":\"SkinGlam d.o.o.\"},\"image\":{\"@id\":\"https:\/\/skinglam.eu\/hr\/#\/schema\/logo\/image\/\"},\"sameAs\":[\"https:\/\/www.instagram.com\/skinglam.si\"]}]}<\/script>\n<!-- \/ Yoast SEO plugin. -->","yoast_head_json":{"title":"SOME BY MI AHA-BHA-PHA 30 DAYS Miracle Cream 60gr - Skin Glam","robots":{"index":"index","follow":"follow","max-snippet":"max-snippet:-1","max-image-preview":"max-image-preview:large","max-video-preview":"max-video-preview:-1"},"canonical":"https:\/\/skinglam.eu\/es\/producto\/some-by-mi-aha-bha-pha-30-days-miracle-cream-60gr\/","og_locale":"es_ES","og_type":"article","og_title":"SOME BY MI AHA-BHA-PHA 30 DAYS Miracle Cream 60gr - Skin Glam","og_description":"The AHA-BHA-PHA 30 Days Miracle Cream, created by Korean skincare experts SOME BY MI, is an award-winning moisturizer. It&#8217;s especially beloved by those with acne-prone...","og_url":"https:\/\/skinglam.eu\/es\/producto\/some-by-mi-aha-bha-pha-30-days-miracle-cream-60gr\/","og_site_name":"Skin Glam","article_publisher":"https:\/\/www.instagram.com\/skinglam.si","article_modified_time":"2026-04-20T11:56:23+00:00","og_image":[{"width":1000,"height":1000,"url":"https:\/\/skinglam.eu\/wp-content\/uploads\/2023\/10\/miracle-crream.jpg","type":"image\/jpeg"}],"twitter_card":"summary_large_image","twitter_misc":{"Tiempo de lectura":"1 minuto"},"schema":{"@context":"https:\/\/schema.org","@graph":[{"@type":"WebPage","@id":"https:\/\/skinglam.eu\/product\/some-by-mi-aha-bha-pha-30-days-miracle-cream-60gr\/","url":"https:\/\/skinglam.eu\/product\/some-by-mi-aha-bha-pha-30-days-miracle-cream-60gr\/","name":"SOME BY MI AHA-BHA-PHA 30 DAYS Miracle Cream 60gr - Skin Glam","isPartOf":{"@id":"https:\/\/skinglam.eu\/hr\/#website"},"primaryImageOfPage":{"@id":"https:\/\/skinglam.eu\/product\/some-by-mi-aha-bha-pha-30-days-miracle-cream-60gr\/#primaryimage"},"image":{"@id":"https:\/\/skinglam.eu\/product\/some-by-mi-aha-bha-pha-30-days-miracle-cream-60gr\/#primaryimage"},"thumbnailUrl":"https:\/\/skinglam.eu\/wp-content\/uploads\/2023\/10\/miracle-crream.jpg","datePublished":"2023-10-31T15:21:05+00:00","dateModified":"2026-04-20T11:56:23+00:00","breadcrumb":{"@id":"https:\/\/skinglam.eu\/product\/some-by-mi-aha-bha-pha-30-days-miracle-cream-60gr\/#breadcrumb"},"inLanguage":"es","potentialAction":[{"@type":"ReadAction","target":["https:\/\/skinglam.eu\/product\/some-by-mi-aha-bha-pha-30-days-miracle-cream-60gr\/"]}]},{"@type":"ImageObject","inLanguage":"es","@id":"https:\/\/skinglam.eu\/product\/some-by-mi-aha-bha-pha-30-days-miracle-cream-60gr\/#primaryimage","url":"https:\/\/skinglam.eu\/wp-content\/uploads\/2023\/10\/miracle-crream.jpg","contentUrl":"https:\/\/skinglam.eu\/wp-content\/uploads\/2023\/10\/miracle-crream.jpg","width":1000,"height":1000},{"@type":"BreadcrumbList","@id":"https:\/\/skinglam.eu\/product\/some-by-mi-aha-bha-pha-30-days-miracle-cream-60gr\/#breadcrumb","itemListElement":[{"@type":"ListItem","position":1,"name":"Home","item":"https:\/\/skinglam.eu\/"},{"@type":"ListItem","position":2,"name":"Shop","item":"https:\/\/skinglam.eu\/hr\/shop\/"},{"@type":"ListItem","position":3,"name":"SOME BY MI AHA-BHA-PHA 30 DAYS Miracle Cream 60gr"}]},{"@type":"WebSite","@id":"https:\/\/skinglam.eu\/hr\/#website","url":"https:\/\/skinglam.eu\/hr\/","name":"Skin Glam","description":"K-beauty Shop","publisher":{"@id":"https:\/\/skinglam.eu\/hr\/#organization"},"potentialAction":[{"@type":"SearchAction","target":{"@type":"EntryPoint","urlTemplate":"https:\/\/skinglam.eu\/hr\/?s={search_term_string}"},"query-input":{"@type":"PropertyValueSpecification","valueRequired":true,"valueName":"search_term_string"}}],"inLanguage":"es"},{"@type":"Organization","@id":"https:\/\/skinglam.eu\/hr\/#organization","name":"SkinGlam d.o.o.","url":"https:\/\/skinglam.eu\/hr\/","logo":{"@type":"ImageObject","inLanguage":"es","@id":"https:\/\/skinglam.eu\/hr\/#\/schema\/logo\/image\/","url":"https:\/\/skinglam.eu\/wp-content\/uploads\/2024\/09\/logo.jpg","contentUrl":"https:\/\/skinglam.eu\/wp-content\/uploads\/2024\/09\/logo.jpg","width":883,"height":833,"caption":"SkinGlam d.o.o."},"image":{"@id":"https:\/\/skinglam.eu\/hr\/#\/schema\/logo\/image\/"},"sameAs":["https:\/\/www.instagram.com\/skinglam.si"]}]}},"_links":{"self":[{"href":"https:\/\/skinglam.eu\/es\/wp-json\/wp\/v2\/product\/3064","targetHints":{"allow":["GET"]}}],"collection":[{"href":"https:\/\/skinglam.eu\/es\/wp-json\/wp\/v2\/product"}],"about":[{"href":"https:\/\/skinglam.eu\/es\/wp-json\/wp\/v2\/types\/product"}],"replies":[{"embeddable":true,"href":"https:\/\/skinglam.eu\/es\/wp-json\/wp\/v2\/comments?post=3064"}],"version-history":[{"count":3,"href":"https:\/\/skinglam.eu\/es\/wp-json\/wp\/v2\/product\/3064\/revisions"}],"predecessor-version":[{"id":4134,"href":"https:\/\/skinglam.eu\/es\/wp-json\/wp\/v2\/product\/3064\/revisions\/4134"}],"wp:featuredmedia":[{"embeddable":true,"href":"https:\/\/skinglam.eu\/es\/wp-json\/wp\/v2\/media\/3065"}],"wp:attachment":[{"href":"https:\/\/skinglam.eu\/es\/wp-json\/wp\/v2\/media?parent=3064"}],"wp:term":[{"taxonomy":"brand","embeddable":true,"href":"https:\/\/skinglam.eu\/es\/wp-json\/wp\/v2\/etheme_brands?post=3064"},{"taxonomy":"product_cat","embeddable":true,"href":"https:\/\/skinglam.eu\/es\/wp-json\/wp\/v2\/product_cat?post=3064"},{"taxonomy":"product_tag","embeddable":true,"href":"https:\/\/skinglam.eu\/es\/wp-json\/wp\/v2\/product_tag?post=3064"}],"curies":[{"name":"wp","href":"https:\/\/api.w.org\/{rel}","templated":true}]}}