{"id":3067,"date":"2023-10-31T15:22:37","date_gmt":"2023-10-31T15:22:37","guid":{"rendered":"https:\/\/skinglam.si\/?post_type=product&#038;p=3067"},"modified":"2026-04-18T23:25:49","modified_gmt":"2026-04-18T23:25:49","slug":"some-by-mi-clear-spot-patch-18pcs","status":"publish","type":"product","link":"https:\/\/skinglam.eu\/es\/producto\/some-by-mi-clear-spot-patch-18pcs\/","title":{"rendered":"SOME BY MI Parche Clear Spot 18uds"},"content":{"rendered":"<p>Presentamos los parches Clear Spot de la galardonada l\u00ednea 30 Days Miracle Skincare de SOME BY MI, dise\u00f1ados por expertos en acn\u00e9. Estos parches son una soluci\u00f3n \u00fatil para esos granos inesperados que aparecen justo antes de un d\u00eda importante. Puede confiar en que estos parches hidrocoloides har\u00e1n su magia y aplanar\u00e1n su grano sin necesidad de reventarlo.<\/p>\n<p>El hidrocoloide es un material ultrafino que act\u00faa como una barrera protectora para los granos, protegi\u00e9ndolos de infecciones, bacterias e irritantes externos como el contacto o la exposici\u00f3n a la contaminaci\u00f3n. Adem\u00e1s, crea un ambiente h\u00famedo debajo del parche, lo que ayuda a extraer el sebo y el pus y, en \u00faltima instancia, reduce las cicatrices que deja el grano.<\/p>\n<p>Estos parches espec\u00edficos est\u00e1n dise\u00f1ados para uso diurno y se pueden usar c\u00f3modamente debajo del maquillaje. Cuando se aplican correctamente, quedan planos contra la piel y se vuelven casi invisibles. Tambi\u00e9n cuentan con un revestimiento no vidriado que permite aplicar maquillaje encima sin ning\u00fan problema.<\/p>\n<p>TAMA\u00d1O: 18 parches (9x 10mm + 9x 12mm)<\/p>\n<p>&nbsp;<\/p>\n<p>*Las descripciones de ingredientes anteriores se limitan a las caracter\u00edsticas de las materias primas.<\/p>","protected":false},"excerpt":{"rendered":"<p>Introducing the Clear Spot Patches from SOME BY MI&#8217;s award-winning 30 Days Miracle Skincare line, designed by acne experts. These patches are a handy solution&#8230;<\/p>","protected":false},"featured_media":3068,"comment_status":"open","ping_status":"closed","template":"","meta":{"_monsterinsights_skip_tracking":false,"_monsterinsights_sitenote_active":false,"_monsterinsights_sitenote_note":"","_monsterinsights_sitenote_category":0,"_uf_show_specific_survey":0,"_uf_disable_surveys":false},"etheme_brands":[],"product_cat":[134,138,143,69],"product_tag":[],"class_list":{"0":"post-3067","1":"product","2":"type-product","3":"status-publish","4":"has-post-thumbnail","6":"product_cat-acne","7":"product_cat-dark-spots-pigmentation","8":"product_cat-oily","9":"product_cat-treatments","11":"first","12":"outofstock","13":"shipping-taxable","14":"purchasable","15":"product-type-simple"},"yoast_head":"<!-- This site is optimized with the Yoast SEO plugin v24.3 - https:\/\/yoast.com\/wordpress\/plugins\/seo\/ -->\n<title>SOME BY MI Clear Spot Patch 18pcs - Skin Glam<\/title>\n<meta name=\"robots\" content=\"index, follow, max-snippet:-1, max-image-preview:large, max-video-preview:-1\" \/>\n<link rel=\"canonical\" href=\"https:\/\/skinglam.eu\/es\/producto\/some-by-mi-clear-spot-patch-18pcs\/\" \/>\n<meta property=\"og:locale\" content=\"es_ES\" \/>\n<meta property=\"og:type\" content=\"article\" \/>\n<meta property=\"og:title\" content=\"SOME BY MI Clear Spot Patch 18pcs - Skin Glam\" \/>\n<meta property=\"og:description\" content=\"Introducing the Clear Spot Patches from SOME BY MI&#8217;s award-winning 30 Days Miracle Skincare line, designed by acne experts. These patches are a handy solution...\" \/>\n<meta property=\"og:url\" content=\"https:\/\/skinglam.eu\/es\/producto\/some-by-mi-clear-spot-patch-18pcs\/\" \/>\n<meta property=\"og:site_name\" content=\"Skin Glam\" \/>\n<meta property=\"article:publisher\" content=\"https:\/\/www.instagram.com\/skinglam.si\" \/>\n<meta property=\"article:modified_time\" content=\"2026-04-18T23:25:49+00:00\" \/>\n<meta property=\"og:image\" content=\"https:\/\/skinglam.eu\/wp-content\/uploads\/2023\/10\/clear-spot.jpg\" \/>\n\t<meta property=\"og:image:width\" content=\"1000\" \/>\n\t<meta property=\"og:image:height\" content=\"1000\" \/>\n\t<meta property=\"og:image:type\" content=\"image\/jpeg\" \/>\n<meta name=\"twitter:card\" content=\"summary_large_image\" \/>\n<meta name=\"twitter:label1\" content=\"Tiempo de lectura\" \/>\n\t<meta name=\"twitter:data1\" content=\"1 minuto\" \/>\n<script type=\"application\/ld+json\" class=\"yoast-schema-graph\">{\"@context\":\"https:\/\/schema.org\",\"@graph\":[{\"@type\":\"WebPage\",\"@id\":\"https:\/\/skinglam.eu\/product\/some-by-mi-clear-spot-patch-18pcs\/\",\"url\":\"https:\/\/skinglam.eu\/product\/some-by-mi-clear-spot-patch-18pcs\/\",\"name\":\"SOME BY MI Clear Spot Patch 18pcs - Skin Glam\",\"isPartOf\":{\"@id\":\"https:\/\/skinglam.eu\/hr\/#website\"},\"primaryImageOfPage\":{\"@id\":\"https:\/\/skinglam.eu\/product\/some-by-mi-clear-spot-patch-18pcs\/#primaryimage\"},\"image\":{\"@id\":\"https:\/\/skinglam.eu\/product\/some-by-mi-clear-spot-patch-18pcs\/#primaryimage\"},\"thumbnailUrl\":\"https:\/\/skinglam.eu\/wp-content\/uploads\/2023\/10\/clear-spot.jpg\",\"datePublished\":\"2023-10-31T15:22:37+00:00\",\"dateModified\":\"2026-04-18T23:25:49+00:00\",\"breadcrumb\":{\"@id\":\"https:\/\/skinglam.eu\/product\/some-by-mi-clear-spot-patch-18pcs\/#breadcrumb\"},\"inLanguage\":\"es\",\"potentialAction\":[{\"@type\":\"ReadAction\",\"target\":[\"https:\/\/skinglam.eu\/product\/some-by-mi-clear-spot-patch-18pcs\/\"]}]},{\"@type\":\"ImageObject\",\"inLanguage\":\"es\",\"@id\":\"https:\/\/skinglam.eu\/product\/some-by-mi-clear-spot-patch-18pcs\/#primaryimage\",\"url\":\"https:\/\/skinglam.eu\/wp-content\/uploads\/2023\/10\/clear-spot.jpg\",\"contentUrl\":\"https:\/\/skinglam.eu\/wp-content\/uploads\/2023\/10\/clear-spot.jpg\",\"width\":1000,\"height\":1000},{\"@type\":\"BreadcrumbList\",\"@id\":\"https:\/\/skinglam.eu\/product\/some-by-mi-clear-spot-patch-18pcs\/#breadcrumb\",\"itemListElement\":[{\"@type\":\"ListItem\",\"position\":1,\"name\":\"Home\",\"item\":\"https:\/\/skinglam.eu\/\"},{\"@type\":\"ListItem\",\"position\":2,\"name\":\"Shop\",\"item\":\"https:\/\/skinglam.eu\/hr\/shop\/\"},{\"@type\":\"ListItem\",\"position\":3,\"name\":\"SOME BY MI Clear Spot Patch 18pcs\"}]},{\"@type\":\"WebSite\",\"@id\":\"https:\/\/skinglam.eu\/hr\/#website\",\"url\":\"https:\/\/skinglam.eu\/hr\/\",\"name\":\"Skin Glam\",\"description\":\"K-beauty Shop\",\"publisher\":{\"@id\":\"https:\/\/skinglam.eu\/hr\/#organization\"},\"potentialAction\":[{\"@type\":\"SearchAction\",\"target\":{\"@type\":\"EntryPoint\",\"urlTemplate\":\"https:\/\/skinglam.eu\/hr\/?s={search_term_string}\"},\"query-input\":{\"@type\":\"PropertyValueSpecification\",\"valueRequired\":true,\"valueName\":\"search_term_string\"}}],\"inLanguage\":\"es\"},{\"@type\":\"Organization\",\"@id\":\"https:\/\/skinglam.eu\/hr\/#organization\",\"name\":\"SkinGlam d.o.o.\",\"url\":\"https:\/\/skinglam.eu\/hr\/\",\"logo\":{\"@type\":\"ImageObject\",\"inLanguage\":\"es\",\"@id\":\"https:\/\/skinglam.eu\/hr\/#\/schema\/logo\/image\/\",\"url\":\"https:\/\/skinglam.eu\/wp-content\/uploads\/2024\/09\/logo.jpg\",\"contentUrl\":\"https:\/\/skinglam.eu\/wp-content\/uploads\/2024\/09\/logo.jpg\",\"width\":883,\"height\":833,\"caption\":\"SkinGlam d.o.o.\"},\"image\":{\"@id\":\"https:\/\/skinglam.eu\/hr\/#\/schema\/logo\/image\/\"},\"sameAs\":[\"https:\/\/www.instagram.com\/skinglam.si\"]}]}<\/script>\n<!-- \/ Yoast SEO plugin. -->","yoast_head_json":{"title":"SOME BY MI Clear Spot Patch 18pcs - Skin Glam","robots":{"index":"index","follow":"follow","max-snippet":"max-snippet:-1","max-image-preview":"max-image-preview:large","max-video-preview":"max-video-preview:-1"},"canonical":"https:\/\/skinglam.eu\/es\/producto\/some-by-mi-clear-spot-patch-18pcs\/","og_locale":"es_ES","og_type":"article","og_title":"SOME BY MI Clear Spot Patch 18pcs - Skin Glam","og_description":"Introducing the Clear Spot Patches from SOME BY MI&#8217;s award-winning 30 Days Miracle Skincare line, designed by acne experts. These patches are a handy solution...","og_url":"https:\/\/skinglam.eu\/es\/producto\/some-by-mi-clear-spot-patch-18pcs\/","og_site_name":"Skin Glam","article_publisher":"https:\/\/www.instagram.com\/skinglam.si","article_modified_time":"2026-04-18T23:25:49+00:00","og_image":[{"width":1000,"height":1000,"url":"https:\/\/skinglam.eu\/wp-content\/uploads\/2023\/10\/clear-spot.jpg","type":"image\/jpeg"}],"twitter_card":"summary_large_image","twitter_misc":{"Tiempo de lectura":"1 minuto"},"schema":{"@context":"https:\/\/schema.org","@graph":[{"@type":"WebPage","@id":"https:\/\/skinglam.eu\/product\/some-by-mi-clear-spot-patch-18pcs\/","url":"https:\/\/skinglam.eu\/product\/some-by-mi-clear-spot-patch-18pcs\/","name":"SOME BY MI Clear Spot Patch 18pcs - Skin Glam","isPartOf":{"@id":"https:\/\/skinglam.eu\/hr\/#website"},"primaryImageOfPage":{"@id":"https:\/\/skinglam.eu\/product\/some-by-mi-clear-spot-patch-18pcs\/#primaryimage"},"image":{"@id":"https:\/\/skinglam.eu\/product\/some-by-mi-clear-spot-patch-18pcs\/#primaryimage"},"thumbnailUrl":"https:\/\/skinglam.eu\/wp-content\/uploads\/2023\/10\/clear-spot.jpg","datePublished":"2023-10-31T15:22:37+00:00","dateModified":"2026-04-18T23:25:49+00:00","breadcrumb":{"@id":"https:\/\/skinglam.eu\/product\/some-by-mi-clear-spot-patch-18pcs\/#breadcrumb"},"inLanguage":"es","potentialAction":[{"@type":"ReadAction","target":["https:\/\/skinglam.eu\/product\/some-by-mi-clear-spot-patch-18pcs\/"]}]},{"@type":"ImageObject","inLanguage":"es","@id":"https:\/\/skinglam.eu\/product\/some-by-mi-clear-spot-patch-18pcs\/#primaryimage","url":"https:\/\/skinglam.eu\/wp-content\/uploads\/2023\/10\/clear-spot.jpg","contentUrl":"https:\/\/skinglam.eu\/wp-content\/uploads\/2023\/10\/clear-spot.jpg","width":1000,"height":1000},{"@type":"BreadcrumbList","@id":"https:\/\/skinglam.eu\/product\/some-by-mi-clear-spot-patch-18pcs\/#breadcrumb","itemListElement":[{"@type":"ListItem","position":1,"name":"Home","item":"https:\/\/skinglam.eu\/"},{"@type":"ListItem","position":2,"name":"Shop","item":"https:\/\/skinglam.eu\/hr\/shop\/"},{"@type":"ListItem","position":3,"name":"SOME BY MI Clear Spot Patch 18pcs"}]},{"@type":"WebSite","@id":"https:\/\/skinglam.eu\/hr\/#website","url":"https:\/\/skinglam.eu\/hr\/","name":"Skin Glam","description":"K-beauty Shop","publisher":{"@id":"https:\/\/skinglam.eu\/hr\/#organization"},"potentialAction":[{"@type":"SearchAction","target":{"@type":"EntryPoint","urlTemplate":"https:\/\/skinglam.eu\/hr\/?s={search_term_string}"},"query-input":{"@type":"PropertyValueSpecification","valueRequired":true,"valueName":"search_term_string"}}],"inLanguage":"es"},{"@type":"Organization","@id":"https:\/\/skinglam.eu\/hr\/#organization","name":"SkinGlam d.o.o.","url":"https:\/\/skinglam.eu\/hr\/","logo":{"@type":"ImageObject","inLanguage":"es","@id":"https:\/\/skinglam.eu\/hr\/#\/schema\/logo\/image\/","url":"https:\/\/skinglam.eu\/wp-content\/uploads\/2024\/09\/logo.jpg","contentUrl":"https:\/\/skinglam.eu\/wp-content\/uploads\/2024\/09\/logo.jpg","width":883,"height":833,"caption":"SkinGlam d.o.o."},"image":{"@id":"https:\/\/skinglam.eu\/hr\/#\/schema\/logo\/image\/"},"sameAs":["https:\/\/www.instagram.com\/skinglam.si"]}]}},"_links":{"self":[{"href":"https:\/\/skinglam.eu\/es\/wp-json\/wp\/v2\/product\/3067","targetHints":{"allow":["GET"]}}],"collection":[{"href":"https:\/\/skinglam.eu\/es\/wp-json\/wp\/v2\/product"}],"about":[{"href":"https:\/\/skinglam.eu\/es\/wp-json\/wp\/v2\/types\/product"}],"replies":[{"embeddable":true,"href":"https:\/\/skinglam.eu\/es\/wp-json\/wp\/v2\/comments?post=3067"}],"version-history":[{"count":1,"href":"https:\/\/skinglam.eu\/es\/wp-json\/wp\/v2\/product\/3067\/revisions"}],"predecessor-version":[{"id":3069,"href":"https:\/\/skinglam.eu\/es\/wp-json\/wp\/v2\/product\/3067\/revisions\/3069"}],"wp:featuredmedia":[{"embeddable":true,"href":"https:\/\/skinglam.eu\/es\/wp-json\/wp\/v2\/media\/3068"}],"wp:attachment":[{"href":"https:\/\/skinglam.eu\/es\/wp-json\/wp\/v2\/media?parent=3067"}],"wp:term":[{"taxonomy":"brand","embeddable":true,"href":"https:\/\/skinglam.eu\/es\/wp-json\/wp\/v2\/etheme_brands?post=3067"},{"taxonomy":"product_cat","embeddable":true,"href":"https:\/\/skinglam.eu\/es\/wp-json\/wp\/v2\/product_cat?post=3067"},{"taxonomy":"product_tag","embeddable":true,"href":"https:\/\/skinglam.eu\/es\/wp-json\/wp\/v2\/product_tag?post=3067"}],"curies":[{"name":"wp","href":"https:\/\/api.w.org\/{rel}","templated":true}]}}