{"id":3079,"date":"2023-10-31T15:27:35","date_gmt":"2023-10-31T15:27:35","guid":{"rendered":"https:\/\/skinglam.si\/?post_type=product&#038;p=3079"},"modified":"2024-04-03T18:47:04","modified_gmt":"2024-04-03T18:47:04","slug":"some-by-mi-real-hyaluron-hydra-care-mask-25g","status":"publish","type":"product","link":"https:\/\/skinglam.eu\/es\/producto\/some-by-mi-real-hyaluron-hydra-care-mask-25g\/","title":{"rendered":"SOME BY MI Real Hyaluron Hydra Care Mask 25g"},"content":{"rendered":"<p>Real Hyaluron Hydra Care Mask es una mascarilla dise\u00f1ada para hidratar profundamente y dar volumen a la piel, dej\u00e1ndola con un aspecto suave y radiante.<\/p>\n<p>Fabricada con certificaci\u00f3n vegana, esta l\u00e1mina de celulosa de origen vegetal 100% es biodegradable. Esta hoja especial est\u00e1 impregnada de esencia y presenta peque\u00f1os orificios para administrar eficazmente los ingredientes activos a la piel.<\/p>\n<p>Proporciona la hidrataci\u00f3n que tanto necesita la piel seca y deshidratada, gracias al hialur\u00f3n real contenido en la mascarilla.<\/p>\n<p>*Las descripciones de ingredientes anteriores se limitan a las caracter\u00edsticas de las materias primas.<\/p>","protected":false},"excerpt":{"rendered":"<p>Real Hyaluron Hydra Care Mask is a sheet mask that is designed to deeply hydrate and plump the skin, leaving it looking smooth and radiant&#8230;.<\/p>","protected":false},"featured_media":3080,"comment_status":"open","ping_status":"closed","template":"","meta":{"_monsterinsights_skip_tracking":false,"_monsterinsights_sitenote_active":false,"_monsterinsights_sitenote_note":"","_monsterinsights_sitenote_category":0,"_uf_show_specific_survey":0,"_uf_disable_surveys":false},"etheme_brands":[],"product_cat":[139,140,141,70],"product_tag":[],"class_list":{"0":"post-3079","1":"product","2":"type-product","3":"status-publish","4":"has-post-thumbnail","6":"product_cat-dry","7":"product_cat-dryness","8":"product_cat-normal","9":"product_cat-masks","11":"first","12":"outofstock","13":"shipping-taxable","14":"purchasable","15":"product-type-simple"},"yoast_head":"<!-- This site is optimized with the Yoast SEO plugin v24.3 - https:\/\/yoast.com\/wordpress\/plugins\/seo\/ -->\n<title>SOME BY MI Real Hyaluron Hydra Care Mask 25g - Skin Glam<\/title>\n<meta name=\"robots\" content=\"index, follow, max-snippet:-1, max-image-preview:large, max-video-preview:-1\" \/>\n<link rel=\"canonical\" href=\"https:\/\/skinglam.eu\/es\/producto\/some-by-mi-real-hyaluron-hydra-care-mask-25g\/\" \/>\n<meta property=\"og:locale\" content=\"es_ES\" \/>\n<meta property=\"og:type\" content=\"article\" \/>\n<meta property=\"og:title\" content=\"SOME BY MI Real Hyaluron Hydra Care Mask 25g - Skin Glam\" \/>\n<meta property=\"og:description\" content=\"Real Hyaluron Hydra Care Mask is a sheet mask that is designed to deeply hydrate and plump the skin, leaving it looking smooth and radiant....\" \/>\n<meta property=\"og:url\" content=\"https:\/\/skinglam.eu\/es\/producto\/some-by-mi-real-hyaluron-hydra-care-mask-25g\/\" \/>\n<meta property=\"og:site_name\" content=\"Skin Glam\" \/>\n<meta property=\"article:publisher\" content=\"https:\/\/www.instagram.com\/skinglam.si\" \/>\n<meta property=\"article:modified_time\" content=\"2024-04-03T18:47:04+00:00\" \/>\n<meta property=\"og:image\" content=\"https:\/\/skinglam.eu\/wp-content\/uploads\/2023\/10\/hijaluron.jpg\" \/>\n\t<meta property=\"og:image:width\" content=\"1000\" \/>\n\t<meta property=\"og:image:height\" content=\"1000\" \/>\n\t<meta property=\"og:image:type\" content=\"image\/jpeg\" \/>\n<meta name=\"twitter:card\" content=\"summary_large_image\" \/>\n<script type=\"application\/ld+json\" class=\"yoast-schema-graph\">{\"@context\":\"https:\/\/schema.org\",\"@graph\":[{\"@type\":\"WebPage\",\"@id\":\"https:\/\/skinglam.eu\/product\/some-by-mi-real-hyaluron-hydra-care-mask-25g\/\",\"url\":\"https:\/\/skinglam.eu\/product\/some-by-mi-real-hyaluron-hydra-care-mask-25g\/\",\"name\":\"SOME BY MI Real Hyaluron Hydra Care Mask 25g - Skin Glam\",\"isPartOf\":{\"@id\":\"https:\/\/skinglam.eu\/hr\/#website\"},\"primaryImageOfPage\":{\"@id\":\"https:\/\/skinglam.eu\/product\/some-by-mi-real-hyaluron-hydra-care-mask-25g\/#primaryimage\"},\"image\":{\"@id\":\"https:\/\/skinglam.eu\/product\/some-by-mi-real-hyaluron-hydra-care-mask-25g\/#primaryimage\"},\"thumbnailUrl\":\"https:\/\/skinglam.eu\/wp-content\/uploads\/2023\/10\/hijaluron.jpg\",\"datePublished\":\"2023-10-31T15:27:35+00:00\",\"dateModified\":\"2024-04-03T18:47:04+00:00\",\"breadcrumb\":{\"@id\":\"https:\/\/skinglam.eu\/product\/some-by-mi-real-hyaluron-hydra-care-mask-25g\/#breadcrumb\"},\"inLanguage\":\"es\",\"potentialAction\":[{\"@type\":\"ReadAction\",\"target\":[\"https:\/\/skinglam.eu\/product\/some-by-mi-real-hyaluron-hydra-care-mask-25g\/\"]}]},{\"@type\":\"ImageObject\",\"inLanguage\":\"es\",\"@id\":\"https:\/\/skinglam.eu\/product\/some-by-mi-real-hyaluron-hydra-care-mask-25g\/#primaryimage\",\"url\":\"https:\/\/skinglam.eu\/wp-content\/uploads\/2023\/10\/hijaluron.jpg\",\"contentUrl\":\"https:\/\/skinglam.eu\/wp-content\/uploads\/2023\/10\/hijaluron.jpg\",\"width\":1000,\"height\":1000},{\"@type\":\"BreadcrumbList\",\"@id\":\"https:\/\/skinglam.eu\/product\/some-by-mi-real-hyaluron-hydra-care-mask-25g\/#breadcrumb\",\"itemListElement\":[{\"@type\":\"ListItem\",\"position\":1,\"name\":\"Home\",\"item\":\"https:\/\/skinglam.eu\/\"},{\"@type\":\"ListItem\",\"position\":2,\"name\":\"Shop\",\"item\":\"https:\/\/skinglam.eu\/hr\/shop\/\"},{\"@type\":\"ListItem\",\"position\":3,\"name\":\"SOME BY MI Real Hyaluron Hydra Care Mask 25g\"}]},{\"@type\":\"WebSite\",\"@id\":\"https:\/\/skinglam.eu\/hr\/#website\",\"url\":\"https:\/\/skinglam.eu\/hr\/\",\"name\":\"Skin Glam\",\"description\":\"K-beauty Shop\",\"publisher\":{\"@id\":\"https:\/\/skinglam.eu\/hr\/#organization\"},\"potentialAction\":[{\"@type\":\"SearchAction\",\"target\":{\"@type\":\"EntryPoint\",\"urlTemplate\":\"https:\/\/skinglam.eu\/hr\/?s={search_term_string}\"},\"query-input\":{\"@type\":\"PropertyValueSpecification\",\"valueRequired\":true,\"valueName\":\"search_term_string\"}}],\"inLanguage\":\"es\"},{\"@type\":\"Organization\",\"@id\":\"https:\/\/skinglam.eu\/hr\/#organization\",\"name\":\"SkinGlam d.o.o.\",\"url\":\"https:\/\/skinglam.eu\/hr\/\",\"logo\":{\"@type\":\"ImageObject\",\"inLanguage\":\"es\",\"@id\":\"https:\/\/skinglam.eu\/hr\/#\/schema\/logo\/image\/\",\"url\":\"https:\/\/skinglam.eu\/wp-content\/uploads\/2024\/09\/logo.jpg\",\"contentUrl\":\"https:\/\/skinglam.eu\/wp-content\/uploads\/2024\/09\/logo.jpg\",\"width\":883,\"height\":833,\"caption\":\"SkinGlam d.o.o.\"},\"image\":{\"@id\":\"https:\/\/skinglam.eu\/hr\/#\/schema\/logo\/image\/\"},\"sameAs\":[\"https:\/\/www.instagram.com\/skinglam.si\"]}]}<\/script>\n<!-- \/ Yoast SEO plugin. -->","yoast_head_json":{"title":"SOME BY MI Real Hyaluron Hydra Care Mask 25g - Skin Glam","robots":{"index":"index","follow":"follow","max-snippet":"max-snippet:-1","max-image-preview":"max-image-preview:large","max-video-preview":"max-video-preview:-1"},"canonical":"https:\/\/skinglam.eu\/es\/producto\/some-by-mi-real-hyaluron-hydra-care-mask-25g\/","og_locale":"es_ES","og_type":"article","og_title":"SOME BY MI Real Hyaluron Hydra Care Mask 25g - Skin Glam","og_description":"Real Hyaluron Hydra Care Mask is a sheet mask that is designed to deeply hydrate and plump the skin, leaving it looking smooth and radiant....","og_url":"https:\/\/skinglam.eu\/es\/producto\/some-by-mi-real-hyaluron-hydra-care-mask-25g\/","og_site_name":"Skin Glam","article_publisher":"https:\/\/www.instagram.com\/skinglam.si","article_modified_time":"2024-04-03T18:47:04+00:00","og_image":[{"width":1000,"height":1000,"url":"https:\/\/skinglam.eu\/wp-content\/uploads\/2023\/10\/hijaluron.jpg","type":"image\/jpeg"}],"twitter_card":"summary_large_image","schema":{"@context":"https:\/\/schema.org","@graph":[{"@type":"WebPage","@id":"https:\/\/skinglam.eu\/product\/some-by-mi-real-hyaluron-hydra-care-mask-25g\/","url":"https:\/\/skinglam.eu\/product\/some-by-mi-real-hyaluron-hydra-care-mask-25g\/","name":"SOME BY MI Real Hyaluron Hydra Care Mask 25g - Skin Glam","isPartOf":{"@id":"https:\/\/skinglam.eu\/hr\/#website"},"primaryImageOfPage":{"@id":"https:\/\/skinglam.eu\/product\/some-by-mi-real-hyaluron-hydra-care-mask-25g\/#primaryimage"},"image":{"@id":"https:\/\/skinglam.eu\/product\/some-by-mi-real-hyaluron-hydra-care-mask-25g\/#primaryimage"},"thumbnailUrl":"https:\/\/skinglam.eu\/wp-content\/uploads\/2023\/10\/hijaluron.jpg","datePublished":"2023-10-31T15:27:35+00:00","dateModified":"2024-04-03T18:47:04+00:00","breadcrumb":{"@id":"https:\/\/skinglam.eu\/product\/some-by-mi-real-hyaluron-hydra-care-mask-25g\/#breadcrumb"},"inLanguage":"es","potentialAction":[{"@type":"ReadAction","target":["https:\/\/skinglam.eu\/product\/some-by-mi-real-hyaluron-hydra-care-mask-25g\/"]}]},{"@type":"ImageObject","inLanguage":"es","@id":"https:\/\/skinglam.eu\/product\/some-by-mi-real-hyaluron-hydra-care-mask-25g\/#primaryimage","url":"https:\/\/skinglam.eu\/wp-content\/uploads\/2023\/10\/hijaluron.jpg","contentUrl":"https:\/\/skinglam.eu\/wp-content\/uploads\/2023\/10\/hijaluron.jpg","width":1000,"height":1000},{"@type":"BreadcrumbList","@id":"https:\/\/skinglam.eu\/product\/some-by-mi-real-hyaluron-hydra-care-mask-25g\/#breadcrumb","itemListElement":[{"@type":"ListItem","position":1,"name":"Home","item":"https:\/\/skinglam.eu\/"},{"@type":"ListItem","position":2,"name":"Shop","item":"https:\/\/skinglam.eu\/hr\/shop\/"},{"@type":"ListItem","position":3,"name":"SOME BY MI Real Hyaluron Hydra Care Mask 25g"}]},{"@type":"WebSite","@id":"https:\/\/skinglam.eu\/hr\/#website","url":"https:\/\/skinglam.eu\/hr\/","name":"Skin Glam","description":"K-beauty Shop","publisher":{"@id":"https:\/\/skinglam.eu\/hr\/#organization"},"potentialAction":[{"@type":"SearchAction","target":{"@type":"EntryPoint","urlTemplate":"https:\/\/skinglam.eu\/hr\/?s={search_term_string}"},"query-input":{"@type":"PropertyValueSpecification","valueRequired":true,"valueName":"search_term_string"}}],"inLanguage":"es"},{"@type":"Organization","@id":"https:\/\/skinglam.eu\/hr\/#organization","name":"SkinGlam d.o.o.","url":"https:\/\/skinglam.eu\/hr\/","logo":{"@type":"ImageObject","inLanguage":"es","@id":"https:\/\/skinglam.eu\/hr\/#\/schema\/logo\/image\/","url":"https:\/\/skinglam.eu\/wp-content\/uploads\/2024\/09\/logo.jpg","contentUrl":"https:\/\/skinglam.eu\/wp-content\/uploads\/2024\/09\/logo.jpg","width":883,"height":833,"caption":"SkinGlam d.o.o."},"image":{"@id":"https:\/\/skinglam.eu\/hr\/#\/schema\/logo\/image\/"},"sameAs":["https:\/\/www.instagram.com\/skinglam.si"]}]}},"_links":{"self":[{"href":"https:\/\/skinglam.eu\/es\/wp-json\/wp\/v2\/product\/3079","targetHints":{"allow":["GET"]}}],"collection":[{"href":"https:\/\/skinglam.eu\/es\/wp-json\/wp\/v2\/product"}],"about":[{"href":"https:\/\/skinglam.eu\/es\/wp-json\/wp\/v2\/types\/product"}],"replies":[{"embeddable":true,"href":"https:\/\/skinglam.eu\/es\/wp-json\/wp\/v2\/comments?post=3079"}],"version-history":[{"count":2,"href":"https:\/\/skinglam.eu\/es\/wp-json\/wp\/v2\/product\/3079\/revisions"}],"predecessor-version":[{"id":3848,"href":"https:\/\/skinglam.eu\/es\/wp-json\/wp\/v2\/product\/3079\/revisions\/3848"}],"wp:featuredmedia":[{"embeddable":true,"href":"https:\/\/skinglam.eu\/es\/wp-json\/wp\/v2\/media\/3080"}],"wp:attachment":[{"href":"https:\/\/skinglam.eu\/es\/wp-json\/wp\/v2\/media?parent=3079"}],"wp:term":[{"taxonomy":"brand","embeddable":true,"href":"https:\/\/skinglam.eu\/es\/wp-json\/wp\/v2\/etheme_brands?post=3079"},{"taxonomy":"product_cat","embeddable":true,"href":"https:\/\/skinglam.eu\/es\/wp-json\/wp\/v2\/product_cat?post=3079"},{"taxonomy":"product_tag","embeddable":true,"href":"https:\/\/skinglam.eu\/es\/wp-json\/wp\/v2\/product_tag?post=3079"}],"curies":[{"name":"wp","href":"https:\/\/api.w.org\/{rel}","templated":true}]}}