{"id":5391,"date":"2025-10-12T13:54:01","date_gmt":"2025-10-12T13:54:01","guid":{"rendered":"https:\/\/skinglam.eu\/?post_type=product&#038;p=5391"},"modified":"2026-04-18T12:56:24","modified_gmt":"2026-04-18T12:56:24","slug":"medicube-pdrn-pink-collagen-gel-mask-28g","status":"publish","type":"product","link":"https:\/\/skinglam.eu\/es\/producto\/medicube-pdrn-pink-collagen-gel-mask-28g\/","title":{"rendered":"MEDICUBE PDRN Mascarilla Gel Col\u00e1geno Rosa 28g"},"content":{"rendered":"<p>Experimente la recuperaci\u00f3n y reafirmaci\u00f3n de la piel en un solo tratamiento con esta innovadora mascarilla de gel.<\/p>\n<p>Combinando col\u00e1geno de bajo peso molecular y PDRN derivado del salm\u00f3n, se funde suavemente sobre la piel, volvi\u00e9ndose casi transparente a medida que sus poderosos ingredientes se absorben profundamente sin dejar residuos.<\/p>\n<p>Esta mascarilla de gel est\u00e1 enriquecida con p\u00e9ptidos como acetil hexap\u00e9ptido-8, trip\u00e9ptido de cobre-1 y palmitoil pentap\u00e9ptido-4, que trabajan juntos para estimular la producci\u00f3n de col\u00e1geno, mejorar la elasticidad de la piel y reducir los signos visibles del envejecimiento.<\/p>\n<p>Cl\u00ednicamente probada para mejorar la elasticidad, la luminosidad y la textura, esta mascarilla suaviza visiblemente las l\u00edneas de expresi\u00f3n y arrugas, reduciendo las arrugas de los ojos en un 9,3%* y las l\u00edneas de expresi\u00f3n en un 11,3%* tras un solo uso. El col\u00e1geno hidrolizado aporta volumen y elasticidad a la piel, mientras que 13 tipos de p\u00e9ptidos la reafirman y revitalizan. El \u00e1cido hialur\u00f3nico retiene una hidrataci\u00f3n duradera para una luminosidad tersa y juvenil.<\/p>\n<p>La capa ultrafina de gel refresca y suaviza la piel, reduciendo su temperatura casi 8 \u00b0C*, a la vez que forma una barrera de hidrataci\u00f3n que conserva la luminosidad hasta por 48 horas. Suave para pieles sensibles, est\u00e1 dermatol\u00f3gicamente probado y no irrita.<\/p>\n<p>Bono: los parches para ojos incluidos se pueden quitar y aplicar en cualquier \u00e1rea que necesite cuidado adicional, lo que hace de esta mascarilla un complemento vers\u00e1til para su rutina de cuidado de la piel.<\/p>","protected":false},"excerpt":{"rendered":"<p>Experience skin recovery and firming in just one treatment with this innovative gel mask. Combining low-molecular-weight Collagen and salmon-derived PDRN, it melts smoothly onto the&#8230;<\/p>","protected":false},"featured_media":5392,"comment_status":"open","ping_status":"closed","template":"","meta":{"_monsterinsights_skip_tracking":false,"_monsterinsights_sitenote_active":false,"_monsterinsights_sitenote_note":"","_monsterinsights_sitenote_category":0,"_uf_show_specific_survey":0,"_uf_disable_surveys":false},"etheme_brands":[{"term_id":415,"name":"MEDICUBE","slug":"medicube","term_group":0,"term_taxonomy_id":415,"taxonomy":"brand","description":"","parent":0,"count":12,"filter":"raw"}],"product_cat":[135,139,140,141,69,70],"product_tag":[462,455,452,226,460,461,184,458,426,438,171,416,459,457,464,451,456,453,407,454,463],"class_list":{"0":"post-5391","1":"product","2":"type-product","3":"status-publish","4":"has-post-thumbnail","6":"brand-medicube","7":"product_cat-anti-aging","8":"product_cat-dry","9":"product_cat-dryness","10":"product_cat-normal","11":"product_cat-treatments","12":"product_cat-masks","13":"product_tag-anti-aging-mask","14":"product_tag-collagen-boost","15":"product_tag-collagen-gel-mask","16":"product_tag-face-mask","17":"product_tag-facial-treatment","18":"product_tag-gel-mask","19":"product_tag-glass-skin","20":"product_tag-glow-mask","21":"product_tag-hydrating-mask","22":"product_tag-k-beauty","23":"product_tag-korean-skincare","24":"product_tag-medicube","25":"product_tag-medicube-mask","26":"product_tag-moisturizing-mask","27":"product_tag-nourishing-mask","28":"product_tag-pdrn-mask","29":"product_tag-pdrn-skincare","30":"product_tag-pink-collagen-mask","31":"product_tag-skin-firming","32":"product_tag-skin-revitalizing","33":"product_tag-skincare-mask","35":"first","36":"instock","37":"sale","38":"shipping-taxable","39":"purchasable","40":"product-type-simple"},"yoast_head":"<!-- This site is optimized with the Yoast SEO plugin v24.3 - https:\/\/yoast.com\/wordpress\/plugins\/seo\/ -->\n<title>MEDICUBE PDRN Pink Collagen Gel Mask 28g - Skin Glam<\/title>\n<meta name=\"description\" content=\"Revitalize and hydrate your skin with Medicube PDRN Pink Collagen Gel Mask. Infused with collagen and PDRN for firm, glowing and nourished skin.\" \/>\n<meta name=\"robots\" content=\"index, follow, max-snippet:-1, max-image-preview:large, max-video-preview:-1\" \/>\n<link rel=\"canonical\" href=\"https:\/\/skinglam.eu\/es\/producto\/medicube-pdrn-pink-collagen-gel-mask-28g\/\" \/>\n<meta property=\"og:locale\" content=\"es_ES\" \/>\n<meta property=\"og:type\" content=\"article\" \/>\n<meta property=\"og:title\" content=\"MEDICUBE PDRN Pink Collagen Gel Mask 28g - Skin Glam\" \/>\n<meta property=\"og:description\" content=\"Revitalize and hydrate your skin with Medicube PDRN Pink Collagen Gel Mask. Infused with collagen and PDRN for firm, glowing and nourished skin.\" \/>\n<meta property=\"og:url\" content=\"https:\/\/skinglam.eu\/es\/producto\/medicube-pdrn-pink-collagen-gel-mask-28g\/\" \/>\n<meta property=\"og:site_name\" content=\"Skin Glam\" \/>\n<meta property=\"article:publisher\" content=\"https:\/\/www.instagram.com\/skinglam.si\" \/>\n<meta property=\"article:modified_time\" content=\"2026-04-18T12:56:24+00:00\" \/>\n<meta property=\"og:image\" content=\"https:\/\/skinglam.eu\/wp-content\/uploads\/2025\/10\/medicube-pdrn-pink-collagen-gel-maska-28g6762889a6033e.jpg\" \/>\n\t<meta property=\"og:image:width\" content=\"600\" \/>\n\t<meta property=\"og:image:height\" content=\"800\" \/>\n\t<meta property=\"og:image:type\" content=\"image\/jpeg\" \/>\n<meta name=\"twitter:card\" content=\"summary_large_image\" \/>\n<meta name=\"twitter:label1\" content=\"Tiempo de lectura\" \/>\n\t<meta name=\"twitter:data1\" content=\"2 minutos\" \/>\n<script type=\"application\/ld+json\" class=\"yoast-schema-graph\">{\"@context\":\"https:\/\/schema.org\",\"@graph\":[{\"@type\":\"WebPage\",\"@id\":\"https:\/\/skinglam.eu\/product\/medicube-pdrn-pink-collagen-gel-mask-28g\/\",\"url\":\"https:\/\/skinglam.eu\/product\/medicube-pdrn-pink-collagen-gel-mask-28g\/\",\"name\":\"MEDICUBE PDRN Pink Collagen Gel Mask 28g - Skin Glam\",\"isPartOf\":{\"@id\":\"https:\/\/skinglam.eu\/hr\/#website\"},\"primaryImageOfPage\":{\"@id\":\"https:\/\/skinglam.eu\/product\/medicube-pdrn-pink-collagen-gel-mask-28g\/#primaryimage\"},\"image\":{\"@id\":\"https:\/\/skinglam.eu\/product\/medicube-pdrn-pink-collagen-gel-mask-28g\/#primaryimage\"},\"thumbnailUrl\":\"https:\/\/skinglam.eu\/wp-content\/uploads\/2025\/10\/medicube-pdrn-pink-collagen-gel-maska-28g6762889a6033e.jpg\",\"datePublished\":\"2025-10-12T13:54:01+00:00\",\"dateModified\":\"2026-04-18T12:56:24+00:00\",\"description\":\"Revitalize and hydrate your skin with Medicube PDRN Pink Collagen Gel Mask. Infused with collagen and PDRN for firm, glowing and nourished skin.\",\"breadcrumb\":{\"@id\":\"https:\/\/skinglam.eu\/product\/medicube-pdrn-pink-collagen-gel-mask-28g\/#breadcrumb\"},\"inLanguage\":\"es\",\"potentialAction\":[{\"@type\":\"ReadAction\",\"target\":[\"https:\/\/skinglam.eu\/product\/medicube-pdrn-pink-collagen-gel-mask-28g\/\"]}]},{\"@type\":\"ImageObject\",\"inLanguage\":\"es\",\"@id\":\"https:\/\/skinglam.eu\/product\/medicube-pdrn-pink-collagen-gel-mask-28g\/#primaryimage\",\"url\":\"https:\/\/skinglam.eu\/wp-content\/uploads\/2025\/10\/medicube-pdrn-pink-collagen-gel-maska-28g6762889a6033e.jpg\",\"contentUrl\":\"https:\/\/skinglam.eu\/wp-content\/uploads\/2025\/10\/medicube-pdrn-pink-collagen-gel-maska-28g6762889a6033e.jpg\",\"width\":600,\"height\":800,\"caption\":\"Medicube PDRN Pink Collagen Gel Mask \u2013 Deep hydration and skin firming with collagen and PDRN for a radiant glow.\"},{\"@type\":\"BreadcrumbList\",\"@id\":\"https:\/\/skinglam.eu\/product\/medicube-pdrn-pink-collagen-gel-mask-28g\/#breadcrumb\",\"itemListElement\":[{\"@type\":\"ListItem\",\"position\":1,\"name\":\"Home\",\"item\":\"https:\/\/skinglam.eu\/\"},{\"@type\":\"ListItem\",\"position\":2,\"name\":\"Shop\",\"item\":\"https:\/\/skinglam.eu\/hr\/shop\/\"},{\"@type\":\"ListItem\",\"position\":3,\"name\":\"MEDICUBE PDRN Pink Collagen Gel Mask 28g\"}]},{\"@type\":\"WebSite\",\"@id\":\"https:\/\/skinglam.eu\/hr\/#website\",\"url\":\"https:\/\/skinglam.eu\/hr\/\",\"name\":\"Skin Glam\",\"description\":\"K-beauty Shop\",\"publisher\":{\"@id\":\"https:\/\/skinglam.eu\/hr\/#organization\"},\"potentialAction\":[{\"@type\":\"SearchAction\",\"target\":{\"@type\":\"EntryPoint\",\"urlTemplate\":\"https:\/\/skinglam.eu\/hr\/?s={search_term_string}\"},\"query-input\":{\"@type\":\"PropertyValueSpecification\",\"valueRequired\":true,\"valueName\":\"search_term_string\"}}],\"inLanguage\":\"es\"},{\"@type\":\"Organization\",\"@id\":\"https:\/\/skinglam.eu\/hr\/#organization\",\"name\":\"SkinGlam d.o.o.\",\"url\":\"https:\/\/skinglam.eu\/hr\/\",\"logo\":{\"@type\":\"ImageObject\",\"inLanguage\":\"es\",\"@id\":\"https:\/\/skinglam.eu\/hr\/#\/schema\/logo\/image\/\",\"url\":\"https:\/\/skinglam.eu\/wp-content\/uploads\/2024\/09\/logo.jpg\",\"contentUrl\":\"https:\/\/skinglam.eu\/wp-content\/uploads\/2024\/09\/logo.jpg\",\"width\":883,\"height\":833,\"caption\":\"SkinGlam d.o.o.\"},\"image\":{\"@id\":\"https:\/\/skinglam.eu\/hr\/#\/schema\/logo\/image\/\"},\"sameAs\":[\"https:\/\/www.instagram.com\/skinglam.si\"]}]}<\/script>\n<!-- \/ Yoast SEO plugin. -->","yoast_head_json":{"title":"MEDICUBE PDRN Pink Collagen Gel Mask 28g - Skin Glam","description":"Revitalize and hydrate your skin with Medicube PDRN Pink Collagen Gel Mask. Infused with collagen and PDRN for firm, glowing and nourished skin.","robots":{"index":"index","follow":"follow","max-snippet":"max-snippet:-1","max-image-preview":"max-image-preview:large","max-video-preview":"max-video-preview:-1"},"canonical":"https:\/\/skinglam.eu\/es\/producto\/medicube-pdrn-pink-collagen-gel-mask-28g\/","og_locale":"es_ES","og_type":"article","og_title":"MEDICUBE PDRN Pink Collagen Gel Mask 28g - Skin Glam","og_description":"Revitalize and hydrate your skin with Medicube PDRN Pink Collagen Gel Mask. Infused with collagen and PDRN for firm, glowing and nourished skin.","og_url":"https:\/\/skinglam.eu\/es\/producto\/medicube-pdrn-pink-collagen-gel-mask-28g\/","og_site_name":"Skin Glam","article_publisher":"https:\/\/www.instagram.com\/skinglam.si","article_modified_time":"2026-04-18T12:56:24+00:00","og_image":[{"width":600,"height":800,"url":"https:\/\/skinglam.eu\/wp-content\/uploads\/2025\/10\/medicube-pdrn-pink-collagen-gel-maska-28g6762889a6033e.jpg","type":"image\/jpeg"}],"twitter_card":"summary_large_image","twitter_misc":{"Tiempo de lectura":"2 minutos"},"schema":{"@context":"https:\/\/schema.org","@graph":[{"@type":"WebPage","@id":"https:\/\/skinglam.eu\/product\/medicube-pdrn-pink-collagen-gel-mask-28g\/","url":"https:\/\/skinglam.eu\/product\/medicube-pdrn-pink-collagen-gel-mask-28g\/","name":"MEDICUBE PDRN Pink Collagen Gel Mask 28g - Skin Glam","isPartOf":{"@id":"https:\/\/skinglam.eu\/hr\/#website"},"primaryImageOfPage":{"@id":"https:\/\/skinglam.eu\/product\/medicube-pdrn-pink-collagen-gel-mask-28g\/#primaryimage"},"image":{"@id":"https:\/\/skinglam.eu\/product\/medicube-pdrn-pink-collagen-gel-mask-28g\/#primaryimage"},"thumbnailUrl":"https:\/\/skinglam.eu\/wp-content\/uploads\/2025\/10\/medicube-pdrn-pink-collagen-gel-maska-28g6762889a6033e.jpg","datePublished":"2025-10-12T13:54:01+00:00","dateModified":"2026-04-18T12:56:24+00:00","description":"Revitalize and hydrate your skin with Medicube PDRN Pink Collagen Gel Mask. Infused with collagen and PDRN for firm, glowing and nourished skin.","breadcrumb":{"@id":"https:\/\/skinglam.eu\/product\/medicube-pdrn-pink-collagen-gel-mask-28g\/#breadcrumb"},"inLanguage":"es","potentialAction":[{"@type":"ReadAction","target":["https:\/\/skinglam.eu\/product\/medicube-pdrn-pink-collagen-gel-mask-28g\/"]}]},{"@type":"ImageObject","inLanguage":"es","@id":"https:\/\/skinglam.eu\/product\/medicube-pdrn-pink-collagen-gel-mask-28g\/#primaryimage","url":"https:\/\/skinglam.eu\/wp-content\/uploads\/2025\/10\/medicube-pdrn-pink-collagen-gel-maska-28g6762889a6033e.jpg","contentUrl":"https:\/\/skinglam.eu\/wp-content\/uploads\/2025\/10\/medicube-pdrn-pink-collagen-gel-maska-28g6762889a6033e.jpg","width":600,"height":800,"caption":"Medicube PDRN Pink Collagen Gel Mask \u2013 Deep hydration and skin firming with collagen and PDRN for a radiant glow."},{"@type":"BreadcrumbList","@id":"https:\/\/skinglam.eu\/product\/medicube-pdrn-pink-collagen-gel-mask-28g\/#breadcrumb","itemListElement":[{"@type":"ListItem","position":1,"name":"Home","item":"https:\/\/skinglam.eu\/"},{"@type":"ListItem","position":2,"name":"Shop","item":"https:\/\/skinglam.eu\/hr\/shop\/"},{"@type":"ListItem","position":3,"name":"MEDICUBE PDRN Pink Collagen Gel Mask 28g"}]},{"@type":"WebSite","@id":"https:\/\/skinglam.eu\/hr\/#website","url":"https:\/\/skinglam.eu\/hr\/","name":"Skin Glam","description":"K-beauty Shop","publisher":{"@id":"https:\/\/skinglam.eu\/hr\/#organization"},"potentialAction":[{"@type":"SearchAction","target":{"@type":"EntryPoint","urlTemplate":"https:\/\/skinglam.eu\/hr\/?s={search_term_string}"},"query-input":{"@type":"PropertyValueSpecification","valueRequired":true,"valueName":"search_term_string"}}],"inLanguage":"es"},{"@type":"Organization","@id":"https:\/\/skinglam.eu\/hr\/#organization","name":"SkinGlam d.o.o.","url":"https:\/\/skinglam.eu\/hr\/","logo":{"@type":"ImageObject","inLanguage":"es","@id":"https:\/\/skinglam.eu\/hr\/#\/schema\/logo\/image\/","url":"https:\/\/skinglam.eu\/wp-content\/uploads\/2024\/09\/logo.jpg","contentUrl":"https:\/\/skinglam.eu\/wp-content\/uploads\/2024\/09\/logo.jpg","width":883,"height":833,"caption":"SkinGlam d.o.o."},"image":{"@id":"https:\/\/skinglam.eu\/hr\/#\/schema\/logo\/image\/"},"sameAs":["https:\/\/www.instagram.com\/skinglam.si"]}]}},"_links":{"self":[{"href":"https:\/\/skinglam.eu\/es\/wp-json\/wp\/v2\/product\/5391","targetHints":{"allow":["GET"]}}],"collection":[{"href":"https:\/\/skinglam.eu\/es\/wp-json\/wp\/v2\/product"}],"about":[{"href":"https:\/\/skinglam.eu\/es\/wp-json\/wp\/v2\/types\/product"}],"replies":[{"embeddable":true,"href":"https:\/\/skinglam.eu\/es\/wp-json\/wp\/v2\/comments?post=5391"}],"version-history":[{"count":1,"href":"https:\/\/skinglam.eu\/es\/wp-json\/wp\/v2\/product\/5391\/revisions"}],"predecessor-version":[{"id":5393,"href":"https:\/\/skinglam.eu\/es\/wp-json\/wp\/v2\/product\/5391\/revisions\/5393"}],"wp:featuredmedia":[{"embeddable":true,"href":"https:\/\/skinglam.eu\/es\/wp-json\/wp\/v2\/media\/5392"}],"wp:attachment":[{"href":"https:\/\/skinglam.eu\/es\/wp-json\/wp\/v2\/media?parent=5391"}],"wp:term":[{"taxonomy":"brand","embeddable":true,"href":"https:\/\/skinglam.eu\/es\/wp-json\/wp\/v2\/etheme_brands?post=5391"},{"taxonomy":"product_cat","embeddable":true,"href":"https:\/\/skinglam.eu\/es\/wp-json\/wp\/v2\/product_cat?post=5391"},{"taxonomy":"product_tag","embeddable":true,"href":"https:\/\/skinglam.eu\/es\/wp-json\/wp\/v2\/product_tag?post=5391"}],"curies":[{"name":"wp","href":"https:\/\/api.w.org\/{rel}","templated":true}]}}