{"id":1962,"date":"2023-09-13T11:28:30","date_gmt":"2023-09-13T11:28:30","guid":{"rendered":"https:\/\/skin.ocstesting.mk\/?post_type=product&#038;p=1962"},"modified":"2026-04-18T20:55:25","modified_gmt":"2026-04-18T20:55:25","slug":"madagascar-centella-hyalu-cica-brightening-toner","status":"publish","type":"product","link":"https:\/\/skinglam.eu\/hr\/proizvod\/madagascar-centella-hyalu-cica-brightening-toner\/","title":{"rendered":"SKIN1004 Madagascar Centella Hyalu-Cica Brightening Toner 210ml"},"content":{"rendered":"<p><strong>SKIN1004 Madagascar Centella Hyalu-Cica Brightening Toner 210ml<\/strong><\/p>\n<p>The Skin1004 Madagascar Centella <u>Hyalu<\/u>-Cica Brightening Toner je vrlo hidratantni tonik koji blago pilingira ko\u017eu dodatkom AHA i LHA.<\/p>\n<p>Part of the popular SKIN1004 line, this toner features their award-winning Hyalu-Cica Formula\u2014a soothing synergy of Centella Asiatica and Hyaluronic Acid. It replenishes and hydrates dehydrated and dry skin while calming irritation. This moisturizing yet lightweight formula is infused with exfoliating ingredients (AHA and LHA) to gently remove dead skin cells and promote skin cell turnover.<\/p>\n<p>Tako\u0111er sadr\u017ei niacinamid, sastojak poznat po ujedna\u010davanju tona ko\u017ee, koji ima protuupalni u\u010dinak i regulira proizvodnju sebuma.<\/p>\n<p>Ovaj tonik je pogodan za sve tipove ko\u017ee, a posebno one sa suhom, dehidriranom, osjetljivom ko\u017eom.<\/p>\n<p>*Gore navedeni opisi sastojaka ograni\u010deni su na karakteristike sirovina.<\/p>","protected":false},"excerpt":{"rendered":"<p>SKIN1004 Madagascar Centella Hyalu-Cica Brightening Toner 210ml The Skin1004 Madagascar Centella Hyalu-Cica Brightening Toner is a very moisturizing toner that mildly exfoliates the skin by&#8230;<\/p>","protected":false},"featured_media":1963,"comment_status":"open","ping_status":"closed","template":"","meta":{"_monsterinsights_skip_tracking":false,"_monsterinsights_sitenote_active":false,"_monsterinsights_sitenote_note":"","_monsterinsights_sitenote_category":0,"_uf_show_specific_survey":0,"_uf_disable_surveys":false},"etheme_brands":[{"term_id":96,"name":"SKIN1004","slug":"skin1004","term_group":0,"term_taxonomy_id":96,"taxonomy":"brand","description":"","parent":0,"count":19,"filter":"raw"}],"product_cat":[137,138,139,140,141,145,65],"product_tag":[],"class_list":{"0":"post-1962","1":"product","2":"type-product","3":"status-publish","4":"has-post-thumbnail","6":"brand-skin1004","7":"product_cat-combination","8":"product_cat-dark-spots-pigmentation","9":"product_cat-dry","10":"product_cat-dryness","11":"product_cat-normal","12":"product_cat-sensitive","13":"product_cat-toners-essences","15":"first","16":"instock","17":"sale","18":"shipping-taxable","19":"purchasable","20":"product-type-simple"},"yoast_head":"<!-- This site is optimized with the Yoast SEO plugin v24.3 - https:\/\/yoast.com\/wordpress\/plugins\/seo\/ -->\n<title>SKIN1004 Madagascar Centella Hyalu-Cica Brightening Toner 210ml - Skin Glam<\/title>\n<meta name=\"robots\" content=\"index, follow, max-snippet:-1, max-image-preview:large, max-video-preview:-1\" \/>\n<link rel=\"canonical\" href=\"https:\/\/skinglam.eu\/hr\/proizvod\/madagascar-centella-hyalu-cica-brightening-toner\/\" \/>\n<meta property=\"og:locale\" content=\"hr_HR\" \/>\n<meta property=\"og:type\" content=\"article\" \/>\n<meta property=\"og:title\" content=\"SKIN1004 Madagascar Centella Hyalu-Cica Brightening Toner 210ml - Skin Glam\" \/>\n<meta property=\"og:description\" content=\"SKIN1004 Madagascar Centella Hyalu-Cica Brightening Toner 210ml The Skin1004 Madagascar Centella Hyalu-Cica Brightening Toner is a very moisturizing toner that mildly exfoliates the skin by...\" \/>\n<meta property=\"og:url\" content=\"https:\/\/skinglam.eu\/hr\/proizvod\/madagascar-centella-hyalu-cica-brightening-toner\/\" \/>\n<meta property=\"og:site_name\" content=\"Skin Glam\" \/>\n<meta property=\"article:publisher\" content=\"https:\/\/www.instagram.com\/skinglam.si\" \/>\n<meta property=\"article:modified_time\" content=\"2026-04-18T20:55:25+00:00\" \/>\n<meta property=\"og:image\" content=\"https:\/\/skinglam.eu\/wp-content\/uploads\/2023\/09\/skin1004-toner-hyalu-cica-brightening-toner-38642848170230_1800x1800.webp\" \/>\n\t<meta property=\"og:image:width\" content=\"1800\" \/>\n\t<meta property=\"og:image:height\" content=\"1800\" \/>\n\t<meta property=\"og:image:type\" content=\"image\/webp\" \/>\n<meta name=\"twitter:card\" content=\"summary_large_image\" \/>\n<meta name=\"twitter:label1\" content=\"Procijenjeno vrijeme \u010ditanja\" \/>\n\t<meta name=\"twitter:data1\" content=\"1 minuta\" \/>\n<script type=\"application\/ld+json\" class=\"yoast-schema-graph\">{\"@context\":\"https:\/\/schema.org\",\"@graph\":[{\"@type\":\"WebPage\",\"@id\":\"https:\/\/skinglam.eu\/product\/madagascar-centella-hyalu-cica-brightening-toner\/\",\"url\":\"https:\/\/skinglam.eu\/product\/madagascar-centella-hyalu-cica-brightening-toner\/\",\"name\":\"SKIN1004 Madagascar Centella Hyalu-Cica Brightening Toner 210ml - Skin Glam\",\"isPartOf\":{\"@id\":\"https:\/\/skinglam.eu\/hr\/#website\"},\"primaryImageOfPage\":{\"@id\":\"https:\/\/skinglam.eu\/product\/madagascar-centella-hyalu-cica-brightening-toner\/#primaryimage\"},\"image\":{\"@id\":\"https:\/\/skinglam.eu\/product\/madagascar-centella-hyalu-cica-brightening-toner\/#primaryimage\"},\"thumbnailUrl\":\"https:\/\/skinglam.eu\/wp-content\/uploads\/2023\/09\/skin1004-toner-hyalu-cica-brightening-toner-38642848170230_1800x1800.webp\",\"datePublished\":\"2023-09-13T11:28:30+00:00\",\"dateModified\":\"2026-04-18T20:55:25+00:00\",\"breadcrumb\":{\"@id\":\"https:\/\/skinglam.eu\/product\/madagascar-centella-hyalu-cica-brightening-toner\/#breadcrumb\"},\"inLanguage\":\"hr\",\"potentialAction\":[{\"@type\":\"ReadAction\",\"target\":[\"https:\/\/skinglam.eu\/product\/madagascar-centella-hyalu-cica-brightening-toner\/\"]}]},{\"@type\":\"ImageObject\",\"inLanguage\":\"hr\",\"@id\":\"https:\/\/skinglam.eu\/product\/madagascar-centella-hyalu-cica-brightening-toner\/#primaryimage\",\"url\":\"https:\/\/skinglam.eu\/wp-content\/uploads\/2023\/09\/skin1004-toner-hyalu-cica-brightening-toner-38642848170230_1800x1800.webp\",\"contentUrl\":\"https:\/\/skinglam.eu\/wp-content\/uploads\/2023\/09\/skin1004-toner-hyalu-cica-brightening-toner-38642848170230_1800x1800.webp\",\"width\":1800,\"height\":1800},{\"@type\":\"BreadcrumbList\",\"@id\":\"https:\/\/skinglam.eu\/product\/madagascar-centella-hyalu-cica-brightening-toner\/#breadcrumb\",\"itemListElement\":[{\"@type\":\"ListItem\",\"position\":1,\"name\":\"Home\",\"item\":\"https:\/\/skinglam.eu\/\"},{\"@type\":\"ListItem\",\"position\":2,\"name\":\"Shop\",\"item\":\"https:\/\/skinglam.eu\/hr\/shop\/\"},{\"@type\":\"ListItem\",\"position\":3,\"name\":\"SKIN1004 Madagascar Centella Hyalu-Cica Brightening Toner 210ml\"}]},{\"@type\":\"WebSite\",\"@id\":\"https:\/\/skinglam.eu\/hr\/#website\",\"url\":\"https:\/\/skinglam.eu\/hr\/\",\"name\":\"Skin Glam\",\"description\":\"K-beauty Shop\",\"publisher\":{\"@id\":\"https:\/\/skinglam.eu\/hr\/#organization\"},\"potentialAction\":[{\"@type\":\"SearchAction\",\"target\":{\"@type\":\"EntryPoint\",\"urlTemplate\":\"https:\/\/skinglam.eu\/hr\/?s={search_term_string}\"},\"query-input\":{\"@type\":\"PropertyValueSpecification\",\"valueRequired\":true,\"valueName\":\"search_term_string\"}}],\"inLanguage\":\"hr\"},{\"@type\":\"Organization\",\"@id\":\"https:\/\/skinglam.eu\/hr\/#organization\",\"name\":\"SkinGlam d.o.o.\",\"url\":\"https:\/\/skinglam.eu\/hr\/\",\"logo\":{\"@type\":\"ImageObject\",\"inLanguage\":\"hr\",\"@id\":\"https:\/\/skinglam.eu\/hr\/#\/schema\/logo\/image\/\",\"url\":\"https:\/\/skinglam.eu\/wp-content\/uploads\/2024\/09\/logo.jpg\",\"contentUrl\":\"https:\/\/skinglam.eu\/wp-content\/uploads\/2024\/09\/logo.jpg\",\"width\":883,\"height\":833,\"caption\":\"SkinGlam d.o.o.\"},\"image\":{\"@id\":\"https:\/\/skinglam.eu\/hr\/#\/schema\/logo\/image\/\"},\"sameAs\":[\"https:\/\/www.instagram.com\/skinglam.si\"]}]}<\/script>\n<!-- \/ Yoast SEO plugin. -->","yoast_head_json":{"title":"SKIN1004 Madagascar Centella Hyalu-Cica Brightening Toner 210ml - Skin Glam","robots":{"index":"index","follow":"follow","max-snippet":"max-snippet:-1","max-image-preview":"max-image-preview:large","max-video-preview":"max-video-preview:-1"},"canonical":"https:\/\/skinglam.eu\/hr\/proizvod\/madagascar-centella-hyalu-cica-brightening-toner\/","og_locale":"hr_HR","og_type":"article","og_title":"SKIN1004 Madagascar Centella Hyalu-Cica Brightening Toner 210ml - Skin Glam","og_description":"SKIN1004 Madagascar Centella Hyalu-Cica Brightening Toner 210ml The Skin1004 Madagascar Centella Hyalu-Cica Brightening Toner is a very moisturizing toner that mildly exfoliates the skin by...","og_url":"https:\/\/skinglam.eu\/hr\/proizvod\/madagascar-centella-hyalu-cica-brightening-toner\/","og_site_name":"Skin Glam","article_publisher":"https:\/\/www.instagram.com\/skinglam.si","article_modified_time":"2026-04-18T20:55:25+00:00","og_image":[{"width":1800,"height":1800,"url":"https:\/\/skinglam.eu\/wp-content\/uploads\/2023\/09\/skin1004-toner-hyalu-cica-brightening-toner-38642848170230_1800x1800.webp","type":"image\/webp"}],"twitter_card":"summary_large_image","twitter_misc":{"Procijenjeno vrijeme \u010ditanja":"1 minuta"},"schema":{"@context":"https:\/\/schema.org","@graph":[{"@type":"WebPage","@id":"https:\/\/skinglam.eu\/product\/madagascar-centella-hyalu-cica-brightening-toner\/","url":"https:\/\/skinglam.eu\/product\/madagascar-centella-hyalu-cica-brightening-toner\/","name":"SKIN1004 Madagascar Centella Hyalu-Cica Brightening Toner 210ml - Skin Glam","isPartOf":{"@id":"https:\/\/skinglam.eu\/hr\/#website"},"primaryImageOfPage":{"@id":"https:\/\/skinglam.eu\/product\/madagascar-centella-hyalu-cica-brightening-toner\/#primaryimage"},"image":{"@id":"https:\/\/skinglam.eu\/product\/madagascar-centella-hyalu-cica-brightening-toner\/#primaryimage"},"thumbnailUrl":"https:\/\/skinglam.eu\/wp-content\/uploads\/2023\/09\/skin1004-toner-hyalu-cica-brightening-toner-38642848170230_1800x1800.webp","datePublished":"2023-09-13T11:28:30+00:00","dateModified":"2026-04-18T20:55:25+00:00","breadcrumb":{"@id":"https:\/\/skinglam.eu\/product\/madagascar-centella-hyalu-cica-brightening-toner\/#breadcrumb"},"inLanguage":"hr","potentialAction":[{"@type":"ReadAction","target":["https:\/\/skinglam.eu\/product\/madagascar-centella-hyalu-cica-brightening-toner\/"]}]},{"@type":"ImageObject","inLanguage":"hr","@id":"https:\/\/skinglam.eu\/product\/madagascar-centella-hyalu-cica-brightening-toner\/#primaryimage","url":"https:\/\/skinglam.eu\/wp-content\/uploads\/2023\/09\/skin1004-toner-hyalu-cica-brightening-toner-38642848170230_1800x1800.webp","contentUrl":"https:\/\/skinglam.eu\/wp-content\/uploads\/2023\/09\/skin1004-toner-hyalu-cica-brightening-toner-38642848170230_1800x1800.webp","width":1800,"height":1800},{"@type":"BreadcrumbList","@id":"https:\/\/skinglam.eu\/product\/madagascar-centella-hyalu-cica-brightening-toner\/#breadcrumb","itemListElement":[{"@type":"ListItem","position":1,"name":"Home","item":"https:\/\/skinglam.eu\/"},{"@type":"ListItem","position":2,"name":"Shop","item":"https:\/\/skinglam.eu\/hr\/shop\/"},{"@type":"ListItem","position":3,"name":"SKIN1004 Madagascar Centella Hyalu-Cica Brightening Toner 210ml"}]},{"@type":"WebSite","@id":"https:\/\/skinglam.eu\/hr\/#website","url":"https:\/\/skinglam.eu\/hr\/","name":"Skin Glam","description":"K-beauty Shop","publisher":{"@id":"https:\/\/skinglam.eu\/hr\/#organization"},"potentialAction":[{"@type":"SearchAction","target":{"@type":"EntryPoint","urlTemplate":"https:\/\/skinglam.eu\/hr\/?s={search_term_string}"},"query-input":{"@type":"PropertyValueSpecification","valueRequired":true,"valueName":"search_term_string"}}],"inLanguage":"hr"},{"@type":"Organization","@id":"https:\/\/skinglam.eu\/hr\/#organization","name":"SkinGlam d.o.o.","url":"https:\/\/skinglam.eu\/hr\/","logo":{"@type":"ImageObject","inLanguage":"hr","@id":"https:\/\/skinglam.eu\/hr\/#\/schema\/logo\/image\/","url":"https:\/\/skinglam.eu\/wp-content\/uploads\/2024\/09\/logo.jpg","contentUrl":"https:\/\/skinglam.eu\/wp-content\/uploads\/2024\/09\/logo.jpg","width":883,"height":833,"caption":"SkinGlam d.o.o."},"image":{"@id":"https:\/\/skinglam.eu\/hr\/#\/schema\/logo\/image\/"},"sameAs":["https:\/\/www.instagram.com\/skinglam.si"]}]}},"_links":{"self":[{"href":"https:\/\/skinglam.eu\/hr\/wp-json\/wp\/v2\/product\/1962","targetHints":{"allow":["GET"]}}],"collection":[{"href":"https:\/\/skinglam.eu\/hr\/wp-json\/wp\/v2\/product"}],"about":[{"href":"https:\/\/skinglam.eu\/hr\/wp-json\/wp\/v2\/types\/product"}],"replies":[{"embeddable":true,"href":"https:\/\/skinglam.eu\/hr\/wp-json\/wp\/v2\/comments?post=1962"}],"version-history":[{"count":7,"href":"https:\/\/skinglam.eu\/hr\/wp-json\/wp\/v2\/product\/1962\/revisions"}],"predecessor-version":[{"id":5561,"href":"https:\/\/skinglam.eu\/hr\/wp-json\/wp\/v2\/product\/1962\/revisions\/5561"}],"wp:featuredmedia":[{"embeddable":true,"href":"https:\/\/skinglam.eu\/hr\/wp-json\/wp\/v2\/media\/1963"}],"wp:attachment":[{"href":"https:\/\/skinglam.eu\/hr\/wp-json\/wp\/v2\/media?parent=1962"}],"wp:term":[{"taxonomy":"brand","embeddable":true,"href":"https:\/\/skinglam.eu\/hr\/wp-json\/wp\/v2\/etheme_brands?post=1962"},{"taxonomy":"product_cat","embeddable":true,"href":"https:\/\/skinglam.eu\/hr\/wp-json\/wp\/v2\/product_cat?post=1962"},{"taxonomy":"product_tag","embeddable":true,"href":"https:\/\/skinglam.eu\/hr\/wp-json\/wp\/v2\/product_tag?post=1962"}],"curies":[{"name":"wp","href":"https:\/\/api.w.org\/{rel}","templated":true}]}}