{"id":2808,"date":"2023-10-27T14:09:36","date_gmt":"2023-10-27T14:09:36","guid":{"rendered":"https:\/\/skinglam.si\/?post_type=product&#038;p=2808"},"modified":"2026-04-18T11:25:30","modified_gmt":"2026-04-18T11:25:30","slug":"beauty-of-joseon-centella-asiatica-calming-mask-25ml","status":"publish","type":"product","link":"https:\/\/skinglam.eu\/hr\/proizvod\/beauty-of-joseon-centella-asiatica-calming-mask-25ml\/","title":{"rendered":"Beauty of Joseon Centella Asiatica Calming Mask 25ml"},"content":{"rendered":"<p>Oboga\u0107en 15% Centella Asiatica, ovo pakiranje maske osmi\u0161ljeno je za ugodu i umirivanje va\u0161e ko\u017ee. Kombinacija ekstrakta zelenog \u010daja, ekstrakta pelina i 3 vrste hijaluronske kiseline pru\u017ea duboku hidrataciju, osvje\u017eavaju\u0107i va\u0161u ko\u017eu iznutra.<\/p>\n<p>Tanka Tencel plo\u010da<br \/>\nTanka Tencel plo\u010da \u010dvrsto prianja uz ko\u017eu bez obzira na oblik lica.<br \/>\nOsim toga, vrlo je prozra\u010dna i ne za\u010depljuje pore \u010dak ni dok maska prekriva lice.<\/p>\n<p>Dubinska hidratacija<br \/>\nSadr\u017ei 3 vrste hijaluronske kiseline, niske-srednje-visoke molekularne te\u017eine, hidratizira ko\u017eu iz dubine.<\/p>\n<p>Barijera protiv vlage<br \/>\nIma esencijalnu teksturu koja pru\u017ea mo\u0107an sloj vlage na ko\u017ei.<\/p>\n<p>Klju\u010dni sastojci<\/p>\n<p>Ekstrakt Centella asiatica 15%<br \/>\nZovu je i &#039;Tigrova trava&#039; jer je zabilje\u017eeno da su se tigrovi valjali po poljima trave centele kad su bili ozlije\u0111eni u davnim vremenima. Umiruje i opu\u0161ta ko\u017eu.<\/p>\n<p>Hijaluronska kiselina<br \/>\nSadr\u017ei hijaluronsku kiselinu, hidroliziranu hijaluronsku kiselinu i natrijev hijaluronat, hidratizira ko\u017eu iz dubine. Osim toga, sadr\u017ei prirodne biljne sastojke kao \u0161to su ekstrakt pelina, ekstrakt goji bobica, ekstrakt ginsenga i ekstrakt zelenog \u010daja.<\/p>\n<p>*Gore navedeni opisi sastojaka ograni\u010deni su na karakteristike sirovina.<\/p>","protected":false},"excerpt":{"rendered":"<p>Enriched with 15% Centella Asiatica, this mask pack is designed to comfort and soothe your skin. The combination of green tea extract, mugwort extract, and&#8230;<\/p>","protected":false},"featured_media":2809,"comment_status":"open","ping_status":"closed","template":"","meta":{"_monsterinsights_skip_tracking":false,"_monsterinsights_sitenote_active":false,"_monsterinsights_sitenote_note":"","_monsterinsights_sitenote_category":0,"_uf_show_specific_survey":0,"_uf_disable_surveys":false},"etheme_brands":[],"product_cat":[134,137,139,140,141,143,144,145,70],"product_tag":[],"class_list":{"0":"post-2808","1":"product","2":"type-product","3":"status-publish","4":"has-post-thumbnail","6":"product_cat-acne","7":"product_cat-combination","8":"product_cat-dry","9":"product_cat-dryness","10":"product_cat-normal","11":"product_cat-oily","12":"product_cat-redness","13":"product_cat-sensitive","14":"product_cat-masks","16":"first","17":"instock","18":"sale","19":"shipping-taxable","20":"purchasable","21":"product-type-simple"},"yoast_head":"<!-- This site is optimized with the Yoast SEO plugin v24.3 - https:\/\/yoast.com\/wordpress\/plugins\/seo\/ -->\n<title>Beauty of Joseon Centella Asiatica Calming Mask 25ml - Skin Glam<\/title>\n<meta name=\"robots\" content=\"index, follow, max-snippet:-1, max-image-preview:large, max-video-preview:-1\" \/>\n<link rel=\"canonical\" href=\"https:\/\/skinglam.eu\/hr\/proizvod\/beauty-of-joseon-centella-asiatica-calming-mask-25ml\/\" \/>\n<meta property=\"og:locale\" content=\"hr_HR\" \/>\n<meta property=\"og:type\" content=\"article\" \/>\n<meta property=\"og:title\" content=\"Beauty of Joseon Centella Asiatica Calming Mask 25ml - Skin Glam\" \/>\n<meta property=\"og:description\" content=\"Enriched with 15% Centella Asiatica, this mask pack is designed to comfort and soothe your skin. The combination of green tea extract, mugwort extract, and...\" \/>\n<meta property=\"og:url\" content=\"https:\/\/skinglam.eu\/hr\/proizvod\/beauty-of-joseon-centella-asiatica-calming-mask-25ml\/\" \/>\n<meta property=\"og:site_name\" content=\"Skin Glam\" \/>\n<meta property=\"article:publisher\" content=\"https:\/\/www.instagram.com\/skinglam.si\" \/>\n<meta property=\"article:modified_time\" content=\"2026-04-18T11:25:30+00:00\" \/>\n<meta property=\"og:image\" content=\"https:\/\/skinglam.eu\/wp-content\/uploads\/2023\/10\/BeautyofJoseon_CentellaAsiaticaCalmingMask_800x.webp\" \/>\n\t<meta property=\"og:image:width\" content=\"800\" \/>\n\t<meta property=\"og:image:height\" content=\"800\" \/>\n\t<meta property=\"og:image:type\" content=\"image\/webp\" \/>\n<meta name=\"twitter:card\" content=\"summary_large_image\" \/>\n<meta name=\"twitter:label1\" content=\"Procijenjeno vrijeme \u010ditanja\" \/>\n\t<meta name=\"twitter:data1\" content=\"1 minuta\" \/>\n<script type=\"application\/ld+json\" class=\"yoast-schema-graph\">{\"@context\":\"https:\/\/schema.org\",\"@graph\":[{\"@type\":\"WebPage\",\"@id\":\"https:\/\/skinglam.eu\/product\/beauty-of-joseon-centella-asiatica-calming-mask-25ml\/\",\"url\":\"https:\/\/skinglam.eu\/product\/beauty-of-joseon-centella-asiatica-calming-mask-25ml\/\",\"name\":\"Beauty of Joseon Centella Asiatica Calming Mask 25ml - Skin Glam\",\"isPartOf\":{\"@id\":\"https:\/\/skinglam.eu\/hr\/#website\"},\"primaryImageOfPage\":{\"@id\":\"https:\/\/skinglam.eu\/product\/beauty-of-joseon-centella-asiatica-calming-mask-25ml\/#primaryimage\"},\"image\":{\"@id\":\"https:\/\/skinglam.eu\/product\/beauty-of-joseon-centella-asiatica-calming-mask-25ml\/#primaryimage\"},\"thumbnailUrl\":\"https:\/\/skinglam.eu\/wp-content\/uploads\/2023\/10\/BeautyofJoseon_CentellaAsiaticaCalmingMask_800x.webp\",\"datePublished\":\"2023-10-27T14:09:36+00:00\",\"dateModified\":\"2026-04-18T11:25:30+00:00\",\"breadcrumb\":{\"@id\":\"https:\/\/skinglam.eu\/product\/beauty-of-joseon-centella-asiatica-calming-mask-25ml\/#breadcrumb\"},\"inLanguage\":\"hr\",\"potentialAction\":[{\"@type\":\"ReadAction\",\"target\":[\"https:\/\/skinglam.eu\/product\/beauty-of-joseon-centella-asiatica-calming-mask-25ml\/\"]}]},{\"@type\":\"ImageObject\",\"inLanguage\":\"hr\",\"@id\":\"https:\/\/skinglam.eu\/product\/beauty-of-joseon-centella-asiatica-calming-mask-25ml\/#primaryimage\",\"url\":\"https:\/\/skinglam.eu\/wp-content\/uploads\/2023\/10\/BeautyofJoseon_CentellaAsiaticaCalmingMask_800x.webp\",\"contentUrl\":\"https:\/\/skinglam.eu\/wp-content\/uploads\/2023\/10\/BeautyofJoseon_CentellaAsiaticaCalmingMask_800x.webp\",\"width\":800,\"height\":800},{\"@type\":\"BreadcrumbList\",\"@id\":\"https:\/\/skinglam.eu\/product\/beauty-of-joseon-centella-asiatica-calming-mask-25ml\/#breadcrumb\",\"itemListElement\":[{\"@type\":\"ListItem\",\"position\":1,\"name\":\"Home\",\"item\":\"https:\/\/skinglam.eu\/\"},{\"@type\":\"ListItem\",\"position\":2,\"name\":\"Shop\",\"item\":\"https:\/\/skinglam.eu\/hr\/shop\/\"},{\"@type\":\"ListItem\",\"position\":3,\"name\":\"Beauty of Joseon Centella Asiatica Calming Mask 25ml\"}]},{\"@type\":\"WebSite\",\"@id\":\"https:\/\/skinglam.eu\/hr\/#website\",\"url\":\"https:\/\/skinglam.eu\/hr\/\",\"name\":\"Skin Glam\",\"description\":\"K-beauty Shop\",\"publisher\":{\"@id\":\"https:\/\/skinglam.eu\/hr\/#organization\"},\"potentialAction\":[{\"@type\":\"SearchAction\",\"target\":{\"@type\":\"EntryPoint\",\"urlTemplate\":\"https:\/\/skinglam.eu\/hr\/?s={search_term_string}\"},\"query-input\":{\"@type\":\"PropertyValueSpecification\",\"valueRequired\":true,\"valueName\":\"search_term_string\"}}],\"inLanguage\":\"hr\"},{\"@type\":\"Organization\",\"@id\":\"https:\/\/skinglam.eu\/hr\/#organization\",\"name\":\"SkinGlam d.o.o.\",\"url\":\"https:\/\/skinglam.eu\/hr\/\",\"logo\":{\"@type\":\"ImageObject\",\"inLanguage\":\"hr\",\"@id\":\"https:\/\/skinglam.eu\/hr\/#\/schema\/logo\/image\/\",\"url\":\"https:\/\/skinglam.eu\/wp-content\/uploads\/2024\/09\/logo.jpg\",\"contentUrl\":\"https:\/\/skinglam.eu\/wp-content\/uploads\/2024\/09\/logo.jpg\",\"width\":883,\"height\":833,\"caption\":\"SkinGlam d.o.o.\"},\"image\":{\"@id\":\"https:\/\/skinglam.eu\/hr\/#\/schema\/logo\/image\/\"},\"sameAs\":[\"https:\/\/www.instagram.com\/skinglam.si\"]}]}<\/script>\n<!-- \/ Yoast SEO plugin. -->","yoast_head_json":{"title":"Beauty of Joseon Centella Asiatica Calming Mask 25ml - Skin Glam","robots":{"index":"index","follow":"follow","max-snippet":"max-snippet:-1","max-image-preview":"max-image-preview:large","max-video-preview":"max-video-preview:-1"},"canonical":"https:\/\/skinglam.eu\/hr\/proizvod\/beauty-of-joseon-centella-asiatica-calming-mask-25ml\/","og_locale":"hr_HR","og_type":"article","og_title":"Beauty of Joseon Centella Asiatica Calming Mask 25ml - Skin Glam","og_description":"Enriched with 15% Centella Asiatica, this mask pack is designed to comfort and soothe your skin. The combination of green tea extract, mugwort extract, and...","og_url":"https:\/\/skinglam.eu\/hr\/proizvod\/beauty-of-joseon-centella-asiatica-calming-mask-25ml\/","og_site_name":"Skin Glam","article_publisher":"https:\/\/www.instagram.com\/skinglam.si","article_modified_time":"2026-04-18T11:25:30+00:00","og_image":[{"width":800,"height":800,"url":"https:\/\/skinglam.eu\/wp-content\/uploads\/2023\/10\/BeautyofJoseon_CentellaAsiaticaCalmingMask_800x.webp","type":"image\/webp"}],"twitter_card":"summary_large_image","twitter_misc":{"Procijenjeno vrijeme \u010ditanja":"1 minuta"},"schema":{"@context":"https:\/\/schema.org","@graph":[{"@type":"WebPage","@id":"https:\/\/skinglam.eu\/product\/beauty-of-joseon-centella-asiatica-calming-mask-25ml\/","url":"https:\/\/skinglam.eu\/product\/beauty-of-joseon-centella-asiatica-calming-mask-25ml\/","name":"Beauty of Joseon Centella Asiatica Calming Mask 25ml - Skin Glam","isPartOf":{"@id":"https:\/\/skinglam.eu\/hr\/#website"},"primaryImageOfPage":{"@id":"https:\/\/skinglam.eu\/product\/beauty-of-joseon-centella-asiatica-calming-mask-25ml\/#primaryimage"},"image":{"@id":"https:\/\/skinglam.eu\/product\/beauty-of-joseon-centella-asiatica-calming-mask-25ml\/#primaryimage"},"thumbnailUrl":"https:\/\/skinglam.eu\/wp-content\/uploads\/2023\/10\/BeautyofJoseon_CentellaAsiaticaCalmingMask_800x.webp","datePublished":"2023-10-27T14:09:36+00:00","dateModified":"2026-04-18T11:25:30+00:00","breadcrumb":{"@id":"https:\/\/skinglam.eu\/product\/beauty-of-joseon-centella-asiatica-calming-mask-25ml\/#breadcrumb"},"inLanguage":"hr","potentialAction":[{"@type":"ReadAction","target":["https:\/\/skinglam.eu\/product\/beauty-of-joseon-centella-asiatica-calming-mask-25ml\/"]}]},{"@type":"ImageObject","inLanguage":"hr","@id":"https:\/\/skinglam.eu\/product\/beauty-of-joseon-centella-asiatica-calming-mask-25ml\/#primaryimage","url":"https:\/\/skinglam.eu\/wp-content\/uploads\/2023\/10\/BeautyofJoseon_CentellaAsiaticaCalmingMask_800x.webp","contentUrl":"https:\/\/skinglam.eu\/wp-content\/uploads\/2023\/10\/BeautyofJoseon_CentellaAsiaticaCalmingMask_800x.webp","width":800,"height":800},{"@type":"BreadcrumbList","@id":"https:\/\/skinglam.eu\/product\/beauty-of-joseon-centella-asiatica-calming-mask-25ml\/#breadcrumb","itemListElement":[{"@type":"ListItem","position":1,"name":"Home","item":"https:\/\/skinglam.eu\/"},{"@type":"ListItem","position":2,"name":"Shop","item":"https:\/\/skinglam.eu\/hr\/shop\/"},{"@type":"ListItem","position":3,"name":"Beauty of Joseon Centella Asiatica Calming Mask 25ml"}]},{"@type":"WebSite","@id":"https:\/\/skinglam.eu\/hr\/#website","url":"https:\/\/skinglam.eu\/hr\/","name":"Skin Glam","description":"K-beauty Shop","publisher":{"@id":"https:\/\/skinglam.eu\/hr\/#organization"},"potentialAction":[{"@type":"SearchAction","target":{"@type":"EntryPoint","urlTemplate":"https:\/\/skinglam.eu\/hr\/?s={search_term_string}"},"query-input":{"@type":"PropertyValueSpecification","valueRequired":true,"valueName":"search_term_string"}}],"inLanguage":"hr"},{"@type":"Organization","@id":"https:\/\/skinglam.eu\/hr\/#organization","name":"SkinGlam d.o.o.","url":"https:\/\/skinglam.eu\/hr\/","logo":{"@type":"ImageObject","inLanguage":"hr","@id":"https:\/\/skinglam.eu\/hr\/#\/schema\/logo\/image\/","url":"https:\/\/skinglam.eu\/wp-content\/uploads\/2024\/09\/logo.jpg","contentUrl":"https:\/\/skinglam.eu\/wp-content\/uploads\/2024\/09\/logo.jpg","width":883,"height":833,"caption":"SkinGlam d.o.o."},"image":{"@id":"https:\/\/skinglam.eu\/hr\/#\/schema\/logo\/image\/"},"sameAs":["https:\/\/www.instagram.com\/skinglam.si"]}]}},"_links":{"self":[{"href":"https:\/\/skinglam.eu\/hr\/wp-json\/wp\/v2\/product\/2808","targetHints":{"allow":["GET"]}}],"collection":[{"href":"https:\/\/skinglam.eu\/hr\/wp-json\/wp\/v2\/product"}],"about":[{"href":"https:\/\/skinglam.eu\/hr\/wp-json\/wp\/v2\/types\/product"}],"replies":[{"embeddable":true,"href":"https:\/\/skinglam.eu\/hr\/wp-json\/wp\/v2\/comments?post=2808"}],"version-history":[{"count":1,"href":"https:\/\/skinglam.eu\/hr\/wp-json\/wp\/v2\/product\/2808\/revisions"}],"predecessor-version":[{"id":2810,"href":"https:\/\/skinglam.eu\/hr\/wp-json\/wp\/v2\/product\/2808\/revisions\/2810"}],"wp:featuredmedia":[{"embeddable":true,"href":"https:\/\/skinglam.eu\/hr\/wp-json\/wp\/v2\/media\/2809"}],"wp:attachment":[{"href":"https:\/\/skinglam.eu\/hr\/wp-json\/wp\/v2\/media?parent=2808"}],"wp:term":[{"taxonomy":"brand","embeddable":true,"href":"https:\/\/skinglam.eu\/hr\/wp-json\/wp\/v2\/etheme_brands?post=2808"},{"taxonomy":"product_cat","embeddable":true,"href":"https:\/\/skinglam.eu\/hr\/wp-json\/wp\/v2\/product_cat?post=2808"},{"taxonomy":"product_tag","embeddable":true,"href":"https:\/\/skinglam.eu\/hr\/wp-json\/wp\/v2\/product_tag?post=2808"}],"curies":[{"name":"wp","href":"https:\/\/api.w.org\/{rel}","templated":true}]}}