{"id":2837,"date":"2023-10-30T14:02:22","date_gmt":"2023-10-30T14:02:22","guid":{"rendered":"https:\/\/skinglam.si\/?post_type=product&#038;p=2837"},"modified":"2026-04-18T09:55:24","modified_gmt":"2026-04-18T09:55:24","slug":"axis-y-sunday-morning-refreshing-cleansing-foam-120ml","status":"publish","type":"product","link":"https:\/\/skinglam.eu\/hr\/proizvod\/axis-y-sunday-morning-refreshing-cleansing-foam-120ml\/","title":{"rendered":"AXIS-Y Sunday Morning Refreshing Cleansing Foam 120ml"},"content":{"rendered":"<p>The AXIS-Y Sunday Morning Refreshing Cleansing Foam is a mild cleanser designed to provide a thorough cleanse, eliminating dirt, pollutants, and excess sebum without compromising the skin&#8217;s natural balance.<br \/>\nUklju\u010duje patentiranu tehnologiju njege ko\u017ee &#039;Aquaxyl&#039; kako bi osigurala da ko\u017ea ostane dobro hidratizirana i ja\u010da sposobnost ko\u017ene barijere da zadr\u017ei vlagu tijekom procesa \u010di\u0161\u0107enja.<br \/>\nOvo sredstvo za \u010di\u0161\u0107enje odr\u017eava razinu pH od 5,5 koja je pogodna za ko\u017eu, \u0161to sprje\u010dava bilo kakvo o\u0161te\u0107enje ko\u017ene barijere, \u0161to ga \u010dini idealnim izborom za odr\u017eavanje zdrave i dobro uravnote\u017eene ko\u017ee.<\/p>\n<p>Klju\u010dni sastojci:<br \/>\nBrezov sok (sok Betula Platyphylla) \u2013 poznat i kao brezova voda, poma\u017ee u kontroli proizvodnje sebuma i vla\u017ei ko\u017eu.<br \/>\nAquaxyl \u2013 Patentirana tehnologija za njegu ko\u017ee koja djeluje kao \u0161tit protiv dehidracije, pove\u0107ava proizvodnju prirodnih hidratantnih faktora (NMF) i ja\u010da barijeru ko\u017ee, sprje\u010davaju\u0107i gubitak vlage.<br \/>\nEkstrakt zelenog \u010daja \u2013 umiruju\u0107i sastojak koji poma\u017ee u smirivanju upala ko\u017ee i hidratizira ko\u017eu.<\/p>\n<p>*Gore navedeni opisi sastojaka ograni\u010deni su na karakteristike sirovina.<\/p>","protected":false},"excerpt":{"rendered":"<p>The AXIS-Y Sunday Morning Refreshing Cleansing Foam is a mild cleanser designed to provide a thorough cleanse, eliminating dirt, pollutants, and excess sebum without compromising&#8230;<\/p>","protected":false},"featured_media":4284,"comment_status":"open","ping_status":"closed","template":"","meta":{"_monsterinsights_skip_tracking":false,"_monsterinsights_sitenote_active":false,"_monsterinsights_sitenote_note":"","_monsterinsights_sitenote_category":0,"_uf_show_specific_survey":0,"_uf_disable_surveys":false},"etheme_brands":[],"product_cat":[134,137,139,141,142,143,145,64],"product_tag":[],"class_list":{"0":"post-2837","1":"product","2":"type-product","3":"status-publish","4":"has-post-thumbnail","6":"product_cat-acne","7":"product_cat-combination","8":"product_cat-dry","9":"product_cat-normal","10":"product_cat-oil-pore-control","11":"product_cat-oily","12":"product_cat-sensitive","13":"product_cat-water-cleansers","15":"first","16":"instock","17":"sale","18":"shipping-taxable","19":"purchasable","20":"product-type-simple"},"yoast_head":"<!-- This site is optimized with the Yoast SEO plugin v24.3 - https:\/\/yoast.com\/wordpress\/plugins\/seo\/ -->\n<title>AXIS-Y Sunday Morning Refreshing Cleansing Foam 120ml - Skin Glam<\/title>\n<meta name=\"robots\" content=\"index, follow, max-snippet:-1, max-image-preview:large, max-video-preview:-1\" \/>\n<link rel=\"canonical\" href=\"https:\/\/skinglam.eu\/hr\/proizvod\/axis-y-sunday-morning-refreshing-cleansing-foam-120ml\/\" \/>\n<meta property=\"og:locale\" content=\"hr_HR\" \/>\n<meta property=\"og:type\" content=\"article\" \/>\n<meta property=\"og:title\" content=\"AXIS-Y Sunday Morning Refreshing Cleansing Foam 120ml - Skin Glam\" \/>\n<meta property=\"og:description\" content=\"The AXIS-Y Sunday Morning Refreshing Cleansing Foam is a mild cleanser designed to provide a thorough cleanse, eliminating dirt, pollutants, and excess sebum without compromising...\" \/>\n<meta property=\"og:url\" content=\"https:\/\/skinglam.eu\/hr\/proizvod\/axis-y-sunday-morning-refreshing-cleansing-foam-120ml\/\" \/>\n<meta property=\"og:site_name\" content=\"Skin Glam\" \/>\n<meta property=\"article:publisher\" content=\"https:\/\/www.instagram.com\/skinglam.si\" \/>\n<meta property=\"article:modified_time\" content=\"2026-04-18T09:55:24+00:00\" \/>\n<meta name=\"twitter:card\" content=\"summary_large_image\" \/>\n<meta name=\"twitter:label1\" content=\"Procijenjeno vrijeme \u010ditanja\" \/>\n\t<meta name=\"twitter:data1\" content=\"1 minuta\" \/>\n<script type=\"application\/ld+json\" class=\"yoast-schema-graph\">{\"@context\":\"https:\/\/schema.org\",\"@graph\":[{\"@type\":\"WebPage\",\"@id\":\"https:\/\/skinglam.eu\/product\/axis-y-sunday-morning-refreshing-cleansing-foam-120ml\/\",\"url\":\"https:\/\/skinglam.eu\/product\/axis-y-sunday-morning-refreshing-cleansing-foam-120ml\/\",\"name\":\"AXIS-Y Sunday Morning Refreshing Cleansing Foam 120ml - Skin Glam\",\"isPartOf\":{\"@id\":\"https:\/\/skinglam.eu\/hr\/#website\"},\"primaryImageOfPage\":{\"@id\":\"https:\/\/skinglam.eu\/product\/axis-y-sunday-morning-refreshing-cleansing-foam-120ml\/#primaryimage\"},\"image\":{\"@id\":\"https:\/\/skinglam.eu\/product\/axis-y-sunday-morning-refreshing-cleansing-foam-120ml\/#primaryimage\"},\"thumbnailUrl\":\"https:\/\/skinglam.eu\/wp-content\/uploads\/2023\/10\/axis_y_sunday_morning_refresh_cleansing_foam-Small.bmp\",\"datePublished\":\"2023-10-30T14:02:22+00:00\",\"dateModified\":\"2026-04-18T09:55:24+00:00\",\"breadcrumb\":{\"@id\":\"https:\/\/skinglam.eu\/product\/axis-y-sunday-morning-refreshing-cleansing-foam-120ml\/#breadcrumb\"},\"inLanguage\":\"hr\",\"potentialAction\":[{\"@type\":\"ReadAction\",\"target\":[\"https:\/\/skinglam.eu\/product\/axis-y-sunday-morning-refreshing-cleansing-foam-120ml\/\"]}]},{\"@type\":\"ImageObject\",\"inLanguage\":\"hr\",\"@id\":\"https:\/\/skinglam.eu\/product\/axis-y-sunday-morning-refreshing-cleansing-foam-120ml\/#primaryimage\",\"url\":\"https:\/\/skinglam.eu\/wp-content\/uploads\/2023\/10\/axis_y_sunday_morning_refresh_cleansing_foam-Small.bmp\",\"contentUrl\":\"https:\/\/skinglam.eu\/wp-content\/uploads\/2023\/10\/axis_y_sunday_morning_refresh_cleansing_foam-Small.bmp\",\"width\":480,\"height\":480},{\"@type\":\"BreadcrumbList\",\"@id\":\"https:\/\/skinglam.eu\/product\/axis-y-sunday-morning-refreshing-cleansing-foam-120ml\/#breadcrumb\",\"itemListElement\":[{\"@type\":\"ListItem\",\"position\":1,\"name\":\"Home\",\"item\":\"https:\/\/skinglam.eu\/\"},{\"@type\":\"ListItem\",\"position\":2,\"name\":\"Shop\",\"item\":\"https:\/\/skinglam.eu\/hr\/shop\/\"},{\"@type\":\"ListItem\",\"position\":3,\"name\":\"AXIS-Y Sunday Morning Refreshing Cleansing Foam 120ml\"}]},{\"@type\":\"WebSite\",\"@id\":\"https:\/\/skinglam.eu\/hr\/#website\",\"url\":\"https:\/\/skinglam.eu\/hr\/\",\"name\":\"Skin Glam\",\"description\":\"K-beauty Shop\",\"publisher\":{\"@id\":\"https:\/\/skinglam.eu\/hr\/#organization\"},\"potentialAction\":[{\"@type\":\"SearchAction\",\"target\":{\"@type\":\"EntryPoint\",\"urlTemplate\":\"https:\/\/skinglam.eu\/hr\/?s={search_term_string}\"},\"query-input\":{\"@type\":\"PropertyValueSpecification\",\"valueRequired\":true,\"valueName\":\"search_term_string\"}}],\"inLanguage\":\"hr\"},{\"@type\":\"Organization\",\"@id\":\"https:\/\/skinglam.eu\/hr\/#organization\",\"name\":\"SkinGlam d.o.o.\",\"url\":\"https:\/\/skinglam.eu\/hr\/\",\"logo\":{\"@type\":\"ImageObject\",\"inLanguage\":\"hr\",\"@id\":\"https:\/\/skinglam.eu\/hr\/#\/schema\/logo\/image\/\",\"url\":\"https:\/\/skinglam.eu\/wp-content\/uploads\/2024\/09\/logo.jpg\",\"contentUrl\":\"https:\/\/skinglam.eu\/wp-content\/uploads\/2024\/09\/logo.jpg\",\"width\":883,\"height\":833,\"caption\":\"SkinGlam d.o.o.\"},\"image\":{\"@id\":\"https:\/\/skinglam.eu\/hr\/#\/schema\/logo\/image\/\"},\"sameAs\":[\"https:\/\/www.instagram.com\/skinglam.si\"]}]}<\/script>\n<!-- \/ Yoast SEO plugin. -->","yoast_head_json":{"title":"AXIS-Y Sunday Morning Refreshing Cleansing Foam 120ml - Skin Glam","robots":{"index":"index","follow":"follow","max-snippet":"max-snippet:-1","max-image-preview":"max-image-preview:large","max-video-preview":"max-video-preview:-1"},"canonical":"https:\/\/skinglam.eu\/hr\/proizvod\/axis-y-sunday-morning-refreshing-cleansing-foam-120ml\/","og_locale":"hr_HR","og_type":"article","og_title":"AXIS-Y Sunday Morning Refreshing Cleansing Foam 120ml - Skin Glam","og_description":"The AXIS-Y Sunday Morning Refreshing Cleansing Foam is a mild cleanser designed to provide a thorough cleanse, eliminating dirt, pollutants, and excess sebum without compromising...","og_url":"https:\/\/skinglam.eu\/hr\/proizvod\/axis-y-sunday-morning-refreshing-cleansing-foam-120ml\/","og_site_name":"Skin Glam","article_publisher":"https:\/\/www.instagram.com\/skinglam.si","article_modified_time":"2026-04-18T09:55:24+00:00","twitter_card":"summary_large_image","twitter_misc":{"Procijenjeno vrijeme \u010ditanja":"1 minuta"},"schema":{"@context":"https:\/\/schema.org","@graph":[{"@type":"WebPage","@id":"https:\/\/skinglam.eu\/product\/axis-y-sunday-morning-refreshing-cleansing-foam-120ml\/","url":"https:\/\/skinglam.eu\/product\/axis-y-sunday-morning-refreshing-cleansing-foam-120ml\/","name":"AXIS-Y Sunday Morning Refreshing Cleansing Foam 120ml - Skin Glam","isPartOf":{"@id":"https:\/\/skinglam.eu\/hr\/#website"},"primaryImageOfPage":{"@id":"https:\/\/skinglam.eu\/product\/axis-y-sunday-morning-refreshing-cleansing-foam-120ml\/#primaryimage"},"image":{"@id":"https:\/\/skinglam.eu\/product\/axis-y-sunday-morning-refreshing-cleansing-foam-120ml\/#primaryimage"},"thumbnailUrl":"https:\/\/skinglam.eu\/wp-content\/uploads\/2023\/10\/axis_y_sunday_morning_refresh_cleansing_foam-Small.bmp","datePublished":"2023-10-30T14:02:22+00:00","dateModified":"2026-04-18T09:55:24+00:00","breadcrumb":{"@id":"https:\/\/skinglam.eu\/product\/axis-y-sunday-morning-refreshing-cleansing-foam-120ml\/#breadcrumb"},"inLanguage":"hr","potentialAction":[{"@type":"ReadAction","target":["https:\/\/skinglam.eu\/product\/axis-y-sunday-morning-refreshing-cleansing-foam-120ml\/"]}]},{"@type":"ImageObject","inLanguage":"hr","@id":"https:\/\/skinglam.eu\/product\/axis-y-sunday-morning-refreshing-cleansing-foam-120ml\/#primaryimage","url":"https:\/\/skinglam.eu\/wp-content\/uploads\/2023\/10\/axis_y_sunday_morning_refresh_cleansing_foam-Small.bmp","contentUrl":"https:\/\/skinglam.eu\/wp-content\/uploads\/2023\/10\/axis_y_sunday_morning_refresh_cleansing_foam-Small.bmp","width":480,"height":480},{"@type":"BreadcrumbList","@id":"https:\/\/skinglam.eu\/product\/axis-y-sunday-morning-refreshing-cleansing-foam-120ml\/#breadcrumb","itemListElement":[{"@type":"ListItem","position":1,"name":"Home","item":"https:\/\/skinglam.eu\/"},{"@type":"ListItem","position":2,"name":"Shop","item":"https:\/\/skinglam.eu\/hr\/shop\/"},{"@type":"ListItem","position":3,"name":"AXIS-Y Sunday Morning Refreshing Cleansing Foam 120ml"}]},{"@type":"WebSite","@id":"https:\/\/skinglam.eu\/hr\/#website","url":"https:\/\/skinglam.eu\/hr\/","name":"Skin Glam","description":"K-beauty Shop","publisher":{"@id":"https:\/\/skinglam.eu\/hr\/#organization"},"potentialAction":[{"@type":"SearchAction","target":{"@type":"EntryPoint","urlTemplate":"https:\/\/skinglam.eu\/hr\/?s={search_term_string}"},"query-input":{"@type":"PropertyValueSpecification","valueRequired":true,"valueName":"search_term_string"}}],"inLanguage":"hr"},{"@type":"Organization","@id":"https:\/\/skinglam.eu\/hr\/#organization","name":"SkinGlam d.o.o.","url":"https:\/\/skinglam.eu\/hr\/","logo":{"@type":"ImageObject","inLanguage":"hr","@id":"https:\/\/skinglam.eu\/hr\/#\/schema\/logo\/image\/","url":"https:\/\/skinglam.eu\/wp-content\/uploads\/2024\/09\/logo.jpg","contentUrl":"https:\/\/skinglam.eu\/wp-content\/uploads\/2024\/09\/logo.jpg","width":883,"height":833,"caption":"SkinGlam d.o.o."},"image":{"@id":"https:\/\/skinglam.eu\/hr\/#\/schema\/logo\/image\/"},"sameAs":["https:\/\/www.instagram.com\/skinglam.si"]}]}},"_links":{"self":[{"href":"https:\/\/skinglam.eu\/hr\/wp-json\/wp\/v2\/product\/2837","targetHints":{"allow":["GET"]}}],"collection":[{"href":"https:\/\/skinglam.eu\/hr\/wp-json\/wp\/v2\/product"}],"about":[{"href":"https:\/\/skinglam.eu\/hr\/wp-json\/wp\/v2\/types\/product"}],"replies":[{"embeddable":true,"href":"https:\/\/skinglam.eu\/hr\/wp-json\/wp\/v2\/comments?post=2837"}],"version-history":[{"count":3,"href":"https:\/\/skinglam.eu\/hr\/wp-json\/wp\/v2\/product\/2837\/revisions"}],"predecessor-version":[{"id":4283,"href":"https:\/\/skinglam.eu\/hr\/wp-json\/wp\/v2\/product\/2837\/revisions\/4283"}],"wp:featuredmedia":[{"embeddable":true,"href":"https:\/\/skinglam.eu\/hr\/wp-json\/wp\/v2\/media\/4284"}],"wp:attachment":[{"href":"https:\/\/skinglam.eu\/hr\/wp-json\/wp\/v2\/media?parent=2837"}],"wp:term":[{"taxonomy":"brand","embeddable":true,"href":"https:\/\/skinglam.eu\/hr\/wp-json\/wp\/v2\/etheme_brands?post=2837"},{"taxonomy":"product_cat","embeddable":true,"href":"https:\/\/skinglam.eu\/hr\/wp-json\/wp\/v2\/product_cat?post=2837"},{"taxonomy":"product_tag","embeddable":true,"href":"https:\/\/skinglam.eu\/hr\/wp-json\/wp\/v2\/product_tag?post=2837"}],"curies":[{"name":"wp","href":"https:\/\/api.w.org\/{rel}","templated":true}]}}