{"id":2952,"date":"2023-10-31T13:17:11","date_gmt":"2023-10-31T13:17:11","guid":{"rendered":"https:\/\/skinglam.si\/?post_type=product&#038;p=2952"},"modified":"2026-04-18T13:25:44","modified_gmt":"2026-04-18T13:25:44","slug":"goodal-heartleaf-calming-moisture-cream-75ml","status":"publish","type":"product","link":"https:\/\/skinglam.eu\/hr\/proizvod\/goodal-heartleaf-calming-moisture-cream-75ml\/","title":{"rendered":"GOODAL Heartleaf Calming Moisture Cream 75ml"},"content":{"rendered":"<p>Goodal&#8217;s Heartleaf Calming Moisture Cream is the solution for parched, irritated skin barriers. This lightweight cream combines the benefits of Houttuynia cordata extract, also known as heartleaf, and madecassoside to provide soothing care from the inside out.<br \/>\nEkstrakt Houttuynia cordata visoko je cijenjen zbog svojih protuupalnih i antioksidativnih svojstava, koja poma\u017eu u ponovnom uspostavljanju ravnote\u017ee ko\u017ee. Doprinosi pobolj\u0161anju \u010dvrsto\u0107e i teksture ko\u017ee, a ujedno smanjuje crvenilo. Nadalje, regulira proizvodnju sebuma, u\u010dinkovito kontroliraju\u0107i vi\u0161ak masno\u0107e.<br \/>\nDodatno, Houttuynia cordata sadr\u017ei polisaharide koji uvla\u010de vlagu u ko\u017eu, ostavljaju\u0107i je dobro hidratiziranom i ugodno glatkom.<br \/>\nMadecassoside igra klju\u010dnu ulogu u smanjivanju crvenila i sprje\u010davanju ljuskanja dok slu\u017ei kao izvrstan izvor kolagena za pove\u0107anje elasti\u010dnosti i sjaja ko\u017ee.<\/p>\n<p>*Gore navedeni opisi sastojaka ograni\u010deni su na karakteristike sirovina.<\/p>","protected":false},"excerpt":{"rendered":"<p>Goodal&#8217;s Heartleaf Calming Moisture Cream is the solution for parched, irritated skin barriers. This lightweight cream combines the benefits of Houttuynia cordata extract, also known&#8230;<\/p>","protected":false},"featured_media":2953,"comment_status":"open","ping_status":"closed","template":"","meta":{"_monsterinsights_skip_tracking":false,"_monsterinsights_sitenote_active":false,"_monsterinsights_sitenote_note":"","_monsterinsights_sitenote_category":0,"_uf_show_specific_survey":0,"_uf_disable_surveys":false},"etheme_brands":[],"product_cat":[134,135,137,140,141,142,143,144,145,67],"product_tag":[],"class_list":{"0":"post-2952","1":"product","2":"type-product","3":"status-publish","4":"has-post-thumbnail","6":"product_cat-acne","7":"product_cat-anti-aging","8":"product_cat-combination","9":"product_cat-dryness","10":"product_cat-normal","11":"product_cat-oil-pore-control","12":"product_cat-oily","13":"product_cat-redness","14":"product_cat-sensitive","15":"product_cat-moisturizers","17":"first","18":"instock","19":"sale","20":"shipping-taxable","21":"purchasable","22":"product-type-simple"},"yoast_head":"<!-- This site is optimized with the Yoast SEO plugin v24.3 - https:\/\/yoast.com\/wordpress\/plugins\/seo\/ -->\n<title>GOODAL Heartleaf Calming Moisture Cream 75ml - Skin Glam<\/title>\n<meta name=\"robots\" content=\"index, follow, max-snippet:-1, max-image-preview:large, max-video-preview:-1\" \/>\n<link rel=\"canonical\" href=\"https:\/\/skinglam.eu\/hr\/proizvod\/goodal-heartleaf-calming-moisture-cream-75ml\/\" \/>\n<meta property=\"og:locale\" content=\"hr_HR\" \/>\n<meta property=\"og:type\" content=\"article\" \/>\n<meta property=\"og:title\" content=\"GOODAL Heartleaf Calming Moisture Cream 75ml - Skin Glam\" \/>\n<meta property=\"og:description\" content=\"Goodal&#8217;s Heartleaf Calming Moisture Cream is the solution for parched, irritated skin barriers. This lightweight cream combines the benefits of Houttuynia cordata extract, also known...\" \/>\n<meta property=\"og:url\" content=\"https:\/\/skinglam.eu\/hr\/proizvod\/goodal-heartleaf-calming-moisture-cream-75ml\/\" \/>\n<meta property=\"og:site_name\" content=\"Skin Glam\" \/>\n<meta property=\"article:publisher\" content=\"https:\/\/www.instagram.com\/skinglam.si\" \/>\n<meta property=\"article:modified_time\" content=\"2026-04-18T13:25:44+00:00\" \/>\n<meta property=\"og:image\" content=\"https:\/\/skinglam.eu\/wp-content\/uploads\/2023\/10\/creamm.jpg\" \/>\n\t<meta property=\"og:image:width\" content=\"1000\" \/>\n\t<meta property=\"og:image:height\" content=\"1000\" \/>\n\t<meta property=\"og:image:type\" content=\"image\/jpeg\" \/>\n<meta name=\"twitter:card\" content=\"summary_large_image\" \/>\n<meta name=\"twitter:label1\" content=\"Procijenjeno vrijeme \u010ditanja\" \/>\n\t<meta name=\"twitter:data1\" content=\"1 minuta\" \/>\n<script type=\"application\/ld+json\" class=\"yoast-schema-graph\">{\"@context\":\"https:\/\/schema.org\",\"@graph\":[{\"@type\":\"WebPage\",\"@id\":\"https:\/\/skinglam.eu\/product\/goodal-heartleaf-calming-moisture-cream-75ml\/\",\"url\":\"https:\/\/skinglam.eu\/product\/goodal-heartleaf-calming-moisture-cream-75ml\/\",\"name\":\"GOODAL Heartleaf Calming Moisture Cream 75ml - Skin Glam\",\"isPartOf\":{\"@id\":\"https:\/\/skinglam.eu\/hr\/#website\"},\"primaryImageOfPage\":{\"@id\":\"https:\/\/skinglam.eu\/product\/goodal-heartleaf-calming-moisture-cream-75ml\/#primaryimage\"},\"image\":{\"@id\":\"https:\/\/skinglam.eu\/product\/goodal-heartleaf-calming-moisture-cream-75ml\/#primaryimage\"},\"thumbnailUrl\":\"https:\/\/skinglam.eu\/wp-content\/uploads\/2023\/10\/creamm.jpg\",\"datePublished\":\"2023-10-31T13:17:11+00:00\",\"dateModified\":\"2026-04-18T13:25:44+00:00\",\"breadcrumb\":{\"@id\":\"https:\/\/skinglam.eu\/product\/goodal-heartleaf-calming-moisture-cream-75ml\/#breadcrumb\"},\"inLanguage\":\"hr\",\"potentialAction\":[{\"@type\":\"ReadAction\",\"target\":[\"https:\/\/skinglam.eu\/product\/goodal-heartleaf-calming-moisture-cream-75ml\/\"]}]},{\"@type\":\"ImageObject\",\"inLanguage\":\"hr\",\"@id\":\"https:\/\/skinglam.eu\/product\/goodal-heartleaf-calming-moisture-cream-75ml\/#primaryimage\",\"url\":\"https:\/\/skinglam.eu\/wp-content\/uploads\/2023\/10\/creamm.jpg\",\"contentUrl\":\"https:\/\/skinglam.eu\/wp-content\/uploads\/2023\/10\/creamm.jpg\",\"width\":1000,\"height\":1000},{\"@type\":\"BreadcrumbList\",\"@id\":\"https:\/\/skinglam.eu\/product\/goodal-heartleaf-calming-moisture-cream-75ml\/#breadcrumb\",\"itemListElement\":[{\"@type\":\"ListItem\",\"position\":1,\"name\":\"Home\",\"item\":\"https:\/\/skinglam.eu\/\"},{\"@type\":\"ListItem\",\"position\":2,\"name\":\"Shop\",\"item\":\"https:\/\/skinglam.eu\/hr\/shop\/\"},{\"@type\":\"ListItem\",\"position\":3,\"name\":\"GOODAL Heartleaf Calming Moisture Cream 75ml\"}]},{\"@type\":\"WebSite\",\"@id\":\"https:\/\/skinglam.eu\/hr\/#website\",\"url\":\"https:\/\/skinglam.eu\/hr\/\",\"name\":\"Skin Glam\",\"description\":\"K-beauty Shop\",\"publisher\":{\"@id\":\"https:\/\/skinglam.eu\/hr\/#organization\"},\"potentialAction\":[{\"@type\":\"SearchAction\",\"target\":{\"@type\":\"EntryPoint\",\"urlTemplate\":\"https:\/\/skinglam.eu\/hr\/?s={search_term_string}\"},\"query-input\":{\"@type\":\"PropertyValueSpecification\",\"valueRequired\":true,\"valueName\":\"search_term_string\"}}],\"inLanguage\":\"hr\"},{\"@type\":\"Organization\",\"@id\":\"https:\/\/skinglam.eu\/hr\/#organization\",\"name\":\"SkinGlam d.o.o.\",\"url\":\"https:\/\/skinglam.eu\/hr\/\",\"logo\":{\"@type\":\"ImageObject\",\"inLanguage\":\"hr\",\"@id\":\"https:\/\/skinglam.eu\/hr\/#\/schema\/logo\/image\/\",\"url\":\"https:\/\/skinglam.eu\/wp-content\/uploads\/2024\/09\/logo.jpg\",\"contentUrl\":\"https:\/\/skinglam.eu\/wp-content\/uploads\/2024\/09\/logo.jpg\",\"width\":883,\"height\":833,\"caption\":\"SkinGlam d.o.o.\"},\"image\":{\"@id\":\"https:\/\/skinglam.eu\/hr\/#\/schema\/logo\/image\/\"},\"sameAs\":[\"https:\/\/www.instagram.com\/skinglam.si\"]}]}<\/script>\n<!-- \/ Yoast SEO plugin. -->","yoast_head_json":{"title":"GOODAL Heartleaf Calming Moisture Cream 75ml - Skin Glam","robots":{"index":"index","follow":"follow","max-snippet":"max-snippet:-1","max-image-preview":"max-image-preview:large","max-video-preview":"max-video-preview:-1"},"canonical":"https:\/\/skinglam.eu\/hr\/proizvod\/goodal-heartleaf-calming-moisture-cream-75ml\/","og_locale":"hr_HR","og_type":"article","og_title":"GOODAL Heartleaf Calming Moisture Cream 75ml - Skin Glam","og_description":"Goodal&#8217;s Heartleaf Calming Moisture Cream is the solution for parched, irritated skin barriers. This lightweight cream combines the benefits of Houttuynia cordata extract, also known...","og_url":"https:\/\/skinglam.eu\/hr\/proizvod\/goodal-heartleaf-calming-moisture-cream-75ml\/","og_site_name":"Skin Glam","article_publisher":"https:\/\/www.instagram.com\/skinglam.si","article_modified_time":"2026-04-18T13:25:44+00:00","og_image":[{"width":1000,"height":1000,"url":"https:\/\/skinglam.eu\/wp-content\/uploads\/2023\/10\/creamm.jpg","type":"image\/jpeg"}],"twitter_card":"summary_large_image","twitter_misc":{"Procijenjeno vrijeme \u010ditanja":"1 minuta"},"schema":{"@context":"https:\/\/schema.org","@graph":[{"@type":"WebPage","@id":"https:\/\/skinglam.eu\/product\/goodal-heartleaf-calming-moisture-cream-75ml\/","url":"https:\/\/skinglam.eu\/product\/goodal-heartleaf-calming-moisture-cream-75ml\/","name":"GOODAL Heartleaf Calming Moisture Cream 75ml - Skin Glam","isPartOf":{"@id":"https:\/\/skinglam.eu\/hr\/#website"},"primaryImageOfPage":{"@id":"https:\/\/skinglam.eu\/product\/goodal-heartleaf-calming-moisture-cream-75ml\/#primaryimage"},"image":{"@id":"https:\/\/skinglam.eu\/product\/goodal-heartleaf-calming-moisture-cream-75ml\/#primaryimage"},"thumbnailUrl":"https:\/\/skinglam.eu\/wp-content\/uploads\/2023\/10\/creamm.jpg","datePublished":"2023-10-31T13:17:11+00:00","dateModified":"2026-04-18T13:25:44+00:00","breadcrumb":{"@id":"https:\/\/skinglam.eu\/product\/goodal-heartleaf-calming-moisture-cream-75ml\/#breadcrumb"},"inLanguage":"hr","potentialAction":[{"@type":"ReadAction","target":["https:\/\/skinglam.eu\/product\/goodal-heartleaf-calming-moisture-cream-75ml\/"]}]},{"@type":"ImageObject","inLanguage":"hr","@id":"https:\/\/skinglam.eu\/product\/goodal-heartleaf-calming-moisture-cream-75ml\/#primaryimage","url":"https:\/\/skinglam.eu\/wp-content\/uploads\/2023\/10\/creamm.jpg","contentUrl":"https:\/\/skinglam.eu\/wp-content\/uploads\/2023\/10\/creamm.jpg","width":1000,"height":1000},{"@type":"BreadcrumbList","@id":"https:\/\/skinglam.eu\/product\/goodal-heartleaf-calming-moisture-cream-75ml\/#breadcrumb","itemListElement":[{"@type":"ListItem","position":1,"name":"Home","item":"https:\/\/skinglam.eu\/"},{"@type":"ListItem","position":2,"name":"Shop","item":"https:\/\/skinglam.eu\/hr\/shop\/"},{"@type":"ListItem","position":3,"name":"GOODAL Heartleaf Calming Moisture Cream 75ml"}]},{"@type":"WebSite","@id":"https:\/\/skinglam.eu\/hr\/#website","url":"https:\/\/skinglam.eu\/hr\/","name":"Skin Glam","description":"K-beauty Shop","publisher":{"@id":"https:\/\/skinglam.eu\/hr\/#organization"},"potentialAction":[{"@type":"SearchAction","target":{"@type":"EntryPoint","urlTemplate":"https:\/\/skinglam.eu\/hr\/?s={search_term_string}"},"query-input":{"@type":"PropertyValueSpecification","valueRequired":true,"valueName":"search_term_string"}}],"inLanguage":"hr"},{"@type":"Organization","@id":"https:\/\/skinglam.eu\/hr\/#organization","name":"SkinGlam d.o.o.","url":"https:\/\/skinglam.eu\/hr\/","logo":{"@type":"ImageObject","inLanguage":"hr","@id":"https:\/\/skinglam.eu\/hr\/#\/schema\/logo\/image\/","url":"https:\/\/skinglam.eu\/wp-content\/uploads\/2024\/09\/logo.jpg","contentUrl":"https:\/\/skinglam.eu\/wp-content\/uploads\/2024\/09\/logo.jpg","width":883,"height":833,"caption":"SkinGlam d.o.o."},"image":{"@id":"https:\/\/skinglam.eu\/hr\/#\/schema\/logo\/image\/"},"sameAs":["https:\/\/www.instagram.com\/skinglam.si"]}]}},"_links":{"self":[{"href":"https:\/\/skinglam.eu\/hr\/wp-json\/wp\/v2\/product\/2952","targetHints":{"allow":["GET"]}}],"collection":[{"href":"https:\/\/skinglam.eu\/hr\/wp-json\/wp\/v2\/product"}],"about":[{"href":"https:\/\/skinglam.eu\/hr\/wp-json\/wp\/v2\/types\/product"}],"replies":[{"embeddable":true,"href":"https:\/\/skinglam.eu\/hr\/wp-json\/wp\/v2\/comments?post=2952"}],"version-history":[{"count":2,"href":"https:\/\/skinglam.eu\/hr\/wp-json\/wp\/v2\/product\/2952\/revisions"}],"predecessor-version":[{"id":5550,"href":"https:\/\/skinglam.eu\/hr\/wp-json\/wp\/v2\/product\/2952\/revisions\/5550"}],"wp:featuredmedia":[{"embeddable":true,"href":"https:\/\/skinglam.eu\/hr\/wp-json\/wp\/v2\/media\/2953"}],"wp:attachment":[{"href":"https:\/\/skinglam.eu\/hr\/wp-json\/wp\/v2\/media?parent=2952"}],"wp:term":[{"taxonomy":"brand","embeddable":true,"href":"https:\/\/skinglam.eu\/hr\/wp-json\/wp\/v2\/etheme_brands?post=2952"},{"taxonomy":"product_cat","embeddable":true,"href":"https:\/\/skinglam.eu\/hr\/wp-json\/wp\/v2\/product_cat?post=2952"},{"taxonomy":"product_tag","embeddable":true,"href":"https:\/\/skinglam.eu\/hr\/wp-json\/wp\/v2\/product_tag?post=2952"}],"curies":[{"name":"wp","href":"https:\/\/api.w.org\/{rel}","templated":true}]}}