{"id":3028,"date":"2023-10-31T14:18:47","date_gmt":"2023-10-31T14:18:47","guid":{"rendered":"https:\/\/skinglam.si\/?post_type=product&#038;p=3028"},"modified":"2026-04-18T13:25:44","modified_gmt":"2026-04-18T13:25:44","slug":"missha-all-around-safe-block-cotton-sun-spf50-pa-50ml","status":"publish","type":"product","link":"https:\/\/skinglam.eu\/hr\/proizvod\/missha-all-around-safe-block-cotton-sun-spf50-pa-50ml\/","title":{"rendered":"MISSHA All Around Safe Block Cotton Sun SPF50+ PA++++ 50ml"},"content":{"rendered":"<p>Missha All Around Safe Block Cotton Sun 50ml SPF50+ PA++++ is a daily sunscreen that is water, sweat, and sebum resistant.<br \/>\nSadr\u017ei formulu pudera za sebum koja daje zavr\u0161ni sloj bez sjaja, ostavljaju\u0107i va\u0161u ko\u017eu glatkom poput pamuka. Ova krema za sun\u010danje tako\u0111er pru\u017ea prirodan, proziran u\u010dinak toniranja, sli\u010dan kori\u0161tenju baze za toniranje.<br \/>\nPro\u017eet ekstraktom lista \u010dajevca i alantoinom, smiruje i \u0161titi ko\u017eu dok je vla\u017ei i umiruje iritacije.<\/p>\n<p>*Gore navedeni opisi sastojaka ograni\u010deni su na karakteristike sirovina.<\/p>","protected":false},"excerpt":{"rendered":"<p>Missha All Around Safe Block Cotton Sun 50ml SPF50+ PA++++ is a daily sunscreen that is water, sweat, and sebum resistant. It features a sebum&#8230;<\/p>","protected":false},"featured_media":3029,"comment_status":"open","ping_status":"closed","template":"","meta":{"_monsterinsights_skip_tracking":false,"_monsterinsights_sitenote_active":false,"_monsterinsights_sitenote_note":"","_monsterinsights_sitenote_category":0,"_uf_show_specific_survey":0,"_uf_disable_surveys":false},"etheme_brands":[],"product_cat":[134,137,143,144,145,68],"product_tag":[],"class_list":{"0":"post-3028","1":"product","2":"type-product","3":"status-publish","4":"has-post-thumbnail","6":"product_cat-acne","7":"product_cat-combination","8":"product_cat-oily","9":"product_cat-redness","10":"product_cat-sensitive","11":"product_cat-sun-care","13":"first","14":"instock","15":"sale","16":"shipping-taxable","17":"purchasable","18":"product-type-simple"},"yoast_head":"<!-- This site is optimized with the Yoast SEO plugin v24.3 - https:\/\/yoast.com\/wordpress\/plugins\/seo\/ -->\n<title>MISSHA All Around Safe Block Cotton Sun SPF50+ PA++++ 50ml - Skin Glam<\/title>\n<meta name=\"robots\" content=\"index, follow, max-snippet:-1, max-image-preview:large, max-video-preview:-1\" \/>\n<link rel=\"canonical\" href=\"https:\/\/skinglam.eu\/hr\/proizvod\/missha-all-around-safe-block-cotton-sun-spf50-pa-50ml\/\" \/>\n<meta property=\"og:locale\" content=\"hr_HR\" \/>\n<meta property=\"og:type\" content=\"article\" \/>\n<meta property=\"og:title\" content=\"MISSHA All Around Safe Block Cotton Sun SPF50+ PA++++ 50ml - Skin Glam\" \/>\n<meta property=\"og:description\" content=\"Missha All Around Safe Block Cotton Sun 50ml SPF50+ PA++++ is a daily sunscreen that is water, sweat, and sebum resistant. It features a sebum...\" \/>\n<meta property=\"og:url\" content=\"https:\/\/skinglam.eu\/hr\/proizvod\/missha-all-around-safe-block-cotton-sun-spf50-pa-50ml\/\" \/>\n<meta property=\"og:site_name\" content=\"Skin Glam\" \/>\n<meta property=\"article:publisher\" content=\"https:\/\/www.instagram.com\/skinglam.si\" \/>\n<meta property=\"article:modified_time\" content=\"2026-04-18T13:25:44+00:00\" \/>\n<meta property=\"og:image\" content=\"https:\/\/skinglam.eu\/wp-content\/uploads\/2023\/10\/cotton.jpg\" \/>\n\t<meta property=\"og:image:width\" content=\"1000\" \/>\n\t<meta property=\"og:image:height\" content=\"1000\" \/>\n\t<meta property=\"og:image:type\" content=\"image\/jpeg\" \/>\n<meta name=\"twitter:card\" content=\"summary_large_image\" \/>\n<script type=\"application\/ld+json\" class=\"yoast-schema-graph\">{\"@context\":\"https:\/\/schema.org\",\"@graph\":[{\"@type\":\"WebPage\",\"@id\":\"https:\/\/skinglam.eu\/product\/missha-all-around-safe-block-cotton-sun-spf50-pa-50ml\/\",\"url\":\"https:\/\/skinglam.eu\/product\/missha-all-around-safe-block-cotton-sun-spf50-pa-50ml\/\",\"name\":\"MISSHA All Around Safe Block Cotton Sun SPF50+ PA++++ 50ml - Skin Glam\",\"isPartOf\":{\"@id\":\"https:\/\/skinglam.eu\/hr\/#website\"},\"primaryImageOfPage\":{\"@id\":\"https:\/\/skinglam.eu\/product\/missha-all-around-safe-block-cotton-sun-spf50-pa-50ml\/#primaryimage\"},\"image\":{\"@id\":\"https:\/\/skinglam.eu\/product\/missha-all-around-safe-block-cotton-sun-spf50-pa-50ml\/#primaryimage\"},\"thumbnailUrl\":\"https:\/\/skinglam.eu\/wp-content\/uploads\/2023\/10\/cotton.jpg\",\"datePublished\":\"2023-10-31T14:18:47+00:00\",\"dateModified\":\"2026-04-18T13:25:44+00:00\",\"breadcrumb\":{\"@id\":\"https:\/\/skinglam.eu\/product\/missha-all-around-safe-block-cotton-sun-spf50-pa-50ml\/#breadcrumb\"},\"inLanguage\":\"hr\",\"potentialAction\":[{\"@type\":\"ReadAction\",\"target\":[\"https:\/\/skinglam.eu\/product\/missha-all-around-safe-block-cotton-sun-spf50-pa-50ml\/\"]}]},{\"@type\":\"ImageObject\",\"inLanguage\":\"hr\",\"@id\":\"https:\/\/skinglam.eu\/product\/missha-all-around-safe-block-cotton-sun-spf50-pa-50ml\/#primaryimage\",\"url\":\"https:\/\/skinglam.eu\/wp-content\/uploads\/2023\/10\/cotton.jpg\",\"contentUrl\":\"https:\/\/skinglam.eu\/wp-content\/uploads\/2023\/10\/cotton.jpg\",\"width\":1000,\"height\":1000},{\"@type\":\"BreadcrumbList\",\"@id\":\"https:\/\/skinglam.eu\/product\/missha-all-around-safe-block-cotton-sun-spf50-pa-50ml\/#breadcrumb\",\"itemListElement\":[{\"@type\":\"ListItem\",\"position\":1,\"name\":\"Home\",\"item\":\"https:\/\/skinglam.eu\/\"},{\"@type\":\"ListItem\",\"position\":2,\"name\":\"Shop\",\"item\":\"https:\/\/skinglam.eu\/hr\/shop\/\"},{\"@type\":\"ListItem\",\"position\":3,\"name\":\"MISSHA All Around Safe Block Cotton Sun SPF50+ PA++++ 50ml\"}]},{\"@type\":\"WebSite\",\"@id\":\"https:\/\/skinglam.eu\/hr\/#website\",\"url\":\"https:\/\/skinglam.eu\/hr\/\",\"name\":\"Skin Glam\",\"description\":\"K-beauty Shop\",\"publisher\":{\"@id\":\"https:\/\/skinglam.eu\/hr\/#organization\"},\"potentialAction\":[{\"@type\":\"SearchAction\",\"target\":{\"@type\":\"EntryPoint\",\"urlTemplate\":\"https:\/\/skinglam.eu\/hr\/?s={search_term_string}\"},\"query-input\":{\"@type\":\"PropertyValueSpecification\",\"valueRequired\":true,\"valueName\":\"search_term_string\"}}],\"inLanguage\":\"hr\"},{\"@type\":\"Organization\",\"@id\":\"https:\/\/skinglam.eu\/hr\/#organization\",\"name\":\"SkinGlam d.o.o.\",\"url\":\"https:\/\/skinglam.eu\/hr\/\",\"logo\":{\"@type\":\"ImageObject\",\"inLanguage\":\"hr\",\"@id\":\"https:\/\/skinglam.eu\/hr\/#\/schema\/logo\/image\/\",\"url\":\"https:\/\/skinglam.eu\/wp-content\/uploads\/2024\/09\/logo.jpg\",\"contentUrl\":\"https:\/\/skinglam.eu\/wp-content\/uploads\/2024\/09\/logo.jpg\",\"width\":883,\"height\":833,\"caption\":\"SkinGlam d.o.o.\"},\"image\":{\"@id\":\"https:\/\/skinglam.eu\/hr\/#\/schema\/logo\/image\/\"},\"sameAs\":[\"https:\/\/www.instagram.com\/skinglam.si\"]}]}<\/script>\n<!-- \/ Yoast SEO plugin. -->","yoast_head_json":{"title":"MISSHA All Around Safe Block Cotton Sun SPF50+ PA++++ 50ml - Skin Glam","robots":{"index":"index","follow":"follow","max-snippet":"max-snippet:-1","max-image-preview":"max-image-preview:large","max-video-preview":"max-video-preview:-1"},"canonical":"https:\/\/skinglam.eu\/hr\/proizvod\/missha-all-around-safe-block-cotton-sun-spf50-pa-50ml\/","og_locale":"hr_HR","og_type":"article","og_title":"MISSHA All Around Safe Block Cotton Sun SPF50+ PA++++ 50ml - Skin Glam","og_description":"Missha All Around Safe Block Cotton Sun 50ml SPF50+ PA++++ is a daily sunscreen that is water, sweat, and sebum resistant. It features a sebum...","og_url":"https:\/\/skinglam.eu\/hr\/proizvod\/missha-all-around-safe-block-cotton-sun-spf50-pa-50ml\/","og_site_name":"Skin Glam","article_publisher":"https:\/\/www.instagram.com\/skinglam.si","article_modified_time":"2026-04-18T13:25:44+00:00","og_image":[{"width":1000,"height":1000,"url":"https:\/\/skinglam.eu\/wp-content\/uploads\/2023\/10\/cotton.jpg","type":"image\/jpeg"}],"twitter_card":"summary_large_image","schema":{"@context":"https:\/\/schema.org","@graph":[{"@type":"WebPage","@id":"https:\/\/skinglam.eu\/product\/missha-all-around-safe-block-cotton-sun-spf50-pa-50ml\/","url":"https:\/\/skinglam.eu\/product\/missha-all-around-safe-block-cotton-sun-spf50-pa-50ml\/","name":"MISSHA All Around Safe Block Cotton Sun SPF50+ PA++++ 50ml - Skin Glam","isPartOf":{"@id":"https:\/\/skinglam.eu\/hr\/#website"},"primaryImageOfPage":{"@id":"https:\/\/skinglam.eu\/product\/missha-all-around-safe-block-cotton-sun-spf50-pa-50ml\/#primaryimage"},"image":{"@id":"https:\/\/skinglam.eu\/product\/missha-all-around-safe-block-cotton-sun-spf50-pa-50ml\/#primaryimage"},"thumbnailUrl":"https:\/\/skinglam.eu\/wp-content\/uploads\/2023\/10\/cotton.jpg","datePublished":"2023-10-31T14:18:47+00:00","dateModified":"2026-04-18T13:25:44+00:00","breadcrumb":{"@id":"https:\/\/skinglam.eu\/product\/missha-all-around-safe-block-cotton-sun-spf50-pa-50ml\/#breadcrumb"},"inLanguage":"hr","potentialAction":[{"@type":"ReadAction","target":["https:\/\/skinglam.eu\/product\/missha-all-around-safe-block-cotton-sun-spf50-pa-50ml\/"]}]},{"@type":"ImageObject","inLanguage":"hr","@id":"https:\/\/skinglam.eu\/product\/missha-all-around-safe-block-cotton-sun-spf50-pa-50ml\/#primaryimage","url":"https:\/\/skinglam.eu\/wp-content\/uploads\/2023\/10\/cotton.jpg","contentUrl":"https:\/\/skinglam.eu\/wp-content\/uploads\/2023\/10\/cotton.jpg","width":1000,"height":1000},{"@type":"BreadcrumbList","@id":"https:\/\/skinglam.eu\/product\/missha-all-around-safe-block-cotton-sun-spf50-pa-50ml\/#breadcrumb","itemListElement":[{"@type":"ListItem","position":1,"name":"Home","item":"https:\/\/skinglam.eu\/"},{"@type":"ListItem","position":2,"name":"Shop","item":"https:\/\/skinglam.eu\/hr\/shop\/"},{"@type":"ListItem","position":3,"name":"MISSHA All Around Safe Block Cotton Sun SPF50+ PA++++ 50ml"}]},{"@type":"WebSite","@id":"https:\/\/skinglam.eu\/hr\/#website","url":"https:\/\/skinglam.eu\/hr\/","name":"Skin Glam","description":"K-beauty Shop","publisher":{"@id":"https:\/\/skinglam.eu\/hr\/#organization"},"potentialAction":[{"@type":"SearchAction","target":{"@type":"EntryPoint","urlTemplate":"https:\/\/skinglam.eu\/hr\/?s={search_term_string}"},"query-input":{"@type":"PropertyValueSpecification","valueRequired":true,"valueName":"search_term_string"}}],"inLanguage":"hr"},{"@type":"Organization","@id":"https:\/\/skinglam.eu\/hr\/#organization","name":"SkinGlam d.o.o.","url":"https:\/\/skinglam.eu\/hr\/","logo":{"@type":"ImageObject","inLanguage":"hr","@id":"https:\/\/skinglam.eu\/hr\/#\/schema\/logo\/image\/","url":"https:\/\/skinglam.eu\/wp-content\/uploads\/2024\/09\/logo.jpg","contentUrl":"https:\/\/skinglam.eu\/wp-content\/uploads\/2024\/09\/logo.jpg","width":883,"height":833,"caption":"SkinGlam d.o.o."},"image":{"@id":"https:\/\/skinglam.eu\/hr\/#\/schema\/logo\/image\/"},"sameAs":["https:\/\/www.instagram.com\/skinglam.si"]}]}},"_links":{"self":[{"href":"https:\/\/skinglam.eu\/hr\/wp-json\/wp\/v2\/product\/3028","targetHints":{"allow":["GET"]}}],"collection":[{"href":"https:\/\/skinglam.eu\/hr\/wp-json\/wp\/v2\/product"}],"about":[{"href":"https:\/\/skinglam.eu\/hr\/wp-json\/wp\/v2\/types\/product"}],"replies":[{"embeddable":true,"href":"https:\/\/skinglam.eu\/hr\/wp-json\/wp\/v2\/comments?post=3028"}],"version-history":[{"count":2,"href":"https:\/\/skinglam.eu\/hr\/wp-json\/wp\/v2\/product\/3028\/revisions"}],"predecessor-version":[{"id":4026,"href":"https:\/\/skinglam.eu\/hr\/wp-json\/wp\/v2\/product\/3028\/revisions\/4026"}],"wp:featuredmedia":[{"embeddable":true,"href":"https:\/\/skinglam.eu\/hr\/wp-json\/wp\/v2\/media\/3029"}],"wp:attachment":[{"href":"https:\/\/skinglam.eu\/hr\/wp-json\/wp\/v2\/media?parent=3028"}],"wp:term":[{"taxonomy":"brand","embeddable":true,"href":"https:\/\/skinglam.eu\/hr\/wp-json\/wp\/v2\/etheme_brands?post=3028"},{"taxonomy":"product_cat","embeddable":true,"href":"https:\/\/skinglam.eu\/hr\/wp-json\/wp\/v2\/product_cat?post=3028"},{"taxonomy":"product_tag","embeddable":true,"href":"https:\/\/skinglam.eu\/hr\/wp-json\/wp\/v2\/product_tag?post=3028"}],"curies":[{"name":"wp","href":"https:\/\/api.w.org\/{rel}","templated":true}]}}