{"id":5161,"date":"2025-08-17T21:41:04","date_gmt":"2025-08-17T21:41:04","guid":{"rendered":"https:\/\/skinglam.eu\/?post_type=product&#038;p=5161"},"modified":"2026-04-18T14:27:54","modified_gmt":"2026-04-18T14:27:54","slug":"plump-rest-torriden-dive-in-serum-skin1004-hyalu-cica-sleeping-pack","status":"publish","type":"product","link":"https:\/\/skinglam.eu\/hr\/proizvod\/plump-rest-torriden-dive-in-serum-skin1004-hyalu-cica-sleeping-pack\/","title":{"rendered":"Plump + Rest: Torriden Dive-In Serum + SKIN1004 Hyalu-Cica Sleeping Pack"},"content":{"rendered":"<p data-start=\"139\" data-end=\"277\">Vratite vlagu i elasti\u010dnost ovom duom za revitalizaciju ko\u017ee, osmi\u0161ljenim za dubinsku hidrataciju, umirenje i resetiranje va\u0161e ko\u017ee preko no\u0107i.<\/p>\n<p data-start=\"282\" data-end=\"538\"> <strong data-start=\"285\" data-end=\"311\">Torriden Dive-In Serum<\/strong><br data-start=\"311\" data-end=\"314\" \/>Lagani, ali mo\u0107ni serum oboga\u0107en 5D hijaluronskom kiselinom niske molekularne te\u017eine, pantenolom i alantoinom koji ko\u017eu preplavljuje vlagom, smiruje iritaciju i vidljivo pove\u0107ava elasti\u010dnost - va\u0161a dnevna hidratacija je neophodna.<\/p>\n<p data-start=\"543\" data-end=\"771\"> <strong data-start=\"546\" data-end=\"589\">FREE: SKIN1004 Hyalu-Cica Sleeping Pack<\/strong><br data-start=\"589\" data-end=\"592\" \/>Ova no\u0107na maska u obliku gela mije\u0161a Centellu Asiaticu i hijaluronsku kiselinu za umirivanje, hidrataciju i zadr\u017eavanje vlage dok spavate. Probudite se s mekom, smirenom i vidljivo obnovljenom ko\u017eom.<\/p>\n<p data-start=\"776\" data-end=\"858\"> Hidratacija, obnavljanje i resetiranje - savr\u0161en dvojac za punu i blistavu ko\u017eu ujutro.<\/p>","protected":false},"excerpt":{"rendered":"<p>Buy Torriden Dive-In Serum, Get SKIN1004 Hyalu-Cica Sleeping Pack FREE<\/p>","protected":false},"featured_media":5129,"comment_status":"open","ping_status":"closed","template":"","meta":{"_monsterinsights_skip_tracking":false,"_monsterinsights_sitenote_active":false,"_monsterinsights_sitenote_note":"","_monsterinsights_sitenote_category":0,"_uf_show_specific_survey":0,"_uf_disable_surveys":false},"etheme_brands":[],"product_cat":[165],"product_tag":[],"class_list":{"0":"post-5161","1":"product","2":"type-product","3":"status-publish","4":"has-post-thumbnail","6":"product_cat-buy1get1","8":"first","9":"instock","10":"sale","11":"shipping-taxable","12":"purchasable","13":"product-type-simple"},"yoast_head":"<!-- This site is optimized with the Yoast SEO plugin v24.3 - https:\/\/yoast.com\/wordpress\/plugins\/seo\/ -->\n<title>Plump + Rest: Torriden Dive-In Serum + SKIN1004 Hyalu-Cica Sleeping Pack - Skin Glam<\/title>\n<meta name=\"description\" content=\"Torriden Dive-In Serum and SKIN1004 Sleeping Pack Set delivers deep hydration and overnight repair. Get the SKIN1004 Sleeping Pack free with this duo.\" \/>\n<meta name=\"robots\" content=\"index, follow, max-snippet:-1, max-image-preview:large, max-video-preview:-1\" \/>\n<link rel=\"canonical\" href=\"https:\/\/skinglam.eu\/hr\/proizvod\/plump-rest-torriden-dive-in-serum-skin1004-hyalu-cica-sleeping-pack\/\" \/>\n<meta property=\"og:locale\" content=\"hr_HR\" \/>\n<meta property=\"og:type\" content=\"article\" \/>\n<meta property=\"og:title\" content=\"Plump + Rest: Torriden Dive-In Serum + SKIN1004 Hyalu-Cica Sleeping Pack - Skin Glam\" \/>\n<meta property=\"og:description\" content=\"Torriden Dive-In Serum and SKIN1004 Sleeping Pack Set delivers deep hydration and overnight repair. Get the SKIN1004 Sleeping Pack free with this duo.\" \/>\n<meta property=\"og:url\" content=\"https:\/\/skinglam.eu\/hr\/proizvod\/plump-rest-torriden-dive-in-serum-skin1004-hyalu-cica-sleeping-pack\/\" \/>\n<meta property=\"og:site_name\" content=\"Skin Glam\" \/>\n<meta property=\"article:publisher\" content=\"https:\/\/www.instagram.com\/skinglam.si\" \/>\n<meta property=\"article:modified_time\" content=\"2026-04-18T14:27:54+00:00\" \/>\n<meta property=\"og:image\" content=\"https:\/\/skinglam.eu\/wp-content\/uploads\/2025\/08\/23-scaled.png\" \/>\n\t<meta property=\"og:image:width\" content=\"2560\" \/>\n\t<meta property=\"og:image:height\" content=\"2560\" \/>\n\t<meta property=\"og:image:type\" content=\"image\/png\" \/>\n<meta name=\"twitter:card\" content=\"summary_large_image\" \/>\n<meta name=\"twitter:label1\" content=\"Procijenjeno vrijeme \u010ditanja\" \/>\n\t<meta name=\"twitter:data1\" content=\"1 minuta\" \/>\n<script type=\"application\/ld+json\" class=\"yoast-schema-graph\">{\"@context\":\"https:\/\/schema.org\",\"@graph\":[{\"@type\":\"WebPage\",\"@id\":\"https:\/\/skinglam.eu\/product\/plump-rest-torriden-dive-in-serum-skin1004-hyalu-cica-sleeping-pack\/\",\"url\":\"https:\/\/skinglam.eu\/product\/plump-rest-torriden-dive-in-serum-skin1004-hyalu-cica-sleeping-pack\/\",\"name\":\"Plump + Rest: Torriden Dive-In Serum + SKIN1004 Hyalu-Cica Sleeping Pack - Skin Glam\",\"isPartOf\":{\"@id\":\"https:\/\/skinglam.eu\/hr\/#website\"},\"primaryImageOfPage\":{\"@id\":\"https:\/\/skinglam.eu\/product\/plump-rest-torriden-dive-in-serum-skin1004-hyalu-cica-sleeping-pack\/#primaryimage\"},\"image\":{\"@id\":\"https:\/\/skinglam.eu\/product\/plump-rest-torriden-dive-in-serum-skin1004-hyalu-cica-sleeping-pack\/#primaryimage\"},\"thumbnailUrl\":\"https:\/\/skinglam.eu\/wp-content\/uploads\/2025\/08\/23-scaled.png\",\"datePublished\":\"2025-08-17T21:41:04+00:00\",\"dateModified\":\"2026-04-18T14:27:54+00:00\",\"description\":\"Torriden Dive-In Serum and SKIN1004 Sleeping Pack Set delivers deep hydration and overnight repair. Get the SKIN1004 Sleeping Pack free with this duo.\",\"breadcrumb\":{\"@id\":\"https:\/\/skinglam.eu\/product\/plump-rest-torriden-dive-in-serum-skin1004-hyalu-cica-sleeping-pack\/#breadcrumb\"},\"inLanguage\":\"hr\",\"potentialAction\":[{\"@type\":\"ReadAction\",\"target\":[\"https:\/\/skinglam.eu\/product\/plump-rest-torriden-dive-in-serum-skin1004-hyalu-cica-sleeping-pack\/\"]}]},{\"@type\":\"ImageObject\",\"inLanguage\":\"hr\",\"@id\":\"https:\/\/skinglam.eu\/product\/plump-rest-torriden-dive-in-serum-skin1004-hyalu-cica-sleeping-pack\/#primaryimage\",\"url\":\"https:\/\/skinglam.eu\/wp-content\/uploads\/2025\/08\/23-scaled.png\",\"contentUrl\":\"https:\/\/skinglam.eu\/wp-content\/uploads\/2025\/08\/23-scaled.png\",\"width\":2560,\"height\":2560,\"caption\":\"Plump + Rest Duo \u2013 Torriden Dive-In Serum and SKIN1004 Hyalu-Cica Sleeping Pack for deep overnight hydration and glowy, glass skin by morning.\"},{\"@type\":\"BreadcrumbList\",\"@id\":\"https:\/\/skinglam.eu\/product\/plump-rest-torriden-dive-in-serum-skin1004-hyalu-cica-sleeping-pack\/#breadcrumb\",\"itemListElement\":[{\"@type\":\"ListItem\",\"position\":1,\"name\":\"Home\",\"item\":\"https:\/\/skinglam.eu\/\"},{\"@type\":\"ListItem\",\"position\":2,\"name\":\"Shop\",\"item\":\"https:\/\/skinglam.eu\/hr\/shop\/\"},{\"@type\":\"ListItem\",\"position\":3,\"name\":\"Plump + Rest: Torriden Dive-In Serum + SKIN1004 Hyalu-Cica Sleeping Pack\"}]},{\"@type\":\"WebSite\",\"@id\":\"https:\/\/skinglam.eu\/hr\/#website\",\"url\":\"https:\/\/skinglam.eu\/hr\/\",\"name\":\"Skin Glam\",\"description\":\"K-beauty Shop\",\"publisher\":{\"@id\":\"https:\/\/skinglam.eu\/hr\/#organization\"},\"potentialAction\":[{\"@type\":\"SearchAction\",\"target\":{\"@type\":\"EntryPoint\",\"urlTemplate\":\"https:\/\/skinglam.eu\/hr\/?s={search_term_string}\"},\"query-input\":{\"@type\":\"PropertyValueSpecification\",\"valueRequired\":true,\"valueName\":\"search_term_string\"}}],\"inLanguage\":\"hr\"},{\"@type\":\"Organization\",\"@id\":\"https:\/\/skinglam.eu\/hr\/#organization\",\"name\":\"SkinGlam d.o.o.\",\"url\":\"https:\/\/skinglam.eu\/hr\/\",\"logo\":{\"@type\":\"ImageObject\",\"inLanguage\":\"hr\",\"@id\":\"https:\/\/skinglam.eu\/hr\/#\/schema\/logo\/image\/\",\"url\":\"https:\/\/skinglam.eu\/wp-content\/uploads\/2024\/09\/logo.jpg\",\"contentUrl\":\"https:\/\/skinglam.eu\/wp-content\/uploads\/2024\/09\/logo.jpg\",\"width\":883,\"height\":833,\"caption\":\"SkinGlam d.o.o.\"},\"image\":{\"@id\":\"https:\/\/skinglam.eu\/hr\/#\/schema\/logo\/image\/\"},\"sameAs\":[\"https:\/\/www.instagram.com\/skinglam.si\"]}]}<\/script>\n<!-- \/ Yoast SEO plugin. -->","yoast_head_json":{"title":"Plump + Rest: Torriden Dive-In Serum + SKIN1004 Hyalu-Cica Sleeping Pack - Skin Glam","description":"Torriden Dive-In Serum and SKIN1004 Sleeping Pack Set delivers deep hydration and overnight repair. Get the SKIN1004 Sleeping Pack free with this duo.","robots":{"index":"index","follow":"follow","max-snippet":"max-snippet:-1","max-image-preview":"max-image-preview:large","max-video-preview":"max-video-preview:-1"},"canonical":"https:\/\/skinglam.eu\/hr\/proizvod\/plump-rest-torriden-dive-in-serum-skin1004-hyalu-cica-sleeping-pack\/","og_locale":"hr_HR","og_type":"article","og_title":"Plump + Rest: Torriden Dive-In Serum + SKIN1004 Hyalu-Cica Sleeping Pack - Skin Glam","og_description":"Torriden Dive-In Serum and SKIN1004 Sleeping Pack Set delivers deep hydration and overnight repair. Get the SKIN1004 Sleeping Pack free with this duo.","og_url":"https:\/\/skinglam.eu\/hr\/proizvod\/plump-rest-torriden-dive-in-serum-skin1004-hyalu-cica-sleeping-pack\/","og_site_name":"Skin Glam","article_publisher":"https:\/\/www.instagram.com\/skinglam.si","article_modified_time":"2026-04-18T14:27:54+00:00","og_image":[{"width":2560,"height":2560,"url":"https:\/\/skinglam.eu\/wp-content\/uploads\/2025\/08\/23-scaled.png","type":"image\/png"}],"twitter_card":"summary_large_image","twitter_misc":{"Procijenjeno vrijeme \u010ditanja":"1 minuta"},"schema":{"@context":"https:\/\/schema.org","@graph":[{"@type":"WebPage","@id":"https:\/\/skinglam.eu\/product\/plump-rest-torriden-dive-in-serum-skin1004-hyalu-cica-sleeping-pack\/","url":"https:\/\/skinglam.eu\/product\/plump-rest-torriden-dive-in-serum-skin1004-hyalu-cica-sleeping-pack\/","name":"Plump + Rest: Torriden Dive-In Serum + SKIN1004 Hyalu-Cica Sleeping Pack - Skin Glam","isPartOf":{"@id":"https:\/\/skinglam.eu\/hr\/#website"},"primaryImageOfPage":{"@id":"https:\/\/skinglam.eu\/product\/plump-rest-torriden-dive-in-serum-skin1004-hyalu-cica-sleeping-pack\/#primaryimage"},"image":{"@id":"https:\/\/skinglam.eu\/product\/plump-rest-torriden-dive-in-serum-skin1004-hyalu-cica-sleeping-pack\/#primaryimage"},"thumbnailUrl":"https:\/\/skinglam.eu\/wp-content\/uploads\/2025\/08\/23-scaled.png","datePublished":"2025-08-17T21:41:04+00:00","dateModified":"2026-04-18T14:27:54+00:00","description":"Torriden Dive-In Serum and SKIN1004 Sleeping Pack Set delivers deep hydration and overnight repair. Get the SKIN1004 Sleeping Pack free with this duo.","breadcrumb":{"@id":"https:\/\/skinglam.eu\/product\/plump-rest-torriden-dive-in-serum-skin1004-hyalu-cica-sleeping-pack\/#breadcrumb"},"inLanguage":"hr","potentialAction":[{"@type":"ReadAction","target":["https:\/\/skinglam.eu\/product\/plump-rest-torriden-dive-in-serum-skin1004-hyalu-cica-sleeping-pack\/"]}]},{"@type":"ImageObject","inLanguage":"hr","@id":"https:\/\/skinglam.eu\/product\/plump-rest-torriden-dive-in-serum-skin1004-hyalu-cica-sleeping-pack\/#primaryimage","url":"https:\/\/skinglam.eu\/wp-content\/uploads\/2025\/08\/23-scaled.png","contentUrl":"https:\/\/skinglam.eu\/wp-content\/uploads\/2025\/08\/23-scaled.png","width":2560,"height":2560,"caption":"Plump + Rest Duo \u2013 Torriden Dive-In Serum and SKIN1004 Hyalu-Cica Sleeping Pack for deep overnight hydration and glowy, glass skin by morning."},{"@type":"BreadcrumbList","@id":"https:\/\/skinglam.eu\/product\/plump-rest-torriden-dive-in-serum-skin1004-hyalu-cica-sleeping-pack\/#breadcrumb","itemListElement":[{"@type":"ListItem","position":1,"name":"Home","item":"https:\/\/skinglam.eu\/"},{"@type":"ListItem","position":2,"name":"Shop","item":"https:\/\/skinglam.eu\/hr\/shop\/"},{"@type":"ListItem","position":3,"name":"Plump + Rest: Torriden Dive-In Serum + SKIN1004 Hyalu-Cica Sleeping Pack"}]},{"@type":"WebSite","@id":"https:\/\/skinglam.eu\/hr\/#website","url":"https:\/\/skinglam.eu\/hr\/","name":"Skin Glam","description":"K-beauty Shop","publisher":{"@id":"https:\/\/skinglam.eu\/hr\/#organization"},"potentialAction":[{"@type":"SearchAction","target":{"@type":"EntryPoint","urlTemplate":"https:\/\/skinglam.eu\/hr\/?s={search_term_string}"},"query-input":{"@type":"PropertyValueSpecification","valueRequired":true,"valueName":"search_term_string"}}],"inLanguage":"hr"},{"@type":"Organization","@id":"https:\/\/skinglam.eu\/hr\/#organization","name":"SkinGlam d.o.o.","url":"https:\/\/skinglam.eu\/hr\/","logo":{"@type":"ImageObject","inLanguage":"hr","@id":"https:\/\/skinglam.eu\/hr\/#\/schema\/logo\/image\/","url":"https:\/\/skinglam.eu\/wp-content\/uploads\/2024\/09\/logo.jpg","contentUrl":"https:\/\/skinglam.eu\/wp-content\/uploads\/2024\/09\/logo.jpg","width":883,"height":833,"caption":"SkinGlam d.o.o."},"image":{"@id":"https:\/\/skinglam.eu\/hr\/#\/schema\/logo\/image\/"},"sameAs":["https:\/\/www.instagram.com\/skinglam.si"]}]}},"_links":{"self":[{"href":"https:\/\/skinglam.eu\/hr\/wp-json\/wp\/v2\/product\/5161","targetHints":{"allow":["GET"]}}],"collection":[{"href":"https:\/\/skinglam.eu\/hr\/wp-json\/wp\/v2\/product"}],"about":[{"href":"https:\/\/skinglam.eu\/hr\/wp-json\/wp\/v2\/types\/product"}],"replies":[{"embeddable":true,"href":"https:\/\/skinglam.eu\/hr\/wp-json\/wp\/v2\/comments?post=5161"}],"version-history":[{"count":2,"href":"https:\/\/skinglam.eu\/hr\/wp-json\/wp\/v2\/product\/5161\/revisions"}],"predecessor-version":[{"id":5464,"href":"https:\/\/skinglam.eu\/hr\/wp-json\/wp\/v2\/product\/5161\/revisions\/5464"}],"wp:featuredmedia":[{"embeddable":true,"href":"https:\/\/skinglam.eu\/hr\/wp-json\/wp\/v2\/media\/5129"}],"wp:attachment":[{"href":"https:\/\/skinglam.eu\/hr\/wp-json\/wp\/v2\/media?parent=5161"}],"wp:term":[{"taxonomy":"brand","embeddable":true,"href":"https:\/\/skinglam.eu\/hr\/wp-json\/wp\/v2\/etheme_brands?post=5161"},{"taxonomy":"product_cat","embeddable":true,"href":"https:\/\/skinglam.eu\/hr\/wp-json\/wp\/v2\/product_cat?post=5161"},{"taxonomy":"product_tag","embeddable":true,"href":"https:\/\/skinglam.eu\/hr\/wp-json\/wp\/v2\/product_tag?post=5161"}],"curies":[{"name":"wp","href":"https:\/\/api.w.org\/{rel}","templated":true}]}}