{"id":5391,"date":"2025-10-12T13:54:01","date_gmt":"2025-10-12T13:54:01","guid":{"rendered":"https:\/\/skinglam.eu\/?post_type=product&#038;p=5391"},"modified":"2026-04-20T11:57:01","modified_gmt":"2026-04-20T11:57:01","slug":"medicube-pdrn-pink-collagen-gel-mask-28g","status":"publish","type":"product","link":"https:\/\/skinglam.eu\/hr\/proizvod\/medicube-pdrn-pink-collagen-gel-mask-28g\/","title":{"rendered":"MEDICUBE PDRN ru\u017ei\u010dasta kolagen gel maska 28g"},"content":{"rendered":"<p>Do\u017eivite oporavak i u\u010dvr\u0161\u0107ivanje ko\u017ee u samo jednom tretmanu s ovom inovativnom gel maskom.<\/p>\n<p>Kombiniraju\u0107i kolagen niske molekularne te\u017eine i PDRN dobiven iz lososa, glatko se topi na ko\u017ei, postaju\u0107i gotovo proziran dok se njegovi sna\u017eni sastojci duboko upijaju bez ikakvih ostataka.<\/p>\n<p>Ova gel maska oboga\u0107ena je peptidima poput acetil heksapeptida-8, bakrenog tripeptida-1 i palmitoil pentapeptida-4, koji zajedno djeluju na poticanje proizvodnje kolagena, pobolj\u0161anje elasti\u010dnosti ko\u017ee i smanjenje vidljivih znakova starenja.<\/p>\n<p>Klini\u010dki testirana za pobolj\u0161anje elasti\u010dnosti, sjaja i teksture, ova maska vidljivo zagla\u0111uje fine linije i bore, smanjuju\u0107i bore oko o\u010diju za 9,31 TP3T* i bore oko o\u010diju za 11,31 TP3T* nakon samo jedne upotrebe. Hidrolizirani kolagen podr\u017eava volumen i elasti\u010dnost ko\u017ee, dok 13 vrsta peptida u\u010dvr\u0161\u0107uje i energizira ko\u017eu. Hijaluronska kiselina zadr\u017eava dugotrajnu hidrataciju za pun i mladena\u010dki sjaj.<\/p>\n<p>Ultra tanki sloj gela hladi i umiruje ko\u017eu, sni\u017eavaju\u0107i njezinu temperaturu za gotovo 8\u00b0C*, a istovremeno stvara barijeru za vlagu koja zadr\u017eava sjaj do 48 sati. Dovoljno je nje\u017ean za osjetljivu ko\u017eu, dermatolo\u0161ki je testiran i ne iritira.<\/p>\n<p>Bonus: prilo\u017eeni flasteri za o\u010di mogu se ukloniti i nanijeti na bilo koje podru\u010dje kojem je potrebna dodatna njega, \u0161to ovu masku \u010dini svestranim dodatkom va\u0161oj rutini njege ko\u017ee.<\/p>","protected":false},"excerpt":{"rendered":"<p>Experience skin recovery and firming in just one treatment with this innovative gel mask. Combining low-molecular-weight Collagen and salmon-derived PDRN, it melts smoothly onto the&#8230;<\/p>","protected":false},"featured_media":5392,"comment_status":"open","ping_status":"closed","template":"","meta":{"_monsterinsights_skip_tracking":false,"_monsterinsights_sitenote_active":false,"_monsterinsights_sitenote_note":"","_monsterinsights_sitenote_category":0,"_uf_show_specific_survey":0,"_uf_disable_surveys":false},"etheme_brands":[{"term_id":415,"name":"MEDICUBE","slug":"medicube","term_group":0,"term_taxonomy_id":415,"taxonomy":"brand","description":"","parent":0,"count":12,"filter":"raw"}],"product_cat":[135,139,140,141,69,70],"product_tag":[462,455,452,226,460,461,184,458,426,438,171,416,459,457,464,451,456,453,407,454,463],"class_list":{"0":"post-5391","1":"product","2":"type-product","3":"status-publish","4":"has-post-thumbnail","6":"brand-medicube","7":"product_cat-anti-aging","8":"product_cat-dry","9":"product_cat-dryness","10":"product_cat-normal","11":"product_cat-treatments","12":"product_cat-masks","13":"product_tag-anti-aging-mask","14":"product_tag-collagen-boost","15":"product_tag-collagen-gel-mask","16":"product_tag-face-mask","17":"product_tag-facial-treatment","18":"product_tag-gel-mask","19":"product_tag-glass-skin","20":"product_tag-glow-mask","21":"product_tag-hydrating-mask","22":"product_tag-k-beauty","23":"product_tag-korean-skincare","24":"product_tag-medicube","25":"product_tag-medicube-mask","26":"product_tag-moisturizing-mask","27":"product_tag-nourishing-mask","28":"product_tag-pdrn-mask","29":"product_tag-pdrn-skincare","30":"product_tag-pink-collagen-mask","31":"product_tag-skin-firming","32":"product_tag-skin-revitalizing","33":"product_tag-skincare-mask","35":"first","36":"instock","37":"sale","38":"shipping-taxable","39":"purchasable","40":"product-type-simple"},"yoast_head":"<!-- This site is optimized with the Yoast SEO plugin v24.3 - https:\/\/yoast.com\/wordpress\/plugins\/seo\/ -->\n<title>MEDICUBE PDRN Pink Collagen Gel Mask 28g - Skin Glam<\/title>\n<meta name=\"description\" content=\"Revitalize and hydrate your skin with Medicube PDRN Pink Collagen Gel Mask. Infused with collagen and PDRN for firm, glowing and nourished skin.\" \/>\n<meta name=\"robots\" content=\"index, follow, max-snippet:-1, max-image-preview:large, max-video-preview:-1\" \/>\n<link rel=\"canonical\" href=\"https:\/\/skinglam.eu\/hr\/proizvod\/medicube-pdrn-pink-collagen-gel-mask-28g\/\" \/>\n<meta property=\"og:locale\" content=\"hr_HR\" \/>\n<meta property=\"og:type\" content=\"article\" \/>\n<meta property=\"og:title\" content=\"MEDICUBE PDRN Pink Collagen Gel Mask 28g - Skin Glam\" \/>\n<meta property=\"og:description\" content=\"Revitalize and hydrate your skin with Medicube PDRN Pink Collagen Gel Mask. Infused with collagen and PDRN for firm, glowing and nourished skin.\" \/>\n<meta property=\"og:url\" content=\"https:\/\/skinglam.eu\/hr\/proizvod\/medicube-pdrn-pink-collagen-gel-mask-28g\/\" \/>\n<meta property=\"og:site_name\" content=\"Skin Glam\" \/>\n<meta property=\"article:publisher\" content=\"https:\/\/www.instagram.com\/skinglam.si\" \/>\n<meta property=\"article:modified_time\" content=\"2026-04-20T11:57:01+00:00\" \/>\n<meta property=\"og:image\" content=\"https:\/\/skinglam.eu\/wp-content\/uploads\/2025\/10\/medicube-pdrn-pink-collagen-gel-maska-28g6762889a6033e.jpg\" \/>\n\t<meta property=\"og:image:width\" content=\"600\" \/>\n\t<meta property=\"og:image:height\" content=\"800\" \/>\n\t<meta property=\"og:image:type\" content=\"image\/jpeg\" \/>\n<meta name=\"twitter:card\" content=\"summary_large_image\" \/>\n<meta name=\"twitter:label1\" content=\"Procijenjeno vrijeme \u010ditanja\" \/>\n\t<meta name=\"twitter:data1\" content=\"2 minute\" \/>\n<script type=\"application\/ld+json\" class=\"yoast-schema-graph\">{\"@context\":\"https:\/\/schema.org\",\"@graph\":[{\"@type\":\"WebPage\",\"@id\":\"https:\/\/skinglam.eu\/product\/medicube-pdrn-pink-collagen-gel-mask-28g\/\",\"url\":\"https:\/\/skinglam.eu\/product\/medicube-pdrn-pink-collagen-gel-mask-28g\/\",\"name\":\"MEDICUBE PDRN Pink Collagen Gel Mask 28g - Skin Glam\",\"isPartOf\":{\"@id\":\"https:\/\/skinglam.eu\/hr\/#website\"},\"primaryImageOfPage\":{\"@id\":\"https:\/\/skinglam.eu\/product\/medicube-pdrn-pink-collagen-gel-mask-28g\/#primaryimage\"},\"image\":{\"@id\":\"https:\/\/skinglam.eu\/product\/medicube-pdrn-pink-collagen-gel-mask-28g\/#primaryimage\"},\"thumbnailUrl\":\"https:\/\/skinglam.eu\/wp-content\/uploads\/2025\/10\/medicube-pdrn-pink-collagen-gel-maska-28g6762889a6033e.jpg\",\"datePublished\":\"2025-10-12T13:54:01+00:00\",\"dateModified\":\"2026-04-20T11:57:01+00:00\",\"description\":\"Revitalize and hydrate your skin with Medicube PDRN Pink Collagen Gel Mask. Infused with collagen and PDRN for firm, glowing and nourished skin.\",\"breadcrumb\":{\"@id\":\"https:\/\/skinglam.eu\/product\/medicube-pdrn-pink-collagen-gel-mask-28g\/#breadcrumb\"},\"inLanguage\":\"hr\",\"potentialAction\":[{\"@type\":\"ReadAction\",\"target\":[\"https:\/\/skinglam.eu\/product\/medicube-pdrn-pink-collagen-gel-mask-28g\/\"]}]},{\"@type\":\"ImageObject\",\"inLanguage\":\"hr\",\"@id\":\"https:\/\/skinglam.eu\/product\/medicube-pdrn-pink-collagen-gel-mask-28g\/#primaryimage\",\"url\":\"https:\/\/skinglam.eu\/wp-content\/uploads\/2025\/10\/medicube-pdrn-pink-collagen-gel-maska-28g6762889a6033e.jpg\",\"contentUrl\":\"https:\/\/skinglam.eu\/wp-content\/uploads\/2025\/10\/medicube-pdrn-pink-collagen-gel-maska-28g6762889a6033e.jpg\",\"width\":600,\"height\":800,\"caption\":\"Medicube PDRN Pink Collagen Gel Mask \u2013 Deep hydration and skin firming with collagen and PDRN for a radiant glow.\"},{\"@type\":\"BreadcrumbList\",\"@id\":\"https:\/\/skinglam.eu\/product\/medicube-pdrn-pink-collagen-gel-mask-28g\/#breadcrumb\",\"itemListElement\":[{\"@type\":\"ListItem\",\"position\":1,\"name\":\"Home\",\"item\":\"https:\/\/skinglam.eu\/\"},{\"@type\":\"ListItem\",\"position\":2,\"name\":\"Shop\",\"item\":\"https:\/\/skinglam.eu\/hr\/shop\/\"},{\"@type\":\"ListItem\",\"position\":3,\"name\":\"MEDICUBE PDRN Pink Collagen Gel Mask 28g\"}]},{\"@type\":\"WebSite\",\"@id\":\"https:\/\/skinglam.eu\/hr\/#website\",\"url\":\"https:\/\/skinglam.eu\/hr\/\",\"name\":\"Skin Glam\",\"description\":\"K-beauty Shop\",\"publisher\":{\"@id\":\"https:\/\/skinglam.eu\/hr\/#organization\"},\"potentialAction\":[{\"@type\":\"SearchAction\",\"target\":{\"@type\":\"EntryPoint\",\"urlTemplate\":\"https:\/\/skinglam.eu\/hr\/?s={search_term_string}\"},\"query-input\":{\"@type\":\"PropertyValueSpecification\",\"valueRequired\":true,\"valueName\":\"search_term_string\"}}],\"inLanguage\":\"hr\"},{\"@type\":\"Organization\",\"@id\":\"https:\/\/skinglam.eu\/hr\/#organization\",\"name\":\"SkinGlam d.o.o.\",\"url\":\"https:\/\/skinglam.eu\/hr\/\",\"logo\":{\"@type\":\"ImageObject\",\"inLanguage\":\"hr\",\"@id\":\"https:\/\/skinglam.eu\/hr\/#\/schema\/logo\/image\/\",\"url\":\"https:\/\/skinglam.eu\/wp-content\/uploads\/2024\/09\/logo.jpg\",\"contentUrl\":\"https:\/\/skinglam.eu\/wp-content\/uploads\/2024\/09\/logo.jpg\",\"width\":883,\"height\":833,\"caption\":\"SkinGlam d.o.o.\"},\"image\":{\"@id\":\"https:\/\/skinglam.eu\/hr\/#\/schema\/logo\/image\/\"},\"sameAs\":[\"https:\/\/www.instagram.com\/skinglam.si\"]}]}<\/script>\n<!-- \/ Yoast SEO plugin. -->","yoast_head_json":{"title":"MEDICUBE PDRN Pink Collagen Gel Mask 28g - Skin Glam","description":"Revitalize and hydrate your skin with Medicube PDRN Pink Collagen Gel Mask. Infused with collagen and PDRN for firm, glowing and nourished skin.","robots":{"index":"index","follow":"follow","max-snippet":"max-snippet:-1","max-image-preview":"max-image-preview:large","max-video-preview":"max-video-preview:-1"},"canonical":"https:\/\/skinglam.eu\/hr\/proizvod\/medicube-pdrn-pink-collagen-gel-mask-28g\/","og_locale":"hr_HR","og_type":"article","og_title":"MEDICUBE PDRN Pink Collagen Gel Mask 28g - Skin Glam","og_description":"Revitalize and hydrate your skin with Medicube PDRN Pink Collagen Gel Mask. Infused with collagen and PDRN for firm, glowing and nourished skin.","og_url":"https:\/\/skinglam.eu\/hr\/proizvod\/medicube-pdrn-pink-collagen-gel-mask-28g\/","og_site_name":"Skin Glam","article_publisher":"https:\/\/www.instagram.com\/skinglam.si","article_modified_time":"2026-04-20T11:57:01+00:00","og_image":[{"width":600,"height":800,"url":"https:\/\/skinglam.eu\/wp-content\/uploads\/2025\/10\/medicube-pdrn-pink-collagen-gel-maska-28g6762889a6033e.jpg","type":"image\/jpeg"}],"twitter_card":"summary_large_image","twitter_misc":{"Procijenjeno vrijeme \u010ditanja":"2 minute"},"schema":{"@context":"https:\/\/schema.org","@graph":[{"@type":"WebPage","@id":"https:\/\/skinglam.eu\/product\/medicube-pdrn-pink-collagen-gel-mask-28g\/","url":"https:\/\/skinglam.eu\/product\/medicube-pdrn-pink-collagen-gel-mask-28g\/","name":"MEDICUBE PDRN Pink Collagen Gel Mask 28g - Skin Glam","isPartOf":{"@id":"https:\/\/skinglam.eu\/hr\/#website"},"primaryImageOfPage":{"@id":"https:\/\/skinglam.eu\/product\/medicube-pdrn-pink-collagen-gel-mask-28g\/#primaryimage"},"image":{"@id":"https:\/\/skinglam.eu\/product\/medicube-pdrn-pink-collagen-gel-mask-28g\/#primaryimage"},"thumbnailUrl":"https:\/\/skinglam.eu\/wp-content\/uploads\/2025\/10\/medicube-pdrn-pink-collagen-gel-maska-28g6762889a6033e.jpg","datePublished":"2025-10-12T13:54:01+00:00","dateModified":"2026-04-20T11:57:01+00:00","description":"Revitalize and hydrate your skin with Medicube PDRN Pink Collagen Gel Mask. Infused with collagen and PDRN for firm, glowing and nourished skin.","breadcrumb":{"@id":"https:\/\/skinglam.eu\/product\/medicube-pdrn-pink-collagen-gel-mask-28g\/#breadcrumb"},"inLanguage":"hr","potentialAction":[{"@type":"ReadAction","target":["https:\/\/skinglam.eu\/product\/medicube-pdrn-pink-collagen-gel-mask-28g\/"]}]},{"@type":"ImageObject","inLanguage":"hr","@id":"https:\/\/skinglam.eu\/product\/medicube-pdrn-pink-collagen-gel-mask-28g\/#primaryimage","url":"https:\/\/skinglam.eu\/wp-content\/uploads\/2025\/10\/medicube-pdrn-pink-collagen-gel-maska-28g6762889a6033e.jpg","contentUrl":"https:\/\/skinglam.eu\/wp-content\/uploads\/2025\/10\/medicube-pdrn-pink-collagen-gel-maska-28g6762889a6033e.jpg","width":600,"height":800,"caption":"Medicube PDRN Pink Collagen Gel Mask \u2013 Deep hydration and skin firming with collagen and PDRN for a radiant glow."},{"@type":"BreadcrumbList","@id":"https:\/\/skinglam.eu\/product\/medicube-pdrn-pink-collagen-gel-mask-28g\/#breadcrumb","itemListElement":[{"@type":"ListItem","position":1,"name":"Home","item":"https:\/\/skinglam.eu\/"},{"@type":"ListItem","position":2,"name":"Shop","item":"https:\/\/skinglam.eu\/hr\/shop\/"},{"@type":"ListItem","position":3,"name":"MEDICUBE PDRN Pink Collagen Gel Mask 28g"}]},{"@type":"WebSite","@id":"https:\/\/skinglam.eu\/hr\/#website","url":"https:\/\/skinglam.eu\/hr\/","name":"Skin Glam","description":"K-beauty Shop","publisher":{"@id":"https:\/\/skinglam.eu\/hr\/#organization"},"potentialAction":[{"@type":"SearchAction","target":{"@type":"EntryPoint","urlTemplate":"https:\/\/skinglam.eu\/hr\/?s={search_term_string}"},"query-input":{"@type":"PropertyValueSpecification","valueRequired":true,"valueName":"search_term_string"}}],"inLanguage":"hr"},{"@type":"Organization","@id":"https:\/\/skinglam.eu\/hr\/#organization","name":"SkinGlam d.o.o.","url":"https:\/\/skinglam.eu\/hr\/","logo":{"@type":"ImageObject","inLanguage":"hr","@id":"https:\/\/skinglam.eu\/hr\/#\/schema\/logo\/image\/","url":"https:\/\/skinglam.eu\/wp-content\/uploads\/2024\/09\/logo.jpg","contentUrl":"https:\/\/skinglam.eu\/wp-content\/uploads\/2024\/09\/logo.jpg","width":883,"height":833,"caption":"SkinGlam d.o.o."},"image":{"@id":"https:\/\/skinglam.eu\/hr\/#\/schema\/logo\/image\/"},"sameAs":["https:\/\/www.instagram.com\/skinglam.si"]}]}},"_links":{"self":[{"href":"https:\/\/skinglam.eu\/hr\/wp-json\/wp\/v2\/product\/5391","targetHints":{"allow":["GET"]}}],"collection":[{"href":"https:\/\/skinglam.eu\/hr\/wp-json\/wp\/v2\/product"}],"about":[{"href":"https:\/\/skinglam.eu\/hr\/wp-json\/wp\/v2\/types\/product"}],"replies":[{"embeddable":true,"href":"https:\/\/skinglam.eu\/hr\/wp-json\/wp\/v2\/comments?post=5391"}],"version-history":[{"count":1,"href":"https:\/\/skinglam.eu\/hr\/wp-json\/wp\/v2\/product\/5391\/revisions"}],"predecessor-version":[{"id":5393,"href":"https:\/\/skinglam.eu\/hr\/wp-json\/wp\/v2\/product\/5391\/revisions\/5393"}],"wp:featuredmedia":[{"embeddable":true,"href":"https:\/\/skinglam.eu\/hr\/wp-json\/wp\/v2\/media\/5392"}],"wp:attachment":[{"href":"https:\/\/skinglam.eu\/hr\/wp-json\/wp\/v2\/media?parent=5391"}],"wp:term":[{"taxonomy":"brand","embeddable":true,"href":"https:\/\/skinglam.eu\/hr\/wp-json\/wp\/v2\/etheme_brands?post=5391"},{"taxonomy":"product_cat","embeddable":true,"href":"https:\/\/skinglam.eu\/hr\/wp-json\/wp\/v2\/product_cat?post=5391"},{"taxonomy":"product_tag","embeddable":true,"href":"https:\/\/skinglam.eu\/hr\/wp-json\/wp\/v2\/product_tag?post=5391"}],"curies":[{"name":"wp","href":"https:\/\/api.w.org\/{rel}","templated":true}]}}