{"id":2214,"date":"2023-09-14T08:07:26","date_gmt":"2023-09-14T08:07:26","guid":{"rendered":"https:\/\/skin.ocstesting.mk\/?page_id=2214"},"modified":"2023-09-14T08:07:40","modified_gmt":"2023-09-14T08:07:40","slug":"returns-policy","status":"publish","type":"page","link":"https:\/\/skinglam.eu\/it\/returns-policy\/","title":{"rendered":"Politica di reso"},"content":{"rendered":"<p>&nbsp;<\/p>\n<p>&nbsp;<\/p>\n<p><strong>Politica di reso<\/strong><\/p>\n<p><strong>\u00a0<\/strong><\/p>\n<p>Abbiamo una politica di reso di 14 giorni, il che significa che hai 14 giorni di tempo dal ricevimento dell&#039;articolo per richiedere un reso.<\/p>\n<p>Per poter usufruire del reso, l&#039;articolo deve essere nelle stesse condizioni in cui lo hai ricevuto: inutilizzato, non aperto e nella confezione originale con tutti gli accessori inclusi (campioni, omaggi, ecc.). Avrai anche bisogno della ricevuta o della prova d&#039;acquisto. Le spese di spedizione per la restituzione della merce saranno a carico del cliente.<\/p>\n<p>L&#039;acquirente \u00e8 responsabile del pagamento di tutte le spese relative alla restituzione dell&#039;articolo. Queste includono le spese di spedizione originali, le spese di spedizione per la restituzione e qualsiasi commissione applicata dalla banca commerciale a SKIN GLAM doo, come indicato nel listino prezzi vigente. Se il valore dell&#039;articolo restituito supera queste spese, l&#039;acquirente dovr\u00e0 coprire l&#039;importo aggiuntivo. Nei casi in cui l&#039;acquirente restituisca un articolo che originariamente aveva diritto alla spedizione gratuita, l&#039;intero importo delle spese postali per l&#039;invio del pacco verr\u00e0 trattenuto.<\/p>\n<p>Se il tuo ordine viene restituito a causa di un indirizzo errato, ti rimborseremo detraendo le spese di spedizione.<\/p>\n<p>Per avviare un reso, puoi contattarci all&#039;indirizzo <a href=\"mailto:hello@skinglam.si\">hello@skinglam.si<\/a>.<\/p>\n<p>Gli articoli restituiti senza aver prima richiesto il reso non saranno accettati. Si prega di notare che le spese di spedizione per il reso non saranno coperte da SKIN GLAM, a meno che il prodotto non sia danneggiato o inviato per errore.<\/p>\n<p>Puoi sempre contattarci per qualsiasi domanda sui resi a\u00a0<a href=\"mailto:hello@skinglam.si\">hello@skinglam.si<\/a>.<\/p>\n<p><strong>Danni e problemi\u00a0<\/strong><\/p>\n<p>Ti preghiamo di controllare il tuo ordine al momento della ricezione e di contattarci immediatamente allegando delle foto se l&#039;articolo \u00e8 difettoso, danneggiato o se hai ricevuto l&#039;articolo sbagliato, in modo che possiamo valutare il problema e risolverlo.<\/p>\n<p><strong>Eccezioni \/ articoli non restituibili<\/strong><\/p>\n<p>Purtroppo non possiamo accettare resi di articoli in saldo o buoni regalo. Non accettiamo articoli aperti e utilizzati.<\/p>\n<p><strong>Scambi<\/strong><\/p>\n<p>Il modo pi\u00f9 rapido per assicurarti di ottenere ci\u00f2 che desideri \u00e8 restituire l&#039;articolo che possiedi e, una volta accettato il reso, effettuare un acquisto separato per il nuovo articolo.<\/p>\n<p>&nbsp;<\/p>\n<p>Rimborsi<\/p>\n<p>Ti informeremo una volta ricevuto e ispezionato il tuo reso e ti faremo sapere se il rimborso \u00e8 stato approvato o meno. In caso di approvazione, verrai rimborsato automaticamente sul tuo metodo di pagamento originale. Tieni presente che l&#039;elaborazione e l&#039;accredito del rimborso da parte della tua banca o societ\u00e0 emittente della carta di credito potrebbero richiedere del tempo (fino a 30 giorni).<\/p>\n<table>\n<tbody>\n<tr>\n<td width=\"44\"><\/td>\n<td width=\"950\"><\/td>\n<\/tr>\n<\/tbody>\n<\/table>\n<p>&nbsp;<\/p>","protected":false},"excerpt":{"rendered":"<p>&nbsp; &nbsp; Returns Policy \u00a0 We have a 14-day return policy, which means you have 14 days after receiving your item to request a return&#8230;.<\/p>","protected":false},"author":1,"featured_media":0,"parent":0,"menu_order":0,"comment_status":"closed","ping_status":"closed","template":"","meta":{"_monsterinsights_skip_tracking":false,"_monsterinsights_sitenote_active":false,"_monsterinsights_sitenote_note":"","_monsterinsights_sitenote_category":0,"_uf_show_specific_survey":0,"_uf_disable_surveys":false,"footnotes":""},"class_list":["post-2214","page","type-page","status-publish","hentry"],"yoast_head":"<!-- This site is optimized with the Yoast SEO plugin v24.3 - https:\/\/yoast.com\/wordpress\/plugins\/seo\/ -->\n<title>Returns Policy - Skin Glam<\/title>\n<meta name=\"robots\" content=\"index, follow, max-snippet:-1, max-image-preview:large, max-video-preview:-1\" \/>\n<link rel=\"canonical\" href=\"https:\/\/skinglam.eu\/it\/returns-policy\/\" \/>\n<meta property=\"og:locale\" content=\"it_IT\" \/>\n<meta property=\"og:type\" content=\"article\" \/>\n<meta property=\"og:title\" content=\"Returns Policy - Skin Glam\" \/>\n<meta property=\"og:description\" content=\"&nbsp; &nbsp; Returns Policy \u00a0 We have a 14-day return policy, which means you have 14 days after receiving your item to request a return....\" \/>\n<meta property=\"og:url\" content=\"https:\/\/skinglam.eu\/it\/returns-policy\/\" \/>\n<meta property=\"og:site_name\" content=\"Skin Glam\" \/>\n<meta property=\"article:publisher\" content=\"https:\/\/www.instagram.com\/skinglam.si\" \/>\n<meta property=\"article:modified_time\" content=\"2023-09-14T08:07:40+00:00\" \/>\n<meta name=\"twitter:card\" content=\"summary_large_image\" \/>\n<meta name=\"twitter:label1\" content=\"Tempo di lettura stimato\" \/>\n\t<meta name=\"twitter:data1\" content=\"2 minuti\" \/>\n<script type=\"application\/ld+json\" class=\"yoast-schema-graph\">{\"@context\":\"https:\/\/schema.org\",\"@graph\":[{\"@type\":\"WebPage\",\"@id\":\"https:\/\/skinglam.eu\/returns-policy\/\",\"url\":\"https:\/\/skinglam.eu\/returns-policy\/\",\"name\":\"Returns Policy - Skin Glam\",\"isPartOf\":{\"@id\":\"https:\/\/skinglam.eu\/hr\/#website\"},\"datePublished\":\"2023-09-14T08:07:26+00:00\",\"dateModified\":\"2023-09-14T08:07:40+00:00\",\"breadcrumb\":{\"@id\":\"https:\/\/skinglam.eu\/returns-policy\/#breadcrumb\"},\"inLanguage\":\"it-IT\",\"potentialAction\":[{\"@type\":\"ReadAction\",\"target\":[\"https:\/\/skinglam.eu\/returns-policy\/\"]}]},{\"@type\":\"BreadcrumbList\",\"@id\":\"https:\/\/skinglam.eu\/returns-policy\/#breadcrumb\",\"itemListElement\":[{\"@type\":\"ListItem\",\"position\":1,\"name\":\"Home\",\"item\":\"https:\/\/skinglam.eu\/\"},{\"@type\":\"ListItem\",\"position\":2,\"name\":\"Returns Policy\"}]},{\"@type\":\"WebSite\",\"@id\":\"https:\/\/skinglam.eu\/hr\/#website\",\"url\":\"https:\/\/skinglam.eu\/hr\/\",\"name\":\"Skin Glam\",\"description\":\"K-beauty Shop\",\"publisher\":{\"@id\":\"https:\/\/skinglam.eu\/hr\/#organization\"},\"potentialAction\":[{\"@type\":\"SearchAction\",\"target\":{\"@type\":\"EntryPoint\",\"urlTemplate\":\"https:\/\/skinglam.eu\/hr\/?s={search_term_string}\"},\"query-input\":{\"@type\":\"PropertyValueSpecification\",\"valueRequired\":true,\"valueName\":\"search_term_string\"}}],\"inLanguage\":\"it-IT\"},{\"@type\":\"Organization\",\"@id\":\"https:\/\/skinglam.eu\/hr\/#organization\",\"name\":\"SkinGlam d.o.o.\",\"url\":\"https:\/\/skinglam.eu\/hr\/\",\"logo\":{\"@type\":\"ImageObject\",\"inLanguage\":\"it-IT\",\"@id\":\"https:\/\/skinglam.eu\/hr\/#\/schema\/logo\/image\/\",\"url\":\"https:\/\/skinglam.eu\/wp-content\/uploads\/2024\/09\/logo.jpg\",\"contentUrl\":\"https:\/\/skinglam.eu\/wp-content\/uploads\/2024\/09\/logo.jpg\",\"width\":883,\"height\":833,\"caption\":\"SkinGlam d.o.o.\"},\"image\":{\"@id\":\"https:\/\/skinglam.eu\/hr\/#\/schema\/logo\/image\/\"},\"sameAs\":[\"https:\/\/www.instagram.com\/skinglam.si\"]}]}<\/script>\n<!-- \/ Yoast SEO plugin. -->","yoast_head_json":{"title":"Returns Policy - Skin Glam","robots":{"index":"index","follow":"follow","max-snippet":"max-snippet:-1","max-image-preview":"max-image-preview:large","max-video-preview":"max-video-preview:-1"},"canonical":"https:\/\/skinglam.eu\/it\/returns-policy\/","og_locale":"it_IT","og_type":"article","og_title":"Returns Policy - Skin Glam","og_description":"&nbsp; &nbsp; Returns Policy \u00a0 We have a 14-day return policy, which means you have 14 days after receiving your item to request a return....","og_url":"https:\/\/skinglam.eu\/it\/returns-policy\/","og_site_name":"Skin Glam","article_publisher":"https:\/\/www.instagram.com\/skinglam.si","article_modified_time":"2023-09-14T08:07:40+00:00","twitter_card":"summary_large_image","twitter_misc":{"Tempo di lettura stimato":"2 minuti"},"schema":{"@context":"https:\/\/schema.org","@graph":[{"@type":"WebPage","@id":"https:\/\/skinglam.eu\/returns-policy\/","url":"https:\/\/skinglam.eu\/returns-policy\/","name":"Returns Policy - Skin Glam","isPartOf":{"@id":"https:\/\/skinglam.eu\/hr\/#website"},"datePublished":"2023-09-14T08:07:26+00:00","dateModified":"2023-09-14T08:07:40+00:00","breadcrumb":{"@id":"https:\/\/skinglam.eu\/returns-policy\/#breadcrumb"},"inLanguage":"it-IT","potentialAction":[{"@type":"ReadAction","target":["https:\/\/skinglam.eu\/returns-policy\/"]}]},{"@type":"BreadcrumbList","@id":"https:\/\/skinglam.eu\/returns-policy\/#breadcrumb","itemListElement":[{"@type":"ListItem","position":1,"name":"Home","item":"https:\/\/skinglam.eu\/"},{"@type":"ListItem","position":2,"name":"Returns Policy"}]},{"@type":"WebSite","@id":"https:\/\/skinglam.eu\/hr\/#website","url":"https:\/\/skinglam.eu\/hr\/","name":"Skin Glam","description":"K-beauty Shop","publisher":{"@id":"https:\/\/skinglam.eu\/hr\/#organization"},"potentialAction":[{"@type":"SearchAction","target":{"@type":"EntryPoint","urlTemplate":"https:\/\/skinglam.eu\/hr\/?s={search_term_string}"},"query-input":{"@type":"PropertyValueSpecification","valueRequired":true,"valueName":"search_term_string"}}],"inLanguage":"it-IT"},{"@type":"Organization","@id":"https:\/\/skinglam.eu\/hr\/#organization","name":"SkinGlam d.o.o.","url":"https:\/\/skinglam.eu\/hr\/","logo":{"@type":"ImageObject","inLanguage":"it-IT","@id":"https:\/\/skinglam.eu\/hr\/#\/schema\/logo\/image\/","url":"https:\/\/skinglam.eu\/wp-content\/uploads\/2024\/09\/logo.jpg","contentUrl":"https:\/\/skinglam.eu\/wp-content\/uploads\/2024\/09\/logo.jpg","width":883,"height":833,"caption":"SkinGlam d.o.o."},"image":{"@id":"https:\/\/skinglam.eu\/hr\/#\/schema\/logo\/image\/"},"sameAs":["https:\/\/www.instagram.com\/skinglam.si"]}]}},"_links":{"self":[{"href":"https:\/\/skinglam.eu\/it\/wp-json\/wp\/v2\/pages\/2214","targetHints":{"allow":["GET"]}}],"collection":[{"href":"https:\/\/skinglam.eu\/it\/wp-json\/wp\/v2\/pages"}],"about":[{"href":"https:\/\/skinglam.eu\/it\/wp-json\/wp\/v2\/types\/page"}],"author":[{"embeddable":true,"href":"https:\/\/skinglam.eu\/it\/wp-json\/wp\/v2\/users\/1"}],"replies":[{"embeddable":true,"href":"https:\/\/skinglam.eu\/it\/wp-json\/wp\/v2\/comments?post=2214"}],"version-history":[{"count":2,"href":"https:\/\/skinglam.eu\/it\/wp-json\/wp\/v2\/pages\/2214\/revisions"}],"predecessor-version":[{"id":2216,"href":"https:\/\/skinglam.eu\/it\/wp-json\/wp\/v2\/pages\/2214\/revisions\/2216"}],"wp:attachment":[{"href":"https:\/\/skinglam.eu\/it\/wp-json\/wp\/v2\/media?parent=2214"}],"curies":[{"name":"wp","href":"https:\/\/api.w.org\/{rel}","templated":true}]}}