{"id":3633,"date":"2023-12-07T08:41:55","date_gmt":"2023-12-07T08:41:55","guid":{"rendered":"https:\/\/skinglam.si\/?page_id=3633"},"modified":"2023-12-18T14:20:23","modified_gmt":"2023-12-18T14:20:23","slug":"shipping-and-delivery","status":"publish","type":"page","link":"https:\/\/skinglam.eu\/it\/shipping-and-delivery\/","title":{"rendered":"Shipping and Delivery"},"content":{"rendered":"<div data-elementor-type=\"wp-page\" data-elementor-id=\"3633\" class=\"elementor elementor-3633\">\n\t\t\t\t\t\t<section class=\"elementor-section elementor-top-section elementor-element elementor-element-0871a0f elementor-section-boxed elementor-section-height-default elementor-section-height-default\" data-id=\"0871a0f\" data-element_type=\"section\">\n\t\t\t\t\t\t<div class=\"elementor-container elementor-column-gap-default\">\n\t\t\t\t\t<div class=\"elementor-column elementor-col-100 elementor-top-column elementor-element elementor-element-03595f4\" data-id=\"03595f4\" data-element_type=\"column\">\n\t\t\t<div class=\"elementor-widget-wrap elementor-element-populated\">\n\t\t\t\t\t\t<div class=\"elementor-element elementor-element-c24fdda elementor-widget elementor-widget-text-editor\" data-id=\"c24fdda\" data-element_type=\"widget\" data-widget_type=\"text-editor.default\">\n\t\t\t\t<div class=\"elementor-widget-container\">\n\t\t\t<style>\/*! elementor - v3.21.0 - 25-04-2024 *\/\n.elementor-widget-text-editor.elementor-drop-cap-view-stacked .elementor-drop-cap{background-color:#69727d;color:#fff}.elementor-widget-text-editor.elementor-drop-cap-view-framed .elementor-drop-cap{color:#69727d;border:3px solid;background-color:transparent}.elementor-widget-text-editor:not(.elementor-drop-cap-view-default) .elementor-drop-cap{margin-top:8px}.elementor-widget-text-editor:not(.elementor-drop-cap-view-default) .elementor-drop-cap-letter{width:1em;height:1em}.elementor-widget-text-editor .elementor-drop-cap{float:left;text-align:center;line-height:1;font-size:50px}.elementor-widget-text-editor .elementor-drop-cap-letter{display:inline-block}<\/style>\t\t\t\t<p><strong>Il costo esatto della spedizione verr\u00e0 calcolato al momento del pagamento.<\/strong>\u00a0<\/p><p><strong>in lavorazione<\/strong><\/p><ul><li>Tutti i prodotti vengono inviati direttamente dalla nostra sede in Slovenia.<\/li><li>Gli ordini vengono elaborati e spediti entro 24 ore (eccetto durante il fine settimana, periodi di punta o festivit\u00e0 nazionali).<\/li><li>Il tuo ordine verr\u00e0 inviato al tuo indirizzo di consegna o al punto di ritiro, come comunicato durante la procedura di pagamento. Tieni inoltre presente che se l&#039;indirizzo di consegna che ci hai fornito \u00e8 errato o digitato in modo errato quando viene effettuato un ordine, non \u00e8 nostra responsabilit\u00e0.<\/li><\/ul><p><strong>Portatori<\/strong><\/p><ul><li>Il costo di spedizione verr\u00e0 calcolato al momento del pagamento.\u00a0<\/li><li>Tutti i pacchi vengono spediti tramite corriere preferito accompagnati da un numero di tracciamento consegnato via e-mail.<\/li><li>Tutti i prodotti sono imballati con cura per garantire un&#039;esperienza fluida. In caso di smarrimento o danneggiamento, contattaci immediatamente all&#039;indirizzo hello@skinglam.si e risponderemo alla tua richiesta entro 24 ore.\u00a0<\/li><\/ul>\t\t\t\t\t\t<\/div>\n\t\t\t\t<\/div>\n\t\t\t\t\t<\/div>\n\t\t<\/div>\n\t\t\t\t\t<\/div>\n\t\t<\/section>\n\t\t\t\t<section class=\"elementor-section elementor-top-section elementor-element elementor-element-31ec9c7 elementor-section-boxed elementor-section-height-default elementor-section-height-default\" data-id=\"31ec9c7\" data-element_type=\"section\">\n\t\t\t\t\t\t<div class=\"elementor-container elementor-column-gap-default\">\n\t\t\t\t\t<div class=\"elementor-column elementor-col-100 elementor-top-column elementor-element elementor-element-4b63442\" data-id=\"4b63442\" data-element_type=\"column\">\n\t\t\t<div class=\"elementor-widget-wrap elementor-element-populated\">\n\t\t\t\t\t\t<div class=\"elementor-element elementor-element-795b520 elementor-widget elementor-widget-text-editor\" data-id=\"795b520\" data-element_type=\"widget\" data-widget_type=\"text-editor.default\">\n\t\t\t\t<div class=\"elementor-widget-container\">\n\t\t\t\t\t\t\t<p><strong>Spediamo nei seguenti paesi:<\/strong><\/p>\t\t\t\t\t\t<\/div>\n\t\t\t\t<\/div>\n\t\t\t\t\t<\/div>\n\t\t<\/div>\n\t\t\t\t\t<\/div>\n\t\t<\/section>\n\t\t\t\t<section class=\"elementor-section elementor-top-section elementor-element elementor-element-7a78cff elementor-section-boxed elementor-section-height-default elementor-section-height-default\" data-id=\"7a78cff\" data-element_type=\"section\">\n\t\t\t\t\t\t<div class=\"elementor-container elementor-column-gap-default\">\n\t\t\t\t\t<div class=\"elementor-column elementor-col-100 elementor-top-column elementor-element elementor-element-3d56d6c\" data-id=\"3d56d6c\" data-element_type=\"column\">\n\t\t\t<div class=\"elementor-widget-wrap elementor-element-populated\">\n\t\t\t\t\t\t<div class=\"elementor-element elementor-element-67bed30 elementor-widget elementor-widget-shortcode\" data-id=\"67bed30\" data-element_type=\"widget\" data-widget_type=\"shortcode.default\">\n\t\t\t\t<div class=\"elementor-widget-container\">\n\t\t\t\t\t<div class=\"elementor-shortcode\">\n<table id=\"tablepress-1\" class=\"tablepress tablepress-id-1\">\n<thead>\n<tr class=\"row-1 odd\">\n\t<th class=\"column-1\">Paesi<\/th><th class=\"column-2\">Prezzo di spedizione<\/th><th class=\"column-3\">Spedizione gratuita oltre:<\/th>\n<\/tr>\n<\/thead>\n<tbody class=\"row-hover\">\n<tr class=\"row-2 even\">\n\t<td class=\"column-1\">Croazia<\/td><td class=\"column-2\">3.00<\/td><td class=\"column-3\">30<\/td>\n<\/tr>\n<tr class=\"row-3 odd\">\n\t<td class=\"column-1\">Slovenia<\/td><td class=\"column-2\">3.00<\/td><td class=\"column-3\">30<\/td>\n<\/tr>\n<tr class=\"row-4 even\">\n\t<td class=\"column-1\">Repubblica Ceca<\/td><td class=\"column-2\">3.30<\/td><td class=\"column-3\">40<\/td>\n<\/tr>\n<tr class=\"row-5 odd\">\n\t<td class=\"column-1\">Slovacchia<\/td><td class=\"column-2\">3.30<\/td><td class=\"column-3\">40<\/td>\n<\/tr>\n<tr class=\"row-6 even\">\n\t<td class=\"column-1\">Austria<\/td><td class=\"column-2\">5.60<\/td><td class=\"column-3\">50<\/td>\n<\/tr>\n<tr class=\"row-7 odd\">\n\t<td class=\"column-1\">Grecia<\/td><td class=\"column-2\">5.00<\/td><td class=\"column-3\">50<\/td>\n<\/tr>\n<tr class=\"row-8 even\">\n\t<td class=\"column-1\">Ungheria<\/td><td class=\"column-2\">4.60<\/td><td class=\"column-3\">50<\/td>\n<\/tr>\n<tr class=\"row-9 odd\">\n\t<td class=\"column-1\">Italia<\/td><td class=\"column-2\">4.00<\/td><td class=\"column-3\">50<\/td>\n<\/tr>\n<tr class=\"row-10 even\">\n\t<td class=\"column-1\">Lituania<\/td><td class=\"column-2\">6.00<\/td><td class=\"column-3\">50<\/td>\n<\/tr>\n<tr class=\"row-11 odd\">\n\t<td class=\"column-1\">Polonia<\/td><td class=\"column-2\">4.00<\/td><td class=\"column-3\">50<\/td>\n<\/tr>\n<tr class=\"row-12 even\">\n\t<td class=\"column-1\">Portogallo<\/td><td class=\"column-2\">4.90<\/td><td class=\"column-3\">50<\/td>\n<\/tr>\n<tr class=\"row-13 odd\">\n\t<td class=\"column-1\">Romania<\/td><td class=\"column-2\">4.00<\/td><td class=\"column-3\">50<\/td>\n<\/tr>\n<tr class=\"row-14 even\">\n\t<td class=\"column-1\">Spagna<\/td><td class=\"column-2\">4.90<\/td><td class=\"column-3\">50<\/td>\n<\/tr>\n<tr class=\"row-15 odd\">\n\t<td class=\"column-1\">Bulgaria<\/td><td class=\"column-2\">5.00<\/td><td class=\"column-3\">60<\/td>\n<\/tr>\n<tr class=\"row-16 even\">\n\t<td class=\"column-1\">Francia<\/td><td class=\"column-2\">5.20<\/td><td class=\"column-3\">60<\/td>\n<\/tr>\n<tr class=\"row-17 odd\">\n\t<td class=\"column-1\">Germania<\/td><td class=\"column-2\">5.80<\/td><td class=\"column-3\">60<\/td>\n<\/tr>\n<tr class=\"row-18 even\">\n\t<td class=\"column-1\">Lettonia<\/td><td class=\"column-2\">6.50<\/td><td class=\"column-3\">60<\/td>\n<\/tr>\n<tr class=\"row-19 odd\">\n\t<td class=\"column-1\">Belgio<\/td><td class=\"column-2\">8.00<\/td><td class=\"column-3\">100<\/td>\n<\/tr>\n<tr class=\"row-20 even\">\n\t<td class=\"column-1\">Danimarca<\/td><td class=\"column-2\">9.00<\/td><td class=\"column-3\">100<\/td>\n<\/tr>\n<tr class=\"row-21 odd\">\n\t<td class=\"column-1\">Estonia<\/td><td class=\"column-2\">8.00<\/td><td class=\"column-3\">100<\/td>\n<\/tr>\n<tr class=\"row-22 even\">\n\t<td class=\"column-1\">Finlandia<\/td><td class=\"column-2\">17.15<\/td><td class=\"column-3\">100<\/td>\n<\/tr>\n<tr class=\"row-23 odd\">\n\t<td class=\"column-1\">Gran Bretagna<\/td><td class=\"column-2\">6.20<\/td><td class=\"column-3\">100<\/td>\n<\/tr>\n<tr class=\"row-24 even\">\n\t<td class=\"column-1\">Irlanda<\/td><td class=\"column-2\">9.00<\/td><td class=\"column-3\">100<\/td>\n<\/tr>\n<tr class=\"row-25 odd\">\n\t<td class=\"column-1\">Liechtenstein<\/td><td class=\"column-2\">9.00<\/td><td class=\"column-3\">100<\/td>\n<\/tr>\n<tr class=\"row-26 even\">\n\t<td class=\"column-1\">Lussemburgo<\/td><td class=\"column-2\">10.00<\/td><td class=\"column-3\">100<\/td>\n<\/tr>\n<tr class=\"row-27 odd\">\n\t<td class=\"column-1\">Olanda<\/td><td class=\"column-2\">8.00<\/td><td class=\"column-3\">100<\/td>\n<\/tr>\n<tr class=\"row-28 even\">\n\t<td class=\"column-1\">Svizzera<\/td><td class=\"column-2\">9.00<\/td><td class=\"column-3\">100<\/td>\n<\/tr>\n<tr class=\"row-29 odd\">\n\t<td class=\"column-1\">Svezia<\/td><td class=\"column-2\">12.90<\/td><td class=\"column-3\">150<\/td>\n<\/tr>\n<\/tbody>\n<\/table>\n<!-- #tablepress-1 from cache --><\/div>\n\t\t\t\t<\/div>\n\t\t\t\t<\/div>\n\t\t\t\t\t<\/div>\n\t\t<\/div>\n\t\t\t\t\t<\/div>\n\t\t<\/section>\n\t\t\t\t<section class=\"elementor-section elementor-top-section elementor-element elementor-element-68b5cba elementor-section-boxed elementor-section-height-default elementor-section-height-default\" data-id=\"68b5cba\" data-element_type=\"section\">\n\t\t\t\t\t\t<div class=\"elementor-container elementor-column-gap-default\">\n\t\t\t\t\t<div class=\"elementor-column elementor-col-100 elementor-top-column elementor-element elementor-element-ba8adb6\" data-id=\"ba8adb6\" data-element_type=\"column\">\n\t\t\t<div class=\"elementor-widget-wrap elementor-element-populated\">\n\t\t\t\t\t\t<div class=\"elementor-element elementor-element-61a4b3b elementor-widget elementor-widget-text-editor\" data-id=\"61a4b3b\" data-element_type=\"widget\" data-widget_type=\"text-editor.default\">\n\t\t\t\t<div class=\"elementor-widget-container\">\n\t\t\t\t\t\t\t**Non ci assumiamo alcuna responsabilit\u00e0 per eventuali oneri doganali locali che potrebbero sorgere in uno qualsiasi dei paesi al di fuori della Slovenia.\t\t\t\t\t\t<\/div>\n\t\t\t\t<\/div>\n\t\t\t\t\t<\/div>\n\t\t<\/div>\n\t\t\t\t\t<\/div>\n\t\t<\/section>\n\t\t\t\t<\/div>","protected":false},"excerpt":{"rendered":"<p>The exact shipping cost will be\u00a0calculated at the checkout.\u00a0 Processing All products are\u00a0sent directly from our location in Slovenia. Orders are processed and shipped within&#8230;<\/p>","protected":false},"author":1,"featured_media":0,"parent":0,"menu_order":0,"comment_status":"closed","ping_status":"closed","template":"","meta":{"_monsterinsights_skip_tracking":false,"_monsterinsights_sitenote_active":false,"_monsterinsights_sitenote_note":"","_monsterinsights_sitenote_category":0,"_uf_show_specific_survey":0,"_uf_disable_surveys":false,"footnotes":""},"class_list":["post-3633","page","type-page","status-publish","hentry"],"yoast_head":"<!-- This site is optimized with the Yoast SEO plugin v24.3 - https:\/\/yoast.com\/wordpress\/plugins\/seo\/ -->\n<title>Shipping and Delivery - Skin Glam<\/title>\n<meta name=\"robots\" content=\"index, follow, max-snippet:-1, max-image-preview:large, max-video-preview:-1\" \/>\n<link rel=\"canonical\" href=\"https:\/\/skinglam.eu\/it\/shipping-and-delivery\/\" \/>\n<meta property=\"og:locale\" content=\"it_IT\" \/>\n<meta property=\"og:type\" content=\"article\" \/>\n<meta property=\"og:title\" content=\"Shipping and Delivery - Skin Glam\" \/>\n<meta property=\"og:description\" content=\"The exact shipping cost will be\u00a0calculated at the checkout.\u00a0 Processing All products are\u00a0sent directly from our location in Slovenia. Orders are processed and shipped within...\" \/>\n<meta property=\"og:url\" content=\"https:\/\/skinglam.eu\/it\/shipping-and-delivery\/\" \/>\n<meta property=\"og:site_name\" content=\"Skin Glam\" \/>\n<meta property=\"article:publisher\" content=\"https:\/\/www.instagram.com\/skinglam.si\" \/>\n<meta property=\"article:modified_time\" content=\"2023-12-18T14:20:23+00:00\" \/>\n<meta name=\"twitter:card\" content=\"summary_large_image\" \/>\n<meta name=\"twitter:label1\" content=\"Tempo di lettura stimato\" \/>\n\t<meta name=\"twitter:data1\" content=\"1 minuto\" \/>\n<script type=\"application\/ld+json\" class=\"yoast-schema-graph\">{\"@context\":\"https:\/\/schema.org\",\"@graph\":[{\"@type\":\"WebPage\",\"@id\":\"https:\/\/skinglam.eu\/shipping-and-delivery\/\",\"url\":\"https:\/\/skinglam.eu\/shipping-and-delivery\/\",\"name\":\"Shipping and Delivery - Skin Glam\",\"isPartOf\":{\"@id\":\"https:\/\/skinglam.eu\/hr\/#website\"},\"datePublished\":\"2023-12-07T08:41:55+00:00\",\"dateModified\":\"2023-12-18T14:20:23+00:00\",\"breadcrumb\":{\"@id\":\"https:\/\/skinglam.eu\/shipping-and-delivery\/#breadcrumb\"},\"inLanguage\":\"it-IT\",\"potentialAction\":[{\"@type\":\"ReadAction\",\"target\":[\"https:\/\/skinglam.eu\/shipping-and-delivery\/\"]}]},{\"@type\":\"BreadcrumbList\",\"@id\":\"https:\/\/skinglam.eu\/shipping-and-delivery\/#breadcrumb\",\"itemListElement\":[{\"@type\":\"ListItem\",\"position\":1,\"name\":\"Home\",\"item\":\"https:\/\/skinglam.eu\/\"},{\"@type\":\"ListItem\",\"position\":2,\"name\":\"Shipping and Delivery\"}]},{\"@type\":\"WebSite\",\"@id\":\"https:\/\/skinglam.eu\/hr\/#website\",\"url\":\"https:\/\/skinglam.eu\/hr\/\",\"name\":\"Skin Glam\",\"description\":\"K-beauty Shop\",\"publisher\":{\"@id\":\"https:\/\/skinglam.eu\/hr\/#organization\"},\"potentialAction\":[{\"@type\":\"SearchAction\",\"target\":{\"@type\":\"EntryPoint\",\"urlTemplate\":\"https:\/\/skinglam.eu\/hr\/?s={search_term_string}\"},\"query-input\":{\"@type\":\"PropertyValueSpecification\",\"valueRequired\":true,\"valueName\":\"search_term_string\"}}],\"inLanguage\":\"it-IT\"},{\"@type\":\"Organization\",\"@id\":\"https:\/\/skinglam.eu\/hr\/#organization\",\"name\":\"SkinGlam d.o.o.\",\"url\":\"https:\/\/skinglam.eu\/hr\/\",\"logo\":{\"@type\":\"ImageObject\",\"inLanguage\":\"it-IT\",\"@id\":\"https:\/\/skinglam.eu\/hr\/#\/schema\/logo\/image\/\",\"url\":\"https:\/\/skinglam.eu\/wp-content\/uploads\/2024\/09\/logo.jpg\",\"contentUrl\":\"https:\/\/skinglam.eu\/wp-content\/uploads\/2024\/09\/logo.jpg\",\"width\":883,\"height\":833,\"caption\":\"SkinGlam d.o.o.\"},\"image\":{\"@id\":\"https:\/\/skinglam.eu\/hr\/#\/schema\/logo\/image\/\"},\"sameAs\":[\"https:\/\/www.instagram.com\/skinglam.si\"]}]}<\/script>\n<!-- \/ Yoast SEO plugin. -->","yoast_head_json":{"title":"Shipping and Delivery - Skin Glam","robots":{"index":"index","follow":"follow","max-snippet":"max-snippet:-1","max-image-preview":"max-image-preview:large","max-video-preview":"max-video-preview:-1"},"canonical":"https:\/\/skinglam.eu\/it\/shipping-and-delivery\/","og_locale":"it_IT","og_type":"article","og_title":"Shipping and Delivery - Skin Glam","og_description":"The exact shipping cost will be\u00a0calculated at the checkout.\u00a0 Processing All products are\u00a0sent directly from our location in Slovenia. Orders are processed and shipped within...","og_url":"https:\/\/skinglam.eu\/it\/shipping-and-delivery\/","og_site_name":"Skin Glam","article_publisher":"https:\/\/www.instagram.com\/skinglam.si","article_modified_time":"2023-12-18T14:20:23+00:00","twitter_card":"summary_large_image","twitter_misc":{"Tempo di lettura stimato":"1 minuto"},"schema":{"@context":"https:\/\/schema.org","@graph":[{"@type":"WebPage","@id":"https:\/\/skinglam.eu\/shipping-and-delivery\/","url":"https:\/\/skinglam.eu\/shipping-and-delivery\/","name":"Shipping and Delivery - Skin Glam","isPartOf":{"@id":"https:\/\/skinglam.eu\/hr\/#website"},"datePublished":"2023-12-07T08:41:55+00:00","dateModified":"2023-12-18T14:20:23+00:00","breadcrumb":{"@id":"https:\/\/skinglam.eu\/shipping-and-delivery\/#breadcrumb"},"inLanguage":"it-IT","potentialAction":[{"@type":"ReadAction","target":["https:\/\/skinglam.eu\/shipping-and-delivery\/"]}]},{"@type":"BreadcrumbList","@id":"https:\/\/skinglam.eu\/shipping-and-delivery\/#breadcrumb","itemListElement":[{"@type":"ListItem","position":1,"name":"Home","item":"https:\/\/skinglam.eu\/"},{"@type":"ListItem","position":2,"name":"Shipping and Delivery"}]},{"@type":"WebSite","@id":"https:\/\/skinglam.eu\/hr\/#website","url":"https:\/\/skinglam.eu\/hr\/","name":"Skin Glam","description":"K-beauty Shop","publisher":{"@id":"https:\/\/skinglam.eu\/hr\/#organization"},"potentialAction":[{"@type":"SearchAction","target":{"@type":"EntryPoint","urlTemplate":"https:\/\/skinglam.eu\/hr\/?s={search_term_string}"},"query-input":{"@type":"PropertyValueSpecification","valueRequired":true,"valueName":"search_term_string"}}],"inLanguage":"it-IT"},{"@type":"Organization","@id":"https:\/\/skinglam.eu\/hr\/#organization","name":"SkinGlam d.o.o.","url":"https:\/\/skinglam.eu\/hr\/","logo":{"@type":"ImageObject","inLanguage":"it-IT","@id":"https:\/\/skinglam.eu\/hr\/#\/schema\/logo\/image\/","url":"https:\/\/skinglam.eu\/wp-content\/uploads\/2024\/09\/logo.jpg","contentUrl":"https:\/\/skinglam.eu\/wp-content\/uploads\/2024\/09\/logo.jpg","width":883,"height":833,"caption":"SkinGlam d.o.o."},"image":{"@id":"https:\/\/skinglam.eu\/hr\/#\/schema\/logo\/image\/"},"sameAs":["https:\/\/www.instagram.com\/skinglam.si"]}]}},"_links":{"self":[{"href":"https:\/\/skinglam.eu\/it\/wp-json\/wp\/v2\/pages\/3633","targetHints":{"allow":["GET"]}}],"collection":[{"href":"https:\/\/skinglam.eu\/it\/wp-json\/wp\/v2\/pages"}],"about":[{"href":"https:\/\/skinglam.eu\/it\/wp-json\/wp\/v2\/types\/page"}],"author":[{"embeddable":true,"href":"https:\/\/skinglam.eu\/it\/wp-json\/wp\/v2\/users\/1"}],"replies":[{"embeddable":true,"href":"https:\/\/skinglam.eu\/it\/wp-json\/wp\/v2\/comments?post=3633"}],"version-history":[{"count":7,"href":"https:\/\/skinglam.eu\/it\/wp-json\/wp\/v2\/pages\/3633\/revisions"}],"predecessor-version":[{"id":3707,"href":"https:\/\/skinglam.eu\/it\/wp-json\/wp\/v2\/pages\/3633\/revisions\/3707"}],"wp:attachment":[{"href":"https:\/\/skinglam.eu\/it\/wp-json\/wp\/v2\/media?parent=3633"}],"curies":[{"name":"wp","href":"https:\/\/api.w.org\/{rel}","templated":true}]}}