{"id":2863,"date":"2023-10-30T14:55:01","date_gmt":"2023-10-30T14:55:01","guid":{"rendered":"https:\/\/skinglam.si\/?post_type=product&#038;p=2863"},"modified":"2026-04-18T09:55:24","modified_gmt":"2026-04-18T09:55:24","slug":"beauty-of-joseon-matte-sun-stick-mugwortcamelia-spf-50-pa-18g","status":"publish","type":"product","link":"https:\/\/skinglam.eu\/it\/prodotto\/beauty-of-joseon-matte-sun-stick-mugwortcamelia-spf-50-pa-18g\/","title":{"rendered":"Beauty of Joseon Matte Sun Stick : Mugwort+Camelia SPF 50+ PA++++ 18g"},"content":{"rendered":"<p>Matte Sun Stick \u00e8 stato sviluppato sotto la direzione di Ram\u00f3n @glowbyramon, influencer e chimico cosmetico. \u00c8 stato creato dopo una vasta collaborazione esaminando meticolosamente tutti i processi che rientrano nella filosofia del marchio BOJ di cura della pelle Modern Hanbang.<br \/>\nSebbene la maggior parte dei bastoncini solari siano realizzati su misura per le attivit\u00e0 all&#039;aperto, Beauty of Joseon li ha progettati per essere altrettanto utili nei nostri ambienti urbani quotidiani. La riapplicazione regolare della protezione solare ogni 2-3 ore \u00e8 fondamentale per una protezione SPF e PA ottimale, ma spesso \u00e8 impegnativa. Pertanto, hanno progettato uno stick solare con una formula opaca che si applica senza intoppi, senza creare grumi o ungere, anche se riapplicato sopra il trucco.<\/p>\n<p>Questo stick solare utilizza una polvere di silice che controlla il sebo per regolare la produzione di olio, garantendo una maggiore aderenza e una finitura liscia e opaca. Inoltre, \u00e8 ricco di artemisia capillaris ed estratti di t\u00e8 verde, che contribuiscono a rendere la pelle liscia preservandone l&#039;idratazione.<\/p>\n<p>Stick solare opaco non grasso<br \/>\n\u00c8 uno stick solare opaco senza alcuna sensazione oleosa o appiccicosa. \u00c8 igienico poich\u00e9 non \u00e8 necessario applicarlo con le mani ed \u00e8 compatto, consentendo un comodo utilizzo sempre e ovunque.<\/p>\n<p>Polvere di silice porosa sebo-controllo<br \/>\nLa polvere di silice sebo-controllante regola il sebo sulla pelle, donando una sensazione liscia e morbida senza ungere.<\/p>\n<p>Ingredienti chiave<br \/>\nArtemisia Capillaris<br \/>\nL&#039;artemisia \u00e8 stata un ingrediente importante in tutta la storia della medicina orientale. E l&#039;artemisia capillaris ha propriet\u00e0 rinfrescanti ed \u00e8 stata utilizzata come medicinale terapeutico per abbassare la temperatura corporea fin dai tempi antichi. Contiene vitamine A e C oltre a vari minerali per aiutare a nutrire e lenire la pelle.<\/p>\n<p>Protezione SPF e PA<br \/>\nI test SPF e PA sono stati completati in laboratori sia in Corea che in Spagna e i risultati sono i seguenti.<\/p>\n<p>[SPF]<br \/>\nLaboratorio coreano: 55,8\u00b17,8<br \/>\nLaboratorio Spagna: 61\u00b16,6<\/p>\n<p>[PAP\u00c0]<br \/>\nLaboratorio coreano: UVA PF 18,5\u00b13,0 P++++<br \/>\nLaboratorio Spagna: UVA PF 29,1\u00b16,7 P++++<br \/>\n*Le descrizioni degli ingredienti sopra riportate si limitano alle caratteristiche delle materie prime.<\/p>","protected":false},"excerpt":{"rendered":"<p>Matte Sun Stick was developed with Ram\u00f3n @glowbyramon, an influencer and cosmetic chemist, as the director. It was created after an extensive collaboration by meticulously&#8230;<\/p>","protected":false},"featured_media":4381,"comment_status":"open","ping_status":"closed","template":"","meta":{"_monsterinsights_skip_tracking":false,"_monsterinsights_sitenote_active":false,"_monsterinsights_sitenote_note":"","_monsterinsights_sitenote_category":0,"_uf_show_specific_survey":0,"_uf_disable_surveys":false},"etheme_brands":[],"product_cat":[134,137,142,143,144,145,68],"product_tag":[],"class_list":{"0":"post-2863","1":"product","2":"type-product","3":"status-publish","4":"has-post-thumbnail","6":"product_cat-acne","7":"product_cat-combination","8":"product_cat-oil-pore-control","9":"product_cat-oily","10":"product_cat-redness","11":"product_cat-sensitive","12":"product_cat-sun-care","14":"first","15":"outofstock","16":"sale","17":"shipping-taxable","18":"purchasable","19":"product-type-simple"},"yoast_head":"<!-- This site is optimized with the Yoast SEO plugin v24.3 - https:\/\/yoast.com\/wordpress\/plugins\/seo\/ -->\n<title>Beauty of Joseon Matte Sun Stick : Mugwort+Camelia SPF 50+ PA++++ 18g - Skin Glam<\/title>\n<meta name=\"robots\" content=\"index, follow, max-snippet:-1, max-image-preview:large, max-video-preview:-1\" \/>\n<link rel=\"canonical\" href=\"https:\/\/skinglam.eu\/it\/prodotto\/beauty-of-joseon-matte-sun-stick-mugwortcamelia-spf-50-pa-18g\/\" \/>\n<meta property=\"og:locale\" content=\"it_IT\" \/>\n<meta property=\"og:type\" content=\"article\" \/>\n<meta property=\"og:title\" content=\"Beauty of Joseon Matte Sun Stick : Mugwort+Camelia SPF 50+ PA++++ 18g - Skin Glam\" \/>\n<meta property=\"og:description\" content=\"Matte Sun Stick was developed with Ram\u00f3n @glowbyramon, an influencer and cosmetic chemist, as the director. It was created after an extensive collaboration by meticulously...\" \/>\n<meta property=\"og:url\" content=\"https:\/\/skinglam.eu\/it\/prodotto\/beauty-of-joseon-matte-sun-stick-mugwortcamelia-spf-50-pa-18g\/\" \/>\n<meta property=\"og:site_name\" content=\"Skin Glam\" \/>\n<meta property=\"article:publisher\" content=\"https:\/\/www.instagram.com\/skinglam.si\" \/>\n<meta property=\"article:modified_time\" content=\"2026-04-18T09:55:24+00:00\" \/>\n<meta property=\"og:image\" content=\"https:\/\/skinglam.eu\/wp-content\/uploads\/2023\/10\/boj_matte_sun_stick.jpg\" \/>\n\t<meta property=\"og:image:width\" content=\"1047\" \/>\n\t<meta property=\"og:image:height\" content=\"1058\" \/>\n\t<meta property=\"og:image:type\" content=\"image\/jpeg\" \/>\n<meta name=\"twitter:card\" content=\"summary_large_image\" \/>\n<meta name=\"twitter:label1\" content=\"Tempo di lettura stimato\" \/>\n\t<meta name=\"twitter:data1\" content=\"2 minuti\" \/>\n<script type=\"application\/ld+json\" class=\"yoast-schema-graph\">{\"@context\":\"https:\/\/schema.org\",\"@graph\":[{\"@type\":\"WebPage\",\"@id\":\"https:\/\/skinglam.eu\/product\/beauty-of-joseon-matte-sun-stick-mugwortcamelia-spf-50-pa-18g\/\",\"url\":\"https:\/\/skinglam.eu\/product\/beauty-of-joseon-matte-sun-stick-mugwortcamelia-spf-50-pa-18g\/\",\"name\":\"Beauty of Joseon Matte Sun Stick : Mugwort+Camelia SPF 50+ PA++++ 18g - Skin Glam\",\"isPartOf\":{\"@id\":\"https:\/\/skinglam.eu\/hr\/#website\"},\"primaryImageOfPage\":{\"@id\":\"https:\/\/skinglam.eu\/product\/beauty-of-joseon-matte-sun-stick-mugwortcamelia-spf-50-pa-18g\/#primaryimage\"},\"image\":{\"@id\":\"https:\/\/skinglam.eu\/product\/beauty-of-joseon-matte-sun-stick-mugwortcamelia-spf-50-pa-18g\/#primaryimage\"},\"thumbnailUrl\":\"https:\/\/skinglam.eu\/wp-content\/uploads\/2023\/10\/boj_matte_sun_stick.jpg\",\"datePublished\":\"2023-10-30T14:55:01+00:00\",\"dateModified\":\"2026-04-18T09:55:24+00:00\",\"breadcrumb\":{\"@id\":\"https:\/\/skinglam.eu\/product\/beauty-of-joseon-matte-sun-stick-mugwortcamelia-spf-50-pa-18g\/#breadcrumb\"},\"inLanguage\":\"it-IT\",\"potentialAction\":[{\"@type\":\"ReadAction\",\"target\":[\"https:\/\/skinglam.eu\/product\/beauty-of-joseon-matte-sun-stick-mugwortcamelia-spf-50-pa-18g\/\"]}]},{\"@type\":\"ImageObject\",\"inLanguage\":\"it-IT\",\"@id\":\"https:\/\/skinglam.eu\/product\/beauty-of-joseon-matte-sun-stick-mugwortcamelia-spf-50-pa-18g\/#primaryimage\",\"url\":\"https:\/\/skinglam.eu\/wp-content\/uploads\/2023\/10\/boj_matte_sun_stick.jpg\",\"contentUrl\":\"https:\/\/skinglam.eu\/wp-content\/uploads\/2023\/10\/boj_matte_sun_stick.jpg\",\"width\":1047,\"height\":1058},{\"@type\":\"BreadcrumbList\",\"@id\":\"https:\/\/skinglam.eu\/product\/beauty-of-joseon-matte-sun-stick-mugwortcamelia-spf-50-pa-18g\/#breadcrumb\",\"itemListElement\":[{\"@type\":\"ListItem\",\"position\":1,\"name\":\"Home\",\"item\":\"https:\/\/skinglam.eu\/\"},{\"@type\":\"ListItem\",\"position\":2,\"name\":\"Shop\",\"item\":\"https:\/\/skinglam.eu\/hr\/shop\/\"},{\"@type\":\"ListItem\",\"position\":3,\"name\":\"Beauty of Joseon Matte Sun Stick : Mugwort+Camelia SPF 50+ PA++++ 18g\"}]},{\"@type\":\"WebSite\",\"@id\":\"https:\/\/skinglam.eu\/hr\/#website\",\"url\":\"https:\/\/skinglam.eu\/hr\/\",\"name\":\"Skin Glam\",\"description\":\"K-beauty Shop\",\"publisher\":{\"@id\":\"https:\/\/skinglam.eu\/hr\/#organization\"},\"potentialAction\":[{\"@type\":\"SearchAction\",\"target\":{\"@type\":\"EntryPoint\",\"urlTemplate\":\"https:\/\/skinglam.eu\/hr\/?s={search_term_string}\"},\"query-input\":{\"@type\":\"PropertyValueSpecification\",\"valueRequired\":true,\"valueName\":\"search_term_string\"}}],\"inLanguage\":\"it-IT\"},{\"@type\":\"Organization\",\"@id\":\"https:\/\/skinglam.eu\/hr\/#organization\",\"name\":\"SkinGlam d.o.o.\",\"url\":\"https:\/\/skinglam.eu\/hr\/\",\"logo\":{\"@type\":\"ImageObject\",\"inLanguage\":\"it-IT\",\"@id\":\"https:\/\/skinglam.eu\/hr\/#\/schema\/logo\/image\/\",\"url\":\"https:\/\/skinglam.eu\/wp-content\/uploads\/2024\/09\/logo.jpg\",\"contentUrl\":\"https:\/\/skinglam.eu\/wp-content\/uploads\/2024\/09\/logo.jpg\",\"width\":883,\"height\":833,\"caption\":\"SkinGlam d.o.o.\"},\"image\":{\"@id\":\"https:\/\/skinglam.eu\/hr\/#\/schema\/logo\/image\/\"},\"sameAs\":[\"https:\/\/www.instagram.com\/skinglam.si\"]}]}<\/script>\n<!-- \/ Yoast SEO plugin. -->","yoast_head_json":{"title":"Beauty of Joseon Matte Sun Stick : Mugwort+Camelia SPF 50+ PA++++ 18g - Skin Glam","robots":{"index":"index","follow":"follow","max-snippet":"max-snippet:-1","max-image-preview":"max-image-preview:large","max-video-preview":"max-video-preview:-1"},"canonical":"https:\/\/skinglam.eu\/it\/prodotto\/beauty-of-joseon-matte-sun-stick-mugwortcamelia-spf-50-pa-18g\/","og_locale":"it_IT","og_type":"article","og_title":"Beauty of Joseon Matte Sun Stick : Mugwort+Camelia SPF 50+ PA++++ 18g - Skin Glam","og_description":"Matte Sun Stick was developed with Ram\u00f3n @glowbyramon, an influencer and cosmetic chemist, as the director. It was created after an extensive collaboration by meticulously...","og_url":"https:\/\/skinglam.eu\/it\/prodotto\/beauty-of-joseon-matte-sun-stick-mugwortcamelia-spf-50-pa-18g\/","og_site_name":"Skin Glam","article_publisher":"https:\/\/www.instagram.com\/skinglam.si","article_modified_time":"2026-04-18T09:55:24+00:00","og_image":[{"width":1047,"height":1058,"url":"https:\/\/skinglam.eu\/wp-content\/uploads\/2023\/10\/boj_matte_sun_stick.jpg","type":"image\/jpeg"}],"twitter_card":"summary_large_image","twitter_misc":{"Tempo di lettura stimato":"2 minuti"},"schema":{"@context":"https:\/\/schema.org","@graph":[{"@type":"WebPage","@id":"https:\/\/skinglam.eu\/product\/beauty-of-joseon-matte-sun-stick-mugwortcamelia-spf-50-pa-18g\/","url":"https:\/\/skinglam.eu\/product\/beauty-of-joseon-matte-sun-stick-mugwortcamelia-spf-50-pa-18g\/","name":"Beauty of Joseon Matte Sun Stick : Mugwort+Camelia SPF 50+ PA++++ 18g - Skin Glam","isPartOf":{"@id":"https:\/\/skinglam.eu\/hr\/#website"},"primaryImageOfPage":{"@id":"https:\/\/skinglam.eu\/product\/beauty-of-joseon-matte-sun-stick-mugwortcamelia-spf-50-pa-18g\/#primaryimage"},"image":{"@id":"https:\/\/skinglam.eu\/product\/beauty-of-joseon-matte-sun-stick-mugwortcamelia-spf-50-pa-18g\/#primaryimage"},"thumbnailUrl":"https:\/\/skinglam.eu\/wp-content\/uploads\/2023\/10\/boj_matte_sun_stick.jpg","datePublished":"2023-10-30T14:55:01+00:00","dateModified":"2026-04-18T09:55:24+00:00","breadcrumb":{"@id":"https:\/\/skinglam.eu\/product\/beauty-of-joseon-matte-sun-stick-mugwortcamelia-spf-50-pa-18g\/#breadcrumb"},"inLanguage":"it-IT","potentialAction":[{"@type":"ReadAction","target":["https:\/\/skinglam.eu\/product\/beauty-of-joseon-matte-sun-stick-mugwortcamelia-spf-50-pa-18g\/"]}]},{"@type":"ImageObject","inLanguage":"it-IT","@id":"https:\/\/skinglam.eu\/product\/beauty-of-joseon-matte-sun-stick-mugwortcamelia-spf-50-pa-18g\/#primaryimage","url":"https:\/\/skinglam.eu\/wp-content\/uploads\/2023\/10\/boj_matte_sun_stick.jpg","contentUrl":"https:\/\/skinglam.eu\/wp-content\/uploads\/2023\/10\/boj_matte_sun_stick.jpg","width":1047,"height":1058},{"@type":"BreadcrumbList","@id":"https:\/\/skinglam.eu\/product\/beauty-of-joseon-matte-sun-stick-mugwortcamelia-spf-50-pa-18g\/#breadcrumb","itemListElement":[{"@type":"ListItem","position":1,"name":"Home","item":"https:\/\/skinglam.eu\/"},{"@type":"ListItem","position":2,"name":"Shop","item":"https:\/\/skinglam.eu\/hr\/shop\/"},{"@type":"ListItem","position":3,"name":"Beauty of Joseon Matte Sun Stick : Mugwort+Camelia SPF 50+ PA++++ 18g"}]},{"@type":"WebSite","@id":"https:\/\/skinglam.eu\/hr\/#website","url":"https:\/\/skinglam.eu\/hr\/","name":"Skin Glam","description":"K-beauty Shop","publisher":{"@id":"https:\/\/skinglam.eu\/hr\/#organization"},"potentialAction":[{"@type":"SearchAction","target":{"@type":"EntryPoint","urlTemplate":"https:\/\/skinglam.eu\/hr\/?s={search_term_string}"},"query-input":{"@type":"PropertyValueSpecification","valueRequired":true,"valueName":"search_term_string"}}],"inLanguage":"it-IT"},{"@type":"Organization","@id":"https:\/\/skinglam.eu\/hr\/#organization","name":"SkinGlam d.o.o.","url":"https:\/\/skinglam.eu\/hr\/","logo":{"@type":"ImageObject","inLanguage":"it-IT","@id":"https:\/\/skinglam.eu\/hr\/#\/schema\/logo\/image\/","url":"https:\/\/skinglam.eu\/wp-content\/uploads\/2024\/09\/logo.jpg","contentUrl":"https:\/\/skinglam.eu\/wp-content\/uploads\/2024\/09\/logo.jpg","width":883,"height":833,"caption":"SkinGlam d.o.o."},"image":{"@id":"https:\/\/skinglam.eu\/hr\/#\/schema\/logo\/image\/"},"sameAs":["https:\/\/www.instagram.com\/skinglam.si"]}]}},"_links":{"self":[{"href":"https:\/\/skinglam.eu\/it\/wp-json\/wp\/v2\/product\/2863","targetHints":{"allow":["GET"]}}],"collection":[{"href":"https:\/\/skinglam.eu\/it\/wp-json\/wp\/v2\/product"}],"about":[{"href":"https:\/\/skinglam.eu\/it\/wp-json\/wp\/v2\/types\/product"}],"replies":[{"embeddable":true,"href":"https:\/\/skinglam.eu\/it\/wp-json\/wp\/v2\/comments?post=2863"}],"version-history":[{"count":2,"href":"https:\/\/skinglam.eu\/it\/wp-json\/wp\/v2\/product\/2863\/revisions"}],"predecessor-version":[{"id":5556,"href":"https:\/\/skinglam.eu\/it\/wp-json\/wp\/v2\/product\/2863\/revisions\/5556"}],"wp:featuredmedia":[{"embeddable":true,"href":"https:\/\/skinglam.eu\/it\/wp-json\/wp\/v2\/media\/4381"}],"wp:attachment":[{"href":"https:\/\/skinglam.eu\/it\/wp-json\/wp\/v2\/media?parent=2863"}],"wp:term":[{"taxonomy":"brand","embeddable":true,"href":"https:\/\/skinglam.eu\/it\/wp-json\/wp\/v2\/etheme_brands?post=2863"},{"taxonomy":"product_cat","embeddable":true,"href":"https:\/\/skinglam.eu\/it\/wp-json\/wp\/v2\/product_cat?post=2863"},{"taxonomy":"product_tag","embeddable":true,"href":"https:\/\/skinglam.eu\/it\/wp-json\/wp\/v2\/product_tag?post=2863"}],"curies":[{"name":"wp","href":"https:\/\/api.w.org\/{rel}","templated":true}]}}