{"id":2866,"date":"2023-10-30T14:58:26","date_gmt":"2023-10-30T14:58:26","guid":{"rendered":"https:\/\/skinglam.si\/?post_type=product&#038;p=2866"},"modified":"2026-04-20T09:25:10","modified_gmt":"2026-04-20T09:25:10","slug":"beauty-of-joseon-radiance-cleansing-balm-100ml","status":"publish","type":"product","link":"https:\/\/skinglam.eu\/it\/prodotto\/beauty-of-joseon-radiance-cleansing-balm-100ml\/","title":{"rendered":"Beauty of Joseon Radiance Cleansing Balm 100ml"},"content":{"rendered":"<p>\u00c8 un olio detergente tipo balsamo che scioglie delicatamente occhi, labbra, trucco base e sebo. Contiene crusca di riso e vari estratti di cereali, quindi la pelle non si secca e rimane umida.<\/p>\n<p>Consistenza solida del balsamo<br \/>\nUn balsamo detergente molto morbido, tipo balsamo, che scioglie delicatamente il trucco, l&#039;eccesso di sebo e le impurit\u00e0 della pelle.<\/p>\n<p>Struccante a base oleosa<br \/>\nDissolve delicatamente il trucco del mascara e dell&#039;eyeliner, quindi non \u00e8 necessario utilizzare uno struccante separato. Inoltre, \u00e8 comodo da usare perch\u00e9 non offusca n\u00e9 irrita gli occhi.<\/p>\n<p>Ingredienti chiave<\/p>\n<p>Estratti complessi di riso + cereali<br \/>\nIl riso ha svolto un ruolo molto importante come alimento base e ingrediente per la cura della pelle nella storia coreana.<br \/>\nDurante la dinastia Joseon, l&#039;acqua di crusca di riso era usata come il tonico di oggi, e veniva chiamata Acqua di Bellezza, usata per una pelle bella. La crusca di riso \u00e8 ricca di aminoacidi e minerali, che aiutano a idratare la pelle secca.<\/p>\n<p>*Le descrizioni degli ingredienti sopra riportate si limitano alle caratteristiche delle materie prime.<\/p>","protected":false},"excerpt":{"rendered":"<p>It is a balm-type cleansing oil that gently melts eye, lip, base makeup and sebum. It contains rice bran and various grain extracts, so the&#8230;<\/p>","protected":false},"featured_media":4383,"comment_status":"open","ping_status":"closed","template":"","meta":{"_monsterinsights_skip_tracking":false,"_monsterinsights_sitenote_active":false,"_monsterinsights_sitenote_note":"","_monsterinsights_sitenote_category":0,"_uf_show_specific_survey":0,"_uf_disable_surveys":false},"etheme_brands":[],"product_cat":[139,141,142,145,63],"product_tag":[],"class_list":{"0":"post-2866","1":"product","2":"type-product","3":"status-publish","4":"has-post-thumbnail","6":"product_cat-dry","7":"product_cat-normal","8":"product_cat-oil-pore-control","9":"product_cat-sensitive","10":"product_cat-cleansing-balmsoils","12":"first","13":"instock","14":"sale","15":"shipping-taxable","16":"purchasable","17":"product-type-simple"},"yoast_head":"<!-- This site is optimized with the Yoast SEO plugin v24.3 - https:\/\/yoast.com\/wordpress\/plugins\/seo\/ -->\n<title>Beauty of Joseon Radiance Cleansing Balm 100ml - Skin Glam<\/title>\n<meta name=\"robots\" content=\"index, follow, max-snippet:-1, max-image-preview:large, max-video-preview:-1\" \/>\n<link rel=\"canonical\" href=\"https:\/\/skinglam.eu\/it\/prodotto\/beauty-of-joseon-radiance-cleansing-balm-100ml\/\" \/>\n<meta property=\"og:locale\" content=\"it_IT\" \/>\n<meta property=\"og:type\" content=\"article\" \/>\n<meta property=\"og:title\" content=\"Beauty of Joseon Radiance Cleansing Balm 100ml - Skin Glam\" \/>\n<meta property=\"og:description\" content=\"It is a balm-type cleansing oil that gently melts eye, lip, base makeup and sebum. It contains rice bran and various grain extracts, so the...\" \/>\n<meta property=\"og:url\" content=\"https:\/\/skinglam.eu\/it\/prodotto\/beauty-of-joseon-radiance-cleansing-balm-100ml\/\" \/>\n<meta property=\"og:site_name\" content=\"Skin Glam\" \/>\n<meta property=\"article:publisher\" content=\"https:\/\/www.instagram.com\/skinglam.si\" \/>\n<meta property=\"article:modified_time\" content=\"2026-04-20T09:25:10+00:00\" \/>\n<meta property=\"og:image\" content=\"https:\/\/skinglam.eu\/wp-content\/uploads\/2023\/10\/boj_radiance_cleansing_balm.jpg\" \/>\n\t<meta property=\"og:image:width\" content=\"744\" \/>\n\t<meta property=\"og:image:height\" content=\"746\" \/>\n\t<meta property=\"og:image:type\" content=\"image\/jpeg\" \/>\n<meta name=\"twitter:card\" content=\"summary_large_image\" \/>\n<meta name=\"twitter:label1\" content=\"Tempo di lettura stimato\" \/>\n\t<meta name=\"twitter:data1\" content=\"1 minuto\" \/>\n<script type=\"application\/ld+json\" class=\"yoast-schema-graph\">{\"@context\":\"https:\/\/schema.org\",\"@graph\":[{\"@type\":\"WebPage\",\"@id\":\"https:\/\/skinglam.eu\/product\/beauty-of-joseon-radiance-cleansing-balm-100ml\/\",\"url\":\"https:\/\/skinglam.eu\/product\/beauty-of-joseon-radiance-cleansing-balm-100ml\/\",\"name\":\"Beauty of Joseon Radiance Cleansing Balm 100ml - Skin Glam\",\"isPartOf\":{\"@id\":\"https:\/\/skinglam.eu\/hr\/#website\"},\"primaryImageOfPage\":{\"@id\":\"https:\/\/skinglam.eu\/product\/beauty-of-joseon-radiance-cleansing-balm-100ml\/#primaryimage\"},\"image\":{\"@id\":\"https:\/\/skinglam.eu\/product\/beauty-of-joseon-radiance-cleansing-balm-100ml\/#primaryimage\"},\"thumbnailUrl\":\"https:\/\/skinglam.eu\/wp-content\/uploads\/2023\/10\/boj_radiance_cleansing_balm.jpg\",\"datePublished\":\"2023-10-30T14:58:26+00:00\",\"dateModified\":\"2026-04-20T09:25:10+00:00\",\"breadcrumb\":{\"@id\":\"https:\/\/skinglam.eu\/product\/beauty-of-joseon-radiance-cleansing-balm-100ml\/#breadcrumb\"},\"inLanguage\":\"it-IT\",\"potentialAction\":[{\"@type\":\"ReadAction\",\"target\":[\"https:\/\/skinglam.eu\/product\/beauty-of-joseon-radiance-cleansing-balm-100ml\/\"]}]},{\"@type\":\"ImageObject\",\"inLanguage\":\"it-IT\",\"@id\":\"https:\/\/skinglam.eu\/product\/beauty-of-joseon-radiance-cleansing-balm-100ml\/#primaryimage\",\"url\":\"https:\/\/skinglam.eu\/wp-content\/uploads\/2023\/10\/boj_radiance_cleansing_balm.jpg\",\"contentUrl\":\"https:\/\/skinglam.eu\/wp-content\/uploads\/2023\/10\/boj_radiance_cleansing_balm.jpg\",\"width\":744,\"height\":746},{\"@type\":\"BreadcrumbList\",\"@id\":\"https:\/\/skinglam.eu\/product\/beauty-of-joseon-radiance-cleansing-balm-100ml\/#breadcrumb\",\"itemListElement\":[{\"@type\":\"ListItem\",\"position\":1,\"name\":\"Home\",\"item\":\"https:\/\/skinglam.eu\/\"},{\"@type\":\"ListItem\",\"position\":2,\"name\":\"Shop\",\"item\":\"https:\/\/skinglam.eu\/hr\/shop\/\"},{\"@type\":\"ListItem\",\"position\":3,\"name\":\"Beauty of Joseon Radiance Cleansing Balm 100ml\"}]},{\"@type\":\"WebSite\",\"@id\":\"https:\/\/skinglam.eu\/hr\/#website\",\"url\":\"https:\/\/skinglam.eu\/hr\/\",\"name\":\"Skin Glam\",\"description\":\"K-beauty Shop\",\"publisher\":{\"@id\":\"https:\/\/skinglam.eu\/hr\/#organization\"},\"potentialAction\":[{\"@type\":\"SearchAction\",\"target\":{\"@type\":\"EntryPoint\",\"urlTemplate\":\"https:\/\/skinglam.eu\/hr\/?s={search_term_string}\"},\"query-input\":{\"@type\":\"PropertyValueSpecification\",\"valueRequired\":true,\"valueName\":\"search_term_string\"}}],\"inLanguage\":\"it-IT\"},{\"@type\":\"Organization\",\"@id\":\"https:\/\/skinglam.eu\/hr\/#organization\",\"name\":\"SkinGlam d.o.o.\",\"url\":\"https:\/\/skinglam.eu\/hr\/\",\"logo\":{\"@type\":\"ImageObject\",\"inLanguage\":\"it-IT\",\"@id\":\"https:\/\/skinglam.eu\/hr\/#\/schema\/logo\/image\/\",\"url\":\"https:\/\/skinglam.eu\/wp-content\/uploads\/2024\/09\/logo.jpg\",\"contentUrl\":\"https:\/\/skinglam.eu\/wp-content\/uploads\/2024\/09\/logo.jpg\",\"width\":883,\"height\":833,\"caption\":\"SkinGlam d.o.o.\"},\"image\":{\"@id\":\"https:\/\/skinglam.eu\/hr\/#\/schema\/logo\/image\/\"},\"sameAs\":[\"https:\/\/www.instagram.com\/skinglam.si\"]}]}<\/script>\n<!-- \/ Yoast SEO plugin. -->","yoast_head_json":{"title":"Beauty of Joseon Radiance Cleansing Balm 100ml - Skin Glam","robots":{"index":"index","follow":"follow","max-snippet":"max-snippet:-1","max-image-preview":"max-image-preview:large","max-video-preview":"max-video-preview:-1"},"canonical":"https:\/\/skinglam.eu\/it\/prodotto\/beauty-of-joseon-radiance-cleansing-balm-100ml\/","og_locale":"it_IT","og_type":"article","og_title":"Beauty of Joseon Radiance Cleansing Balm 100ml - Skin Glam","og_description":"It is a balm-type cleansing oil that gently melts eye, lip, base makeup and sebum. It contains rice bran and various grain extracts, so the...","og_url":"https:\/\/skinglam.eu\/it\/prodotto\/beauty-of-joseon-radiance-cleansing-balm-100ml\/","og_site_name":"Skin Glam","article_publisher":"https:\/\/www.instagram.com\/skinglam.si","article_modified_time":"2026-04-20T09:25:10+00:00","og_image":[{"width":744,"height":746,"url":"https:\/\/skinglam.eu\/wp-content\/uploads\/2023\/10\/boj_radiance_cleansing_balm.jpg","type":"image\/jpeg"}],"twitter_card":"summary_large_image","twitter_misc":{"Tempo di lettura stimato":"1 minuto"},"schema":{"@context":"https:\/\/schema.org","@graph":[{"@type":"WebPage","@id":"https:\/\/skinglam.eu\/product\/beauty-of-joseon-radiance-cleansing-balm-100ml\/","url":"https:\/\/skinglam.eu\/product\/beauty-of-joseon-radiance-cleansing-balm-100ml\/","name":"Beauty of Joseon Radiance Cleansing Balm 100ml - Skin Glam","isPartOf":{"@id":"https:\/\/skinglam.eu\/hr\/#website"},"primaryImageOfPage":{"@id":"https:\/\/skinglam.eu\/product\/beauty-of-joseon-radiance-cleansing-balm-100ml\/#primaryimage"},"image":{"@id":"https:\/\/skinglam.eu\/product\/beauty-of-joseon-radiance-cleansing-balm-100ml\/#primaryimage"},"thumbnailUrl":"https:\/\/skinglam.eu\/wp-content\/uploads\/2023\/10\/boj_radiance_cleansing_balm.jpg","datePublished":"2023-10-30T14:58:26+00:00","dateModified":"2026-04-20T09:25:10+00:00","breadcrumb":{"@id":"https:\/\/skinglam.eu\/product\/beauty-of-joseon-radiance-cleansing-balm-100ml\/#breadcrumb"},"inLanguage":"it-IT","potentialAction":[{"@type":"ReadAction","target":["https:\/\/skinglam.eu\/product\/beauty-of-joseon-radiance-cleansing-balm-100ml\/"]}]},{"@type":"ImageObject","inLanguage":"it-IT","@id":"https:\/\/skinglam.eu\/product\/beauty-of-joseon-radiance-cleansing-balm-100ml\/#primaryimage","url":"https:\/\/skinglam.eu\/wp-content\/uploads\/2023\/10\/boj_radiance_cleansing_balm.jpg","contentUrl":"https:\/\/skinglam.eu\/wp-content\/uploads\/2023\/10\/boj_radiance_cleansing_balm.jpg","width":744,"height":746},{"@type":"BreadcrumbList","@id":"https:\/\/skinglam.eu\/product\/beauty-of-joseon-radiance-cleansing-balm-100ml\/#breadcrumb","itemListElement":[{"@type":"ListItem","position":1,"name":"Home","item":"https:\/\/skinglam.eu\/"},{"@type":"ListItem","position":2,"name":"Shop","item":"https:\/\/skinglam.eu\/hr\/shop\/"},{"@type":"ListItem","position":3,"name":"Beauty of Joseon Radiance Cleansing Balm 100ml"}]},{"@type":"WebSite","@id":"https:\/\/skinglam.eu\/hr\/#website","url":"https:\/\/skinglam.eu\/hr\/","name":"Skin Glam","description":"K-beauty Shop","publisher":{"@id":"https:\/\/skinglam.eu\/hr\/#organization"},"potentialAction":[{"@type":"SearchAction","target":{"@type":"EntryPoint","urlTemplate":"https:\/\/skinglam.eu\/hr\/?s={search_term_string}"},"query-input":{"@type":"PropertyValueSpecification","valueRequired":true,"valueName":"search_term_string"}}],"inLanguage":"it-IT"},{"@type":"Organization","@id":"https:\/\/skinglam.eu\/hr\/#organization","name":"SkinGlam d.o.o.","url":"https:\/\/skinglam.eu\/hr\/","logo":{"@type":"ImageObject","inLanguage":"it-IT","@id":"https:\/\/skinglam.eu\/hr\/#\/schema\/logo\/image\/","url":"https:\/\/skinglam.eu\/wp-content\/uploads\/2024\/09\/logo.jpg","contentUrl":"https:\/\/skinglam.eu\/wp-content\/uploads\/2024\/09\/logo.jpg","width":883,"height":833,"caption":"SkinGlam d.o.o."},"image":{"@id":"https:\/\/skinglam.eu\/hr\/#\/schema\/logo\/image\/"},"sameAs":["https:\/\/www.instagram.com\/skinglam.si"]}]}},"_links":{"self":[{"href":"https:\/\/skinglam.eu\/it\/wp-json\/wp\/v2\/product\/2866","targetHints":{"allow":["GET"]}}],"collection":[{"href":"https:\/\/skinglam.eu\/it\/wp-json\/wp\/v2\/product"}],"about":[{"href":"https:\/\/skinglam.eu\/it\/wp-json\/wp\/v2\/types\/product"}],"replies":[{"embeddable":true,"href":"https:\/\/skinglam.eu\/it\/wp-json\/wp\/v2\/comments?post=2866"}],"version-history":[{"count":1,"href":"https:\/\/skinglam.eu\/it\/wp-json\/wp\/v2\/product\/2866\/revisions"}],"predecessor-version":[{"id":2868,"href":"https:\/\/skinglam.eu\/it\/wp-json\/wp\/v2\/product\/2866\/revisions\/2868"}],"wp:featuredmedia":[{"embeddable":true,"href":"https:\/\/skinglam.eu\/it\/wp-json\/wp\/v2\/media\/4383"}],"wp:attachment":[{"href":"https:\/\/skinglam.eu\/it\/wp-json\/wp\/v2\/media?parent=2866"}],"wp:term":[{"taxonomy":"brand","embeddable":true,"href":"https:\/\/skinglam.eu\/it\/wp-json\/wp\/v2\/etheme_brands?post=2866"},{"taxonomy":"product_cat","embeddable":true,"href":"https:\/\/skinglam.eu\/it\/wp-json\/wp\/v2\/product_cat?post=2866"},{"taxonomy":"product_tag","embeddable":true,"href":"https:\/\/skinglam.eu\/it\/wp-json\/wp\/v2\/product_tag?post=2866"}],"curies":[{"name":"wp","href":"https:\/\/api.w.org\/{rel}","templated":true}]}}