{"id":2909,"date":"2023-10-31T12:40:19","date_gmt":"2023-10-31T12:40:19","guid":{"rendered":"https:\/\/skinglam.si\/?post_type=product&#038;p=2909"},"modified":"2026-04-18T09:55:24","modified_gmt":"2026-04-18T09:55:24","slug":"cosrx-advanced-snail-92-all-in-one-cream-100g","status":"publish","type":"product","link":"https:\/\/skinglam.eu\/it\/prodotto\/cosrx-advanced-snail-92-all-in-one-cream-100g\/","title":{"rendered":"COSRX Advanced Snail 92 All in one Cream 100g"},"content":{"rendered":"<p>La crema COSRX Advanced Snail 92 All in One \u00e8 una crema idratante leggera e preferita dai cult che nutre, ricostituisce e rimpolpa la pelle con umidit\u00e0.<br \/>\nQuesta crema idratante ad assorbimento rapido \u00e8 formulata con mucina di lumaca 92%, un ingrediente principale che aiuta a idratare e idratare in profondit\u00e0 la pelle, promuovendo una carnagione pi\u00f9 liscia e giovane.<br \/>\nPresenta l&#039;iconica texture gelatinosa della mucina di lumaca, che viene rapidamente assorbita dalla pelle per fornire un effetto lenitivo immediato e una carnagione fresca e luminosa. La mucina di lumaca, nota per i suoi antiossidanti naturali, promuove una barriera cutanea pi\u00f9 sana mentre agisce per attenuare le linee sottili, le cicatrici da acne e le imperfezioni, donando un aspetto pi\u00f9 radioso e giovanile.<br \/>\nQuesta crema multi-soluzione per tutti i giorni \u00e8 progettata per lasciare la pelle pi\u00f9 liscia e ben idratata, rendendola un&#039;eccellente aggiunta alla tua routine di cura della pelle.<\/p>\n<p>*Le descrizioni degli ingredienti sopra riportate si limitano alle caratteristiche delle materie prime.<\/p>","protected":false},"excerpt":{"rendered":"<p>The COSRX Advanced Snail 92 All in One Cream is a cult favorite, lightweight moisturizer that nourishes, replenishes, and plumps the skin with moisture. This&#8230;<\/p>","protected":false},"featured_media":4314,"comment_status":"open","ping_status":"closed","template":"","meta":{"_monsterinsights_skip_tracking":false,"_monsterinsights_sitenote_active":false,"_monsterinsights_sitenote_note":"","_monsterinsights_sitenote_category":0,"_uf_show_specific_survey":0,"_uf_disable_surveys":false},"etheme_brands":[],"product_cat":[135,137,138,140,141,67],"product_tag":[],"class_list":{"0":"post-2909","1":"product","2":"type-product","3":"status-publish","4":"has-post-thumbnail","6":"product_cat-anti-aging","7":"product_cat-combination","8":"product_cat-dark-spots-pigmentation","9":"product_cat-dryness","10":"product_cat-normal","11":"product_cat-moisturizers","13":"first","14":"outofstock","15":"shipping-taxable","16":"purchasable","17":"product-type-simple"},"yoast_head":"<!-- This site is optimized with the Yoast SEO plugin v24.3 - https:\/\/yoast.com\/wordpress\/plugins\/seo\/ -->\n<title>COSRX Advanced Snail 92 All in one Cream 100g - Skin Glam<\/title>\n<meta name=\"robots\" content=\"index, follow, max-snippet:-1, max-image-preview:large, max-video-preview:-1\" \/>\n<link rel=\"canonical\" href=\"https:\/\/skinglam.eu\/it\/prodotto\/cosrx-advanced-snail-92-all-in-one-cream-100g\/\" \/>\n<meta property=\"og:locale\" content=\"it_IT\" \/>\n<meta property=\"og:type\" content=\"article\" \/>\n<meta property=\"og:title\" content=\"COSRX Advanced Snail 92 All in one Cream 100g - Skin Glam\" \/>\n<meta property=\"og:description\" content=\"The COSRX Advanced Snail 92 All in One Cream is a cult favorite, lightweight moisturizer that nourishes, replenishes, and plumps the skin with moisture. This...\" \/>\n<meta property=\"og:url\" content=\"https:\/\/skinglam.eu\/it\/prodotto\/cosrx-advanced-snail-92-all-in-one-cream-100g\/\" \/>\n<meta property=\"og:site_name\" content=\"Skin Glam\" \/>\n<meta property=\"article:publisher\" content=\"https:\/\/www.instagram.com\/skinglam.si\" \/>\n<meta property=\"article:modified_time\" content=\"2026-04-18T09:55:24+00:00\" \/>\n<meta property=\"og:image\" content=\"https:\/\/skinglam.eu\/wp-content\/uploads\/2023\/10\/cosrx_advanced_snail92_all_in_one_cream-Small.png\" \/>\n\t<meta property=\"og:image:width\" content=\"480\" \/>\n\t<meta property=\"og:image:height\" content=\"480\" \/>\n\t<meta property=\"og:image:type\" content=\"image\/png\" \/>\n<meta name=\"twitter:card\" content=\"summary_large_image\" \/>\n<meta name=\"twitter:label1\" content=\"Tempo di lettura stimato\" \/>\n\t<meta name=\"twitter:data1\" content=\"1 minuto\" \/>\n<script type=\"application\/ld+json\" class=\"yoast-schema-graph\">{\"@context\":\"https:\/\/schema.org\",\"@graph\":[{\"@type\":\"WebPage\",\"@id\":\"https:\/\/skinglam.eu\/product\/cosrx-advanced-snail-92-all-in-one-cream-100g\/\",\"url\":\"https:\/\/skinglam.eu\/product\/cosrx-advanced-snail-92-all-in-one-cream-100g\/\",\"name\":\"COSRX Advanced Snail 92 All in one Cream 100g - Skin Glam\",\"isPartOf\":{\"@id\":\"https:\/\/skinglam.eu\/hr\/#website\"},\"primaryImageOfPage\":{\"@id\":\"https:\/\/skinglam.eu\/product\/cosrx-advanced-snail-92-all-in-one-cream-100g\/#primaryimage\"},\"image\":{\"@id\":\"https:\/\/skinglam.eu\/product\/cosrx-advanced-snail-92-all-in-one-cream-100g\/#primaryimage\"},\"thumbnailUrl\":\"https:\/\/skinglam.eu\/wp-content\/uploads\/2023\/10\/cosrx_advanced_snail92_all_in_one_cream-Small.png\",\"datePublished\":\"2023-10-31T12:40:19+00:00\",\"dateModified\":\"2026-04-18T09:55:24+00:00\",\"breadcrumb\":{\"@id\":\"https:\/\/skinglam.eu\/product\/cosrx-advanced-snail-92-all-in-one-cream-100g\/#breadcrumb\"},\"inLanguage\":\"it-IT\",\"potentialAction\":[{\"@type\":\"ReadAction\",\"target\":[\"https:\/\/skinglam.eu\/product\/cosrx-advanced-snail-92-all-in-one-cream-100g\/\"]}]},{\"@type\":\"ImageObject\",\"inLanguage\":\"it-IT\",\"@id\":\"https:\/\/skinglam.eu\/product\/cosrx-advanced-snail-92-all-in-one-cream-100g\/#primaryimage\",\"url\":\"https:\/\/skinglam.eu\/wp-content\/uploads\/2023\/10\/cosrx_advanced_snail92_all_in_one_cream-Small.png\",\"contentUrl\":\"https:\/\/skinglam.eu\/wp-content\/uploads\/2023\/10\/cosrx_advanced_snail92_all_in_one_cream-Small.png\",\"width\":480,\"height\":480},{\"@type\":\"BreadcrumbList\",\"@id\":\"https:\/\/skinglam.eu\/product\/cosrx-advanced-snail-92-all-in-one-cream-100g\/#breadcrumb\",\"itemListElement\":[{\"@type\":\"ListItem\",\"position\":1,\"name\":\"Home\",\"item\":\"https:\/\/skinglam.eu\/\"},{\"@type\":\"ListItem\",\"position\":2,\"name\":\"Shop\",\"item\":\"https:\/\/skinglam.eu\/hr\/shop\/\"},{\"@type\":\"ListItem\",\"position\":3,\"name\":\"COSRX Advanced Snail 92 All in one Cream 100g\"}]},{\"@type\":\"WebSite\",\"@id\":\"https:\/\/skinglam.eu\/hr\/#website\",\"url\":\"https:\/\/skinglam.eu\/hr\/\",\"name\":\"Skin Glam\",\"description\":\"K-beauty Shop\",\"publisher\":{\"@id\":\"https:\/\/skinglam.eu\/hr\/#organization\"},\"potentialAction\":[{\"@type\":\"SearchAction\",\"target\":{\"@type\":\"EntryPoint\",\"urlTemplate\":\"https:\/\/skinglam.eu\/hr\/?s={search_term_string}\"},\"query-input\":{\"@type\":\"PropertyValueSpecification\",\"valueRequired\":true,\"valueName\":\"search_term_string\"}}],\"inLanguage\":\"it-IT\"},{\"@type\":\"Organization\",\"@id\":\"https:\/\/skinglam.eu\/hr\/#organization\",\"name\":\"SkinGlam d.o.o.\",\"url\":\"https:\/\/skinglam.eu\/hr\/\",\"logo\":{\"@type\":\"ImageObject\",\"inLanguage\":\"it-IT\",\"@id\":\"https:\/\/skinglam.eu\/hr\/#\/schema\/logo\/image\/\",\"url\":\"https:\/\/skinglam.eu\/wp-content\/uploads\/2024\/09\/logo.jpg\",\"contentUrl\":\"https:\/\/skinglam.eu\/wp-content\/uploads\/2024\/09\/logo.jpg\",\"width\":883,\"height\":833,\"caption\":\"SkinGlam d.o.o.\"},\"image\":{\"@id\":\"https:\/\/skinglam.eu\/hr\/#\/schema\/logo\/image\/\"},\"sameAs\":[\"https:\/\/www.instagram.com\/skinglam.si\"]}]}<\/script>\n<!-- \/ Yoast SEO plugin. -->","yoast_head_json":{"title":"COSRX Advanced Snail 92 All in one Cream 100g - Skin Glam","robots":{"index":"index","follow":"follow","max-snippet":"max-snippet:-1","max-image-preview":"max-image-preview:large","max-video-preview":"max-video-preview:-1"},"canonical":"https:\/\/skinglam.eu\/it\/prodotto\/cosrx-advanced-snail-92-all-in-one-cream-100g\/","og_locale":"it_IT","og_type":"article","og_title":"COSRX Advanced Snail 92 All in one Cream 100g - Skin Glam","og_description":"The COSRX Advanced Snail 92 All in One Cream is a cult favorite, lightweight moisturizer that nourishes, replenishes, and plumps the skin with moisture. This...","og_url":"https:\/\/skinglam.eu\/it\/prodotto\/cosrx-advanced-snail-92-all-in-one-cream-100g\/","og_site_name":"Skin Glam","article_publisher":"https:\/\/www.instagram.com\/skinglam.si","article_modified_time":"2026-04-18T09:55:24+00:00","og_image":[{"width":480,"height":480,"url":"https:\/\/skinglam.eu\/wp-content\/uploads\/2023\/10\/cosrx_advanced_snail92_all_in_one_cream-Small.png","type":"image\/png"}],"twitter_card":"summary_large_image","twitter_misc":{"Tempo di lettura stimato":"1 minuto"},"schema":{"@context":"https:\/\/schema.org","@graph":[{"@type":"WebPage","@id":"https:\/\/skinglam.eu\/product\/cosrx-advanced-snail-92-all-in-one-cream-100g\/","url":"https:\/\/skinglam.eu\/product\/cosrx-advanced-snail-92-all-in-one-cream-100g\/","name":"COSRX Advanced Snail 92 All in one Cream 100g - Skin Glam","isPartOf":{"@id":"https:\/\/skinglam.eu\/hr\/#website"},"primaryImageOfPage":{"@id":"https:\/\/skinglam.eu\/product\/cosrx-advanced-snail-92-all-in-one-cream-100g\/#primaryimage"},"image":{"@id":"https:\/\/skinglam.eu\/product\/cosrx-advanced-snail-92-all-in-one-cream-100g\/#primaryimage"},"thumbnailUrl":"https:\/\/skinglam.eu\/wp-content\/uploads\/2023\/10\/cosrx_advanced_snail92_all_in_one_cream-Small.png","datePublished":"2023-10-31T12:40:19+00:00","dateModified":"2026-04-18T09:55:24+00:00","breadcrumb":{"@id":"https:\/\/skinglam.eu\/product\/cosrx-advanced-snail-92-all-in-one-cream-100g\/#breadcrumb"},"inLanguage":"it-IT","potentialAction":[{"@type":"ReadAction","target":["https:\/\/skinglam.eu\/product\/cosrx-advanced-snail-92-all-in-one-cream-100g\/"]}]},{"@type":"ImageObject","inLanguage":"it-IT","@id":"https:\/\/skinglam.eu\/product\/cosrx-advanced-snail-92-all-in-one-cream-100g\/#primaryimage","url":"https:\/\/skinglam.eu\/wp-content\/uploads\/2023\/10\/cosrx_advanced_snail92_all_in_one_cream-Small.png","contentUrl":"https:\/\/skinglam.eu\/wp-content\/uploads\/2023\/10\/cosrx_advanced_snail92_all_in_one_cream-Small.png","width":480,"height":480},{"@type":"BreadcrumbList","@id":"https:\/\/skinglam.eu\/product\/cosrx-advanced-snail-92-all-in-one-cream-100g\/#breadcrumb","itemListElement":[{"@type":"ListItem","position":1,"name":"Home","item":"https:\/\/skinglam.eu\/"},{"@type":"ListItem","position":2,"name":"Shop","item":"https:\/\/skinglam.eu\/hr\/shop\/"},{"@type":"ListItem","position":3,"name":"COSRX Advanced Snail 92 All in one Cream 100g"}]},{"@type":"WebSite","@id":"https:\/\/skinglam.eu\/hr\/#website","url":"https:\/\/skinglam.eu\/hr\/","name":"Skin Glam","description":"K-beauty Shop","publisher":{"@id":"https:\/\/skinglam.eu\/hr\/#organization"},"potentialAction":[{"@type":"SearchAction","target":{"@type":"EntryPoint","urlTemplate":"https:\/\/skinglam.eu\/hr\/?s={search_term_string}"},"query-input":{"@type":"PropertyValueSpecification","valueRequired":true,"valueName":"search_term_string"}}],"inLanguage":"it-IT"},{"@type":"Organization","@id":"https:\/\/skinglam.eu\/hr\/#organization","name":"SkinGlam d.o.o.","url":"https:\/\/skinglam.eu\/hr\/","logo":{"@type":"ImageObject","inLanguage":"it-IT","@id":"https:\/\/skinglam.eu\/hr\/#\/schema\/logo\/image\/","url":"https:\/\/skinglam.eu\/wp-content\/uploads\/2024\/09\/logo.jpg","contentUrl":"https:\/\/skinglam.eu\/wp-content\/uploads\/2024\/09\/logo.jpg","width":883,"height":833,"caption":"SkinGlam d.o.o."},"image":{"@id":"https:\/\/skinglam.eu\/hr\/#\/schema\/logo\/image\/"},"sameAs":["https:\/\/www.instagram.com\/skinglam.si"]}]}},"_links":{"self":[{"href":"https:\/\/skinglam.eu\/it\/wp-json\/wp\/v2\/product\/2909","targetHints":{"allow":["GET"]}}],"collection":[{"href":"https:\/\/skinglam.eu\/it\/wp-json\/wp\/v2\/product"}],"about":[{"href":"https:\/\/skinglam.eu\/it\/wp-json\/wp\/v2\/types\/product"}],"replies":[{"embeddable":true,"href":"https:\/\/skinglam.eu\/it\/wp-json\/wp\/v2\/comments?post=2909"}],"version-history":[{"count":2,"href":"https:\/\/skinglam.eu\/it\/wp-json\/wp\/v2\/product\/2909\/revisions"}],"predecessor-version":[{"id":3941,"href":"https:\/\/skinglam.eu\/it\/wp-json\/wp\/v2\/product\/2909\/revisions\/3941"}],"wp:featuredmedia":[{"embeddable":true,"href":"https:\/\/skinglam.eu\/it\/wp-json\/wp\/v2\/media\/4314"}],"wp:attachment":[{"href":"https:\/\/skinglam.eu\/it\/wp-json\/wp\/v2\/media?parent=2909"}],"wp:term":[{"taxonomy":"brand","embeddable":true,"href":"https:\/\/skinglam.eu\/it\/wp-json\/wp\/v2\/etheme_brands?post=2909"},{"taxonomy":"product_cat","embeddable":true,"href":"https:\/\/skinglam.eu\/it\/wp-json\/wp\/v2\/product_cat?post=2909"},{"taxonomy":"product_tag","embeddable":true,"href":"https:\/\/skinglam.eu\/it\/wp-json\/wp\/v2\/product_tag?post=2909"}],"curies":[{"name":"wp","href":"https:\/\/api.w.org\/{rel}","templated":true}]}}