{"id":3085,"date":"2023-10-31T15:30:36","date_gmt":"2023-10-31T15:30:36","guid":{"rendered":"https:\/\/skinglam.si\/?post_type=product&#038;p=3085"},"modified":"2026-04-18T15:26:19","modified_gmt":"2026-04-18T15:26:19","slug":"some-by-mi-real-snail-skin-barrier-care-mask-25g","status":"publish","type":"product","link":"https:\/\/skinglam.eu\/it\/prodotto\/some-by-mi-real-snail-skin-barrier-care-mask-25g\/","title":{"rendered":"SOME BY MI Real Snail Skin Barrier Care Mask 25g"},"content":{"rendered":"<p>La maschera barriera Some By Mi Real Snail Skin \u00e8 una maschera vegana in tessuto imbevuta di una ricca essenza. Realizzata con morbidi fogli di cellulosa, questa maschera aderisce perfettamente alla pelle, garantendo un assorbimento ottimale dei suoi principi nutritivi.<\/p>\n<p>Uno degli ingredienti pi\u00f9 importanti di questa maschera \u00e8 la vera bava di lumaca, nota per la sua straordinaria capacit\u00e0 di riparare e rinforzare la barriera naturale della pelle. Questo componente aiuta a rivitalizzare la barriera protettiva della pelle e a lenire la pelle sensibile.<\/p>\n<p>Incorporando la maschera Real Snail Skin Barrier Care nella tua routine di cura della pelle, non solo promuovi pratiche ecosostenibili, ma nutri anche la tua pelle con ingredienti essenziali per ripristinare e fortificare la sua barriera cutanea. Questo \u00e8 particolarmente utile per chi ha la pelle sensibile o una barriera cutanea compromessa.<\/p>\n<p>*Le descrizioni degli ingredienti sopra riportate si limitano alle caratteristiche delle materie prime.<\/p>","protected":false},"excerpt":{"rendered":"<p>The Some By Mi Real \u00a0Snail Skin Barrier Mask is a vegan sheet mask soaked in a rich essence. Crafted from soft cellulose sheets, this&#8230;<\/p>","protected":false},"featured_media":3086,"comment_status":"open","ping_status":"closed","template":"","meta":{"_monsterinsights_skip_tracking":false,"_monsterinsights_sitenote_active":false,"_monsterinsights_sitenote_note":"","_monsterinsights_sitenote_category":0,"_uf_show_specific_survey":0,"_uf_disable_surveys":false},"etheme_brands":[],"product_cat":[139,141,70],"product_tag":[],"class_list":{"0":"post-3085","1":"product","2":"type-product","3":"status-publish","4":"has-post-thumbnail","6":"product_cat-dry","7":"product_cat-normal","8":"product_cat-masks","10":"first","11":"instock","12":"sale","13":"shipping-taxable","14":"purchasable","15":"product-type-simple"},"yoast_head":"<!-- This site is optimized with the Yoast SEO plugin v24.3 - https:\/\/yoast.com\/wordpress\/plugins\/seo\/ -->\n<title>SOME BY MI Real Snail Skin Barrier Care Mask 25g - Skin Glam<\/title>\n<meta name=\"robots\" content=\"index, follow, max-snippet:-1, max-image-preview:large, max-video-preview:-1\" \/>\n<link rel=\"canonical\" href=\"https:\/\/skinglam.eu\/it\/prodotto\/some-by-mi-real-snail-skin-barrier-care-mask-25g\/\" \/>\n<meta property=\"og:locale\" content=\"it_IT\" \/>\n<meta property=\"og:type\" content=\"article\" \/>\n<meta property=\"og:title\" content=\"SOME BY MI Real Snail Skin Barrier Care Mask 25g - Skin Glam\" \/>\n<meta property=\"og:description\" content=\"The Some By Mi Real \u00a0Snail Skin Barrier Mask is a vegan sheet mask soaked in a rich essence. Crafted from soft cellulose sheets, this...\" \/>\n<meta property=\"og:url\" content=\"https:\/\/skinglam.eu\/it\/prodotto\/some-by-mi-real-snail-skin-barrier-care-mask-25g\/\" \/>\n<meta property=\"og:site_name\" content=\"Skin Glam\" \/>\n<meta property=\"article:publisher\" content=\"https:\/\/www.instagram.com\/skinglam.si\" \/>\n<meta property=\"article:modified_time\" content=\"2026-04-18T15:26:19+00:00\" \/>\n<meta property=\"og:image\" content=\"https:\/\/skinglam.eu\/wp-content\/uploads\/2023\/10\/snail.jpg\" \/>\n\t<meta property=\"og:image:width\" content=\"1000\" \/>\n\t<meta property=\"og:image:height\" content=\"1000\" \/>\n\t<meta property=\"og:image:type\" content=\"image\/jpeg\" \/>\n<meta name=\"twitter:card\" content=\"summary_large_image\" \/>\n<meta name=\"twitter:label1\" content=\"Tempo di lettura stimato\" \/>\n\t<meta name=\"twitter:data1\" content=\"1 minuto\" \/>\n<script type=\"application\/ld+json\" class=\"yoast-schema-graph\">{\"@context\":\"https:\/\/schema.org\",\"@graph\":[{\"@type\":\"WebPage\",\"@id\":\"https:\/\/skinglam.eu\/product\/some-by-mi-real-snail-skin-barrier-care-mask-25g\/\",\"url\":\"https:\/\/skinglam.eu\/product\/some-by-mi-real-snail-skin-barrier-care-mask-25g\/\",\"name\":\"SOME BY MI Real Snail Skin Barrier Care Mask 25g - Skin Glam\",\"isPartOf\":{\"@id\":\"https:\/\/skinglam.eu\/hr\/#website\"},\"primaryImageOfPage\":{\"@id\":\"https:\/\/skinglam.eu\/product\/some-by-mi-real-snail-skin-barrier-care-mask-25g\/#primaryimage\"},\"image\":{\"@id\":\"https:\/\/skinglam.eu\/product\/some-by-mi-real-snail-skin-barrier-care-mask-25g\/#primaryimage\"},\"thumbnailUrl\":\"https:\/\/skinglam.eu\/wp-content\/uploads\/2023\/10\/snail.jpg\",\"datePublished\":\"2023-10-31T15:30:36+00:00\",\"dateModified\":\"2026-04-18T15:26:19+00:00\",\"breadcrumb\":{\"@id\":\"https:\/\/skinglam.eu\/product\/some-by-mi-real-snail-skin-barrier-care-mask-25g\/#breadcrumb\"},\"inLanguage\":\"it-IT\",\"potentialAction\":[{\"@type\":\"ReadAction\",\"target\":[\"https:\/\/skinglam.eu\/product\/some-by-mi-real-snail-skin-barrier-care-mask-25g\/\"]}]},{\"@type\":\"ImageObject\",\"inLanguage\":\"it-IT\",\"@id\":\"https:\/\/skinglam.eu\/product\/some-by-mi-real-snail-skin-barrier-care-mask-25g\/#primaryimage\",\"url\":\"https:\/\/skinglam.eu\/wp-content\/uploads\/2023\/10\/snail.jpg\",\"contentUrl\":\"https:\/\/skinglam.eu\/wp-content\/uploads\/2023\/10\/snail.jpg\",\"width\":1000,\"height\":1000},{\"@type\":\"BreadcrumbList\",\"@id\":\"https:\/\/skinglam.eu\/product\/some-by-mi-real-snail-skin-barrier-care-mask-25g\/#breadcrumb\",\"itemListElement\":[{\"@type\":\"ListItem\",\"position\":1,\"name\":\"Home\",\"item\":\"https:\/\/skinglam.eu\/\"},{\"@type\":\"ListItem\",\"position\":2,\"name\":\"Shop\",\"item\":\"https:\/\/skinglam.eu\/hr\/shop\/\"},{\"@type\":\"ListItem\",\"position\":3,\"name\":\"SOME BY MI Real Snail Skin Barrier Care Mask 25g\"}]},{\"@type\":\"WebSite\",\"@id\":\"https:\/\/skinglam.eu\/hr\/#website\",\"url\":\"https:\/\/skinglam.eu\/hr\/\",\"name\":\"Skin Glam\",\"description\":\"K-beauty Shop\",\"publisher\":{\"@id\":\"https:\/\/skinglam.eu\/hr\/#organization\"},\"potentialAction\":[{\"@type\":\"SearchAction\",\"target\":{\"@type\":\"EntryPoint\",\"urlTemplate\":\"https:\/\/skinglam.eu\/hr\/?s={search_term_string}\"},\"query-input\":{\"@type\":\"PropertyValueSpecification\",\"valueRequired\":true,\"valueName\":\"search_term_string\"}}],\"inLanguage\":\"it-IT\"},{\"@type\":\"Organization\",\"@id\":\"https:\/\/skinglam.eu\/hr\/#organization\",\"name\":\"SkinGlam d.o.o.\",\"url\":\"https:\/\/skinglam.eu\/hr\/\",\"logo\":{\"@type\":\"ImageObject\",\"inLanguage\":\"it-IT\",\"@id\":\"https:\/\/skinglam.eu\/hr\/#\/schema\/logo\/image\/\",\"url\":\"https:\/\/skinglam.eu\/wp-content\/uploads\/2024\/09\/logo.jpg\",\"contentUrl\":\"https:\/\/skinglam.eu\/wp-content\/uploads\/2024\/09\/logo.jpg\",\"width\":883,\"height\":833,\"caption\":\"SkinGlam d.o.o.\"},\"image\":{\"@id\":\"https:\/\/skinglam.eu\/hr\/#\/schema\/logo\/image\/\"},\"sameAs\":[\"https:\/\/www.instagram.com\/skinglam.si\"]}]}<\/script>\n<!-- \/ Yoast SEO plugin. -->","yoast_head_json":{"title":"SOME BY MI Real Snail Skin Barrier Care Mask 25g - Skin Glam","robots":{"index":"index","follow":"follow","max-snippet":"max-snippet:-1","max-image-preview":"max-image-preview:large","max-video-preview":"max-video-preview:-1"},"canonical":"https:\/\/skinglam.eu\/it\/prodotto\/some-by-mi-real-snail-skin-barrier-care-mask-25g\/","og_locale":"it_IT","og_type":"article","og_title":"SOME BY MI Real Snail Skin Barrier Care Mask 25g - Skin Glam","og_description":"The Some By Mi Real \u00a0Snail Skin Barrier Mask is a vegan sheet mask soaked in a rich essence. Crafted from soft cellulose sheets, this...","og_url":"https:\/\/skinglam.eu\/it\/prodotto\/some-by-mi-real-snail-skin-barrier-care-mask-25g\/","og_site_name":"Skin Glam","article_publisher":"https:\/\/www.instagram.com\/skinglam.si","article_modified_time":"2026-04-18T15:26:19+00:00","og_image":[{"width":1000,"height":1000,"url":"https:\/\/skinglam.eu\/wp-content\/uploads\/2023\/10\/snail.jpg","type":"image\/jpeg"}],"twitter_card":"summary_large_image","twitter_misc":{"Tempo di lettura stimato":"1 minuto"},"schema":{"@context":"https:\/\/schema.org","@graph":[{"@type":"WebPage","@id":"https:\/\/skinglam.eu\/product\/some-by-mi-real-snail-skin-barrier-care-mask-25g\/","url":"https:\/\/skinglam.eu\/product\/some-by-mi-real-snail-skin-barrier-care-mask-25g\/","name":"SOME BY MI Real Snail Skin Barrier Care Mask 25g - Skin Glam","isPartOf":{"@id":"https:\/\/skinglam.eu\/hr\/#website"},"primaryImageOfPage":{"@id":"https:\/\/skinglam.eu\/product\/some-by-mi-real-snail-skin-barrier-care-mask-25g\/#primaryimage"},"image":{"@id":"https:\/\/skinglam.eu\/product\/some-by-mi-real-snail-skin-barrier-care-mask-25g\/#primaryimage"},"thumbnailUrl":"https:\/\/skinglam.eu\/wp-content\/uploads\/2023\/10\/snail.jpg","datePublished":"2023-10-31T15:30:36+00:00","dateModified":"2026-04-18T15:26:19+00:00","breadcrumb":{"@id":"https:\/\/skinglam.eu\/product\/some-by-mi-real-snail-skin-barrier-care-mask-25g\/#breadcrumb"},"inLanguage":"it-IT","potentialAction":[{"@type":"ReadAction","target":["https:\/\/skinglam.eu\/product\/some-by-mi-real-snail-skin-barrier-care-mask-25g\/"]}]},{"@type":"ImageObject","inLanguage":"it-IT","@id":"https:\/\/skinglam.eu\/product\/some-by-mi-real-snail-skin-barrier-care-mask-25g\/#primaryimage","url":"https:\/\/skinglam.eu\/wp-content\/uploads\/2023\/10\/snail.jpg","contentUrl":"https:\/\/skinglam.eu\/wp-content\/uploads\/2023\/10\/snail.jpg","width":1000,"height":1000},{"@type":"BreadcrumbList","@id":"https:\/\/skinglam.eu\/product\/some-by-mi-real-snail-skin-barrier-care-mask-25g\/#breadcrumb","itemListElement":[{"@type":"ListItem","position":1,"name":"Home","item":"https:\/\/skinglam.eu\/"},{"@type":"ListItem","position":2,"name":"Shop","item":"https:\/\/skinglam.eu\/hr\/shop\/"},{"@type":"ListItem","position":3,"name":"SOME BY MI Real Snail Skin Barrier Care Mask 25g"}]},{"@type":"WebSite","@id":"https:\/\/skinglam.eu\/hr\/#website","url":"https:\/\/skinglam.eu\/hr\/","name":"Skin Glam","description":"K-beauty Shop","publisher":{"@id":"https:\/\/skinglam.eu\/hr\/#organization"},"potentialAction":[{"@type":"SearchAction","target":{"@type":"EntryPoint","urlTemplate":"https:\/\/skinglam.eu\/hr\/?s={search_term_string}"},"query-input":{"@type":"PropertyValueSpecification","valueRequired":true,"valueName":"search_term_string"}}],"inLanguage":"it-IT"},{"@type":"Organization","@id":"https:\/\/skinglam.eu\/hr\/#organization","name":"SkinGlam d.o.o.","url":"https:\/\/skinglam.eu\/hr\/","logo":{"@type":"ImageObject","inLanguage":"it-IT","@id":"https:\/\/skinglam.eu\/hr\/#\/schema\/logo\/image\/","url":"https:\/\/skinglam.eu\/wp-content\/uploads\/2024\/09\/logo.jpg","contentUrl":"https:\/\/skinglam.eu\/wp-content\/uploads\/2024\/09\/logo.jpg","width":883,"height":833,"caption":"SkinGlam d.o.o."},"image":{"@id":"https:\/\/skinglam.eu\/hr\/#\/schema\/logo\/image\/"},"sameAs":["https:\/\/www.instagram.com\/skinglam.si"]}]}},"_links":{"self":[{"href":"https:\/\/skinglam.eu\/it\/wp-json\/wp\/v2\/product\/3085","targetHints":{"allow":["GET"]}}],"collection":[{"href":"https:\/\/skinglam.eu\/it\/wp-json\/wp\/v2\/product"}],"about":[{"href":"https:\/\/skinglam.eu\/it\/wp-json\/wp\/v2\/types\/product"}],"replies":[{"embeddable":true,"href":"https:\/\/skinglam.eu\/it\/wp-json\/wp\/v2\/comments?post=3085"}],"version-history":[{"count":2,"href":"https:\/\/skinglam.eu\/it\/wp-json\/wp\/v2\/product\/3085\/revisions"}],"predecessor-version":[{"id":3845,"href":"https:\/\/skinglam.eu\/it\/wp-json\/wp\/v2\/product\/3085\/revisions\/3845"}],"wp:featuredmedia":[{"embeddable":true,"href":"https:\/\/skinglam.eu\/it\/wp-json\/wp\/v2\/media\/3086"}],"wp:attachment":[{"href":"https:\/\/skinglam.eu\/it\/wp-json\/wp\/v2\/media?parent=3085"}],"wp:term":[{"taxonomy":"brand","embeddable":true,"href":"https:\/\/skinglam.eu\/it\/wp-json\/wp\/v2\/etheme_brands?post=3085"},{"taxonomy":"product_cat","embeddable":true,"href":"https:\/\/skinglam.eu\/it\/wp-json\/wp\/v2\/product_cat?post=3085"},{"taxonomy":"product_tag","embeddable":true,"href":"https:\/\/skinglam.eu\/it\/wp-json\/wp\/v2\/product_tag?post=3085"}],"curies":[{"name":"wp","href":"https:\/\/api.w.org\/{rel}","templated":true}]}}