{"id":5320,"date":"2025-10-11T18:42:58","date_gmt":"2025-10-11T18:42:58","guid":{"rendered":"https:\/\/skinglam.eu\/?post_type=product&#038;p=5320"},"modified":"2026-04-18T18:56:59","modified_gmt":"2026-04-18T18:56:59","slug":"haruharu-wonder-black-rice-probiotics-barrier-essence-120ml","status":"publish","type":"product","link":"https:\/\/skinglam.eu\/it\/prodotto\/haruharu-wonder-black-rice-probiotics-barrier-essence-120ml\/","title":{"rendered":"Haruharu Wonder Black Rice Probiotics Barrier Essence 120ml"},"content":{"rendered":"<p>Un&#039;essenza cremosa e nutriente che rafforza la barriera cutanea, lenisce, idrata e illumina l&#039;incarnato.<\/p>\n<p>Questa essenza multi-beneficio \u00e8 potenziata dalla miscela esclusiva di complessi ricchi di lipidi di HARUHARU WONDER: il complesso di 5 ceramidi, il complesso di 2 colesterolo sano e il complesso di 5 acidi grassi che lavorano insieme nel perfetto rapporto 3:1:1 per trattenere l&#039;idratazione, ripristinare le difese naturali della pelle e migliorarne la texture generale. Le ceramidi reintegrano i lipidi essenziali della pelle, il colesterolo bilancia l&#039;idratazione e gli acidi grassi aiutano a mantenere una superficie liscia e uniforme.<\/p>\n<p>Gli ingredienti fermentati ricchi di antiossidanti aggiungono un ulteriore tocco di energia: il Galactomyces Ferment Filtrate idrata in profondit\u00e0 e favorisce l&#039;elasticit\u00e0, mentre il Bifida Ferment Filtrate rimuove delicatamente le cellule morte della pelle, rendendola pi\u00f9 luminosa.<\/p>\n<p>L&#039;estratto di riso nero, l&#039;estratto di corteccia di germoglio di bamb\u00f9 e l&#039;estratto di fecce di riso nero riciclate proteggono la pelle dai radicali liberi, aiutano a illuminarla e a lenire le irritazioni. Il pantenolo completa la formula trattenendo l&#039;idratazione, lasciando la pelle tonica e luminosa.<\/p>\n<p>Ideale per chiunque desideri ripristinare la barriera cutanea e mantenere la salute della pelle a lungo termine, questa essenza lascia la pelle luminosa, idratata e resistente.<\/p>","protected":false},"excerpt":{"rendered":"<p>A creamy, nourishing essence that strengthens your skin barrier while soothing, hydrating and brightening your complexion. This multi-benefit essence is powered by HARUHARU WONDER\u2019s signature&#8230;<\/p>","protected":false},"featured_media":5321,"comment_status":"open","ping_status":"closed","template":"","meta":{"_monsterinsights_skip_tracking":false,"_monsterinsights_sitenote_active":false,"_monsterinsights_sitenote_note":"","_monsterinsights_sitenote_category":0,"_uf_show_specific_survey":0,"_uf_disable_surveys":false},"etheme_brands":[{"term_id":323,"name":"Haruharu Wonder","slug":"haruharu-wonder","term_group":0,"term_taxonomy_id":323,"taxonomy":"brand","description":"","parent":0,"count":6,"filter":"raw"}],"product_cat":[135,139,140,141,145,65],"product_tag":[342,337,211,209,325,341,171,339,338,343,340],"class_list":{"0":"post-5320","1":"product","2":"type-product","3":"status-publish","4":"has-post-thumbnail","6":"brand-haruharu-wonder","7":"product_cat-anti-aging","8":"product_cat-dry","9":"product_cat-dryness","10":"product_cat-normal","11":"product_cat-sensitive","12":"product_cat-toners-essences","13":"product_tag-antioxidant-skincare","14":"product_tag-black-rice-essence","15":"product_tag-dehydrated-skin","16":"product_tag-dry-skin","17":"product_tag-haruharu-wonder","18":"product_tag-hydrating-essence","19":"product_tag-korean-skincare","20":"product_tag-makgeolli-essence","21":"product_tag-probiotics-skincare","22":"product_tag-rhode-glazing-milk","23":"product_tag-skin-barrier-repair","25":"first","26":"instock","27":"sale","28":"shipping-taxable","29":"purchasable","30":"product-type-simple"},"yoast_head":"<!-- This site is optimized with the Yoast SEO plugin v24.3 - https:\/\/yoast.com\/wordpress\/plugins\/seo\/ -->\n<title>Haruharu Wonder Black Rice Probiotics Barrier Essence 120ml - Skin Glam<\/title>\n<meta name=\"description\" content=\"A nourishing essence with probiotic-rich black rice and makgeolli extract that strengthens the skin barrier and boosts hydration for healthy, glass skin.\" \/>\n<meta name=\"robots\" content=\"index, follow, max-snippet:-1, max-image-preview:large, max-video-preview:-1\" \/>\n<link rel=\"canonical\" href=\"https:\/\/skinglam.eu\/it\/prodotto\/haruharu-wonder-black-rice-probiotics-barrier-essence-120ml\/\" \/>\n<meta property=\"og:locale\" content=\"it_IT\" \/>\n<meta property=\"og:type\" content=\"article\" \/>\n<meta property=\"og:title\" content=\"Haruharu Wonder Black Rice Probiotics Barrier Essence 120ml - Skin Glam\" \/>\n<meta property=\"og:description\" content=\"A nourishing essence with probiotic-rich black rice and makgeolli extract that strengthens the skin barrier and boosts hydration for healthy, glass skin.\" \/>\n<meta property=\"og:url\" content=\"https:\/\/skinglam.eu\/it\/prodotto\/haruharu-wonder-black-rice-probiotics-barrier-essence-120ml\/\" \/>\n<meta property=\"og:site_name\" content=\"Skin Glam\" \/>\n<meta property=\"article:publisher\" content=\"https:\/\/www.instagram.com\/skinglam.si\" \/>\n<meta property=\"article:modified_time\" content=\"2026-04-18T18:56:59+00:00\" \/>\n<meta property=\"og:image\" content=\"https:\/\/skinglam.eu\/wp-content\/uploads\/2025\/10\/6.-Haruharu-Wonder-Black-Rice-Probiotics-Barrier-Essence-120ml.jpg\" \/>\n\t<meta property=\"og:image:width\" content=\"1500\" \/>\n\t<meta property=\"og:image:height\" content=\"1500\" \/>\n\t<meta property=\"og:image:type\" content=\"image\/jpeg\" \/>\n<meta name=\"twitter:card\" content=\"summary_large_image\" \/>\n<meta name=\"twitter:label1\" content=\"Tempo di lettura stimato\" \/>\n\t<meta name=\"twitter:data1\" content=\"1 minuto\" \/>\n<script type=\"application\/ld+json\" class=\"yoast-schema-graph\">{\"@context\":\"https:\/\/schema.org\",\"@graph\":[{\"@type\":\"WebPage\",\"@id\":\"https:\/\/skinglam.eu\/product\/haruharu-wonder-black-rice-probiotics-barrier-essence-120ml\/\",\"url\":\"https:\/\/skinglam.eu\/product\/haruharu-wonder-black-rice-probiotics-barrier-essence-120ml\/\",\"name\":\"Haruharu Wonder Black Rice Probiotics Barrier Essence 120ml - Skin Glam\",\"isPartOf\":{\"@id\":\"https:\/\/skinglam.eu\/hr\/#website\"},\"primaryImageOfPage\":{\"@id\":\"https:\/\/skinglam.eu\/product\/haruharu-wonder-black-rice-probiotics-barrier-essence-120ml\/#primaryimage\"},\"image\":{\"@id\":\"https:\/\/skinglam.eu\/product\/haruharu-wonder-black-rice-probiotics-barrier-essence-120ml\/#primaryimage\"},\"thumbnailUrl\":\"https:\/\/skinglam.eu\/wp-content\/uploads\/2025\/10\/6.-Haruharu-Wonder-Black-Rice-Probiotics-Barrier-Essence-120ml.jpg\",\"datePublished\":\"2025-10-11T18:42:58+00:00\",\"dateModified\":\"2026-04-18T18:56:59+00:00\",\"description\":\"A nourishing essence with probiotic-rich black rice and makgeolli extract that strengthens the skin barrier and boosts hydration for healthy, glass skin.\",\"breadcrumb\":{\"@id\":\"https:\/\/skinglam.eu\/product\/haruharu-wonder-black-rice-probiotics-barrier-essence-120ml\/#breadcrumb\"},\"inLanguage\":\"it-IT\",\"potentialAction\":[{\"@type\":\"ReadAction\",\"target\":[\"https:\/\/skinglam.eu\/product\/haruharu-wonder-black-rice-probiotics-barrier-essence-120ml\/\"]}]},{\"@type\":\"ImageObject\",\"inLanguage\":\"it-IT\",\"@id\":\"https:\/\/skinglam.eu\/product\/haruharu-wonder-black-rice-probiotics-barrier-essence-120ml\/#primaryimage\",\"url\":\"https:\/\/skinglam.eu\/wp-content\/uploads\/2025\/10\/6.-Haruharu-Wonder-Black-Rice-Probiotics-Barrier-Essence-120ml.jpg\",\"contentUrl\":\"https:\/\/skinglam.eu\/wp-content\/uploads\/2025\/10\/6.-Haruharu-Wonder-Black-Rice-Probiotics-Barrier-Essence-120ml.jpg\",\"width\":1500,\"height\":1500,\"caption\":\"Haruharu Wonder Black Rice Probiotics Barrier Essence 120ml \u2014 nourishing essence enriched with probiotic black rice and makgeolli extract for stronger, hydrated skin.\"},{\"@type\":\"BreadcrumbList\",\"@id\":\"https:\/\/skinglam.eu\/product\/haruharu-wonder-black-rice-probiotics-barrier-essence-120ml\/#breadcrumb\",\"itemListElement\":[{\"@type\":\"ListItem\",\"position\":1,\"name\":\"Home\",\"item\":\"https:\/\/skinglam.eu\/\"},{\"@type\":\"ListItem\",\"position\":2,\"name\":\"Shop\",\"item\":\"https:\/\/skinglam.eu\/hr\/shop\/\"},{\"@type\":\"ListItem\",\"position\":3,\"name\":\"Haruharu Wonder Black Rice Probiotics Barrier Essence 120ml\"}]},{\"@type\":\"WebSite\",\"@id\":\"https:\/\/skinglam.eu\/hr\/#website\",\"url\":\"https:\/\/skinglam.eu\/hr\/\",\"name\":\"Skin Glam\",\"description\":\"K-beauty Shop\",\"publisher\":{\"@id\":\"https:\/\/skinglam.eu\/hr\/#organization\"},\"potentialAction\":[{\"@type\":\"SearchAction\",\"target\":{\"@type\":\"EntryPoint\",\"urlTemplate\":\"https:\/\/skinglam.eu\/hr\/?s={search_term_string}\"},\"query-input\":{\"@type\":\"PropertyValueSpecification\",\"valueRequired\":true,\"valueName\":\"search_term_string\"}}],\"inLanguage\":\"it-IT\"},{\"@type\":\"Organization\",\"@id\":\"https:\/\/skinglam.eu\/hr\/#organization\",\"name\":\"SkinGlam d.o.o.\",\"url\":\"https:\/\/skinglam.eu\/hr\/\",\"logo\":{\"@type\":\"ImageObject\",\"inLanguage\":\"it-IT\",\"@id\":\"https:\/\/skinglam.eu\/hr\/#\/schema\/logo\/image\/\",\"url\":\"https:\/\/skinglam.eu\/wp-content\/uploads\/2024\/09\/logo.jpg\",\"contentUrl\":\"https:\/\/skinglam.eu\/wp-content\/uploads\/2024\/09\/logo.jpg\",\"width\":883,\"height\":833,\"caption\":\"SkinGlam d.o.o.\"},\"image\":{\"@id\":\"https:\/\/skinglam.eu\/hr\/#\/schema\/logo\/image\/\"},\"sameAs\":[\"https:\/\/www.instagram.com\/skinglam.si\"]}]}<\/script>\n<!-- \/ Yoast SEO plugin. -->","yoast_head_json":{"title":"Haruharu Wonder Black Rice Probiotics Barrier Essence 120ml - Skin Glam","description":"A nourishing essence with probiotic-rich black rice and makgeolli extract that strengthens the skin barrier and boosts hydration for healthy, glass skin.","robots":{"index":"index","follow":"follow","max-snippet":"max-snippet:-1","max-image-preview":"max-image-preview:large","max-video-preview":"max-video-preview:-1"},"canonical":"https:\/\/skinglam.eu\/it\/prodotto\/haruharu-wonder-black-rice-probiotics-barrier-essence-120ml\/","og_locale":"it_IT","og_type":"article","og_title":"Haruharu Wonder Black Rice Probiotics Barrier Essence 120ml - Skin Glam","og_description":"A nourishing essence with probiotic-rich black rice and makgeolli extract that strengthens the skin barrier and boosts hydration for healthy, glass skin.","og_url":"https:\/\/skinglam.eu\/it\/prodotto\/haruharu-wonder-black-rice-probiotics-barrier-essence-120ml\/","og_site_name":"Skin Glam","article_publisher":"https:\/\/www.instagram.com\/skinglam.si","article_modified_time":"2026-04-18T18:56:59+00:00","og_image":[{"width":1500,"height":1500,"url":"https:\/\/skinglam.eu\/wp-content\/uploads\/2025\/10\/6.-Haruharu-Wonder-Black-Rice-Probiotics-Barrier-Essence-120ml.jpg","type":"image\/jpeg"}],"twitter_card":"summary_large_image","twitter_misc":{"Tempo di lettura stimato":"1 minuto"},"schema":{"@context":"https:\/\/schema.org","@graph":[{"@type":"WebPage","@id":"https:\/\/skinglam.eu\/product\/haruharu-wonder-black-rice-probiotics-barrier-essence-120ml\/","url":"https:\/\/skinglam.eu\/product\/haruharu-wonder-black-rice-probiotics-barrier-essence-120ml\/","name":"Haruharu Wonder Black Rice Probiotics Barrier Essence 120ml - Skin Glam","isPartOf":{"@id":"https:\/\/skinglam.eu\/hr\/#website"},"primaryImageOfPage":{"@id":"https:\/\/skinglam.eu\/product\/haruharu-wonder-black-rice-probiotics-barrier-essence-120ml\/#primaryimage"},"image":{"@id":"https:\/\/skinglam.eu\/product\/haruharu-wonder-black-rice-probiotics-barrier-essence-120ml\/#primaryimage"},"thumbnailUrl":"https:\/\/skinglam.eu\/wp-content\/uploads\/2025\/10\/6.-Haruharu-Wonder-Black-Rice-Probiotics-Barrier-Essence-120ml.jpg","datePublished":"2025-10-11T18:42:58+00:00","dateModified":"2026-04-18T18:56:59+00:00","description":"A nourishing essence with probiotic-rich black rice and makgeolli extract that strengthens the skin barrier and boosts hydration for healthy, glass skin.","breadcrumb":{"@id":"https:\/\/skinglam.eu\/product\/haruharu-wonder-black-rice-probiotics-barrier-essence-120ml\/#breadcrumb"},"inLanguage":"it-IT","potentialAction":[{"@type":"ReadAction","target":["https:\/\/skinglam.eu\/product\/haruharu-wonder-black-rice-probiotics-barrier-essence-120ml\/"]}]},{"@type":"ImageObject","inLanguage":"it-IT","@id":"https:\/\/skinglam.eu\/product\/haruharu-wonder-black-rice-probiotics-barrier-essence-120ml\/#primaryimage","url":"https:\/\/skinglam.eu\/wp-content\/uploads\/2025\/10\/6.-Haruharu-Wonder-Black-Rice-Probiotics-Barrier-Essence-120ml.jpg","contentUrl":"https:\/\/skinglam.eu\/wp-content\/uploads\/2025\/10\/6.-Haruharu-Wonder-Black-Rice-Probiotics-Barrier-Essence-120ml.jpg","width":1500,"height":1500,"caption":"Haruharu Wonder Black Rice Probiotics Barrier Essence 120ml \u2014 nourishing essence enriched with probiotic black rice and makgeolli extract for stronger, hydrated skin."},{"@type":"BreadcrumbList","@id":"https:\/\/skinglam.eu\/product\/haruharu-wonder-black-rice-probiotics-barrier-essence-120ml\/#breadcrumb","itemListElement":[{"@type":"ListItem","position":1,"name":"Home","item":"https:\/\/skinglam.eu\/"},{"@type":"ListItem","position":2,"name":"Shop","item":"https:\/\/skinglam.eu\/hr\/shop\/"},{"@type":"ListItem","position":3,"name":"Haruharu Wonder Black Rice Probiotics Barrier Essence 120ml"}]},{"@type":"WebSite","@id":"https:\/\/skinglam.eu\/hr\/#website","url":"https:\/\/skinglam.eu\/hr\/","name":"Skin Glam","description":"K-beauty Shop","publisher":{"@id":"https:\/\/skinglam.eu\/hr\/#organization"},"potentialAction":[{"@type":"SearchAction","target":{"@type":"EntryPoint","urlTemplate":"https:\/\/skinglam.eu\/hr\/?s={search_term_string}"},"query-input":{"@type":"PropertyValueSpecification","valueRequired":true,"valueName":"search_term_string"}}],"inLanguage":"it-IT"},{"@type":"Organization","@id":"https:\/\/skinglam.eu\/hr\/#organization","name":"SkinGlam d.o.o.","url":"https:\/\/skinglam.eu\/hr\/","logo":{"@type":"ImageObject","inLanguage":"it-IT","@id":"https:\/\/skinglam.eu\/hr\/#\/schema\/logo\/image\/","url":"https:\/\/skinglam.eu\/wp-content\/uploads\/2024\/09\/logo.jpg","contentUrl":"https:\/\/skinglam.eu\/wp-content\/uploads\/2024\/09\/logo.jpg","width":883,"height":833,"caption":"SkinGlam d.o.o."},"image":{"@id":"https:\/\/skinglam.eu\/hr\/#\/schema\/logo\/image\/"},"sameAs":["https:\/\/www.instagram.com\/skinglam.si"]}]}},"_links":{"self":[{"href":"https:\/\/skinglam.eu\/it\/wp-json\/wp\/v2\/product\/5320","targetHints":{"allow":["GET"]}}],"collection":[{"href":"https:\/\/skinglam.eu\/it\/wp-json\/wp\/v2\/product"}],"about":[{"href":"https:\/\/skinglam.eu\/it\/wp-json\/wp\/v2\/types\/product"}],"replies":[{"embeddable":true,"href":"https:\/\/skinglam.eu\/it\/wp-json\/wp\/v2\/comments?post=5320"}],"version-history":[{"count":2,"href":"https:\/\/skinglam.eu\/it\/wp-json\/wp\/v2\/product\/5320\/revisions"}],"predecessor-version":[{"id":5517,"href":"https:\/\/skinglam.eu\/it\/wp-json\/wp\/v2\/product\/5320\/revisions\/5517"}],"wp:featuredmedia":[{"embeddable":true,"href":"https:\/\/skinglam.eu\/it\/wp-json\/wp\/v2\/media\/5321"}],"wp:attachment":[{"href":"https:\/\/skinglam.eu\/it\/wp-json\/wp\/v2\/media?parent=5320"}],"wp:term":[{"taxonomy":"brand","embeddable":true,"href":"https:\/\/skinglam.eu\/it\/wp-json\/wp\/v2\/etheme_brands?post=5320"},{"taxonomy":"product_cat","embeddable":true,"href":"https:\/\/skinglam.eu\/it\/wp-json\/wp\/v2\/product_cat?post=5320"},{"taxonomy":"product_tag","embeddable":true,"href":"https:\/\/skinglam.eu\/it\/wp-json\/wp\/v2\/product_tag?post=5320"}],"curies":[{"name":"wp","href":"https:\/\/api.w.org\/{rel}","templated":true}]}}