{"id":1892,"date":"2023-09-13T10:40:33","date_gmt":"2023-09-13T10:40:33","guid":{"rendered":"https:\/\/skin.ocstesting.mk\/?post_type=product&#038;p=1892"},"modified":"2026-04-18T14:55:58","modified_gmt":"2026-04-18T14:55:58","slug":"skin1004-madagascar-centella-light-cleansing-oil","status":"publish","type":"product","link":"https:\/\/skinglam.eu\/pl\/produkt\/skin1004-madagascar-centella-light-cleansing-oil\/","title":{"rendered":"SKIN1004 Madagascar Centella Light Cleansing Oil 200ml"},"content":{"rendered":"<p><strong>SKIN1004 Madagascar Centella Light Cleansing Oil 200ml<\/strong><\/p>\n<p>Madagascar Centella Light Cleansing Oil to lekki olejek oczyszczaj\u0105cy na bazie oleju, kt\u00f3ry skutecznie usuwa makija\u017c, filtry przeciws\u0142oneczne, zanieczyszczenia i zanieczyszczenia z twarzy.<\/p>\n<p>Oczyszczona Centella Asiatica, charakterystyczny sk\u0142adnik Skin 1004 pochodz\u0105cy z Madagaskaru, \u0142agodzi podra\u017cnion\u0105 sk\u00f3r\u0119, chroni barier\u0119 sk\u00f3rn\u0105 i jest delikatny dla okolic oczu.<\/p>\n<p>Zawiera kilka olejk\u00f3w pochodzenia ro\u015blinnego, takich jak s\u0142onecznikowy, oliwkowy i jojoba, kt\u00f3re nie zatykaj\u0105 por\u00f3w. Ta mieszanka olejk\u00f3w rozpuszcza nadmiar sebum na sk\u00f3rze i pomaga zapobiega\u0107 zatykaniu por\u00f3w i zask\u00f3rnikom.<\/p>\n<p>W kontakcie z wod\u0105 ten lekki olejek oczyszczaj\u0105cy zmienia si\u0119 w mleczn\u0105 emulsj\u0119 i dok\u0142adnie si\u0119 sp\u0142ukuje, nie pozostawiaj\u0105c \u015blad\u00f3w.<\/p>\n<p>*Powy\u017csze opisy sk\u0142adnik\u00f3w ograniczaj\u0105 si\u0119 do charakterystyki surowc\u00f3w.<\/p>","protected":false},"excerpt":{"rendered":"<p>SKIN1004 Madagascar Centella Light Cleansing Oil 200ml Madagascar Centella Light Cleansing Oil is a lightweight, oil-based cleanser, that effectively removes makeup, sunscreen, pollutants, and dirt&#8230;<\/p>","protected":false},"featured_media":4352,"comment_status":"open","ping_status":"closed","template":"","meta":{"_monsterinsights_skip_tracking":false,"_monsterinsights_sitenote_active":false,"_monsterinsights_sitenote_note":"","_monsterinsights_sitenote_category":0,"_uf_show_specific_survey":0,"_uf_disable_surveys":false},"etheme_brands":[{"term_id":96,"name":"SKIN1004","slug":"skin1004","term_group":0,"term_taxonomy_id":96,"taxonomy":"brand","description":"","parent":0,"count":19,"filter":"raw"}],"product_cat":[129,137,141,143,145],"product_tag":[],"class_list":{"0":"post-1892","1":"product","2":"type-product","3":"status-publish","4":"has-post-thumbnail","6":"brand-skin1004","7":"product_cat-cleansers","8":"product_cat-combination","9":"product_cat-normal","10":"product_cat-oily","11":"product_cat-sensitive","13":"first","14":"instock","15":"sale","16":"shipping-taxable","17":"purchasable","18":"product-type-simple"},"yoast_head":"<!-- This site is optimized with the Yoast SEO plugin v24.3 - https:\/\/yoast.com\/wordpress\/plugins\/seo\/ -->\n<title>SKIN1004 Madagascar Centella Light Cleansing Oil 200ml - Skin Glam<\/title>\n<meta name=\"robots\" content=\"index, follow, max-snippet:-1, max-image-preview:large, max-video-preview:-1\" \/>\n<link rel=\"canonical\" href=\"https:\/\/skinglam.eu\/pl\/produkt\/skin1004-madagascar-centella-light-cleansing-oil\/\" \/>\n<meta property=\"og:locale\" content=\"pl_PL\" \/>\n<meta property=\"og:type\" content=\"article\" \/>\n<meta property=\"og:title\" content=\"SKIN1004 Madagascar Centella Light Cleansing Oil 200ml - Skin Glam\" \/>\n<meta property=\"og:description\" content=\"SKIN1004 Madagascar Centella Light Cleansing Oil 200ml Madagascar Centella Light Cleansing Oil is a lightweight, oil-based cleanser, that effectively removes makeup, sunscreen, pollutants, and dirt...\" \/>\n<meta property=\"og:url\" content=\"https:\/\/skinglam.eu\/pl\/produkt\/skin1004-madagascar-centella-light-cleansing-oil\/\" \/>\n<meta property=\"og:site_name\" content=\"Skin Glam\" \/>\n<meta property=\"article:publisher\" content=\"https:\/\/www.instagram.com\/skinglam.si\" \/>\n<meta property=\"article:modified_time\" content=\"2026-04-18T14:55:58+00:00\" \/>\n<meta property=\"og:image\" content=\"https:\/\/skinglam.eu\/wp-content\/uploads\/2023\/09\/centella_light_cleansing_oil1.jpg\" \/>\n\t<meta property=\"og:image:width\" content=\"825\" \/>\n\t<meta property=\"og:image:height\" content=\"826\" \/>\n\t<meta property=\"og:image:type\" content=\"image\/jpeg\" \/>\n<meta name=\"twitter:card\" content=\"summary_large_image\" \/>\n<meta name=\"twitter:label1\" content=\"Szacowany czas czytania\" \/>\n\t<meta name=\"twitter:data1\" content=\"1 minuta\" \/>\n<script type=\"application\/ld+json\" class=\"yoast-schema-graph\">{\"@context\":\"https:\/\/schema.org\",\"@graph\":[{\"@type\":\"WebPage\",\"@id\":\"https:\/\/skinglam.eu\/product\/skin1004-madagascar-centella-light-cleansing-oil\/\",\"url\":\"https:\/\/skinglam.eu\/product\/skin1004-madagascar-centella-light-cleansing-oil\/\",\"name\":\"SKIN1004 Madagascar Centella Light Cleansing Oil 200ml - Skin Glam\",\"isPartOf\":{\"@id\":\"https:\/\/skinglam.eu\/hr\/#website\"},\"primaryImageOfPage\":{\"@id\":\"https:\/\/skinglam.eu\/product\/skin1004-madagascar-centella-light-cleansing-oil\/#primaryimage\"},\"image\":{\"@id\":\"https:\/\/skinglam.eu\/product\/skin1004-madagascar-centella-light-cleansing-oil\/#primaryimage\"},\"thumbnailUrl\":\"https:\/\/skinglam.eu\/wp-content\/uploads\/2023\/09\/centella_light_cleansing_oil1.jpg\",\"datePublished\":\"2023-09-13T10:40:33+00:00\",\"dateModified\":\"2026-04-18T14:55:58+00:00\",\"breadcrumb\":{\"@id\":\"https:\/\/skinglam.eu\/product\/skin1004-madagascar-centella-light-cleansing-oil\/#breadcrumb\"},\"inLanguage\":\"pl-PL\",\"potentialAction\":[{\"@type\":\"ReadAction\",\"target\":[\"https:\/\/skinglam.eu\/product\/skin1004-madagascar-centella-light-cleansing-oil\/\"]}]},{\"@type\":\"ImageObject\",\"inLanguage\":\"pl-PL\",\"@id\":\"https:\/\/skinglam.eu\/product\/skin1004-madagascar-centella-light-cleansing-oil\/#primaryimage\",\"url\":\"https:\/\/skinglam.eu\/wp-content\/uploads\/2023\/09\/centella_light_cleansing_oil1.jpg\",\"contentUrl\":\"https:\/\/skinglam.eu\/wp-content\/uploads\/2023\/09\/centella_light_cleansing_oil1.jpg\",\"width\":825,\"height\":826},{\"@type\":\"BreadcrumbList\",\"@id\":\"https:\/\/skinglam.eu\/product\/skin1004-madagascar-centella-light-cleansing-oil\/#breadcrumb\",\"itemListElement\":[{\"@type\":\"ListItem\",\"position\":1,\"name\":\"Home\",\"item\":\"https:\/\/skinglam.eu\/\"},{\"@type\":\"ListItem\",\"position\":2,\"name\":\"Shop\",\"item\":\"https:\/\/skinglam.eu\/hr\/shop\/\"},{\"@type\":\"ListItem\",\"position\":3,\"name\":\"SKIN1004 Madagascar Centella Light Cleansing Oil 200ml\"}]},{\"@type\":\"WebSite\",\"@id\":\"https:\/\/skinglam.eu\/hr\/#website\",\"url\":\"https:\/\/skinglam.eu\/hr\/\",\"name\":\"Skin Glam\",\"description\":\"K-beauty Shop\",\"publisher\":{\"@id\":\"https:\/\/skinglam.eu\/hr\/#organization\"},\"potentialAction\":[{\"@type\":\"SearchAction\",\"target\":{\"@type\":\"EntryPoint\",\"urlTemplate\":\"https:\/\/skinglam.eu\/hr\/?s={search_term_string}\"},\"query-input\":{\"@type\":\"PropertyValueSpecification\",\"valueRequired\":true,\"valueName\":\"search_term_string\"}}],\"inLanguage\":\"pl-PL\"},{\"@type\":\"Organization\",\"@id\":\"https:\/\/skinglam.eu\/hr\/#organization\",\"name\":\"SkinGlam d.o.o.\",\"url\":\"https:\/\/skinglam.eu\/hr\/\",\"logo\":{\"@type\":\"ImageObject\",\"inLanguage\":\"pl-PL\",\"@id\":\"https:\/\/skinglam.eu\/hr\/#\/schema\/logo\/image\/\",\"url\":\"https:\/\/skinglam.eu\/wp-content\/uploads\/2024\/09\/logo.jpg\",\"contentUrl\":\"https:\/\/skinglam.eu\/wp-content\/uploads\/2024\/09\/logo.jpg\",\"width\":883,\"height\":833,\"caption\":\"SkinGlam d.o.o.\"},\"image\":{\"@id\":\"https:\/\/skinglam.eu\/hr\/#\/schema\/logo\/image\/\"},\"sameAs\":[\"https:\/\/www.instagram.com\/skinglam.si\"]}]}<\/script>\n<!-- \/ Yoast SEO plugin. -->","yoast_head_json":{"title":"SKIN1004 Madagascar Centella Light Cleansing Oil 200ml - Skin Glam","robots":{"index":"index","follow":"follow","max-snippet":"max-snippet:-1","max-image-preview":"max-image-preview:large","max-video-preview":"max-video-preview:-1"},"canonical":"https:\/\/skinglam.eu\/pl\/produkt\/skin1004-madagascar-centella-light-cleansing-oil\/","og_locale":"pl_PL","og_type":"article","og_title":"SKIN1004 Madagascar Centella Light Cleansing Oil 200ml - Skin Glam","og_description":"SKIN1004 Madagascar Centella Light Cleansing Oil 200ml Madagascar Centella Light Cleansing Oil is a lightweight, oil-based cleanser, that effectively removes makeup, sunscreen, pollutants, and dirt...","og_url":"https:\/\/skinglam.eu\/pl\/produkt\/skin1004-madagascar-centella-light-cleansing-oil\/","og_site_name":"Skin Glam","article_publisher":"https:\/\/www.instagram.com\/skinglam.si","article_modified_time":"2026-04-18T14:55:58+00:00","og_image":[{"width":825,"height":826,"url":"https:\/\/skinglam.eu\/wp-content\/uploads\/2023\/09\/centella_light_cleansing_oil1.jpg","type":"image\/jpeg"}],"twitter_card":"summary_large_image","twitter_misc":{"Szacowany czas czytania":"1 minuta"},"schema":{"@context":"https:\/\/schema.org","@graph":[{"@type":"WebPage","@id":"https:\/\/skinglam.eu\/product\/skin1004-madagascar-centella-light-cleansing-oil\/","url":"https:\/\/skinglam.eu\/product\/skin1004-madagascar-centella-light-cleansing-oil\/","name":"SKIN1004 Madagascar Centella Light Cleansing Oil 200ml - Skin Glam","isPartOf":{"@id":"https:\/\/skinglam.eu\/hr\/#website"},"primaryImageOfPage":{"@id":"https:\/\/skinglam.eu\/product\/skin1004-madagascar-centella-light-cleansing-oil\/#primaryimage"},"image":{"@id":"https:\/\/skinglam.eu\/product\/skin1004-madagascar-centella-light-cleansing-oil\/#primaryimage"},"thumbnailUrl":"https:\/\/skinglam.eu\/wp-content\/uploads\/2023\/09\/centella_light_cleansing_oil1.jpg","datePublished":"2023-09-13T10:40:33+00:00","dateModified":"2026-04-18T14:55:58+00:00","breadcrumb":{"@id":"https:\/\/skinglam.eu\/product\/skin1004-madagascar-centella-light-cleansing-oil\/#breadcrumb"},"inLanguage":"pl-PL","potentialAction":[{"@type":"ReadAction","target":["https:\/\/skinglam.eu\/product\/skin1004-madagascar-centella-light-cleansing-oil\/"]}]},{"@type":"ImageObject","inLanguage":"pl-PL","@id":"https:\/\/skinglam.eu\/product\/skin1004-madagascar-centella-light-cleansing-oil\/#primaryimage","url":"https:\/\/skinglam.eu\/wp-content\/uploads\/2023\/09\/centella_light_cleansing_oil1.jpg","contentUrl":"https:\/\/skinglam.eu\/wp-content\/uploads\/2023\/09\/centella_light_cleansing_oil1.jpg","width":825,"height":826},{"@type":"BreadcrumbList","@id":"https:\/\/skinglam.eu\/product\/skin1004-madagascar-centella-light-cleansing-oil\/#breadcrumb","itemListElement":[{"@type":"ListItem","position":1,"name":"Home","item":"https:\/\/skinglam.eu\/"},{"@type":"ListItem","position":2,"name":"Shop","item":"https:\/\/skinglam.eu\/hr\/shop\/"},{"@type":"ListItem","position":3,"name":"SKIN1004 Madagascar Centella Light Cleansing Oil 200ml"}]},{"@type":"WebSite","@id":"https:\/\/skinglam.eu\/hr\/#website","url":"https:\/\/skinglam.eu\/hr\/","name":"Skin Glam","description":"K-beauty Shop","publisher":{"@id":"https:\/\/skinglam.eu\/hr\/#organization"},"potentialAction":[{"@type":"SearchAction","target":{"@type":"EntryPoint","urlTemplate":"https:\/\/skinglam.eu\/hr\/?s={search_term_string}"},"query-input":{"@type":"PropertyValueSpecification","valueRequired":true,"valueName":"search_term_string"}}],"inLanguage":"pl-PL"},{"@type":"Organization","@id":"https:\/\/skinglam.eu\/hr\/#organization","name":"SkinGlam d.o.o.","url":"https:\/\/skinglam.eu\/hr\/","logo":{"@type":"ImageObject","inLanguage":"pl-PL","@id":"https:\/\/skinglam.eu\/hr\/#\/schema\/logo\/image\/","url":"https:\/\/skinglam.eu\/wp-content\/uploads\/2024\/09\/logo.jpg","contentUrl":"https:\/\/skinglam.eu\/wp-content\/uploads\/2024\/09\/logo.jpg","width":883,"height":833,"caption":"SkinGlam d.o.o."},"image":{"@id":"https:\/\/skinglam.eu\/hr\/#\/schema\/logo\/image\/"},"sameAs":["https:\/\/www.instagram.com\/skinglam.si"]}]}},"_links":{"self":[{"href":"https:\/\/skinglam.eu\/pl\/wp-json\/wp\/v2\/product\/1892","targetHints":{"allow":["GET"]}}],"collection":[{"href":"https:\/\/skinglam.eu\/pl\/wp-json\/wp\/v2\/product"}],"about":[{"href":"https:\/\/skinglam.eu\/pl\/wp-json\/wp\/v2\/types\/product"}],"replies":[{"embeddable":true,"href":"https:\/\/skinglam.eu\/pl\/wp-json\/wp\/v2\/comments?post=1892"}],"version-history":[{"count":6,"href":"https:\/\/skinglam.eu\/pl\/wp-json\/wp\/v2\/product\/1892\/revisions"}],"predecessor-version":[{"id":4351,"href":"https:\/\/skinglam.eu\/pl\/wp-json\/wp\/v2\/product\/1892\/revisions\/4351"}],"wp:featuredmedia":[{"embeddable":true,"href":"https:\/\/skinglam.eu\/pl\/wp-json\/wp\/v2\/media\/4352"}],"wp:attachment":[{"href":"https:\/\/skinglam.eu\/pl\/wp-json\/wp\/v2\/media?parent=1892"}],"wp:term":[{"taxonomy":"brand","embeddable":true,"href":"https:\/\/skinglam.eu\/pl\/wp-json\/wp\/v2\/etheme_brands?post=1892"},{"taxonomy":"product_cat","embeddable":true,"href":"https:\/\/skinglam.eu\/pl\/wp-json\/wp\/v2\/product_cat?post=1892"},{"taxonomy":"product_tag","embeddable":true,"href":"https:\/\/skinglam.eu\/pl\/wp-json\/wp\/v2\/product_tag?post=1892"}],"curies":[{"name":"wp","href":"https:\/\/api.w.org\/{rel}","templated":true}]}}