{"id":1933,"date":"2023-09-13T11:12:13","date_gmt":"2023-09-13T11:12:13","guid":{"rendered":"https:\/\/skin.ocstesting.mk\/?post_type=product&#038;p=1933"},"modified":"2026-04-18T05:55:25","modified_gmt":"2026-04-18T05:55:25","slug":"madagascar-centella-tea-trica-bha-foam","status":"publish","type":"product","link":"https:\/\/skinglam.eu\/pl\/produkt\/madagascar-centella-tea-trica-bha-foam\/","title":{"rendered":"Madagascar Centella Tea-Trica BHA Foam 125ml"},"content":{"rendered":"<p><strong>SKIN1004 Madagascar Centella Tea-Trica Pianka BHA 125ml<\/strong><\/p>\n<p>SKIN1004 Madagascar Centella Tea-trica BHA Foam to pianka oczyszczaj\u0105ca przeznaczona specjalnie dla sk\u00f3ry sk\u0142onnej do tr\u0105dziku i problematycznej.<\/p>\n<p>Zawiera BHA (kwas salicylowy), pomaga usun\u0105\u0107 nadmiar sebum, brud, martwe kom\u00f3rki sk\u00f3ry, zanieczyszczenia i odpady por\u00f3w, zapewniaj\u0105c czystsz\u0105 i zdrowsz\u0105 cer\u0119.<\/p>\n<p>Wzbogacona kompleksem \u0142agodz\u0105cym sk\u00f3r\u0119, w tym wod\u0105 z li\u015bci drzewa herbacianego i ekstraktem z Centella Asiatica, pianka skutecznie uspokaja i od\u017cywia sk\u00f3r\u0119.<\/p>\n<p>Ta pianka to niezawodny wyb\u00f3r dla os\u00f3b, kt\u00f3re chc\u0105 zaradzi\u0107 tr\u0105dzikowi i problemom sk\u00f3rnym, zachowuj\u0105c jednocze\u015bnie koj\u0105cy i delikatny program oczyszczania.<\/p>\n<p>*Powy\u017csze opisy sk\u0142adnik\u00f3w ograniczaj\u0105 si\u0119 do charakterystyki surowc\u00f3w.<\/p>","protected":false},"excerpt":{"rendered":"<p>SKIN1004 Madagascar Centella Tea-Trica BHA Foam 125ml SKIN1004 Madagascar Centella Tea-trica BHA Foam is a cleansing foam designed specifically for acne-prone and troubled skin. Formulated&#8230;<\/p>","protected":false},"featured_media":4346,"comment_status":"open","ping_status":"closed","template":"","meta":{"_monsterinsights_skip_tracking":false,"_monsterinsights_sitenote_active":false,"_monsterinsights_sitenote_note":"","_monsterinsights_sitenote_category":0,"_uf_show_specific_survey":0,"_uf_disable_surveys":false},"etheme_brands":[{"term_id":96,"name":"SKIN1004","slug":"skin1004","term_group":0,"term_taxonomy_id":96,"taxonomy":"brand","description":"","parent":0,"count":19,"filter":"raw"}],"product_cat":[134,129,137,142,143],"product_tag":[],"class_list":{"0":"post-1933","1":"product","2":"type-product","3":"status-publish","4":"has-post-thumbnail","6":"brand-skin1004","7":"product_cat-acne","8":"product_cat-cleansers","9":"product_cat-combination","10":"product_cat-oil-pore-control","11":"product_cat-oily","13":"first","14":"instock","15":"sale","16":"shipping-taxable","17":"purchasable","18":"product-type-simple"},"yoast_head":"<!-- This site is optimized with the Yoast SEO plugin v24.3 - https:\/\/yoast.com\/wordpress\/plugins\/seo\/ -->\n<title>Madagascar Centella Tea-Trica BHA Foam 125ml - Skin Glam<\/title>\n<meta name=\"robots\" content=\"index, follow, max-snippet:-1, max-image-preview:large, max-video-preview:-1\" \/>\n<link rel=\"canonical\" href=\"https:\/\/skinglam.eu\/pl\/produkt\/madagascar-centella-tea-trica-bha-foam\/\" \/>\n<meta property=\"og:locale\" content=\"pl_PL\" \/>\n<meta property=\"og:type\" content=\"article\" \/>\n<meta property=\"og:title\" content=\"Madagascar Centella Tea-Trica BHA Foam 125ml - Skin Glam\" \/>\n<meta property=\"og:description\" content=\"SKIN1004 Madagascar Centella Tea-Trica BHA Foam 125ml SKIN1004 Madagascar Centella Tea-trica BHA Foam is a cleansing foam designed specifically for acne-prone and troubled skin. Formulated...\" \/>\n<meta property=\"og:url\" content=\"https:\/\/skinglam.eu\/pl\/produkt\/madagascar-centella-tea-trica-bha-foam\/\" \/>\n<meta property=\"og:site_name\" content=\"Skin Glam\" \/>\n<meta property=\"article:publisher\" content=\"https:\/\/www.instagram.com\/skinglam.si\" \/>\n<meta property=\"article:modified_time\" content=\"2026-04-18T05:55:25+00:00\" \/>\n<meta property=\"og:image\" content=\"https:\/\/skinglam.eu\/wp-content\/uploads\/2023\/09\/centella_te_tricA_bha_foam.jpg\" \/>\n\t<meta property=\"og:image:width\" content=\"981\" \/>\n\t<meta property=\"og:image:height\" content=\"985\" \/>\n\t<meta property=\"og:image:type\" content=\"image\/jpeg\" \/>\n<meta name=\"twitter:card\" content=\"summary_large_image\" \/>\n<meta name=\"twitter:label1\" content=\"Szacowany czas czytania\" \/>\n\t<meta name=\"twitter:data1\" content=\"1 minuta\" \/>\n<script type=\"application\/ld+json\" class=\"yoast-schema-graph\">{\"@context\":\"https:\/\/schema.org\",\"@graph\":[{\"@type\":\"WebPage\",\"@id\":\"https:\/\/skinglam.eu\/product\/madagascar-centella-tea-trica-bha-foam\/\",\"url\":\"https:\/\/skinglam.eu\/product\/madagascar-centella-tea-trica-bha-foam\/\",\"name\":\"Madagascar Centella Tea-Trica BHA Foam 125ml - Skin Glam\",\"isPartOf\":{\"@id\":\"https:\/\/skinglam.eu\/hr\/#website\"},\"primaryImageOfPage\":{\"@id\":\"https:\/\/skinglam.eu\/product\/madagascar-centella-tea-trica-bha-foam\/#primaryimage\"},\"image\":{\"@id\":\"https:\/\/skinglam.eu\/product\/madagascar-centella-tea-trica-bha-foam\/#primaryimage\"},\"thumbnailUrl\":\"https:\/\/skinglam.eu\/wp-content\/uploads\/2023\/09\/centella_te_tricA_bha_foam.jpg\",\"datePublished\":\"2023-09-13T11:12:13+00:00\",\"dateModified\":\"2026-04-18T05:55:25+00:00\",\"breadcrumb\":{\"@id\":\"https:\/\/skinglam.eu\/product\/madagascar-centella-tea-trica-bha-foam\/#breadcrumb\"},\"inLanguage\":\"pl-PL\",\"potentialAction\":[{\"@type\":\"ReadAction\",\"target\":[\"https:\/\/skinglam.eu\/product\/madagascar-centella-tea-trica-bha-foam\/\"]}]},{\"@type\":\"ImageObject\",\"inLanguage\":\"pl-PL\",\"@id\":\"https:\/\/skinglam.eu\/product\/madagascar-centella-tea-trica-bha-foam\/#primaryimage\",\"url\":\"https:\/\/skinglam.eu\/wp-content\/uploads\/2023\/09\/centella_te_tricA_bha_foam.jpg\",\"contentUrl\":\"https:\/\/skinglam.eu\/wp-content\/uploads\/2023\/09\/centella_te_tricA_bha_foam.jpg\",\"width\":981,\"height\":985},{\"@type\":\"BreadcrumbList\",\"@id\":\"https:\/\/skinglam.eu\/product\/madagascar-centella-tea-trica-bha-foam\/#breadcrumb\",\"itemListElement\":[{\"@type\":\"ListItem\",\"position\":1,\"name\":\"Home\",\"item\":\"https:\/\/skinglam.eu\/\"},{\"@type\":\"ListItem\",\"position\":2,\"name\":\"Shop\",\"item\":\"https:\/\/skinglam.eu\/hr\/shop\/\"},{\"@type\":\"ListItem\",\"position\":3,\"name\":\"Madagascar Centella Tea-Trica BHA Foam 125ml\"}]},{\"@type\":\"WebSite\",\"@id\":\"https:\/\/skinglam.eu\/hr\/#website\",\"url\":\"https:\/\/skinglam.eu\/hr\/\",\"name\":\"Skin Glam\",\"description\":\"K-beauty Shop\",\"publisher\":{\"@id\":\"https:\/\/skinglam.eu\/hr\/#organization\"},\"potentialAction\":[{\"@type\":\"SearchAction\",\"target\":{\"@type\":\"EntryPoint\",\"urlTemplate\":\"https:\/\/skinglam.eu\/hr\/?s={search_term_string}\"},\"query-input\":{\"@type\":\"PropertyValueSpecification\",\"valueRequired\":true,\"valueName\":\"search_term_string\"}}],\"inLanguage\":\"pl-PL\"},{\"@type\":\"Organization\",\"@id\":\"https:\/\/skinglam.eu\/hr\/#organization\",\"name\":\"SkinGlam d.o.o.\",\"url\":\"https:\/\/skinglam.eu\/hr\/\",\"logo\":{\"@type\":\"ImageObject\",\"inLanguage\":\"pl-PL\",\"@id\":\"https:\/\/skinglam.eu\/hr\/#\/schema\/logo\/image\/\",\"url\":\"https:\/\/skinglam.eu\/wp-content\/uploads\/2024\/09\/logo.jpg\",\"contentUrl\":\"https:\/\/skinglam.eu\/wp-content\/uploads\/2024\/09\/logo.jpg\",\"width\":883,\"height\":833,\"caption\":\"SkinGlam d.o.o.\"},\"image\":{\"@id\":\"https:\/\/skinglam.eu\/hr\/#\/schema\/logo\/image\/\"},\"sameAs\":[\"https:\/\/www.instagram.com\/skinglam.si\"]}]}<\/script>\n<!-- \/ Yoast SEO plugin. -->","yoast_head_json":{"title":"Madagascar Centella Tea-Trica BHA Foam 125ml - Skin Glam","robots":{"index":"index","follow":"follow","max-snippet":"max-snippet:-1","max-image-preview":"max-image-preview:large","max-video-preview":"max-video-preview:-1"},"canonical":"https:\/\/skinglam.eu\/pl\/produkt\/madagascar-centella-tea-trica-bha-foam\/","og_locale":"pl_PL","og_type":"article","og_title":"Madagascar Centella Tea-Trica BHA Foam 125ml - Skin Glam","og_description":"SKIN1004 Madagascar Centella Tea-Trica BHA Foam 125ml SKIN1004 Madagascar Centella Tea-trica BHA Foam is a cleansing foam designed specifically for acne-prone and troubled skin. Formulated...","og_url":"https:\/\/skinglam.eu\/pl\/produkt\/madagascar-centella-tea-trica-bha-foam\/","og_site_name":"Skin Glam","article_publisher":"https:\/\/www.instagram.com\/skinglam.si","article_modified_time":"2026-04-18T05:55:25+00:00","og_image":[{"width":981,"height":985,"url":"https:\/\/skinglam.eu\/wp-content\/uploads\/2023\/09\/centella_te_tricA_bha_foam.jpg","type":"image\/jpeg"}],"twitter_card":"summary_large_image","twitter_misc":{"Szacowany czas czytania":"1 minuta"},"schema":{"@context":"https:\/\/schema.org","@graph":[{"@type":"WebPage","@id":"https:\/\/skinglam.eu\/product\/madagascar-centella-tea-trica-bha-foam\/","url":"https:\/\/skinglam.eu\/product\/madagascar-centella-tea-trica-bha-foam\/","name":"Madagascar Centella Tea-Trica BHA Foam 125ml - Skin Glam","isPartOf":{"@id":"https:\/\/skinglam.eu\/hr\/#website"},"primaryImageOfPage":{"@id":"https:\/\/skinglam.eu\/product\/madagascar-centella-tea-trica-bha-foam\/#primaryimage"},"image":{"@id":"https:\/\/skinglam.eu\/product\/madagascar-centella-tea-trica-bha-foam\/#primaryimage"},"thumbnailUrl":"https:\/\/skinglam.eu\/wp-content\/uploads\/2023\/09\/centella_te_tricA_bha_foam.jpg","datePublished":"2023-09-13T11:12:13+00:00","dateModified":"2026-04-18T05:55:25+00:00","breadcrumb":{"@id":"https:\/\/skinglam.eu\/product\/madagascar-centella-tea-trica-bha-foam\/#breadcrumb"},"inLanguage":"pl-PL","potentialAction":[{"@type":"ReadAction","target":["https:\/\/skinglam.eu\/product\/madagascar-centella-tea-trica-bha-foam\/"]}]},{"@type":"ImageObject","inLanguage":"pl-PL","@id":"https:\/\/skinglam.eu\/product\/madagascar-centella-tea-trica-bha-foam\/#primaryimage","url":"https:\/\/skinglam.eu\/wp-content\/uploads\/2023\/09\/centella_te_tricA_bha_foam.jpg","contentUrl":"https:\/\/skinglam.eu\/wp-content\/uploads\/2023\/09\/centella_te_tricA_bha_foam.jpg","width":981,"height":985},{"@type":"BreadcrumbList","@id":"https:\/\/skinglam.eu\/product\/madagascar-centella-tea-trica-bha-foam\/#breadcrumb","itemListElement":[{"@type":"ListItem","position":1,"name":"Home","item":"https:\/\/skinglam.eu\/"},{"@type":"ListItem","position":2,"name":"Shop","item":"https:\/\/skinglam.eu\/hr\/shop\/"},{"@type":"ListItem","position":3,"name":"Madagascar Centella Tea-Trica BHA Foam 125ml"}]},{"@type":"WebSite","@id":"https:\/\/skinglam.eu\/hr\/#website","url":"https:\/\/skinglam.eu\/hr\/","name":"Skin Glam","description":"K-beauty Shop","publisher":{"@id":"https:\/\/skinglam.eu\/hr\/#organization"},"potentialAction":[{"@type":"SearchAction","target":{"@type":"EntryPoint","urlTemplate":"https:\/\/skinglam.eu\/hr\/?s={search_term_string}"},"query-input":{"@type":"PropertyValueSpecification","valueRequired":true,"valueName":"search_term_string"}}],"inLanguage":"pl-PL"},{"@type":"Organization","@id":"https:\/\/skinglam.eu\/hr\/#organization","name":"SkinGlam d.o.o.","url":"https:\/\/skinglam.eu\/hr\/","logo":{"@type":"ImageObject","inLanguage":"pl-PL","@id":"https:\/\/skinglam.eu\/hr\/#\/schema\/logo\/image\/","url":"https:\/\/skinglam.eu\/wp-content\/uploads\/2024\/09\/logo.jpg","contentUrl":"https:\/\/skinglam.eu\/wp-content\/uploads\/2024\/09\/logo.jpg","width":883,"height":833,"caption":"SkinGlam d.o.o."},"image":{"@id":"https:\/\/skinglam.eu\/hr\/#\/schema\/logo\/image\/"},"sameAs":["https:\/\/www.instagram.com\/skinglam.si"]}]}},"_links":{"self":[{"href":"https:\/\/skinglam.eu\/pl\/wp-json\/wp\/v2\/product\/1933","targetHints":{"allow":["GET"]}}],"collection":[{"href":"https:\/\/skinglam.eu\/pl\/wp-json\/wp\/v2\/product"}],"about":[{"href":"https:\/\/skinglam.eu\/pl\/wp-json\/wp\/v2\/types\/product"}],"replies":[{"embeddable":true,"href":"https:\/\/skinglam.eu\/pl\/wp-json\/wp\/v2\/comments?post=1933"}],"version-history":[{"count":7,"href":"https:\/\/skinglam.eu\/pl\/wp-json\/wp\/v2\/product\/1933\/revisions"}],"predecessor-version":[{"id":3401,"href":"https:\/\/skinglam.eu\/pl\/wp-json\/wp\/v2\/product\/1933\/revisions\/3401"}],"wp:featuredmedia":[{"embeddable":true,"href":"https:\/\/skinglam.eu\/pl\/wp-json\/wp\/v2\/media\/4346"}],"wp:attachment":[{"href":"https:\/\/skinglam.eu\/pl\/wp-json\/wp\/v2\/media?parent=1933"}],"wp:term":[{"taxonomy":"brand","embeddable":true,"href":"https:\/\/skinglam.eu\/pl\/wp-json\/wp\/v2\/etheme_brands?post=1933"},{"taxonomy":"product_cat","embeddable":true,"href":"https:\/\/skinglam.eu\/pl\/wp-json\/wp\/v2\/product_cat?post=1933"},{"taxonomy":"product_tag","embeddable":true,"href":"https:\/\/skinglam.eu\/pl\/wp-json\/wp\/v2\/product_tag?post=1933"}],"curies":[{"name":"wp","href":"https:\/\/api.w.org\/{rel}","templated":true}]}}