{"id":1953,"date":"2023-09-13T11:18:55","date_gmt":"2023-09-13T11:18:55","guid":{"rendered":"https:\/\/skin.ocstesting.mk\/?post_type=product&#038;p=1953"},"modified":"2026-04-18T13:55:23","modified_gmt":"2026-04-18T13:55:23","slug":"madagascar-centella-probio-cica-essence-toner","status":"publish","type":"product","link":"https:\/\/skinglam.eu\/pl\/produkt\/madagascar-centella-probio-cica-essence-toner\/","title":{"rendered":"SKIN1004 Madagaskar Centella Probio-Cica Esencja Tonik 210ml"},"content":{"rendered":"<p><strong>SKIN1004 Madagaskar Centella Probio-Cica Esencja Tonik 210ml<\/strong><\/p>\n<p>Przedstawiamy nasz nawil\u017caj\u0105cy tonik ze sfermentowanej centelli madagaskarskiej \u2013 Tw\u00f3j bilet do promiennej i o\u017cywionej sk\u00f3ry. Zawieraj\u0105cy starannie dobrane sk\u0142adniki, tonik przenosi nawil\u017cenie i ukojenie na wy\u017cszy poziom.<\/p>\n<p><strong>Kluczowe cechy:<\/strong><\/p>\n<p><strong>Ostateczne uspokojenie: <\/strong><\/p>\n<p>Wzbogacony sfermentowan\u0105 Centella Asiatica z Madagaskaru, a tak\u017ce Probio-cica i TECA, nasz tonik \u0142agodzi i rewitalizuje Twoj\u0105 cer\u0119.<\/p>\n<p><strong>Silniejsza bariera sk\u00f3rna: <\/strong><\/p>\n<p>Dzi\u0119ki zawarto\u015bci Ceramidu NP i wysokiej jako\u015bci cyki toner wzmacnia sk\u00f3r\u0119, zwi\u0119kszaj\u0105c wch\u0142anianie wilgoci i naprawiaj\u0105c bariery ochronne.<\/p>\n<p><strong>G\u0142\u0119bokie nawil\u017cenie kwasem hialuronowym: <\/strong><\/p>\n<p>Pi\u0119\u0107 rozmiar\u00f3w cz\u0105steczek kwasu hialuronowego wsp\u00f3\u0142dzia\u0142a, aby ugasi\u0107 pragnienie sk\u00f3ry od wewn\u0105trz.<\/p>\n<p><strong>Luksusowe, ale orze\u017awiaj\u0105ce: <\/strong><\/p>\n<p>Poczuj bogactwo esencji z od\u015bwie\u017caj\u0105cym wyko\u0144czeniem wodnego toniku.<\/p>\n<p><strong>Dla ka\u017cdego rodzaju sk\u00f3ry: <\/strong><\/p>\n<p>Bezpieczny dla ka\u017cdego rodzaju sk\u00f3ry, w tym sk\u00f3ry wra\u017cliwej.<\/p>\n<p>Wzboga\u0107 swoj\u0105 codzienn\u0105 piel\u0119gnacj\u0119 sk\u00f3ry dzi\u0119ki nawil\u017caj\u0105cemu tonikowi z fermentowanej centelli madagaskarskiej. Przygotuj si\u0119 na odkrycie zrewitalizowanej i promiennej sk\u00f3ry.<\/p>\n<p><strong>Notatka:<\/strong> Powy\u017csze opisy opieraj\u0105 si\u0119 na dostarczonych informacjach i ograniczaj\u0105 si\u0119 do charakterystyki surowc\u00f3w.<\/p>","protected":false},"excerpt":{"rendered":"<p>SKIN1004 Madagascar Centella Probio-Cica Essence Toner 210ml Introducing our Fermented Madagascan Centella Moisture Toner \u2013 your ticket to radiant and revitalized skin. Packed with carefully&#8230;<\/p>","protected":false},"featured_media":4343,"comment_status":"open","ping_status":"closed","template":"","meta":{"_monsterinsights_skip_tracking":false,"_monsterinsights_sitenote_active":false,"_monsterinsights_sitenote_note":"","_monsterinsights_sitenote_category":0,"_uf_show_specific_survey":0,"_uf_disable_surveys":false},"etheme_brands":[{"term_id":96,"name":"SKIN1004","slug":"skin1004","term_group":0,"term_taxonomy_id":96,"taxonomy":"brand","description":"","parent":0,"count":19,"filter":"raw"}],"product_cat":[135,137,139,140,141,65],"product_tag":[],"class_list":{"0":"post-1953","1":"product","2":"type-product","3":"status-publish","4":"has-post-thumbnail","6":"brand-skin1004","7":"product_cat-anti-aging","8":"product_cat-combination","9":"product_cat-dry","10":"product_cat-dryness","11":"product_cat-normal","12":"product_cat-toners-essences","14":"first","15":"instock","16":"sale","17":"shipping-taxable","18":"purchasable","19":"product-type-simple"},"yoast_head":"<!-- This site is optimized with the Yoast SEO plugin v24.3 - https:\/\/yoast.com\/wordpress\/plugins\/seo\/ -->\n<title>SKIN1004 Madagascar Centella Probio-Cica Essence Toner 210ml - Skin Glam<\/title>\n<meta name=\"robots\" content=\"index, follow, max-snippet:-1, max-image-preview:large, max-video-preview:-1\" \/>\n<link rel=\"canonical\" href=\"https:\/\/skinglam.eu\/pl\/produkt\/madagascar-centella-probio-cica-essence-toner\/\" \/>\n<meta property=\"og:locale\" content=\"pl_PL\" \/>\n<meta property=\"og:type\" content=\"article\" \/>\n<meta property=\"og:title\" content=\"SKIN1004 Madagascar Centella Probio-Cica Essence Toner 210ml - Skin Glam\" \/>\n<meta property=\"og:description\" content=\"SKIN1004 Madagascar Centella Probio-Cica Essence Toner 210ml Introducing our Fermented Madagascan Centella Moisture Toner \u2013 your ticket to radiant and revitalized skin. Packed with carefully...\" \/>\n<meta property=\"og:url\" content=\"https:\/\/skinglam.eu\/pl\/produkt\/madagascar-centella-probio-cica-essence-toner\/\" \/>\n<meta property=\"og:site_name\" content=\"Skin Glam\" \/>\n<meta property=\"article:publisher\" content=\"https:\/\/www.instagram.com\/skinglam.si\" \/>\n<meta property=\"article:modified_time\" content=\"2026-04-18T13:55:23+00:00\" \/>\n<meta property=\"og:image\" content=\"https:\/\/skinglam.eu\/wp-content\/uploads\/2023\/09\/centella_probio_cica_essence_toner.jpg\" \/>\n\t<meta property=\"og:image:width\" content=\"736\" \/>\n\t<meta property=\"og:image:height\" content=\"763\" \/>\n\t<meta property=\"og:image:type\" content=\"image\/jpeg\" \/>\n<meta name=\"twitter:card\" content=\"summary_large_image\" \/>\n<meta name=\"twitter:label1\" content=\"Szacowany czas czytania\" \/>\n\t<meta name=\"twitter:data1\" content=\"1 minuta\" \/>\n<script type=\"application\/ld+json\" class=\"yoast-schema-graph\">{\"@context\":\"https:\/\/schema.org\",\"@graph\":[{\"@type\":\"WebPage\",\"@id\":\"https:\/\/skinglam.eu\/product\/madagascar-centella-probio-cica-essence-toner\/\",\"url\":\"https:\/\/skinglam.eu\/product\/madagascar-centella-probio-cica-essence-toner\/\",\"name\":\"SKIN1004 Madagascar Centella Probio-Cica Essence Toner 210ml - Skin Glam\",\"isPartOf\":{\"@id\":\"https:\/\/skinglam.eu\/hr\/#website\"},\"primaryImageOfPage\":{\"@id\":\"https:\/\/skinglam.eu\/product\/madagascar-centella-probio-cica-essence-toner\/#primaryimage\"},\"image\":{\"@id\":\"https:\/\/skinglam.eu\/product\/madagascar-centella-probio-cica-essence-toner\/#primaryimage\"},\"thumbnailUrl\":\"https:\/\/skinglam.eu\/wp-content\/uploads\/2023\/09\/centella_probio_cica_essence_toner.jpg\",\"datePublished\":\"2023-09-13T11:18:55+00:00\",\"dateModified\":\"2026-04-18T13:55:23+00:00\",\"breadcrumb\":{\"@id\":\"https:\/\/skinglam.eu\/product\/madagascar-centella-probio-cica-essence-toner\/#breadcrumb\"},\"inLanguage\":\"pl-PL\",\"potentialAction\":[{\"@type\":\"ReadAction\",\"target\":[\"https:\/\/skinglam.eu\/product\/madagascar-centella-probio-cica-essence-toner\/\"]}]},{\"@type\":\"ImageObject\",\"inLanguage\":\"pl-PL\",\"@id\":\"https:\/\/skinglam.eu\/product\/madagascar-centella-probio-cica-essence-toner\/#primaryimage\",\"url\":\"https:\/\/skinglam.eu\/wp-content\/uploads\/2023\/09\/centella_probio_cica_essence_toner.jpg\",\"contentUrl\":\"https:\/\/skinglam.eu\/wp-content\/uploads\/2023\/09\/centella_probio_cica_essence_toner.jpg\",\"width\":736,\"height\":763},{\"@type\":\"BreadcrumbList\",\"@id\":\"https:\/\/skinglam.eu\/product\/madagascar-centella-probio-cica-essence-toner\/#breadcrumb\",\"itemListElement\":[{\"@type\":\"ListItem\",\"position\":1,\"name\":\"Home\",\"item\":\"https:\/\/skinglam.eu\/\"},{\"@type\":\"ListItem\",\"position\":2,\"name\":\"Shop\",\"item\":\"https:\/\/skinglam.eu\/hr\/shop\/\"},{\"@type\":\"ListItem\",\"position\":3,\"name\":\"SKIN1004 Madagascar Centella Probio-Cica Essence Toner 210ml\"}]},{\"@type\":\"WebSite\",\"@id\":\"https:\/\/skinglam.eu\/hr\/#website\",\"url\":\"https:\/\/skinglam.eu\/hr\/\",\"name\":\"Skin Glam\",\"description\":\"K-beauty Shop\",\"publisher\":{\"@id\":\"https:\/\/skinglam.eu\/hr\/#organization\"},\"potentialAction\":[{\"@type\":\"SearchAction\",\"target\":{\"@type\":\"EntryPoint\",\"urlTemplate\":\"https:\/\/skinglam.eu\/hr\/?s={search_term_string}\"},\"query-input\":{\"@type\":\"PropertyValueSpecification\",\"valueRequired\":true,\"valueName\":\"search_term_string\"}}],\"inLanguage\":\"pl-PL\"},{\"@type\":\"Organization\",\"@id\":\"https:\/\/skinglam.eu\/hr\/#organization\",\"name\":\"SkinGlam d.o.o.\",\"url\":\"https:\/\/skinglam.eu\/hr\/\",\"logo\":{\"@type\":\"ImageObject\",\"inLanguage\":\"pl-PL\",\"@id\":\"https:\/\/skinglam.eu\/hr\/#\/schema\/logo\/image\/\",\"url\":\"https:\/\/skinglam.eu\/wp-content\/uploads\/2024\/09\/logo.jpg\",\"contentUrl\":\"https:\/\/skinglam.eu\/wp-content\/uploads\/2024\/09\/logo.jpg\",\"width\":883,\"height\":833,\"caption\":\"SkinGlam d.o.o.\"},\"image\":{\"@id\":\"https:\/\/skinglam.eu\/hr\/#\/schema\/logo\/image\/\"},\"sameAs\":[\"https:\/\/www.instagram.com\/skinglam.si\"]}]}<\/script>\n<!-- \/ Yoast SEO plugin. -->","yoast_head_json":{"title":"SKIN1004 Madagascar Centella Probio-Cica Essence Toner 210ml - Skin Glam","robots":{"index":"index","follow":"follow","max-snippet":"max-snippet:-1","max-image-preview":"max-image-preview:large","max-video-preview":"max-video-preview:-1"},"canonical":"https:\/\/skinglam.eu\/pl\/produkt\/madagascar-centella-probio-cica-essence-toner\/","og_locale":"pl_PL","og_type":"article","og_title":"SKIN1004 Madagascar Centella Probio-Cica Essence Toner 210ml - Skin Glam","og_description":"SKIN1004 Madagascar Centella Probio-Cica Essence Toner 210ml Introducing our Fermented Madagascan Centella Moisture Toner \u2013 your ticket to radiant and revitalized skin. Packed with carefully...","og_url":"https:\/\/skinglam.eu\/pl\/produkt\/madagascar-centella-probio-cica-essence-toner\/","og_site_name":"Skin Glam","article_publisher":"https:\/\/www.instagram.com\/skinglam.si","article_modified_time":"2026-04-18T13:55:23+00:00","og_image":[{"width":736,"height":763,"url":"https:\/\/skinglam.eu\/wp-content\/uploads\/2023\/09\/centella_probio_cica_essence_toner.jpg","type":"image\/jpeg"}],"twitter_card":"summary_large_image","twitter_misc":{"Szacowany czas czytania":"1 minuta"},"schema":{"@context":"https:\/\/schema.org","@graph":[{"@type":"WebPage","@id":"https:\/\/skinglam.eu\/product\/madagascar-centella-probio-cica-essence-toner\/","url":"https:\/\/skinglam.eu\/product\/madagascar-centella-probio-cica-essence-toner\/","name":"SKIN1004 Madagascar Centella Probio-Cica Essence Toner 210ml - Skin Glam","isPartOf":{"@id":"https:\/\/skinglam.eu\/hr\/#website"},"primaryImageOfPage":{"@id":"https:\/\/skinglam.eu\/product\/madagascar-centella-probio-cica-essence-toner\/#primaryimage"},"image":{"@id":"https:\/\/skinglam.eu\/product\/madagascar-centella-probio-cica-essence-toner\/#primaryimage"},"thumbnailUrl":"https:\/\/skinglam.eu\/wp-content\/uploads\/2023\/09\/centella_probio_cica_essence_toner.jpg","datePublished":"2023-09-13T11:18:55+00:00","dateModified":"2026-04-18T13:55:23+00:00","breadcrumb":{"@id":"https:\/\/skinglam.eu\/product\/madagascar-centella-probio-cica-essence-toner\/#breadcrumb"},"inLanguage":"pl-PL","potentialAction":[{"@type":"ReadAction","target":["https:\/\/skinglam.eu\/product\/madagascar-centella-probio-cica-essence-toner\/"]}]},{"@type":"ImageObject","inLanguage":"pl-PL","@id":"https:\/\/skinglam.eu\/product\/madagascar-centella-probio-cica-essence-toner\/#primaryimage","url":"https:\/\/skinglam.eu\/wp-content\/uploads\/2023\/09\/centella_probio_cica_essence_toner.jpg","contentUrl":"https:\/\/skinglam.eu\/wp-content\/uploads\/2023\/09\/centella_probio_cica_essence_toner.jpg","width":736,"height":763},{"@type":"BreadcrumbList","@id":"https:\/\/skinglam.eu\/product\/madagascar-centella-probio-cica-essence-toner\/#breadcrumb","itemListElement":[{"@type":"ListItem","position":1,"name":"Home","item":"https:\/\/skinglam.eu\/"},{"@type":"ListItem","position":2,"name":"Shop","item":"https:\/\/skinglam.eu\/hr\/shop\/"},{"@type":"ListItem","position":3,"name":"SKIN1004 Madagascar Centella Probio-Cica Essence Toner 210ml"}]},{"@type":"WebSite","@id":"https:\/\/skinglam.eu\/hr\/#website","url":"https:\/\/skinglam.eu\/hr\/","name":"Skin Glam","description":"K-beauty Shop","publisher":{"@id":"https:\/\/skinglam.eu\/hr\/#organization"},"potentialAction":[{"@type":"SearchAction","target":{"@type":"EntryPoint","urlTemplate":"https:\/\/skinglam.eu\/hr\/?s={search_term_string}"},"query-input":{"@type":"PropertyValueSpecification","valueRequired":true,"valueName":"search_term_string"}}],"inLanguage":"pl-PL"},{"@type":"Organization","@id":"https:\/\/skinglam.eu\/hr\/#organization","name":"SkinGlam d.o.o.","url":"https:\/\/skinglam.eu\/hr\/","logo":{"@type":"ImageObject","inLanguage":"pl-PL","@id":"https:\/\/skinglam.eu\/hr\/#\/schema\/logo\/image\/","url":"https:\/\/skinglam.eu\/wp-content\/uploads\/2024\/09\/logo.jpg","contentUrl":"https:\/\/skinglam.eu\/wp-content\/uploads\/2024\/09\/logo.jpg","width":883,"height":833,"caption":"SkinGlam d.o.o."},"image":{"@id":"https:\/\/skinglam.eu\/hr\/#\/schema\/logo\/image\/"},"sameAs":["https:\/\/www.instagram.com\/skinglam.si"]}]}},"_links":{"self":[{"href":"https:\/\/skinglam.eu\/pl\/wp-json\/wp\/v2\/product\/1953","targetHints":{"allow":["GET"]}}],"collection":[{"href":"https:\/\/skinglam.eu\/pl\/wp-json\/wp\/v2\/product"}],"about":[{"href":"https:\/\/skinglam.eu\/pl\/wp-json\/wp\/v2\/types\/product"}],"replies":[{"embeddable":true,"href":"https:\/\/skinglam.eu\/pl\/wp-json\/wp\/v2\/comments?post=1953"}],"version-history":[{"count":7,"href":"https:\/\/skinglam.eu\/pl\/wp-json\/wp\/v2\/product\/1953\/revisions"}],"predecessor-version":[{"id":5563,"href":"https:\/\/skinglam.eu\/pl\/wp-json\/wp\/v2\/product\/1953\/revisions\/5563"}],"wp:featuredmedia":[{"embeddable":true,"href":"https:\/\/skinglam.eu\/pl\/wp-json\/wp\/v2\/media\/4343"}],"wp:attachment":[{"href":"https:\/\/skinglam.eu\/pl\/wp-json\/wp\/v2\/media?parent=1953"}],"wp:term":[{"taxonomy":"brand","embeddable":true,"href":"https:\/\/skinglam.eu\/pl\/wp-json\/wp\/v2\/etheme_brands?post=1953"},{"taxonomy":"product_cat","embeddable":true,"href":"https:\/\/skinglam.eu\/pl\/wp-json\/wp\/v2\/product_cat?post=1953"},{"taxonomy":"product_tag","embeddable":true,"href":"https:\/\/skinglam.eu\/pl\/wp-json\/wp\/v2\/product_tag?post=1953"}],"curies":[{"name":"wp","href":"https:\/\/api.w.org\/{rel}","templated":true}]}}