{"id":2900,"date":"2023-10-31T12:36:24","date_gmt":"2023-10-31T12:36:24","guid":{"rendered":"https:\/\/skinglam.si\/?post_type=product&#038;p=2900"},"modified":"2026-04-18T14:55:59","modified_gmt":"2026-04-18T14:55:59","slug":"by-wishtrend-mandelic-acid-5-skin-prep-water-120ml","status":"publish","type":"product","link":"https:\/\/skinglam.eu\/pl\/produkt\/by-wishtrend-mandelic-acid-5-skin-prep-water-120ml\/","title":{"rendered":"By Wishtrend Mandelic Acid 5% Skin Prep Water 120ml"},"content":{"rendered":"<p>Wishtrend Mandelic Acid 5% Skin Prep Water to zabieg z\u0142uszczaj\u0105cy opracowany w celu poprawy kolorytu i tekstury sk\u00f3ry, jednocze\u015bnie poprawiaj\u0105c wch\u0142anianie innych produkt\u00f3w do piel\u0119gnacji sk\u00f3ry. Produkt zawiera kwas migda\u0142owy, kt\u00f3ry jest delikatny nawet dla wra\u017cliwej sk\u00f3ry i skuteczny dla os\u00f3b ze sk\u00f3r\u0105 sk\u0142onn\u0105 do tr\u0105dziku ze wzgl\u0119du na jego w\u0142a\u015bciwo\u015bci antybakteryjne.<\/p>\n<p><strong>Kluczowe sk\u0142adniki:<\/strong><br \/>\n<strong>Kwas Migda\u0142owy:<\/strong> Pomaga poprawi\u0107 pigmentacj\u0119 i zmniejszy\u0107 stan zapalny.<br \/>\n<strong>Beta-Glukan i Centella Asiatica:<\/strong> Sk\u0142adniki przeciwzapalne, kt\u00f3re nawil\u017caj\u0105 i \u0142agodz\u0105 sk\u00f3r\u0119, zapobiegaj\u0105c podra\u017cnieniom.<br \/>\n<strong>Pantenol (witamina B5):<\/strong> Zwi\u0119ksza zdolno\u015bci regeneracyjne sk\u00f3ry i pomaga utrzyma\u0107 nawil\u017cenie.<br \/>\n<strong>Hialuronian sodu:<\/strong> Zatrzymuje wilgo\u0107 w sk\u00f3rze, zapobiegaj\u0105c wysuszeniu po z\u0142uszczaniu.<\/p>\n<p>Wishtrend Mandelic Acid 5% Skin Prep Water jest odpowiedni dla ka\u017cdego rodzaju sk\u00f3ry, szczeg\u00f3lnie korzystny dla sk\u00f3ry suchej i sk\u0142onnej do tr\u0105dziku.<br \/>\nPoziom pH \u2013 4,5 \u00b1 1,0<\/p>\n<p>*Powy\u017csze opisy sk\u0142adnik\u00f3w ograniczaj\u0105 si\u0119 do charakterystyki surowc\u00f3w<\/p>","protected":false},"excerpt":{"rendered":"<p>By Wishtrend Mandelic Acid 5% Skin Prep Water is an exfoliating treatment designed to enhance skin tone and texture, while also improving the absorption of&#8230;<\/p>","protected":false},"featured_media":4368,"comment_status":"open","ping_status":"closed","template":"","meta":{"_monsterinsights_skip_tracking":false,"_monsterinsights_sitenote_active":false,"_monsterinsights_sitenote_note":"","_monsterinsights_sitenote_category":0,"_uf_show_specific_survey":0,"_uf_disable_surveys":false},"etheme_brands":[],"product_cat":[134,137,138,139,141,142,145,65,69],"product_tag":[],"class_list":{"0":"post-2900","1":"product","2":"type-product","3":"status-publish","4":"has-post-thumbnail","6":"product_cat-acne","7":"product_cat-combination","8":"product_cat-dark-spots-pigmentation","9":"product_cat-dry","10":"product_cat-normal","11":"product_cat-oil-pore-control","12":"product_cat-sensitive","13":"product_cat-toners-essences","14":"product_cat-treatments","16":"first","17":"instock","18":"sale","19":"shipping-taxable","20":"purchasable","21":"product-type-simple"},"yoast_head":"<!-- This site is optimized with the Yoast SEO plugin v24.3 - https:\/\/yoast.com\/wordpress\/plugins\/seo\/ -->\n<title>By Wishtrend Mandelic Acid 5% Skin Prep Water 120ml - Skin Glam<\/title>\n<meta name=\"robots\" content=\"index, follow, max-snippet:-1, max-image-preview:large, max-video-preview:-1\" \/>\n<link rel=\"canonical\" href=\"https:\/\/skinglam.eu\/pl\/produkt\/by-wishtrend-mandelic-acid-5-skin-prep-water-120ml\/\" \/>\n<meta property=\"og:locale\" content=\"pl_PL\" \/>\n<meta property=\"og:type\" content=\"article\" \/>\n<meta property=\"og:title\" content=\"By Wishtrend Mandelic Acid 5% Skin Prep Water 120ml - Skin Glam\" \/>\n<meta property=\"og:description\" content=\"By Wishtrend Mandelic Acid 5% Skin Prep Water is an exfoliating treatment designed to enhance skin tone and texture, while also improving the absorption of...\" \/>\n<meta property=\"og:url\" content=\"https:\/\/skinglam.eu\/pl\/produkt\/by-wishtrend-mandelic-acid-5-skin-prep-water-120ml\/\" \/>\n<meta property=\"og:site_name\" content=\"Skin Glam\" \/>\n<meta property=\"article:publisher\" content=\"https:\/\/www.instagram.com\/skinglam.si\" \/>\n<meta property=\"article:modified_time\" content=\"2026-04-18T14:55:59+00:00\" \/>\n<meta property=\"og:image\" content=\"https:\/\/skinglam.eu\/wp-content\/uploads\/2023\/10\/bywishtrend_mandelic_acid_skin_prep_water.jpg\" \/>\n\t<meta property=\"og:image:width\" content=\"830\" \/>\n\t<meta property=\"og:image:height\" content=\"832\" \/>\n\t<meta property=\"og:image:type\" content=\"image\/jpeg\" \/>\n<meta name=\"twitter:card\" content=\"summary_large_image\" \/>\n<meta name=\"twitter:label1\" content=\"Szacowany czas czytania\" \/>\n\t<meta name=\"twitter:data1\" content=\"1 minuta\" \/>\n<script type=\"application\/ld+json\" class=\"yoast-schema-graph\">{\"@context\":\"https:\/\/schema.org\",\"@graph\":[{\"@type\":\"WebPage\",\"@id\":\"https:\/\/skinglam.eu\/product\/by-wishtrend-mandelic-acid-5-skin-prep-water-120ml\/\",\"url\":\"https:\/\/skinglam.eu\/product\/by-wishtrend-mandelic-acid-5-skin-prep-water-120ml\/\",\"name\":\"By Wishtrend Mandelic Acid 5% Skin Prep Water 120ml - Skin Glam\",\"isPartOf\":{\"@id\":\"https:\/\/skinglam.eu\/hr\/#website\"},\"primaryImageOfPage\":{\"@id\":\"https:\/\/skinglam.eu\/product\/by-wishtrend-mandelic-acid-5-skin-prep-water-120ml\/#primaryimage\"},\"image\":{\"@id\":\"https:\/\/skinglam.eu\/product\/by-wishtrend-mandelic-acid-5-skin-prep-water-120ml\/#primaryimage\"},\"thumbnailUrl\":\"https:\/\/skinglam.eu\/wp-content\/uploads\/2023\/10\/bywishtrend_mandelic_acid_skin_prep_water.jpg\",\"datePublished\":\"2023-10-31T12:36:24+00:00\",\"dateModified\":\"2026-04-18T14:55:59+00:00\",\"breadcrumb\":{\"@id\":\"https:\/\/skinglam.eu\/product\/by-wishtrend-mandelic-acid-5-skin-prep-water-120ml\/#breadcrumb\"},\"inLanguage\":\"pl-PL\",\"potentialAction\":[{\"@type\":\"ReadAction\",\"target\":[\"https:\/\/skinglam.eu\/product\/by-wishtrend-mandelic-acid-5-skin-prep-water-120ml\/\"]}]},{\"@type\":\"ImageObject\",\"inLanguage\":\"pl-PL\",\"@id\":\"https:\/\/skinglam.eu\/product\/by-wishtrend-mandelic-acid-5-skin-prep-water-120ml\/#primaryimage\",\"url\":\"https:\/\/skinglam.eu\/wp-content\/uploads\/2023\/10\/bywishtrend_mandelic_acid_skin_prep_water.jpg\",\"contentUrl\":\"https:\/\/skinglam.eu\/wp-content\/uploads\/2023\/10\/bywishtrend_mandelic_acid_skin_prep_water.jpg\",\"width\":830,\"height\":832},{\"@type\":\"BreadcrumbList\",\"@id\":\"https:\/\/skinglam.eu\/product\/by-wishtrend-mandelic-acid-5-skin-prep-water-120ml\/#breadcrumb\",\"itemListElement\":[{\"@type\":\"ListItem\",\"position\":1,\"name\":\"Home\",\"item\":\"https:\/\/skinglam.eu\/\"},{\"@type\":\"ListItem\",\"position\":2,\"name\":\"Shop\",\"item\":\"https:\/\/skinglam.eu\/hr\/shop\/\"},{\"@type\":\"ListItem\",\"position\":3,\"name\":\"By Wishtrend Mandelic Acid 5% Skin Prep Water 120ml\"}]},{\"@type\":\"WebSite\",\"@id\":\"https:\/\/skinglam.eu\/hr\/#website\",\"url\":\"https:\/\/skinglam.eu\/hr\/\",\"name\":\"Skin Glam\",\"description\":\"K-beauty Shop\",\"publisher\":{\"@id\":\"https:\/\/skinglam.eu\/hr\/#organization\"},\"potentialAction\":[{\"@type\":\"SearchAction\",\"target\":{\"@type\":\"EntryPoint\",\"urlTemplate\":\"https:\/\/skinglam.eu\/hr\/?s={search_term_string}\"},\"query-input\":{\"@type\":\"PropertyValueSpecification\",\"valueRequired\":true,\"valueName\":\"search_term_string\"}}],\"inLanguage\":\"pl-PL\"},{\"@type\":\"Organization\",\"@id\":\"https:\/\/skinglam.eu\/hr\/#organization\",\"name\":\"SkinGlam d.o.o.\",\"url\":\"https:\/\/skinglam.eu\/hr\/\",\"logo\":{\"@type\":\"ImageObject\",\"inLanguage\":\"pl-PL\",\"@id\":\"https:\/\/skinglam.eu\/hr\/#\/schema\/logo\/image\/\",\"url\":\"https:\/\/skinglam.eu\/wp-content\/uploads\/2024\/09\/logo.jpg\",\"contentUrl\":\"https:\/\/skinglam.eu\/wp-content\/uploads\/2024\/09\/logo.jpg\",\"width\":883,\"height\":833,\"caption\":\"SkinGlam d.o.o.\"},\"image\":{\"@id\":\"https:\/\/skinglam.eu\/hr\/#\/schema\/logo\/image\/\"},\"sameAs\":[\"https:\/\/www.instagram.com\/skinglam.si\"]}]}<\/script>\n<!-- \/ Yoast SEO plugin. -->","yoast_head_json":{"title":"By Wishtrend Mandelic Acid 5% Skin Prep Water 120ml - Skin Glam","robots":{"index":"index","follow":"follow","max-snippet":"max-snippet:-1","max-image-preview":"max-image-preview:large","max-video-preview":"max-video-preview:-1"},"canonical":"https:\/\/skinglam.eu\/pl\/produkt\/by-wishtrend-mandelic-acid-5-skin-prep-water-120ml\/","og_locale":"pl_PL","og_type":"article","og_title":"By Wishtrend Mandelic Acid 5% Skin Prep Water 120ml - Skin Glam","og_description":"By Wishtrend Mandelic Acid 5% Skin Prep Water is an exfoliating treatment designed to enhance skin tone and texture, while also improving the absorption of...","og_url":"https:\/\/skinglam.eu\/pl\/produkt\/by-wishtrend-mandelic-acid-5-skin-prep-water-120ml\/","og_site_name":"Skin Glam","article_publisher":"https:\/\/www.instagram.com\/skinglam.si","article_modified_time":"2026-04-18T14:55:59+00:00","og_image":[{"width":830,"height":832,"url":"https:\/\/skinglam.eu\/wp-content\/uploads\/2023\/10\/bywishtrend_mandelic_acid_skin_prep_water.jpg","type":"image\/jpeg"}],"twitter_card":"summary_large_image","twitter_misc":{"Szacowany czas czytania":"1 minuta"},"schema":{"@context":"https:\/\/schema.org","@graph":[{"@type":"WebPage","@id":"https:\/\/skinglam.eu\/product\/by-wishtrend-mandelic-acid-5-skin-prep-water-120ml\/","url":"https:\/\/skinglam.eu\/product\/by-wishtrend-mandelic-acid-5-skin-prep-water-120ml\/","name":"By Wishtrend Mandelic Acid 5% Skin Prep Water 120ml - Skin Glam","isPartOf":{"@id":"https:\/\/skinglam.eu\/hr\/#website"},"primaryImageOfPage":{"@id":"https:\/\/skinglam.eu\/product\/by-wishtrend-mandelic-acid-5-skin-prep-water-120ml\/#primaryimage"},"image":{"@id":"https:\/\/skinglam.eu\/product\/by-wishtrend-mandelic-acid-5-skin-prep-water-120ml\/#primaryimage"},"thumbnailUrl":"https:\/\/skinglam.eu\/wp-content\/uploads\/2023\/10\/bywishtrend_mandelic_acid_skin_prep_water.jpg","datePublished":"2023-10-31T12:36:24+00:00","dateModified":"2026-04-18T14:55:59+00:00","breadcrumb":{"@id":"https:\/\/skinglam.eu\/product\/by-wishtrend-mandelic-acid-5-skin-prep-water-120ml\/#breadcrumb"},"inLanguage":"pl-PL","potentialAction":[{"@type":"ReadAction","target":["https:\/\/skinglam.eu\/product\/by-wishtrend-mandelic-acid-5-skin-prep-water-120ml\/"]}]},{"@type":"ImageObject","inLanguage":"pl-PL","@id":"https:\/\/skinglam.eu\/product\/by-wishtrend-mandelic-acid-5-skin-prep-water-120ml\/#primaryimage","url":"https:\/\/skinglam.eu\/wp-content\/uploads\/2023\/10\/bywishtrend_mandelic_acid_skin_prep_water.jpg","contentUrl":"https:\/\/skinglam.eu\/wp-content\/uploads\/2023\/10\/bywishtrend_mandelic_acid_skin_prep_water.jpg","width":830,"height":832},{"@type":"BreadcrumbList","@id":"https:\/\/skinglam.eu\/product\/by-wishtrend-mandelic-acid-5-skin-prep-water-120ml\/#breadcrumb","itemListElement":[{"@type":"ListItem","position":1,"name":"Home","item":"https:\/\/skinglam.eu\/"},{"@type":"ListItem","position":2,"name":"Shop","item":"https:\/\/skinglam.eu\/hr\/shop\/"},{"@type":"ListItem","position":3,"name":"By Wishtrend Mandelic Acid 5% Skin Prep Water 120ml"}]},{"@type":"WebSite","@id":"https:\/\/skinglam.eu\/hr\/#website","url":"https:\/\/skinglam.eu\/hr\/","name":"Skin Glam","description":"K-beauty Shop","publisher":{"@id":"https:\/\/skinglam.eu\/hr\/#organization"},"potentialAction":[{"@type":"SearchAction","target":{"@type":"EntryPoint","urlTemplate":"https:\/\/skinglam.eu\/hr\/?s={search_term_string}"},"query-input":{"@type":"PropertyValueSpecification","valueRequired":true,"valueName":"search_term_string"}}],"inLanguage":"pl-PL"},{"@type":"Organization","@id":"https:\/\/skinglam.eu\/hr\/#organization","name":"SkinGlam d.o.o.","url":"https:\/\/skinglam.eu\/hr\/","logo":{"@type":"ImageObject","inLanguage":"pl-PL","@id":"https:\/\/skinglam.eu\/hr\/#\/schema\/logo\/image\/","url":"https:\/\/skinglam.eu\/wp-content\/uploads\/2024\/09\/logo.jpg","contentUrl":"https:\/\/skinglam.eu\/wp-content\/uploads\/2024\/09\/logo.jpg","width":883,"height":833,"caption":"SkinGlam d.o.o."},"image":{"@id":"https:\/\/skinglam.eu\/hr\/#\/schema\/logo\/image\/"},"sameAs":["https:\/\/www.instagram.com\/skinglam.si"]}]}},"_links":{"self":[{"href":"https:\/\/skinglam.eu\/pl\/wp-json\/wp\/v2\/product\/2900","targetHints":{"allow":["GET"]}}],"collection":[{"href":"https:\/\/skinglam.eu\/pl\/wp-json\/wp\/v2\/product"}],"about":[{"href":"https:\/\/skinglam.eu\/pl\/wp-json\/wp\/v2\/types\/product"}],"replies":[{"embeddable":true,"href":"https:\/\/skinglam.eu\/pl\/wp-json\/wp\/v2\/comments?post=2900"}],"version-history":[{"count":2,"href":"https:\/\/skinglam.eu\/pl\/wp-json\/wp\/v2\/product\/2900\/revisions"}],"predecessor-version":[{"id":3836,"href":"https:\/\/skinglam.eu\/pl\/wp-json\/wp\/v2\/product\/2900\/revisions\/3836"}],"wp:featuredmedia":[{"embeddable":true,"href":"https:\/\/skinglam.eu\/pl\/wp-json\/wp\/v2\/media\/4368"}],"wp:attachment":[{"href":"https:\/\/skinglam.eu\/pl\/wp-json\/wp\/v2\/media?parent=2900"}],"wp:term":[{"taxonomy":"brand","embeddable":true,"href":"https:\/\/skinglam.eu\/pl\/wp-json\/wp\/v2\/etheme_brands?post=2900"},{"taxonomy":"product_cat","embeddable":true,"href":"https:\/\/skinglam.eu\/pl\/wp-json\/wp\/v2\/product_cat?post=2900"},{"taxonomy":"product_tag","embeddable":true,"href":"https:\/\/skinglam.eu\/pl\/wp-json\/wp\/v2\/product_tag?post=2900"}],"curies":[{"name":"wp","href":"https:\/\/api.w.org\/{rel}","templated":true}]}}