{"id":3016,"date":"2023-10-31T14:13:31","date_gmt":"2023-10-31T14:13:31","guid":{"rendered":"https:\/\/skinglam.si\/?post_type=product&#038;p=3016"},"modified":"2026-04-18T13:55:39","modified_gmt":"2026-04-18T13:55:39","slug":"missha-airy-fit-sheet-mask-honey-19g","status":"publish","type":"product","link":"https:\/\/skinglam.eu\/pl\/produkt\/missha-airy-fit-sheet-mask-honey-19g\/","title":{"rendered":"MISSHA Airy Fit Sheet Mask Honey 19g"},"content":{"rendered":"<p>Missha Airy Fit Sheet Mask Honey to maska w p\u0142achcie, kt\u00f3ra idealnie nadaje si\u0119 do uzyskania mi\u0119kkiej i \u015bwie\u017cej sk\u00f3ry. Ekstrakt na bazie miodu dostarcza niezb\u0119dnych minera\u0142\u00f3w i aminokwas\u00f3w, dzi\u0119ki czemu idealnie nadaje si\u0119 do piel\u0119gnacji szorstkiej lub suchej sk\u00f3ry.<br \/>\nW ci\u0105gu zaledwie kilku minut Twoja sk\u00f3ra b\u0119dzie wygl\u0105da\u0107 promiennie. Dzi\u0119ki ultracienkiej konstrukcji \u015bci\u015ble przylega do sk\u00f3ry, zapewniaj\u0105c g\u0142\u0119bokie wnikanie sk\u0142adnik\u00f3w aktywnych w celu intensywnej piel\u0119gnacji.<br \/>\nMaska g\u0142\u0119boko od\u017cywia sk\u00f3r\u0119, zapewniaj\u0105c intensywne nawil\u017cenie i promienny efekt, dzi\u0119ki czemu sk\u00f3ra staje si\u0119 zdrowsza i bardziej promienna.<\/p>\n<p>*Powy\u017csze opisy sk\u0142adnik\u00f3w ograniczaj\u0105 si\u0119 do charakterystyki surowc\u00f3w.<\/p>","protected":false},"excerpt":{"rendered":"<p>The Missha Airy Fit Sheet Mask Honey is a sheet mask that&#8217;s perfect for achieving soft and fresh skin. Its honey-based extract supplies essential minerals&#8230;<\/p>","protected":false},"featured_media":3017,"comment_status":"open","ping_status":"closed","template":"","meta":{"_monsterinsights_skip_tracking":false,"_monsterinsights_sitenote_active":false,"_monsterinsights_sitenote_note":"","_monsterinsights_sitenote_category":0,"_uf_show_specific_survey":0,"_uf_disable_surveys":false},"etheme_brands":[],"product_cat":[135,139,140,141,70],"product_tag":[],"class_list":{"0":"post-3016","1":"product","2":"type-product","3":"status-publish","4":"has-post-thumbnail","6":"product_cat-anti-aging","7":"product_cat-dry","8":"product_cat-dryness","9":"product_cat-normal","10":"product_cat-masks","12":"first","13":"outofstock","14":"shipping-taxable","15":"purchasable","16":"product-type-simple"},"yoast_head":"<!-- This site is optimized with the Yoast SEO plugin v24.3 - https:\/\/yoast.com\/wordpress\/plugins\/seo\/ -->\n<title>MISSHA Airy Fit Sheet Mask Honey 19g - Skin Glam<\/title>\n<meta name=\"robots\" content=\"index, follow, max-snippet:-1, max-image-preview:large, max-video-preview:-1\" \/>\n<link rel=\"canonical\" href=\"https:\/\/skinglam.eu\/pl\/produkt\/missha-airy-fit-sheet-mask-honey-19g\/\" \/>\n<meta property=\"og:locale\" content=\"pl_PL\" \/>\n<meta property=\"og:type\" content=\"article\" \/>\n<meta property=\"og:title\" content=\"MISSHA Airy Fit Sheet Mask Honey 19g - Skin Glam\" \/>\n<meta property=\"og:description\" content=\"The Missha Airy Fit Sheet Mask Honey is a sheet mask that&#8217;s perfect for achieving soft and fresh skin. Its honey-based extract supplies essential minerals...\" \/>\n<meta property=\"og:url\" content=\"https:\/\/skinglam.eu\/pl\/produkt\/missha-airy-fit-sheet-mask-honey-19g\/\" \/>\n<meta property=\"og:site_name\" content=\"Skin Glam\" \/>\n<meta property=\"article:publisher\" content=\"https:\/\/www.instagram.com\/skinglam.si\" \/>\n<meta property=\"article:modified_time\" content=\"2026-04-18T13:55:39+00:00\" \/>\n<meta property=\"og:image\" content=\"https:\/\/skinglam.eu\/wp-content\/uploads\/2023\/10\/honery.jpg\" \/>\n\t<meta property=\"og:image:width\" content=\"1000\" \/>\n\t<meta property=\"og:image:height\" content=\"1000\" \/>\n\t<meta property=\"og:image:type\" content=\"image\/jpeg\" \/>\n<meta name=\"twitter:card\" content=\"summary_large_image\" \/>\n<meta name=\"twitter:label1\" content=\"Szacowany czas czytania\" \/>\n\t<meta name=\"twitter:data1\" content=\"1 minuta\" \/>\n<script type=\"application\/ld+json\" class=\"yoast-schema-graph\">{\"@context\":\"https:\/\/schema.org\",\"@graph\":[{\"@type\":\"WebPage\",\"@id\":\"https:\/\/skinglam.eu\/product\/missha-airy-fit-sheet-mask-honey-19g\/\",\"url\":\"https:\/\/skinglam.eu\/product\/missha-airy-fit-sheet-mask-honey-19g\/\",\"name\":\"MISSHA Airy Fit Sheet Mask Honey 19g - Skin Glam\",\"isPartOf\":{\"@id\":\"https:\/\/skinglam.eu\/hr\/#website\"},\"primaryImageOfPage\":{\"@id\":\"https:\/\/skinglam.eu\/product\/missha-airy-fit-sheet-mask-honey-19g\/#primaryimage\"},\"image\":{\"@id\":\"https:\/\/skinglam.eu\/product\/missha-airy-fit-sheet-mask-honey-19g\/#primaryimage\"},\"thumbnailUrl\":\"https:\/\/skinglam.eu\/wp-content\/uploads\/2023\/10\/honery.jpg\",\"datePublished\":\"2023-10-31T14:13:31+00:00\",\"dateModified\":\"2026-04-18T13:55:39+00:00\",\"breadcrumb\":{\"@id\":\"https:\/\/skinglam.eu\/product\/missha-airy-fit-sheet-mask-honey-19g\/#breadcrumb\"},\"inLanguage\":\"pl-PL\",\"potentialAction\":[{\"@type\":\"ReadAction\",\"target\":[\"https:\/\/skinglam.eu\/product\/missha-airy-fit-sheet-mask-honey-19g\/\"]}]},{\"@type\":\"ImageObject\",\"inLanguage\":\"pl-PL\",\"@id\":\"https:\/\/skinglam.eu\/product\/missha-airy-fit-sheet-mask-honey-19g\/#primaryimage\",\"url\":\"https:\/\/skinglam.eu\/wp-content\/uploads\/2023\/10\/honery.jpg\",\"contentUrl\":\"https:\/\/skinglam.eu\/wp-content\/uploads\/2023\/10\/honery.jpg\",\"width\":1000,\"height\":1000},{\"@type\":\"BreadcrumbList\",\"@id\":\"https:\/\/skinglam.eu\/product\/missha-airy-fit-sheet-mask-honey-19g\/#breadcrumb\",\"itemListElement\":[{\"@type\":\"ListItem\",\"position\":1,\"name\":\"Home\",\"item\":\"https:\/\/skinglam.eu\/\"},{\"@type\":\"ListItem\",\"position\":2,\"name\":\"Shop\",\"item\":\"https:\/\/skinglam.eu\/hr\/shop\/\"},{\"@type\":\"ListItem\",\"position\":3,\"name\":\"MISSHA Airy Fit Sheet Mask Honey 19g\"}]},{\"@type\":\"WebSite\",\"@id\":\"https:\/\/skinglam.eu\/hr\/#website\",\"url\":\"https:\/\/skinglam.eu\/hr\/\",\"name\":\"Skin Glam\",\"description\":\"K-beauty Shop\",\"publisher\":{\"@id\":\"https:\/\/skinglam.eu\/hr\/#organization\"},\"potentialAction\":[{\"@type\":\"SearchAction\",\"target\":{\"@type\":\"EntryPoint\",\"urlTemplate\":\"https:\/\/skinglam.eu\/hr\/?s={search_term_string}\"},\"query-input\":{\"@type\":\"PropertyValueSpecification\",\"valueRequired\":true,\"valueName\":\"search_term_string\"}}],\"inLanguage\":\"pl-PL\"},{\"@type\":\"Organization\",\"@id\":\"https:\/\/skinglam.eu\/hr\/#organization\",\"name\":\"SkinGlam d.o.o.\",\"url\":\"https:\/\/skinglam.eu\/hr\/\",\"logo\":{\"@type\":\"ImageObject\",\"inLanguage\":\"pl-PL\",\"@id\":\"https:\/\/skinglam.eu\/hr\/#\/schema\/logo\/image\/\",\"url\":\"https:\/\/skinglam.eu\/wp-content\/uploads\/2024\/09\/logo.jpg\",\"contentUrl\":\"https:\/\/skinglam.eu\/wp-content\/uploads\/2024\/09\/logo.jpg\",\"width\":883,\"height\":833,\"caption\":\"SkinGlam d.o.o.\"},\"image\":{\"@id\":\"https:\/\/skinglam.eu\/hr\/#\/schema\/logo\/image\/\"},\"sameAs\":[\"https:\/\/www.instagram.com\/skinglam.si\"]}]}<\/script>\n<!-- \/ Yoast SEO plugin. -->","yoast_head_json":{"title":"MISSHA Airy Fit Sheet Mask Honey 19g - Skin Glam","robots":{"index":"index","follow":"follow","max-snippet":"max-snippet:-1","max-image-preview":"max-image-preview:large","max-video-preview":"max-video-preview:-1"},"canonical":"https:\/\/skinglam.eu\/pl\/produkt\/missha-airy-fit-sheet-mask-honey-19g\/","og_locale":"pl_PL","og_type":"article","og_title":"MISSHA Airy Fit Sheet Mask Honey 19g - Skin Glam","og_description":"The Missha Airy Fit Sheet Mask Honey is a sheet mask that&#8217;s perfect for achieving soft and fresh skin. Its honey-based extract supplies essential minerals...","og_url":"https:\/\/skinglam.eu\/pl\/produkt\/missha-airy-fit-sheet-mask-honey-19g\/","og_site_name":"Skin Glam","article_publisher":"https:\/\/www.instagram.com\/skinglam.si","article_modified_time":"2026-04-18T13:55:39+00:00","og_image":[{"width":1000,"height":1000,"url":"https:\/\/skinglam.eu\/wp-content\/uploads\/2023\/10\/honery.jpg","type":"image\/jpeg"}],"twitter_card":"summary_large_image","twitter_misc":{"Szacowany czas czytania":"1 minuta"},"schema":{"@context":"https:\/\/schema.org","@graph":[{"@type":"WebPage","@id":"https:\/\/skinglam.eu\/product\/missha-airy-fit-sheet-mask-honey-19g\/","url":"https:\/\/skinglam.eu\/product\/missha-airy-fit-sheet-mask-honey-19g\/","name":"MISSHA Airy Fit Sheet Mask Honey 19g - Skin Glam","isPartOf":{"@id":"https:\/\/skinglam.eu\/hr\/#website"},"primaryImageOfPage":{"@id":"https:\/\/skinglam.eu\/product\/missha-airy-fit-sheet-mask-honey-19g\/#primaryimage"},"image":{"@id":"https:\/\/skinglam.eu\/product\/missha-airy-fit-sheet-mask-honey-19g\/#primaryimage"},"thumbnailUrl":"https:\/\/skinglam.eu\/wp-content\/uploads\/2023\/10\/honery.jpg","datePublished":"2023-10-31T14:13:31+00:00","dateModified":"2026-04-18T13:55:39+00:00","breadcrumb":{"@id":"https:\/\/skinglam.eu\/product\/missha-airy-fit-sheet-mask-honey-19g\/#breadcrumb"},"inLanguage":"pl-PL","potentialAction":[{"@type":"ReadAction","target":["https:\/\/skinglam.eu\/product\/missha-airy-fit-sheet-mask-honey-19g\/"]}]},{"@type":"ImageObject","inLanguage":"pl-PL","@id":"https:\/\/skinglam.eu\/product\/missha-airy-fit-sheet-mask-honey-19g\/#primaryimage","url":"https:\/\/skinglam.eu\/wp-content\/uploads\/2023\/10\/honery.jpg","contentUrl":"https:\/\/skinglam.eu\/wp-content\/uploads\/2023\/10\/honery.jpg","width":1000,"height":1000},{"@type":"BreadcrumbList","@id":"https:\/\/skinglam.eu\/product\/missha-airy-fit-sheet-mask-honey-19g\/#breadcrumb","itemListElement":[{"@type":"ListItem","position":1,"name":"Home","item":"https:\/\/skinglam.eu\/"},{"@type":"ListItem","position":2,"name":"Shop","item":"https:\/\/skinglam.eu\/hr\/shop\/"},{"@type":"ListItem","position":3,"name":"MISSHA Airy Fit Sheet Mask Honey 19g"}]},{"@type":"WebSite","@id":"https:\/\/skinglam.eu\/hr\/#website","url":"https:\/\/skinglam.eu\/hr\/","name":"Skin Glam","description":"K-beauty Shop","publisher":{"@id":"https:\/\/skinglam.eu\/hr\/#organization"},"potentialAction":[{"@type":"SearchAction","target":{"@type":"EntryPoint","urlTemplate":"https:\/\/skinglam.eu\/hr\/?s={search_term_string}"},"query-input":{"@type":"PropertyValueSpecification","valueRequired":true,"valueName":"search_term_string"}}],"inLanguage":"pl-PL"},{"@type":"Organization","@id":"https:\/\/skinglam.eu\/hr\/#organization","name":"SkinGlam d.o.o.","url":"https:\/\/skinglam.eu\/hr\/","logo":{"@type":"ImageObject","inLanguage":"pl-PL","@id":"https:\/\/skinglam.eu\/hr\/#\/schema\/logo\/image\/","url":"https:\/\/skinglam.eu\/wp-content\/uploads\/2024\/09\/logo.jpg","contentUrl":"https:\/\/skinglam.eu\/wp-content\/uploads\/2024\/09\/logo.jpg","width":883,"height":833,"caption":"SkinGlam d.o.o."},"image":{"@id":"https:\/\/skinglam.eu\/hr\/#\/schema\/logo\/image\/"},"sameAs":["https:\/\/www.instagram.com\/skinglam.si"]}]}},"_links":{"self":[{"href":"https:\/\/skinglam.eu\/pl\/wp-json\/wp\/v2\/product\/3016","targetHints":{"allow":["GET"]}}],"collection":[{"href":"https:\/\/skinglam.eu\/pl\/wp-json\/wp\/v2\/product"}],"about":[{"href":"https:\/\/skinglam.eu\/pl\/wp-json\/wp\/v2\/types\/product"}],"replies":[{"embeddable":true,"href":"https:\/\/skinglam.eu\/pl\/wp-json\/wp\/v2\/comments?post=3016"}],"version-history":[{"count":1,"href":"https:\/\/skinglam.eu\/pl\/wp-json\/wp\/v2\/product\/3016\/revisions"}],"predecessor-version":[{"id":3018,"href":"https:\/\/skinglam.eu\/pl\/wp-json\/wp\/v2\/product\/3016\/revisions\/3018"}],"wp:featuredmedia":[{"embeddable":true,"href":"https:\/\/skinglam.eu\/pl\/wp-json\/wp\/v2\/media\/3017"}],"wp:attachment":[{"href":"https:\/\/skinglam.eu\/pl\/wp-json\/wp\/v2\/media?parent=3016"}],"wp:term":[{"taxonomy":"brand","embeddable":true,"href":"https:\/\/skinglam.eu\/pl\/wp-json\/wp\/v2\/etheme_brands?post=3016"},{"taxonomy":"product_cat","embeddable":true,"href":"https:\/\/skinglam.eu\/pl\/wp-json\/wp\/v2\/product_cat?post=3016"},{"taxonomy":"product_tag","embeddable":true,"href":"https:\/\/skinglam.eu\/pl\/wp-json\/wp\/v2\/product_tag?post=3016"}],"curies":[{"name":"wp","href":"https:\/\/api.w.org\/{rel}","templated":true}]}}