{"id":3040,"date":"2023-10-31T15:05:31","date_gmt":"2023-10-31T15:05:31","guid":{"rendered":"https:\/\/skinglam.si\/?post_type=product&#038;p=3040"},"modified":"2026-04-18T12:25:38","modified_gmt":"2026-04-18T12:25:38","slug":"numbuzin-no-3-radiance-glowing-jumbo-essence-pad-150ml-70ea","status":"publish","type":"product","link":"https:\/\/skinglam.eu\/pl\/produkt\/numbuzin-no-3-radiance-glowing-jumbo-essence-pad-150ml-70ea\/","title":{"rendered":"Numbuzin No.3 Radiance Glowing Jumbo Essence Pad 150ml (70ea)"},"content":{"rendered":"<p>Numbuzin No.3 Radiance Glowing Jumbo Essence Pad jest wzbogacony mieszank\u0105 50 od\u017cywczych sfermentowanych sk\u0142adnik\u00f3w, w tym ekstrakt\u00f3w z fermentacji soi i winogron.<\/p>\n<p>Ten innowacyjny p\u0142atek tonera zosta\u0142 starannie zaprojektowany, aby nada\u0107 sk\u00f3rze promienny blask. Dodatkowo zawiera adenozyn\u0119 i niacynamid, kt\u00f3re harmonijnie dzia\u0142aj\u0105, aby zwalczy\u0107 matowo\u015b\u0107 i zapewni\u0107 bardziej \u015bwietlist\u0105, r\u00f3wnomiern\u0105 cer\u0119, a tak\u017ce hialuronian sodu, kt\u00f3ry zatrzymuje wilgo\u0107, pozostawiaj\u0105c sk\u00f3r\u0119 dok\u0142adnie nawil\u017con\u0105 i o\u017cywion\u0105.<\/p>\n<p>Wykonany z mi\u0119kkiego, delikatnego materia\u0142u, ten du\u017cy p\u0142atek z esencj\u0105 nie tylko piel\u0119gnuje sk\u00f3r\u0119, ale tak\u017ce u\u0142atwia na\u0142o\u017cenie od\u017cywczej esencji g\u0142\u0119boko w pory.<\/p>\n<p>Jego du\u017cy rozmiar sprawia, \u017ce jest wygodnym i szybkim dodatkiem do codziennej piel\u0119gnacji sk\u00f3ry.<\/p>\n<p>&nbsp;<\/p>\n<p>*Powy\u017csze opisy sk\u0142adnik\u00f3w ograniczaj\u0105 si\u0119 do charakterystyki surowc\u00f3w.<\/p>","protected":false},"excerpt":{"rendered":"<p>The Numbuzin No.3 Radiance Glowing Jumbo Essence Pad is enriched with a blend of 50 nourishing fermented components, which include extracts from soybean fermentation and&#8230;<\/p>","protected":false},"featured_media":3041,"comment_status":"open","ping_status":"closed","template":"","meta":{"_monsterinsights_skip_tracking":false,"_monsterinsights_sitenote_active":false,"_monsterinsights_sitenote_note":"","_monsterinsights_sitenote_category":0,"_uf_show_specific_survey":0,"_uf_disable_surveys":false},"etheme_brands":[],"product_cat":[139,141,65],"product_tag":[],"class_list":{"0":"post-3040","1":"product","2":"type-product","3":"status-publish","4":"has-post-thumbnail","6":"product_cat-dry","7":"product_cat-normal","8":"product_cat-toners-essences","10":"first","11":"instock","12":"sale","13":"shipping-taxable","14":"purchasable","15":"product-type-simple"},"yoast_head":"<!-- This site is optimized with the Yoast SEO plugin v24.3 - https:\/\/yoast.com\/wordpress\/plugins\/seo\/ -->\n<title>Numbuzin No.3 Radiance Glowing Jumbo Essence Pad 150ml (70ea) - Skin Glam<\/title>\n<meta name=\"robots\" content=\"index, follow, max-snippet:-1, max-image-preview:large, max-video-preview:-1\" \/>\n<link rel=\"canonical\" href=\"https:\/\/skinglam.eu\/pl\/produkt\/numbuzin-no-3-radiance-glowing-jumbo-essence-pad-150ml-70ea\/\" \/>\n<meta property=\"og:locale\" content=\"pl_PL\" \/>\n<meta property=\"og:type\" content=\"article\" \/>\n<meta property=\"og:title\" content=\"Numbuzin No.3 Radiance Glowing Jumbo Essence Pad 150ml (70ea) - Skin Glam\" \/>\n<meta property=\"og:description\" content=\"The Numbuzin No.3 Radiance Glowing Jumbo Essence Pad is enriched with a blend of 50 nourishing fermented components, which include extracts from soybean fermentation and...\" \/>\n<meta property=\"og:url\" content=\"https:\/\/skinglam.eu\/pl\/produkt\/numbuzin-no-3-radiance-glowing-jumbo-essence-pad-150ml-70ea\/\" \/>\n<meta property=\"og:site_name\" content=\"Skin Glam\" \/>\n<meta property=\"article:publisher\" content=\"https:\/\/www.instagram.com\/skinglam.si\" \/>\n<meta property=\"article:modified_time\" content=\"2026-04-18T12:25:38+00:00\" \/>\n<meta property=\"og:image\" content=\"https:\/\/skinglam.eu\/wp-content\/uploads\/2023\/10\/3-maska.jpg\" \/>\n\t<meta property=\"og:image:width\" content=\"1000\" \/>\n\t<meta property=\"og:image:height\" content=\"1000\" \/>\n\t<meta property=\"og:image:type\" content=\"image\/jpeg\" \/>\n<meta name=\"twitter:card\" content=\"summary_large_image\" \/>\n<meta name=\"twitter:label1\" content=\"Szacowany czas czytania\" \/>\n\t<meta name=\"twitter:data1\" content=\"1 minuta\" \/>\n<script type=\"application\/ld+json\" class=\"yoast-schema-graph\">{\"@context\":\"https:\/\/schema.org\",\"@graph\":[{\"@type\":\"WebPage\",\"@id\":\"https:\/\/skinglam.eu\/product\/numbuzin-no-3-radiance-glowing-jumbo-essence-pad-150ml-70ea\/\",\"url\":\"https:\/\/skinglam.eu\/product\/numbuzin-no-3-radiance-glowing-jumbo-essence-pad-150ml-70ea\/\",\"name\":\"Numbuzin No.3 Radiance Glowing Jumbo Essence Pad 150ml (70ea) - Skin Glam\",\"isPartOf\":{\"@id\":\"https:\/\/skinglam.eu\/hr\/#website\"},\"primaryImageOfPage\":{\"@id\":\"https:\/\/skinglam.eu\/product\/numbuzin-no-3-radiance-glowing-jumbo-essence-pad-150ml-70ea\/#primaryimage\"},\"image\":{\"@id\":\"https:\/\/skinglam.eu\/product\/numbuzin-no-3-radiance-glowing-jumbo-essence-pad-150ml-70ea\/#primaryimage\"},\"thumbnailUrl\":\"https:\/\/skinglam.eu\/wp-content\/uploads\/2023\/10\/3-maska.jpg\",\"datePublished\":\"2023-10-31T15:05:31+00:00\",\"dateModified\":\"2026-04-18T12:25:38+00:00\",\"breadcrumb\":{\"@id\":\"https:\/\/skinglam.eu\/product\/numbuzin-no-3-radiance-glowing-jumbo-essence-pad-150ml-70ea\/#breadcrumb\"},\"inLanguage\":\"pl-PL\",\"potentialAction\":[{\"@type\":\"ReadAction\",\"target\":[\"https:\/\/skinglam.eu\/product\/numbuzin-no-3-radiance-glowing-jumbo-essence-pad-150ml-70ea\/\"]}]},{\"@type\":\"ImageObject\",\"inLanguage\":\"pl-PL\",\"@id\":\"https:\/\/skinglam.eu\/product\/numbuzin-no-3-radiance-glowing-jumbo-essence-pad-150ml-70ea\/#primaryimage\",\"url\":\"https:\/\/skinglam.eu\/wp-content\/uploads\/2023\/10\/3-maska.jpg\",\"contentUrl\":\"https:\/\/skinglam.eu\/wp-content\/uploads\/2023\/10\/3-maska.jpg\",\"width\":1000,\"height\":1000},{\"@type\":\"BreadcrumbList\",\"@id\":\"https:\/\/skinglam.eu\/product\/numbuzin-no-3-radiance-glowing-jumbo-essence-pad-150ml-70ea\/#breadcrumb\",\"itemListElement\":[{\"@type\":\"ListItem\",\"position\":1,\"name\":\"Home\",\"item\":\"https:\/\/skinglam.eu\/\"},{\"@type\":\"ListItem\",\"position\":2,\"name\":\"Shop\",\"item\":\"https:\/\/skinglam.eu\/hr\/shop\/\"},{\"@type\":\"ListItem\",\"position\":3,\"name\":\"Numbuzin No.3 Radiance Glowing Jumbo Essence Pad 150ml (70ea)\"}]},{\"@type\":\"WebSite\",\"@id\":\"https:\/\/skinglam.eu\/hr\/#website\",\"url\":\"https:\/\/skinglam.eu\/hr\/\",\"name\":\"Skin Glam\",\"description\":\"K-beauty Shop\",\"publisher\":{\"@id\":\"https:\/\/skinglam.eu\/hr\/#organization\"},\"potentialAction\":[{\"@type\":\"SearchAction\",\"target\":{\"@type\":\"EntryPoint\",\"urlTemplate\":\"https:\/\/skinglam.eu\/hr\/?s={search_term_string}\"},\"query-input\":{\"@type\":\"PropertyValueSpecification\",\"valueRequired\":true,\"valueName\":\"search_term_string\"}}],\"inLanguage\":\"pl-PL\"},{\"@type\":\"Organization\",\"@id\":\"https:\/\/skinglam.eu\/hr\/#organization\",\"name\":\"SkinGlam d.o.o.\",\"url\":\"https:\/\/skinglam.eu\/hr\/\",\"logo\":{\"@type\":\"ImageObject\",\"inLanguage\":\"pl-PL\",\"@id\":\"https:\/\/skinglam.eu\/hr\/#\/schema\/logo\/image\/\",\"url\":\"https:\/\/skinglam.eu\/wp-content\/uploads\/2024\/09\/logo.jpg\",\"contentUrl\":\"https:\/\/skinglam.eu\/wp-content\/uploads\/2024\/09\/logo.jpg\",\"width\":883,\"height\":833,\"caption\":\"SkinGlam d.o.o.\"},\"image\":{\"@id\":\"https:\/\/skinglam.eu\/hr\/#\/schema\/logo\/image\/\"},\"sameAs\":[\"https:\/\/www.instagram.com\/skinglam.si\"]}]}<\/script>\n<!-- \/ Yoast SEO plugin. -->","yoast_head_json":{"title":"Numbuzin No.3 Radiance Glowing Jumbo Essence Pad 150ml (70ea) - Skin Glam","robots":{"index":"index","follow":"follow","max-snippet":"max-snippet:-1","max-image-preview":"max-image-preview:large","max-video-preview":"max-video-preview:-1"},"canonical":"https:\/\/skinglam.eu\/pl\/produkt\/numbuzin-no-3-radiance-glowing-jumbo-essence-pad-150ml-70ea\/","og_locale":"pl_PL","og_type":"article","og_title":"Numbuzin No.3 Radiance Glowing Jumbo Essence Pad 150ml (70ea) - Skin Glam","og_description":"The Numbuzin No.3 Radiance Glowing Jumbo Essence Pad is enriched with a blend of 50 nourishing fermented components, which include extracts from soybean fermentation and...","og_url":"https:\/\/skinglam.eu\/pl\/produkt\/numbuzin-no-3-radiance-glowing-jumbo-essence-pad-150ml-70ea\/","og_site_name":"Skin Glam","article_publisher":"https:\/\/www.instagram.com\/skinglam.si","article_modified_time":"2026-04-18T12:25:38+00:00","og_image":[{"width":1000,"height":1000,"url":"https:\/\/skinglam.eu\/wp-content\/uploads\/2023\/10\/3-maska.jpg","type":"image\/jpeg"}],"twitter_card":"summary_large_image","twitter_misc":{"Szacowany czas czytania":"1 minuta"},"schema":{"@context":"https:\/\/schema.org","@graph":[{"@type":"WebPage","@id":"https:\/\/skinglam.eu\/product\/numbuzin-no-3-radiance-glowing-jumbo-essence-pad-150ml-70ea\/","url":"https:\/\/skinglam.eu\/product\/numbuzin-no-3-radiance-glowing-jumbo-essence-pad-150ml-70ea\/","name":"Numbuzin No.3 Radiance Glowing Jumbo Essence Pad 150ml (70ea) - Skin Glam","isPartOf":{"@id":"https:\/\/skinglam.eu\/hr\/#website"},"primaryImageOfPage":{"@id":"https:\/\/skinglam.eu\/product\/numbuzin-no-3-radiance-glowing-jumbo-essence-pad-150ml-70ea\/#primaryimage"},"image":{"@id":"https:\/\/skinglam.eu\/product\/numbuzin-no-3-radiance-glowing-jumbo-essence-pad-150ml-70ea\/#primaryimage"},"thumbnailUrl":"https:\/\/skinglam.eu\/wp-content\/uploads\/2023\/10\/3-maska.jpg","datePublished":"2023-10-31T15:05:31+00:00","dateModified":"2026-04-18T12:25:38+00:00","breadcrumb":{"@id":"https:\/\/skinglam.eu\/product\/numbuzin-no-3-radiance-glowing-jumbo-essence-pad-150ml-70ea\/#breadcrumb"},"inLanguage":"pl-PL","potentialAction":[{"@type":"ReadAction","target":["https:\/\/skinglam.eu\/product\/numbuzin-no-3-radiance-glowing-jumbo-essence-pad-150ml-70ea\/"]}]},{"@type":"ImageObject","inLanguage":"pl-PL","@id":"https:\/\/skinglam.eu\/product\/numbuzin-no-3-radiance-glowing-jumbo-essence-pad-150ml-70ea\/#primaryimage","url":"https:\/\/skinglam.eu\/wp-content\/uploads\/2023\/10\/3-maska.jpg","contentUrl":"https:\/\/skinglam.eu\/wp-content\/uploads\/2023\/10\/3-maska.jpg","width":1000,"height":1000},{"@type":"BreadcrumbList","@id":"https:\/\/skinglam.eu\/product\/numbuzin-no-3-radiance-glowing-jumbo-essence-pad-150ml-70ea\/#breadcrumb","itemListElement":[{"@type":"ListItem","position":1,"name":"Home","item":"https:\/\/skinglam.eu\/"},{"@type":"ListItem","position":2,"name":"Shop","item":"https:\/\/skinglam.eu\/hr\/shop\/"},{"@type":"ListItem","position":3,"name":"Numbuzin No.3 Radiance Glowing Jumbo Essence Pad 150ml (70ea)"}]},{"@type":"WebSite","@id":"https:\/\/skinglam.eu\/hr\/#website","url":"https:\/\/skinglam.eu\/hr\/","name":"Skin Glam","description":"K-beauty Shop","publisher":{"@id":"https:\/\/skinglam.eu\/hr\/#organization"},"potentialAction":[{"@type":"SearchAction","target":{"@type":"EntryPoint","urlTemplate":"https:\/\/skinglam.eu\/hr\/?s={search_term_string}"},"query-input":{"@type":"PropertyValueSpecification","valueRequired":true,"valueName":"search_term_string"}}],"inLanguage":"pl-PL"},{"@type":"Organization","@id":"https:\/\/skinglam.eu\/hr\/#organization","name":"SkinGlam d.o.o.","url":"https:\/\/skinglam.eu\/hr\/","logo":{"@type":"ImageObject","inLanguage":"pl-PL","@id":"https:\/\/skinglam.eu\/hr\/#\/schema\/logo\/image\/","url":"https:\/\/skinglam.eu\/wp-content\/uploads\/2024\/09\/logo.jpg","contentUrl":"https:\/\/skinglam.eu\/wp-content\/uploads\/2024\/09\/logo.jpg","width":883,"height":833,"caption":"SkinGlam d.o.o."},"image":{"@id":"https:\/\/skinglam.eu\/hr\/#\/schema\/logo\/image\/"},"sameAs":["https:\/\/www.instagram.com\/skinglam.si"]}]}},"_links":{"self":[{"href":"https:\/\/skinglam.eu\/pl\/wp-json\/wp\/v2\/product\/3040","targetHints":{"allow":["GET"]}}],"collection":[{"href":"https:\/\/skinglam.eu\/pl\/wp-json\/wp\/v2\/product"}],"about":[{"href":"https:\/\/skinglam.eu\/pl\/wp-json\/wp\/v2\/types\/product"}],"replies":[{"embeddable":true,"href":"https:\/\/skinglam.eu\/pl\/wp-json\/wp\/v2\/comments?post=3040"}],"version-history":[{"count":1,"href":"https:\/\/skinglam.eu\/pl\/wp-json\/wp\/v2\/product\/3040\/revisions"}],"predecessor-version":[{"id":3042,"href":"https:\/\/skinglam.eu\/pl\/wp-json\/wp\/v2\/product\/3040\/revisions\/3042"}],"wp:featuredmedia":[{"embeddable":true,"href":"https:\/\/skinglam.eu\/pl\/wp-json\/wp\/v2\/media\/3041"}],"wp:attachment":[{"href":"https:\/\/skinglam.eu\/pl\/wp-json\/wp\/v2\/media?parent=3040"}],"wp:term":[{"taxonomy":"brand","embeddable":true,"href":"https:\/\/skinglam.eu\/pl\/wp-json\/wp\/v2\/etheme_brands?post=3040"},{"taxonomy":"product_cat","embeddable":true,"href":"https:\/\/skinglam.eu\/pl\/wp-json\/wp\/v2\/product_cat?post=3040"},{"taxonomy":"product_tag","embeddable":true,"href":"https:\/\/skinglam.eu\/pl\/wp-json\/wp\/v2\/product_tag?post=3040"}],"curies":[{"name":"wp","href":"https:\/\/api.w.org\/{rel}","templated":true}]}}