{"id":3067,"date":"2023-10-31T15:22:37","date_gmt":"2023-10-31T15:22:37","guid":{"rendered":"https:\/\/skinglam.si\/?post_type=product&#038;p=3067"},"modified":"2026-04-18T23:25:49","modified_gmt":"2026-04-18T23:25:49","slug":"some-by-mi-clear-spot-patch-18pcs","status":"publish","type":"product","link":"https:\/\/skinglam.eu\/pl\/produkt\/some-by-mi-clear-spot-patch-18pcs\/","title":{"rendered":"SOME BY MI Clear Spot Patch 18pcs"},"content":{"rendered":"<p>Przedstawiamy plastry Clear Spot Patch z wielokrotnie nagradzanej linii 30 Days Miracle Skincare firmy SOME BY MI, zaprojektowanej przez ekspert\u00f3w od tr\u0105dziku. Te plastry s\u0105 wygodnym rozwi\u0105zaniem na niespodziewane pryszcze, kt\u00f3re pojawiaj\u0105 si\u0119 tu\u017c przed wa\u017cnym dniem. Mo\u017cesz zaufa\u0107 tym plastrom hydrokoloidowym, \u017ce zadzia\u0142aj\u0105 magicznie i sp\u0142aszcz\u0105 pryszcze bez konieczno\u015bci wyciskania pryszczy.<\/p>\n<p>Hydrokoloid to ultracienki materia\u0142, kt\u00f3ry dzia\u0142a jak bariera ochronna dla pryszczy, chroni\u0105c je przed infekcjami, bakteriami i zewn\u0119trznymi czynnikami dra\u017cni\u0105cymi, takimi jak dotyk lub nara\u017cenie na zanieczyszczenia. Dodatkowo tworzy pod plastrem wilgotne \u015brodowisko, kt\u00f3re pomaga wyci\u0105gn\u0105\u0107 sebum i rop\u0119, ostatecznie zmniejszaj\u0105c blizny pozostawione przez pryszcz.<\/p>\n<p>Te specjalne plastry s\u0105 przeznaczone do u\u017cytku w ci\u0105gu dnia i mo\u017cna je wygodnie nosi\u0107 pod makija\u017cem. Prawid\u0142owo na\u0142o\u017cone przylegaj\u0105 p\u0142asko do sk\u00f3ry, staj\u0105c si\u0119 prawie niewidoczne. Posiadaj\u0105 r\u00f3wnie\u017c nieszkliwion\u0105 pow\u0142ok\u0119, kt\u00f3ra umo\u017cliwia bezproblemowe na\u0142o\u017cenie makija\u017cu na wierzch.<\/p>\n<p>ROZMIAR: 18 naszywek (9x10mm + 9x12mm)<\/p>\n<p>&nbsp;<\/p>\n<p>*Powy\u017csze opisy sk\u0142adnik\u00f3w ograniczaj\u0105 si\u0119 do charakterystyki surowc\u00f3w.<\/p>","protected":false},"excerpt":{"rendered":"<p>Introducing the Clear Spot Patches from SOME BY MI&#8217;s award-winning 30 Days Miracle Skincare line, designed by acne experts. These patches are a handy solution&#8230;<\/p>","protected":false},"featured_media":3068,"comment_status":"open","ping_status":"closed","template":"","meta":{"_monsterinsights_skip_tracking":false,"_monsterinsights_sitenote_active":false,"_monsterinsights_sitenote_note":"","_monsterinsights_sitenote_category":0,"_uf_show_specific_survey":0,"_uf_disable_surveys":false},"etheme_brands":[],"product_cat":[134,138,143,69],"product_tag":[],"class_list":{"0":"post-3067","1":"product","2":"type-product","3":"status-publish","4":"has-post-thumbnail","6":"product_cat-acne","7":"product_cat-dark-spots-pigmentation","8":"product_cat-oily","9":"product_cat-treatments","11":"first","12":"outofstock","13":"shipping-taxable","14":"purchasable","15":"product-type-simple"},"yoast_head":"<!-- This site is optimized with the Yoast SEO plugin v24.3 - https:\/\/yoast.com\/wordpress\/plugins\/seo\/ -->\n<title>SOME BY MI Clear Spot Patch 18pcs - Skin Glam<\/title>\n<meta name=\"robots\" content=\"index, follow, max-snippet:-1, max-image-preview:large, max-video-preview:-1\" \/>\n<link rel=\"canonical\" href=\"https:\/\/skinglam.eu\/pl\/produkt\/some-by-mi-clear-spot-patch-18pcs\/\" \/>\n<meta property=\"og:locale\" content=\"pl_PL\" \/>\n<meta property=\"og:type\" content=\"article\" \/>\n<meta property=\"og:title\" content=\"SOME BY MI Clear Spot Patch 18pcs - Skin Glam\" \/>\n<meta property=\"og:description\" content=\"Introducing the Clear Spot Patches from SOME BY MI&#8217;s award-winning 30 Days Miracle Skincare line, designed by acne experts. These patches are a handy solution...\" \/>\n<meta property=\"og:url\" content=\"https:\/\/skinglam.eu\/pl\/produkt\/some-by-mi-clear-spot-patch-18pcs\/\" \/>\n<meta property=\"og:site_name\" content=\"Skin Glam\" \/>\n<meta property=\"article:publisher\" content=\"https:\/\/www.instagram.com\/skinglam.si\" \/>\n<meta property=\"article:modified_time\" content=\"2026-04-18T23:25:49+00:00\" \/>\n<meta property=\"og:image\" content=\"https:\/\/skinglam.eu\/wp-content\/uploads\/2023\/10\/clear-spot.jpg\" \/>\n\t<meta property=\"og:image:width\" content=\"1000\" \/>\n\t<meta property=\"og:image:height\" content=\"1000\" \/>\n\t<meta property=\"og:image:type\" content=\"image\/jpeg\" \/>\n<meta name=\"twitter:card\" content=\"summary_large_image\" \/>\n<meta name=\"twitter:label1\" content=\"Szacowany czas czytania\" \/>\n\t<meta name=\"twitter:data1\" content=\"1 minuta\" \/>\n<script type=\"application\/ld+json\" class=\"yoast-schema-graph\">{\"@context\":\"https:\/\/schema.org\",\"@graph\":[{\"@type\":\"WebPage\",\"@id\":\"https:\/\/skinglam.eu\/product\/some-by-mi-clear-spot-patch-18pcs\/\",\"url\":\"https:\/\/skinglam.eu\/product\/some-by-mi-clear-spot-patch-18pcs\/\",\"name\":\"SOME BY MI Clear Spot Patch 18pcs - Skin Glam\",\"isPartOf\":{\"@id\":\"https:\/\/skinglam.eu\/hr\/#website\"},\"primaryImageOfPage\":{\"@id\":\"https:\/\/skinglam.eu\/product\/some-by-mi-clear-spot-patch-18pcs\/#primaryimage\"},\"image\":{\"@id\":\"https:\/\/skinglam.eu\/product\/some-by-mi-clear-spot-patch-18pcs\/#primaryimage\"},\"thumbnailUrl\":\"https:\/\/skinglam.eu\/wp-content\/uploads\/2023\/10\/clear-spot.jpg\",\"datePublished\":\"2023-10-31T15:22:37+00:00\",\"dateModified\":\"2026-04-18T23:25:49+00:00\",\"breadcrumb\":{\"@id\":\"https:\/\/skinglam.eu\/product\/some-by-mi-clear-spot-patch-18pcs\/#breadcrumb\"},\"inLanguage\":\"pl-PL\",\"potentialAction\":[{\"@type\":\"ReadAction\",\"target\":[\"https:\/\/skinglam.eu\/product\/some-by-mi-clear-spot-patch-18pcs\/\"]}]},{\"@type\":\"ImageObject\",\"inLanguage\":\"pl-PL\",\"@id\":\"https:\/\/skinglam.eu\/product\/some-by-mi-clear-spot-patch-18pcs\/#primaryimage\",\"url\":\"https:\/\/skinglam.eu\/wp-content\/uploads\/2023\/10\/clear-spot.jpg\",\"contentUrl\":\"https:\/\/skinglam.eu\/wp-content\/uploads\/2023\/10\/clear-spot.jpg\",\"width\":1000,\"height\":1000},{\"@type\":\"BreadcrumbList\",\"@id\":\"https:\/\/skinglam.eu\/product\/some-by-mi-clear-spot-patch-18pcs\/#breadcrumb\",\"itemListElement\":[{\"@type\":\"ListItem\",\"position\":1,\"name\":\"Home\",\"item\":\"https:\/\/skinglam.eu\/\"},{\"@type\":\"ListItem\",\"position\":2,\"name\":\"Shop\",\"item\":\"https:\/\/skinglam.eu\/hr\/shop\/\"},{\"@type\":\"ListItem\",\"position\":3,\"name\":\"SOME BY MI Clear Spot Patch 18pcs\"}]},{\"@type\":\"WebSite\",\"@id\":\"https:\/\/skinglam.eu\/hr\/#website\",\"url\":\"https:\/\/skinglam.eu\/hr\/\",\"name\":\"Skin Glam\",\"description\":\"K-beauty Shop\",\"publisher\":{\"@id\":\"https:\/\/skinglam.eu\/hr\/#organization\"},\"potentialAction\":[{\"@type\":\"SearchAction\",\"target\":{\"@type\":\"EntryPoint\",\"urlTemplate\":\"https:\/\/skinglam.eu\/hr\/?s={search_term_string}\"},\"query-input\":{\"@type\":\"PropertyValueSpecification\",\"valueRequired\":true,\"valueName\":\"search_term_string\"}}],\"inLanguage\":\"pl-PL\"},{\"@type\":\"Organization\",\"@id\":\"https:\/\/skinglam.eu\/hr\/#organization\",\"name\":\"SkinGlam d.o.o.\",\"url\":\"https:\/\/skinglam.eu\/hr\/\",\"logo\":{\"@type\":\"ImageObject\",\"inLanguage\":\"pl-PL\",\"@id\":\"https:\/\/skinglam.eu\/hr\/#\/schema\/logo\/image\/\",\"url\":\"https:\/\/skinglam.eu\/wp-content\/uploads\/2024\/09\/logo.jpg\",\"contentUrl\":\"https:\/\/skinglam.eu\/wp-content\/uploads\/2024\/09\/logo.jpg\",\"width\":883,\"height\":833,\"caption\":\"SkinGlam d.o.o.\"},\"image\":{\"@id\":\"https:\/\/skinglam.eu\/hr\/#\/schema\/logo\/image\/\"},\"sameAs\":[\"https:\/\/www.instagram.com\/skinglam.si\"]}]}<\/script>\n<!-- \/ Yoast SEO plugin. -->","yoast_head_json":{"title":"SOME BY MI Clear Spot Patch 18pcs - Skin Glam","robots":{"index":"index","follow":"follow","max-snippet":"max-snippet:-1","max-image-preview":"max-image-preview:large","max-video-preview":"max-video-preview:-1"},"canonical":"https:\/\/skinglam.eu\/pl\/produkt\/some-by-mi-clear-spot-patch-18pcs\/","og_locale":"pl_PL","og_type":"article","og_title":"SOME BY MI Clear Spot Patch 18pcs - Skin Glam","og_description":"Introducing the Clear Spot Patches from SOME BY MI&#8217;s award-winning 30 Days Miracle Skincare line, designed by acne experts. These patches are a handy solution...","og_url":"https:\/\/skinglam.eu\/pl\/produkt\/some-by-mi-clear-spot-patch-18pcs\/","og_site_name":"Skin Glam","article_publisher":"https:\/\/www.instagram.com\/skinglam.si","article_modified_time":"2026-04-18T23:25:49+00:00","og_image":[{"width":1000,"height":1000,"url":"https:\/\/skinglam.eu\/wp-content\/uploads\/2023\/10\/clear-spot.jpg","type":"image\/jpeg"}],"twitter_card":"summary_large_image","twitter_misc":{"Szacowany czas czytania":"1 minuta"},"schema":{"@context":"https:\/\/schema.org","@graph":[{"@type":"WebPage","@id":"https:\/\/skinglam.eu\/product\/some-by-mi-clear-spot-patch-18pcs\/","url":"https:\/\/skinglam.eu\/product\/some-by-mi-clear-spot-patch-18pcs\/","name":"SOME BY MI Clear Spot Patch 18pcs - Skin Glam","isPartOf":{"@id":"https:\/\/skinglam.eu\/hr\/#website"},"primaryImageOfPage":{"@id":"https:\/\/skinglam.eu\/product\/some-by-mi-clear-spot-patch-18pcs\/#primaryimage"},"image":{"@id":"https:\/\/skinglam.eu\/product\/some-by-mi-clear-spot-patch-18pcs\/#primaryimage"},"thumbnailUrl":"https:\/\/skinglam.eu\/wp-content\/uploads\/2023\/10\/clear-spot.jpg","datePublished":"2023-10-31T15:22:37+00:00","dateModified":"2026-04-18T23:25:49+00:00","breadcrumb":{"@id":"https:\/\/skinglam.eu\/product\/some-by-mi-clear-spot-patch-18pcs\/#breadcrumb"},"inLanguage":"pl-PL","potentialAction":[{"@type":"ReadAction","target":["https:\/\/skinglam.eu\/product\/some-by-mi-clear-spot-patch-18pcs\/"]}]},{"@type":"ImageObject","inLanguage":"pl-PL","@id":"https:\/\/skinglam.eu\/product\/some-by-mi-clear-spot-patch-18pcs\/#primaryimage","url":"https:\/\/skinglam.eu\/wp-content\/uploads\/2023\/10\/clear-spot.jpg","contentUrl":"https:\/\/skinglam.eu\/wp-content\/uploads\/2023\/10\/clear-spot.jpg","width":1000,"height":1000},{"@type":"BreadcrumbList","@id":"https:\/\/skinglam.eu\/product\/some-by-mi-clear-spot-patch-18pcs\/#breadcrumb","itemListElement":[{"@type":"ListItem","position":1,"name":"Home","item":"https:\/\/skinglam.eu\/"},{"@type":"ListItem","position":2,"name":"Shop","item":"https:\/\/skinglam.eu\/hr\/shop\/"},{"@type":"ListItem","position":3,"name":"SOME BY MI Clear Spot Patch 18pcs"}]},{"@type":"WebSite","@id":"https:\/\/skinglam.eu\/hr\/#website","url":"https:\/\/skinglam.eu\/hr\/","name":"Skin Glam","description":"K-beauty Shop","publisher":{"@id":"https:\/\/skinglam.eu\/hr\/#organization"},"potentialAction":[{"@type":"SearchAction","target":{"@type":"EntryPoint","urlTemplate":"https:\/\/skinglam.eu\/hr\/?s={search_term_string}"},"query-input":{"@type":"PropertyValueSpecification","valueRequired":true,"valueName":"search_term_string"}}],"inLanguage":"pl-PL"},{"@type":"Organization","@id":"https:\/\/skinglam.eu\/hr\/#organization","name":"SkinGlam d.o.o.","url":"https:\/\/skinglam.eu\/hr\/","logo":{"@type":"ImageObject","inLanguage":"pl-PL","@id":"https:\/\/skinglam.eu\/hr\/#\/schema\/logo\/image\/","url":"https:\/\/skinglam.eu\/wp-content\/uploads\/2024\/09\/logo.jpg","contentUrl":"https:\/\/skinglam.eu\/wp-content\/uploads\/2024\/09\/logo.jpg","width":883,"height":833,"caption":"SkinGlam d.o.o."},"image":{"@id":"https:\/\/skinglam.eu\/hr\/#\/schema\/logo\/image\/"},"sameAs":["https:\/\/www.instagram.com\/skinglam.si"]}]}},"_links":{"self":[{"href":"https:\/\/skinglam.eu\/pl\/wp-json\/wp\/v2\/product\/3067","targetHints":{"allow":["GET"]}}],"collection":[{"href":"https:\/\/skinglam.eu\/pl\/wp-json\/wp\/v2\/product"}],"about":[{"href":"https:\/\/skinglam.eu\/pl\/wp-json\/wp\/v2\/types\/product"}],"replies":[{"embeddable":true,"href":"https:\/\/skinglam.eu\/pl\/wp-json\/wp\/v2\/comments?post=3067"}],"version-history":[{"count":1,"href":"https:\/\/skinglam.eu\/pl\/wp-json\/wp\/v2\/product\/3067\/revisions"}],"predecessor-version":[{"id":3069,"href":"https:\/\/skinglam.eu\/pl\/wp-json\/wp\/v2\/product\/3067\/revisions\/3069"}],"wp:featuredmedia":[{"embeddable":true,"href":"https:\/\/skinglam.eu\/pl\/wp-json\/wp\/v2\/media\/3068"}],"wp:attachment":[{"href":"https:\/\/skinglam.eu\/pl\/wp-json\/wp\/v2\/media?parent=3067"}],"wp:term":[{"taxonomy":"brand","embeddable":true,"href":"https:\/\/skinglam.eu\/pl\/wp-json\/wp\/v2\/etheme_brands?post=3067"},{"taxonomy":"product_cat","embeddable":true,"href":"https:\/\/skinglam.eu\/pl\/wp-json\/wp\/v2\/product_cat?post=3067"},{"taxonomy":"product_tag","embeddable":true,"href":"https:\/\/skinglam.eu\/pl\/wp-json\/wp\/v2\/product_tag?post=3067"}],"curies":[{"name":"wp","href":"https:\/\/api.w.org\/{rel}","templated":true}]}}