{"id":5233,"date":"2025-10-11T12:44:16","date_gmt":"2025-10-11T12:44:16","guid":{"rendered":"https:\/\/skinglam.eu\/?post_type=product&#038;p=5233"},"modified":"2026-04-20T12:56:47","modified_gmt":"2026-04-20T12:56:47","slug":"anua-heartleaf-77-soothing-toner-250ml","status":"publish","type":"product","link":"https:\/\/skinglam.eu\/pl\/produkt\/anua-heartleaf-77-soothing-toner-250ml\/","title":{"rendered":"ANUA Heartleaf 77% Tonik koj\u0105cy 250ml"},"content":{"rendered":"<p>ANUA Heartleaf 77% Soothing Toner to jeden z najbardziej nagradzanych tonik\u00f3w w Korei, znany ze swojej koj\u0105cej i nawil\u017caj\u0105cej formu\u0142y. Zawiera ekstrakt z li\u015bcia sercowego 77%, silny sk\u0142adnik ro\u015blinny, kt\u00f3ry zmniejsza stany zapalne i zwalcza bakterie wywo\u0142uj\u0105ce tr\u0105dzik. Pantenol g\u0142\u0119boko nawil\u017ca, r\u00f3wnowa\u017c\u0105c poziom sebum i zatrzymuj\u0105c wilgo\u0107.<\/p>\n<p>Tonik zawiera r\u00f3wnie\u017c ekstrakt z trzciny cukrowej, kt\u00f3ry zapewnia delikatny, naturalny peeling, oraz w\u0105krot\u0119 azjatyck\u0105, kt\u00f3ra wzmacnia barier\u0119 ochronn\u0105 sk\u00f3ry.<\/p>\n<p>Produkt jest odpowiedni do ka\u017cdego rodzaju sk\u00f3ry, a w szczeg\u00f3lno\u015bci do sk\u00f3ry wra\u017cliwej i sk\u0142onnej do tr\u0105dziku. Przy regularnym stosowaniu sk\u00f3ra staje si\u0119 g\u0142adsza, spokojniejsza i bardziej jednolita.<\/p>","protected":false},"excerpt":{"rendered":"<p>ANUA Heartleaf 77% Soothing Toner is one of Korea\u2019s most awarded toners, known for its calming and hydrating formula. It\u2019s made with 77% Heartleaf extract,&#8230;<\/p>","protected":false},"featured_media":5234,"comment_status":"open","ping_status":"closed","template":"","meta":{"_monsterinsights_skip_tracking":false,"_monsterinsights_sitenote_active":false,"_monsterinsights_sitenote_note":"","_monsterinsights_sitenote_category":0,"_uf_show_specific_survey":0,"_uf_disable_surveys":false},"etheme_brands":[{"term_id":172,"name":"ANUA","slug":"anua","term_group":0,"term_taxonomy_id":172,"taxonomy":"brand","description":"","parent":0,"count":11,"filter":"raw"}],"product_cat":[134,137,142,143,144,145,65],"product_tag":[166,169,170,171],"class_list":{"0":"post-5233","1":"product","2":"type-product","3":"status-publish","4":"has-post-thumbnail","6":"brand-anua","7":"product_cat-acne","8":"product_cat-combination","9":"product_cat-oil-pore-control","10":"product_cat-oily","11":"product_cat-redness","12":"product_cat-sensitive","13":"product_cat-toners-essences","14":"product_tag-anua","15":"product_tag-anua-toner","16":"product_tag-kbeauty","17":"product_tag-korean-skincare","19":"first","20":"instock","21":"sale","22":"shipping-taxable","23":"purchasable","24":"product-type-simple"},"yoast_head":"<!-- This site is optimized with the Yoast SEO plugin v24.3 - https:\/\/yoast.com\/wordpress\/plugins\/seo\/ -->\n<title>ANUA Heartleaf 77% Soothing Toner 250ml - Skin Glam<\/title>\n<meta name=\"description\" content=\"ANUA Heartleaf 77% Soothing Toner: A bestselling K-beauty toner with 77% heartleaf extract to calm redness and hydrate sensitive skin.\" \/>\n<meta name=\"robots\" content=\"index, follow, max-snippet:-1, max-image-preview:large, max-video-preview:-1\" \/>\n<link rel=\"canonical\" href=\"https:\/\/skinglam.eu\/pl\/produkt\/anua-heartleaf-77-soothing-toner-250ml\/\" \/>\n<meta property=\"og:locale\" content=\"pl_PL\" \/>\n<meta property=\"og:type\" content=\"article\" \/>\n<meta property=\"og:title\" content=\"ANUA Heartleaf 77% Soothing Toner 250ml - Skin Glam\" \/>\n<meta property=\"og:description\" content=\"ANUA Heartleaf 77% Soothing Toner: A bestselling K-beauty toner with 77% heartleaf extract to calm redness and hydrate sensitive skin.\" \/>\n<meta property=\"og:url\" content=\"https:\/\/skinglam.eu\/pl\/produkt\/anua-heartleaf-77-soothing-toner-250ml\/\" \/>\n<meta property=\"og:site_name\" content=\"Skin Glam\" \/>\n<meta property=\"article:publisher\" content=\"https:\/\/www.instagram.com\/skinglam.si\" \/>\n<meta property=\"article:modified_time\" content=\"2026-04-20T12:56:47+00:00\" \/>\n<meta property=\"og:image\" content=\"https:\/\/skinglam.eu\/wp-content\/uploads\/2025\/10\/anuatoner.jpg\" \/>\n\t<meta property=\"og:image:width\" content=\"1280\" \/>\n\t<meta property=\"og:image:height\" content=\"1280\" \/>\n\t<meta property=\"og:image:type\" content=\"image\/jpeg\" \/>\n<meta name=\"twitter:card\" content=\"summary_large_image\" \/>\n<meta name=\"twitter:label1\" content=\"Szacowany czas czytania\" \/>\n\t<meta name=\"twitter:data1\" content=\"1 minuta\" \/>\n<script type=\"application\/ld+json\" class=\"yoast-schema-graph\">{\"@context\":\"https:\/\/schema.org\",\"@graph\":[{\"@type\":\"WebPage\",\"@id\":\"https:\/\/skinglam.eu\/product\/anua-heartleaf-77-soothing-toner-250ml\/\",\"url\":\"https:\/\/skinglam.eu\/product\/anua-heartleaf-77-soothing-toner-250ml\/\",\"name\":\"ANUA Heartleaf 77% Soothing Toner 250ml - Skin Glam\",\"isPartOf\":{\"@id\":\"https:\/\/skinglam.eu\/hr\/#website\"},\"primaryImageOfPage\":{\"@id\":\"https:\/\/skinglam.eu\/product\/anua-heartleaf-77-soothing-toner-250ml\/#primaryimage\"},\"image\":{\"@id\":\"https:\/\/skinglam.eu\/product\/anua-heartleaf-77-soothing-toner-250ml\/#primaryimage\"},\"thumbnailUrl\":\"https:\/\/skinglam.eu\/wp-content\/uploads\/2025\/10\/anuatoner.jpg\",\"datePublished\":\"2025-10-11T12:44:16+00:00\",\"dateModified\":\"2026-04-20T12:56:47+00:00\",\"description\":\"ANUA Heartleaf 77% Soothing Toner: A bestselling K-beauty toner with 77% heartleaf extract to calm redness and hydrate sensitive skin.\",\"breadcrumb\":{\"@id\":\"https:\/\/skinglam.eu\/product\/anua-heartleaf-77-soothing-toner-250ml\/#breadcrumb\"},\"inLanguage\":\"pl-PL\",\"potentialAction\":[{\"@type\":\"ReadAction\",\"target\":[\"https:\/\/skinglam.eu\/product\/anua-heartleaf-77-soothing-toner-250ml\/\"]}]},{\"@type\":\"ImageObject\",\"inLanguage\":\"pl-PL\",\"@id\":\"https:\/\/skinglam.eu\/product\/anua-heartleaf-77-soothing-toner-250ml\/#primaryimage\",\"url\":\"https:\/\/skinglam.eu\/wp-content\/uploads\/2025\/10\/anuatoner.jpg\",\"contentUrl\":\"https:\/\/skinglam.eu\/wp-content\/uploads\/2025\/10\/anuatoner.jpg\",\"width\":1280,\"height\":1280,\"caption\":\"ANUA Heartleaf 77% Soothing Toner - calms redness, hydrates skin deeply, perfect for sensitive skin.\"},{\"@type\":\"BreadcrumbList\",\"@id\":\"https:\/\/skinglam.eu\/product\/anua-heartleaf-77-soothing-toner-250ml\/#breadcrumb\",\"itemListElement\":[{\"@type\":\"ListItem\",\"position\":1,\"name\":\"Home\",\"item\":\"https:\/\/skinglam.eu\/\"},{\"@type\":\"ListItem\",\"position\":2,\"name\":\"Shop\",\"item\":\"https:\/\/skinglam.eu\/hr\/shop\/\"},{\"@type\":\"ListItem\",\"position\":3,\"name\":\"ANUA Heartleaf 77% Soothing Toner 250ml\"}]},{\"@type\":\"WebSite\",\"@id\":\"https:\/\/skinglam.eu\/hr\/#website\",\"url\":\"https:\/\/skinglam.eu\/hr\/\",\"name\":\"Skin Glam\",\"description\":\"K-beauty Shop\",\"publisher\":{\"@id\":\"https:\/\/skinglam.eu\/hr\/#organization\"},\"potentialAction\":[{\"@type\":\"SearchAction\",\"target\":{\"@type\":\"EntryPoint\",\"urlTemplate\":\"https:\/\/skinglam.eu\/hr\/?s={search_term_string}\"},\"query-input\":{\"@type\":\"PropertyValueSpecification\",\"valueRequired\":true,\"valueName\":\"search_term_string\"}}],\"inLanguage\":\"pl-PL\"},{\"@type\":\"Organization\",\"@id\":\"https:\/\/skinglam.eu\/hr\/#organization\",\"name\":\"SkinGlam d.o.o.\",\"url\":\"https:\/\/skinglam.eu\/hr\/\",\"logo\":{\"@type\":\"ImageObject\",\"inLanguage\":\"pl-PL\",\"@id\":\"https:\/\/skinglam.eu\/hr\/#\/schema\/logo\/image\/\",\"url\":\"https:\/\/skinglam.eu\/wp-content\/uploads\/2024\/09\/logo.jpg\",\"contentUrl\":\"https:\/\/skinglam.eu\/wp-content\/uploads\/2024\/09\/logo.jpg\",\"width\":883,\"height\":833,\"caption\":\"SkinGlam d.o.o.\"},\"image\":{\"@id\":\"https:\/\/skinglam.eu\/hr\/#\/schema\/logo\/image\/\"},\"sameAs\":[\"https:\/\/www.instagram.com\/skinglam.si\"]}]}<\/script>\n<!-- \/ Yoast SEO plugin. -->","yoast_head_json":{"title":"ANUA Heartleaf 77% Soothing Toner 250ml - Skin Glam","description":"ANUA Heartleaf 77% Soothing Toner: A bestselling K-beauty toner with 77% heartleaf extract to calm redness and hydrate sensitive skin.","robots":{"index":"index","follow":"follow","max-snippet":"max-snippet:-1","max-image-preview":"max-image-preview:large","max-video-preview":"max-video-preview:-1"},"canonical":"https:\/\/skinglam.eu\/pl\/produkt\/anua-heartleaf-77-soothing-toner-250ml\/","og_locale":"pl_PL","og_type":"article","og_title":"ANUA Heartleaf 77% Soothing Toner 250ml - Skin Glam","og_description":"ANUA Heartleaf 77% Soothing Toner: A bestselling K-beauty toner with 77% heartleaf extract to calm redness and hydrate sensitive skin.","og_url":"https:\/\/skinglam.eu\/pl\/produkt\/anua-heartleaf-77-soothing-toner-250ml\/","og_site_name":"Skin Glam","article_publisher":"https:\/\/www.instagram.com\/skinglam.si","article_modified_time":"2026-04-20T12:56:47+00:00","og_image":[{"width":1280,"height":1280,"url":"https:\/\/skinglam.eu\/wp-content\/uploads\/2025\/10\/anuatoner.jpg","type":"image\/jpeg"}],"twitter_card":"summary_large_image","twitter_misc":{"Szacowany czas czytania":"1 minuta"},"schema":{"@context":"https:\/\/schema.org","@graph":[{"@type":"WebPage","@id":"https:\/\/skinglam.eu\/product\/anua-heartleaf-77-soothing-toner-250ml\/","url":"https:\/\/skinglam.eu\/product\/anua-heartleaf-77-soothing-toner-250ml\/","name":"ANUA Heartleaf 77% Soothing Toner 250ml - Skin Glam","isPartOf":{"@id":"https:\/\/skinglam.eu\/hr\/#website"},"primaryImageOfPage":{"@id":"https:\/\/skinglam.eu\/product\/anua-heartleaf-77-soothing-toner-250ml\/#primaryimage"},"image":{"@id":"https:\/\/skinglam.eu\/product\/anua-heartleaf-77-soothing-toner-250ml\/#primaryimage"},"thumbnailUrl":"https:\/\/skinglam.eu\/wp-content\/uploads\/2025\/10\/anuatoner.jpg","datePublished":"2025-10-11T12:44:16+00:00","dateModified":"2026-04-20T12:56:47+00:00","description":"ANUA Heartleaf 77% Soothing Toner: A bestselling K-beauty toner with 77% heartleaf extract to calm redness and hydrate sensitive skin.","breadcrumb":{"@id":"https:\/\/skinglam.eu\/product\/anua-heartleaf-77-soothing-toner-250ml\/#breadcrumb"},"inLanguage":"pl-PL","potentialAction":[{"@type":"ReadAction","target":["https:\/\/skinglam.eu\/product\/anua-heartleaf-77-soothing-toner-250ml\/"]}]},{"@type":"ImageObject","inLanguage":"pl-PL","@id":"https:\/\/skinglam.eu\/product\/anua-heartleaf-77-soothing-toner-250ml\/#primaryimage","url":"https:\/\/skinglam.eu\/wp-content\/uploads\/2025\/10\/anuatoner.jpg","contentUrl":"https:\/\/skinglam.eu\/wp-content\/uploads\/2025\/10\/anuatoner.jpg","width":1280,"height":1280,"caption":"ANUA Heartleaf 77% Soothing Toner - calms redness, hydrates skin deeply, perfect for sensitive skin."},{"@type":"BreadcrumbList","@id":"https:\/\/skinglam.eu\/product\/anua-heartleaf-77-soothing-toner-250ml\/#breadcrumb","itemListElement":[{"@type":"ListItem","position":1,"name":"Home","item":"https:\/\/skinglam.eu\/"},{"@type":"ListItem","position":2,"name":"Shop","item":"https:\/\/skinglam.eu\/hr\/shop\/"},{"@type":"ListItem","position":3,"name":"ANUA Heartleaf 77% Soothing Toner 250ml"}]},{"@type":"WebSite","@id":"https:\/\/skinglam.eu\/hr\/#website","url":"https:\/\/skinglam.eu\/hr\/","name":"Skin Glam","description":"K-beauty Shop","publisher":{"@id":"https:\/\/skinglam.eu\/hr\/#organization"},"potentialAction":[{"@type":"SearchAction","target":{"@type":"EntryPoint","urlTemplate":"https:\/\/skinglam.eu\/hr\/?s={search_term_string}"},"query-input":{"@type":"PropertyValueSpecification","valueRequired":true,"valueName":"search_term_string"}}],"inLanguage":"pl-PL"},{"@type":"Organization","@id":"https:\/\/skinglam.eu\/hr\/#organization","name":"SkinGlam d.o.o.","url":"https:\/\/skinglam.eu\/hr\/","logo":{"@type":"ImageObject","inLanguage":"pl-PL","@id":"https:\/\/skinglam.eu\/hr\/#\/schema\/logo\/image\/","url":"https:\/\/skinglam.eu\/wp-content\/uploads\/2024\/09\/logo.jpg","contentUrl":"https:\/\/skinglam.eu\/wp-content\/uploads\/2024\/09\/logo.jpg","width":883,"height":833,"caption":"SkinGlam d.o.o."},"image":{"@id":"https:\/\/skinglam.eu\/hr\/#\/schema\/logo\/image\/"},"sameAs":["https:\/\/www.instagram.com\/skinglam.si"]}]}},"_links":{"self":[{"href":"https:\/\/skinglam.eu\/pl\/wp-json\/wp\/v2\/product\/5233","targetHints":{"allow":["GET"]}}],"collection":[{"href":"https:\/\/skinglam.eu\/pl\/wp-json\/wp\/v2\/product"}],"about":[{"href":"https:\/\/skinglam.eu\/pl\/wp-json\/wp\/v2\/types\/product"}],"replies":[{"embeddable":true,"href":"https:\/\/skinglam.eu\/pl\/wp-json\/wp\/v2\/comments?post=5233"}],"version-history":[{"count":1,"href":"https:\/\/skinglam.eu\/pl\/wp-json\/wp\/v2\/product\/5233\/revisions"}],"predecessor-version":[{"id":5235,"href":"https:\/\/skinglam.eu\/pl\/wp-json\/wp\/v2\/product\/5233\/revisions\/5235"}],"wp:featuredmedia":[{"embeddable":true,"href":"https:\/\/skinglam.eu\/pl\/wp-json\/wp\/v2\/media\/5234"}],"wp:attachment":[{"href":"https:\/\/skinglam.eu\/pl\/wp-json\/wp\/v2\/media?parent=5233"}],"wp:term":[{"taxonomy":"brand","embeddable":true,"href":"https:\/\/skinglam.eu\/pl\/wp-json\/wp\/v2\/etheme_brands?post=5233"},{"taxonomy":"product_cat","embeddable":true,"href":"https:\/\/skinglam.eu\/pl\/wp-json\/wp\/v2\/product_cat?post=5233"},{"taxonomy":"product_tag","embeddable":true,"href":"https:\/\/skinglam.eu\/pl\/wp-json\/wp\/v2\/product_tag?post=5233"}],"curies":[{"name":"wp","href":"https:\/\/api.w.org\/{rel}","templated":true}]}}