{"id":5320,"date":"2025-10-11T18:42:58","date_gmt":"2025-10-11T18:42:58","guid":{"rendered":"https:\/\/skinglam.eu\/?post_type=product&#038;p=5320"},"modified":"2026-04-18T11:26:14","modified_gmt":"2026-04-18T11:26:14","slug":"haruharu-wonder-black-rice-probiotics-barrier-essence-120ml","status":"publish","type":"product","link":"https:\/\/skinglam.eu\/pl\/produkt\/haruharu-wonder-black-rice-probiotics-barrier-essence-120ml\/","title":{"rendered":"Haruharu Wonder Black Rice Probiotics Barrier Essence 120ml"},"content":{"rendered":"<p>Kremowa, od\u017cywcza esencja, kt\u00f3ra wzmacnia barier\u0119 ochronn\u0105 sk\u00f3ry, jednocze\u015bnie koj\u0105c, nawil\u017caj\u0105c i rozja\u015bniaj\u0105c cer\u0119.<\/p>\n<p>Ta wielofunkcyjna esencja zawiera autorsk\u0105 mieszank\u0119 bogatych w lipidy kompleks\u00f3w HARUHARU WONDER \u2013 kompleks 5-ceramid\u00f3w, kompleks 2-zdrowego cholesterolu i kompleks 5-kwas\u00f3w t\u0142uszczowych, kt\u00f3re dzia\u0142aj\u0105 w idealnym stosunku 3:1:1, aby zatrzyma\u0107 nawil\u017cenie, przywr\u00f3ci\u0107 naturalne mechanizmy obronne sk\u00f3ry i poprawi\u0107 jej og\u00f3ln\u0105 tekstur\u0119. Ceramidy uzupe\u0142niaj\u0105 niezb\u0119dne lipidy sk\u00f3ry, cholesterol wyr\u00f3wnuje nawil\u017cenie, a kwasy t\u0142uszczowe pomagaj\u0105 utrzyma\u0107 g\u0142adk\u0105 i r\u00f3wn\u0105 powierzchni\u0119.<\/p>\n<p>Bogate w przeciwutleniacze fermentowane sk\u0142adniki dodatkowo wzmacniaj\u0105 sk\u00f3r\u0119: Galactomyces Ferment Filtrate g\u0142\u0119boko nawil\u017ca i poprawia elastyczno\u015b\u0107, a Bifida Ferment Filtrate delikatnie usuwa martwe kom\u00f3rki nask\u00f3rka, dzi\u0119ki czemu sk\u00f3ra wygl\u0105da ja\u015bniej.<\/p>\n<p>Ekstrakt z czarnego ry\u017cu, ekstrakt z kory p\u0119d\u00f3w bambusa i ekstrakt z poddanego recyklingowi osadu z czarnego ry\u017cu chroni\u0105 sk\u00f3r\u0119 przed wolnymi rodnikami, rozja\u015bniaj\u0105 j\u0105 i \u0142agodz\u0105 podra\u017cnienia. Pantenol dope\u0142nia formu\u0142\u0119, zatrzymuj\u0105c wilgo\u0107, pozostawiaj\u0105c sk\u00f3r\u0119 j\u0119drn\u0105 i promienn\u0105.<\/p>\n<p>Esencja ta jest idealna dla os\u00f3b pragn\u0105cych odbudowa\u0107 barier\u0119 ochronn\u0105 sk\u00f3ry i zachowa\u0107 jej zdrowie na d\u0142ugi czas. Sk\u00f3ra staje si\u0119 promienna, nawil\u017cona i spr\u0119\u017cysta.<\/p>","protected":false},"excerpt":{"rendered":"<p>A creamy, nourishing essence that strengthens your skin barrier while soothing, hydrating and brightening your complexion. This multi-benefit essence is powered by HARUHARU WONDER\u2019s signature&#8230;<\/p>","protected":false},"featured_media":5321,"comment_status":"open","ping_status":"closed","template":"","meta":{"_monsterinsights_skip_tracking":false,"_monsterinsights_sitenote_active":false,"_monsterinsights_sitenote_note":"","_monsterinsights_sitenote_category":0,"_uf_show_specific_survey":0,"_uf_disable_surveys":false},"etheme_brands":[{"term_id":323,"name":"Haruharu Wonder","slug":"haruharu-wonder","term_group":0,"term_taxonomy_id":323,"taxonomy":"brand","description":"","parent":0,"count":6,"filter":"raw"}],"product_cat":[135,139,140,141,145,65],"product_tag":[342,337,211,209,325,341,171,339,338,343,340],"class_list":{"0":"post-5320","1":"product","2":"type-product","3":"status-publish","4":"has-post-thumbnail","6":"brand-haruharu-wonder","7":"product_cat-anti-aging","8":"product_cat-dry","9":"product_cat-dryness","10":"product_cat-normal","11":"product_cat-sensitive","12":"product_cat-toners-essences","13":"product_tag-antioxidant-skincare","14":"product_tag-black-rice-essence","15":"product_tag-dehydrated-skin","16":"product_tag-dry-skin","17":"product_tag-haruharu-wonder","18":"product_tag-hydrating-essence","19":"product_tag-korean-skincare","20":"product_tag-makgeolli-essence","21":"product_tag-probiotics-skincare","22":"product_tag-rhode-glazing-milk","23":"product_tag-skin-barrier-repair","25":"first","26":"instock","27":"sale","28":"shipping-taxable","29":"purchasable","30":"product-type-simple"},"yoast_head":"<!-- This site is optimized with the Yoast SEO plugin v24.3 - https:\/\/yoast.com\/wordpress\/plugins\/seo\/ -->\n<title>Haruharu Wonder Black Rice Probiotics Barrier Essence 120ml - Skin Glam<\/title>\n<meta name=\"description\" content=\"A nourishing essence with probiotic-rich black rice and makgeolli extract that strengthens the skin barrier and boosts hydration for healthy, glass skin.\" \/>\n<meta name=\"robots\" content=\"index, follow, max-snippet:-1, max-image-preview:large, max-video-preview:-1\" \/>\n<link rel=\"canonical\" href=\"https:\/\/skinglam.eu\/pl\/produkt\/haruharu-wonder-black-rice-probiotics-barrier-essence-120ml\/\" \/>\n<meta property=\"og:locale\" content=\"pl_PL\" \/>\n<meta property=\"og:type\" content=\"article\" \/>\n<meta property=\"og:title\" content=\"Haruharu Wonder Black Rice Probiotics Barrier Essence 120ml - Skin Glam\" \/>\n<meta property=\"og:description\" content=\"A nourishing essence with probiotic-rich black rice and makgeolli extract that strengthens the skin barrier and boosts hydration for healthy, glass skin.\" \/>\n<meta property=\"og:url\" content=\"https:\/\/skinglam.eu\/pl\/produkt\/haruharu-wonder-black-rice-probiotics-barrier-essence-120ml\/\" \/>\n<meta property=\"og:site_name\" content=\"Skin Glam\" \/>\n<meta property=\"article:publisher\" content=\"https:\/\/www.instagram.com\/skinglam.si\" \/>\n<meta property=\"article:modified_time\" content=\"2026-04-18T11:26:14+00:00\" \/>\n<meta property=\"og:image\" content=\"https:\/\/skinglam.eu\/wp-content\/uploads\/2025\/10\/6.-Haruharu-Wonder-Black-Rice-Probiotics-Barrier-Essence-120ml.jpg\" \/>\n\t<meta property=\"og:image:width\" content=\"1500\" \/>\n\t<meta property=\"og:image:height\" content=\"1500\" \/>\n\t<meta property=\"og:image:type\" content=\"image\/jpeg\" \/>\n<meta name=\"twitter:card\" content=\"summary_large_image\" \/>\n<meta name=\"twitter:label1\" content=\"Szacowany czas czytania\" \/>\n\t<meta name=\"twitter:data1\" content=\"1 minuta\" \/>\n<script type=\"application\/ld+json\" class=\"yoast-schema-graph\">{\"@context\":\"https:\/\/schema.org\",\"@graph\":[{\"@type\":\"WebPage\",\"@id\":\"https:\/\/skinglam.eu\/product\/haruharu-wonder-black-rice-probiotics-barrier-essence-120ml\/\",\"url\":\"https:\/\/skinglam.eu\/product\/haruharu-wonder-black-rice-probiotics-barrier-essence-120ml\/\",\"name\":\"Haruharu Wonder Black Rice Probiotics Barrier Essence 120ml - Skin Glam\",\"isPartOf\":{\"@id\":\"https:\/\/skinglam.eu\/hr\/#website\"},\"primaryImageOfPage\":{\"@id\":\"https:\/\/skinglam.eu\/product\/haruharu-wonder-black-rice-probiotics-barrier-essence-120ml\/#primaryimage\"},\"image\":{\"@id\":\"https:\/\/skinglam.eu\/product\/haruharu-wonder-black-rice-probiotics-barrier-essence-120ml\/#primaryimage\"},\"thumbnailUrl\":\"https:\/\/skinglam.eu\/wp-content\/uploads\/2025\/10\/6.-Haruharu-Wonder-Black-Rice-Probiotics-Barrier-Essence-120ml.jpg\",\"datePublished\":\"2025-10-11T18:42:58+00:00\",\"dateModified\":\"2026-04-18T11:26:14+00:00\",\"description\":\"A nourishing essence with probiotic-rich black rice and makgeolli extract that strengthens the skin barrier and boosts hydration for healthy, glass skin.\",\"breadcrumb\":{\"@id\":\"https:\/\/skinglam.eu\/product\/haruharu-wonder-black-rice-probiotics-barrier-essence-120ml\/#breadcrumb\"},\"inLanguage\":\"pl-PL\",\"potentialAction\":[{\"@type\":\"ReadAction\",\"target\":[\"https:\/\/skinglam.eu\/product\/haruharu-wonder-black-rice-probiotics-barrier-essence-120ml\/\"]}]},{\"@type\":\"ImageObject\",\"inLanguage\":\"pl-PL\",\"@id\":\"https:\/\/skinglam.eu\/product\/haruharu-wonder-black-rice-probiotics-barrier-essence-120ml\/#primaryimage\",\"url\":\"https:\/\/skinglam.eu\/wp-content\/uploads\/2025\/10\/6.-Haruharu-Wonder-Black-Rice-Probiotics-Barrier-Essence-120ml.jpg\",\"contentUrl\":\"https:\/\/skinglam.eu\/wp-content\/uploads\/2025\/10\/6.-Haruharu-Wonder-Black-Rice-Probiotics-Barrier-Essence-120ml.jpg\",\"width\":1500,\"height\":1500,\"caption\":\"Haruharu Wonder Black Rice Probiotics Barrier Essence 120ml \u2014 nourishing essence enriched with probiotic black rice and makgeolli extract for stronger, hydrated skin.\"},{\"@type\":\"BreadcrumbList\",\"@id\":\"https:\/\/skinglam.eu\/product\/haruharu-wonder-black-rice-probiotics-barrier-essence-120ml\/#breadcrumb\",\"itemListElement\":[{\"@type\":\"ListItem\",\"position\":1,\"name\":\"Home\",\"item\":\"https:\/\/skinglam.eu\/\"},{\"@type\":\"ListItem\",\"position\":2,\"name\":\"Shop\",\"item\":\"https:\/\/skinglam.eu\/hr\/shop\/\"},{\"@type\":\"ListItem\",\"position\":3,\"name\":\"Haruharu Wonder Black Rice Probiotics Barrier Essence 120ml\"}]},{\"@type\":\"WebSite\",\"@id\":\"https:\/\/skinglam.eu\/hr\/#website\",\"url\":\"https:\/\/skinglam.eu\/hr\/\",\"name\":\"Skin Glam\",\"description\":\"K-beauty Shop\",\"publisher\":{\"@id\":\"https:\/\/skinglam.eu\/hr\/#organization\"},\"potentialAction\":[{\"@type\":\"SearchAction\",\"target\":{\"@type\":\"EntryPoint\",\"urlTemplate\":\"https:\/\/skinglam.eu\/hr\/?s={search_term_string}\"},\"query-input\":{\"@type\":\"PropertyValueSpecification\",\"valueRequired\":true,\"valueName\":\"search_term_string\"}}],\"inLanguage\":\"pl-PL\"},{\"@type\":\"Organization\",\"@id\":\"https:\/\/skinglam.eu\/hr\/#organization\",\"name\":\"SkinGlam d.o.o.\",\"url\":\"https:\/\/skinglam.eu\/hr\/\",\"logo\":{\"@type\":\"ImageObject\",\"inLanguage\":\"pl-PL\",\"@id\":\"https:\/\/skinglam.eu\/hr\/#\/schema\/logo\/image\/\",\"url\":\"https:\/\/skinglam.eu\/wp-content\/uploads\/2024\/09\/logo.jpg\",\"contentUrl\":\"https:\/\/skinglam.eu\/wp-content\/uploads\/2024\/09\/logo.jpg\",\"width\":883,\"height\":833,\"caption\":\"SkinGlam d.o.o.\"},\"image\":{\"@id\":\"https:\/\/skinglam.eu\/hr\/#\/schema\/logo\/image\/\"},\"sameAs\":[\"https:\/\/www.instagram.com\/skinglam.si\"]}]}<\/script>\n<!-- \/ Yoast SEO plugin. -->","yoast_head_json":{"title":"Haruharu Wonder Black Rice Probiotics Barrier Essence 120ml - Skin Glam","description":"A nourishing essence with probiotic-rich black rice and makgeolli extract that strengthens the skin barrier and boosts hydration for healthy, glass skin.","robots":{"index":"index","follow":"follow","max-snippet":"max-snippet:-1","max-image-preview":"max-image-preview:large","max-video-preview":"max-video-preview:-1"},"canonical":"https:\/\/skinglam.eu\/pl\/produkt\/haruharu-wonder-black-rice-probiotics-barrier-essence-120ml\/","og_locale":"pl_PL","og_type":"article","og_title":"Haruharu Wonder Black Rice Probiotics Barrier Essence 120ml - Skin Glam","og_description":"A nourishing essence with probiotic-rich black rice and makgeolli extract that strengthens the skin barrier and boosts hydration for healthy, glass skin.","og_url":"https:\/\/skinglam.eu\/pl\/produkt\/haruharu-wonder-black-rice-probiotics-barrier-essence-120ml\/","og_site_name":"Skin Glam","article_publisher":"https:\/\/www.instagram.com\/skinglam.si","article_modified_time":"2026-04-18T11:26:14+00:00","og_image":[{"width":1500,"height":1500,"url":"https:\/\/skinglam.eu\/wp-content\/uploads\/2025\/10\/6.-Haruharu-Wonder-Black-Rice-Probiotics-Barrier-Essence-120ml.jpg","type":"image\/jpeg"}],"twitter_card":"summary_large_image","twitter_misc":{"Szacowany czas czytania":"1 minuta"},"schema":{"@context":"https:\/\/schema.org","@graph":[{"@type":"WebPage","@id":"https:\/\/skinglam.eu\/product\/haruharu-wonder-black-rice-probiotics-barrier-essence-120ml\/","url":"https:\/\/skinglam.eu\/product\/haruharu-wonder-black-rice-probiotics-barrier-essence-120ml\/","name":"Haruharu Wonder Black Rice Probiotics Barrier Essence 120ml - Skin Glam","isPartOf":{"@id":"https:\/\/skinglam.eu\/hr\/#website"},"primaryImageOfPage":{"@id":"https:\/\/skinglam.eu\/product\/haruharu-wonder-black-rice-probiotics-barrier-essence-120ml\/#primaryimage"},"image":{"@id":"https:\/\/skinglam.eu\/product\/haruharu-wonder-black-rice-probiotics-barrier-essence-120ml\/#primaryimage"},"thumbnailUrl":"https:\/\/skinglam.eu\/wp-content\/uploads\/2025\/10\/6.-Haruharu-Wonder-Black-Rice-Probiotics-Barrier-Essence-120ml.jpg","datePublished":"2025-10-11T18:42:58+00:00","dateModified":"2026-04-18T11:26:14+00:00","description":"A nourishing essence with probiotic-rich black rice and makgeolli extract that strengthens the skin barrier and boosts hydration for healthy, glass skin.","breadcrumb":{"@id":"https:\/\/skinglam.eu\/product\/haruharu-wonder-black-rice-probiotics-barrier-essence-120ml\/#breadcrumb"},"inLanguage":"pl-PL","potentialAction":[{"@type":"ReadAction","target":["https:\/\/skinglam.eu\/product\/haruharu-wonder-black-rice-probiotics-barrier-essence-120ml\/"]}]},{"@type":"ImageObject","inLanguage":"pl-PL","@id":"https:\/\/skinglam.eu\/product\/haruharu-wonder-black-rice-probiotics-barrier-essence-120ml\/#primaryimage","url":"https:\/\/skinglam.eu\/wp-content\/uploads\/2025\/10\/6.-Haruharu-Wonder-Black-Rice-Probiotics-Barrier-Essence-120ml.jpg","contentUrl":"https:\/\/skinglam.eu\/wp-content\/uploads\/2025\/10\/6.-Haruharu-Wonder-Black-Rice-Probiotics-Barrier-Essence-120ml.jpg","width":1500,"height":1500,"caption":"Haruharu Wonder Black Rice Probiotics Barrier Essence 120ml \u2014 nourishing essence enriched with probiotic black rice and makgeolli extract for stronger, hydrated skin."},{"@type":"BreadcrumbList","@id":"https:\/\/skinglam.eu\/product\/haruharu-wonder-black-rice-probiotics-barrier-essence-120ml\/#breadcrumb","itemListElement":[{"@type":"ListItem","position":1,"name":"Home","item":"https:\/\/skinglam.eu\/"},{"@type":"ListItem","position":2,"name":"Shop","item":"https:\/\/skinglam.eu\/hr\/shop\/"},{"@type":"ListItem","position":3,"name":"Haruharu Wonder Black Rice Probiotics Barrier Essence 120ml"}]},{"@type":"WebSite","@id":"https:\/\/skinglam.eu\/hr\/#website","url":"https:\/\/skinglam.eu\/hr\/","name":"Skin Glam","description":"K-beauty Shop","publisher":{"@id":"https:\/\/skinglam.eu\/hr\/#organization"},"potentialAction":[{"@type":"SearchAction","target":{"@type":"EntryPoint","urlTemplate":"https:\/\/skinglam.eu\/hr\/?s={search_term_string}"},"query-input":{"@type":"PropertyValueSpecification","valueRequired":true,"valueName":"search_term_string"}}],"inLanguage":"pl-PL"},{"@type":"Organization","@id":"https:\/\/skinglam.eu\/hr\/#organization","name":"SkinGlam d.o.o.","url":"https:\/\/skinglam.eu\/hr\/","logo":{"@type":"ImageObject","inLanguage":"pl-PL","@id":"https:\/\/skinglam.eu\/hr\/#\/schema\/logo\/image\/","url":"https:\/\/skinglam.eu\/wp-content\/uploads\/2024\/09\/logo.jpg","contentUrl":"https:\/\/skinglam.eu\/wp-content\/uploads\/2024\/09\/logo.jpg","width":883,"height":833,"caption":"SkinGlam d.o.o."},"image":{"@id":"https:\/\/skinglam.eu\/hr\/#\/schema\/logo\/image\/"},"sameAs":["https:\/\/www.instagram.com\/skinglam.si"]}]}},"_links":{"self":[{"href":"https:\/\/skinglam.eu\/pl\/wp-json\/wp\/v2\/product\/5320","targetHints":{"allow":["GET"]}}],"collection":[{"href":"https:\/\/skinglam.eu\/pl\/wp-json\/wp\/v2\/product"}],"about":[{"href":"https:\/\/skinglam.eu\/pl\/wp-json\/wp\/v2\/types\/product"}],"replies":[{"embeddable":true,"href":"https:\/\/skinglam.eu\/pl\/wp-json\/wp\/v2\/comments?post=5320"}],"version-history":[{"count":2,"href":"https:\/\/skinglam.eu\/pl\/wp-json\/wp\/v2\/product\/5320\/revisions"}],"predecessor-version":[{"id":5517,"href":"https:\/\/skinglam.eu\/pl\/wp-json\/wp\/v2\/product\/5320\/revisions\/5517"}],"wp:featuredmedia":[{"embeddable":true,"href":"https:\/\/skinglam.eu\/pl\/wp-json\/wp\/v2\/media\/5321"}],"wp:attachment":[{"href":"https:\/\/skinglam.eu\/pl\/wp-json\/wp\/v2\/media?parent=5320"}],"wp:term":[{"taxonomy":"brand","embeddable":true,"href":"https:\/\/skinglam.eu\/pl\/wp-json\/wp\/v2\/etheme_brands?post=5320"},{"taxonomy":"product_cat","embeddable":true,"href":"https:\/\/skinglam.eu\/pl\/wp-json\/wp\/v2\/product_cat?post=5320"},{"taxonomy":"product_tag","embeddable":true,"href":"https:\/\/skinglam.eu\/pl\/wp-json\/wp\/v2\/product_tag?post=5320"}],"curies":[{"name":"wp","href":"https:\/\/api.w.org\/{rel}","templated":true}]}}