{"id":5334,"date":"2025-10-11T19:21:27","date_gmt":"2025-10-11T19:21:27","guid":{"rendered":"https:\/\/skinglam.eu\/?post_type=product&#038;p=5334"},"modified":"2026-04-18T11:26:14","modified_gmt":"2026-04-18T11:26:14","slug":"haruharu-wonder-centella-phyto-5-peptide-concentrate-cream-30ml","status":"publish","type":"product","link":"https:\/\/skinglam.eu\/pl\/produkt\/haruharu-wonder-centella-phyto-5-peptide-concentrate-cream-30ml\/","title":{"rendered":"Haruharu Wonder Centella Phyto &amp; 5 Peptide Concentrate Cream 30ml"},"content":{"rendered":"<p>Odkryj odm\u0142adzaj\u0105c\u0105 moc kremu Centella Phyto &amp; 5 Peptide Concentrate marki Haruharu Wonder.<\/p>\n<p>Ten zaawansowany krem nawil\u017caj\u0105cy o dzia\u0142aniu przeciwstarzeniowym zawiera pi\u0119\u0107 silnych peptyd\u00f3w, w tym palmitoilopentapeptyd-4, miedziotr\u00f3jpeptyd-1 i acetyloheksapeptyd-8, kt\u00f3re stymuluj\u0105 syntez\u0119 kolagenu, poprawiaj\u0105 elastyczno\u015b\u0107 sk\u00f3ry i redukuj\u0105 widoczno\u015b\u0107 drobnych linii i zmarszczek. Dodatek hydrolizowanego bia\u0142ka sojowego i hydrolizowanego bia\u0142ka grochu dodatkowo wzmacnia j\u0119drno\u015b\u0107 i g\u0119sto\u015b\u0107 sk\u00f3ry.<\/p>\n<p>Bogaty w kompleks z w\u0105kroty azjatyckiej (Centella Asiatica Complex), zawieraj\u0105cy ekstrakt z w\u0105kroty azjatyckiej i jej kluczowe sk\u0142adniki: madekasozyd, azjatykozyd, kwas azjatowy i kwas madekasowy, krem \u0142agodzi i odbudowuje barier\u0119 ochronn\u0105 sk\u00f3ry. Skwalan i ceramidy NP zapewniaj\u0105 g\u0142\u0119bokie nawil\u017cenie i od\u017cywienie, a kofeina zapewnia ochron\u0119 antyoksydacyjn\u0105 i pomaga rozja\u015bni\u0107 i zredukowa\u0107 obrz\u0119ki sk\u00f3ry.<\/p>\n<p>Jego g\u0142adka, kremowa konsystencja szybko si\u0119 wch\u0142ania, pozostawiaj\u0105c sk\u00f3r\u0119 spr\u0119\u017cyst\u0105, nawil\u017con\u0105 i promienn\u0105.<\/p>","protected":false},"excerpt":{"rendered":"<p>Experience the rejuvenating power of Haruharu Wonder&#8217;s Centella Phyto &amp; 5 Peptide Concentrate Cream. This advanced anti-aging moisturizer is formulated with five potent peptides, including&#8230;<\/p>","protected":false},"featured_media":5335,"comment_status":"open","ping_status":"closed","template":"","meta":{"_monsterinsights_skip_tracking":false,"_monsterinsights_sitenote_active":false,"_monsterinsights_sitenote_note":"","_monsterinsights_sitenote_category":0,"_uf_show_specific_survey":0,"_uf_disable_surveys":false},"etheme_brands":[{"term_id":323,"name":"Haruharu Wonder","slug":"haruharu-wonder","term_group":0,"term_taxonomy_id":323,"taxonomy":"brand","description":"","parent":0,"count":6,"filter":"raw"}],"product_cat":[135,138,139,140,141,67],"product_tag":[249,298,325,364,171,367,366,363,365,368],"class_list":{"0":"post-5334","1":"product","2":"type-product","3":"status-publish","4":"has-post-thumbnail","6":"brand-haruharu-wonder","7":"product_cat-anti-aging","8":"product_cat-dark-spots-pigmentation","9":"product_cat-dry","10":"product_cat-dryness","11":"product_cat-normal","12":"product_cat-moisturizers","13":"product_tag-anti-aging","14":"product_tag-centella-asiatica","15":"product_tag-haruharu-wonder","16":"product_tag-hydrating-cream","17":"product_tag-korean-skincare","18":"product_tag-moisturizing-cream","19":"product_tag-nourishing-cream","20":"product_tag-peptide-cream","21":"product_tag-skin-elasticity","22":"product_tag-youthful-glow","24":"first","25":"instock","26":"sale","27":"shipping-taxable","28":"purchasable","29":"product-type-simple"},"yoast_head":"<!-- This site is optimized with the Yoast SEO plugin v24.3 - https:\/\/yoast.com\/wordpress\/plugins\/seo\/ -->\n<title>Haruharu Wonder Centella Phyto &amp; 5 Peptide Concentrate Cream 30ml - Skin Glam<\/title>\n<meta name=\"description\" content=\"A cream that nourishes and strengthens skin with centella asiatica and five peptides for improved elasticity, hydration, and a youthful glow.\" \/>\n<meta name=\"robots\" content=\"index, follow, max-snippet:-1, max-image-preview:large, max-video-preview:-1\" \/>\n<link rel=\"canonical\" href=\"https:\/\/skinglam.eu\/pl\/produkt\/haruharu-wonder-centella-phyto-5-peptide-concentrate-cream-30ml\/\" \/>\n<meta property=\"og:locale\" content=\"pl_PL\" \/>\n<meta property=\"og:type\" content=\"article\" \/>\n<meta property=\"og:title\" content=\"Haruharu Wonder Centella Phyto &amp; 5 Peptide Concentrate Cream 30ml - Skin Glam\" \/>\n<meta property=\"og:description\" content=\"A cream that nourishes and strengthens skin with centella asiatica and five peptides for improved elasticity, hydration, and a youthful glow.\" \/>\n<meta property=\"og:url\" content=\"https:\/\/skinglam.eu\/pl\/produkt\/haruharu-wonder-centella-phyto-5-peptide-concentrate-cream-30ml\/\" \/>\n<meta property=\"og:site_name\" content=\"Skin Glam\" \/>\n<meta property=\"article:publisher\" content=\"https:\/\/www.instagram.com\/skinglam.si\" \/>\n<meta property=\"article:modified_time\" content=\"2026-04-18T11:26:14+00:00\" \/>\n<meta property=\"og:image\" content=\"https:\/\/skinglam.eu\/wp-content\/uploads\/2025\/10\/Haruharu-Centella-Phyto-5-Peptide-Concentrate-Cream-30ml.jpg\" \/>\n\t<meta property=\"og:image:width\" content=\"1500\" \/>\n\t<meta property=\"og:image:height\" content=\"1500\" \/>\n\t<meta property=\"og:image:type\" content=\"image\/jpeg\" \/>\n<meta name=\"twitter:card\" content=\"summary_large_image\" \/>\n<meta name=\"twitter:label1\" content=\"Szacowany czas czytania\" \/>\n\t<meta name=\"twitter:data1\" content=\"1 minuta\" \/>\n<script type=\"application\/ld+json\" class=\"yoast-schema-graph\">{\"@context\":\"https:\/\/schema.org\",\"@graph\":[{\"@type\":\"WebPage\",\"@id\":\"https:\/\/skinglam.eu\/product\/haruharu-wonder-centella-phyto-5-peptide-concentrate-cream-30ml\/\",\"url\":\"https:\/\/skinglam.eu\/product\/haruharu-wonder-centella-phyto-5-peptide-concentrate-cream-30ml\/\",\"name\":\"Haruharu Wonder Centella Phyto & 5 Peptide Concentrate Cream 30ml - Skin Glam\",\"isPartOf\":{\"@id\":\"https:\/\/skinglam.eu\/hr\/#website\"},\"primaryImageOfPage\":{\"@id\":\"https:\/\/skinglam.eu\/product\/haruharu-wonder-centella-phyto-5-peptide-concentrate-cream-30ml\/#primaryimage\"},\"image\":{\"@id\":\"https:\/\/skinglam.eu\/product\/haruharu-wonder-centella-phyto-5-peptide-concentrate-cream-30ml\/#primaryimage\"},\"thumbnailUrl\":\"https:\/\/skinglam.eu\/wp-content\/uploads\/2025\/10\/Haruharu-Centella-Phyto-5-Peptide-Concentrate-Cream-30ml.jpg\",\"datePublished\":\"2025-10-11T19:21:27+00:00\",\"dateModified\":\"2026-04-18T11:26:14+00:00\",\"description\":\"A cream that nourishes and strengthens skin with centella asiatica and five peptides for improved elasticity, hydration, and a youthful glow.\",\"breadcrumb\":{\"@id\":\"https:\/\/skinglam.eu\/product\/haruharu-wonder-centella-phyto-5-peptide-concentrate-cream-30ml\/#breadcrumb\"},\"inLanguage\":\"pl-PL\",\"potentialAction\":[{\"@type\":\"ReadAction\",\"target\":[\"https:\/\/skinglam.eu\/product\/haruharu-wonder-centella-phyto-5-peptide-concentrate-cream-30ml\/\"]}]},{\"@type\":\"ImageObject\",\"inLanguage\":\"pl-PL\",\"@id\":\"https:\/\/skinglam.eu\/product\/haruharu-wonder-centella-phyto-5-peptide-concentrate-cream-30ml\/#primaryimage\",\"url\":\"https:\/\/skinglam.eu\/wp-content\/uploads\/2025\/10\/Haruharu-Centella-Phyto-5-Peptide-Concentrate-Cream-30ml.jpg\",\"contentUrl\":\"https:\/\/skinglam.eu\/wp-content\/uploads\/2025\/10\/Haruharu-Centella-Phyto-5-Peptide-Concentrate-Cream-30ml.jpg\",\"width\":1500,\"height\":1500,\"caption\":\"Haruharu Wonder Centella Phyto & 5 Peptide Concentrate Cream \u2014 nourishing hydration with centella and peptides for youthful skin.\"},{\"@type\":\"BreadcrumbList\",\"@id\":\"https:\/\/skinglam.eu\/product\/haruharu-wonder-centella-phyto-5-peptide-concentrate-cream-30ml\/#breadcrumb\",\"itemListElement\":[{\"@type\":\"ListItem\",\"position\":1,\"name\":\"Home\",\"item\":\"https:\/\/skinglam.eu\/\"},{\"@type\":\"ListItem\",\"position\":2,\"name\":\"Shop\",\"item\":\"https:\/\/skinglam.eu\/hr\/shop\/\"},{\"@type\":\"ListItem\",\"position\":3,\"name\":\"Haruharu Wonder Centella Phyto &#038; 5 Peptide Concentrate Cream 30ml\"}]},{\"@type\":\"WebSite\",\"@id\":\"https:\/\/skinglam.eu\/hr\/#website\",\"url\":\"https:\/\/skinglam.eu\/hr\/\",\"name\":\"Skin Glam\",\"description\":\"K-beauty Shop\",\"publisher\":{\"@id\":\"https:\/\/skinglam.eu\/hr\/#organization\"},\"potentialAction\":[{\"@type\":\"SearchAction\",\"target\":{\"@type\":\"EntryPoint\",\"urlTemplate\":\"https:\/\/skinglam.eu\/hr\/?s={search_term_string}\"},\"query-input\":{\"@type\":\"PropertyValueSpecification\",\"valueRequired\":true,\"valueName\":\"search_term_string\"}}],\"inLanguage\":\"pl-PL\"},{\"@type\":\"Organization\",\"@id\":\"https:\/\/skinglam.eu\/hr\/#organization\",\"name\":\"SkinGlam d.o.o.\",\"url\":\"https:\/\/skinglam.eu\/hr\/\",\"logo\":{\"@type\":\"ImageObject\",\"inLanguage\":\"pl-PL\",\"@id\":\"https:\/\/skinglam.eu\/hr\/#\/schema\/logo\/image\/\",\"url\":\"https:\/\/skinglam.eu\/wp-content\/uploads\/2024\/09\/logo.jpg\",\"contentUrl\":\"https:\/\/skinglam.eu\/wp-content\/uploads\/2024\/09\/logo.jpg\",\"width\":883,\"height\":833,\"caption\":\"SkinGlam d.o.o.\"},\"image\":{\"@id\":\"https:\/\/skinglam.eu\/hr\/#\/schema\/logo\/image\/\"},\"sameAs\":[\"https:\/\/www.instagram.com\/skinglam.si\"]}]}<\/script>\n<!-- \/ Yoast SEO plugin. -->","yoast_head_json":{"title":"Haruharu Wonder Centella Phyto & 5 Peptide Concentrate Cream 30ml - Skin Glam","description":"A cream that nourishes and strengthens skin with centella asiatica and five peptides for improved elasticity, hydration, and a youthful glow.","robots":{"index":"index","follow":"follow","max-snippet":"max-snippet:-1","max-image-preview":"max-image-preview:large","max-video-preview":"max-video-preview:-1"},"canonical":"https:\/\/skinglam.eu\/pl\/produkt\/haruharu-wonder-centella-phyto-5-peptide-concentrate-cream-30ml\/","og_locale":"pl_PL","og_type":"article","og_title":"Haruharu Wonder Centella Phyto & 5 Peptide Concentrate Cream 30ml - Skin Glam","og_description":"A cream that nourishes and strengthens skin with centella asiatica and five peptides for improved elasticity, hydration, and a youthful glow.","og_url":"https:\/\/skinglam.eu\/pl\/produkt\/haruharu-wonder-centella-phyto-5-peptide-concentrate-cream-30ml\/","og_site_name":"Skin Glam","article_publisher":"https:\/\/www.instagram.com\/skinglam.si","article_modified_time":"2026-04-18T11:26:14+00:00","og_image":[{"width":1500,"height":1500,"url":"https:\/\/skinglam.eu\/wp-content\/uploads\/2025\/10\/Haruharu-Centella-Phyto-5-Peptide-Concentrate-Cream-30ml.jpg","type":"image\/jpeg"}],"twitter_card":"summary_large_image","twitter_misc":{"Szacowany czas czytania":"1 minuta"},"schema":{"@context":"https:\/\/schema.org","@graph":[{"@type":"WebPage","@id":"https:\/\/skinglam.eu\/product\/haruharu-wonder-centella-phyto-5-peptide-concentrate-cream-30ml\/","url":"https:\/\/skinglam.eu\/product\/haruharu-wonder-centella-phyto-5-peptide-concentrate-cream-30ml\/","name":"Haruharu Wonder Centella Phyto & 5 Peptide Concentrate Cream 30ml - Skin Glam","isPartOf":{"@id":"https:\/\/skinglam.eu\/hr\/#website"},"primaryImageOfPage":{"@id":"https:\/\/skinglam.eu\/product\/haruharu-wonder-centella-phyto-5-peptide-concentrate-cream-30ml\/#primaryimage"},"image":{"@id":"https:\/\/skinglam.eu\/product\/haruharu-wonder-centella-phyto-5-peptide-concentrate-cream-30ml\/#primaryimage"},"thumbnailUrl":"https:\/\/skinglam.eu\/wp-content\/uploads\/2025\/10\/Haruharu-Centella-Phyto-5-Peptide-Concentrate-Cream-30ml.jpg","datePublished":"2025-10-11T19:21:27+00:00","dateModified":"2026-04-18T11:26:14+00:00","description":"A cream that nourishes and strengthens skin with centella asiatica and five peptides for improved elasticity, hydration, and a youthful glow.","breadcrumb":{"@id":"https:\/\/skinglam.eu\/product\/haruharu-wonder-centella-phyto-5-peptide-concentrate-cream-30ml\/#breadcrumb"},"inLanguage":"pl-PL","potentialAction":[{"@type":"ReadAction","target":["https:\/\/skinglam.eu\/product\/haruharu-wonder-centella-phyto-5-peptide-concentrate-cream-30ml\/"]}]},{"@type":"ImageObject","inLanguage":"pl-PL","@id":"https:\/\/skinglam.eu\/product\/haruharu-wonder-centella-phyto-5-peptide-concentrate-cream-30ml\/#primaryimage","url":"https:\/\/skinglam.eu\/wp-content\/uploads\/2025\/10\/Haruharu-Centella-Phyto-5-Peptide-Concentrate-Cream-30ml.jpg","contentUrl":"https:\/\/skinglam.eu\/wp-content\/uploads\/2025\/10\/Haruharu-Centella-Phyto-5-Peptide-Concentrate-Cream-30ml.jpg","width":1500,"height":1500,"caption":"Haruharu Wonder Centella Phyto & 5 Peptide Concentrate Cream \u2014 nourishing hydration with centella and peptides for youthful skin."},{"@type":"BreadcrumbList","@id":"https:\/\/skinglam.eu\/product\/haruharu-wonder-centella-phyto-5-peptide-concentrate-cream-30ml\/#breadcrumb","itemListElement":[{"@type":"ListItem","position":1,"name":"Home","item":"https:\/\/skinglam.eu\/"},{"@type":"ListItem","position":2,"name":"Shop","item":"https:\/\/skinglam.eu\/hr\/shop\/"},{"@type":"ListItem","position":3,"name":"Haruharu Wonder Centella Phyto &#038; 5 Peptide Concentrate Cream 30ml"}]},{"@type":"WebSite","@id":"https:\/\/skinglam.eu\/hr\/#website","url":"https:\/\/skinglam.eu\/hr\/","name":"Skin Glam","description":"K-beauty Shop","publisher":{"@id":"https:\/\/skinglam.eu\/hr\/#organization"},"potentialAction":[{"@type":"SearchAction","target":{"@type":"EntryPoint","urlTemplate":"https:\/\/skinglam.eu\/hr\/?s={search_term_string}"},"query-input":{"@type":"PropertyValueSpecification","valueRequired":true,"valueName":"search_term_string"}}],"inLanguage":"pl-PL"},{"@type":"Organization","@id":"https:\/\/skinglam.eu\/hr\/#organization","name":"SkinGlam d.o.o.","url":"https:\/\/skinglam.eu\/hr\/","logo":{"@type":"ImageObject","inLanguage":"pl-PL","@id":"https:\/\/skinglam.eu\/hr\/#\/schema\/logo\/image\/","url":"https:\/\/skinglam.eu\/wp-content\/uploads\/2024\/09\/logo.jpg","contentUrl":"https:\/\/skinglam.eu\/wp-content\/uploads\/2024\/09\/logo.jpg","width":883,"height":833,"caption":"SkinGlam d.o.o."},"image":{"@id":"https:\/\/skinglam.eu\/hr\/#\/schema\/logo\/image\/"},"sameAs":["https:\/\/www.instagram.com\/skinglam.si"]}]}},"_links":{"self":[{"href":"https:\/\/skinglam.eu\/pl\/wp-json\/wp\/v2\/product\/5334","targetHints":{"allow":["GET"]}}],"collection":[{"href":"https:\/\/skinglam.eu\/pl\/wp-json\/wp\/v2\/product"}],"about":[{"href":"https:\/\/skinglam.eu\/pl\/wp-json\/wp\/v2\/types\/product"}],"replies":[{"embeddable":true,"href":"https:\/\/skinglam.eu\/pl\/wp-json\/wp\/v2\/comments?post=5334"}],"version-history":[{"count":1,"href":"https:\/\/skinglam.eu\/pl\/wp-json\/wp\/v2\/product\/5334\/revisions"}],"predecessor-version":[{"id":5336,"href":"https:\/\/skinglam.eu\/pl\/wp-json\/wp\/v2\/product\/5334\/revisions\/5336"}],"wp:featuredmedia":[{"embeddable":true,"href":"https:\/\/skinglam.eu\/pl\/wp-json\/wp\/v2\/media\/5335"}],"wp:attachment":[{"href":"https:\/\/skinglam.eu\/pl\/wp-json\/wp\/v2\/media?parent=5334"}],"wp:term":[{"taxonomy":"brand","embeddable":true,"href":"https:\/\/skinglam.eu\/pl\/wp-json\/wp\/v2\/etheme_brands?post=5334"},{"taxonomy":"product_cat","embeddable":true,"href":"https:\/\/skinglam.eu\/pl\/wp-json\/wp\/v2\/product_cat?post=5334"},{"taxonomy":"product_tag","embeddable":true,"href":"https:\/\/skinglam.eu\/pl\/wp-json\/wp\/v2\/product_tag?post=5334"}],"curies":[{"name":"wp","href":"https:\/\/api.w.org\/{rel}","templated":true}]}}