{"id":2214,"date":"2023-09-14T08:07:26","date_gmt":"2023-09-14T08:07:26","guid":{"rendered":"https:\/\/skin.ocstesting.mk\/?page_id=2214"},"modified":"2023-09-14T08:07:40","modified_gmt":"2023-09-14T08:07:40","slug":"returns-policy","status":"publish","type":"page","link":"https:\/\/skinglam.eu\/pt\/returns-policy\/","title":{"rendered":"Pol\u00edtica de Devolu\u00e7\u00f5es"},"content":{"rendered":"<p>&nbsp;<\/p>\n<p>&nbsp;<\/p>\n<p><strong>Pol\u00edtica de Devolu\u00e7\u00f5es<\/strong><\/p>\n<p><strong>\u00a0<\/strong><\/p>\n<p>Temos uma pol\u00edtica de devolu\u00e7\u00e3o de 14 dias, o que significa que voc\u00ea tem 14 dias ap\u00f3s o recebimento do produto para solicitar uma devolu\u00e7\u00e3o.<\/p>\n<p>Para ser eleg\u00edvel para uma devolu\u00e7\u00e3o, o produto deve estar nas mesmas condi\u00e7\u00f5es em que foi recebido: sem uso, lacrado e na embalagem original, com todos os acess\u00f3rios fornecidos (amostras, brindes etc.). Voc\u00ea tamb\u00e9m precisar\u00e1 do recibo ou comprovante de compra. Os custos de envio para a devolu\u00e7\u00e3o do produto s\u00e3o de responsabilidade do cliente.<\/p>\n<p>O comprador \u00e9 respons\u00e1vel por cobrir todas as despesas associadas \u00e0 devolu\u00e7\u00e3o do produto. Isso inclui o custo do frete original, as despesas de envio da devolu\u00e7\u00e3o e quaisquer taxas cobradas pelo banco da empresa \u00e0 SKIN GLAM doo, conforme descrito na tabela de pre\u00e7os vigente. Se o valor do produto devolvido exceder essas despesas, o comprador dever\u00e1 arcar com o valor adicional. Nos casos em que o comprador estiver devolvendo um produto que originalmente tinha frete gr\u00e1tis, o valor total do frete para o envio do pacote ser\u00e1 retido.<\/p>\n<p>Caso seu pedido seja devolvido devido a um endere\u00e7o incorreto, reembolsaremos o valor pago, deduzindo-se a taxa de envio.<\/p>\n<p>Para iniciar uma devolu\u00e7\u00e3o, entre em contato conosco pelo endere\u00e7o: <a href=\"mailto:hello@skinglam.si\">hello@skinglam.si<\/a>.<\/p>\n<p>Itens devolvidos sem solicita\u00e7\u00e3o pr\u00e9via de devolu\u00e7\u00e3o n\u00e3o ser\u00e3o aceitos. Observe que a taxa de envio da devolu\u00e7\u00e3o n\u00e3o ser\u00e1 coberta pela SKIN GLAM, a menos que o produto esteja danificado ou tenha sido enviado incorretamente.<\/p>\n<p>Voc\u00ea sempre pode entrar em contato conosco para qualquer d\u00favida sobre devolu\u00e7\u00f5es.\u00a0<a href=\"mailto:hello@skinglam.si\">hello@skinglam.si<\/a>.<\/p>\n<p><strong>Danos e problemas\u00a0<\/strong><\/p>\n<p>Por favor, inspecione seu pedido assim que o receber e entre em contato conosco imediatamente, incluindo fotos, caso o item esteja com defeito, danificado ou se voc\u00ea recebeu o item errado, para que possamos avaliar o problema e resolv\u00ea-lo.<\/p>\n<p><strong>Exce\u00e7\u00f5es \/ itens n\u00e3o retorn\u00e1veis<\/strong><\/p>\n<p>Infelizmente, n\u00e3o podemos aceitar devolu\u00e7\u00f5es de itens em promo\u00e7\u00e3o ou vales-presente. Tamb\u00e9m n\u00e3o aceitamos itens que foram abertos e usados.<\/p>\n<p><strong>Trocas<\/strong><\/p>\n<p>A maneira mais r\u00e1pida de garantir que voc\u00ea receba o que deseja \u00e9 devolver o item que voc\u00ea tem e, assim que a devolu\u00e7\u00e3o for aceita, fazer uma nova compra do item desejado.<\/p>\n<p>&nbsp;<\/p>\n<p>Reembolsos<\/p>\n<p>Assim que recebermos e inspecionarmos sua devolu\u00e7\u00e3o, entraremos em contato para informar se o reembolso foi aprovado ou n\u00e3o. Se aprovado, o reembolso ser\u00e1 feito automaticamente para o m\u00e9todo de pagamento original. Lembre-se de que o processamento e a efetiva\u00e7\u00e3o do reembolso pelo seu banco ou operadora de cart\u00e3o de cr\u00e9dito podem levar at\u00e9 30 dias.<\/p>\n<table>\n<tbody>\n<tr>\n<td width=\"44\"><\/td>\n<td width=\"950\"><\/td>\n<\/tr>\n<\/tbody>\n<\/table>\n<p>&nbsp;<\/p>","protected":false},"excerpt":{"rendered":"<p>&nbsp; &nbsp; Returns Policy \u00a0 We have a 14-day return policy, which means you have 14 days after receiving your item to request a return&#8230;.<\/p>","protected":false},"author":1,"featured_media":0,"parent":0,"menu_order":0,"comment_status":"closed","ping_status":"closed","template":"","meta":{"_monsterinsights_skip_tracking":false,"_monsterinsights_sitenote_active":false,"_monsterinsights_sitenote_note":"","_monsterinsights_sitenote_category":0,"_uf_show_specific_survey":0,"_uf_disable_surveys":false,"footnotes":""},"class_list":["post-2214","page","type-page","status-publish","hentry"],"yoast_head":"<!-- This site is optimized with the Yoast SEO plugin v24.3 - https:\/\/yoast.com\/wordpress\/plugins\/seo\/ -->\n<title>Returns Policy - Skin Glam<\/title>\n<meta name=\"robots\" content=\"index, follow, max-snippet:-1, max-image-preview:large, max-video-preview:-1\" \/>\n<link rel=\"canonical\" href=\"https:\/\/skinglam.eu\/pt\/returns-policy\/\" \/>\n<meta property=\"og:locale\" content=\"pt_PT\" \/>\n<meta property=\"og:type\" content=\"article\" \/>\n<meta property=\"og:title\" content=\"Returns Policy - Skin Glam\" \/>\n<meta property=\"og:description\" content=\"&nbsp; &nbsp; Returns Policy \u00a0 We have a 14-day return policy, which means you have 14 days after receiving your item to request a return....\" \/>\n<meta property=\"og:url\" content=\"https:\/\/skinglam.eu\/pt\/returns-policy\/\" \/>\n<meta property=\"og:site_name\" content=\"Skin Glam\" \/>\n<meta property=\"article:publisher\" content=\"https:\/\/www.instagram.com\/skinglam.si\" \/>\n<meta property=\"article:modified_time\" content=\"2023-09-14T08:07:40+00:00\" \/>\n<meta name=\"twitter:card\" content=\"summary_large_image\" \/>\n<meta name=\"twitter:label1\" content=\"Tempo estimado de leitura\" \/>\n\t<meta name=\"twitter:data1\" content=\"2 minutos\" \/>\n<script type=\"application\/ld+json\" class=\"yoast-schema-graph\">{\"@context\":\"https:\/\/schema.org\",\"@graph\":[{\"@type\":\"WebPage\",\"@id\":\"https:\/\/skinglam.eu\/returns-policy\/\",\"url\":\"https:\/\/skinglam.eu\/returns-policy\/\",\"name\":\"Returns Policy - Skin Glam\",\"isPartOf\":{\"@id\":\"https:\/\/skinglam.eu\/hr\/#website\"},\"datePublished\":\"2023-09-14T08:07:26+00:00\",\"dateModified\":\"2023-09-14T08:07:40+00:00\",\"breadcrumb\":{\"@id\":\"https:\/\/skinglam.eu\/returns-policy\/#breadcrumb\"},\"inLanguage\":\"pt-PT\",\"potentialAction\":[{\"@type\":\"ReadAction\",\"target\":[\"https:\/\/skinglam.eu\/returns-policy\/\"]}]},{\"@type\":\"BreadcrumbList\",\"@id\":\"https:\/\/skinglam.eu\/returns-policy\/#breadcrumb\",\"itemListElement\":[{\"@type\":\"ListItem\",\"position\":1,\"name\":\"Home\",\"item\":\"https:\/\/skinglam.eu\/\"},{\"@type\":\"ListItem\",\"position\":2,\"name\":\"Returns Policy\"}]},{\"@type\":\"WebSite\",\"@id\":\"https:\/\/skinglam.eu\/hr\/#website\",\"url\":\"https:\/\/skinglam.eu\/hr\/\",\"name\":\"Skin Glam\",\"description\":\"K-beauty Shop\",\"publisher\":{\"@id\":\"https:\/\/skinglam.eu\/hr\/#organization\"},\"potentialAction\":[{\"@type\":\"SearchAction\",\"target\":{\"@type\":\"EntryPoint\",\"urlTemplate\":\"https:\/\/skinglam.eu\/hr\/?s={search_term_string}\"},\"query-input\":{\"@type\":\"PropertyValueSpecification\",\"valueRequired\":true,\"valueName\":\"search_term_string\"}}],\"inLanguage\":\"pt-PT\"},{\"@type\":\"Organization\",\"@id\":\"https:\/\/skinglam.eu\/hr\/#organization\",\"name\":\"SkinGlam d.o.o.\",\"url\":\"https:\/\/skinglam.eu\/hr\/\",\"logo\":{\"@type\":\"ImageObject\",\"inLanguage\":\"pt-PT\",\"@id\":\"https:\/\/skinglam.eu\/hr\/#\/schema\/logo\/image\/\",\"url\":\"https:\/\/skinglam.eu\/wp-content\/uploads\/2024\/09\/logo.jpg\",\"contentUrl\":\"https:\/\/skinglam.eu\/wp-content\/uploads\/2024\/09\/logo.jpg\",\"width\":883,\"height\":833,\"caption\":\"SkinGlam d.o.o.\"},\"image\":{\"@id\":\"https:\/\/skinglam.eu\/hr\/#\/schema\/logo\/image\/\"},\"sameAs\":[\"https:\/\/www.instagram.com\/skinglam.si\"]}]}<\/script>\n<!-- \/ Yoast SEO plugin. -->","yoast_head_json":{"title":"Returns Policy - Skin Glam","robots":{"index":"index","follow":"follow","max-snippet":"max-snippet:-1","max-image-preview":"max-image-preview:large","max-video-preview":"max-video-preview:-1"},"canonical":"https:\/\/skinglam.eu\/pt\/returns-policy\/","og_locale":"pt_PT","og_type":"article","og_title":"Returns Policy - Skin Glam","og_description":"&nbsp; &nbsp; Returns Policy \u00a0 We have a 14-day return policy, which means you have 14 days after receiving your item to request a return....","og_url":"https:\/\/skinglam.eu\/pt\/returns-policy\/","og_site_name":"Skin Glam","article_publisher":"https:\/\/www.instagram.com\/skinglam.si","article_modified_time":"2023-09-14T08:07:40+00:00","twitter_card":"summary_large_image","twitter_misc":{"Tempo estimado de leitura":"2 minutos"},"schema":{"@context":"https:\/\/schema.org","@graph":[{"@type":"WebPage","@id":"https:\/\/skinglam.eu\/returns-policy\/","url":"https:\/\/skinglam.eu\/returns-policy\/","name":"Returns Policy - Skin Glam","isPartOf":{"@id":"https:\/\/skinglam.eu\/hr\/#website"},"datePublished":"2023-09-14T08:07:26+00:00","dateModified":"2023-09-14T08:07:40+00:00","breadcrumb":{"@id":"https:\/\/skinglam.eu\/returns-policy\/#breadcrumb"},"inLanguage":"pt-PT","potentialAction":[{"@type":"ReadAction","target":["https:\/\/skinglam.eu\/returns-policy\/"]}]},{"@type":"BreadcrumbList","@id":"https:\/\/skinglam.eu\/returns-policy\/#breadcrumb","itemListElement":[{"@type":"ListItem","position":1,"name":"Home","item":"https:\/\/skinglam.eu\/"},{"@type":"ListItem","position":2,"name":"Returns Policy"}]},{"@type":"WebSite","@id":"https:\/\/skinglam.eu\/hr\/#website","url":"https:\/\/skinglam.eu\/hr\/","name":"Skin Glam","description":"K-beauty Shop","publisher":{"@id":"https:\/\/skinglam.eu\/hr\/#organization"},"potentialAction":[{"@type":"SearchAction","target":{"@type":"EntryPoint","urlTemplate":"https:\/\/skinglam.eu\/hr\/?s={search_term_string}"},"query-input":{"@type":"PropertyValueSpecification","valueRequired":true,"valueName":"search_term_string"}}],"inLanguage":"pt-PT"},{"@type":"Organization","@id":"https:\/\/skinglam.eu\/hr\/#organization","name":"SkinGlam d.o.o.","url":"https:\/\/skinglam.eu\/hr\/","logo":{"@type":"ImageObject","inLanguage":"pt-PT","@id":"https:\/\/skinglam.eu\/hr\/#\/schema\/logo\/image\/","url":"https:\/\/skinglam.eu\/wp-content\/uploads\/2024\/09\/logo.jpg","contentUrl":"https:\/\/skinglam.eu\/wp-content\/uploads\/2024\/09\/logo.jpg","width":883,"height":833,"caption":"SkinGlam d.o.o."},"image":{"@id":"https:\/\/skinglam.eu\/hr\/#\/schema\/logo\/image\/"},"sameAs":["https:\/\/www.instagram.com\/skinglam.si"]}]}},"_links":{"self":[{"href":"https:\/\/skinglam.eu\/pt\/wp-json\/wp\/v2\/pages\/2214","targetHints":{"allow":["GET"]}}],"collection":[{"href":"https:\/\/skinglam.eu\/pt\/wp-json\/wp\/v2\/pages"}],"about":[{"href":"https:\/\/skinglam.eu\/pt\/wp-json\/wp\/v2\/types\/page"}],"author":[{"embeddable":true,"href":"https:\/\/skinglam.eu\/pt\/wp-json\/wp\/v2\/users\/1"}],"replies":[{"embeddable":true,"href":"https:\/\/skinglam.eu\/pt\/wp-json\/wp\/v2\/comments?post=2214"}],"version-history":[{"count":2,"href":"https:\/\/skinglam.eu\/pt\/wp-json\/wp\/v2\/pages\/2214\/revisions"}],"predecessor-version":[{"id":2216,"href":"https:\/\/skinglam.eu\/pt\/wp-json\/wp\/v2\/pages\/2214\/revisions\/2216"}],"wp:attachment":[{"href":"https:\/\/skinglam.eu\/pt\/wp-json\/wp\/v2\/media?parent=2214"}],"curies":[{"name":"wp","href":"https:\/\/api.w.org\/{rel}","templated":true}]}}