{"id":1889,"date":"2023-09-13T10:37:09","date_gmt":"2023-09-13T10:37:09","guid":{"rendered":"https:\/\/skin.ocstesting.mk\/?post_type=product&#038;p=1889"},"modified":"2026-04-18T19:55:10","modified_gmt":"2026-04-18T19:55:10","slug":"madagascar-centella-probio-cica-intensive-ampoule","status":"publish","type":"product","link":"https:\/\/skinglam.eu\/pt\/produto\/madagascar-centella-probio-cica-intensive-ampoule\/","title":{"rendered":"Madagascar Centella Probio-Cica Intensive Ampoule 50ml"},"content":{"rendered":"<p><strong>SKIN1004 Ampola Intensiva Probio-Cica 50ml<\/strong><\/p>\n<p>Apresentamos a inovadora Ampola Calmante Fermentada de Centella de Madagascar \u2013 uma obra-prima de cuidado da pele meticulosamente elaborada para proporcionar calma e nutri\u00e7\u00e3o incompar\u00e1veis \u00e0 sua pele.<\/p>\n<p><strong>Caracter\u00edsticas principais:<\/strong><\/p>\n<p><strong>Calmante M\u00e1ximo: <\/strong><\/p>\n<p>Mergulhe a sua pele no poder calmante da Centella Asiatica fermentada de Madag\u00e1scar, combinada com Probio-cica e TECA para uma experi\u00eancia calmante ideal.<\/p>\n<p><strong>Barreira de pele mais forte: <\/strong><\/p>\n<p>Fortale\u00e7a a sua pele com Ceramida NP e cica de alta qualidade. Esses ingredientes intensificam a absor\u00e7\u00e3o de umidade e reparam as barreiras danificadas.<\/p>\n<p><strong>Bloqueio de umidade semelhante a lip\u00eddios da pele:<\/strong><\/p>\n<p>Experimente uma hidrata\u00e7\u00e3o excepcional com uma propor\u00e7\u00e3o \u00e1urea de ceramida, fitoesterol e \u00e1cidos graxos (3:1:1). Isso ret\u00e9m a umidade, mantendo a pele lindamente hidratada.<\/p>\n<p><strong>F\u00f3rmula avan\u00e7ada, acabamento sedoso: <\/strong><\/p>\n<p>Eleve o cuidado da sua pele com a nossa ampola de alta concentra\u00e7\u00e3o. \u00c9 absorvido sem esfor\u00e7o, deixando um acabamento sedoso e luxuoso.<\/p>\n<p>Experimente os benef\u00edcios calmantes, hidratantes e revitalizantes da nossa Ampola Centella Probio para uma pele resiliente e radiante.<\/p>\n<p><strong>Observa\u00e7\u00e3o:<\/strong> As descri\u00e7\u00f5es acima baseiam-se nas informa\u00e7\u00f5es fornecidas e limitam-se \u00e0s caracter\u00edsticas das mat\u00e9rias-primas.<\/p>","protected":false},"excerpt":{"rendered":"<p>SKIN1004 Probio-Cica Intensive Ampoule 50ml Presenting the groundbreaking Fermented Madagascan Centella Calming Ampoule \u2013 a skincare masterpiece meticulously crafted to deliver unparalleled calmness and nourishment&#8230;<\/p>","protected":false},"featured_media":4344,"comment_status":"open","ping_status":"closed","template":"","meta":{"_monsterinsights_skip_tracking":false,"_monsterinsights_sitenote_active":false,"_monsterinsights_sitenote_note":"","_monsterinsights_sitenote_category":0,"_uf_show_specific_survey":0,"_uf_disable_surveys":false},"etheme_brands":[{"term_id":96,"name":"SKIN1004","slug":"skin1004","term_group":0,"term_taxonomy_id":96,"taxonomy":"brand","description":"","parent":0,"count":19,"filter":"raw"}],"product_cat":[135,137,139,140,141,66],"product_tag":[],"class_list":{"0":"post-1889","1":"product","2":"type-product","3":"status-publish","4":"has-post-thumbnail","6":"brand-skin1004","7":"product_cat-anti-aging","8":"product_cat-combination","9":"product_cat-dry","10":"product_cat-dryness","11":"product_cat-normal","12":"product_cat-serums-ampoules","14":"first","15":"instock","16":"sale","17":"shipping-taxable","18":"purchasable","19":"product-type-simple"},"yoast_head":"<!-- This site is optimized with the Yoast SEO plugin v24.3 - https:\/\/yoast.com\/wordpress\/plugins\/seo\/ -->\n<title>Madagascar Centella Probio-Cica Intensive Ampoule 50ml - Skin Glam<\/title>\n<meta name=\"robots\" content=\"index, follow, max-snippet:-1, max-image-preview:large, max-video-preview:-1\" \/>\n<link rel=\"canonical\" href=\"https:\/\/skinglam.eu\/pt\/produto\/madagascar-centella-probio-cica-intensive-ampoule\/\" \/>\n<meta property=\"og:locale\" content=\"pt_PT\" \/>\n<meta property=\"og:type\" content=\"article\" \/>\n<meta property=\"og:title\" content=\"Madagascar Centella Probio-Cica Intensive Ampoule 50ml - Skin Glam\" \/>\n<meta property=\"og:description\" content=\"SKIN1004 Probio-Cica Intensive Ampoule 50ml Presenting the groundbreaking Fermented Madagascan Centella Calming Ampoule \u2013 a skincare masterpiece meticulously crafted to deliver unparalleled calmness and nourishment...\" \/>\n<meta property=\"og:url\" content=\"https:\/\/skinglam.eu\/pt\/produto\/madagascar-centella-probio-cica-intensive-ampoule\/\" \/>\n<meta property=\"og:site_name\" content=\"Skin Glam\" \/>\n<meta property=\"article:publisher\" content=\"https:\/\/www.instagram.com\/skinglam.si\" \/>\n<meta property=\"article:modified_time\" content=\"2026-04-18T19:55:10+00:00\" \/>\n<meta property=\"og:image\" content=\"https:\/\/skinglam.eu\/wp-content\/uploads\/2023\/09\/centella_madagascar_probio_cica_intensive_ampoule.jpg\" \/>\n\t<meta property=\"og:image:width\" content=\"930\" \/>\n\t<meta property=\"og:image:height\" content=\"926\" \/>\n\t<meta property=\"og:image:type\" content=\"image\/jpeg\" \/>\n<meta name=\"twitter:card\" content=\"summary_large_image\" \/>\n<meta name=\"twitter:label1\" content=\"Tempo estimado de leitura\" \/>\n\t<meta name=\"twitter:data1\" content=\"1 minuto\" \/>\n<script type=\"application\/ld+json\" class=\"yoast-schema-graph\">{\"@context\":\"https:\/\/schema.org\",\"@graph\":[{\"@type\":\"WebPage\",\"@id\":\"https:\/\/skinglam.eu\/product\/madagascar-centella-probio-cica-intensive-ampoule\/\",\"url\":\"https:\/\/skinglam.eu\/product\/madagascar-centella-probio-cica-intensive-ampoule\/\",\"name\":\"Madagascar Centella Probio-Cica Intensive Ampoule 50ml - Skin Glam\",\"isPartOf\":{\"@id\":\"https:\/\/skinglam.eu\/hr\/#website\"},\"primaryImageOfPage\":{\"@id\":\"https:\/\/skinglam.eu\/product\/madagascar-centella-probio-cica-intensive-ampoule\/#primaryimage\"},\"image\":{\"@id\":\"https:\/\/skinglam.eu\/product\/madagascar-centella-probio-cica-intensive-ampoule\/#primaryimage\"},\"thumbnailUrl\":\"https:\/\/skinglam.eu\/wp-content\/uploads\/2023\/09\/centella_madagascar_probio_cica_intensive_ampoule.jpg\",\"datePublished\":\"2023-09-13T10:37:09+00:00\",\"dateModified\":\"2026-04-18T19:55:10+00:00\",\"breadcrumb\":{\"@id\":\"https:\/\/skinglam.eu\/product\/madagascar-centella-probio-cica-intensive-ampoule\/#breadcrumb\"},\"inLanguage\":\"pt-PT\",\"potentialAction\":[{\"@type\":\"ReadAction\",\"target\":[\"https:\/\/skinglam.eu\/product\/madagascar-centella-probio-cica-intensive-ampoule\/\"]}]},{\"@type\":\"ImageObject\",\"inLanguage\":\"pt-PT\",\"@id\":\"https:\/\/skinglam.eu\/product\/madagascar-centella-probio-cica-intensive-ampoule\/#primaryimage\",\"url\":\"https:\/\/skinglam.eu\/wp-content\/uploads\/2023\/09\/centella_madagascar_probio_cica_intensive_ampoule.jpg\",\"contentUrl\":\"https:\/\/skinglam.eu\/wp-content\/uploads\/2023\/09\/centella_madagascar_probio_cica_intensive_ampoule.jpg\",\"width\":930,\"height\":926},{\"@type\":\"BreadcrumbList\",\"@id\":\"https:\/\/skinglam.eu\/product\/madagascar-centella-probio-cica-intensive-ampoule\/#breadcrumb\",\"itemListElement\":[{\"@type\":\"ListItem\",\"position\":1,\"name\":\"Home\",\"item\":\"https:\/\/skinglam.eu\/\"},{\"@type\":\"ListItem\",\"position\":2,\"name\":\"Shop\",\"item\":\"https:\/\/skinglam.eu\/hr\/shop\/\"},{\"@type\":\"ListItem\",\"position\":3,\"name\":\"Madagascar Centella Probio-Cica Intensive Ampoule 50ml\"}]},{\"@type\":\"WebSite\",\"@id\":\"https:\/\/skinglam.eu\/hr\/#website\",\"url\":\"https:\/\/skinglam.eu\/hr\/\",\"name\":\"Skin Glam\",\"description\":\"K-beauty Shop\",\"publisher\":{\"@id\":\"https:\/\/skinglam.eu\/hr\/#organization\"},\"potentialAction\":[{\"@type\":\"SearchAction\",\"target\":{\"@type\":\"EntryPoint\",\"urlTemplate\":\"https:\/\/skinglam.eu\/hr\/?s={search_term_string}\"},\"query-input\":{\"@type\":\"PropertyValueSpecification\",\"valueRequired\":true,\"valueName\":\"search_term_string\"}}],\"inLanguage\":\"pt-PT\"},{\"@type\":\"Organization\",\"@id\":\"https:\/\/skinglam.eu\/hr\/#organization\",\"name\":\"SkinGlam d.o.o.\",\"url\":\"https:\/\/skinglam.eu\/hr\/\",\"logo\":{\"@type\":\"ImageObject\",\"inLanguage\":\"pt-PT\",\"@id\":\"https:\/\/skinglam.eu\/hr\/#\/schema\/logo\/image\/\",\"url\":\"https:\/\/skinglam.eu\/wp-content\/uploads\/2024\/09\/logo.jpg\",\"contentUrl\":\"https:\/\/skinglam.eu\/wp-content\/uploads\/2024\/09\/logo.jpg\",\"width\":883,\"height\":833,\"caption\":\"SkinGlam d.o.o.\"},\"image\":{\"@id\":\"https:\/\/skinglam.eu\/hr\/#\/schema\/logo\/image\/\"},\"sameAs\":[\"https:\/\/www.instagram.com\/skinglam.si\"]}]}<\/script>\n<!-- \/ Yoast SEO plugin. -->","yoast_head_json":{"title":"Madagascar Centella Probio-Cica Intensive Ampoule 50ml - Skin Glam","robots":{"index":"index","follow":"follow","max-snippet":"max-snippet:-1","max-image-preview":"max-image-preview:large","max-video-preview":"max-video-preview:-1"},"canonical":"https:\/\/skinglam.eu\/pt\/produto\/madagascar-centella-probio-cica-intensive-ampoule\/","og_locale":"pt_PT","og_type":"article","og_title":"Madagascar Centella Probio-Cica Intensive Ampoule 50ml - Skin Glam","og_description":"SKIN1004 Probio-Cica Intensive Ampoule 50ml Presenting the groundbreaking Fermented Madagascan Centella Calming Ampoule \u2013 a skincare masterpiece meticulously crafted to deliver unparalleled calmness and nourishment...","og_url":"https:\/\/skinglam.eu\/pt\/produto\/madagascar-centella-probio-cica-intensive-ampoule\/","og_site_name":"Skin Glam","article_publisher":"https:\/\/www.instagram.com\/skinglam.si","article_modified_time":"2026-04-18T19:55:10+00:00","og_image":[{"width":930,"height":926,"url":"https:\/\/skinglam.eu\/wp-content\/uploads\/2023\/09\/centella_madagascar_probio_cica_intensive_ampoule.jpg","type":"image\/jpeg"}],"twitter_card":"summary_large_image","twitter_misc":{"Tempo estimado de leitura":"1 minuto"},"schema":{"@context":"https:\/\/schema.org","@graph":[{"@type":"WebPage","@id":"https:\/\/skinglam.eu\/product\/madagascar-centella-probio-cica-intensive-ampoule\/","url":"https:\/\/skinglam.eu\/product\/madagascar-centella-probio-cica-intensive-ampoule\/","name":"Madagascar Centella Probio-Cica Intensive Ampoule 50ml - Skin Glam","isPartOf":{"@id":"https:\/\/skinglam.eu\/hr\/#website"},"primaryImageOfPage":{"@id":"https:\/\/skinglam.eu\/product\/madagascar-centella-probio-cica-intensive-ampoule\/#primaryimage"},"image":{"@id":"https:\/\/skinglam.eu\/product\/madagascar-centella-probio-cica-intensive-ampoule\/#primaryimage"},"thumbnailUrl":"https:\/\/skinglam.eu\/wp-content\/uploads\/2023\/09\/centella_madagascar_probio_cica_intensive_ampoule.jpg","datePublished":"2023-09-13T10:37:09+00:00","dateModified":"2026-04-18T19:55:10+00:00","breadcrumb":{"@id":"https:\/\/skinglam.eu\/product\/madagascar-centella-probio-cica-intensive-ampoule\/#breadcrumb"},"inLanguage":"pt-PT","potentialAction":[{"@type":"ReadAction","target":["https:\/\/skinglam.eu\/product\/madagascar-centella-probio-cica-intensive-ampoule\/"]}]},{"@type":"ImageObject","inLanguage":"pt-PT","@id":"https:\/\/skinglam.eu\/product\/madagascar-centella-probio-cica-intensive-ampoule\/#primaryimage","url":"https:\/\/skinglam.eu\/wp-content\/uploads\/2023\/09\/centella_madagascar_probio_cica_intensive_ampoule.jpg","contentUrl":"https:\/\/skinglam.eu\/wp-content\/uploads\/2023\/09\/centella_madagascar_probio_cica_intensive_ampoule.jpg","width":930,"height":926},{"@type":"BreadcrumbList","@id":"https:\/\/skinglam.eu\/product\/madagascar-centella-probio-cica-intensive-ampoule\/#breadcrumb","itemListElement":[{"@type":"ListItem","position":1,"name":"Home","item":"https:\/\/skinglam.eu\/"},{"@type":"ListItem","position":2,"name":"Shop","item":"https:\/\/skinglam.eu\/hr\/shop\/"},{"@type":"ListItem","position":3,"name":"Madagascar Centella Probio-Cica Intensive Ampoule 50ml"}]},{"@type":"WebSite","@id":"https:\/\/skinglam.eu\/hr\/#website","url":"https:\/\/skinglam.eu\/hr\/","name":"Skin Glam","description":"K-beauty Shop","publisher":{"@id":"https:\/\/skinglam.eu\/hr\/#organization"},"potentialAction":[{"@type":"SearchAction","target":{"@type":"EntryPoint","urlTemplate":"https:\/\/skinglam.eu\/hr\/?s={search_term_string}"},"query-input":{"@type":"PropertyValueSpecification","valueRequired":true,"valueName":"search_term_string"}}],"inLanguage":"pt-PT"},{"@type":"Organization","@id":"https:\/\/skinglam.eu\/hr\/#organization","name":"SkinGlam d.o.o.","url":"https:\/\/skinglam.eu\/hr\/","logo":{"@type":"ImageObject","inLanguage":"pt-PT","@id":"https:\/\/skinglam.eu\/hr\/#\/schema\/logo\/image\/","url":"https:\/\/skinglam.eu\/wp-content\/uploads\/2024\/09\/logo.jpg","contentUrl":"https:\/\/skinglam.eu\/wp-content\/uploads\/2024\/09\/logo.jpg","width":883,"height":833,"caption":"SkinGlam d.o.o."},"image":{"@id":"https:\/\/skinglam.eu\/hr\/#\/schema\/logo\/image\/"},"sameAs":["https:\/\/www.instagram.com\/skinglam.si"]}]}},"_links":{"self":[{"href":"https:\/\/skinglam.eu\/pt\/wp-json\/wp\/v2\/product\/1889","targetHints":{"allow":["GET"]}}],"collection":[{"href":"https:\/\/skinglam.eu\/pt\/wp-json\/wp\/v2\/product"}],"about":[{"href":"https:\/\/skinglam.eu\/pt\/wp-json\/wp\/v2\/types\/product"}],"replies":[{"embeddable":true,"href":"https:\/\/skinglam.eu\/pt\/wp-json\/wp\/v2\/comments?post=1889"}],"version-history":[{"count":6,"href":"https:\/\/skinglam.eu\/pt\/wp-json\/wp\/v2\/product\/1889\/revisions"}],"predecessor-version":[{"id":3409,"href":"https:\/\/skinglam.eu\/pt\/wp-json\/wp\/v2\/product\/1889\/revisions\/3409"}],"wp:featuredmedia":[{"embeddable":true,"href":"https:\/\/skinglam.eu\/pt\/wp-json\/wp\/v2\/media\/4344"}],"wp:attachment":[{"href":"https:\/\/skinglam.eu\/pt\/wp-json\/wp\/v2\/media?parent=1889"}],"wp:term":[{"taxonomy":"brand","embeddable":true,"href":"https:\/\/skinglam.eu\/pt\/wp-json\/wp\/v2\/etheme_brands?post=1889"},{"taxonomy":"product_cat","embeddable":true,"href":"https:\/\/skinglam.eu\/pt\/wp-json\/wp\/v2\/product_cat?post=1889"},{"taxonomy":"product_tag","embeddable":true,"href":"https:\/\/skinglam.eu\/pt\/wp-json\/wp\/v2\/product_tag?post=1889"}],"curies":[{"name":"wp","href":"https:\/\/api.w.org\/{rel}","templated":true}]}}