{"id":2800,"date":"2023-10-27T14:00:17","date_gmt":"2023-10-27T14:00:17","guid":{"rendered":"https:\/\/skinglam.si\/?post_type=product&#038;p=2800"},"modified":"2026-04-18T14:25:43","modified_gmt":"2026-04-18T14:25:43","slug":"axis-y-mugwort-pore-clarifying-wash-off-pack-100ml","status":"publish","type":"product","link":"https:\/\/skinglam.eu\/pt\/produto\/axis-y-mugwort-pore-clarifying-wash-off-pack-100ml\/","title":{"rendered":"Pacote de lavagem clarificadora de poros de artem\u00edsia AXIS-Y 100ml"},"content":{"rendered":"<p>Conhe\u00e7a a solu\u00e7\u00e3o definitiva para poros obstru\u00eddos e tom de pele irregular \u2013 uma verdadeira j\u00f3ia de cuidado da pele. O ingrediente estrela desta m\u00e1scara \u00e9 um robusto extrato de artem\u00edsia 61%, conhecido pelas suas qualidades hidratantes e desintoxicantes.<br \/>\nEsta m\u00e1scara lav\u00e1vel limpa os poros entupidos, acalma a pele inflamada e irritada e esfolia suavemente a pele morta para revelar uma tez brilhante e saud\u00e1vel.<br \/>\nPara maior efic\u00e1cia, apresenta o Complexo Dermatic AC3, uma mistura especial enriquecida com extratos ricos em antioxidantes, como L\u00f3tus e Cedro, que ajuda a controlar as erup\u00e7\u00f5es. Para aumentar ainda mais o brilho da pele, inclui um toque de feij\u00e3o azuki, proporcionando uma esfolia\u00e7\u00e3o suave para remover as c\u00e9lulas mortas da pele.<\/p>\n<p>*As descri\u00e7\u00f5es dos ingredientes acima est\u00e3o limitadas \u00e0s caracter\u00edsticas das mat\u00e9rias-primas.<\/p>","protected":false},"excerpt":{"rendered":"<p>Meet the ultimate solution for clogged pores and uneven skin tone \u2013 a true skincare gem. The star ingredient of this mask is a robust&#8230;<\/p>","protected":false},"featured_media":4282,"comment_status":"open","ping_status":"closed","template":"","meta":{"_monsterinsights_skip_tracking":false,"_monsterinsights_sitenote_active":false,"_monsterinsights_sitenote_note":"","_monsterinsights_sitenote_category":0,"_uf_show_specific_survey":0,"_uf_disable_surveys":false},"etheme_brands":[],"product_cat":[134,137,142,143,144,70],"product_tag":[],"class_list":{"0":"post-2800","1":"product","2":"type-product","3":"status-publish","4":"has-post-thumbnail","6":"product_cat-acne","7":"product_cat-combination","8":"product_cat-oil-pore-control","9":"product_cat-oily","10":"product_cat-redness","11":"product_cat-masks","13":"first","14":"outofstock","15":"sale","16":"shipping-taxable","17":"purchasable","18":"product-type-simple"},"yoast_head":"<!-- This site is optimized with the Yoast SEO plugin v24.3 - https:\/\/yoast.com\/wordpress\/plugins\/seo\/ -->\n<title>AXIS-Y Mugwort Pore Clarifying Wash Off Pack 100ml - Skin Glam<\/title>\n<meta name=\"robots\" content=\"index, follow, max-snippet:-1, max-image-preview:large, max-video-preview:-1\" \/>\n<link rel=\"canonical\" href=\"https:\/\/skinglam.eu\/pt\/produto\/axis-y-mugwort-pore-clarifying-wash-off-pack-100ml\/\" \/>\n<meta property=\"og:locale\" content=\"pt_PT\" \/>\n<meta property=\"og:type\" content=\"article\" \/>\n<meta property=\"og:title\" content=\"AXIS-Y Mugwort Pore Clarifying Wash Off Pack 100ml - Skin Glam\" \/>\n<meta property=\"og:description\" content=\"Meet the ultimate solution for clogged pores and uneven skin tone \u2013 a true skincare gem. The star ingredient of this mask is a robust...\" \/>\n<meta property=\"og:url\" content=\"https:\/\/skinglam.eu\/pt\/produto\/axis-y-mugwort-pore-clarifying-wash-off-pack-100ml\/\" \/>\n<meta property=\"og:site_name\" content=\"Skin Glam\" \/>\n<meta property=\"article:publisher\" content=\"https:\/\/www.instagram.com\/skinglam.si\" \/>\n<meta property=\"article:modified_time\" content=\"2026-04-18T14:25:43+00:00\" \/>\n<meta name=\"twitter:card\" content=\"summary_large_image\" \/>\n<meta name=\"twitter:label1\" content=\"Tempo estimado de leitura\" \/>\n\t<meta name=\"twitter:data1\" content=\"1 minuto\" \/>\n<script type=\"application\/ld+json\" class=\"yoast-schema-graph\">{\"@context\":\"https:\/\/schema.org\",\"@graph\":[{\"@type\":\"WebPage\",\"@id\":\"https:\/\/skinglam.eu\/en\/product\/axis-y-mugwort-pore-clarifying-wash-off-pack-100ml\/\",\"url\":\"https:\/\/skinglam.eu\/en\/product\/axis-y-mugwort-pore-clarifying-wash-off-pack-100ml\/\",\"name\":\"AXIS-Y Mugwort Pore Clarifying Wash Off Pack 100ml - Skin Glam\",\"isPartOf\":{\"@id\":\"https:\/\/skinglam.eu\/hr\/#website\"},\"primaryImageOfPage\":{\"@id\":\"https:\/\/skinglam.eu\/en\/product\/axis-y-mugwort-pore-clarifying-wash-off-pack-100ml\/#primaryimage\"},\"image\":{\"@id\":\"https:\/\/skinglam.eu\/en\/product\/axis-y-mugwort-pore-clarifying-wash-off-pack-100ml\/#primaryimage\"},\"thumbnailUrl\":\"https:\/\/skinglam.eu\/wp-content\/uploads\/2023\/10\/axis_y_mugwort_pore_wash_off-Small.bmp\",\"datePublished\":\"2023-10-27T14:00:17+00:00\",\"dateModified\":\"2026-04-18T14:25:43+00:00\",\"breadcrumb\":{\"@id\":\"https:\/\/skinglam.eu\/en\/product\/axis-y-mugwort-pore-clarifying-wash-off-pack-100ml\/#breadcrumb\"},\"inLanguage\":\"pt-PT\",\"potentialAction\":[{\"@type\":\"ReadAction\",\"target\":[\"https:\/\/skinglam.eu\/en\/product\/axis-y-mugwort-pore-clarifying-wash-off-pack-100ml\/\"]}]},{\"@type\":\"ImageObject\",\"inLanguage\":\"pt-PT\",\"@id\":\"https:\/\/skinglam.eu\/en\/product\/axis-y-mugwort-pore-clarifying-wash-off-pack-100ml\/#primaryimage\",\"url\":\"https:\/\/skinglam.eu\/wp-content\/uploads\/2023\/10\/axis_y_mugwort_pore_wash_off-Small.bmp\",\"contentUrl\":\"https:\/\/skinglam.eu\/wp-content\/uploads\/2023\/10\/axis_y_mugwort_pore_wash_off-Small.bmp\",\"width\":480,\"height\":480},{\"@type\":\"BreadcrumbList\",\"@id\":\"https:\/\/skinglam.eu\/en\/product\/axis-y-mugwort-pore-clarifying-wash-off-pack-100ml\/#breadcrumb\",\"itemListElement\":[{\"@type\":\"ListItem\",\"position\":1,\"name\":\"Home\",\"item\":\"https:\/\/skinglam.eu\/\"},{\"@type\":\"ListItem\",\"position\":2,\"name\":\"Shop\",\"item\":\"https:\/\/skinglam.eu\/hr\/shop\/\"},{\"@type\":\"ListItem\",\"position\":3,\"name\":\"AXIS-Y Mugwort Pore Clarifying Wash Off Pack 100ml\"}]},{\"@type\":\"WebSite\",\"@id\":\"https:\/\/skinglam.eu\/hr\/#website\",\"url\":\"https:\/\/skinglam.eu\/hr\/\",\"name\":\"Skin Glam\",\"description\":\"K-beauty Shop\",\"publisher\":{\"@id\":\"https:\/\/skinglam.eu\/hr\/#organization\"},\"potentialAction\":[{\"@type\":\"SearchAction\",\"target\":{\"@type\":\"EntryPoint\",\"urlTemplate\":\"https:\/\/skinglam.eu\/hr\/?s={search_term_string}\"},\"query-input\":{\"@type\":\"PropertyValueSpecification\",\"valueRequired\":true,\"valueName\":\"search_term_string\"}}],\"inLanguage\":\"pt-PT\"},{\"@type\":\"Organization\",\"@id\":\"https:\/\/skinglam.eu\/hr\/#organization\",\"name\":\"SkinGlam d.o.o.\",\"url\":\"https:\/\/skinglam.eu\/hr\/\",\"logo\":{\"@type\":\"ImageObject\",\"inLanguage\":\"pt-PT\",\"@id\":\"https:\/\/skinglam.eu\/hr\/#\/schema\/logo\/image\/\",\"url\":\"https:\/\/skinglam.eu\/wp-content\/uploads\/2024\/09\/logo.jpg\",\"contentUrl\":\"https:\/\/skinglam.eu\/wp-content\/uploads\/2024\/09\/logo.jpg\",\"width\":883,\"height\":833,\"caption\":\"SkinGlam d.o.o.\"},\"image\":{\"@id\":\"https:\/\/skinglam.eu\/hr\/#\/schema\/logo\/image\/\"},\"sameAs\":[\"https:\/\/www.instagram.com\/skinglam.si\"]}]}<\/script>\n<!-- \/ Yoast SEO plugin. -->","yoast_head_json":{"title":"AXIS-Y Mugwort Pore Clarifying Wash Off Pack 100ml - Skin Glam","robots":{"index":"index","follow":"follow","max-snippet":"max-snippet:-1","max-image-preview":"max-image-preview:large","max-video-preview":"max-video-preview:-1"},"canonical":"https:\/\/skinglam.eu\/pt\/produto\/axis-y-mugwort-pore-clarifying-wash-off-pack-100ml\/","og_locale":"pt_PT","og_type":"article","og_title":"AXIS-Y Mugwort Pore Clarifying Wash Off Pack 100ml - Skin Glam","og_description":"Meet the ultimate solution for clogged pores and uneven skin tone \u2013 a true skincare gem. The star ingredient of this mask is a robust...","og_url":"https:\/\/skinglam.eu\/pt\/produto\/axis-y-mugwort-pore-clarifying-wash-off-pack-100ml\/","og_site_name":"Skin Glam","article_publisher":"https:\/\/www.instagram.com\/skinglam.si","article_modified_time":"2026-04-18T14:25:43+00:00","twitter_card":"summary_large_image","twitter_misc":{"Tempo estimado de leitura":"1 minuto"},"schema":{"@context":"https:\/\/schema.org","@graph":[{"@type":"WebPage","@id":"https:\/\/skinglam.eu\/en\/product\/axis-y-mugwort-pore-clarifying-wash-off-pack-100ml\/","url":"https:\/\/skinglam.eu\/en\/product\/axis-y-mugwort-pore-clarifying-wash-off-pack-100ml\/","name":"AXIS-Y Mugwort Pore Clarifying Wash Off Pack 100ml - Skin Glam","isPartOf":{"@id":"https:\/\/skinglam.eu\/hr\/#website"},"primaryImageOfPage":{"@id":"https:\/\/skinglam.eu\/en\/product\/axis-y-mugwort-pore-clarifying-wash-off-pack-100ml\/#primaryimage"},"image":{"@id":"https:\/\/skinglam.eu\/en\/product\/axis-y-mugwort-pore-clarifying-wash-off-pack-100ml\/#primaryimage"},"thumbnailUrl":"https:\/\/skinglam.eu\/wp-content\/uploads\/2023\/10\/axis_y_mugwort_pore_wash_off-Small.bmp","datePublished":"2023-10-27T14:00:17+00:00","dateModified":"2026-04-18T14:25:43+00:00","breadcrumb":{"@id":"https:\/\/skinglam.eu\/en\/product\/axis-y-mugwort-pore-clarifying-wash-off-pack-100ml\/#breadcrumb"},"inLanguage":"pt-PT","potentialAction":[{"@type":"ReadAction","target":["https:\/\/skinglam.eu\/en\/product\/axis-y-mugwort-pore-clarifying-wash-off-pack-100ml\/"]}]},{"@type":"ImageObject","inLanguage":"pt-PT","@id":"https:\/\/skinglam.eu\/en\/product\/axis-y-mugwort-pore-clarifying-wash-off-pack-100ml\/#primaryimage","url":"https:\/\/skinglam.eu\/wp-content\/uploads\/2023\/10\/axis_y_mugwort_pore_wash_off-Small.bmp","contentUrl":"https:\/\/skinglam.eu\/wp-content\/uploads\/2023\/10\/axis_y_mugwort_pore_wash_off-Small.bmp","width":480,"height":480},{"@type":"BreadcrumbList","@id":"https:\/\/skinglam.eu\/en\/product\/axis-y-mugwort-pore-clarifying-wash-off-pack-100ml\/#breadcrumb","itemListElement":[{"@type":"ListItem","position":1,"name":"Home","item":"https:\/\/skinglam.eu\/"},{"@type":"ListItem","position":2,"name":"Shop","item":"https:\/\/skinglam.eu\/hr\/shop\/"},{"@type":"ListItem","position":3,"name":"AXIS-Y Mugwort Pore Clarifying Wash Off Pack 100ml"}]},{"@type":"WebSite","@id":"https:\/\/skinglam.eu\/hr\/#website","url":"https:\/\/skinglam.eu\/hr\/","name":"Skin Glam","description":"K-beauty Shop","publisher":{"@id":"https:\/\/skinglam.eu\/hr\/#organization"},"potentialAction":[{"@type":"SearchAction","target":{"@type":"EntryPoint","urlTemplate":"https:\/\/skinglam.eu\/hr\/?s={search_term_string}"},"query-input":{"@type":"PropertyValueSpecification","valueRequired":true,"valueName":"search_term_string"}}],"inLanguage":"pt-PT"},{"@type":"Organization","@id":"https:\/\/skinglam.eu\/hr\/#organization","name":"SkinGlam d.o.o.","url":"https:\/\/skinglam.eu\/hr\/","logo":{"@type":"ImageObject","inLanguage":"pt-PT","@id":"https:\/\/skinglam.eu\/hr\/#\/schema\/logo\/image\/","url":"https:\/\/skinglam.eu\/wp-content\/uploads\/2024\/09\/logo.jpg","contentUrl":"https:\/\/skinglam.eu\/wp-content\/uploads\/2024\/09\/logo.jpg","width":883,"height":833,"caption":"SkinGlam d.o.o."},"image":{"@id":"https:\/\/skinglam.eu\/hr\/#\/schema\/logo\/image\/"},"sameAs":["https:\/\/www.instagram.com\/skinglam.si"]}]}},"_links":{"self":[{"href":"https:\/\/skinglam.eu\/pt\/wp-json\/wp\/v2\/product\/2800","targetHints":{"allow":["GET"]}}],"collection":[{"href":"https:\/\/skinglam.eu\/pt\/wp-json\/wp\/v2\/product"}],"about":[{"href":"https:\/\/skinglam.eu\/pt\/wp-json\/wp\/v2\/types\/product"}],"replies":[{"embeddable":true,"href":"https:\/\/skinglam.eu\/pt\/wp-json\/wp\/v2\/comments?post=2800"}],"version-history":[{"count":2,"href":"https:\/\/skinglam.eu\/pt\/wp-json\/wp\/v2\/product\/2800\/revisions"}],"predecessor-version":[{"id":4281,"href":"https:\/\/skinglam.eu\/pt\/wp-json\/wp\/v2\/product\/2800\/revisions\/4281"}],"wp:featuredmedia":[{"embeddable":true,"href":"https:\/\/skinglam.eu\/pt\/wp-json\/wp\/v2\/media\/4282"}],"wp:attachment":[{"href":"https:\/\/skinglam.eu\/pt\/wp-json\/wp\/v2\/media?parent=2800"}],"wp:term":[{"taxonomy":"brand","embeddable":true,"href":"https:\/\/skinglam.eu\/pt\/wp-json\/wp\/v2\/etheme_brands?post=2800"},{"taxonomy":"product_cat","embeddable":true,"href":"https:\/\/skinglam.eu\/pt\/wp-json\/wp\/v2\/product_cat?post=2800"},{"taxonomy":"product_tag","embeddable":true,"href":"https:\/\/skinglam.eu\/pt\/wp-json\/wp\/v2\/product_tag?post=2800"}],"curies":[{"name":"wp","href":"https:\/\/api.w.org\/{rel}","templated":true}]}}