{"id":2863,"date":"2023-10-30T14:55:01","date_gmt":"2023-10-30T14:55:01","guid":{"rendered":"https:\/\/skinglam.si\/?post_type=product&#038;p=2863"},"modified":"2026-04-18T10:55:26","modified_gmt":"2026-04-18T10:55:26","slug":"beauty-of-joseon-matte-sun-stick-mugwortcamelia-spf-50-pa-18g","status":"publish","type":"product","link":"https:\/\/skinglam.eu\/pt\/produto\/beauty-of-joseon-matte-sun-stick-mugwortcamelia-spf-50-pa-18g\/","title":{"rendered":"Beauty of Joseon Matte Sun Stick: Artem\u00edsia + Cam\u00e9lia FPS 50+ PA++++ 18g"},"content":{"rendered":"<p>Matte Sun Stick foi desenvolvido com Ram\u00f3n @glowbyramon, influenciador e qu\u00edmico cosm\u00e9tico, como diretor. Foi criado ap\u00f3s uma extensa colabora\u00e7\u00e3o, passando meticulosamente por todos os processos que se enquadram na filosofia da marca BOJ de cuidados com a pele Modern Hanbang.<br \/>\nEmbora a maioria dos protetores solares sejam feitos sob medida para atividades ao ar livre, a Beauty of Joseon projetou-os para serem igualmente ben\u00e9ficos em nossos ambientes urbanos di\u00e1rios. A reaplica\u00e7\u00e3o regular do protetor solar a cada 2-3 horas \u00e9 crucial para uma prote\u00e7\u00e3o ideal de FPS e PA, mas muitas vezes \u00e9 um desafio. Por isso, desenvolveram um protetor solar com f\u00f3rmula fosca que se aplica suavemente, sem ficar grudento ou oleoso, mesmo quando reaplicado sobre a maquiagem.<\/p>\n<p>Este protetor solar utiliza um p\u00f3 de s\u00edlica que controla a sebo para regular a produ\u00e7\u00e3o de \u00f3leo, garantindo um aumento de ader\u00eancia e um acabamento suave e fosco. Al\u00e9m disso, \u00e9 repleto de extratos de artem\u00edsia capilar e ch\u00e1 verde, contribuindo para uma textura suave da pele e preservando sua hidrata\u00e7\u00e3o.<\/p>\n<p>Protetor solar fosco n\u00e3o oleoso<br \/>\n\u00c9 um protetor solar fosco, sem qualquer sensa\u00e7\u00e3o oleosa ou pegajosa. \u00c9 higi\u00eanico porque n\u00e3o precisa ser aplicado com as m\u00e3os e \u00e9 compacto, permitindo uma utiliza\u00e7\u00e3o pr\u00e1tica a qualquer hora e em qualquer lugar.<\/p>\n<p>P\u00f3 de s\u00edlica porosa para controle de sebo<br \/>\nO p\u00f3 de s\u00edlica com controle de sebo regula a oleosidade da pele, proporcionando uma sensa\u00e7\u00e3o suave e suave, sem oleosidade.<\/p>\n<p>Ingredientes chave<br \/>\nArtem\u00edsia Capillaris<br \/>\nArtem\u00edsia tem sido um ingrediente importante ao longo da hist\u00f3ria da medicina oriental. E a artem\u00edsia capilar tem uma propriedade refrescante e tem sido usada como medicamento terap\u00eautico para baixar a temperatura corporal desde a antiguidade. Cont\u00e9m vitaminas A e C, bem como v\u00e1rios minerais para ajudar a nutrir e acalmar a pele.<\/p>\n<p>Prote\u00e7\u00e3o FPS e PA<br \/>\nOs testes SPF e PA foram realizados em laborat\u00f3rios na Coreia e na Espanha, e os resultados s\u00e3o os seguintes.<\/p>\n<p>[FPS]<br \/>\nLaborat\u00f3rio Coreano: 55,8\u00b17,8<br \/>\nLaborat\u00f3rio Espanha: 61\u00b16,6<\/p>\n<p>[PA]<br \/>\nLaborat\u00f3rio Coreano: UVA PF 18,5\u00b13,0 P++++<br \/>\nLaborat\u00f3rio Espanha: UVA PF 29,1\u00b16,7 P++++<br \/>\n*As descri\u00e7\u00f5es dos ingredientes acima est\u00e3o limitadas \u00e0s caracter\u00edsticas das mat\u00e9rias-primas.<\/p>","protected":false},"excerpt":{"rendered":"<p>Matte Sun Stick was developed with Ram\u00f3n @glowbyramon, an influencer and cosmetic chemist, as the director. It was created after an extensive collaboration by meticulously&#8230;<\/p>","protected":false},"featured_media":4381,"comment_status":"open","ping_status":"closed","template":"","meta":{"_monsterinsights_skip_tracking":false,"_monsterinsights_sitenote_active":false,"_monsterinsights_sitenote_note":"","_monsterinsights_sitenote_category":0,"_uf_show_specific_survey":0,"_uf_disable_surveys":false},"etheme_brands":[],"product_cat":[134,137,142,143,144,145,68],"product_tag":[],"class_list":{"0":"post-2863","1":"product","2":"type-product","3":"status-publish","4":"has-post-thumbnail","6":"product_cat-acne","7":"product_cat-combination","8":"product_cat-oil-pore-control","9":"product_cat-oily","10":"product_cat-redness","11":"product_cat-sensitive","12":"product_cat-sun-care","14":"first","15":"outofstock","16":"sale","17":"shipping-taxable","18":"purchasable","19":"product-type-simple"},"yoast_head":"<!-- This site is optimized with the Yoast SEO plugin v24.3 - https:\/\/yoast.com\/wordpress\/plugins\/seo\/ -->\n<title>Beauty of Joseon Matte Sun Stick : Mugwort+Camelia SPF 50+ PA++++ 18g - Skin Glam<\/title>\n<meta name=\"robots\" content=\"index, follow, max-snippet:-1, max-image-preview:large, max-video-preview:-1\" \/>\n<link rel=\"canonical\" href=\"https:\/\/skinglam.eu\/pt\/produto\/beauty-of-joseon-matte-sun-stick-mugwortcamelia-spf-50-pa-18g\/\" \/>\n<meta property=\"og:locale\" content=\"pt_PT\" \/>\n<meta property=\"og:type\" content=\"article\" \/>\n<meta property=\"og:title\" content=\"Beauty of Joseon Matte Sun Stick : Mugwort+Camelia SPF 50+ PA++++ 18g - Skin Glam\" \/>\n<meta property=\"og:description\" content=\"Matte Sun Stick was developed with Ram\u00f3n @glowbyramon, an influencer and cosmetic chemist, as the director. It was created after an extensive collaboration by meticulously...\" \/>\n<meta property=\"og:url\" content=\"https:\/\/skinglam.eu\/pt\/produto\/beauty-of-joseon-matte-sun-stick-mugwortcamelia-spf-50-pa-18g\/\" \/>\n<meta property=\"og:site_name\" content=\"Skin Glam\" \/>\n<meta property=\"article:publisher\" content=\"https:\/\/www.instagram.com\/skinglam.si\" \/>\n<meta property=\"article:modified_time\" content=\"2026-04-18T10:55:26+00:00\" \/>\n<meta property=\"og:image\" content=\"https:\/\/skinglam.eu\/wp-content\/uploads\/2023\/10\/boj_matte_sun_stick.jpg\" \/>\n\t<meta property=\"og:image:width\" content=\"1047\" \/>\n\t<meta property=\"og:image:height\" content=\"1058\" \/>\n\t<meta property=\"og:image:type\" content=\"image\/jpeg\" \/>\n<meta name=\"twitter:card\" content=\"summary_large_image\" \/>\n<meta name=\"twitter:label1\" content=\"Tempo estimado de leitura\" \/>\n\t<meta name=\"twitter:data1\" content=\"2 minutos\" \/>\n<script type=\"application\/ld+json\" class=\"yoast-schema-graph\">{\"@context\":\"https:\/\/schema.org\",\"@graph\":[{\"@type\":\"WebPage\",\"@id\":\"https:\/\/skinglam.eu\/product\/beauty-of-joseon-matte-sun-stick-mugwortcamelia-spf-50-pa-18g\/\",\"url\":\"https:\/\/skinglam.eu\/product\/beauty-of-joseon-matte-sun-stick-mugwortcamelia-spf-50-pa-18g\/\",\"name\":\"Beauty of Joseon Matte Sun Stick : Mugwort+Camelia SPF 50+ PA++++ 18g - Skin Glam\",\"isPartOf\":{\"@id\":\"https:\/\/skinglam.eu\/hr\/#website\"},\"primaryImageOfPage\":{\"@id\":\"https:\/\/skinglam.eu\/product\/beauty-of-joseon-matte-sun-stick-mugwortcamelia-spf-50-pa-18g\/#primaryimage\"},\"image\":{\"@id\":\"https:\/\/skinglam.eu\/product\/beauty-of-joseon-matte-sun-stick-mugwortcamelia-spf-50-pa-18g\/#primaryimage\"},\"thumbnailUrl\":\"https:\/\/skinglam.eu\/wp-content\/uploads\/2023\/10\/boj_matte_sun_stick.jpg\",\"datePublished\":\"2023-10-30T14:55:01+00:00\",\"dateModified\":\"2026-04-18T10:55:26+00:00\",\"breadcrumb\":{\"@id\":\"https:\/\/skinglam.eu\/product\/beauty-of-joseon-matte-sun-stick-mugwortcamelia-spf-50-pa-18g\/#breadcrumb\"},\"inLanguage\":\"pt-PT\",\"potentialAction\":[{\"@type\":\"ReadAction\",\"target\":[\"https:\/\/skinglam.eu\/product\/beauty-of-joseon-matte-sun-stick-mugwortcamelia-spf-50-pa-18g\/\"]}]},{\"@type\":\"ImageObject\",\"inLanguage\":\"pt-PT\",\"@id\":\"https:\/\/skinglam.eu\/product\/beauty-of-joseon-matte-sun-stick-mugwortcamelia-spf-50-pa-18g\/#primaryimage\",\"url\":\"https:\/\/skinglam.eu\/wp-content\/uploads\/2023\/10\/boj_matte_sun_stick.jpg\",\"contentUrl\":\"https:\/\/skinglam.eu\/wp-content\/uploads\/2023\/10\/boj_matte_sun_stick.jpg\",\"width\":1047,\"height\":1058},{\"@type\":\"BreadcrumbList\",\"@id\":\"https:\/\/skinglam.eu\/product\/beauty-of-joseon-matte-sun-stick-mugwortcamelia-spf-50-pa-18g\/#breadcrumb\",\"itemListElement\":[{\"@type\":\"ListItem\",\"position\":1,\"name\":\"Home\",\"item\":\"https:\/\/skinglam.eu\/\"},{\"@type\":\"ListItem\",\"position\":2,\"name\":\"Shop\",\"item\":\"https:\/\/skinglam.eu\/hr\/shop\/\"},{\"@type\":\"ListItem\",\"position\":3,\"name\":\"Beauty of Joseon Matte Sun Stick : Mugwort+Camelia SPF 50+ PA++++ 18g\"}]},{\"@type\":\"WebSite\",\"@id\":\"https:\/\/skinglam.eu\/hr\/#website\",\"url\":\"https:\/\/skinglam.eu\/hr\/\",\"name\":\"Skin Glam\",\"description\":\"K-beauty Shop\",\"publisher\":{\"@id\":\"https:\/\/skinglam.eu\/hr\/#organization\"},\"potentialAction\":[{\"@type\":\"SearchAction\",\"target\":{\"@type\":\"EntryPoint\",\"urlTemplate\":\"https:\/\/skinglam.eu\/hr\/?s={search_term_string}\"},\"query-input\":{\"@type\":\"PropertyValueSpecification\",\"valueRequired\":true,\"valueName\":\"search_term_string\"}}],\"inLanguage\":\"pt-PT\"},{\"@type\":\"Organization\",\"@id\":\"https:\/\/skinglam.eu\/hr\/#organization\",\"name\":\"SkinGlam d.o.o.\",\"url\":\"https:\/\/skinglam.eu\/hr\/\",\"logo\":{\"@type\":\"ImageObject\",\"inLanguage\":\"pt-PT\",\"@id\":\"https:\/\/skinglam.eu\/hr\/#\/schema\/logo\/image\/\",\"url\":\"https:\/\/skinglam.eu\/wp-content\/uploads\/2024\/09\/logo.jpg\",\"contentUrl\":\"https:\/\/skinglam.eu\/wp-content\/uploads\/2024\/09\/logo.jpg\",\"width\":883,\"height\":833,\"caption\":\"SkinGlam d.o.o.\"},\"image\":{\"@id\":\"https:\/\/skinglam.eu\/hr\/#\/schema\/logo\/image\/\"},\"sameAs\":[\"https:\/\/www.instagram.com\/skinglam.si\"]}]}<\/script>\n<!-- \/ Yoast SEO plugin. -->","yoast_head_json":{"title":"Beauty of Joseon Matte Sun Stick : Mugwort+Camelia SPF 50+ PA++++ 18g - Skin Glam","robots":{"index":"index","follow":"follow","max-snippet":"max-snippet:-1","max-image-preview":"max-image-preview:large","max-video-preview":"max-video-preview:-1"},"canonical":"https:\/\/skinglam.eu\/pt\/produto\/beauty-of-joseon-matte-sun-stick-mugwortcamelia-spf-50-pa-18g\/","og_locale":"pt_PT","og_type":"article","og_title":"Beauty of Joseon Matte Sun Stick : Mugwort+Camelia SPF 50+ PA++++ 18g - Skin Glam","og_description":"Matte Sun Stick was developed with Ram\u00f3n @glowbyramon, an influencer and cosmetic chemist, as the director. It was created after an extensive collaboration by meticulously...","og_url":"https:\/\/skinglam.eu\/pt\/produto\/beauty-of-joseon-matte-sun-stick-mugwortcamelia-spf-50-pa-18g\/","og_site_name":"Skin Glam","article_publisher":"https:\/\/www.instagram.com\/skinglam.si","article_modified_time":"2026-04-18T10:55:26+00:00","og_image":[{"width":1047,"height":1058,"url":"https:\/\/skinglam.eu\/wp-content\/uploads\/2023\/10\/boj_matte_sun_stick.jpg","type":"image\/jpeg"}],"twitter_card":"summary_large_image","twitter_misc":{"Tempo estimado de leitura":"2 minutos"},"schema":{"@context":"https:\/\/schema.org","@graph":[{"@type":"WebPage","@id":"https:\/\/skinglam.eu\/product\/beauty-of-joseon-matte-sun-stick-mugwortcamelia-spf-50-pa-18g\/","url":"https:\/\/skinglam.eu\/product\/beauty-of-joseon-matte-sun-stick-mugwortcamelia-spf-50-pa-18g\/","name":"Beauty of Joseon Matte Sun Stick : Mugwort+Camelia SPF 50+ PA++++ 18g - Skin Glam","isPartOf":{"@id":"https:\/\/skinglam.eu\/hr\/#website"},"primaryImageOfPage":{"@id":"https:\/\/skinglam.eu\/product\/beauty-of-joseon-matte-sun-stick-mugwortcamelia-spf-50-pa-18g\/#primaryimage"},"image":{"@id":"https:\/\/skinglam.eu\/product\/beauty-of-joseon-matte-sun-stick-mugwortcamelia-spf-50-pa-18g\/#primaryimage"},"thumbnailUrl":"https:\/\/skinglam.eu\/wp-content\/uploads\/2023\/10\/boj_matte_sun_stick.jpg","datePublished":"2023-10-30T14:55:01+00:00","dateModified":"2026-04-18T10:55:26+00:00","breadcrumb":{"@id":"https:\/\/skinglam.eu\/product\/beauty-of-joseon-matte-sun-stick-mugwortcamelia-spf-50-pa-18g\/#breadcrumb"},"inLanguage":"pt-PT","potentialAction":[{"@type":"ReadAction","target":["https:\/\/skinglam.eu\/product\/beauty-of-joseon-matte-sun-stick-mugwortcamelia-spf-50-pa-18g\/"]}]},{"@type":"ImageObject","inLanguage":"pt-PT","@id":"https:\/\/skinglam.eu\/product\/beauty-of-joseon-matte-sun-stick-mugwortcamelia-spf-50-pa-18g\/#primaryimage","url":"https:\/\/skinglam.eu\/wp-content\/uploads\/2023\/10\/boj_matte_sun_stick.jpg","contentUrl":"https:\/\/skinglam.eu\/wp-content\/uploads\/2023\/10\/boj_matte_sun_stick.jpg","width":1047,"height":1058},{"@type":"BreadcrumbList","@id":"https:\/\/skinglam.eu\/product\/beauty-of-joseon-matte-sun-stick-mugwortcamelia-spf-50-pa-18g\/#breadcrumb","itemListElement":[{"@type":"ListItem","position":1,"name":"Home","item":"https:\/\/skinglam.eu\/"},{"@type":"ListItem","position":2,"name":"Shop","item":"https:\/\/skinglam.eu\/hr\/shop\/"},{"@type":"ListItem","position":3,"name":"Beauty of Joseon Matte Sun Stick : Mugwort+Camelia SPF 50+ PA++++ 18g"}]},{"@type":"WebSite","@id":"https:\/\/skinglam.eu\/hr\/#website","url":"https:\/\/skinglam.eu\/hr\/","name":"Skin Glam","description":"K-beauty Shop","publisher":{"@id":"https:\/\/skinglam.eu\/hr\/#organization"},"potentialAction":[{"@type":"SearchAction","target":{"@type":"EntryPoint","urlTemplate":"https:\/\/skinglam.eu\/hr\/?s={search_term_string}"},"query-input":{"@type":"PropertyValueSpecification","valueRequired":true,"valueName":"search_term_string"}}],"inLanguage":"pt-PT"},{"@type":"Organization","@id":"https:\/\/skinglam.eu\/hr\/#organization","name":"SkinGlam d.o.o.","url":"https:\/\/skinglam.eu\/hr\/","logo":{"@type":"ImageObject","inLanguage":"pt-PT","@id":"https:\/\/skinglam.eu\/hr\/#\/schema\/logo\/image\/","url":"https:\/\/skinglam.eu\/wp-content\/uploads\/2024\/09\/logo.jpg","contentUrl":"https:\/\/skinglam.eu\/wp-content\/uploads\/2024\/09\/logo.jpg","width":883,"height":833,"caption":"SkinGlam d.o.o."},"image":{"@id":"https:\/\/skinglam.eu\/hr\/#\/schema\/logo\/image\/"},"sameAs":["https:\/\/www.instagram.com\/skinglam.si"]}]}},"_links":{"self":[{"href":"https:\/\/skinglam.eu\/pt\/wp-json\/wp\/v2\/product\/2863","targetHints":{"allow":["GET"]}}],"collection":[{"href":"https:\/\/skinglam.eu\/pt\/wp-json\/wp\/v2\/product"}],"about":[{"href":"https:\/\/skinglam.eu\/pt\/wp-json\/wp\/v2\/types\/product"}],"replies":[{"embeddable":true,"href":"https:\/\/skinglam.eu\/pt\/wp-json\/wp\/v2\/comments?post=2863"}],"version-history":[{"count":2,"href":"https:\/\/skinglam.eu\/pt\/wp-json\/wp\/v2\/product\/2863\/revisions"}],"predecessor-version":[{"id":5556,"href":"https:\/\/skinglam.eu\/pt\/wp-json\/wp\/v2\/product\/2863\/revisions\/5556"}],"wp:featuredmedia":[{"embeddable":true,"href":"https:\/\/skinglam.eu\/pt\/wp-json\/wp\/v2\/media\/4381"}],"wp:attachment":[{"href":"https:\/\/skinglam.eu\/pt\/wp-json\/wp\/v2\/media?parent=2863"}],"wp:term":[{"taxonomy":"brand","embeddable":true,"href":"https:\/\/skinglam.eu\/pt\/wp-json\/wp\/v2\/etheme_brands?post=2863"},{"taxonomy":"product_cat","embeddable":true,"href":"https:\/\/skinglam.eu\/pt\/wp-json\/wp\/v2\/product_cat?post=2863"},{"taxonomy":"product_tag","embeddable":true,"href":"https:\/\/skinglam.eu\/pt\/wp-json\/wp\/v2\/product_tag?post=2863"}],"curies":[{"name":"wp","href":"https:\/\/api.w.org\/{rel}","templated":true}]}}