{"id":2869,"date":"2023-10-30T15:05:08","date_gmt":"2023-10-30T15:05:08","guid":{"rendered":"https:\/\/skinglam.si\/?post_type=product&#038;p=2869"},"modified":"2026-04-18T17:55:27","modified_gmt":"2026-04-18T17:55:27","slug":"beauty-of-joseon-red-bean-refreshing-pore-mask-140ml","status":"publish","type":"product","link":"https:\/\/skinglam.eu\/pt\/produto\/beauty-of-joseon-red-bean-refreshing-pore-mask-140ml\/","title":{"rendered":"M\u00e1scara Refrescante de Poros Beauty of Joseon Red Bean 140 ml"},"content":{"rendered":"<p>Nossos poros s\u00e3o essencialmente caminhos que o sebo usa para chegar \u00e0 superf\u00edcie da pele. Quando as c\u00e9lulas mortas da pele e o excesso de sebo obstruem essas vias, os poros tendem a aumentar. O cuidado adequado dos poros envolve a limpeza das c\u00e9lulas mortas da pele e do sebo acumulados, seguido pelo resfriamento da pele.<\/p>\n<p>Para esta fase inicial do cuidado da pele \u2013 cuidado dos poros e esfolia\u00e7\u00e3o \u2013 aproveit\u00e1mos ingredientes da Terra, ber\u00e7o da nossa origem. O feij\u00e3o vermelho e o caulim, historicamente apreciados, foram escolhidos como constituintes principais. O caulim absorve eficazmente o sebo, enquanto o extrato e o p\u00f3 de feij\u00e3o vermelho auxiliam na esfolia\u00e7\u00e3o e no refinamento da textura da pele.<\/p>\n<p>Textura de argila \u00famida<br \/>\nA formula\u00e7\u00e3o hidratante de lama macia ajuda a absorver o sebo e a remover res\u00edduos sem ressecar ou repuxar. Ao mesmo tempo, proporciona uma sensa\u00e7\u00e3o refrescante e refrescante.<\/p>\n<p>Ingredientes chave<\/p>\n<p>Extrato de feij\u00e3o vermelho Haenam 30%<\/p>\n<p>O feij\u00e3o vermelho tem sido um importante ingrediente \u00e0 base de ervas ao longo da hist\u00f3ria coreana, bem como um ingrediente muito apreciado no cuidado da pele. As mulheres de Joseon, que enfatizavam os cuidados com a pele que criam uma pele clara e limpa, usavam feij\u00e3o mungo e feij\u00e3o vermelho mo\u00eddos juntos para lavar o rosto. A rica saponina do feij\u00e3o vermelho ajuda na adsor\u00e7\u00e3o do sebo e atua como um esfoliante natural.<\/p>\n<p>*As descri\u00e7\u00f5es dos ingredientes acima est\u00e3o limitadas \u00e0s caracter\u00edsticas das mat\u00e9rias-primas.<\/p>","protected":false},"excerpt":{"rendered":"<p>Our pores are essentially pathways that sebum uses to reach the surface of our skin. When dead skin cells and surplus sebum clog these pathways,&#8230;<\/p>","protected":false},"featured_media":4382,"comment_status":"open","ping_status":"closed","template":"","meta":{"_monsterinsights_skip_tracking":false,"_monsterinsights_sitenote_active":false,"_monsterinsights_sitenote_note":"","_monsterinsights_sitenote_category":0,"_uf_show_specific_survey":0,"_uf_disable_surveys":false},"etheme_brands":[],"product_cat":[134,137,142,143,70],"product_tag":[],"class_list":{"0":"post-2869","1":"product","2":"type-product","3":"status-publish","4":"has-post-thumbnail","6":"product_cat-acne","7":"product_cat-combination","8":"product_cat-oil-pore-control","9":"product_cat-oily","10":"product_cat-masks","12":"first","13":"outofstock","14":"shipping-taxable","15":"purchasable","16":"product-type-simple"},"yoast_head":"<!-- This site is optimized with the Yoast SEO plugin v24.3 - https:\/\/yoast.com\/wordpress\/plugins\/seo\/ -->\n<title>Beauty of Joseon Red Bean Refreshing Pore Mask 140ml - Skin Glam<\/title>\n<meta name=\"robots\" content=\"index, follow, max-snippet:-1, max-image-preview:large, max-video-preview:-1\" \/>\n<link rel=\"canonical\" href=\"https:\/\/skinglam.eu\/pt\/produto\/beauty-of-joseon-red-bean-refreshing-pore-mask-140ml\/\" \/>\n<meta property=\"og:locale\" content=\"pt_PT\" \/>\n<meta property=\"og:type\" content=\"article\" \/>\n<meta property=\"og:title\" content=\"Beauty of Joseon Red Bean Refreshing Pore Mask 140ml - Skin Glam\" \/>\n<meta property=\"og:description\" content=\"Our pores are essentially pathways that sebum uses to reach the surface of our skin. When dead skin cells and surplus sebum clog these pathways,...\" \/>\n<meta property=\"og:url\" content=\"https:\/\/skinglam.eu\/pt\/produto\/beauty-of-joseon-red-bean-refreshing-pore-mask-140ml\/\" \/>\n<meta property=\"og:site_name\" content=\"Skin Glam\" \/>\n<meta property=\"article:publisher\" content=\"https:\/\/www.instagram.com\/skinglam.si\" \/>\n<meta property=\"article:modified_time\" content=\"2026-04-18T17:55:27+00:00\" \/>\n<meta property=\"og:image\" content=\"https:\/\/skinglam.eu\/wp-content\/uploads\/2023\/10\/boj_red_bean_refreshing_pore_mask-2.jpg\" \/>\n\t<meta property=\"og:image:width\" content=\"817\" \/>\n\t<meta property=\"og:image:height\" content=\"820\" \/>\n\t<meta property=\"og:image:type\" content=\"image\/jpeg\" \/>\n<meta name=\"twitter:card\" content=\"summary_large_image\" \/>\n<meta name=\"twitter:label1\" content=\"Tempo estimado de leitura\" \/>\n\t<meta name=\"twitter:data1\" content=\"2 minutos\" \/>\n<script type=\"application\/ld+json\" class=\"yoast-schema-graph\">{\"@context\":\"https:\/\/schema.org\",\"@graph\":[{\"@type\":\"WebPage\",\"@id\":\"https:\/\/skinglam.eu\/product\/beauty-of-joseon-red-bean-refreshing-pore-mask-140ml\/\",\"url\":\"https:\/\/skinglam.eu\/product\/beauty-of-joseon-red-bean-refreshing-pore-mask-140ml\/\",\"name\":\"Beauty of Joseon Red Bean Refreshing Pore Mask 140ml - Skin Glam\",\"isPartOf\":{\"@id\":\"https:\/\/skinglam.eu\/hr\/#website\"},\"primaryImageOfPage\":{\"@id\":\"https:\/\/skinglam.eu\/product\/beauty-of-joseon-red-bean-refreshing-pore-mask-140ml\/#primaryimage\"},\"image\":{\"@id\":\"https:\/\/skinglam.eu\/product\/beauty-of-joseon-red-bean-refreshing-pore-mask-140ml\/#primaryimage\"},\"thumbnailUrl\":\"https:\/\/skinglam.eu\/wp-content\/uploads\/2023\/10\/boj_red_bean_refreshing_pore_mask-2.jpg\",\"datePublished\":\"2023-10-30T15:05:08+00:00\",\"dateModified\":\"2026-04-18T17:55:27+00:00\",\"breadcrumb\":{\"@id\":\"https:\/\/skinglam.eu\/product\/beauty-of-joseon-red-bean-refreshing-pore-mask-140ml\/#breadcrumb\"},\"inLanguage\":\"pt-PT\",\"potentialAction\":[{\"@type\":\"ReadAction\",\"target\":[\"https:\/\/skinglam.eu\/product\/beauty-of-joseon-red-bean-refreshing-pore-mask-140ml\/\"]}]},{\"@type\":\"ImageObject\",\"inLanguage\":\"pt-PT\",\"@id\":\"https:\/\/skinglam.eu\/product\/beauty-of-joseon-red-bean-refreshing-pore-mask-140ml\/#primaryimage\",\"url\":\"https:\/\/skinglam.eu\/wp-content\/uploads\/2023\/10\/boj_red_bean_refreshing_pore_mask-2.jpg\",\"contentUrl\":\"https:\/\/skinglam.eu\/wp-content\/uploads\/2023\/10\/boj_red_bean_refreshing_pore_mask-2.jpg\",\"width\":817,\"height\":820},{\"@type\":\"BreadcrumbList\",\"@id\":\"https:\/\/skinglam.eu\/product\/beauty-of-joseon-red-bean-refreshing-pore-mask-140ml\/#breadcrumb\",\"itemListElement\":[{\"@type\":\"ListItem\",\"position\":1,\"name\":\"Home\",\"item\":\"https:\/\/skinglam.eu\/\"},{\"@type\":\"ListItem\",\"position\":2,\"name\":\"Shop\",\"item\":\"https:\/\/skinglam.eu\/hr\/shop\/\"},{\"@type\":\"ListItem\",\"position\":3,\"name\":\"Beauty of Joseon Red Bean Refreshing Pore Mask 140ml\"}]},{\"@type\":\"WebSite\",\"@id\":\"https:\/\/skinglam.eu\/hr\/#website\",\"url\":\"https:\/\/skinglam.eu\/hr\/\",\"name\":\"Skin Glam\",\"description\":\"K-beauty Shop\",\"publisher\":{\"@id\":\"https:\/\/skinglam.eu\/hr\/#organization\"},\"potentialAction\":[{\"@type\":\"SearchAction\",\"target\":{\"@type\":\"EntryPoint\",\"urlTemplate\":\"https:\/\/skinglam.eu\/hr\/?s={search_term_string}\"},\"query-input\":{\"@type\":\"PropertyValueSpecification\",\"valueRequired\":true,\"valueName\":\"search_term_string\"}}],\"inLanguage\":\"pt-PT\"},{\"@type\":\"Organization\",\"@id\":\"https:\/\/skinglam.eu\/hr\/#organization\",\"name\":\"SkinGlam d.o.o.\",\"url\":\"https:\/\/skinglam.eu\/hr\/\",\"logo\":{\"@type\":\"ImageObject\",\"inLanguage\":\"pt-PT\",\"@id\":\"https:\/\/skinglam.eu\/hr\/#\/schema\/logo\/image\/\",\"url\":\"https:\/\/skinglam.eu\/wp-content\/uploads\/2024\/09\/logo.jpg\",\"contentUrl\":\"https:\/\/skinglam.eu\/wp-content\/uploads\/2024\/09\/logo.jpg\",\"width\":883,\"height\":833,\"caption\":\"SkinGlam d.o.o.\"},\"image\":{\"@id\":\"https:\/\/skinglam.eu\/hr\/#\/schema\/logo\/image\/\"},\"sameAs\":[\"https:\/\/www.instagram.com\/skinglam.si\"]}]}<\/script>\n<!-- \/ Yoast SEO plugin. -->","yoast_head_json":{"title":"Beauty of Joseon Red Bean Refreshing Pore Mask 140ml - Skin Glam","robots":{"index":"index","follow":"follow","max-snippet":"max-snippet:-1","max-image-preview":"max-image-preview:large","max-video-preview":"max-video-preview:-1"},"canonical":"https:\/\/skinglam.eu\/pt\/produto\/beauty-of-joseon-red-bean-refreshing-pore-mask-140ml\/","og_locale":"pt_PT","og_type":"article","og_title":"Beauty of Joseon Red Bean Refreshing Pore Mask 140ml - Skin Glam","og_description":"Our pores are essentially pathways that sebum uses to reach the surface of our skin. When dead skin cells and surplus sebum clog these pathways,...","og_url":"https:\/\/skinglam.eu\/pt\/produto\/beauty-of-joseon-red-bean-refreshing-pore-mask-140ml\/","og_site_name":"Skin Glam","article_publisher":"https:\/\/www.instagram.com\/skinglam.si","article_modified_time":"2026-04-18T17:55:27+00:00","og_image":[{"width":817,"height":820,"url":"https:\/\/skinglam.eu\/wp-content\/uploads\/2023\/10\/boj_red_bean_refreshing_pore_mask-2.jpg","type":"image\/jpeg"}],"twitter_card":"summary_large_image","twitter_misc":{"Tempo estimado de leitura":"2 minutos"},"schema":{"@context":"https:\/\/schema.org","@graph":[{"@type":"WebPage","@id":"https:\/\/skinglam.eu\/product\/beauty-of-joseon-red-bean-refreshing-pore-mask-140ml\/","url":"https:\/\/skinglam.eu\/product\/beauty-of-joseon-red-bean-refreshing-pore-mask-140ml\/","name":"Beauty of Joseon Red Bean Refreshing Pore Mask 140ml - Skin Glam","isPartOf":{"@id":"https:\/\/skinglam.eu\/hr\/#website"},"primaryImageOfPage":{"@id":"https:\/\/skinglam.eu\/product\/beauty-of-joseon-red-bean-refreshing-pore-mask-140ml\/#primaryimage"},"image":{"@id":"https:\/\/skinglam.eu\/product\/beauty-of-joseon-red-bean-refreshing-pore-mask-140ml\/#primaryimage"},"thumbnailUrl":"https:\/\/skinglam.eu\/wp-content\/uploads\/2023\/10\/boj_red_bean_refreshing_pore_mask-2.jpg","datePublished":"2023-10-30T15:05:08+00:00","dateModified":"2026-04-18T17:55:27+00:00","breadcrumb":{"@id":"https:\/\/skinglam.eu\/product\/beauty-of-joseon-red-bean-refreshing-pore-mask-140ml\/#breadcrumb"},"inLanguage":"pt-PT","potentialAction":[{"@type":"ReadAction","target":["https:\/\/skinglam.eu\/product\/beauty-of-joseon-red-bean-refreshing-pore-mask-140ml\/"]}]},{"@type":"ImageObject","inLanguage":"pt-PT","@id":"https:\/\/skinglam.eu\/product\/beauty-of-joseon-red-bean-refreshing-pore-mask-140ml\/#primaryimage","url":"https:\/\/skinglam.eu\/wp-content\/uploads\/2023\/10\/boj_red_bean_refreshing_pore_mask-2.jpg","contentUrl":"https:\/\/skinglam.eu\/wp-content\/uploads\/2023\/10\/boj_red_bean_refreshing_pore_mask-2.jpg","width":817,"height":820},{"@type":"BreadcrumbList","@id":"https:\/\/skinglam.eu\/product\/beauty-of-joseon-red-bean-refreshing-pore-mask-140ml\/#breadcrumb","itemListElement":[{"@type":"ListItem","position":1,"name":"Home","item":"https:\/\/skinglam.eu\/"},{"@type":"ListItem","position":2,"name":"Shop","item":"https:\/\/skinglam.eu\/hr\/shop\/"},{"@type":"ListItem","position":3,"name":"Beauty of Joseon Red Bean Refreshing Pore Mask 140ml"}]},{"@type":"WebSite","@id":"https:\/\/skinglam.eu\/hr\/#website","url":"https:\/\/skinglam.eu\/hr\/","name":"Skin Glam","description":"K-beauty Shop","publisher":{"@id":"https:\/\/skinglam.eu\/hr\/#organization"},"potentialAction":[{"@type":"SearchAction","target":{"@type":"EntryPoint","urlTemplate":"https:\/\/skinglam.eu\/hr\/?s={search_term_string}"},"query-input":{"@type":"PropertyValueSpecification","valueRequired":true,"valueName":"search_term_string"}}],"inLanguage":"pt-PT"},{"@type":"Organization","@id":"https:\/\/skinglam.eu\/hr\/#organization","name":"SkinGlam d.o.o.","url":"https:\/\/skinglam.eu\/hr\/","logo":{"@type":"ImageObject","inLanguage":"pt-PT","@id":"https:\/\/skinglam.eu\/hr\/#\/schema\/logo\/image\/","url":"https:\/\/skinglam.eu\/wp-content\/uploads\/2024\/09\/logo.jpg","contentUrl":"https:\/\/skinglam.eu\/wp-content\/uploads\/2024\/09\/logo.jpg","width":883,"height":833,"caption":"SkinGlam d.o.o."},"image":{"@id":"https:\/\/skinglam.eu\/hr\/#\/schema\/logo\/image\/"},"sameAs":["https:\/\/www.instagram.com\/skinglam.si"]}]}},"_links":{"self":[{"href":"https:\/\/skinglam.eu\/pt\/wp-json\/wp\/v2\/product\/2869","targetHints":{"allow":["GET"]}}],"collection":[{"href":"https:\/\/skinglam.eu\/pt\/wp-json\/wp\/v2\/product"}],"about":[{"href":"https:\/\/skinglam.eu\/pt\/wp-json\/wp\/v2\/types\/product"}],"replies":[{"embeddable":true,"href":"https:\/\/skinglam.eu\/pt\/wp-json\/wp\/v2\/comments?post=2869"}],"version-history":[{"count":2,"href":"https:\/\/skinglam.eu\/pt\/wp-json\/wp\/v2\/product\/2869\/revisions"}],"predecessor-version":[{"id":5496,"href":"https:\/\/skinglam.eu\/pt\/wp-json\/wp\/v2\/product\/2869\/revisions\/5496"}],"wp:featuredmedia":[{"embeddable":true,"href":"https:\/\/skinglam.eu\/pt\/wp-json\/wp\/v2\/media\/4382"}],"wp:attachment":[{"href":"https:\/\/skinglam.eu\/pt\/wp-json\/wp\/v2\/media?parent=2869"}],"wp:term":[{"taxonomy":"brand","embeddable":true,"href":"https:\/\/skinglam.eu\/pt\/wp-json\/wp\/v2\/etheme_brands?post=2869"},{"taxonomy":"product_cat","embeddable":true,"href":"https:\/\/skinglam.eu\/pt\/wp-json\/wp\/v2\/product_cat?post=2869"},{"taxonomy":"product_tag","embeddable":true,"href":"https:\/\/skinglam.eu\/pt\/wp-json\/wp\/v2\/product_tag?post=2869"}],"curies":[{"name":"wp","href":"https:\/\/api.w.org\/{rel}","templated":true}]}}