{"id":2967,"date":"2023-10-31T13:35:25","date_gmt":"2023-10-31T13:35:25","guid":{"rendered":"https:\/\/skinglam.si\/?post_type=product&#038;p=2967"},"modified":"2026-04-18T17:27:00","modified_gmt":"2026-04-18T17:27:00","slug":"heimish-all-clean-green-foam-150g","status":"publish","type":"product","link":"https:\/\/skinglam.eu\/pt\/produto\/heimish-all-clean-green-foam-150g\/","title":{"rendered":"HEIMISH Espuma Verde All Clean 150g"},"content":{"rendered":"<p>Heimish All Clean Green Foam \u00e9 um limpador suave para o dia a dia, desenvolvido para manter o equil\u00edbrio ideal do pH da pele, ao mesmo tempo que remove impurezas com efic\u00e1cia.<br \/>\nEste gel de limpeza cont\u00e9m Centella Asiatica e hamam\u00e9lis, que oferecem propriedades calmantes para a pele.<br \/>\nCom pH 5,5, \u00e9 adequado para todos os tipos de pele, sendo uma excelente op\u00e7\u00e3o para quem tem pele sens\u00edvel. Este limpador garante que sua pele permane\u00e7a limpa, equilibrada e renovada.<\/p>\n<p>*As descri\u00e7\u00f5es dos ingredientes acima est\u00e3o limitadas \u00e0s caracter\u00edsticas das mat\u00e9rias-primas.<\/p>","protected":false},"excerpt":{"rendered":"<p>Heimish All Clean Green Foam is a gentle everyday cleanser designed to maintain your skin&#8217;s ideal pH balance while effectively removing impurities. This cleansing gel&#8230;<\/p>","protected":false},"featured_media":2968,"comment_status":"open","ping_status":"closed","template":"","meta":{"_monsterinsights_skip_tracking":false,"_monsterinsights_sitenote_active":false,"_monsterinsights_sitenote_note":"","_monsterinsights_sitenote_category":0,"_uf_show_specific_survey":0,"_uf_disable_surveys":false},"etheme_brands":[],"product_cat":[137,141,143,145,64],"product_tag":[],"class_list":{"0":"post-2967","1":"product","2":"type-product","3":"status-publish","4":"has-post-thumbnail","6":"product_cat-combination","7":"product_cat-normal","8":"product_cat-oily","9":"product_cat-sensitive","10":"product_cat-water-cleansers","12":"first","13":"instock","14":"sale","15":"shipping-taxable","16":"purchasable","17":"product-type-simple"},"yoast_head":"<!-- This site is optimized with the Yoast SEO plugin v24.3 - https:\/\/yoast.com\/wordpress\/plugins\/seo\/ -->\n<title>HEIMISH All Clean Green Foam 150g - Skin Glam<\/title>\n<meta name=\"robots\" content=\"index, follow, max-snippet:-1, max-image-preview:large, max-video-preview:-1\" \/>\n<link rel=\"canonical\" href=\"https:\/\/skinglam.eu\/pt\/produto\/heimish-all-clean-green-foam-150g\/\" \/>\n<meta property=\"og:locale\" content=\"pt_PT\" \/>\n<meta property=\"og:type\" content=\"article\" \/>\n<meta property=\"og:title\" content=\"HEIMISH All Clean Green Foam 150g - Skin Glam\" \/>\n<meta property=\"og:description\" content=\"Heimish All Clean Green Foam is a gentle everyday cleanser designed to maintain your skin&#8217;s ideal pH balance while effectively removing impurities. This cleansing gel...\" \/>\n<meta property=\"og:url\" content=\"https:\/\/skinglam.eu\/pt\/produto\/heimish-all-clean-green-foam-150g\/\" \/>\n<meta property=\"og:site_name\" content=\"Skin Glam\" \/>\n<meta property=\"article:publisher\" content=\"https:\/\/www.instagram.com\/skinglam.si\" \/>\n<meta property=\"article:modified_time\" content=\"2026-04-18T17:27:00+00:00\" \/>\n<meta property=\"og:image\" content=\"https:\/\/skinglam.eu\/wp-content\/uploads\/2023\/10\/heimishallcleangreenfoam.png\" \/>\n\t<meta property=\"og:image:width\" content=\"999\" \/>\n\t<meta property=\"og:image:height\" content=\"593\" \/>\n\t<meta property=\"og:image:type\" content=\"image\/png\" \/>\n<meta name=\"twitter:card\" content=\"summary_large_image\" \/>\n<meta name=\"twitter:label1\" content=\"Tempo estimado de leitura\" \/>\n\t<meta name=\"twitter:data1\" content=\"1 minuto\" \/>\n<script type=\"application\/ld+json\" class=\"yoast-schema-graph\">{\"@context\":\"https:\/\/schema.org\",\"@graph\":[{\"@type\":\"WebPage\",\"@id\":\"https:\/\/skinglam.eu\/product\/heimish-all-clean-green-foam-150g\/\",\"url\":\"https:\/\/skinglam.eu\/product\/heimish-all-clean-green-foam-150g\/\",\"name\":\"HEIMISH All Clean Green Foam 150g - Skin Glam\",\"isPartOf\":{\"@id\":\"https:\/\/skinglam.eu\/hr\/#website\"},\"primaryImageOfPage\":{\"@id\":\"https:\/\/skinglam.eu\/product\/heimish-all-clean-green-foam-150g\/#primaryimage\"},\"image\":{\"@id\":\"https:\/\/skinglam.eu\/product\/heimish-all-clean-green-foam-150g\/#primaryimage\"},\"thumbnailUrl\":\"https:\/\/skinglam.eu\/wp-content\/uploads\/2023\/10\/heimishallcleangreenfoam.png\",\"datePublished\":\"2023-10-31T13:35:25+00:00\",\"dateModified\":\"2026-04-18T17:27:00+00:00\",\"breadcrumb\":{\"@id\":\"https:\/\/skinglam.eu\/product\/heimish-all-clean-green-foam-150g\/#breadcrumb\"},\"inLanguage\":\"pt-PT\",\"potentialAction\":[{\"@type\":\"ReadAction\",\"target\":[\"https:\/\/skinglam.eu\/product\/heimish-all-clean-green-foam-150g\/\"]}]},{\"@type\":\"ImageObject\",\"inLanguage\":\"pt-PT\",\"@id\":\"https:\/\/skinglam.eu\/product\/heimish-all-clean-green-foam-150g\/#primaryimage\",\"url\":\"https:\/\/skinglam.eu\/wp-content\/uploads\/2023\/10\/heimishallcleangreenfoam.png\",\"contentUrl\":\"https:\/\/skinglam.eu\/wp-content\/uploads\/2023\/10\/heimishallcleangreenfoam.png\",\"width\":999,\"height\":593},{\"@type\":\"BreadcrumbList\",\"@id\":\"https:\/\/skinglam.eu\/product\/heimish-all-clean-green-foam-150g\/#breadcrumb\",\"itemListElement\":[{\"@type\":\"ListItem\",\"position\":1,\"name\":\"Home\",\"item\":\"https:\/\/skinglam.eu\/\"},{\"@type\":\"ListItem\",\"position\":2,\"name\":\"Shop\",\"item\":\"https:\/\/skinglam.eu\/hr\/shop\/\"},{\"@type\":\"ListItem\",\"position\":3,\"name\":\"HEIMISH All Clean Green Foam 150g\"}]},{\"@type\":\"WebSite\",\"@id\":\"https:\/\/skinglam.eu\/hr\/#website\",\"url\":\"https:\/\/skinglam.eu\/hr\/\",\"name\":\"Skin Glam\",\"description\":\"K-beauty Shop\",\"publisher\":{\"@id\":\"https:\/\/skinglam.eu\/hr\/#organization\"},\"potentialAction\":[{\"@type\":\"SearchAction\",\"target\":{\"@type\":\"EntryPoint\",\"urlTemplate\":\"https:\/\/skinglam.eu\/hr\/?s={search_term_string}\"},\"query-input\":{\"@type\":\"PropertyValueSpecification\",\"valueRequired\":true,\"valueName\":\"search_term_string\"}}],\"inLanguage\":\"pt-PT\"},{\"@type\":\"Organization\",\"@id\":\"https:\/\/skinglam.eu\/hr\/#organization\",\"name\":\"SkinGlam d.o.o.\",\"url\":\"https:\/\/skinglam.eu\/hr\/\",\"logo\":{\"@type\":\"ImageObject\",\"inLanguage\":\"pt-PT\",\"@id\":\"https:\/\/skinglam.eu\/hr\/#\/schema\/logo\/image\/\",\"url\":\"https:\/\/skinglam.eu\/wp-content\/uploads\/2024\/09\/logo.jpg\",\"contentUrl\":\"https:\/\/skinglam.eu\/wp-content\/uploads\/2024\/09\/logo.jpg\",\"width\":883,\"height\":833,\"caption\":\"SkinGlam d.o.o.\"},\"image\":{\"@id\":\"https:\/\/skinglam.eu\/hr\/#\/schema\/logo\/image\/\"},\"sameAs\":[\"https:\/\/www.instagram.com\/skinglam.si\"]}]}<\/script>\n<!-- \/ Yoast SEO plugin. -->","yoast_head_json":{"title":"HEIMISH All Clean Green Foam 150g - Skin Glam","robots":{"index":"index","follow":"follow","max-snippet":"max-snippet:-1","max-image-preview":"max-image-preview:large","max-video-preview":"max-video-preview:-1"},"canonical":"https:\/\/skinglam.eu\/pt\/produto\/heimish-all-clean-green-foam-150g\/","og_locale":"pt_PT","og_type":"article","og_title":"HEIMISH All Clean Green Foam 150g - Skin Glam","og_description":"Heimish All Clean Green Foam is a gentle everyday cleanser designed to maintain your skin&#8217;s ideal pH balance while effectively removing impurities. This cleansing gel...","og_url":"https:\/\/skinglam.eu\/pt\/produto\/heimish-all-clean-green-foam-150g\/","og_site_name":"Skin Glam","article_publisher":"https:\/\/www.instagram.com\/skinglam.si","article_modified_time":"2026-04-18T17:27:00+00:00","og_image":[{"width":999,"height":593,"url":"https:\/\/skinglam.eu\/wp-content\/uploads\/2023\/10\/heimishallcleangreenfoam.png","type":"image\/png"}],"twitter_card":"summary_large_image","twitter_misc":{"Tempo estimado de leitura":"1 minuto"},"schema":{"@context":"https:\/\/schema.org","@graph":[{"@type":"WebPage","@id":"https:\/\/skinglam.eu\/product\/heimish-all-clean-green-foam-150g\/","url":"https:\/\/skinglam.eu\/product\/heimish-all-clean-green-foam-150g\/","name":"HEIMISH All Clean Green Foam 150g - Skin Glam","isPartOf":{"@id":"https:\/\/skinglam.eu\/hr\/#website"},"primaryImageOfPage":{"@id":"https:\/\/skinglam.eu\/product\/heimish-all-clean-green-foam-150g\/#primaryimage"},"image":{"@id":"https:\/\/skinglam.eu\/product\/heimish-all-clean-green-foam-150g\/#primaryimage"},"thumbnailUrl":"https:\/\/skinglam.eu\/wp-content\/uploads\/2023\/10\/heimishallcleangreenfoam.png","datePublished":"2023-10-31T13:35:25+00:00","dateModified":"2026-04-18T17:27:00+00:00","breadcrumb":{"@id":"https:\/\/skinglam.eu\/product\/heimish-all-clean-green-foam-150g\/#breadcrumb"},"inLanguage":"pt-PT","potentialAction":[{"@type":"ReadAction","target":["https:\/\/skinglam.eu\/product\/heimish-all-clean-green-foam-150g\/"]}]},{"@type":"ImageObject","inLanguage":"pt-PT","@id":"https:\/\/skinglam.eu\/product\/heimish-all-clean-green-foam-150g\/#primaryimage","url":"https:\/\/skinglam.eu\/wp-content\/uploads\/2023\/10\/heimishallcleangreenfoam.png","contentUrl":"https:\/\/skinglam.eu\/wp-content\/uploads\/2023\/10\/heimishallcleangreenfoam.png","width":999,"height":593},{"@type":"BreadcrumbList","@id":"https:\/\/skinglam.eu\/product\/heimish-all-clean-green-foam-150g\/#breadcrumb","itemListElement":[{"@type":"ListItem","position":1,"name":"Home","item":"https:\/\/skinglam.eu\/"},{"@type":"ListItem","position":2,"name":"Shop","item":"https:\/\/skinglam.eu\/hr\/shop\/"},{"@type":"ListItem","position":3,"name":"HEIMISH All Clean Green Foam 150g"}]},{"@type":"WebSite","@id":"https:\/\/skinglam.eu\/hr\/#website","url":"https:\/\/skinglam.eu\/hr\/","name":"Skin Glam","description":"K-beauty Shop","publisher":{"@id":"https:\/\/skinglam.eu\/hr\/#organization"},"potentialAction":[{"@type":"SearchAction","target":{"@type":"EntryPoint","urlTemplate":"https:\/\/skinglam.eu\/hr\/?s={search_term_string}"},"query-input":{"@type":"PropertyValueSpecification","valueRequired":true,"valueName":"search_term_string"}}],"inLanguage":"pt-PT"},{"@type":"Organization","@id":"https:\/\/skinglam.eu\/hr\/#organization","name":"SkinGlam d.o.o.","url":"https:\/\/skinglam.eu\/hr\/","logo":{"@type":"ImageObject","inLanguage":"pt-PT","@id":"https:\/\/skinglam.eu\/hr\/#\/schema\/logo\/image\/","url":"https:\/\/skinglam.eu\/wp-content\/uploads\/2024\/09\/logo.jpg","contentUrl":"https:\/\/skinglam.eu\/wp-content\/uploads\/2024\/09\/logo.jpg","width":883,"height":833,"caption":"SkinGlam d.o.o."},"image":{"@id":"https:\/\/skinglam.eu\/hr\/#\/schema\/logo\/image\/"},"sameAs":["https:\/\/www.instagram.com\/skinglam.si"]}]}},"_links":{"self":[{"href":"https:\/\/skinglam.eu\/pt\/wp-json\/wp\/v2\/product\/2967","targetHints":{"allow":["GET"]}}],"collection":[{"href":"https:\/\/skinglam.eu\/pt\/wp-json\/wp\/v2\/product"}],"about":[{"href":"https:\/\/skinglam.eu\/pt\/wp-json\/wp\/v2\/types\/product"}],"replies":[{"embeddable":true,"href":"https:\/\/skinglam.eu\/pt\/wp-json\/wp\/v2\/comments?post=2967"}],"version-history":[{"count":2,"href":"https:\/\/skinglam.eu\/pt\/wp-json\/wp\/v2\/product\/2967\/revisions"}],"predecessor-version":[{"id":5546,"href":"https:\/\/skinglam.eu\/pt\/wp-json\/wp\/v2\/product\/2967\/revisions\/5546"}],"wp:featuredmedia":[{"embeddable":true,"href":"https:\/\/skinglam.eu\/pt\/wp-json\/wp\/v2\/media\/2968"}],"wp:attachment":[{"href":"https:\/\/skinglam.eu\/pt\/wp-json\/wp\/v2\/media?parent=2967"}],"wp:term":[{"taxonomy":"brand","embeddable":true,"href":"https:\/\/skinglam.eu\/pt\/wp-json\/wp\/v2\/etheme_brands?post=2967"},{"taxonomy":"product_cat","embeddable":true,"href":"https:\/\/skinglam.eu\/pt\/wp-json\/wp\/v2\/product_cat?post=2967"},{"taxonomy":"product_tag","embeddable":true,"href":"https:\/\/skinglam.eu\/pt\/wp-json\/wp\/v2\/product_tag?post=2967"}],"curies":[{"name":"wp","href":"https:\/\/api.w.org\/{rel}","templated":true}]}}