{"id":5166,"date":"2025-08-17T22:09:04","date_gmt":"2025-08-17T22:09:04","guid":{"rendered":"https:\/\/skinglam.eu\/?post_type=product&#038;p=5166"},"modified":"2026-04-18T21:57:13","modified_gmt":"2026-04-18T21:57:13","slug":"tone-glow-skin1004-hyalu-cica-brightening-toner-skin1004-hyalu-cica-blue-serum","status":"publish","type":"product","link":"https:\/\/skinglam.eu\/pt\/produto\/tone-glow-skin1004-hyalu-cica-brightening-toner-skin1004-hyalu-cica-blue-serum\/","title":{"rendered":"Tonalidade + Brilho: T\u00f4nico Iluminador SKIN1004 Hyalu-Cica + S\u00e9rum Azul SKIN1004 Hyalu-Cica"},"content":{"rendered":"<p data-start=\"283\" data-end=\"357\"><span class=\"relative -mx-px my-[-0.2rem] rounded px-px py-[0.2rem] transition-colors duration-100 ease-in-out\">Conquiste uma tez luminosa e equilibrada com esta dupla hidratante e iluminadora \u2013 ideal para peles sens\u00edveis, ba\u00e7as ou com tom irregular.<\/span><\/p>\n<p data-start=\"359\" data-end=\"473\"><strong data-start=\"359\" data-end=\"396\"> SKIN1004 Hyalu-Cica Soro Azul<\/strong><br data-start=\"396\" data-end=\"399\" \/><span class=\"relative -mx-px my-[-0.2rem] rounded px-px py-[0.2rem] transition-colors duration-100 ease-in-out\">Um s\u00e9rum em gel leve e n\u00e3o pegajoso, formulado com \u00e1gua de folha de Centella Asi\u00e1tica, cinco tipos de \u00e1cido hialur\u00f4nico, niacinamida, ceramida NP e adenosina. Essa combina\u00e7\u00e3o hidrata profundamente, acalma irrita\u00e7\u00f5es, fortalece a barreira cut\u00e2nea e aumenta a elasticidade da pele, deixando-a com apar\u00eancia preenchida e radiante.<\/span><\/p>\n<p data-start=\"359\" data-end=\"473\"><strong data-start=\"475\" data-end=\"525\"> GR\u00c1TIS: T\u00f4nico Clareador SKIN1004 Hyalu-Cica<\/strong><br data-start=\"525\" data-end=\"528\" \/><span class=\"relative -mx-px my-[-0.2rem] rounded px-px py-[0.2rem] transition-colors duration-100 ease-in-out\">Este t\u00f4nico esfoliante suave cont\u00e9m \u00e1cido capriloil salic\u00edlico (LHA) e \u00e1cido c\u00edtrico (AHA) para remover c\u00e9lulas mortas e desobstruir os poros, enquanto cinco formas de \u00e1cido hialur\u00f4nico e ceramida NP proporcionam hidrata\u00e7\u00e3o profunda e restauram a barreira protetora da pele. O resultado \u00e9 uma tez mais lisa, uniforme e luminosa.<\/span><\/p>\n<p data-start=\"359\" data-end=\"473\"> Tonifique, hidrate e ilumine \u2013 o seu caminho para uma pele radiante e equilibrada!<\/p>","protected":false},"excerpt":{"rendered":"<p>Compre o S\u00e9rum Azul Hyalu-Cica SKIN1004 e ganhe o T\u00f4nico Iluminador Hyalu-Cica GR\u00c1TIS.<\/p>","protected":false},"featured_media":5167,"comment_status":"open","ping_status":"closed","template":"","meta":{"_monsterinsights_skip_tracking":false,"_monsterinsights_sitenote_active":false,"_monsterinsights_sitenote_note":"","_monsterinsights_sitenote_category":0,"_uf_show_specific_survey":0,"_uf_disable_surveys":false},"etheme_brands":[],"product_cat":[165],"product_tag":[],"class_list":{"0":"post-5166","1":"product","2":"type-product","3":"status-publish","4":"has-post-thumbnail","6":"product_cat-buy1get1","8":"first","9":"instock","10":"sale","11":"shipping-taxable","12":"purchasable","13":"product-type-simple"},"yoast_head":"<!-- This site is optimized with the Yoast SEO plugin v24.3 - https:\/\/yoast.com\/wordpress\/plugins\/seo\/ -->\n<title>Tone + Glow: SKIN1004 Hyalu-Cica Brightening Toner + SKIN1004 Hyalu-Cica Blue Serum - Skin Glam<\/title>\n<meta name=\"description\" content=\"Achieve a luminous, glowy and balanced complexion with SKIN1004 Hyalu-Cica Blue Serum and receive a free Hyalu-Cica Brightening Toner.\" \/>\n<meta name=\"robots\" content=\"index, follow, max-snippet:-1, max-image-preview:large, max-video-preview:-1\" \/>\n<link rel=\"canonical\" href=\"https:\/\/skinglam.eu\/pt\/produto\/tone-glow-skin1004-hyalu-cica-brightening-toner-skin1004-hyalu-cica-blue-serum\/\" \/>\n<meta property=\"og:locale\" content=\"pt_PT\" \/>\n<meta property=\"og:type\" content=\"article\" \/>\n<meta property=\"og:title\" content=\"Tone + Glow: SKIN1004 Hyalu-Cica Brightening Toner + SKIN1004 Hyalu-Cica Blue Serum - Skin Glam\" \/>\n<meta property=\"og:description\" content=\"Achieve a luminous, glowy and balanced complexion with SKIN1004 Hyalu-Cica Blue Serum and receive a free Hyalu-Cica Brightening Toner.\" \/>\n<meta property=\"og:url\" content=\"https:\/\/skinglam.eu\/pt\/produto\/tone-glow-skin1004-hyalu-cica-brightening-toner-skin1004-hyalu-cica-blue-serum\/\" \/>\n<meta property=\"og:site_name\" content=\"Skin Glam\" \/>\n<meta property=\"article:publisher\" content=\"https:\/\/www.instagram.com\/skinglam.si\" \/>\n<meta property=\"article:modified_time\" content=\"2026-04-18T21:57:13+00:00\" \/>\n<meta property=\"og:image\" content=\"https:\/\/skinglam.eu\/wp-content\/uploads\/2025\/08\/26-scaled.png\" \/>\n\t<meta property=\"og:image:width\" content=\"2560\" \/>\n\t<meta property=\"og:image:height\" content=\"2560\" \/>\n\t<meta property=\"og:image:type\" content=\"image\/png\" \/>\n<meta name=\"twitter:card\" content=\"summary_large_image\" \/>\n<meta name=\"twitter:label1\" content=\"Tempo estimado de leitura\" \/>\n\t<meta name=\"twitter:data1\" content=\"1 minuto\" \/>\n<script type=\"application\/ld+json\" class=\"yoast-schema-graph\">{\"@context\":\"https:\/\/schema.org\",\"@graph\":[{\"@type\":\"WebPage\",\"@id\":\"https:\/\/skinglam.eu\/product\/tone-glow-skin1004-hyalu-cica-brightening-toner-skin1004-hyalu-cica-blue-serum\/\",\"url\":\"https:\/\/skinglam.eu\/product\/tone-glow-skin1004-hyalu-cica-brightening-toner-skin1004-hyalu-cica-blue-serum\/\",\"name\":\"Tone + Glow: SKIN1004 Hyalu-Cica Brightening Toner + SKIN1004 Hyalu-Cica Blue Serum - Skin Glam\",\"isPartOf\":{\"@id\":\"https:\/\/skinglam.eu\/hr\/#website\"},\"primaryImageOfPage\":{\"@id\":\"https:\/\/skinglam.eu\/product\/tone-glow-skin1004-hyalu-cica-brightening-toner-skin1004-hyalu-cica-blue-serum\/#primaryimage\"},\"image\":{\"@id\":\"https:\/\/skinglam.eu\/product\/tone-glow-skin1004-hyalu-cica-brightening-toner-skin1004-hyalu-cica-blue-serum\/#primaryimage\"},\"thumbnailUrl\":\"https:\/\/skinglam.eu\/wp-content\/uploads\/2025\/08\/26-scaled.png\",\"datePublished\":\"2025-08-17T22:09:04+00:00\",\"dateModified\":\"2026-04-18T21:57:13+00:00\",\"description\":\"Achieve a luminous, glowy and balanced complexion with SKIN1004 Hyalu-Cica Blue Serum and receive a free Hyalu-Cica Brightening Toner.\",\"breadcrumb\":{\"@id\":\"https:\/\/skinglam.eu\/product\/tone-glow-skin1004-hyalu-cica-brightening-toner-skin1004-hyalu-cica-blue-serum\/#breadcrumb\"},\"inLanguage\":\"pt-PT\",\"potentialAction\":[{\"@type\":\"ReadAction\",\"target\":[\"https:\/\/skinglam.eu\/product\/tone-glow-skin1004-hyalu-cica-brightening-toner-skin1004-hyalu-cica-blue-serum\/\"]}]},{\"@type\":\"ImageObject\",\"inLanguage\":\"pt-PT\",\"@id\":\"https:\/\/skinglam.eu\/product\/tone-glow-skin1004-hyalu-cica-brightening-toner-skin1004-hyalu-cica-blue-serum\/#primaryimage\",\"url\":\"https:\/\/skinglam.eu\/wp-content\/uploads\/2025\/08\/26-scaled.png\",\"contentUrl\":\"https:\/\/skinglam.eu\/wp-content\/uploads\/2025\/08\/26-scaled.png\",\"width\":2560,\"height\":2560,\"caption\":\"Hydrate and brighten your complexion with SKIN1004 Hyalu-Cica Blue Serum, complemented by the free Hyalu-Cica Brightening Toner\u2014your path to luminous, balanced skin\"},{\"@type\":\"BreadcrumbList\",\"@id\":\"https:\/\/skinglam.eu\/product\/tone-glow-skin1004-hyalu-cica-brightening-toner-skin1004-hyalu-cica-blue-serum\/#breadcrumb\",\"itemListElement\":[{\"@type\":\"ListItem\",\"position\":1,\"name\":\"Home\",\"item\":\"https:\/\/skinglam.eu\/\"},{\"@type\":\"ListItem\",\"position\":2,\"name\":\"Shop\",\"item\":\"https:\/\/skinglam.eu\/hr\/shop\/\"},{\"@type\":\"ListItem\",\"position\":3,\"name\":\"Tone + Glow: SKIN1004 Hyalu-Cica Brightening Toner + SKIN1004 Hyalu-Cica Blue Serum\"}]},{\"@type\":\"WebSite\",\"@id\":\"https:\/\/skinglam.eu\/hr\/#website\",\"url\":\"https:\/\/skinglam.eu\/hr\/\",\"name\":\"Skin Glam\",\"description\":\"K-beauty Shop\",\"publisher\":{\"@id\":\"https:\/\/skinglam.eu\/hr\/#organization\"},\"potentialAction\":[{\"@type\":\"SearchAction\",\"target\":{\"@type\":\"EntryPoint\",\"urlTemplate\":\"https:\/\/skinglam.eu\/hr\/?s={search_term_string}\"},\"query-input\":{\"@type\":\"PropertyValueSpecification\",\"valueRequired\":true,\"valueName\":\"search_term_string\"}}],\"inLanguage\":\"pt-PT\"},{\"@type\":\"Organization\",\"@id\":\"https:\/\/skinglam.eu\/hr\/#organization\",\"name\":\"SkinGlam d.o.o.\",\"url\":\"https:\/\/skinglam.eu\/hr\/\",\"logo\":{\"@type\":\"ImageObject\",\"inLanguage\":\"pt-PT\",\"@id\":\"https:\/\/skinglam.eu\/hr\/#\/schema\/logo\/image\/\",\"url\":\"https:\/\/skinglam.eu\/wp-content\/uploads\/2024\/09\/logo.jpg\",\"contentUrl\":\"https:\/\/skinglam.eu\/wp-content\/uploads\/2024\/09\/logo.jpg\",\"width\":883,\"height\":833,\"caption\":\"SkinGlam d.o.o.\"},\"image\":{\"@id\":\"https:\/\/skinglam.eu\/hr\/#\/schema\/logo\/image\/\"},\"sameAs\":[\"https:\/\/www.instagram.com\/skinglam.si\"]}]}<\/script>\n<!-- \/ Yoast SEO plugin. -->","yoast_head_json":{"title":"Tone + Glow: SKIN1004 Hyalu-Cica Brightening Toner + SKIN1004 Hyalu-Cica Blue Serum - Skin Glam","description":"Achieve a luminous, glowy and balanced complexion with SKIN1004 Hyalu-Cica Blue Serum and receive a free Hyalu-Cica Brightening Toner.","robots":{"index":"index","follow":"follow","max-snippet":"max-snippet:-1","max-image-preview":"max-image-preview:large","max-video-preview":"max-video-preview:-1"},"canonical":"https:\/\/skinglam.eu\/pt\/produto\/tone-glow-skin1004-hyalu-cica-brightening-toner-skin1004-hyalu-cica-blue-serum\/","og_locale":"pt_PT","og_type":"article","og_title":"Tone + Glow: SKIN1004 Hyalu-Cica Brightening Toner + SKIN1004 Hyalu-Cica Blue Serum - Skin Glam","og_description":"Achieve a luminous, glowy and balanced complexion with SKIN1004 Hyalu-Cica Blue Serum and receive a free Hyalu-Cica Brightening Toner.","og_url":"https:\/\/skinglam.eu\/pt\/produto\/tone-glow-skin1004-hyalu-cica-brightening-toner-skin1004-hyalu-cica-blue-serum\/","og_site_name":"Skin Glam","article_publisher":"https:\/\/www.instagram.com\/skinglam.si","article_modified_time":"2026-04-18T21:57:13+00:00","og_image":[{"width":2560,"height":2560,"url":"https:\/\/skinglam.eu\/wp-content\/uploads\/2025\/08\/26-scaled.png","type":"image\/png"}],"twitter_card":"summary_large_image","twitter_misc":{"Tempo estimado de leitura":"1 minuto"},"schema":{"@context":"https:\/\/schema.org","@graph":[{"@type":"WebPage","@id":"https:\/\/skinglam.eu\/product\/tone-glow-skin1004-hyalu-cica-brightening-toner-skin1004-hyalu-cica-blue-serum\/","url":"https:\/\/skinglam.eu\/product\/tone-glow-skin1004-hyalu-cica-brightening-toner-skin1004-hyalu-cica-blue-serum\/","name":"Tone + Glow: SKIN1004 Hyalu-Cica Brightening Toner + SKIN1004 Hyalu-Cica Blue Serum - Skin Glam","isPartOf":{"@id":"https:\/\/skinglam.eu\/hr\/#website"},"primaryImageOfPage":{"@id":"https:\/\/skinglam.eu\/product\/tone-glow-skin1004-hyalu-cica-brightening-toner-skin1004-hyalu-cica-blue-serum\/#primaryimage"},"image":{"@id":"https:\/\/skinglam.eu\/product\/tone-glow-skin1004-hyalu-cica-brightening-toner-skin1004-hyalu-cica-blue-serum\/#primaryimage"},"thumbnailUrl":"https:\/\/skinglam.eu\/wp-content\/uploads\/2025\/08\/26-scaled.png","datePublished":"2025-08-17T22:09:04+00:00","dateModified":"2026-04-18T21:57:13+00:00","description":"Achieve a luminous, glowy and balanced complexion with SKIN1004 Hyalu-Cica Blue Serum and receive a free Hyalu-Cica Brightening Toner.","breadcrumb":{"@id":"https:\/\/skinglam.eu\/product\/tone-glow-skin1004-hyalu-cica-brightening-toner-skin1004-hyalu-cica-blue-serum\/#breadcrumb"},"inLanguage":"pt-PT","potentialAction":[{"@type":"ReadAction","target":["https:\/\/skinglam.eu\/product\/tone-glow-skin1004-hyalu-cica-brightening-toner-skin1004-hyalu-cica-blue-serum\/"]}]},{"@type":"ImageObject","inLanguage":"pt-PT","@id":"https:\/\/skinglam.eu\/product\/tone-glow-skin1004-hyalu-cica-brightening-toner-skin1004-hyalu-cica-blue-serum\/#primaryimage","url":"https:\/\/skinglam.eu\/wp-content\/uploads\/2025\/08\/26-scaled.png","contentUrl":"https:\/\/skinglam.eu\/wp-content\/uploads\/2025\/08\/26-scaled.png","width":2560,"height":2560,"caption":"Hydrate and brighten your complexion with SKIN1004 Hyalu-Cica Blue Serum, complemented by the free Hyalu-Cica Brightening Toner\u2014your path to luminous, balanced skin"},{"@type":"BreadcrumbList","@id":"https:\/\/skinglam.eu\/product\/tone-glow-skin1004-hyalu-cica-brightening-toner-skin1004-hyalu-cica-blue-serum\/#breadcrumb","itemListElement":[{"@type":"ListItem","position":1,"name":"Home","item":"https:\/\/skinglam.eu\/"},{"@type":"ListItem","position":2,"name":"Shop","item":"https:\/\/skinglam.eu\/hr\/shop\/"},{"@type":"ListItem","position":3,"name":"Tone + Glow: SKIN1004 Hyalu-Cica Brightening Toner + SKIN1004 Hyalu-Cica Blue Serum"}]},{"@type":"WebSite","@id":"https:\/\/skinglam.eu\/hr\/#website","url":"https:\/\/skinglam.eu\/hr\/","name":"Skin Glam","description":"K-beauty Shop","publisher":{"@id":"https:\/\/skinglam.eu\/hr\/#organization"},"potentialAction":[{"@type":"SearchAction","target":{"@type":"EntryPoint","urlTemplate":"https:\/\/skinglam.eu\/hr\/?s={search_term_string}"},"query-input":{"@type":"PropertyValueSpecification","valueRequired":true,"valueName":"search_term_string"}}],"inLanguage":"pt-PT"},{"@type":"Organization","@id":"https:\/\/skinglam.eu\/hr\/#organization","name":"SkinGlam d.o.o.","url":"https:\/\/skinglam.eu\/hr\/","logo":{"@type":"ImageObject","inLanguage":"pt-PT","@id":"https:\/\/skinglam.eu\/hr\/#\/schema\/logo\/image\/","url":"https:\/\/skinglam.eu\/wp-content\/uploads\/2024\/09\/logo.jpg","contentUrl":"https:\/\/skinglam.eu\/wp-content\/uploads\/2024\/09\/logo.jpg","width":883,"height":833,"caption":"SkinGlam d.o.o."},"image":{"@id":"https:\/\/skinglam.eu\/hr\/#\/schema\/logo\/image\/"},"sameAs":["https:\/\/www.instagram.com\/skinglam.si"]}]}},"_links":{"self":[{"href":"https:\/\/skinglam.eu\/pt\/wp-json\/wp\/v2\/product\/5166","targetHints":{"allow":["GET"]}}],"collection":[{"href":"https:\/\/skinglam.eu\/pt\/wp-json\/wp\/v2\/product"}],"about":[{"href":"https:\/\/skinglam.eu\/pt\/wp-json\/wp\/v2\/types\/product"}],"replies":[{"embeddable":true,"href":"https:\/\/skinglam.eu\/pt\/wp-json\/wp\/v2\/comments?post=5166"}],"version-history":[{"count":3,"href":"https:\/\/skinglam.eu\/pt\/wp-json\/wp\/v2\/product\/5166\/revisions"}],"predecessor-version":[{"id":5463,"href":"https:\/\/skinglam.eu\/pt\/wp-json\/wp\/v2\/product\/5166\/revisions\/5463"}],"wp:featuredmedia":[{"embeddable":true,"href":"https:\/\/skinglam.eu\/pt\/wp-json\/wp\/v2\/media\/5167"}],"wp:attachment":[{"href":"https:\/\/skinglam.eu\/pt\/wp-json\/wp\/v2\/media?parent=5166"}],"wp:term":[{"taxonomy":"brand","embeddable":true,"href":"https:\/\/skinglam.eu\/pt\/wp-json\/wp\/v2\/etheme_brands?post=5166"},{"taxonomy":"product_cat","embeddable":true,"href":"https:\/\/skinglam.eu\/pt\/wp-json\/wp\/v2\/product_cat?post=5166"},{"taxonomy":"product_tag","embeddable":true,"href":"https:\/\/skinglam.eu\/pt\/wp-json\/wp\/v2\/product_tag?post=5166"}],"curies":[{"name":"wp","href":"https:\/\/api.w.org\/{rel}","templated":true}]}}