{"id":5394,"date":"2025-10-12T14:04:38","date_gmt":"2025-10-12T14:04:38","guid":{"rendered":"https:\/\/skinglam.eu\/?post_type=product&#038;p=5394"},"modified":"2026-04-20T11:57:01","modified_gmt":"2026-04-20T11:57:01","slug":"medicube-pdrn-pink-hyaluronic-moisturizing-cream-50ml","status":"publish","type":"product","link":"https:\/\/skinglam.eu\/pt\/produto\/medicube-pdrn-pink-hyaluronic-moisturizing-cream-50ml\/","title":{"rendered":"MEDICUBE PDRN Creme Hidratante Rosa com \u00c1cido Hialur\u00f4nico 50ml"},"content":{"rendered":"<p>D\u00ea \u00e0 sua pele a dose m\u00e1xima de hidrata\u00e7\u00e3o, repara\u00e7\u00e3o e luminosidade com o Creme Hidratante Rosa com \u00c1cido Hialur\u00f4nico PDRN da MEDICUBE!<\/p>\n<p>Formulada com ingredientes revitalizantes para a pele, como PDRN derivado do salm\u00e3o, 10 tipos de \u00e1cido hialur\u00f4nico, ceramidas, pept\u00eddeos, niacinamida e adenosina, esta f\u00f3rmula cremosa proporciona nutri\u00e7\u00e3o em m\u00faltiplas camadas e suporte \u00e0 barreira cut\u00e2nea.<\/p>\n<p>Cada gota ajuda a refor\u00e7ar as defesas da sua pele com ceramidas que ret\u00eam a hidrata\u00e7\u00e3o, pept\u00eddeos que promovem firmeza e elasticidade e adenosina para suavizar a apar\u00eancia de linhas finas.<\/p>\n<p>A niacinamida ajuda a atenuar a pigmenta\u00e7\u00e3o e ilumina a tez, enquanto a combina\u00e7\u00e3o de \u00e1cidos hialur\u00f4nicos ret\u00e9m a hidrata\u00e7\u00e3o, deixando a pele com uma textura vi\u00e7osa e hidratada. A textura \u00e9 absorvida rapidamente, sem deixar a pele pegajosa, macia, flex\u00edvel e radiante o dia todo.<\/p>\n<p>Ideal para uso di\u00e1rio em todos os tipos de pele, especialmente aquelas que necessitam de hidrata\u00e7\u00e3o extra, repara\u00e7\u00e3o e cuidados antienvelhecimento.<\/p>","protected":false},"excerpt":{"rendered":"<p>Give your skin the ultimate dose of hydration, repair and glow with MEDICUBE\u2019s PDRN Pink Hyaluronic Moisturizing Cream! Formulated with skin-reviving ingredients like salmon-derived PDRN,&#8230;<\/p>","protected":false},"featured_media":5395,"comment_status":"open","ping_status":"closed","template":"","meta":{"_monsterinsights_skip_tracking":false,"_monsterinsights_sitenote_active":false,"_monsterinsights_sitenote_note":"","_monsterinsights_sitenote_category":0,"_uf_show_specific_survey":0,"_uf_disable_surveys":false},"etheme_brands":[{"term_id":415,"name":"MEDICUBE","slug":"medicube","term_group":0,"term_taxonomy_id":415,"taxonomy":"brand","description":"","parent":0,"count":12,"filter":"raw"}],"product_cat":[135,138,139,140,141,67],"product_tag":[469,206,468,184,203,466,471,438,171,473,416,474,367,465,456,470,472,340,365,467],"class_list":{"0":"post-5394","1":"product","2":"type-product","3":"status-publish","4":"has-post-thumbnail","6":"brand-medicube","7":"product_cat-anti-aging","8":"product_cat-dark-spots-pigmentation","9":"product_cat-dry","10":"product_cat-dryness","11":"product_cat-normal","12":"product_cat-moisturizers","13":"product_tag-anti-aging-cream","14":"product_tag-daily-moisturizer","15":"product_tag-facial-moisturizer","16":"product_tag-glass-skin","17":"product_tag-glowing-skin","18":"product_tag-hyaluronic-acid-cream","19":"product_tag-hydrating-face-cream","20":"product_tag-k-beauty","21":"product_tag-korean-skincare","22":"product_tag-lightweight-moisturizer","23":"product_tag-medicube","24":"product_tag-medicube-skincare","25":"product_tag-moisturizing-cream","26":"product_tag-pdrn-cream","27":"product_tag-pdrn-skincare","28":"product_tag-pink-cream","29":"product_tag-sensitive-skin-care","30":"product_tag-skin-barrier-repair","31":"product_tag-skin-elasticity","32":"product_tag-skin-hydration","34":"first","35":"instock","36":"sale","37":"shipping-taxable","38":"purchasable","39":"product-type-simple"},"yoast_head":"<!-- This site is optimized with the Yoast SEO plugin v24.3 - https:\/\/yoast.com\/wordpress\/plugins\/seo\/ -->\n<title>MEDICUBE PDRN Pink Hyaluronic Moisturizing Cream 50ml - Skin Glam<\/title>\n<meta name=\"description\" content=\"MEDICUBE PDRN Pink Hyaluronic Moisturizing Cream delivers deep hydration, enhances elasticity and supports skin repair with PDRN and hyaluronic acid.\" \/>\n<meta name=\"robots\" content=\"index, follow, max-snippet:-1, max-image-preview:large, max-video-preview:-1\" \/>\n<link rel=\"canonical\" href=\"https:\/\/skinglam.eu\/pt\/produto\/medicube-pdrn-pink-hyaluronic-moisturizing-cream-50ml\/\" \/>\n<meta property=\"og:locale\" content=\"pt_PT\" \/>\n<meta property=\"og:type\" content=\"article\" \/>\n<meta property=\"og:title\" content=\"MEDICUBE PDRN Pink Hyaluronic Moisturizing Cream 50ml - Skin Glam\" \/>\n<meta property=\"og:description\" content=\"MEDICUBE PDRN Pink Hyaluronic Moisturizing Cream delivers deep hydration, enhances elasticity and supports skin repair with PDRN and hyaluronic acid.\" \/>\n<meta property=\"og:url\" content=\"https:\/\/skinglam.eu\/pt\/produto\/medicube-pdrn-pink-hyaluronic-moisturizing-cream-50ml\/\" \/>\n<meta property=\"og:site_name\" content=\"Skin Glam\" \/>\n<meta property=\"article:publisher\" content=\"https:\/\/www.instagram.com\/skinglam.si\" \/>\n<meta property=\"article:modified_time\" content=\"2026-04-20T11:57:01+00:00\" \/>\n<meta property=\"og:image\" content=\"https:\/\/skinglam.eu\/wp-content\/uploads\/2025\/10\/Medicube-PDRN-PINK-HYALURONIC-MOISTURIZING-CREAM-50ML.jpg\" \/>\n\t<meta property=\"og:image:width\" content=\"640\" \/>\n\t<meta property=\"og:image:height\" content=\"640\" \/>\n\t<meta property=\"og:image:type\" content=\"image\/jpeg\" \/>\n<meta name=\"twitter:card\" content=\"summary_large_image\" \/>\n<meta name=\"twitter:label1\" content=\"Tempo estimado de leitura\" \/>\n\t<meta name=\"twitter:data1\" content=\"1 minuto\" \/>\n<script type=\"application\/ld+json\" class=\"yoast-schema-graph\">{\"@context\":\"https:\/\/schema.org\",\"@graph\":[{\"@type\":\"WebPage\",\"@id\":\"https:\/\/skinglam.eu\/product\/medicube-pdrn-pink-hyaluronic-moisturizing-cream-50ml\/\",\"url\":\"https:\/\/skinglam.eu\/product\/medicube-pdrn-pink-hyaluronic-moisturizing-cream-50ml\/\",\"name\":\"MEDICUBE PDRN Pink Hyaluronic Moisturizing Cream 50ml - Skin Glam\",\"isPartOf\":{\"@id\":\"https:\/\/skinglam.eu\/hr\/#website\"},\"primaryImageOfPage\":{\"@id\":\"https:\/\/skinglam.eu\/product\/medicube-pdrn-pink-hyaluronic-moisturizing-cream-50ml\/#primaryimage\"},\"image\":{\"@id\":\"https:\/\/skinglam.eu\/product\/medicube-pdrn-pink-hyaluronic-moisturizing-cream-50ml\/#primaryimage\"},\"thumbnailUrl\":\"https:\/\/skinglam.eu\/wp-content\/uploads\/2025\/10\/Medicube-PDRN-PINK-HYALURONIC-MOISTURIZING-CREAM-50ML.jpg\",\"datePublished\":\"2025-10-12T14:04:38+00:00\",\"dateModified\":\"2026-04-20T11:57:01+00:00\",\"description\":\"MEDICUBE PDRN Pink Hyaluronic Moisturizing Cream delivers deep hydration, enhances elasticity and supports skin repair with PDRN and hyaluronic acid.\",\"breadcrumb\":{\"@id\":\"https:\/\/skinglam.eu\/product\/medicube-pdrn-pink-hyaluronic-moisturizing-cream-50ml\/#breadcrumb\"},\"inLanguage\":\"pt-PT\",\"potentialAction\":[{\"@type\":\"ReadAction\",\"target\":[\"https:\/\/skinglam.eu\/product\/medicube-pdrn-pink-hyaluronic-moisturizing-cream-50ml\/\"]}]},{\"@type\":\"ImageObject\",\"inLanguage\":\"pt-PT\",\"@id\":\"https:\/\/skinglam.eu\/product\/medicube-pdrn-pink-hyaluronic-moisturizing-cream-50ml\/#primaryimage\",\"url\":\"https:\/\/skinglam.eu\/wp-content\/uploads\/2025\/10\/Medicube-PDRN-PINK-HYALURONIC-MOISTURIZING-CREAM-50ML.jpg\",\"contentUrl\":\"https:\/\/skinglam.eu\/wp-content\/uploads\/2025\/10\/Medicube-PDRN-PINK-HYALURONIC-MOISTURIZING-CREAM-50ML.jpg\",\"width\":640,\"height\":640,\"caption\":\"MEDICUBE PDRN Pink Hyaluronic Moisturizing Cream 50ml \u2013 Deep hydration and skin repair with PDRN and hyaluronic acid for smooth, supple skin.\"},{\"@type\":\"BreadcrumbList\",\"@id\":\"https:\/\/skinglam.eu\/product\/medicube-pdrn-pink-hyaluronic-moisturizing-cream-50ml\/#breadcrumb\",\"itemListElement\":[{\"@type\":\"ListItem\",\"position\":1,\"name\":\"Home\",\"item\":\"https:\/\/skinglam.eu\/\"},{\"@type\":\"ListItem\",\"position\":2,\"name\":\"Shop\",\"item\":\"https:\/\/skinglam.eu\/hr\/shop\/\"},{\"@type\":\"ListItem\",\"position\":3,\"name\":\"MEDICUBE PDRN Pink Hyaluronic Moisturizing Cream 50ml\"}]},{\"@type\":\"WebSite\",\"@id\":\"https:\/\/skinglam.eu\/hr\/#website\",\"url\":\"https:\/\/skinglam.eu\/hr\/\",\"name\":\"Skin Glam\",\"description\":\"K-beauty Shop\",\"publisher\":{\"@id\":\"https:\/\/skinglam.eu\/hr\/#organization\"},\"potentialAction\":[{\"@type\":\"SearchAction\",\"target\":{\"@type\":\"EntryPoint\",\"urlTemplate\":\"https:\/\/skinglam.eu\/hr\/?s={search_term_string}\"},\"query-input\":{\"@type\":\"PropertyValueSpecification\",\"valueRequired\":true,\"valueName\":\"search_term_string\"}}],\"inLanguage\":\"pt-PT\"},{\"@type\":\"Organization\",\"@id\":\"https:\/\/skinglam.eu\/hr\/#organization\",\"name\":\"SkinGlam d.o.o.\",\"url\":\"https:\/\/skinglam.eu\/hr\/\",\"logo\":{\"@type\":\"ImageObject\",\"inLanguage\":\"pt-PT\",\"@id\":\"https:\/\/skinglam.eu\/hr\/#\/schema\/logo\/image\/\",\"url\":\"https:\/\/skinglam.eu\/wp-content\/uploads\/2024\/09\/logo.jpg\",\"contentUrl\":\"https:\/\/skinglam.eu\/wp-content\/uploads\/2024\/09\/logo.jpg\",\"width\":883,\"height\":833,\"caption\":\"SkinGlam d.o.o.\"},\"image\":{\"@id\":\"https:\/\/skinglam.eu\/hr\/#\/schema\/logo\/image\/\"},\"sameAs\":[\"https:\/\/www.instagram.com\/skinglam.si\"]}]}<\/script>\n<!-- \/ Yoast SEO plugin. -->","yoast_head_json":{"title":"MEDICUBE PDRN Pink Hyaluronic Moisturizing Cream 50ml - Skin Glam","description":"MEDICUBE PDRN Pink Hyaluronic Moisturizing Cream delivers deep hydration, enhances elasticity and supports skin repair with PDRN and hyaluronic acid.","robots":{"index":"index","follow":"follow","max-snippet":"max-snippet:-1","max-image-preview":"max-image-preview:large","max-video-preview":"max-video-preview:-1"},"canonical":"https:\/\/skinglam.eu\/pt\/produto\/medicube-pdrn-pink-hyaluronic-moisturizing-cream-50ml\/","og_locale":"pt_PT","og_type":"article","og_title":"MEDICUBE PDRN Pink Hyaluronic Moisturizing Cream 50ml - Skin Glam","og_description":"MEDICUBE PDRN Pink Hyaluronic Moisturizing Cream delivers deep hydration, enhances elasticity and supports skin repair with PDRN and hyaluronic acid.","og_url":"https:\/\/skinglam.eu\/pt\/produto\/medicube-pdrn-pink-hyaluronic-moisturizing-cream-50ml\/","og_site_name":"Skin Glam","article_publisher":"https:\/\/www.instagram.com\/skinglam.si","article_modified_time":"2026-04-20T11:57:01+00:00","og_image":[{"width":640,"height":640,"url":"https:\/\/skinglam.eu\/wp-content\/uploads\/2025\/10\/Medicube-PDRN-PINK-HYALURONIC-MOISTURIZING-CREAM-50ML.jpg","type":"image\/jpeg"}],"twitter_card":"summary_large_image","twitter_misc":{"Tempo estimado de leitura":"1 minuto"},"schema":{"@context":"https:\/\/schema.org","@graph":[{"@type":"WebPage","@id":"https:\/\/skinglam.eu\/product\/medicube-pdrn-pink-hyaluronic-moisturizing-cream-50ml\/","url":"https:\/\/skinglam.eu\/product\/medicube-pdrn-pink-hyaluronic-moisturizing-cream-50ml\/","name":"MEDICUBE PDRN Pink Hyaluronic Moisturizing Cream 50ml - Skin Glam","isPartOf":{"@id":"https:\/\/skinglam.eu\/hr\/#website"},"primaryImageOfPage":{"@id":"https:\/\/skinglam.eu\/product\/medicube-pdrn-pink-hyaluronic-moisturizing-cream-50ml\/#primaryimage"},"image":{"@id":"https:\/\/skinglam.eu\/product\/medicube-pdrn-pink-hyaluronic-moisturizing-cream-50ml\/#primaryimage"},"thumbnailUrl":"https:\/\/skinglam.eu\/wp-content\/uploads\/2025\/10\/Medicube-PDRN-PINK-HYALURONIC-MOISTURIZING-CREAM-50ML.jpg","datePublished":"2025-10-12T14:04:38+00:00","dateModified":"2026-04-20T11:57:01+00:00","description":"MEDICUBE PDRN Pink Hyaluronic Moisturizing Cream delivers deep hydration, enhances elasticity and supports skin repair with PDRN and hyaluronic acid.","breadcrumb":{"@id":"https:\/\/skinglam.eu\/product\/medicube-pdrn-pink-hyaluronic-moisturizing-cream-50ml\/#breadcrumb"},"inLanguage":"pt-PT","potentialAction":[{"@type":"ReadAction","target":["https:\/\/skinglam.eu\/product\/medicube-pdrn-pink-hyaluronic-moisturizing-cream-50ml\/"]}]},{"@type":"ImageObject","inLanguage":"pt-PT","@id":"https:\/\/skinglam.eu\/product\/medicube-pdrn-pink-hyaluronic-moisturizing-cream-50ml\/#primaryimage","url":"https:\/\/skinglam.eu\/wp-content\/uploads\/2025\/10\/Medicube-PDRN-PINK-HYALURONIC-MOISTURIZING-CREAM-50ML.jpg","contentUrl":"https:\/\/skinglam.eu\/wp-content\/uploads\/2025\/10\/Medicube-PDRN-PINK-HYALURONIC-MOISTURIZING-CREAM-50ML.jpg","width":640,"height":640,"caption":"MEDICUBE PDRN Pink Hyaluronic Moisturizing Cream 50ml \u2013 Deep hydration and skin repair with PDRN and hyaluronic acid for smooth, supple skin."},{"@type":"BreadcrumbList","@id":"https:\/\/skinglam.eu\/product\/medicube-pdrn-pink-hyaluronic-moisturizing-cream-50ml\/#breadcrumb","itemListElement":[{"@type":"ListItem","position":1,"name":"Home","item":"https:\/\/skinglam.eu\/"},{"@type":"ListItem","position":2,"name":"Shop","item":"https:\/\/skinglam.eu\/hr\/shop\/"},{"@type":"ListItem","position":3,"name":"MEDICUBE PDRN Pink Hyaluronic Moisturizing Cream 50ml"}]},{"@type":"WebSite","@id":"https:\/\/skinglam.eu\/hr\/#website","url":"https:\/\/skinglam.eu\/hr\/","name":"Skin Glam","description":"K-beauty Shop","publisher":{"@id":"https:\/\/skinglam.eu\/hr\/#organization"},"potentialAction":[{"@type":"SearchAction","target":{"@type":"EntryPoint","urlTemplate":"https:\/\/skinglam.eu\/hr\/?s={search_term_string}"},"query-input":{"@type":"PropertyValueSpecification","valueRequired":true,"valueName":"search_term_string"}}],"inLanguage":"pt-PT"},{"@type":"Organization","@id":"https:\/\/skinglam.eu\/hr\/#organization","name":"SkinGlam d.o.o.","url":"https:\/\/skinglam.eu\/hr\/","logo":{"@type":"ImageObject","inLanguage":"pt-PT","@id":"https:\/\/skinglam.eu\/hr\/#\/schema\/logo\/image\/","url":"https:\/\/skinglam.eu\/wp-content\/uploads\/2024\/09\/logo.jpg","contentUrl":"https:\/\/skinglam.eu\/wp-content\/uploads\/2024\/09\/logo.jpg","width":883,"height":833,"caption":"SkinGlam d.o.o."},"image":{"@id":"https:\/\/skinglam.eu\/hr\/#\/schema\/logo\/image\/"},"sameAs":["https:\/\/www.instagram.com\/skinglam.si"]}]}},"_links":{"self":[{"href":"https:\/\/skinglam.eu\/pt\/wp-json\/wp\/v2\/product\/5394","targetHints":{"allow":["GET"]}}],"collection":[{"href":"https:\/\/skinglam.eu\/pt\/wp-json\/wp\/v2\/product"}],"about":[{"href":"https:\/\/skinglam.eu\/pt\/wp-json\/wp\/v2\/types\/product"}],"replies":[{"embeddable":true,"href":"https:\/\/skinglam.eu\/pt\/wp-json\/wp\/v2\/comments?post=5394"}],"version-history":[{"count":2,"href":"https:\/\/skinglam.eu\/pt\/wp-json\/wp\/v2\/product\/5394\/revisions"}],"predecessor-version":[{"id":5397,"href":"https:\/\/skinglam.eu\/pt\/wp-json\/wp\/v2\/product\/5394\/revisions\/5397"}],"wp:featuredmedia":[{"embeddable":true,"href":"https:\/\/skinglam.eu\/pt\/wp-json\/wp\/v2\/media\/5395"}],"wp:attachment":[{"href":"https:\/\/skinglam.eu\/pt\/wp-json\/wp\/v2\/media?parent=5394"}],"wp:term":[{"taxonomy":"brand","embeddable":true,"href":"https:\/\/skinglam.eu\/pt\/wp-json\/wp\/v2\/etheme_brands?post=5394"},{"taxonomy":"product_cat","embeddable":true,"href":"https:\/\/skinglam.eu\/pt\/wp-json\/wp\/v2\/product_cat?post=5394"},{"taxonomy":"product_tag","embeddable":true,"href":"https:\/\/skinglam.eu\/pt\/wp-json\/wp\/v2\/product_tag?post=5394"}],"curies":[{"name":"wp","href":"https:\/\/api.w.org\/{rel}","templated":true}]}}