{"id":2214,"date":"2023-09-14T08:07:26","date_gmt":"2023-09-14T08:07:26","guid":{"rendered":"https:\/\/skin.ocstesting.mk\/?page_id=2214"},"modified":"2023-09-14T08:07:40","modified_gmt":"2023-09-14T08:07:40","slug":"returns-policy","status":"publish","type":"page","link":"https:\/\/skinglam.eu\/sl\/returns-policy\/","title":{"rendered":"Pravilnik o vra\u010dilih"},"content":{"rendered":"<p>&nbsp;<\/p>\n<p>&nbsp;<\/p>\n<p><strong>Pravilnik o vra\u010dilih<\/strong><\/p>\n<p><strong>\u00a0<\/strong><\/p>\n<p>Imamo 14-dnevni pravilnik o vra\u010dilu, kar pomeni, da lahko v 14 dneh po prejemu izdelka zahtevate vra\u010dilo.<\/p>\n<p>Da bi bil izdelek upravi\u010den do vra\u010dila, mora biti v enakem stanju, kot ste ga prejeli, neuporabljen, neodprt in v originalni embala\u017ei z vsemi prilo\u017eenimi dodatki (vzorci, brezpla\u010dnimi darili itd. ). Potrebovali boste tudi ra\u010dun ali dokazilo o nakupu. Po\u0161tnino za vra\u010dilo blaga bodo krili kupci.<\/p>\n<p>Kupec je odgovoren za kritje vseh stro\u0161kov, povezanih z vra\u010dilom izdelka. To vklju\u010duje prvotne stro\u0161ke po\u0161iljanja, stro\u0161ke povratnega po\u0161iljanja in morebitne stro\u0161ke, ki jih poslovna banka nalo\u017ei podjetju SKINGLAM d. o. o. , kot je opisano v veljavnem ceniku. \u010ce vrednost vrnjenega izdelka presega te stro\u0161ke, mora kupec poravnati dodatni znesek. V primerih, ko kupec vra\u010da izdelek, za katerega je bila prvotno odobrena brezpla\u010dna dostava, se zadr\u017ei celoten znesek po\u0161tnine za po\u0161iljanje paketa.<\/p>\n<p>\u010ce bo va\u0161e naro\u010dilo vrnjeno zaradi napa\u010dnega naslova, vam bomo vrnili denar z od\u0161teto po\u0161tnino.<\/p>\n<p>\u010ce \u017eelite za\u010deti vra\u010danje, se lahko obrnete na nas na naslov <a href=\"mailto:hello@skinglam.si\">zdravo@skinglam.si<\/a>.<\/p>\n<p>Izdelki, ki nam jih boste poslali nazaj, ne da bi prej zahtevali vra\u010dilo, ne bodo sprejeti. Upo\u0161tevajte, da SKIN GLAM ne krije stro\u0161kov povratne po\u0161tnine, razen \u010de je izdelek po\u0161kodovan ali napa\u010dno poslan.<\/p>\n<p>Za kakr\u0161no koli vpra\u0161anje o vra\u010dilu, nas lahko vedno kontaktirate na\u00a0<a href=\"mailto:hello@skinglam.si\">zdravo@skinglam.si<\/a>.<\/p>\n<p><strong>Od\u0161kodnine in vpra\u0161anja\u00a0<\/strong><\/p>\n<p>Ob prejemu naro\u010dila ga preglejte in nas takoj kontaktirajte ter prilo\u017eite fotografije, \u010de je izdelek okvarjen, po\u0161kodovan ali \u010de ste prejeli napa\u010den izdelek, da bomo lahko ocenili te\u017eavo in jo odpravili.<\/p>\n<p><strong>Izjeme \/ predmeti, ki jih ni mogo\u010de vrniti<\/strong><\/p>\n<p>Na \u017ealost ne moremo sprejeti vra\u010dila prodajnih artiklov ali darilnih kartic. Odprtih in uporabljenih izdelkov ne sprejemamo.<\/p>\n<p><strong>Izmenjave<\/strong><\/p>\n<p>Najhitrej\u0161i na\u010din, da dobite \u017eeleno, je, da vrnete izdelek, ki ga imate, in ko je vra\u010dilo sprejeto, opravite lo\u010den nakup novega izdelka.<\/p>\n<p>&nbsp;<\/p>\n<p>Nadomestila<\/p>\n<p>Ko bomo prejeli in pregledali va\u0161e vra\u010dilo, vas bomo o tem obvestili in vam sporo\u010dili, ali je bilo vra\u010dilo odobreno ali ne. \u010ce bo odobreno, boste samodejno prejeli povra\u010dilo na svoj prvotni na\u010din pla\u010dila. Ne pozabite, da lahko traja nekaj \u010dasa, da va\u0161a banka ali podjetje, ki izda kreditno kartico, obdela in po\u0161lje povra\u010dilo (do 30 dni).<\/p>\n<table>\n<tbody>\n<tr>\n<td width=\"44\"><\/td>\n<td width=\"950\"><\/td>\n<\/tr>\n<\/tbody>\n<\/table>\n<p>&nbsp;<\/p>","protected":false},"excerpt":{"rendered":"<p>&nbsp; &nbsp; Returns Policy \u00a0 We have a 14-day return policy, which means you have 14 days after receiving your item to request a return&#8230;.<\/p>","protected":false},"author":1,"featured_media":0,"parent":0,"menu_order":0,"comment_status":"closed","ping_status":"closed","template":"","meta":{"_monsterinsights_skip_tracking":false,"_monsterinsights_sitenote_active":false,"_monsterinsights_sitenote_note":"","_monsterinsights_sitenote_category":0,"_uf_show_specific_survey":0,"_uf_disable_surveys":false,"footnotes":""},"class_list":["post-2214","page","type-page","status-publish","hentry"],"yoast_head":"<!-- This site is optimized with the Yoast SEO plugin v24.3 - https:\/\/yoast.com\/wordpress\/plugins\/seo\/ -->\n<title>Returns Policy - Skin Glam<\/title>\n<meta name=\"robots\" content=\"index, follow, max-snippet:-1, max-image-preview:large, max-video-preview:-1\" \/>\n<link rel=\"canonical\" href=\"https:\/\/skinglam.eu\/sl\/returns-policy\/\" \/>\n<meta property=\"og:locale\" content=\"sl_SI\" \/>\n<meta property=\"og:type\" content=\"article\" \/>\n<meta property=\"og:title\" content=\"Returns Policy - Skin Glam\" \/>\n<meta property=\"og:description\" content=\"&nbsp; &nbsp; Returns Policy \u00a0 We have a 14-day return policy, which means you have 14 days after receiving your item to request a return....\" \/>\n<meta property=\"og:url\" content=\"https:\/\/skinglam.eu\/sl\/returns-policy\/\" \/>\n<meta property=\"og:site_name\" content=\"Skin Glam\" \/>\n<meta property=\"article:publisher\" content=\"https:\/\/www.instagram.com\/skinglam.si\" \/>\n<meta property=\"article:modified_time\" content=\"2023-09-14T08:07:40+00:00\" \/>\n<meta name=\"twitter:card\" content=\"summary_large_image\" \/>\n<meta name=\"twitter:label1\" content=\"Est. reading time\" \/>\n\t<meta name=\"twitter:data1\" content=\"2 minuti\" \/>\n<script type=\"application\/ld+json\" class=\"yoast-schema-graph\">{\"@context\":\"https:\/\/schema.org\",\"@graph\":[{\"@type\":\"WebPage\",\"@id\":\"https:\/\/skinglam.eu\/returns-policy\/\",\"url\":\"https:\/\/skinglam.eu\/returns-policy\/\",\"name\":\"Returns Policy - Skin Glam\",\"isPartOf\":{\"@id\":\"https:\/\/skinglam.eu\/hr\/#website\"},\"datePublished\":\"2023-09-14T08:07:26+00:00\",\"dateModified\":\"2023-09-14T08:07:40+00:00\",\"breadcrumb\":{\"@id\":\"https:\/\/skinglam.eu\/returns-policy\/#breadcrumb\"},\"inLanguage\":\"sl-SI\",\"potentialAction\":[{\"@type\":\"ReadAction\",\"target\":[\"https:\/\/skinglam.eu\/returns-policy\/\"]}]},{\"@type\":\"BreadcrumbList\",\"@id\":\"https:\/\/skinglam.eu\/returns-policy\/#breadcrumb\",\"itemListElement\":[{\"@type\":\"ListItem\",\"position\":1,\"name\":\"Home\",\"item\":\"https:\/\/skinglam.eu\/\"},{\"@type\":\"ListItem\",\"position\":2,\"name\":\"Returns Policy\"}]},{\"@type\":\"WebSite\",\"@id\":\"https:\/\/skinglam.eu\/hr\/#website\",\"url\":\"https:\/\/skinglam.eu\/hr\/\",\"name\":\"Skin Glam\",\"description\":\"K-beauty Shop\",\"publisher\":{\"@id\":\"https:\/\/skinglam.eu\/hr\/#organization\"},\"potentialAction\":[{\"@type\":\"SearchAction\",\"target\":{\"@type\":\"EntryPoint\",\"urlTemplate\":\"https:\/\/skinglam.eu\/hr\/?s={search_term_string}\"},\"query-input\":{\"@type\":\"PropertyValueSpecification\",\"valueRequired\":true,\"valueName\":\"search_term_string\"}}],\"inLanguage\":\"sl-SI\"},{\"@type\":\"Organization\",\"@id\":\"https:\/\/skinglam.eu\/hr\/#organization\",\"name\":\"SkinGlam d.o.o.\",\"url\":\"https:\/\/skinglam.eu\/hr\/\",\"logo\":{\"@type\":\"ImageObject\",\"inLanguage\":\"sl-SI\",\"@id\":\"https:\/\/skinglam.eu\/hr\/#\/schema\/logo\/image\/\",\"url\":\"https:\/\/skinglam.eu\/wp-content\/uploads\/2024\/09\/logo.jpg\",\"contentUrl\":\"https:\/\/skinglam.eu\/wp-content\/uploads\/2024\/09\/logo.jpg\",\"width\":883,\"height\":833,\"caption\":\"SkinGlam d.o.o.\"},\"image\":{\"@id\":\"https:\/\/skinglam.eu\/hr\/#\/schema\/logo\/image\/\"},\"sameAs\":[\"https:\/\/www.instagram.com\/skinglam.si\"]}]}<\/script>\n<!-- \/ Yoast SEO plugin. -->","yoast_head_json":{"title":"Returns Policy - Skin Glam","robots":{"index":"index","follow":"follow","max-snippet":"max-snippet:-1","max-image-preview":"max-image-preview:large","max-video-preview":"max-video-preview:-1"},"canonical":"https:\/\/skinglam.eu\/sl\/returns-policy\/","og_locale":"sl_SI","og_type":"article","og_title":"Returns Policy - Skin Glam","og_description":"&nbsp; &nbsp; Returns Policy \u00a0 We have a 14-day return policy, which means you have 14 days after receiving your item to request a return....","og_url":"https:\/\/skinglam.eu\/sl\/returns-policy\/","og_site_name":"Skin Glam","article_publisher":"https:\/\/www.instagram.com\/skinglam.si","article_modified_time":"2023-09-14T08:07:40+00:00","twitter_card":"summary_large_image","twitter_misc":{"Est. reading time":"2 minuti"},"schema":{"@context":"https:\/\/schema.org","@graph":[{"@type":"WebPage","@id":"https:\/\/skinglam.eu\/returns-policy\/","url":"https:\/\/skinglam.eu\/returns-policy\/","name":"Returns Policy - Skin Glam","isPartOf":{"@id":"https:\/\/skinglam.eu\/hr\/#website"},"datePublished":"2023-09-14T08:07:26+00:00","dateModified":"2023-09-14T08:07:40+00:00","breadcrumb":{"@id":"https:\/\/skinglam.eu\/returns-policy\/#breadcrumb"},"inLanguage":"sl-SI","potentialAction":[{"@type":"ReadAction","target":["https:\/\/skinglam.eu\/returns-policy\/"]}]},{"@type":"BreadcrumbList","@id":"https:\/\/skinglam.eu\/returns-policy\/#breadcrumb","itemListElement":[{"@type":"ListItem","position":1,"name":"Home","item":"https:\/\/skinglam.eu\/"},{"@type":"ListItem","position":2,"name":"Returns Policy"}]},{"@type":"WebSite","@id":"https:\/\/skinglam.eu\/hr\/#website","url":"https:\/\/skinglam.eu\/hr\/","name":"Skin Glam","description":"K-beauty Shop","publisher":{"@id":"https:\/\/skinglam.eu\/hr\/#organization"},"potentialAction":[{"@type":"SearchAction","target":{"@type":"EntryPoint","urlTemplate":"https:\/\/skinglam.eu\/hr\/?s={search_term_string}"},"query-input":{"@type":"PropertyValueSpecification","valueRequired":true,"valueName":"search_term_string"}}],"inLanguage":"sl-SI"},{"@type":"Organization","@id":"https:\/\/skinglam.eu\/hr\/#organization","name":"SkinGlam d.o.o.","url":"https:\/\/skinglam.eu\/hr\/","logo":{"@type":"ImageObject","inLanguage":"sl-SI","@id":"https:\/\/skinglam.eu\/hr\/#\/schema\/logo\/image\/","url":"https:\/\/skinglam.eu\/wp-content\/uploads\/2024\/09\/logo.jpg","contentUrl":"https:\/\/skinglam.eu\/wp-content\/uploads\/2024\/09\/logo.jpg","width":883,"height":833,"caption":"SkinGlam d.o.o."},"image":{"@id":"https:\/\/skinglam.eu\/hr\/#\/schema\/logo\/image\/"},"sameAs":["https:\/\/www.instagram.com\/skinglam.si"]}]}},"_links":{"self":[{"href":"https:\/\/skinglam.eu\/sl\/wp-json\/wp\/v2\/pages\/2214","targetHints":{"allow":["GET"]}}],"collection":[{"href":"https:\/\/skinglam.eu\/sl\/wp-json\/wp\/v2\/pages"}],"about":[{"href":"https:\/\/skinglam.eu\/sl\/wp-json\/wp\/v2\/types\/page"}],"author":[{"embeddable":true,"href":"https:\/\/skinglam.eu\/sl\/wp-json\/wp\/v2\/users\/1"}],"replies":[{"embeddable":true,"href":"https:\/\/skinglam.eu\/sl\/wp-json\/wp\/v2\/comments?post=2214"}],"version-history":[{"count":2,"href":"https:\/\/skinglam.eu\/sl\/wp-json\/wp\/v2\/pages\/2214\/revisions"}],"predecessor-version":[{"id":2216,"href":"https:\/\/skinglam.eu\/sl\/wp-json\/wp\/v2\/pages\/2214\/revisions\/2216"}],"wp:attachment":[{"href":"https:\/\/skinglam.eu\/sl\/wp-json\/wp\/v2\/media?parent=2214"}],"curies":[{"name":"wp","href":"https:\/\/api.w.org\/{rel}","templated":true}]}}