{"id":3,"date":"2023-08-10T08:33:53","date_gmt":"2023-08-10T08:33:53","guid":{"rendered":"https:\/\/skin.ocstesting.mk\/?page_id=3"},"modified":"2023-09-14T08:06:43","modified_gmt":"2023-09-14T08:06:43","slug":"privacy-policy","status":"publish","type":"page","link":"https:\/\/skinglam.eu\/sl\/privacy-policy\/","title":{"rendered":"Politika zasebnosti"},"content":{"rendered":"<p>&nbsp;<\/p>\n<p>&nbsp;<\/p>\n<p><strong>POLITIKA VARNOSTI OSEBNIH DEJAVNOSTI<\/strong><\/p>\n<p><strong>\u00a0<\/strong><\/p>\n<p>Ta pravilnik o zasebnosti ureja na\u010din, na katerega SKINGLAM d. o. o. uporablja osebne podatke, ki jih zberemo od vas, ko uporabljate na\u0161e spletno mesto.<\/p>\n<p>Z uporabo na\u0161ega spletnega mesta se strinjate z na\u0161im pravilnikom o zasebnosti spletnega mesta.<\/p>\n<p><strong>Katere podatke zbiramo?<\/strong><\/p>\n<p>Na\u0161e podjetje zbira naslednje podatke:<\/p>\n<ul>\n<li>osebni identifikacijski podatki, npr. ime, e-po\u0161tni naslov.<\/li>\n<\/ul>\n<p><strong>Kako zbiramo va\u0161e podatke?<\/strong><\/p>\n<p>Ve\u010dino podatkov, ki jih zbiramo, dru\u017ebi SKINGLAM d. o. o. posredujete neposredno. Podatke zbiramo in obdelujemo, ko:<\/p>\n<ul>\n<li>se registrirate prek spleta ali naro\u010dite katerega koli od na\u0161ih izdelkov ali storitev.<\/li>\n<li>posredujte povratne informacije na katerem koli od na\u0161ih oglasnih desk ali prek e-po\u0161te.<\/li>\n<li>uporabo ali ogled na\u0161ega spletnega mesta prek pi\u0161kotkov va\u0161ega brskalnika.<\/li>\n<\/ul>\n<p><strong>Kako bomo uporabili va\u0161e podatke?<\/strong><\/p>\n<p>Na\u0161e podjetje zbira va\u0161e podatke, da lahko:<\/p>\n<ul>\n<li>obdelati va\u0161e naro\u010dilo, upravljati va\u0161 ra\u010dun.<\/li>\n<li>po\u0161iljanje e-po\u0161te s posebnimi ponudbami za druge izdelke in storitve, za katere menimo, davam bodo v\u0161e\u010d.<\/li>\n<\/ul>\n<p><strong>Ali delimo va\u0161e podatke?<\/strong><\/p>\n<p>Va\u0161ih podatkov ne prodajamo, z njimi ne trgujemo in jih ne prena\u0161amo zunanjim strankam. \nTo ne vklju\u010duje zaupanja vrednih tretjih oseb, ki nam pomagajo pri upravljanju na\u0161ega spletnega mesta in poslovanja ali vam nudijo storitve.<\/p>\n<p><strong>Tr\u017eenje<\/strong><\/p>\n<p>\u010ce ste se strinjali s prejemanjem tr\u017eenja, se lahko pozneje vedno odjavite.<\/p>\n<p>Kadar koli imate pravico, da dru\u017ebi SKINGLAM d. o. o. prepre\u010dite, da bi z vami stopila v stik za\nnamene tr\u017eenja.<\/p>\n<p>\u010ce \u017eelite prenehati prejemati tr\u017eenje, kliknite odjavo na katerem koli e-po\u0161tnem sporo\u010dilu, ki vam ga po\u0161ljemo.<\/p>\n<p><strong>Kak\u0161ne so va\u0161e pravice do varstva podatkov?<\/strong><\/p>\n<p>Od dru\u017ebe SKINGLAM d. o. o. imate pravico zahtevati kopije svojih osebnih podatkov.<\/p>\n<p>Od dru\u017ebe SKINGLAM d. o. o. imate pravico zahtevati, da popravi vse podatke, za katere menite, da so neto\u010dni.<\/p>\n<p>Pod dolo\u010denimi pogoji imate pravico od dru\u017ebe SKINGLAM d. o. o. zahtevati, da izbri\u0161e va\u0161e osebne podatke.<\/p>\n<p>\u010ce \u017eelite kopijo, popravek ali izbris svojih osebnih podatkov, nam pi\u0161ite na hello@skinglam. si.<\/p>\n<p><strong>Ali uporabljamo pi\u0161kotke?<\/strong><\/p>\n<p>Ogla\u0161evalske pi\u0161kotke uporabljamo zato, da lahko razumemo, kaj vas zanima.<\/p>\n<p><strong>Spremembe na\u0161ega pravilnika o zasebnosti<\/strong><\/p>\n<p>SKINGLAM d. o. o. redno pregleduje svojo politiko zasebnosti in vse posodobitve objavlja na tej spletni strani. Ta pravilnik o zasebnosti je bil nazadnje posodobljen 15. 09. 2023.<\/p>\n<p><strong>Kontakt<\/strong><\/p>\n<p>Nam pi\u0161ite na <a href=\"mailto:hello@skinglam.si\">zdravo@skinglam.si<\/a> \u010de imate vpra\u0161anja v zvezi z na\u0161im pravilnikom o zasebnosti ali \u010de \u017eelite uveljavljati eno od svojih pravic do varstva podatkov<\/p>\n<p>&nbsp;<\/p>","protected":false},"excerpt":{"rendered":"<p>&nbsp; &nbsp; PRIVACY POLICY \u00a0 This Privacy Policy governs the manner in which\u00a0SKINGLAM d.o.o.uses the personal data we collect from you when you use\u00a0our website&#8230;.<\/p>","protected":false},"author":1,"featured_media":0,"parent":0,"menu_order":0,"comment_status":"closed","ping_status":"open","template":"","meta":{"_monsterinsights_skip_tracking":false,"_monsterinsights_sitenote_active":false,"_monsterinsights_sitenote_note":"","_monsterinsights_sitenote_category":0,"_uf_show_specific_survey":0,"_uf_disable_surveys":false,"footnotes":""},"class_list":["post-3","page","type-page","status-publish","hentry"],"yoast_head":"<!-- This site is optimized with the Yoast SEO plugin v24.3 - https:\/\/yoast.com\/wordpress\/plugins\/seo\/ -->\n<title>Privacy Policy - Skin Glam<\/title>\n<meta name=\"robots\" content=\"index, follow, max-snippet:-1, max-image-preview:large, max-video-preview:-1\" \/>\n<link rel=\"canonical\" href=\"https:\/\/skinglam.eu\/sl\/privacy-policy\/\" \/>\n<meta property=\"og:locale\" content=\"sl_SI\" \/>\n<meta property=\"og:type\" content=\"article\" \/>\n<meta property=\"og:title\" content=\"Privacy Policy - Skin Glam\" \/>\n<meta property=\"og:description\" content=\"&nbsp; &nbsp; PRIVACY POLICY \u00a0 This Privacy Policy governs the manner in which\u00a0SKINGLAM d.o.o.uses the personal data we collect from you when you use\u00a0our website....\" \/>\n<meta property=\"og:url\" content=\"https:\/\/skinglam.eu\/sl\/privacy-policy\/\" \/>\n<meta property=\"og:site_name\" content=\"Skin Glam\" \/>\n<meta property=\"article:publisher\" content=\"https:\/\/www.instagram.com\/skinglam.si\" \/>\n<meta property=\"article:modified_time\" content=\"2023-09-14T08:06:43+00:00\" \/>\n<meta name=\"twitter:card\" content=\"summary_large_image\" \/>\n<meta name=\"twitter:label1\" content=\"Est. reading time\" \/>\n\t<meta name=\"twitter:data1\" content=\"2 minuti\" \/>\n<script type=\"application\/ld+json\" class=\"yoast-schema-graph\">{\"@context\":\"https:\/\/schema.org\",\"@graph\":[{\"@type\":\"WebPage\",\"@id\":\"https:\/\/skinglam.eu\/privacy-policy\/\",\"url\":\"https:\/\/skinglam.eu\/privacy-policy\/\",\"name\":\"Privacy Policy - Skin Glam\",\"isPartOf\":{\"@id\":\"https:\/\/skinglam.eu\/hr\/#website\"},\"datePublished\":\"2023-08-10T08:33:53+00:00\",\"dateModified\":\"2023-09-14T08:06:43+00:00\",\"breadcrumb\":{\"@id\":\"https:\/\/skinglam.eu\/privacy-policy\/#breadcrumb\"},\"inLanguage\":\"sl-SI\",\"potentialAction\":[{\"@type\":\"ReadAction\",\"target\":[\"https:\/\/skinglam.eu\/privacy-policy\/\"]}]},{\"@type\":\"BreadcrumbList\",\"@id\":\"https:\/\/skinglam.eu\/privacy-policy\/#breadcrumb\",\"itemListElement\":[{\"@type\":\"ListItem\",\"position\":1,\"name\":\"Home\",\"item\":\"https:\/\/skinglam.eu\/\"},{\"@type\":\"ListItem\",\"position\":2,\"name\":\"Privacy Policy\"}]},{\"@type\":\"WebSite\",\"@id\":\"https:\/\/skinglam.eu\/hr\/#website\",\"url\":\"https:\/\/skinglam.eu\/hr\/\",\"name\":\"Skin Glam\",\"description\":\"K-beauty Shop\",\"publisher\":{\"@id\":\"https:\/\/skinglam.eu\/hr\/#organization\"},\"potentialAction\":[{\"@type\":\"SearchAction\",\"target\":{\"@type\":\"EntryPoint\",\"urlTemplate\":\"https:\/\/skinglam.eu\/hr\/?s={search_term_string}\"},\"query-input\":{\"@type\":\"PropertyValueSpecification\",\"valueRequired\":true,\"valueName\":\"search_term_string\"}}],\"inLanguage\":\"sl-SI\"},{\"@type\":\"Organization\",\"@id\":\"https:\/\/skinglam.eu\/hr\/#organization\",\"name\":\"SkinGlam d.o.o.\",\"url\":\"https:\/\/skinglam.eu\/hr\/\",\"logo\":{\"@type\":\"ImageObject\",\"inLanguage\":\"sl-SI\",\"@id\":\"https:\/\/skinglam.eu\/hr\/#\/schema\/logo\/image\/\",\"url\":\"https:\/\/skinglam.eu\/wp-content\/uploads\/2024\/09\/logo.jpg\",\"contentUrl\":\"https:\/\/skinglam.eu\/wp-content\/uploads\/2024\/09\/logo.jpg\",\"width\":883,\"height\":833,\"caption\":\"SkinGlam d.o.o.\"},\"image\":{\"@id\":\"https:\/\/skinglam.eu\/hr\/#\/schema\/logo\/image\/\"},\"sameAs\":[\"https:\/\/www.instagram.com\/skinglam.si\"]}]}<\/script>\n<!-- \/ Yoast SEO plugin. -->","yoast_head_json":{"title":"Privacy Policy - Skin Glam","robots":{"index":"index","follow":"follow","max-snippet":"max-snippet:-1","max-image-preview":"max-image-preview:large","max-video-preview":"max-video-preview:-1"},"canonical":"https:\/\/skinglam.eu\/sl\/privacy-policy\/","og_locale":"sl_SI","og_type":"article","og_title":"Privacy Policy - Skin Glam","og_description":"&nbsp; &nbsp; PRIVACY POLICY \u00a0 This Privacy Policy governs the manner in which\u00a0SKINGLAM d.o.o.uses the personal data we collect from you when you use\u00a0our website....","og_url":"https:\/\/skinglam.eu\/sl\/privacy-policy\/","og_site_name":"Skin Glam","article_publisher":"https:\/\/www.instagram.com\/skinglam.si","article_modified_time":"2023-09-14T08:06:43+00:00","twitter_card":"summary_large_image","twitter_misc":{"Est. reading time":"2 minuti"},"schema":{"@context":"https:\/\/schema.org","@graph":[{"@type":"WebPage","@id":"https:\/\/skinglam.eu\/privacy-policy\/","url":"https:\/\/skinglam.eu\/privacy-policy\/","name":"Privacy Policy - Skin Glam","isPartOf":{"@id":"https:\/\/skinglam.eu\/hr\/#website"},"datePublished":"2023-08-10T08:33:53+00:00","dateModified":"2023-09-14T08:06:43+00:00","breadcrumb":{"@id":"https:\/\/skinglam.eu\/privacy-policy\/#breadcrumb"},"inLanguage":"sl-SI","potentialAction":[{"@type":"ReadAction","target":["https:\/\/skinglam.eu\/privacy-policy\/"]}]},{"@type":"BreadcrumbList","@id":"https:\/\/skinglam.eu\/privacy-policy\/#breadcrumb","itemListElement":[{"@type":"ListItem","position":1,"name":"Home","item":"https:\/\/skinglam.eu\/"},{"@type":"ListItem","position":2,"name":"Privacy Policy"}]},{"@type":"WebSite","@id":"https:\/\/skinglam.eu\/hr\/#website","url":"https:\/\/skinglam.eu\/hr\/","name":"Skin Glam","description":"K-beauty Shop","publisher":{"@id":"https:\/\/skinglam.eu\/hr\/#organization"},"potentialAction":[{"@type":"SearchAction","target":{"@type":"EntryPoint","urlTemplate":"https:\/\/skinglam.eu\/hr\/?s={search_term_string}"},"query-input":{"@type":"PropertyValueSpecification","valueRequired":true,"valueName":"search_term_string"}}],"inLanguage":"sl-SI"},{"@type":"Organization","@id":"https:\/\/skinglam.eu\/hr\/#organization","name":"SkinGlam d.o.o.","url":"https:\/\/skinglam.eu\/hr\/","logo":{"@type":"ImageObject","inLanguage":"sl-SI","@id":"https:\/\/skinglam.eu\/hr\/#\/schema\/logo\/image\/","url":"https:\/\/skinglam.eu\/wp-content\/uploads\/2024\/09\/logo.jpg","contentUrl":"https:\/\/skinglam.eu\/wp-content\/uploads\/2024\/09\/logo.jpg","width":883,"height":833,"caption":"SkinGlam d.o.o."},"image":{"@id":"https:\/\/skinglam.eu\/hr\/#\/schema\/logo\/image\/"},"sameAs":["https:\/\/www.instagram.com\/skinglam.si"]}]}},"_links":{"self":[{"href":"https:\/\/skinglam.eu\/sl\/wp-json\/wp\/v2\/pages\/3","targetHints":{"allow":["GET"]}}],"collection":[{"href":"https:\/\/skinglam.eu\/sl\/wp-json\/wp\/v2\/pages"}],"about":[{"href":"https:\/\/skinglam.eu\/sl\/wp-json\/wp\/v2\/types\/page"}],"author":[{"embeddable":true,"href":"https:\/\/skinglam.eu\/sl\/wp-json\/wp\/v2\/users\/1"}],"replies":[{"embeddable":true,"href":"https:\/\/skinglam.eu\/sl\/wp-json\/wp\/v2\/comments?post=3"}],"version-history":[{"count":3,"href":"https:\/\/skinglam.eu\/sl\/wp-json\/wp\/v2\/pages\/3\/revisions"}],"predecessor-version":[{"id":2210,"href":"https:\/\/skinglam.eu\/sl\/wp-json\/wp\/v2\/pages\/3\/revisions\/2210"}],"wp:attachment":[{"href":"https:\/\/skinglam.eu\/sl\/wp-json\/wp\/v2\/media?parent=3"}],"curies":[{"name":"wp","href":"https:\/\/api.w.org\/{rel}","templated":true}]}}