{"id":1972,"date":"2023-09-13T11:36:43","date_gmt":"2023-09-13T11:36:43","guid":{"rendered":"https:\/\/skin.ocstesting.mk\/?post_type=product&#038;p=1972"},"modified":"2026-04-20T06:55:53","modified_gmt":"2026-04-20T06:55:53","slug":"madagascar-centella-ampoule-foam","status":"publish","type":"product","link":"https:\/\/skinglam.eu\/sl\/izdelek\/madagascar-centella-ampoule-foam\/","title":{"rendered":"Madagascar Centella Ampoule Foam 125ml"},"content":{"rendered":"<p><strong>SKIN1004 Pena za ampule s centelo 125 ml<\/strong><\/p>\n<p>A rich and gentle foaming cleanser with ampoule benefit that\u00a0is designed to deeply clean your pores, daily impurities and makeup while protecting the skin barrier with the premium Centella Asiatica Extract.<\/p>\n<p>Formulated with 33% of SKIN1004\u2019s signature soothing ingredient Centella Asiatica Extract that soothes and calms damaged and irritated skin, while natural surfactants effectively clean without stripping the skin of natural oils.<\/p>\n<p>To \u010distilo u\u010dinkovito o\u010disti umazanijo, olje, li\u010dila in ne\u010disto\u010de, vklju\u010dno z onesna\u017eenjem. Izjemno drobna soda v prahu pomaga o\u010distiti pore in uravnavesiti nastajanje sebuma.<\/p>\n<p>To ne\u017eno, a u\u010dinkovito \u010distilno sredstvo z idealnim pH 5,5 je primerno za vse vrste ko\u017ee.<\/p>\n<p>*Zgornji opisi sestavin so omejeni na zna\u010dilnosti surovin.<\/p>","protected":false},"excerpt":{"rendered":"<p>SKIN1004 Centella Ampoule Foam 125ml A rich and gentle foaming cleanser with ampoule benefit that\u00a0is designed to deeply clean your pores, daily impurities and makeup&#8230;<\/p>","protected":false},"featured_media":4332,"comment_status":"open","ping_status":"closed","template":"","meta":{"_monsterinsights_skip_tracking":false,"_monsterinsights_sitenote_active":false,"_monsterinsights_sitenote_note":"","_monsterinsights_sitenote_category":0,"_uf_show_specific_survey":0,"_uf_disable_surveys":false},"etheme_brands":[{"term_id":96,"name":"SKIN1004","slug":"skin1004","term_group":0,"term_taxonomy_id":96,"taxonomy":"brand","description":"","parent":0,"count":19,"filter":"raw"}],"product_cat":[129,137,139,141,143,144],"product_tag":[],"class_list":{"0":"post-1972","1":"product","2":"type-product","3":"status-publish","4":"has-post-thumbnail","6":"brand-skin1004","7":"product_cat-cleansers","8":"product_cat-combination","9":"product_cat-dry","10":"product_cat-normal","11":"product_cat-oily","12":"product_cat-redness","14":"first","15":"outofstock","16":"sale","17":"shipping-taxable","18":"purchasable","19":"product-type-simple"},"yoast_head":"<!-- This site is optimized with the Yoast SEO plugin v24.3 - https:\/\/yoast.com\/wordpress\/plugins\/seo\/ -->\n<title>Madagascar Centella Ampoule Foam 125ml - Skin Glam<\/title>\n<meta name=\"robots\" content=\"index, follow, max-snippet:-1, max-image-preview:large, max-video-preview:-1\" \/>\n<link rel=\"canonical\" href=\"https:\/\/skinglam.eu\/sl\/izdelek\/madagascar-centella-ampoule-foam\/\" \/>\n<meta property=\"og:locale\" content=\"sl_SI\" \/>\n<meta property=\"og:type\" content=\"article\" \/>\n<meta property=\"og:title\" content=\"Madagascar Centella Ampoule Foam 125ml - Skin Glam\" \/>\n<meta property=\"og:description\" content=\"SKIN1004 Centella Ampoule Foam 125ml A rich and gentle foaming cleanser with ampoule benefit that\u00a0is designed to deeply clean your pores, daily impurities and makeup...\" \/>\n<meta property=\"og:url\" content=\"https:\/\/skinglam.eu\/sl\/izdelek\/madagascar-centella-ampoule-foam\/\" \/>\n<meta property=\"og:site_name\" content=\"Skin Glam\" \/>\n<meta property=\"article:publisher\" content=\"https:\/\/www.instagram.com\/skinglam.si\" \/>\n<meta property=\"article:modified_time\" content=\"2026-04-20T06:55:53+00:00\" \/>\n<meta property=\"og:image\" content=\"https:\/\/skinglam.eu\/wp-content\/uploads\/2023\/09\/centella_ampoule_foam-1.jpg\" \/>\n\t<meta property=\"og:image:width\" content=\"866\" \/>\n\t<meta property=\"og:image:height\" content=\"887\" \/>\n\t<meta property=\"og:image:type\" content=\"image\/jpeg\" \/>\n<meta name=\"twitter:card\" content=\"summary_large_image\" \/>\n<meta name=\"twitter:label1\" content=\"Est. reading time\" \/>\n\t<meta name=\"twitter:data1\" content=\"1 minuta\" \/>\n<script type=\"application\/ld+json\" class=\"yoast-schema-graph\">{\"@context\":\"https:\/\/schema.org\",\"@graph\":[{\"@type\":\"WebPage\",\"@id\":\"https:\/\/skinglam.eu\/product\/madagascar-centella-ampoule-foam\/\",\"url\":\"https:\/\/skinglam.eu\/product\/madagascar-centella-ampoule-foam\/\",\"name\":\"Madagascar Centella Ampoule Foam 125ml - Skin Glam\",\"isPartOf\":{\"@id\":\"https:\/\/skinglam.eu\/hr\/#website\"},\"primaryImageOfPage\":{\"@id\":\"https:\/\/skinglam.eu\/product\/madagascar-centella-ampoule-foam\/#primaryimage\"},\"image\":{\"@id\":\"https:\/\/skinglam.eu\/product\/madagascar-centella-ampoule-foam\/#primaryimage\"},\"thumbnailUrl\":\"https:\/\/skinglam.eu\/wp-content\/uploads\/2023\/09\/centella_ampoule_foam-1.jpg\",\"datePublished\":\"2023-09-13T11:36:43+00:00\",\"dateModified\":\"2026-04-20T06:55:53+00:00\",\"breadcrumb\":{\"@id\":\"https:\/\/skinglam.eu\/product\/madagascar-centella-ampoule-foam\/#breadcrumb\"},\"inLanguage\":\"sl-SI\",\"potentialAction\":[{\"@type\":\"ReadAction\",\"target\":[\"https:\/\/skinglam.eu\/product\/madagascar-centella-ampoule-foam\/\"]}]},{\"@type\":\"ImageObject\",\"inLanguage\":\"sl-SI\",\"@id\":\"https:\/\/skinglam.eu\/product\/madagascar-centella-ampoule-foam\/#primaryimage\",\"url\":\"https:\/\/skinglam.eu\/wp-content\/uploads\/2023\/09\/centella_ampoule_foam-1.jpg\",\"contentUrl\":\"https:\/\/skinglam.eu\/wp-content\/uploads\/2023\/09\/centella_ampoule_foam-1.jpg\",\"width\":866,\"height\":887},{\"@type\":\"BreadcrumbList\",\"@id\":\"https:\/\/skinglam.eu\/product\/madagascar-centella-ampoule-foam\/#breadcrumb\",\"itemListElement\":[{\"@type\":\"ListItem\",\"position\":1,\"name\":\"Home\",\"item\":\"https:\/\/skinglam.eu\/\"},{\"@type\":\"ListItem\",\"position\":2,\"name\":\"Shop\",\"item\":\"https:\/\/skinglam.eu\/hr\/shop\/\"},{\"@type\":\"ListItem\",\"position\":3,\"name\":\"Madagascar Centella Ampoule Foam 125ml\"}]},{\"@type\":\"WebSite\",\"@id\":\"https:\/\/skinglam.eu\/hr\/#website\",\"url\":\"https:\/\/skinglam.eu\/hr\/\",\"name\":\"Skin Glam\",\"description\":\"K-beauty Shop\",\"publisher\":{\"@id\":\"https:\/\/skinglam.eu\/hr\/#organization\"},\"potentialAction\":[{\"@type\":\"SearchAction\",\"target\":{\"@type\":\"EntryPoint\",\"urlTemplate\":\"https:\/\/skinglam.eu\/hr\/?s={search_term_string}\"},\"query-input\":{\"@type\":\"PropertyValueSpecification\",\"valueRequired\":true,\"valueName\":\"search_term_string\"}}],\"inLanguage\":\"sl-SI\"},{\"@type\":\"Organization\",\"@id\":\"https:\/\/skinglam.eu\/hr\/#organization\",\"name\":\"SkinGlam d.o.o.\",\"url\":\"https:\/\/skinglam.eu\/hr\/\",\"logo\":{\"@type\":\"ImageObject\",\"inLanguage\":\"sl-SI\",\"@id\":\"https:\/\/skinglam.eu\/hr\/#\/schema\/logo\/image\/\",\"url\":\"https:\/\/skinglam.eu\/wp-content\/uploads\/2024\/09\/logo.jpg\",\"contentUrl\":\"https:\/\/skinglam.eu\/wp-content\/uploads\/2024\/09\/logo.jpg\",\"width\":883,\"height\":833,\"caption\":\"SkinGlam d.o.o.\"},\"image\":{\"@id\":\"https:\/\/skinglam.eu\/hr\/#\/schema\/logo\/image\/\"},\"sameAs\":[\"https:\/\/www.instagram.com\/skinglam.si\"]}]}<\/script>\n<!-- \/ Yoast SEO plugin. -->","yoast_head_json":{"title":"Madagascar Centella Ampoule Foam 125ml - Skin Glam","robots":{"index":"index","follow":"follow","max-snippet":"max-snippet:-1","max-image-preview":"max-image-preview:large","max-video-preview":"max-video-preview:-1"},"canonical":"https:\/\/skinglam.eu\/sl\/izdelek\/madagascar-centella-ampoule-foam\/","og_locale":"sl_SI","og_type":"article","og_title":"Madagascar Centella Ampoule Foam 125ml - Skin Glam","og_description":"SKIN1004 Centella Ampoule Foam 125ml A rich and gentle foaming cleanser with ampoule benefit that\u00a0is designed to deeply clean your pores, daily impurities and makeup...","og_url":"https:\/\/skinglam.eu\/sl\/izdelek\/madagascar-centella-ampoule-foam\/","og_site_name":"Skin Glam","article_publisher":"https:\/\/www.instagram.com\/skinglam.si","article_modified_time":"2026-04-20T06:55:53+00:00","og_image":[{"width":866,"height":887,"url":"https:\/\/skinglam.eu\/wp-content\/uploads\/2023\/09\/centella_ampoule_foam-1.jpg","type":"image\/jpeg"}],"twitter_card":"summary_large_image","twitter_misc":{"Est. reading time":"1 minuta"},"schema":{"@context":"https:\/\/schema.org","@graph":[{"@type":"WebPage","@id":"https:\/\/skinglam.eu\/product\/madagascar-centella-ampoule-foam\/","url":"https:\/\/skinglam.eu\/product\/madagascar-centella-ampoule-foam\/","name":"Madagascar Centella Ampoule Foam 125ml - Skin Glam","isPartOf":{"@id":"https:\/\/skinglam.eu\/hr\/#website"},"primaryImageOfPage":{"@id":"https:\/\/skinglam.eu\/product\/madagascar-centella-ampoule-foam\/#primaryimage"},"image":{"@id":"https:\/\/skinglam.eu\/product\/madagascar-centella-ampoule-foam\/#primaryimage"},"thumbnailUrl":"https:\/\/skinglam.eu\/wp-content\/uploads\/2023\/09\/centella_ampoule_foam-1.jpg","datePublished":"2023-09-13T11:36:43+00:00","dateModified":"2026-04-20T06:55:53+00:00","breadcrumb":{"@id":"https:\/\/skinglam.eu\/product\/madagascar-centella-ampoule-foam\/#breadcrumb"},"inLanguage":"sl-SI","potentialAction":[{"@type":"ReadAction","target":["https:\/\/skinglam.eu\/product\/madagascar-centella-ampoule-foam\/"]}]},{"@type":"ImageObject","inLanguage":"sl-SI","@id":"https:\/\/skinglam.eu\/product\/madagascar-centella-ampoule-foam\/#primaryimage","url":"https:\/\/skinglam.eu\/wp-content\/uploads\/2023\/09\/centella_ampoule_foam-1.jpg","contentUrl":"https:\/\/skinglam.eu\/wp-content\/uploads\/2023\/09\/centella_ampoule_foam-1.jpg","width":866,"height":887},{"@type":"BreadcrumbList","@id":"https:\/\/skinglam.eu\/product\/madagascar-centella-ampoule-foam\/#breadcrumb","itemListElement":[{"@type":"ListItem","position":1,"name":"Home","item":"https:\/\/skinglam.eu\/"},{"@type":"ListItem","position":2,"name":"Shop","item":"https:\/\/skinglam.eu\/hr\/shop\/"},{"@type":"ListItem","position":3,"name":"Madagascar Centella Ampoule Foam 125ml"}]},{"@type":"WebSite","@id":"https:\/\/skinglam.eu\/hr\/#website","url":"https:\/\/skinglam.eu\/hr\/","name":"Skin Glam","description":"K-beauty Shop","publisher":{"@id":"https:\/\/skinglam.eu\/hr\/#organization"},"potentialAction":[{"@type":"SearchAction","target":{"@type":"EntryPoint","urlTemplate":"https:\/\/skinglam.eu\/hr\/?s={search_term_string}"},"query-input":{"@type":"PropertyValueSpecification","valueRequired":true,"valueName":"search_term_string"}}],"inLanguage":"sl-SI"},{"@type":"Organization","@id":"https:\/\/skinglam.eu\/hr\/#organization","name":"SkinGlam d.o.o.","url":"https:\/\/skinglam.eu\/hr\/","logo":{"@type":"ImageObject","inLanguage":"sl-SI","@id":"https:\/\/skinglam.eu\/hr\/#\/schema\/logo\/image\/","url":"https:\/\/skinglam.eu\/wp-content\/uploads\/2024\/09\/logo.jpg","contentUrl":"https:\/\/skinglam.eu\/wp-content\/uploads\/2024\/09\/logo.jpg","width":883,"height":833,"caption":"SkinGlam d.o.o."},"image":{"@id":"https:\/\/skinglam.eu\/hr\/#\/schema\/logo\/image\/"},"sameAs":["https:\/\/www.instagram.com\/skinglam.si"]}]}},"_links":{"self":[{"href":"https:\/\/skinglam.eu\/sl\/wp-json\/wp\/v2\/product\/1972","targetHints":{"allow":["GET"]}}],"collection":[{"href":"https:\/\/skinglam.eu\/sl\/wp-json\/wp\/v2\/product"}],"about":[{"href":"https:\/\/skinglam.eu\/sl\/wp-json\/wp\/v2\/types\/product"}],"replies":[{"embeddable":true,"href":"https:\/\/skinglam.eu\/sl\/wp-json\/wp\/v2\/comments?post=1972"}],"version-history":[{"count":6,"href":"https:\/\/skinglam.eu\/sl\/wp-json\/wp\/v2\/product\/1972\/revisions"}],"predecessor-version":[{"id":3396,"href":"https:\/\/skinglam.eu\/sl\/wp-json\/wp\/v2\/product\/1972\/revisions\/3396"}],"wp:featuredmedia":[{"embeddable":true,"href":"https:\/\/skinglam.eu\/sl\/wp-json\/wp\/v2\/media\/4332"}],"wp:attachment":[{"href":"https:\/\/skinglam.eu\/sl\/wp-json\/wp\/v2\/media?parent=1972"}],"wp:term":[{"taxonomy":"brand","embeddable":true,"href":"https:\/\/skinglam.eu\/sl\/wp-json\/wp\/v2\/etheme_brands?post=1972"},{"taxonomy":"product_cat","embeddable":true,"href":"https:\/\/skinglam.eu\/sl\/wp-json\/wp\/v2\/product_cat?post=1972"},{"taxonomy":"product_tag","embeddable":true,"href":"https:\/\/skinglam.eu\/sl\/wp-json\/wp\/v2\/product_tag?post=1972"}],"curies":[{"name":"wp","href":"https:\/\/api.w.org\/{rel}","templated":true}]}}