{"id":2863,"date":"2023-10-30T14:55:01","date_gmt":"2023-10-30T14:55:01","guid":{"rendered":"https:\/\/skinglam.si\/?post_type=product&#038;p=2863"},"modified":"2026-04-18T14:55:59","modified_gmt":"2026-04-18T14:55:59","slug":"beauty-of-joseon-matte-sun-stick-mugwortcamelia-spf-50-pa-18g","status":"publish","type":"product","link":"https:\/\/skinglam.eu\/sl\/izdelek\/beauty-of-joseon-matte-sun-stick-mugwortcamelia-spf-50-pa-18g\/","title":{"rendered":"Beauty of Joseon Matte Sun Stick : Mugwort+Camelia SPF 50+ PA++++ 18g"},"content":{"rendered":"<p>Matte Sun Stick je bil razvit z Ramonom @glowbyramon, vplivne\u017eem in kozmeti\u010dnim kemikom. Ustvarjen je bil po obse\u017enem sodelovanju s skrbnim pregledom vseh postopkov, ki sodijo v filozofijo blagovne znamke BOJ Modern Hanbang skin care.<br \/>\nWhile most sun sticks are tailored for outdoor pursuits, Beauty of Joseon designed this to be just as beneficial in our everyday urban environments. Regular sunscreen reapplication every 2-3 hours is crucial for optimal SPF and PA protection, but it&#8217;s often challenging. Therefore, they have engineered a sun stick with a matte formula that applies smoothly, without becoming clumpy or greasy, even when reapplied over makeup.<\/p>\n<p>Ta palica za son\u010denje uporablja silicijev dioksid v prahu za uravnavanje sebuma, ki uravnava nastajanje ma\u0161\u010dob, zagotavlja ve\u010djo oprijemljivost in gladek, matiran videz. Poleg tega vsebuje izvle\u010dke Artemisia capillaris in zelenega \u010daja, ki prispevajo k gladki strukturi ko\u017ee in ohranjajo njeno vla\u017enost.<\/p>\n<p>Nemastna matirana palica za son\u010denje<br \/>\nTo je mat palica za son\u010denje brez mastnega ali lepljivega ob\u010dutka. Je higieni\u010den, saj vam ga ni treba nana\u0161ati z rokami, in kompakten, zato ga lahko uporabljate kadar koli in kjer koli.<\/p>\n<p>Porozen silicijev dioksid v prahu za nadzor sebuma<br \/>\nSilicijev dioksid v prahu za uravnavanje sebuma uravnava sebum na ko\u017ei ter daje gladek in mehak ob\u010dutek valjanja brez mastenja.<\/p>\n<p>Klju\u010dne sestavine<br \/>\nArtemisia capillaris<br \/>\nMugwort (Artemisia capillaris) je bil v zgodovini vzhodne medicine pomembna sestavina. Ima hladilno lastnost in se \u017ee od nekdaj uporablja kot terapevtsko zdravilo za zni\u017eevanje telesne temperature. Vsebuje vitamina A in C ter razli\u010dne minerale, ki pomagajo nahraniti in pomiriti ko\u017eo.<\/p>\n<p>Za\u0161\u010dita pred son\u010dnimi \u017earki in PA<br \/>\nTesti SPF in PA so bili opravljeni v laboratorijih v Koreji in \u0160paniji, rezultati pa so naslednji.<\/p>\n<p>[ZF]<br \/>\nKorejski laboratorij: 55,8 \u00b1 7,8<br \/>\n\u0160panija Laboratorij: 61\u00b16,6<\/p>\n<p>[PA]<br \/>\nKorejski laboratorij: UVA PF 18,5\u00b13,0 P++++<br \/>\n\u0160panija Laboratorij: UVA PF 29,1\u00b16,7 P++++<br \/>\n*Zgornji opisi sestavin so omejeni na zna\u010dilnosti surovin.<\/p>","protected":false},"excerpt":{"rendered":"<p>Matte Sun Stick was developed with Ram\u00f3n @glowbyramon, an influencer and cosmetic chemist, as the director. It was created after an extensive collaboration by meticulously&#8230;<\/p>","protected":false},"featured_media":4381,"comment_status":"open","ping_status":"closed","template":"","meta":{"_monsterinsights_skip_tracking":false,"_monsterinsights_sitenote_active":false,"_monsterinsights_sitenote_note":"","_monsterinsights_sitenote_category":0,"_uf_show_specific_survey":0,"_uf_disable_surveys":false},"etheme_brands":[],"product_cat":[134,137,142,143,144,145,68],"product_tag":[],"class_list":{"0":"post-2863","1":"product","2":"type-product","3":"status-publish","4":"has-post-thumbnail","6":"product_cat-acne","7":"product_cat-combination","8":"product_cat-oil-pore-control","9":"product_cat-oily","10":"product_cat-redness","11":"product_cat-sensitive","12":"product_cat-sun-care","14":"first","15":"outofstock","16":"sale","17":"shipping-taxable","18":"purchasable","19":"product-type-simple"},"yoast_head":"<!-- This site is optimized with the Yoast SEO plugin v24.3 - https:\/\/yoast.com\/wordpress\/plugins\/seo\/ -->\n<title>Beauty of Joseon Matte Sun Stick : Mugwort+Camelia SPF 50+ PA++++ 18g - Skin Glam<\/title>\n<meta name=\"robots\" content=\"index, follow, max-snippet:-1, max-image-preview:large, max-video-preview:-1\" \/>\n<link rel=\"canonical\" href=\"https:\/\/skinglam.eu\/sl\/izdelek\/beauty-of-joseon-matte-sun-stick-mugwortcamelia-spf-50-pa-18g\/\" \/>\n<meta property=\"og:locale\" content=\"sl_SI\" \/>\n<meta property=\"og:type\" content=\"article\" \/>\n<meta property=\"og:title\" content=\"Beauty of Joseon Matte Sun Stick : Mugwort+Camelia SPF 50+ PA++++ 18g - Skin Glam\" \/>\n<meta property=\"og:description\" content=\"Matte Sun Stick was developed with Ram\u00f3n @glowbyramon, an influencer and cosmetic chemist, as the director. It was created after an extensive collaboration by meticulously...\" \/>\n<meta property=\"og:url\" content=\"https:\/\/skinglam.eu\/sl\/izdelek\/beauty-of-joseon-matte-sun-stick-mugwortcamelia-spf-50-pa-18g\/\" \/>\n<meta property=\"og:site_name\" content=\"Skin Glam\" \/>\n<meta property=\"article:publisher\" content=\"https:\/\/www.instagram.com\/skinglam.si\" \/>\n<meta property=\"article:modified_time\" content=\"2026-04-18T14:55:59+00:00\" \/>\n<meta property=\"og:image\" content=\"https:\/\/skinglam.eu\/wp-content\/uploads\/2023\/10\/boj_matte_sun_stick.jpg\" \/>\n\t<meta property=\"og:image:width\" content=\"1047\" \/>\n\t<meta property=\"og:image:height\" content=\"1058\" \/>\n\t<meta property=\"og:image:type\" content=\"image\/jpeg\" \/>\n<meta name=\"twitter:card\" content=\"summary_large_image\" \/>\n<meta name=\"twitter:label1\" content=\"Est. reading time\" \/>\n\t<meta name=\"twitter:data1\" content=\"2 minuti\" \/>\n<script type=\"application\/ld+json\" class=\"yoast-schema-graph\">{\"@context\":\"https:\/\/schema.org\",\"@graph\":[{\"@type\":\"WebPage\",\"@id\":\"https:\/\/skinglam.eu\/product\/beauty-of-joseon-matte-sun-stick-mugwortcamelia-spf-50-pa-18g\/\",\"url\":\"https:\/\/skinglam.eu\/product\/beauty-of-joseon-matte-sun-stick-mugwortcamelia-spf-50-pa-18g\/\",\"name\":\"Beauty of Joseon Matte Sun Stick : Mugwort+Camelia SPF 50+ PA++++ 18g - Skin Glam\",\"isPartOf\":{\"@id\":\"https:\/\/skinglam.eu\/hr\/#website\"},\"primaryImageOfPage\":{\"@id\":\"https:\/\/skinglam.eu\/product\/beauty-of-joseon-matte-sun-stick-mugwortcamelia-spf-50-pa-18g\/#primaryimage\"},\"image\":{\"@id\":\"https:\/\/skinglam.eu\/product\/beauty-of-joseon-matte-sun-stick-mugwortcamelia-spf-50-pa-18g\/#primaryimage\"},\"thumbnailUrl\":\"https:\/\/skinglam.eu\/wp-content\/uploads\/2023\/10\/boj_matte_sun_stick.jpg\",\"datePublished\":\"2023-10-30T14:55:01+00:00\",\"dateModified\":\"2026-04-18T14:55:59+00:00\",\"breadcrumb\":{\"@id\":\"https:\/\/skinglam.eu\/product\/beauty-of-joseon-matte-sun-stick-mugwortcamelia-spf-50-pa-18g\/#breadcrumb\"},\"inLanguage\":\"sl-SI\",\"potentialAction\":[{\"@type\":\"ReadAction\",\"target\":[\"https:\/\/skinglam.eu\/product\/beauty-of-joseon-matte-sun-stick-mugwortcamelia-spf-50-pa-18g\/\"]}]},{\"@type\":\"ImageObject\",\"inLanguage\":\"sl-SI\",\"@id\":\"https:\/\/skinglam.eu\/product\/beauty-of-joseon-matte-sun-stick-mugwortcamelia-spf-50-pa-18g\/#primaryimage\",\"url\":\"https:\/\/skinglam.eu\/wp-content\/uploads\/2023\/10\/boj_matte_sun_stick.jpg\",\"contentUrl\":\"https:\/\/skinglam.eu\/wp-content\/uploads\/2023\/10\/boj_matte_sun_stick.jpg\",\"width\":1047,\"height\":1058},{\"@type\":\"BreadcrumbList\",\"@id\":\"https:\/\/skinglam.eu\/product\/beauty-of-joseon-matte-sun-stick-mugwortcamelia-spf-50-pa-18g\/#breadcrumb\",\"itemListElement\":[{\"@type\":\"ListItem\",\"position\":1,\"name\":\"Home\",\"item\":\"https:\/\/skinglam.eu\/\"},{\"@type\":\"ListItem\",\"position\":2,\"name\":\"Shop\",\"item\":\"https:\/\/skinglam.eu\/hr\/shop\/\"},{\"@type\":\"ListItem\",\"position\":3,\"name\":\"Beauty of Joseon Matte Sun Stick : Mugwort+Camelia SPF 50+ PA++++ 18g\"}]},{\"@type\":\"WebSite\",\"@id\":\"https:\/\/skinglam.eu\/hr\/#website\",\"url\":\"https:\/\/skinglam.eu\/hr\/\",\"name\":\"Skin Glam\",\"description\":\"K-beauty Shop\",\"publisher\":{\"@id\":\"https:\/\/skinglam.eu\/hr\/#organization\"},\"potentialAction\":[{\"@type\":\"SearchAction\",\"target\":{\"@type\":\"EntryPoint\",\"urlTemplate\":\"https:\/\/skinglam.eu\/hr\/?s={search_term_string}\"},\"query-input\":{\"@type\":\"PropertyValueSpecification\",\"valueRequired\":true,\"valueName\":\"search_term_string\"}}],\"inLanguage\":\"sl-SI\"},{\"@type\":\"Organization\",\"@id\":\"https:\/\/skinglam.eu\/hr\/#organization\",\"name\":\"SkinGlam d.o.o.\",\"url\":\"https:\/\/skinglam.eu\/hr\/\",\"logo\":{\"@type\":\"ImageObject\",\"inLanguage\":\"sl-SI\",\"@id\":\"https:\/\/skinglam.eu\/hr\/#\/schema\/logo\/image\/\",\"url\":\"https:\/\/skinglam.eu\/wp-content\/uploads\/2024\/09\/logo.jpg\",\"contentUrl\":\"https:\/\/skinglam.eu\/wp-content\/uploads\/2024\/09\/logo.jpg\",\"width\":883,\"height\":833,\"caption\":\"SkinGlam d.o.o.\"},\"image\":{\"@id\":\"https:\/\/skinglam.eu\/hr\/#\/schema\/logo\/image\/\"},\"sameAs\":[\"https:\/\/www.instagram.com\/skinglam.si\"]}]}<\/script>\n<!-- \/ Yoast SEO plugin. -->","yoast_head_json":{"title":"Beauty of Joseon Matte Sun Stick : Mugwort+Camelia SPF 50+ PA++++ 18g - Skin Glam","robots":{"index":"index","follow":"follow","max-snippet":"max-snippet:-1","max-image-preview":"max-image-preview:large","max-video-preview":"max-video-preview:-1"},"canonical":"https:\/\/skinglam.eu\/sl\/izdelek\/beauty-of-joseon-matte-sun-stick-mugwortcamelia-spf-50-pa-18g\/","og_locale":"sl_SI","og_type":"article","og_title":"Beauty of Joseon Matte Sun Stick : Mugwort+Camelia SPF 50+ PA++++ 18g - Skin Glam","og_description":"Matte Sun Stick was developed with Ram\u00f3n @glowbyramon, an influencer and cosmetic chemist, as the director. It was created after an extensive collaboration by meticulously...","og_url":"https:\/\/skinglam.eu\/sl\/izdelek\/beauty-of-joseon-matte-sun-stick-mugwortcamelia-spf-50-pa-18g\/","og_site_name":"Skin Glam","article_publisher":"https:\/\/www.instagram.com\/skinglam.si","article_modified_time":"2026-04-18T14:55:59+00:00","og_image":[{"width":1047,"height":1058,"url":"https:\/\/skinglam.eu\/wp-content\/uploads\/2023\/10\/boj_matte_sun_stick.jpg","type":"image\/jpeg"}],"twitter_card":"summary_large_image","twitter_misc":{"Est. reading time":"2 minuti"},"schema":{"@context":"https:\/\/schema.org","@graph":[{"@type":"WebPage","@id":"https:\/\/skinglam.eu\/product\/beauty-of-joseon-matte-sun-stick-mugwortcamelia-spf-50-pa-18g\/","url":"https:\/\/skinglam.eu\/product\/beauty-of-joseon-matte-sun-stick-mugwortcamelia-spf-50-pa-18g\/","name":"Beauty of Joseon Matte Sun Stick : Mugwort+Camelia SPF 50+ PA++++ 18g - Skin Glam","isPartOf":{"@id":"https:\/\/skinglam.eu\/hr\/#website"},"primaryImageOfPage":{"@id":"https:\/\/skinglam.eu\/product\/beauty-of-joseon-matte-sun-stick-mugwortcamelia-spf-50-pa-18g\/#primaryimage"},"image":{"@id":"https:\/\/skinglam.eu\/product\/beauty-of-joseon-matte-sun-stick-mugwortcamelia-spf-50-pa-18g\/#primaryimage"},"thumbnailUrl":"https:\/\/skinglam.eu\/wp-content\/uploads\/2023\/10\/boj_matte_sun_stick.jpg","datePublished":"2023-10-30T14:55:01+00:00","dateModified":"2026-04-18T14:55:59+00:00","breadcrumb":{"@id":"https:\/\/skinglam.eu\/product\/beauty-of-joseon-matte-sun-stick-mugwortcamelia-spf-50-pa-18g\/#breadcrumb"},"inLanguage":"sl-SI","potentialAction":[{"@type":"ReadAction","target":["https:\/\/skinglam.eu\/product\/beauty-of-joseon-matte-sun-stick-mugwortcamelia-spf-50-pa-18g\/"]}]},{"@type":"ImageObject","inLanguage":"sl-SI","@id":"https:\/\/skinglam.eu\/product\/beauty-of-joseon-matte-sun-stick-mugwortcamelia-spf-50-pa-18g\/#primaryimage","url":"https:\/\/skinglam.eu\/wp-content\/uploads\/2023\/10\/boj_matte_sun_stick.jpg","contentUrl":"https:\/\/skinglam.eu\/wp-content\/uploads\/2023\/10\/boj_matte_sun_stick.jpg","width":1047,"height":1058},{"@type":"BreadcrumbList","@id":"https:\/\/skinglam.eu\/product\/beauty-of-joseon-matte-sun-stick-mugwortcamelia-spf-50-pa-18g\/#breadcrumb","itemListElement":[{"@type":"ListItem","position":1,"name":"Home","item":"https:\/\/skinglam.eu\/"},{"@type":"ListItem","position":2,"name":"Shop","item":"https:\/\/skinglam.eu\/hr\/shop\/"},{"@type":"ListItem","position":3,"name":"Beauty of Joseon Matte Sun Stick : Mugwort+Camelia SPF 50+ PA++++ 18g"}]},{"@type":"WebSite","@id":"https:\/\/skinglam.eu\/hr\/#website","url":"https:\/\/skinglam.eu\/hr\/","name":"Skin Glam","description":"K-beauty Shop","publisher":{"@id":"https:\/\/skinglam.eu\/hr\/#organization"},"potentialAction":[{"@type":"SearchAction","target":{"@type":"EntryPoint","urlTemplate":"https:\/\/skinglam.eu\/hr\/?s={search_term_string}"},"query-input":{"@type":"PropertyValueSpecification","valueRequired":true,"valueName":"search_term_string"}}],"inLanguage":"sl-SI"},{"@type":"Organization","@id":"https:\/\/skinglam.eu\/hr\/#organization","name":"SkinGlam d.o.o.","url":"https:\/\/skinglam.eu\/hr\/","logo":{"@type":"ImageObject","inLanguage":"sl-SI","@id":"https:\/\/skinglam.eu\/hr\/#\/schema\/logo\/image\/","url":"https:\/\/skinglam.eu\/wp-content\/uploads\/2024\/09\/logo.jpg","contentUrl":"https:\/\/skinglam.eu\/wp-content\/uploads\/2024\/09\/logo.jpg","width":883,"height":833,"caption":"SkinGlam d.o.o."},"image":{"@id":"https:\/\/skinglam.eu\/hr\/#\/schema\/logo\/image\/"},"sameAs":["https:\/\/www.instagram.com\/skinglam.si"]}]}},"_links":{"self":[{"href":"https:\/\/skinglam.eu\/sl\/wp-json\/wp\/v2\/product\/2863","targetHints":{"allow":["GET"]}}],"collection":[{"href":"https:\/\/skinglam.eu\/sl\/wp-json\/wp\/v2\/product"}],"about":[{"href":"https:\/\/skinglam.eu\/sl\/wp-json\/wp\/v2\/types\/product"}],"replies":[{"embeddable":true,"href":"https:\/\/skinglam.eu\/sl\/wp-json\/wp\/v2\/comments?post=2863"}],"version-history":[{"count":2,"href":"https:\/\/skinglam.eu\/sl\/wp-json\/wp\/v2\/product\/2863\/revisions"}],"predecessor-version":[{"id":5556,"href":"https:\/\/skinglam.eu\/sl\/wp-json\/wp\/v2\/product\/2863\/revisions\/5556"}],"wp:featuredmedia":[{"embeddable":true,"href":"https:\/\/skinglam.eu\/sl\/wp-json\/wp\/v2\/media\/4381"}],"wp:attachment":[{"href":"https:\/\/skinglam.eu\/sl\/wp-json\/wp\/v2\/media?parent=2863"}],"wp:term":[{"taxonomy":"brand","embeddable":true,"href":"https:\/\/skinglam.eu\/sl\/wp-json\/wp\/v2\/etheme_brands?post=2863"},{"taxonomy":"product_cat","embeddable":true,"href":"https:\/\/skinglam.eu\/sl\/wp-json\/wp\/v2\/product_cat?post=2863"},{"taxonomy":"product_tag","embeddable":true,"href":"https:\/\/skinglam.eu\/sl\/wp-json\/wp\/v2\/product_tag?post=2863"}],"curies":[{"name":"wp","href":"https:\/\/api.w.org\/{rel}","templated":true}]}}