{"id":2927,"date":"2023-10-31T12:55:07","date_gmt":"2023-10-31T12:55:07","guid":{"rendered":"https:\/\/skinglam.si\/?post_type=product&#038;p=2927"},"modified":"2026-04-20T13:26:25","modified_gmt":"2026-04-20T13:26:25","slug":"dear-klairs-all-day-airy-sunscreen-spf50-pa-50ml","status":"publish","type":"product","link":"https:\/\/skinglam.eu\/sl\/izdelek\/dear-klairs-all-day-airy-sunscreen-spf50-pa-50ml\/","title":{"rendered":"Dear, Klairs All-day Airy Sunscreen SPF50+ PA++++ 50ml"},"content":{"rendered":"<p>K-beauty je \u0161e naprej vodilna na podro\u010dju inovacij v negi ko\u017ee in Klairsov novi veganski SPF je odli\u010den primer tega napredka. Ta krema za son\u010denje naslednje generacije zdru\u017euje izjemno teksturo, enostaven nanos in vrhunsko za\u0161\u010dito pred UV-\u017earki.<br \/>\nAll-day Airy Sunscreen ni le krema za son\u010denje; je vla\u017eilna krema in za\u0161\u010ditni faktor v enem, saj ima teksturo gela na vodni osnovi, ki brez te\u017eav zdrsne na ko\u017eo in se vpije, ne da bi se pri tem naredil made\u017e ali pustil bele in lepljive sledi. Je idealna vsakodnevna formula za uporabo pod li\u010dili.<br \/>\nTa vla\u017eilna formula z gelom na vodni osnovi pomaga za\u0161\u010dititi va\u0161o ko\u017eo pred \u0161kodljivimi UV-\u017earki.<br \/>\nPoleg tega je ta formula primerna za vse vrste ko\u017ee, zato je varna izbira tudi za tiste z ob\u010dutljivo ali reaktivno ko\u017eo.<\/p>\n<p>Klju\u010dne sestavine:<br \/>\n\u2022 Izvle\u010dek listov Aloe barbadensis: Ta sestavina je znana po svojih pomirjujo\u010dih in vla\u017eilnih lastnostih, zato pomaga ohranjati ko\u017eo navla\u017eeno in mirno.<br \/>\n\u2022 Purslane: ima bla\u017eilne, pomirjujo\u010de in vla\u017eilne lastnosti<br \/>\n\u2022 Izvle\u010dek ingverja: pomaga ohranjati raven kolagena v ko\u017ei in prepre\u010duje nastanek temnih lis in made\u017eev<\/p>\n<p>*Zgornji opisi sestavin so omejeni na zna\u010dilnosti surovin.<\/p>","protected":false},"excerpt":{"rendered":"<p>K-beauty continues to lead the way in skincare innovation, and Klairs new vegan SPF is a prime example of this progress. This next-generation sunscreen combines&#8230;<\/p>","protected":false},"featured_media":2928,"comment_status":"open","ping_status":"closed","template":"","meta":{"_monsterinsights_skip_tracking":false,"_monsterinsights_sitenote_active":false,"_monsterinsights_sitenote_note":"","_monsterinsights_sitenote_category":0,"_uf_show_specific_survey":0,"_uf_disable_surveys":false},"etheme_brands":[],"product_cat":[137,141,68],"product_tag":[],"class_list":{"0":"post-2927","1":"product","2":"type-product","3":"status-publish","4":"has-post-thumbnail","6":"product_cat-combination","7":"product_cat-normal","8":"product_cat-sun-care","10":"first","11":"outofstock","12":"sale","13":"shipping-taxable","14":"purchasable","15":"product-type-simple"},"yoast_head":"<!-- This site is optimized with the Yoast SEO plugin v24.3 - https:\/\/yoast.com\/wordpress\/plugins\/seo\/ -->\n<title>Dear, Klairs All-day Airy Sunscreen SPF50+ PA++++ 50ml - Skin Glam<\/title>\n<meta name=\"robots\" content=\"index, follow, max-snippet:-1, max-image-preview:large, max-video-preview:-1\" \/>\n<link rel=\"canonical\" href=\"https:\/\/skinglam.eu\/sl\/izdelek\/dear-klairs-all-day-airy-sunscreen-spf50-pa-50ml\/\" \/>\n<meta property=\"og:locale\" content=\"sl_SI\" \/>\n<meta property=\"og:type\" content=\"article\" \/>\n<meta property=\"og:title\" content=\"Dear, Klairs All-day Airy Sunscreen SPF50+ PA++++ 50ml - Skin Glam\" \/>\n<meta property=\"og:description\" content=\"K-beauty continues to lead the way in skincare innovation, and Klairs new vegan SPF is a prime example of this progress. This next-generation sunscreen combines...\" \/>\n<meta property=\"og:url\" content=\"https:\/\/skinglam.eu\/sl\/izdelek\/dear-klairs-all-day-airy-sunscreen-spf50-pa-50ml\/\" \/>\n<meta property=\"og:site_name\" content=\"Skin Glam\" \/>\n<meta property=\"article:publisher\" content=\"https:\/\/www.instagram.com\/skinglam.si\" \/>\n<meta property=\"article:modified_time\" content=\"2026-04-20T13:26:25+00:00\" \/>\n<meta property=\"og:image\" content=\"https:\/\/skinglam.eu\/wp-content\/uploads\/2023\/10\/Dear-Klairs-SPF.webp\" \/>\n\t<meta property=\"og:image:width\" content=\"640\" \/>\n\t<meta property=\"og:image:height\" content=\"640\" \/>\n\t<meta property=\"og:image:type\" content=\"image\/webp\" \/>\n<meta name=\"twitter:card\" content=\"summary_large_image\" \/>\n<meta name=\"twitter:label1\" content=\"Est. reading time\" \/>\n\t<meta name=\"twitter:data1\" content=\"1 minuta\" \/>\n<script type=\"application\/ld+json\" class=\"yoast-schema-graph\">{\"@context\":\"https:\/\/schema.org\",\"@graph\":[{\"@type\":\"WebPage\",\"@id\":\"https:\/\/skinglam.eu\/sl\/izdelek\/dear-klairs-all-day-airy-sunscreen-spf50-pa-50ml\/\",\"url\":\"https:\/\/skinglam.eu\/sl\/izdelek\/dear-klairs-all-day-airy-sunscreen-spf50-pa-50ml\/\",\"name\":\"Dear, Klairs All-day Airy Sunscreen SPF50+ PA++++ 50ml - Skin Glam\",\"isPartOf\":{\"@id\":\"https:\/\/skinglam.eu\/hr\/#website\"},\"primaryImageOfPage\":{\"@id\":\"https:\/\/skinglam.eu\/sl\/izdelek\/dear-klairs-all-day-airy-sunscreen-spf50-pa-50ml\/#primaryimage\"},\"image\":{\"@id\":\"https:\/\/skinglam.eu\/sl\/izdelek\/dear-klairs-all-day-airy-sunscreen-spf50-pa-50ml\/#primaryimage\"},\"thumbnailUrl\":\"https:\/\/skinglam.eu\/wp-content\/uploads\/2023\/10\/Dear-Klairs-SPF.webp\",\"datePublished\":\"2023-10-31T12:55:07+00:00\",\"dateModified\":\"2026-04-20T13:26:25+00:00\",\"breadcrumb\":{\"@id\":\"https:\/\/skinglam.eu\/sl\/izdelek\/dear-klairs-all-day-airy-sunscreen-spf50-pa-50ml\/#breadcrumb\"},\"inLanguage\":\"sl-SI\",\"potentialAction\":[{\"@type\":\"ReadAction\",\"target\":[\"https:\/\/skinglam.eu\/sl\/izdelek\/dear-klairs-all-day-airy-sunscreen-spf50-pa-50ml\/\"]}]},{\"@type\":\"ImageObject\",\"inLanguage\":\"sl-SI\",\"@id\":\"https:\/\/skinglam.eu\/sl\/izdelek\/dear-klairs-all-day-airy-sunscreen-spf50-pa-50ml\/#primaryimage\",\"url\":\"https:\/\/skinglam.eu\/wp-content\/uploads\/2023\/10\/Dear-Klairs-SPF.webp\",\"contentUrl\":\"https:\/\/skinglam.eu\/wp-content\/uploads\/2023\/10\/Dear-Klairs-SPF.webp\",\"width\":640,\"height\":640},{\"@type\":\"BreadcrumbList\",\"@id\":\"https:\/\/skinglam.eu\/sl\/izdelek\/dear-klairs-all-day-airy-sunscreen-spf50-pa-50ml\/#breadcrumb\",\"itemListElement\":[{\"@type\":\"ListItem\",\"position\":1,\"name\":\"Home\",\"item\":\"https:\/\/skinglam.eu\/\"},{\"@type\":\"ListItem\",\"position\":2,\"name\":\"Shop\",\"item\":\"https:\/\/skinglam.eu\/hr\/shop\/\"},{\"@type\":\"ListItem\",\"position\":3,\"name\":\"Dear, Klairs All-day Airy Sunscreen SPF50+ PA++++ 50ml\"}]},{\"@type\":\"WebSite\",\"@id\":\"https:\/\/skinglam.eu\/hr\/#website\",\"url\":\"https:\/\/skinglam.eu\/hr\/\",\"name\":\"Skin Glam\",\"description\":\"K-beauty Shop\",\"publisher\":{\"@id\":\"https:\/\/skinglam.eu\/hr\/#organization\"},\"potentialAction\":[{\"@type\":\"SearchAction\",\"target\":{\"@type\":\"EntryPoint\",\"urlTemplate\":\"https:\/\/skinglam.eu\/hr\/?s={search_term_string}\"},\"query-input\":{\"@type\":\"PropertyValueSpecification\",\"valueRequired\":true,\"valueName\":\"search_term_string\"}}],\"inLanguage\":\"sl-SI\"},{\"@type\":\"Organization\",\"@id\":\"https:\/\/skinglam.eu\/hr\/#organization\",\"name\":\"SkinGlam d.o.o.\",\"url\":\"https:\/\/skinglam.eu\/hr\/\",\"logo\":{\"@type\":\"ImageObject\",\"inLanguage\":\"sl-SI\",\"@id\":\"https:\/\/skinglam.eu\/hr\/#\/schema\/logo\/image\/\",\"url\":\"https:\/\/skinglam.eu\/wp-content\/uploads\/2024\/09\/logo.jpg\",\"contentUrl\":\"https:\/\/skinglam.eu\/wp-content\/uploads\/2024\/09\/logo.jpg\",\"width\":883,\"height\":833,\"caption\":\"SkinGlam d.o.o.\"},\"image\":{\"@id\":\"https:\/\/skinglam.eu\/hr\/#\/schema\/logo\/image\/\"},\"sameAs\":[\"https:\/\/www.instagram.com\/skinglam.si\"]}]}<\/script>\n<!-- \/ Yoast SEO plugin. -->","yoast_head_json":{"title":"Dear, Klairs All-day Airy Sunscreen SPF50+ PA++++ 50ml - Skin Glam","robots":{"index":"index","follow":"follow","max-snippet":"max-snippet:-1","max-image-preview":"max-image-preview:large","max-video-preview":"max-video-preview:-1"},"canonical":"https:\/\/skinglam.eu\/sl\/izdelek\/dear-klairs-all-day-airy-sunscreen-spf50-pa-50ml\/","og_locale":"sl_SI","og_type":"article","og_title":"Dear, Klairs All-day Airy Sunscreen SPF50+ PA++++ 50ml - Skin Glam","og_description":"K-beauty continues to lead the way in skincare innovation, and Klairs new vegan SPF is a prime example of this progress. This next-generation sunscreen combines...","og_url":"https:\/\/skinglam.eu\/sl\/izdelek\/dear-klairs-all-day-airy-sunscreen-spf50-pa-50ml\/","og_site_name":"Skin Glam","article_publisher":"https:\/\/www.instagram.com\/skinglam.si","article_modified_time":"2026-04-20T13:26:25+00:00","og_image":[{"width":640,"height":640,"url":"https:\/\/skinglam.eu\/wp-content\/uploads\/2023\/10\/Dear-Klairs-SPF.webp","type":"image\/webp"}],"twitter_card":"summary_large_image","twitter_misc":{"Est. reading time":"1 minuta"},"schema":{"@context":"https:\/\/schema.org","@graph":[{"@type":"WebPage","@id":"https:\/\/skinglam.eu\/sl\/izdelek\/dear-klairs-all-day-airy-sunscreen-spf50-pa-50ml\/","url":"https:\/\/skinglam.eu\/sl\/izdelek\/dear-klairs-all-day-airy-sunscreen-spf50-pa-50ml\/","name":"Dear, Klairs All-day Airy Sunscreen SPF50+ PA++++ 50ml - Skin Glam","isPartOf":{"@id":"https:\/\/skinglam.eu\/hr\/#website"},"primaryImageOfPage":{"@id":"https:\/\/skinglam.eu\/sl\/izdelek\/dear-klairs-all-day-airy-sunscreen-spf50-pa-50ml\/#primaryimage"},"image":{"@id":"https:\/\/skinglam.eu\/sl\/izdelek\/dear-klairs-all-day-airy-sunscreen-spf50-pa-50ml\/#primaryimage"},"thumbnailUrl":"https:\/\/skinglam.eu\/wp-content\/uploads\/2023\/10\/Dear-Klairs-SPF.webp","datePublished":"2023-10-31T12:55:07+00:00","dateModified":"2026-04-20T13:26:25+00:00","breadcrumb":{"@id":"https:\/\/skinglam.eu\/sl\/izdelek\/dear-klairs-all-day-airy-sunscreen-spf50-pa-50ml\/#breadcrumb"},"inLanguage":"sl-SI","potentialAction":[{"@type":"ReadAction","target":["https:\/\/skinglam.eu\/sl\/izdelek\/dear-klairs-all-day-airy-sunscreen-spf50-pa-50ml\/"]}]},{"@type":"ImageObject","inLanguage":"sl-SI","@id":"https:\/\/skinglam.eu\/sl\/izdelek\/dear-klairs-all-day-airy-sunscreen-spf50-pa-50ml\/#primaryimage","url":"https:\/\/skinglam.eu\/wp-content\/uploads\/2023\/10\/Dear-Klairs-SPF.webp","contentUrl":"https:\/\/skinglam.eu\/wp-content\/uploads\/2023\/10\/Dear-Klairs-SPF.webp","width":640,"height":640},{"@type":"BreadcrumbList","@id":"https:\/\/skinglam.eu\/sl\/izdelek\/dear-klairs-all-day-airy-sunscreen-spf50-pa-50ml\/#breadcrumb","itemListElement":[{"@type":"ListItem","position":1,"name":"Home","item":"https:\/\/skinglam.eu\/"},{"@type":"ListItem","position":2,"name":"Shop","item":"https:\/\/skinglam.eu\/hr\/shop\/"},{"@type":"ListItem","position":3,"name":"Dear, Klairs All-day Airy Sunscreen SPF50+ PA++++ 50ml"}]},{"@type":"WebSite","@id":"https:\/\/skinglam.eu\/hr\/#website","url":"https:\/\/skinglam.eu\/hr\/","name":"Skin Glam","description":"K-beauty Shop","publisher":{"@id":"https:\/\/skinglam.eu\/hr\/#organization"},"potentialAction":[{"@type":"SearchAction","target":{"@type":"EntryPoint","urlTemplate":"https:\/\/skinglam.eu\/hr\/?s={search_term_string}"},"query-input":{"@type":"PropertyValueSpecification","valueRequired":true,"valueName":"search_term_string"}}],"inLanguage":"sl-SI"},{"@type":"Organization","@id":"https:\/\/skinglam.eu\/hr\/#organization","name":"SkinGlam d.o.o.","url":"https:\/\/skinglam.eu\/hr\/","logo":{"@type":"ImageObject","inLanguage":"sl-SI","@id":"https:\/\/skinglam.eu\/hr\/#\/schema\/logo\/image\/","url":"https:\/\/skinglam.eu\/wp-content\/uploads\/2024\/09\/logo.jpg","contentUrl":"https:\/\/skinglam.eu\/wp-content\/uploads\/2024\/09\/logo.jpg","width":883,"height":833,"caption":"SkinGlam d.o.o."},"image":{"@id":"https:\/\/skinglam.eu\/hr\/#\/schema\/logo\/image\/"},"sameAs":["https:\/\/www.instagram.com\/skinglam.si"]}]}},"_links":{"self":[{"href":"https:\/\/skinglam.eu\/sl\/wp-json\/wp\/v2\/product\/2927","targetHints":{"allow":["GET"]}}],"collection":[{"href":"https:\/\/skinglam.eu\/sl\/wp-json\/wp\/v2\/product"}],"about":[{"href":"https:\/\/skinglam.eu\/sl\/wp-json\/wp\/v2\/types\/product"}],"replies":[{"embeddable":true,"href":"https:\/\/skinglam.eu\/sl\/wp-json\/wp\/v2\/comments?post=2927"}],"version-history":[{"count":1,"href":"https:\/\/skinglam.eu\/sl\/wp-json\/wp\/v2\/product\/2927\/revisions"}],"predecessor-version":[{"id":2929,"href":"https:\/\/skinglam.eu\/sl\/wp-json\/wp\/v2\/product\/2927\/revisions\/2929"}],"wp:featuredmedia":[{"embeddable":true,"href":"https:\/\/skinglam.eu\/sl\/wp-json\/wp\/v2\/media\/2928"}],"wp:attachment":[{"href":"https:\/\/skinglam.eu\/sl\/wp-json\/wp\/v2\/media?parent=2927"}],"wp:term":[{"taxonomy":"brand","embeddable":true,"href":"https:\/\/skinglam.eu\/sl\/wp-json\/wp\/v2\/etheme_brands?post=2927"},{"taxonomy":"product_cat","embeddable":true,"href":"https:\/\/skinglam.eu\/sl\/wp-json\/wp\/v2\/product_cat?post=2927"},{"taxonomy":"product_tag","embeddable":true,"href":"https:\/\/skinglam.eu\/sl\/wp-json\/wp\/v2\/product_tag?post=2927"}],"curies":[{"name":"wp","href":"https:\/\/api.w.org\/{rel}","templated":true}]}}