{"id":3040,"date":"2023-10-31T15:05:31","date_gmt":"2023-10-31T15:05:31","guid":{"rendered":"https:\/\/skinglam.si\/?post_type=product&#038;p=3040"},"modified":"2026-04-22T10:57:14","modified_gmt":"2026-04-22T10:57:14","slug":"numbuzin-no-3-radiance-glowing-jumbo-essence-pad-150ml-70ea","status":"publish","type":"product","link":"https:\/\/skinglam.eu\/sl\/izdelek\/numbuzin-no-3-radiance-glowing-jumbo-essence-pad-150ml-70ea\/","title":{"rendered":"Numbuzin No.3 Radiance Glowing Jumbo Essence Pad 150ml (70ea)"},"content":{"rendered":"<p>The Numbuzin No.3 Radiance Glowing Jumbo Essence Pad is enriched with a blend of 50 nourishing fermented components, which include extracts from soybean fermentation and grape fermentation.<\/p>\n<p>Ta inovativna toni\u010dna blazinica je skrbno zasnovana tako, da va\u0161i ko\u017ei podari sijo\u010d sijaj. Poleg tega vsebuje adenozin in niacinamid, ki harmoni\u010dno delujeta proti motnosti ter spodbujata bolj sijo\u010do in enakomerno polt, ter natrijev hialuronat, ki zapira vlago, zato je va\u0161a ko\u017ea temeljito navla\u017eena in po\u017eivljena.<\/p>\n<p>Ta velika blazinica za esence, izdelana iz mehkega in ne\u017enega materiala, ne skrbi le za va\u0161o ko\u017eo, temve\u010d tudi olaj\u0161a nana\u0161anje negovalnih esenc globoko v pore.<\/p>\n<p>Zaradi svoje primerne velikosti je priro\u010den in hiter dodatek k va\u0161i vsakodnevni rutini nege ko\u017ee.<\/p>\n<p>&nbsp;<\/p>\n<p>*Zgornji opisi sestavin so omejeni na zna\u010dilnosti surovin.<\/p>","protected":false},"excerpt":{"rendered":"<p>The Numbuzin No.3 Radiance Glowing Jumbo Essence Pad is enriched with a blend of 50 nourishing fermented components, which include extracts from soybean fermentation and&#8230;<\/p>","protected":false},"featured_media":3041,"comment_status":"open","ping_status":"closed","template":"","meta":{"_monsterinsights_skip_tracking":false,"_monsterinsights_sitenote_active":false,"_monsterinsights_sitenote_note":"","_monsterinsights_sitenote_category":0,"_uf_show_specific_survey":0,"_uf_disable_surveys":false},"etheme_brands":[],"product_cat":[139,141,65],"product_tag":[],"class_list":{"0":"post-3040","1":"product","2":"type-product","3":"status-publish","4":"has-post-thumbnail","6":"product_cat-dry","7":"product_cat-normal","8":"product_cat-toners-essences","10":"first","11":"instock","12":"sale","13":"shipping-taxable","14":"purchasable","15":"product-type-simple"},"yoast_head":"<!-- This site is optimized with the Yoast SEO plugin v24.3 - https:\/\/yoast.com\/wordpress\/plugins\/seo\/ -->\n<title>Numbuzin No.3 Radiance Glowing Jumbo Essence Pad 150ml (70ea) - Skin Glam<\/title>\n<meta name=\"robots\" content=\"index, follow, max-snippet:-1, max-image-preview:large, max-video-preview:-1\" \/>\n<link rel=\"canonical\" href=\"https:\/\/skinglam.eu\/sl\/izdelek\/numbuzin-no-3-radiance-glowing-jumbo-essence-pad-150ml-70ea\/\" \/>\n<meta property=\"og:locale\" content=\"sl_SI\" \/>\n<meta property=\"og:type\" content=\"article\" \/>\n<meta property=\"og:title\" content=\"Numbuzin No.3 Radiance Glowing Jumbo Essence Pad 150ml (70ea) - Skin Glam\" \/>\n<meta property=\"og:description\" content=\"The Numbuzin No.3 Radiance Glowing Jumbo Essence Pad is enriched with a blend of 50 nourishing fermented components, which include extracts from soybean fermentation and...\" \/>\n<meta property=\"og:url\" content=\"https:\/\/skinglam.eu\/sl\/izdelek\/numbuzin-no-3-radiance-glowing-jumbo-essence-pad-150ml-70ea\/\" \/>\n<meta property=\"og:site_name\" content=\"Skin Glam\" \/>\n<meta property=\"article:publisher\" content=\"https:\/\/www.instagram.com\/skinglam.si\" \/>\n<meta property=\"article:modified_time\" content=\"2026-04-22T10:57:14+00:00\" \/>\n<meta property=\"og:image\" content=\"https:\/\/skinglam.eu\/wp-content\/uploads\/2023\/10\/3-maska.jpg\" \/>\n\t<meta property=\"og:image:width\" content=\"1000\" \/>\n\t<meta property=\"og:image:height\" content=\"1000\" \/>\n\t<meta property=\"og:image:type\" content=\"image\/jpeg\" \/>\n<meta name=\"twitter:card\" content=\"summary_large_image\" \/>\n<meta name=\"twitter:label1\" content=\"Est. reading time\" \/>\n\t<meta name=\"twitter:data1\" content=\"1 minuta\" \/>\n<script type=\"application\/ld+json\" class=\"yoast-schema-graph\">{\"@context\":\"https:\/\/schema.org\",\"@graph\":[{\"@type\":\"WebPage\",\"@id\":\"https:\/\/skinglam.eu\/product\/numbuzin-no-3-radiance-glowing-jumbo-essence-pad-150ml-70ea\/\",\"url\":\"https:\/\/skinglam.eu\/product\/numbuzin-no-3-radiance-glowing-jumbo-essence-pad-150ml-70ea\/\",\"name\":\"Numbuzin No.3 Radiance Glowing Jumbo Essence Pad 150ml (70ea) - Skin Glam\",\"isPartOf\":{\"@id\":\"https:\/\/skinglam.eu\/hr\/#website\"},\"primaryImageOfPage\":{\"@id\":\"https:\/\/skinglam.eu\/product\/numbuzin-no-3-radiance-glowing-jumbo-essence-pad-150ml-70ea\/#primaryimage\"},\"image\":{\"@id\":\"https:\/\/skinglam.eu\/product\/numbuzin-no-3-radiance-glowing-jumbo-essence-pad-150ml-70ea\/#primaryimage\"},\"thumbnailUrl\":\"https:\/\/skinglam.eu\/wp-content\/uploads\/2023\/10\/3-maska.jpg\",\"datePublished\":\"2023-10-31T15:05:31+00:00\",\"dateModified\":\"2026-04-22T10:57:14+00:00\",\"breadcrumb\":{\"@id\":\"https:\/\/skinglam.eu\/product\/numbuzin-no-3-radiance-glowing-jumbo-essence-pad-150ml-70ea\/#breadcrumb\"},\"inLanguage\":\"sl-SI\",\"potentialAction\":[{\"@type\":\"ReadAction\",\"target\":[\"https:\/\/skinglam.eu\/product\/numbuzin-no-3-radiance-glowing-jumbo-essence-pad-150ml-70ea\/\"]}]},{\"@type\":\"ImageObject\",\"inLanguage\":\"sl-SI\",\"@id\":\"https:\/\/skinglam.eu\/product\/numbuzin-no-3-radiance-glowing-jumbo-essence-pad-150ml-70ea\/#primaryimage\",\"url\":\"https:\/\/skinglam.eu\/wp-content\/uploads\/2023\/10\/3-maska.jpg\",\"contentUrl\":\"https:\/\/skinglam.eu\/wp-content\/uploads\/2023\/10\/3-maska.jpg\",\"width\":1000,\"height\":1000},{\"@type\":\"BreadcrumbList\",\"@id\":\"https:\/\/skinglam.eu\/product\/numbuzin-no-3-radiance-glowing-jumbo-essence-pad-150ml-70ea\/#breadcrumb\",\"itemListElement\":[{\"@type\":\"ListItem\",\"position\":1,\"name\":\"Home\",\"item\":\"https:\/\/skinglam.eu\/\"},{\"@type\":\"ListItem\",\"position\":2,\"name\":\"Shop\",\"item\":\"https:\/\/skinglam.eu\/hr\/shop\/\"},{\"@type\":\"ListItem\",\"position\":3,\"name\":\"Numbuzin No.3 Radiance Glowing Jumbo Essence Pad 150ml (70ea)\"}]},{\"@type\":\"WebSite\",\"@id\":\"https:\/\/skinglam.eu\/hr\/#website\",\"url\":\"https:\/\/skinglam.eu\/hr\/\",\"name\":\"Skin Glam\",\"description\":\"K-beauty Shop\",\"publisher\":{\"@id\":\"https:\/\/skinglam.eu\/hr\/#organization\"},\"potentialAction\":[{\"@type\":\"SearchAction\",\"target\":{\"@type\":\"EntryPoint\",\"urlTemplate\":\"https:\/\/skinglam.eu\/hr\/?s={search_term_string}\"},\"query-input\":{\"@type\":\"PropertyValueSpecification\",\"valueRequired\":true,\"valueName\":\"search_term_string\"}}],\"inLanguage\":\"sl-SI\"},{\"@type\":\"Organization\",\"@id\":\"https:\/\/skinglam.eu\/hr\/#organization\",\"name\":\"SkinGlam d.o.o.\",\"url\":\"https:\/\/skinglam.eu\/hr\/\",\"logo\":{\"@type\":\"ImageObject\",\"inLanguage\":\"sl-SI\",\"@id\":\"https:\/\/skinglam.eu\/hr\/#\/schema\/logo\/image\/\",\"url\":\"https:\/\/skinglam.eu\/wp-content\/uploads\/2024\/09\/logo.jpg\",\"contentUrl\":\"https:\/\/skinglam.eu\/wp-content\/uploads\/2024\/09\/logo.jpg\",\"width\":883,\"height\":833,\"caption\":\"SkinGlam d.o.o.\"},\"image\":{\"@id\":\"https:\/\/skinglam.eu\/hr\/#\/schema\/logo\/image\/\"},\"sameAs\":[\"https:\/\/www.instagram.com\/skinglam.si\"]}]}<\/script>\n<!-- \/ Yoast SEO plugin. -->","yoast_head_json":{"title":"Numbuzin No.3 Radiance Glowing Jumbo Essence Pad 150ml (70ea) - Skin Glam","robots":{"index":"index","follow":"follow","max-snippet":"max-snippet:-1","max-image-preview":"max-image-preview:large","max-video-preview":"max-video-preview:-1"},"canonical":"https:\/\/skinglam.eu\/sl\/izdelek\/numbuzin-no-3-radiance-glowing-jumbo-essence-pad-150ml-70ea\/","og_locale":"sl_SI","og_type":"article","og_title":"Numbuzin No.3 Radiance Glowing Jumbo Essence Pad 150ml (70ea) - Skin Glam","og_description":"The Numbuzin No.3 Radiance Glowing Jumbo Essence Pad is enriched with a blend of 50 nourishing fermented components, which include extracts from soybean fermentation and...","og_url":"https:\/\/skinglam.eu\/sl\/izdelek\/numbuzin-no-3-radiance-glowing-jumbo-essence-pad-150ml-70ea\/","og_site_name":"Skin Glam","article_publisher":"https:\/\/www.instagram.com\/skinglam.si","article_modified_time":"2026-04-22T10:57:14+00:00","og_image":[{"width":1000,"height":1000,"url":"https:\/\/skinglam.eu\/wp-content\/uploads\/2023\/10\/3-maska.jpg","type":"image\/jpeg"}],"twitter_card":"summary_large_image","twitter_misc":{"Est. reading time":"1 minuta"},"schema":{"@context":"https:\/\/schema.org","@graph":[{"@type":"WebPage","@id":"https:\/\/skinglam.eu\/product\/numbuzin-no-3-radiance-glowing-jumbo-essence-pad-150ml-70ea\/","url":"https:\/\/skinglam.eu\/product\/numbuzin-no-3-radiance-glowing-jumbo-essence-pad-150ml-70ea\/","name":"Numbuzin No.3 Radiance Glowing Jumbo Essence Pad 150ml (70ea) - Skin Glam","isPartOf":{"@id":"https:\/\/skinglam.eu\/hr\/#website"},"primaryImageOfPage":{"@id":"https:\/\/skinglam.eu\/product\/numbuzin-no-3-radiance-glowing-jumbo-essence-pad-150ml-70ea\/#primaryimage"},"image":{"@id":"https:\/\/skinglam.eu\/product\/numbuzin-no-3-radiance-glowing-jumbo-essence-pad-150ml-70ea\/#primaryimage"},"thumbnailUrl":"https:\/\/skinglam.eu\/wp-content\/uploads\/2023\/10\/3-maska.jpg","datePublished":"2023-10-31T15:05:31+00:00","dateModified":"2026-04-22T10:57:14+00:00","breadcrumb":{"@id":"https:\/\/skinglam.eu\/product\/numbuzin-no-3-radiance-glowing-jumbo-essence-pad-150ml-70ea\/#breadcrumb"},"inLanguage":"sl-SI","potentialAction":[{"@type":"ReadAction","target":["https:\/\/skinglam.eu\/product\/numbuzin-no-3-radiance-glowing-jumbo-essence-pad-150ml-70ea\/"]}]},{"@type":"ImageObject","inLanguage":"sl-SI","@id":"https:\/\/skinglam.eu\/product\/numbuzin-no-3-radiance-glowing-jumbo-essence-pad-150ml-70ea\/#primaryimage","url":"https:\/\/skinglam.eu\/wp-content\/uploads\/2023\/10\/3-maska.jpg","contentUrl":"https:\/\/skinglam.eu\/wp-content\/uploads\/2023\/10\/3-maska.jpg","width":1000,"height":1000},{"@type":"BreadcrumbList","@id":"https:\/\/skinglam.eu\/product\/numbuzin-no-3-radiance-glowing-jumbo-essence-pad-150ml-70ea\/#breadcrumb","itemListElement":[{"@type":"ListItem","position":1,"name":"Home","item":"https:\/\/skinglam.eu\/"},{"@type":"ListItem","position":2,"name":"Shop","item":"https:\/\/skinglam.eu\/hr\/shop\/"},{"@type":"ListItem","position":3,"name":"Numbuzin No.3 Radiance Glowing Jumbo Essence Pad 150ml (70ea)"}]},{"@type":"WebSite","@id":"https:\/\/skinglam.eu\/hr\/#website","url":"https:\/\/skinglam.eu\/hr\/","name":"Skin Glam","description":"K-beauty Shop","publisher":{"@id":"https:\/\/skinglam.eu\/hr\/#organization"},"potentialAction":[{"@type":"SearchAction","target":{"@type":"EntryPoint","urlTemplate":"https:\/\/skinglam.eu\/hr\/?s={search_term_string}"},"query-input":{"@type":"PropertyValueSpecification","valueRequired":true,"valueName":"search_term_string"}}],"inLanguage":"sl-SI"},{"@type":"Organization","@id":"https:\/\/skinglam.eu\/hr\/#organization","name":"SkinGlam d.o.o.","url":"https:\/\/skinglam.eu\/hr\/","logo":{"@type":"ImageObject","inLanguage":"sl-SI","@id":"https:\/\/skinglam.eu\/hr\/#\/schema\/logo\/image\/","url":"https:\/\/skinglam.eu\/wp-content\/uploads\/2024\/09\/logo.jpg","contentUrl":"https:\/\/skinglam.eu\/wp-content\/uploads\/2024\/09\/logo.jpg","width":883,"height":833,"caption":"SkinGlam d.o.o."},"image":{"@id":"https:\/\/skinglam.eu\/hr\/#\/schema\/logo\/image\/"},"sameAs":["https:\/\/www.instagram.com\/skinglam.si"]}]}},"_links":{"self":[{"href":"https:\/\/skinglam.eu\/sl\/wp-json\/wp\/v2\/product\/3040","targetHints":{"allow":["GET"]}}],"collection":[{"href":"https:\/\/skinglam.eu\/sl\/wp-json\/wp\/v2\/product"}],"about":[{"href":"https:\/\/skinglam.eu\/sl\/wp-json\/wp\/v2\/types\/product"}],"replies":[{"embeddable":true,"href":"https:\/\/skinglam.eu\/sl\/wp-json\/wp\/v2\/comments?post=3040"}],"version-history":[{"count":1,"href":"https:\/\/skinglam.eu\/sl\/wp-json\/wp\/v2\/product\/3040\/revisions"}],"predecessor-version":[{"id":3042,"href":"https:\/\/skinglam.eu\/sl\/wp-json\/wp\/v2\/product\/3040\/revisions\/3042"}],"wp:featuredmedia":[{"embeddable":true,"href":"https:\/\/skinglam.eu\/sl\/wp-json\/wp\/v2\/media\/3041"}],"wp:attachment":[{"href":"https:\/\/skinglam.eu\/sl\/wp-json\/wp\/v2\/media?parent=3040"}],"wp:term":[{"taxonomy":"brand","embeddable":true,"href":"https:\/\/skinglam.eu\/sl\/wp-json\/wp\/v2\/etheme_brands?post=3040"},{"taxonomy":"product_cat","embeddable":true,"href":"https:\/\/skinglam.eu\/sl\/wp-json\/wp\/v2\/product_cat?post=3040"},{"taxonomy":"product_tag","embeddable":true,"href":"https:\/\/skinglam.eu\/sl\/wp-json\/wp\/v2\/product_tag?post=3040"}],"curies":[{"name":"wp","href":"https:\/\/api.w.org\/{rel}","templated":true}]}}