{"id":3091,"date":"2023-10-31T15:37:29","date_gmt":"2023-10-31T15:37:29","guid":{"rendered":"https:\/\/skinglam.si\/?post_type=product&#038;p=3091"},"modified":"2026-04-19T02:31:16","modified_gmt":"2026-04-19T02:31:16","slug":"some-by-mi-retinol-intense-advanced-triple-action-eye-cream-30ml","status":"publish","type":"product","link":"https:\/\/skinglam.eu\/sl\/izdelek\/some-by-mi-retinol-intense-advanced-triple-action-eye-cream-30ml\/","title":{"rendered":"SOME BY MI Retinol Intense Advanced Triple Action Eye Cream 30ml"},"content":{"rendered":"<p>SOME BY MI&#8217;s Retinol Intense Advanced Triple Action Eye Cream is a multi-purpose wrinkle treatment, clinically proven to enhance skin brightness and firmness. This luxurious, silky cream serves two primary purposes: brightening and firming.<\/p>\n<p>Za odpravljanje gub uporablja kombinacijo 0,1% retinola, retinala in adenozina, ki skupaj delujejo tako, da ko\u017eo u\u010dvrstijo in zmanj\u0161ajo videz drobnih gub. Odli\u010dno je, da ni namenjen le o\u010dem, temve\u010d deluje tudi na gube na drugih podro\u010djih, kot so glabelarne linije, nazolabialne gube, gube na \u010delu in gube v ustih.<\/p>\n<p>Poleg boja proti gubam ta krema za o\u010di deluje tudi na temne kolobarje. Uporablja niacinamid in traneksami\u010dno kislino, dinami\u010dno dvojico, ki pomaga, da je ko\u017ea pod o\u010dmi videti svetlej\u0161a in manj utrujena.<\/p>\n<p>&nbsp;<\/p>\n<p>*Zgornji opisi sestavin so omejeni na zna\u010dilnosti surovin.<\/p>","protected":false},"excerpt":{"rendered":"<p>SOME BY MI&#8217;s Retinol Intense Advanced Triple Action Eye Cream is a multi-purpose wrinkle treatment, clinically proven to enhance skin brightness and firmness. This luxurious,&#8230;<\/p>","protected":false},"featured_media":3092,"comment_status":"open","ping_status":"closed","template":"","meta":{"_monsterinsights_skip_tracking":false,"_monsterinsights_sitenote_active":false,"_monsterinsights_sitenote_note":"","_monsterinsights_sitenote_category":0,"_uf_show_specific_survey":0,"_uf_disable_surveys":false},"etheme_brands":[],"product_cat":[135,105],"product_tag":[],"class_list":{"0":"post-3091","1":"product","2":"type-product","3":"status-publish","4":"has-post-thumbnail","6":"product_cat-anti-aging","7":"product_cat-eye-care","9":"first","10":"instock","11":"sale","12":"shipping-taxable","13":"purchasable","14":"product-type-simple"},"yoast_head":"<!-- This site is optimized with the Yoast SEO plugin v24.3 - https:\/\/yoast.com\/wordpress\/plugins\/seo\/ -->\n<title>SOME BY MI Retinol Intense Advanced Triple Action Eye Cream 30ml - Skin Glam<\/title>\n<meta name=\"robots\" content=\"index, follow, max-snippet:-1, max-image-preview:large, max-video-preview:-1\" \/>\n<link rel=\"canonical\" href=\"https:\/\/skinglam.eu\/sl\/izdelek\/some-by-mi-retinol-intense-advanced-triple-action-eye-cream-30ml\/\" \/>\n<meta property=\"og:locale\" content=\"sl_SI\" \/>\n<meta property=\"og:type\" content=\"article\" \/>\n<meta property=\"og:title\" content=\"SOME BY MI Retinol Intense Advanced Triple Action Eye Cream 30ml - Skin Glam\" \/>\n<meta property=\"og:description\" content=\"SOME BY MI&#8217;s Retinol Intense Advanced Triple Action Eye Cream is a multi-purpose wrinkle treatment, clinically proven to enhance skin brightness and firmness. This luxurious,...\" \/>\n<meta property=\"og:url\" content=\"https:\/\/skinglam.eu\/sl\/izdelek\/some-by-mi-retinol-intense-advanced-triple-action-eye-cream-30ml\/\" \/>\n<meta property=\"og:site_name\" content=\"Skin Glam\" \/>\n<meta property=\"article:publisher\" content=\"https:\/\/www.instagram.com\/skinglam.si\" \/>\n<meta property=\"article:modified_time\" content=\"2026-04-19T02:31:16+00:00\" \/>\n<meta property=\"og:image\" content=\"https:\/\/skinglam.eu\/wp-content\/uploads\/2023\/10\/someee.jpg\" \/>\n\t<meta property=\"og:image:width\" content=\"1000\" \/>\n\t<meta property=\"og:image:height\" content=\"1000\" \/>\n\t<meta property=\"og:image:type\" content=\"image\/jpeg\" \/>\n<meta name=\"twitter:card\" content=\"summary_large_image\" \/>\n<meta name=\"twitter:label1\" content=\"Est. reading time\" \/>\n\t<meta name=\"twitter:data1\" content=\"1 minuta\" \/>\n<script type=\"application\/ld+json\" class=\"yoast-schema-graph\">{\"@context\":\"https:\/\/schema.org\",\"@graph\":[{\"@type\":\"WebPage\",\"@id\":\"https:\/\/skinglam.eu\/product\/some-by-mi-retinol-intense-advanced-triple-action-eye-cream-30ml\/\",\"url\":\"https:\/\/skinglam.eu\/product\/some-by-mi-retinol-intense-advanced-triple-action-eye-cream-30ml\/\",\"name\":\"SOME BY MI Retinol Intense Advanced Triple Action Eye Cream 30ml - Skin Glam\",\"isPartOf\":{\"@id\":\"https:\/\/skinglam.eu\/hr\/#website\"},\"primaryImageOfPage\":{\"@id\":\"https:\/\/skinglam.eu\/product\/some-by-mi-retinol-intense-advanced-triple-action-eye-cream-30ml\/#primaryimage\"},\"image\":{\"@id\":\"https:\/\/skinglam.eu\/product\/some-by-mi-retinol-intense-advanced-triple-action-eye-cream-30ml\/#primaryimage\"},\"thumbnailUrl\":\"https:\/\/skinglam.eu\/wp-content\/uploads\/2023\/10\/someee.jpg\",\"datePublished\":\"2023-10-31T15:37:29+00:00\",\"dateModified\":\"2026-04-19T02:31:16+00:00\",\"breadcrumb\":{\"@id\":\"https:\/\/skinglam.eu\/product\/some-by-mi-retinol-intense-advanced-triple-action-eye-cream-30ml\/#breadcrumb\"},\"inLanguage\":\"sl-SI\",\"potentialAction\":[{\"@type\":\"ReadAction\",\"target\":[\"https:\/\/skinglam.eu\/product\/some-by-mi-retinol-intense-advanced-triple-action-eye-cream-30ml\/\"]}]},{\"@type\":\"ImageObject\",\"inLanguage\":\"sl-SI\",\"@id\":\"https:\/\/skinglam.eu\/product\/some-by-mi-retinol-intense-advanced-triple-action-eye-cream-30ml\/#primaryimage\",\"url\":\"https:\/\/skinglam.eu\/wp-content\/uploads\/2023\/10\/someee.jpg\",\"contentUrl\":\"https:\/\/skinglam.eu\/wp-content\/uploads\/2023\/10\/someee.jpg\",\"width\":1000,\"height\":1000},{\"@type\":\"BreadcrumbList\",\"@id\":\"https:\/\/skinglam.eu\/product\/some-by-mi-retinol-intense-advanced-triple-action-eye-cream-30ml\/#breadcrumb\",\"itemListElement\":[{\"@type\":\"ListItem\",\"position\":1,\"name\":\"Home\",\"item\":\"https:\/\/skinglam.eu\/\"},{\"@type\":\"ListItem\",\"position\":2,\"name\":\"Shop\",\"item\":\"https:\/\/skinglam.eu\/hr\/shop\/\"},{\"@type\":\"ListItem\",\"position\":3,\"name\":\"SOME BY MI Retinol Intense Advanced Triple Action Eye Cream 30ml\"}]},{\"@type\":\"WebSite\",\"@id\":\"https:\/\/skinglam.eu\/hr\/#website\",\"url\":\"https:\/\/skinglam.eu\/hr\/\",\"name\":\"Skin Glam\",\"description\":\"K-beauty Shop\",\"publisher\":{\"@id\":\"https:\/\/skinglam.eu\/hr\/#organization\"},\"potentialAction\":[{\"@type\":\"SearchAction\",\"target\":{\"@type\":\"EntryPoint\",\"urlTemplate\":\"https:\/\/skinglam.eu\/hr\/?s={search_term_string}\"},\"query-input\":{\"@type\":\"PropertyValueSpecification\",\"valueRequired\":true,\"valueName\":\"search_term_string\"}}],\"inLanguage\":\"sl-SI\"},{\"@type\":\"Organization\",\"@id\":\"https:\/\/skinglam.eu\/hr\/#organization\",\"name\":\"SkinGlam d.o.o.\",\"url\":\"https:\/\/skinglam.eu\/hr\/\",\"logo\":{\"@type\":\"ImageObject\",\"inLanguage\":\"sl-SI\",\"@id\":\"https:\/\/skinglam.eu\/hr\/#\/schema\/logo\/image\/\",\"url\":\"https:\/\/skinglam.eu\/wp-content\/uploads\/2024\/09\/logo.jpg\",\"contentUrl\":\"https:\/\/skinglam.eu\/wp-content\/uploads\/2024\/09\/logo.jpg\",\"width\":883,\"height\":833,\"caption\":\"SkinGlam d.o.o.\"},\"image\":{\"@id\":\"https:\/\/skinglam.eu\/hr\/#\/schema\/logo\/image\/\"},\"sameAs\":[\"https:\/\/www.instagram.com\/skinglam.si\"]}]}<\/script>\n<!-- \/ Yoast SEO plugin. -->","yoast_head_json":{"title":"SOME BY MI Retinol Intense Advanced Triple Action Eye Cream 30ml - Skin Glam","robots":{"index":"index","follow":"follow","max-snippet":"max-snippet:-1","max-image-preview":"max-image-preview:large","max-video-preview":"max-video-preview:-1"},"canonical":"https:\/\/skinglam.eu\/sl\/izdelek\/some-by-mi-retinol-intense-advanced-triple-action-eye-cream-30ml\/","og_locale":"sl_SI","og_type":"article","og_title":"SOME BY MI Retinol Intense Advanced Triple Action Eye Cream 30ml - Skin Glam","og_description":"SOME BY MI&#8217;s Retinol Intense Advanced Triple Action Eye Cream is a multi-purpose wrinkle treatment, clinically proven to enhance skin brightness and firmness. This luxurious,...","og_url":"https:\/\/skinglam.eu\/sl\/izdelek\/some-by-mi-retinol-intense-advanced-triple-action-eye-cream-30ml\/","og_site_name":"Skin Glam","article_publisher":"https:\/\/www.instagram.com\/skinglam.si","article_modified_time":"2026-04-19T02:31:16+00:00","og_image":[{"width":1000,"height":1000,"url":"https:\/\/skinglam.eu\/wp-content\/uploads\/2023\/10\/someee.jpg","type":"image\/jpeg"}],"twitter_card":"summary_large_image","twitter_misc":{"Est. reading time":"1 minuta"},"schema":{"@context":"https:\/\/schema.org","@graph":[{"@type":"WebPage","@id":"https:\/\/skinglam.eu\/product\/some-by-mi-retinol-intense-advanced-triple-action-eye-cream-30ml\/","url":"https:\/\/skinglam.eu\/product\/some-by-mi-retinol-intense-advanced-triple-action-eye-cream-30ml\/","name":"SOME BY MI Retinol Intense Advanced Triple Action Eye Cream 30ml - Skin Glam","isPartOf":{"@id":"https:\/\/skinglam.eu\/hr\/#website"},"primaryImageOfPage":{"@id":"https:\/\/skinglam.eu\/product\/some-by-mi-retinol-intense-advanced-triple-action-eye-cream-30ml\/#primaryimage"},"image":{"@id":"https:\/\/skinglam.eu\/product\/some-by-mi-retinol-intense-advanced-triple-action-eye-cream-30ml\/#primaryimage"},"thumbnailUrl":"https:\/\/skinglam.eu\/wp-content\/uploads\/2023\/10\/someee.jpg","datePublished":"2023-10-31T15:37:29+00:00","dateModified":"2026-04-19T02:31:16+00:00","breadcrumb":{"@id":"https:\/\/skinglam.eu\/product\/some-by-mi-retinol-intense-advanced-triple-action-eye-cream-30ml\/#breadcrumb"},"inLanguage":"sl-SI","potentialAction":[{"@type":"ReadAction","target":["https:\/\/skinglam.eu\/product\/some-by-mi-retinol-intense-advanced-triple-action-eye-cream-30ml\/"]}]},{"@type":"ImageObject","inLanguage":"sl-SI","@id":"https:\/\/skinglam.eu\/product\/some-by-mi-retinol-intense-advanced-triple-action-eye-cream-30ml\/#primaryimage","url":"https:\/\/skinglam.eu\/wp-content\/uploads\/2023\/10\/someee.jpg","contentUrl":"https:\/\/skinglam.eu\/wp-content\/uploads\/2023\/10\/someee.jpg","width":1000,"height":1000},{"@type":"BreadcrumbList","@id":"https:\/\/skinglam.eu\/product\/some-by-mi-retinol-intense-advanced-triple-action-eye-cream-30ml\/#breadcrumb","itemListElement":[{"@type":"ListItem","position":1,"name":"Home","item":"https:\/\/skinglam.eu\/"},{"@type":"ListItem","position":2,"name":"Shop","item":"https:\/\/skinglam.eu\/hr\/shop\/"},{"@type":"ListItem","position":3,"name":"SOME BY MI Retinol Intense Advanced Triple Action Eye Cream 30ml"}]},{"@type":"WebSite","@id":"https:\/\/skinglam.eu\/hr\/#website","url":"https:\/\/skinglam.eu\/hr\/","name":"Skin Glam","description":"K-beauty Shop","publisher":{"@id":"https:\/\/skinglam.eu\/hr\/#organization"},"potentialAction":[{"@type":"SearchAction","target":{"@type":"EntryPoint","urlTemplate":"https:\/\/skinglam.eu\/hr\/?s={search_term_string}"},"query-input":{"@type":"PropertyValueSpecification","valueRequired":true,"valueName":"search_term_string"}}],"inLanguage":"sl-SI"},{"@type":"Organization","@id":"https:\/\/skinglam.eu\/hr\/#organization","name":"SkinGlam d.o.o.","url":"https:\/\/skinglam.eu\/hr\/","logo":{"@type":"ImageObject","inLanguage":"sl-SI","@id":"https:\/\/skinglam.eu\/hr\/#\/schema\/logo\/image\/","url":"https:\/\/skinglam.eu\/wp-content\/uploads\/2024\/09\/logo.jpg","contentUrl":"https:\/\/skinglam.eu\/wp-content\/uploads\/2024\/09\/logo.jpg","width":883,"height":833,"caption":"SkinGlam d.o.o."},"image":{"@id":"https:\/\/skinglam.eu\/hr\/#\/schema\/logo\/image\/"},"sameAs":["https:\/\/www.instagram.com\/skinglam.si"]}]}},"_links":{"self":[{"href":"https:\/\/skinglam.eu\/sl\/wp-json\/wp\/v2\/product\/3091","targetHints":{"allow":["GET"]}}],"collection":[{"href":"https:\/\/skinglam.eu\/sl\/wp-json\/wp\/v2\/product"}],"about":[{"href":"https:\/\/skinglam.eu\/sl\/wp-json\/wp\/v2\/types\/product"}],"replies":[{"embeddable":true,"href":"https:\/\/skinglam.eu\/sl\/wp-json\/wp\/v2\/comments?post=3091"}],"version-history":[{"count":2,"href":"https:\/\/skinglam.eu\/sl\/wp-json\/wp\/v2\/product\/3091\/revisions"}],"predecessor-version":[{"id":3936,"href":"https:\/\/skinglam.eu\/sl\/wp-json\/wp\/v2\/product\/3091\/revisions\/3936"}],"wp:featuredmedia":[{"embeddable":true,"href":"https:\/\/skinglam.eu\/sl\/wp-json\/wp\/v2\/media\/3092"}],"wp:attachment":[{"href":"https:\/\/skinglam.eu\/sl\/wp-json\/wp\/v2\/media?parent=3091"}],"wp:term":[{"taxonomy":"brand","embeddable":true,"href":"https:\/\/skinglam.eu\/sl\/wp-json\/wp\/v2\/etheme_brands?post=3091"},{"taxonomy":"product_cat","embeddable":true,"href":"https:\/\/skinglam.eu\/sl\/wp-json\/wp\/v2\/product_cat?post=3091"},{"taxonomy":"product_tag","embeddable":true,"href":"https:\/\/skinglam.eu\/sl\/wp-json\/wp\/v2\/product_tag?post=3091"}],"curies":[{"name":"wp","href":"https:\/\/api.w.org\/{rel}","templated":true}]}}