{"id":5166,"date":"2025-08-17T22:09:04","date_gmt":"2025-08-17T22:09:04","guid":{"rendered":"https:\/\/skinglam.eu\/?post_type=product&#038;p=5166"},"modified":"2026-04-18T21:57:13","modified_gmt":"2026-04-18T21:57:13","slug":"tone-glow-skin1004-hyalu-cica-brightening-toner-skin1004-hyalu-cica-blue-serum","status":"publish","type":"product","link":"https:\/\/skinglam.eu\/sl\/izdelek\/tone-glow-skin1004-hyalu-cica-brightening-toner-skin1004-hyalu-cica-blue-serum\/","title":{"rendered":"Tone + Glow: SKIN1004 Hyalu-Cica Brightening Toner + SKIN1004 Hyalu-Cica Blue Serum"},"content":{"rendered":"<p data-start=\"283\" data-end=\"357\"><span class=\"relative -mx-px my-[-0.2rem] rounded px-px py-[0.2rem] transition-colors duration-100 ease-in-out\">Dosezite sijo\u010do in uravnote\u017eeno polt s tem vla\u017eilnim in posvetljevalnim dvojcem \u2013 idealnim za ob\u010dutljivo, pusto ali neenakomeren ten ko\u017ee.<\/span><\/p>\n<p data-start=\"359\" data-end=\"473\"><strong data-start=\"359\" data-end=\"396\"> SKIN1004 Hyalu-Cica modri serum<\/strong><br data-start=\"396\" data-end=\"399\" \/><span class=\"relative -mx-px my-[-0.2rem] rounded px-px py-[0.2rem] transition-colors duration-100 ease-in-out\">Lahek, nelepljiv gel serum, formuliran z vodo listov Centella Asiatica, petimi vrstami hialuronske kisline, niacinamidom, ceramidom NP in adenozinom. Ta kombinacija globoko vla\u017ei, pomirja razdra\u017eenost, krepi ko\u017eno pregrado in izbolj\u0161uje elasti\u010dnost ko\u017ee, zaradi \u010desar je va\u0161a polt polna in sijo\u010da.<\/span><\/p>\n<p data-start=\"359\" data-end=\"473\"><strong data-start=\"475\" data-end=\"525\"> BREZPLA\u010cNO: SKIN1004 Hyalu-Cica posvetljevalni tonik<\/strong><br data-start=\"525\" data-end=\"528\" \/><span class=\"relative -mx-px my-[-0.2rem] rounded px-px py-[0.2rem] transition-colors duration-100 ease-in-out\">Ta ne\u017eni piling tonik vsebuje kapril salicilno kislino (LHA) in citronsko kislino (AHA) za odstranjevanje odmrlih ko\u017enih celic in odma\u0161itev por, pet oblik hialuronske kisline in ceramid NP pa zagotavljata globoko hidratacijo in obnavljata za\u0161\u010ditno pregrado ko\u017ee. Rezultat je bolj gladka, enakomerna in sijo\u010da polt.<\/span><\/p>\n<p data-start=\"359\" data-end=\"473\"> Toniraj, navla\u017ei in posvetli \u2013 va\u0161a pot do sijo\u010de in uravnote\u017eene polti!<\/p>","protected":false},"excerpt":{"rendered":"<p>Kupite SKIN1004 Hyalu-Cica modri serum in prejmite posvetljevalni tonik Hyalu-Cica BREZPLA\u010cNO<\/p>","protected":false},"featured_media":5167,"comment_status":"open","ping_status":"closed","template":"","meta":{"_monsterinsights_skip_tracking":false,"_monsterinsights_sitenote_active":false,"_monsterinsights_sitenote_note":"","_monsterinsights_sitenote_category":0,"_uf_show_specific_survey":0,"_uf_disable_surveys":false},"etheme_brands":[],"product_cat":[165],"product_tag":[],"class_list":{"0":"post-5166","1":"product","2":"type-product","3":"status-publish","4":"has-post-thumbnail","6":"product_cat-buy1get1","8":"first","9":"instock","10":"sale","11":"shipping-taxable","12":"purchasable","13":"product-type-simple"},"yoast_head":"<!-- This site is optimized with the Yoast SEO plugin v24.3 - https:\/\/yoast.com\/wordpress\/plugins\/seo\/ -->\n<title>Tone + Glow: SKIN1004 Hyalu-Cica Brightening Toner + SKIN1004 Hyalu-Cica Blue Serum - Skin Glam<\/title>\n<meta name=\"description\" content=\"Achieve a luminous, glowy and balanced complexion with SKIN1004 Hyalu-Cica Blue Serum and receive a free Hyalu-Cica Brightening Toner.\" \/>\n<meta name=\"robots\" content=\"index, follow, max-snippet:-1, max-image-preview:large, max-video-preview:-1\" \/>\n<link rel=\"canonical\" href=\"https:\/\/skinglam.eu\/sl\/izdelek\/tone-glow-skin1004-hyalu-cica-brightening-toner-skin1004-hyalu-cica-blue-serum\/\" \/>\n<meta property=\"og:locale\" content=\"sl_SI\" \/>\n<meta property=\"og:type\" content=\"article\" \/>\n<meta property=\"og:title\" content=\"Tone + Glow: SKIN1004 Hyalu-Cica Brightening Toner + SKIN1004 Hyalu-Cica Blue Serum - Skin Glam\" \/>\n<meta property=\"og:description\" content=\"Achieve a luminous, glowy and balanced complexion with SKIN1004 Hyalu-Cica Blue Serum and receive a free Hyalu-Cica Brightening Toner.\" \/>\n<meta property=\"og:url\" content=\"https:\/\/skinglam.eu\/sl\/izdelek\/tone-glow-skin1004-hyalu-cica-brightening-toner-skin1004-hyalu-cica-blue-serum\/\" \/>\n<meta property=\"og:site_name\" content=\"Skin Glam\" \/>\n<meta property=\"article:publisher\" content=\"https:\/\/www.instagram.com\/skinglam.si\" \/>\n<meta property=\"article:modified_time\" content=\"2026-04-18T21:57:13+00:00\" \/>\n<meta property=\"og:image\" content=\"https:\/\/skinglam.eu\/wp-content\/uploads\/2025\/08\/26-scaled.png\" \/>\n\t<meta property=\"og:image:width\" content=\"2560\" \/>\n\t<meta property=\"og:image:height\" content=\"2560\" \/>\n\t<meta property=\"og:image:type\" content=\"image\/png\" \/>\n<meta name=\"twitter:card\" content=\"summary_large_image\" \/>\n<meta name=\"twitter:label1\" content=\"Est. reading time\" \/>\n\t<meta name=\"twitter:data1\" content=\"1 minuta\" \/>\n<script type=\"application\/ld+json\" class=\"yoast-schema-graph\">{\"@context\":\"https:\/\/schema.org\",\"@graph\":[{\"@type\":\"WebPage\",\"@id\":\"https:\/\/skinglam.eu\/product\/tone-glow-skin1004-hyalu-cica-brightening-toner-skin1004-hyalu-cica-blue-serum\/\",\"url\":\"https:\/\/skinglam.eu\/product\/tone-glow-skin1004-hyalu-cica-brightening-toner-skin1004-hyalu-cica-blue-serum\/\",\"name\":\"Tone + Glow: SKIN1004 Hyalu-Cica Brightening Toner + SKIN1004 Hyalu-Cica Blue Serum - Skin Glam\",\"isPartOf\":{\"@id\":\"https:\/\/skinglam.eu\/hr\/#website\"},\"primaryImageOfPage\":{\"@id\":\"https:\/\/skinglam.eu\/product\/tone-glow-skin1004-hyalu-cica-brightening-toner-skin1004-hyalu-cica-blue-serum\/#primaryimage\"},\"image\":{\"@id\":\"https:\/\/skinglam.eu\/product\/tone-glow-skin1004-hyalu-cica-brightening-toner-skin1004-hyalu-cica-blue-serum\/#primaryimage\"},\"thumbnailUrl\":\"https:\/\/skinglam.eu\/wp-content\/uploads\/2025\/08\/26-scaled.png\",\"datePublished\":\"2025-08-17T22:09:04+00:00\",\"dateModified\":\"2026-04-18T21:57:13+00:00\",\"description\":\"Achieve a luminous, glowy and balanced complexion with SKIN1004 Hyalu-Cica Blue Serum and receive a free Hyalu-Cica Brightening Toner.\",\"breadcrumb\":{\"@id\":\"https:\/\/skinglam.eu\/product\/tone-glow-skin1004-hyalu-cica-brightening-toner-skin1004-hyalu-cica-blue-serum\/#breadcrumb\"},\"inLanguage\":\"sl-SI\",\"potentialAction\":[{\"@type\":\"ReadAction\",\"target\":[\"https:\/\/skinglam.eu\/product\/tone-glow-skin1004-hyalu-cica-brightening-toner-skin1004-hyalu-cica-blue-serum\/\"]}]},{\"@type\":\"ImageObject\",\"inLanguage\":\"sl-SI\",\"@id\":\"https:\/\/skinglam.eu\/product\/tone-glow-skin1004-hyalu-cica-brightening-toner-skin1004-hyalu-cica-blue-serum\/#primaryimage\",\"url\":\"https:\/\/skinglam.eu\/wp-content\/uploads\/2025\/08\/26-scaled.png\",\"contentUrl\":\"https:\/\/skinglam.eu\/wp-content\/uploads\/2025\/08\/26-scaled.png\",\"width\":2560,\"height\":2560,\"caption\":\"Hydrate and brighten your complexion with SKIN1004 Hyalu-Cica Blue Serum, complemented by the free Hyalu-Cica Brightening Toner\u2014your path to luminous, balanced skin\"},{\"@type\":\"BreadcrumbList\",\"@id\":\"https:\/\/skinglam.eu\/product\/tone-glow-skin1004-hyalu-cica-brightening-toner-skin1004-hyalu-cica-blue-serum\/#breadcrumb\",\"itemListElement\":[{\"@type\":\"ListItem\",\"position\":1,\"name\":\"Home\",\"item\":\"https:\/\/skinglam.eu\/\"},{\"@type\":\"ListItem\",\"position\":2,\"name\":\"Shop\",\"item\":\"https:\/\/skinglam.eu\/hr\/shop\/\"},{\"@type\":\"ListItem\",\"position\":3,\"name\":\"Tone + Glow: SKIN1004 Hyalu-Cica Brightening Toner + SKIN1004 Hyalu-Cica Blue Serum\"}]},{\"@type\":\"WebSite\",\"@id\":\"https:\/\/skinglam.eu\/hr\/#website\",\"url\":\"https:\/\/skinglam.eu\/hr\/\",\"name\":\"Skin Glam\",\"description\":\"K-beauty Shop\",\"publisher\":{\"@id\":\"https:\/\/skinglam.eu\/hr\/#organization\"},\"potentialAction\":[{\"@type\":\"SearchAction\",\"target\":{\"@type\":\"EntryPoint\",\"urlTemplate\":\"https:\/\/skinglam.eu\/hr\/?s={search_term_string}\"},\"query-input\":{\"@type\":\"PropertyValueSpecification\",\"valueRequired\":true,\"valueName\":\"search_term_string\"}}],\"inLanguage\":\"sl-SI\"},{\"@type\":\"Organization\",\"@id\":\"https:\/\/skinglam.eu\/hr\/#organization\",\"name\":\"SkinGlam d.o.o.\",\"url\":\"https:\/\/skinglam.eu\/hr\/\",\"logo\":{\"@type\":\"ImageObject\",\"inLanguage\":\"sl-SI\",\"@id\":\"https:\/\/skinglam.eu\/hr\/#\/schema\/logo\/image\/\",\"url\":\"https:\/\/skinglam.eu\/wp-content\/uploads\/2024\/09\/logo.jpg\",\"contentUrl\":\"https:\/\/skinglam.eu\/wp-content\/uploads\/2024\/09\/logo.jpg\",\"width\":883,\"height\":833,\"caption\":\"SkinGlam d.o.o.\"},\"image\":{\"@id\":\"https:\/\/skinglam.eu\/hr\/#\/schema\/logo\/image\/\"},\"sameAs\":[\"https:\/\/www.instagram.com\/skinglam.si\"]}]}<\/script>\n<!-- \/ Yoast SEO plugin. -->","yoast_head_json":{"title":"Tone + Glow: SKIN1004 Hyalu-Cica Brightening Toner + SKIN1004 Hyalu-Cica Blue Serum - Skin Glam","description":"Achieve a luminous, glowy and balanced complexion with SKIN1004 Hyalu-Cica Blue Serum and receive a free Hyalu-Cica Brightening Toner.","robots":{"index":"index","follow":"follow","max-snippet":"max-snippet:-1","max-image-preview":"max-image-preview:large","max-video-preview":"max-video-preview:-1"},"canonical":"https:\/\/skinglam.eu\/sl\/izdelek\/tone-glow-skin1004-hyalu-cica-brightening-toner-skin1004-hyalu-cica-blue-serum\/","og_locale":"sl_SI","og_type":"article","og_title":"Tone + Glow: SKIN1004 Hyalu-Cica Brightening Toner + SKIN1004 Hyalu-Cica Blue Serum - Skin Glam","og_description":"Achieve a luminous, glowy and balanced complexion with SKIN1004 Hyalu-Cica Blue Serum and receive a free Hyalu-Cica Brightening Toner.","og_url":"https:\/\/skinglam.eu\/sl\/izdelek\/tone-glow-skin1004-hyalu-cica-brightening-toner-skin1004-hyalu-cica-blue-serum\/","og_site_name":"Skin Glam","article_publisher":"https:\/\/www.instagram.com\/skinglam.si","article_modified_time":"2026-04-18T21:57:13+00:00","og_image":[{"width":2560,"height":2560,"url":"https:\/\/skinglam.eu\/wp-content\/uploads\/2025\/08\/26-scaled.png","type":"image\/png"}],"twitter_card":"summary_large_image","twitter_misc":{"Est. reading time":"1 minuta"},"schema":{"@context":"https:\/\/schema.org","@graph":[{"@type":"WebPage","@id":"https:\/\/skinglam.eu\/product\/tone-glow-skin1004-hyalu-cica-brightening-toner-skin1004-hyalu-cica-blue-serum\/","url":"https:\/\/skinglam.eu\/product\/tone-glow-skin1004-hyalu-cica-brightening-toner-skin1004-hyalu-cica-blue-serum\/","name":"Tone + Glow: SKIN1004 Hyalu-Cica Brightening Toner + SKIN1004 Hyalu-Cica Blue Serum - Skin Glam","isPartOf":{"@id":"https:\/\/skinglam.eu\/hr\/#website"},"primaryImageOfPage":{"@id":"https:\/\/skinglam.eu\/product\/tone-glow-skin1004-hyalu-cica-brightening-toner-skin1004-hyalu-cica-blue-serum\/#primaryimage"},"image":{"@id":"https:\/\/skinglam.eu\/product\/tone-glow-skin1004-hyalu-cica-brightening-toner-skin1004-hyalu-cica-blue-serum\/#primaryimage"},"thumbnailUrl":"https:\/\/skinglam.eu\/wp-content\/uploads\/2025\/08\/26-scaled.png","datePublished":"2025-08-17T22:09:04+00:00","dateModified":"2026-04-18T21:57:13+00:00","description":"Achieve a luminous, glowy and balanced complexion with SKIN1004 Hyalu-Cica Blue Serum and receive a free Hyalu-Cica Brightening Toner.","breadcrumb":{"@id":"https:\/\/skinglam.eu\/product\/tone-glow-skin1004-hyalu-cica-brightening-toner-skin1004-hyalu-cica-blue-serum\/#breadcrumb"},"inLanguage":"sl-SI","potentialAction":[{"@type":"ReadAction","target":["https:\/\/skinglam.eu\/product\/tone-glow-skin1004-hyalu-cica-brightening-toner-skin1004-hyalu-cica-blue-serum\/"]}]},{"@type":"ImageObject","inLanguage":"sl-SI","@id":"https:\/\/skinglam.eu\/product\/tone-glow-skin1004-hyalu-cica-brightening-toner-skin1004-hyalu-cica-blue-serum\/#primaryimage","url":"https:\/\/skinglam.eu\/wp-content\/uploads\/2025\/08\/26-scaled.png","contentUrl":"https:\/\/skinglam.eu\/wp-content\/uploads\/2025\/08\/26-scaled.png","width":2560,"height":2560,"caption":"Hydrate and brighten your complexion with SKIN1004 Hyalu-Cica Blue Serum, complemented by the free Hyalu-Cica Brightening Toner\u2014your path to luminous, balanced skin"},{"@type":"BreadcrumbList","@id":"https:\/\/skinglam.eu\/product\/tone-glow-skin1004-hyalu-cica-brightening-toner-skin1004-hyalu-cica-blue-serum\/#breadcrumb","itemListElement":[{"@type":"ListItem","position":1,"name":"Home","item":"https:\/\/skinglam.eu\/"},{"@type":"ListItem","position":2,"name":"Shop","item":"https:\/\/skinglam.eu\/hr\/shop\/"},{"@type":"ListItem","position":3,"name":"Tone + Glow: SKIN1004 Hyalu-Cica Brightening Toner + SKIN1004 Hyalu-Cica Blue Serum"}]},{"@type":"WebSite","@id":"https:\/\/skinglam.eu\/hr\/#website","url":"https:\/\/skinglam.eu\/hr\/","name":"Skin Glam","description":"K-beauty Shop","publisher":{"@id":"https:\/\/skinglam.eu\/hr\/#organization"},"potentialAction":[{"@type":"SearchAction","target":{"@type":"EntryPoint","urlTemplate":"https:\/\/skinglam.eu\/hr\/?s={search_term_string}"},"query-input":{"@type":"PropertyValueSpecification","valueRequired":true,"valueName":"search_term_string"}}],"inLanguage":"sl-SI"},{"@type":"Organization","@id":"https:\/\/skinglam.eu\/hr\/#organization","name":"SkinGlam d.o.o.","url":"https:\/\/skinglam.eu\/hr\/","logo":{"@type":"ImageObject","inLanguage":"sl-SI","@id":"https:\/\/skinglam.eu\/hr\/#\/schema\/logo\/image\/","url":"https:\/\/skinglam.eu\/wp-content\/uploads\/2024\/09\/logo.jpg","contentUrl":"https:\/\/skinglam.eu\/wp-content\/uploads\/2024\/09\/logo.jpg","width":883,"height":833,"caption":"SkinGlam d.o.o."},"image":{"@id":"https:\/\/skinglam.eu\/hr\/#\/schema\/logo\/image\/"},"sameAs":["https:\/\/www.instagram.com\/skinglam.si"]}]}},"_links":{"self":[{"href":"https:\/\/skinglam.eu\/sl\/wp-json\/wp\/v2\/product\/5166","targetHints":{"allow":["GET"]}}],"collection":[{"href":"https:\/\/skinglam.eu\/sl\/wp-json\/wp\/v2\/product"}],"about":[{"href":"https:\/\/skinglam.eu\/sl\/wp-json\/wp\/v2\/types\/product"}],"replies":[{"embeddable":true,"href":"https:\/\/skinglam.eu\/sl\/wp-json\/wp\/v2\/comments?post=5166"}],"version-history":[{"count":3,"href":"https:\/\/skinglam.eu\/sl\/wp-json\/wp\/v2\/product\/5166\/revisions"}],"predecessor-version":[{"id":5463,"href":"https:\/\/skinglam.eu\/sl\/wp-json\/wp\/v2\/product\/5166\/revisions\/5463"}],"wp:featuredmedia":[{"embeddable":true,"href":"https:\/\/skinglam.eu\/sl\/wp-json\/wp\/v2\/media\/5167"}],"wp:attachment":[{"href":"https:\/\/skinglam.eu\/sl\/wp-json\/wp\/v2\/media?parent=5166"}],"wp:term":[{"taxonomy":"brand","embeddable":true,"href":"https:\/\/skinglam.eu\/sl\/wp-json\/wp\/v2\/etheme_brands?post=5166"},{"taxonomy":"product_cat","embeddable":true,"href":"https:\/\/skinglam.eu\/sl\/wp-json\/wp\/v2\/product_cat?post=5166"},{"taxonomy":"product_tag","embeddable":true,"href":"https:\/\/skinglam.eu\/sl\/wp-json\/wp\/v2\/product_tag?post=5166"}],"curies":[{"name":"wp","href":"https:\/\/api.w.org\/{rel}","templated":true}]}}