{"id":5265,"date":"2025-10-11T14:51:04","date_gmt":"2025-10-11T14:51:04","guid":{"rendered":"https:\/\/skinglam.eu\/?post_type=product&#038;p=5265"},"modified":"2026-04-18T10:26:01","modified_gmt":"2026-04-18T10:26:01","slug":"arencia-fresh-blue-hyssop-rice-mochi-cleanser-120g","status":"publish","type":"product","link":"https:\/\/skinglam.eu\/sl\/izdelek\/arencia-fresh-blue-hyssop-rice-mochi-cleanser-120g\/","title":{"rendered":"Arencia Fresh Blue Hyssop Rice Mochi Cleanser 120g"},"content":{"rendered":"<p>Ne\u017eno \u010distilo, ki se spremeni v peno, je zasnovano za ne\u017eno odstranjevanje li\u010dil, kreme za son\u010denje, odve\u010dne ma\u0161\u010dobe in ne\u010disto\u010d. Njegova mehka tekstura, podobna mochi vanilijevi ka\u0161i, ne\u017eno o\u010disti ko\u017eo, ne da bi jo izsu\u0161ila, zato je idealno za ob\u010dutljivo in suho ko\u017eo.<\/p>\n<p>Formulirano z izvle\u010dkom modrega izopa, znanega po svojem pomirjujo\u010dem in antibakterijskem delovanju za zmanj\u0161anje rde\u010dice in pomiritev dra\u017eenja. V kombinaciji s filtratom ri\u017eevega fermenta, ki neguje, posvetli in izbolj\u0161a teksturo z aminokislinami in antioksidanti.<\/p>\n<p>Formula vsebuje tudi glicerin in pantenol (provitamin B5) za globinsko hidratacijo in krepitev vla\u017eilne pregrade ko\u017ee.<\/p>\n<p>Ta ne\u017ena tekstura, podobna mochi, temeljito o\u010disti, hkrati pa ohranja ko\u017eo udobno, primerna za vse tipe ko\u017ee, vklju\u010dno z ob\u010dutljivo in suho.<\/p>","protected":false},"excerpt":{"rendered":"<p>A soft cream-to-foam cleanser designed to gently remove makeup, sunscreen, excess oil and impurities. Its soft, mochi-like texture gently cleanses the skin without drying it&#8230;<\/p>","protected":false},"featured_media":5266,"comment_status":"open","ping_status":"closed","template":"","meta":{"_monsterinsights_skip_tracking":false,"_monsterinsights_sitenote_active":false,"_monsterinsights_sitenote_note":"","_monsterinsights_sitenote_category":0,"_uf_show_specific_survey":0,"_uf_disable_surveys":false},"etheme_brands":[{"term_id":221,"name":"Arencia","slug":"arencia","term_group":0,"term_taxonomy_id":221,"taxonomy":"brand","description":"","parent":0,"count":5,"filter":"raw"}],"product_cat":[134,129,137,138,139,140,141,142,144,145,70],"product_tag":[222,223,225,224,227,175,167,209,230,226,170,171,229,228,231],"class_list":{"0":"post-5265","1":"product","2":"type-product","3":"status-publish","4":"has-post-thumbnail","6":"brand-arencia","7":"product_cat-acne","8":"product_cat-cleansers","9":"product_cat-combination","10":"product_cat-dark-spots-pigmentation","11":"product_cat-dry","12":"product_cat-dryness","13":"product_cat-normal","14":"product_cat-oil-pore-control","15":"product_cat-redness","16":"product_cat-sensitive","17":"product_cat-masks","18":"product_tag-arencia","19":"product_tag-arencia-cleanser","20":"product_tag-arencia-cleanser-mask","21":"product_tag-arencia-mochi-cleanser","22":"product_tag-brightens-skin","23":"product_tag-cleanser","24":"product_tag-dark-spots","25":"product_tag-dry-skin","26":"product_tag-face-cleanser","27":"product_tag-face-mask","28":"product_tag-kbeauty","29":"product_tag-korean-skincare","30":"product_tag-mochi","31":"product_tag-mochi-texture","32":"product_tag-sensitive-skin","34":"first","35":"instock","36":"sale","37":"shipping-taxable","38":"purchasable","39":"product-type-simple"},"yoast_head":"<!-- This site is optimized with the Yoast SEO plugin v24.3 - https:\/\/yoast.com\/wordpress\/plugins\/seo\/ -->\n<title>Arencia Fresh Blue Hyssop Rice Mochi Cleanser 120g - Skin Glam<\/title>\n<meta name=\"description\" content=\"Arencia Fresh Blue Hyssop Rice Mochi Cleanser purifies pores, controls oil, and soothes acne-prone skin with a mochi-like texture.\" \/>\n<meta name=\"robots\" content=\"index, follow, max-snippet:-1, max-image-preview:large, max-video-preview:-1\" \/>\n<link rel=\"canonical\" href=\"https:\/\/skinglam.eu\/sl\/izdelek\/arencia-fresh-blue-hyssop-rice-mochi-cleanser-120g\/\" \/>\n<meta property=\"og:locale\" content=\"sl_SI\" \/>\n<meta property=\"og:type\" content=\"article\" \/>\n<meta property=\"og:title\" content=\"Arencia Fresh Blue Hyssop Rice Mochi Cleanser 120g - Skin Glam\" \/>\n<meta property=\"og:description\" content=\"Arencia Fresh Blue Hyssop Rice Mochi Cleanser purifies pores, controls oil, and soothes acne-prone skin with a mochi-like texture.\" \/>\n<meta property=\"og:url\" content=\"https:\/\/skinglam.eu\/sl\/izdelek\/arencia-fresh-blue-hyssop-rice-mochi-cleanser-120g\/\" \/>\n<meta property=\"og:site_name\" content=\"Skin Glam\" \/>\n<meta property=\"article:publisher\" content=\"https:\/\/www.instagram.com\/skinglam.si\" \/>\n<meta property=\"article:modified_time\" content=\"2026-04-18T10:26:01+00:00\" \/>\n<meta property=\"og:image\" content=\"https:\/\/skinglam.eu\/wp-content\/uploads\/2025\/10\/arenciabluehyssopricemochicleanserskinglam.webp\" \/>\n\t<meta property=\"og:image:width\" content=\"1500\" \/>\n\t<meta property=\"og:image:height\" content=\"1500\" \/>\n\t<meta property=\"og:image:type\" content=\"image\/webp\" \/>\n<meta name=\"twitter:card\" content=\"summary_large_image\" \/>\n<meta name=\"twitter:label1\" content=\"Est. reading time\" \/>\n\t<meta name=\"twitter:data1\" content=\"1 minuta\" \/>\n<script type=\"application\/ld+json\" class=\"yoast-schema-graph\">{\"@context\":\"https:\/\/schema.org\",\"@graph\":[{\"@type\":\"WebPage\",\"@id\":\"https:\/\/skinglam.eu\/product\/arencia-fresh-blue-hyssop-rice-mochi-cleanser-120g\/\",\"url\":\"https:\/\/skinglam.eu\/product\/arencia-fresh-blue-hyssop-rice-mochi-cleanser-120g\/\",\"name\":\"Arencia Fresh Blue Hyssop Rice Mochi Cleanser 120g - Skin Glam\",\"isPartOf\":{\"@id\":\"https:\/\/skinglam.eu\/hr\/#website\"},\"primaryImageOfPage\":{\"@id\":\"https:\/\/skinglam.eu\/product\/arencia-fresh-blue-hyssop-rice-mochi-cleanser-120g\/#primaryimage\"},\"image\":{\"@id\":\"https:\/\/skinglam.eu\/product\/arencia-fresh-blue-hyssop-rice-mochi-cleanser-120g\/#primaryimage\"},\"thumbnailUrl\":\"https:\/\/skinglam.eu\/wp-content\/uploads\/2025\/10\/arenciabluehyssopricemochicleanserskinglam.webp\",\"datePublished\":\"2025-10-11T14:51:04+00:00\",\"dateModified\":\"2026-04-18T10:26:01+00:00\",\"description\":\"Arencia Fresh Blue Hyssop Rice Mochi Cleanser purifies pores, controls oil, and soothes acne-prone skin with a mochi-like texture.\",\"breadcrumb\":{\"@id\":\"https:\/\/skinglam.eu\/product\/arencia-fresh-blue-hyssop-rice-mochi-cleanser-120g\/#breadcrumb\"},\"inLanguage\":\"sl-SI\",\"potentialAction\":[{\"@type\":\"ReadAction\",\"target\":[\"https:\/\/skinglam.eu\/product\/arencia-fresh-blue-hyssop-rice-mochi-cleanser-120g\/\"]}]},{\"@type\":\"ImageObject\",\"inLanguage\":\"sl-SI\",\"@id\":\"https:\/\/skinglam.eu\/product\/arencia-fresh-blue-hyssop-rice-mochi-cleanser-120g\/#primaryimage\",\"url\":\"https:\/\/skinglam.eu\/wp-content\/uploads\/2025\/10\/arenciabluehyssopricemochicleanserskinglam.webp\",\"contentUrl\":\"https:\/\/skinglam.eu\/wp-content\/uploads\/2025\/10\/arenciabluehyssopricemochicleanserskinglam.webp\",\"width\":1500,\"height\":1500,\"caption\":\"Arencia Fresh Blue Hyssop Rice Mochi Cleanser \u2013 a mochi\u2011texture formula that purifies pores, controls oil, and brightens skin\"},{\"@type\":\"BreadcrumbList\",\"@id\":\"https:\/\/skinglam.eu\/product\/arencia-fresh-blue-hyssop-rice-mochi-cleanser-120g\/#breadcrumb\",\"itemListElement\":[{\"@type\":\"ListItem\",\"position\":1,\"name\":\"Home\",\"item\":\"https:\/\/skinglam.eu\/\"},{\"@type\":\"ListItem\",\"position\":2,\"name\":\"Shop\",\"item\":\"https:\/\/skinglam.eu\/hr\/shop\/\"},{\"@type\":\"ListItem\",\"position\":3,\"name\":\"Arencia Fresh Blue Hyssop Rice Mochi Cleanser 120g\"}]},{\"@type\":\"WebSite\",\"@id\":\"https:\/\/skinglam.eu\/hr\/#website\",\"url\":\"https:\/\/skinglam.eu\/hr\/\",\"name\":\"Skin Glam\",\"description\":\"K-beauty Shop\",\"publisher\":{\"@id\":\"https:\/\/skinglam.eu\/hr\/#organization\"},\"potentialAction\":[{\"@type\":\"SearchAction\",\"target\":{\"@type\":\"EntryPoint\",\"urlTemplate\":\"https:\/\/skinglam.eu\/hr\/?s={search_term_string}\"},\"query-input\":{\"@type\":\"PropertyValueSpecification\",\"valueRequired\":true,\"valueName\":\"search_term_string\"}}],\"inLanguage\":\"sl-SI\"},{\"@type\":\"Organization\",\"@id\":\"https:\/\/skinglam.eu\/hr\/#organization\",\"name\":\"SkinGlam d.o.o.\",\"url\":\"https:\/\/skinglam.eu\/hr\/\",\"logo\":{\"@type\":\"ImageObject\",\"inLanguage\":\"sl-SI\",\"@id\":\"https:\/\/skinglam.eu\/hr\/#\/schema\/logo\/image\/\",\"url\":\"https:\/\/skinglam.eu\/wp-content\/uploads\/2024\/09\/logo.jpg\",\"contentUrl\":\"https:\/\/skinglam.eu\/wp-content\/uploads\/2024\/09\/logo.jpg\",\"width\":883,\"height\":833,\"caption\":\"SkinGlam d.o.o.\"},\"image\":{\"@id\":\"https:\/\/skinglam.eu\/hr\/#\/schema\/logo\/image\/\"},\"sameAs\":[\"https:\/\/www.instagram.com\/skinglam.si\"]}]}<\/script>\n<!-- \/ Yoast SEO plugin. -->","yoast_head_json":{"title":"Arencia Fresh Blue Hyssop Rice Mochi Cleanser 120g - Skin Glam","description":"Arencia Fresh Blue Hyssop Rice Mochi Cleanser purifies pores, controls oil, and soothes acne-prone skin with a mochi-like texture.","robots":{"index":"index","follow":"follow","max-snippet":"max-snippet:-1","max-image-preview":"max-image-preview:large","max-video-preview":"max-video-preview:-1"},"canonical":"https:\/\/skinglam.eu\/sl\/izdelek\/arencia-fresh-blue-hyssop-rice-mochi-cleanser-120g\/","og_locale":"sl_SI","og_type":"article","og_title":"Arencia Fresh Blue Hyssop Rice Mochi Cleanser 120g - Skin Glam","og_description":"Arencia Fresh Blue Hyssop Rice Mochi Cleanser purifies pores, controls oil, and soothes acne-prone skin with a mochi-like texture.","og_url":"https:\/\/skinglam.eu\/sl\/izdelek\/arencia-fresh-blue-hyssop-rice-mochi-cleanser-120g\/","og_site_name":"Skin Glam","article_publisher":"https:\/\/www.instagram.com\/skinglam.si","article_modified_time":"2026-04-18T10:26:01+00:00","og_image":[{"width":1500,"height":1500,"url":"https:\/\/skinglam.eu\/wp-content\/uploads\/2025\/10\/arenciabluehyssopricemochicleanserskinglam.webp","type":"image\/webp"}],"twitter_card":"summary_large_image","twitter_misc":{"Est. reading time":"1 minuta"},"schema":{"@context":"https:\/\/schema.org","@graph":[{"@type":"WebPage","@id":"https:\/\/skinglam.eu\/product\/arencia-fresh-blue-hyssop-rice-mochi-cleanser-120g\/","url":"https:\/\/skinglam.eu\/product\/arencia-fresh-blue-hyssop-rice-mochi-cleanser-120g\/","name":"Arencia Fresh Blue Hyssop Rice Mochi Cleanser 120g - Skin Glam","isPartOf":{"@id":"https:\/\/skinglam.eu\/hr\/#website"},"primaryImageOfPage":{"@id":"https:\/\/skinglam.eu\/product\/arencia-fresh-blue-hyssop-rice-mochi-cleanser-120g\/#primaryimage"},"image":{"@id":"https:\/\/skinglam.eu\/product\/arencia-fresh-blue-hyssop-rice-mochi-cleanser-120g\/#primaryimage"},"thumbnailUrl":"https:\/\/skinglam.eu\/wp-content\/uploads\/2025\/10\/arenciabluehyssopricemochicleanserskinglam.webp","datePublished":"2025-10-11T14:51:04+00:00","dateModified":"2026-04-18T10:26:01+00:00","description":"Arencia Fresh Blue Hyssop Rice Mochi Cleanser purifies pores, controls oil, and soothes acne-prone skin with a mochi-like texture.","breadcrumb":{"@id":"https:\/\/skinglam.eu\/product\/arencia-fresh-blue-hyssop-rice-mochi-cleanser-120g\/#breadcrumb"},"inLanguage":"sl-SI","potentialAction":[{"@type":"ReadAction","target":["https:\/\/skinglam.eu\/product\/arencia-fresh-blue-hyssop-rice-mochi-cleanser-120g\/"]}]},{"@type":"ImageObject","inLanguage":"sl-SI","@id":"https:\/\/skinglam.eu\/product\/arencia-fresh-blue-hyssop-rice-mochi-cleanser-120g\/#primaryimage","url":"https:\/\/skinglam.eu\/wp-content\/uploads\/2025\/10\/arenciabluehyssopricemochicleanserskinglam.webp","contentUrl":"https:\/\/skinglam.eu\/wp-content\/uploads\/2025\/10\/arenciabluehyssopricemochicleanserskinglam.webp","width":1500,"height":1500,"caption":"Arencia Fresh Blue Hyssop Rice Mochi Cleanser \u2013 a mochi\u2011texture formula that purifies pores, controls oil, and brightens skin"},{"@type":"BreadcrumbList","@id":"https:\/\/skinglam.eu\/product\/arencia-fresh-blue-hyssop-rice-mochi-cleanser-120g\/#breadcrumb","itemListElement":[{"@type":"ListItem","position":1,"name":"Home","item":"https:\/\/skinglam.eu\/"},{"@type":"ListItem","position":2,"name":"Shop","item":"https:\/\/skinglam.eu\/hr\/shop\/"},{"@type":"ListItem","position":3,"name":"Arencia Fresh Blue Hyssop Rice Mochi Cleanser 120g"}]},{"@type":"WebSite","@id":"https:\/\/skinglam.eu\/hr\/#website","url":"https:\/\/skinglam.eu\/hr\/","name":"Skin Glam","description":"K-beauty Shop","publisher":{"@id":"https:\/\/skinglam.eu\/hr\/#organization"},"potentialAction":[{"@type":"SearchAction","target":{"@type":"EntryPoint","urlTemplate":"https:\/\/skinglam.eu\/hr\/?s={search_term_string}"},"query-input":{"@type":"PropertyValueSpecification","valueRequired":true,"valueName":"search_term_string"}}],"inLanguage":"sl-SI"},{"@type":"Organization","@id":"https:\/\/skinglam.eu\/hr\/#organization","name":"SkinGlam d.o.o.","url":"https:\/\/skinglam.eu\/hr\/","logo":{"@type":"ImageObject","inLanguage":"sl-SI","@id":"https:\/\/skinglam.eu\/hr\/#\/schema\/logo\/image\/","url":"https:\/\/skinglam.eu\/wp-content\/uploads\/2024\/09\/logo.jpg","contentUrl":"https:\/\/skinglam.eu\/wp-content\/uploads\/2024\/09\/logo.jpg","width":883,"height":833,"caption":"SkinGlam d.o.o."},"image":{"@id":"https:\/\/skinglam.eu\/hr\/#\/schema\/logo\/image\/"},"sameAs":["https:\/\/www.instagram.com\/skinglam.si"]}]}},"_links":{"self":[{"href":"https:\/\/skinglam.eu\/sl\/wp-json\/wp\/v2\/product\/5265","targetHints":{"allow":["GET"]}}],"collection":[{"href":"https:\/\/skinglam.eu\/sl\/wp-json\/wp\/v2\/product"}],"about":[{"href":"https:\/\/skinglam.eu\/sl\/wp-json\/wp\/v2\/types\/product"}],"replies":[{"embeddable":true,"href":"https:\/\/skinglam.eu\/sl\/wp-json\/wp\/v2\/comments?post=5265"}],"version-history":[{"count":2,"href":"https:\/\/skinglam.eu\/sl\/wp-json\/wp\/v2\/product\/5265\/revisions"}],"predecessor-version":[{"id":5481,"href":"https:\/\/skinglam.eu\/sl\/wp-json\/wp\/v2\/product\/5265\/revisions\/5481"}],"wp:featuredmedia":[{"embeddable":true,"href":"https:\/\/skinglam.eu\/sl\/wp-json\/wp\/v2\/media\/5266"}],"wp:attachment":[{"href":"https:\/\/skinglam.eu\/sl\/wp-json\/wp\/v2\/media?parent=5265"}],"wp:term":[{"taxonomy":"brand","embeddable":true,"href":"https:\/\/skinglam.eu\/sl\/wp-json\/wp\/v2\/etheme_brands?post=5265"},{"taxonomy":"product_cat","embeddable":true,"href":"https:\/\/skinglam.eu\/sl\/wp-json\/wp\/v2\/product_cat?post=5265"},{"taxonomy":"product_tag","embeddable":true,"href":"https:\/\/skinglam.eu\/sl\/wp-json\/wp\/v2\/product_tag?post=5265"}],"curies":[{"name":"wp","href":"https:\/\/api.w.org\/{rel}","templated":true}]}}